{"id":10,"date":"2022-06-07T21:39:16","date_gmt":"2022-06-07T21:39:16","guid":{"rendered":"https:\/\/oncourt.online\/?page_id=10"},"modified":"2026-01-08T02:56:26","modified_gmt":"2026-01-08T02:56:26","slug":"refund-returns","status":"publish","type":"page","link":"https:\/\/oncourt.online\/lt\/refund-returns\/","title":{"rendered":"Gr\u0105\u017einimo ir gr\u0105\u017einimo politika"},"content":{"rendered":"<div class=\"gb-element-a4b81a66\"><div class=\"gb-container gb-container-16508648\"><div class=\"gb-inside-container\">\n\n<h1 class=\"gb-text\">Gr\u0105\u017einimo ir gr\u0105\u017einimo politika<\/h1>\n\n\n\n<p class=\"gb-headline gb-headline-a63af49e gb-headline-text\">Tikim\u0117s, kad visi OnCourt klientai yra patenkinti savo pirkiniu. Kartais d\u0117l bet kokios prie\u017easties galite b\u016bti ne visi\u0161kai patenkinti. Tokiu atveju galite gr\u0105\u017einti \u012fsigytas prekes ir gauti vis\u0105 pinig\u0173 gr\u0105\u017einim\u0105, parduotuv\u0117s kredit\u0105 arba keitim\u0105.<\/p>\n\n\n\n<h2 class=\"gb-headline gb-headline-04e28294 gb-headline-text\">Ap\u017evalga<\/h2>\n\n\n\n<p class=\"gb-headline gb-headline-5b665cdd gb-headline-text\">M\u016bs\u0173 gr\u0105\u017einimo ir gr\u0105\u017einimo politika galioja 28 dienas. Apie savo ketinim\u0105 gr\u0105\u017einti prekes turite prane\u0161ti mums el. pa\u0161tu per 28 dienas nuo j\u0173 gavimo. Jei nuo pirkimo pra\u0117jo daugiau nei 28 dienos, negal\u0117sime Jums pasi\u016blyti visi\u0161ko gr\u0105\u017einimo ar keitimo.<\/p>\n\n\n\n<p class=\"gb-headline gb-headline-69f3bcdd gb-headline-text\">Kad prek\u0117 b\u016bt\u0173 gr\u0105\u017einta, ji turi b\u016bti nenaudota ir tokia pat b\u016bkl\u0117, kokia buvo gauta. Ji taip pat turi b\u016bti originalioje pakuot\u0117je.<\/p>\n\n\n\n<p class=\"gb-headline gb-headline-23bde10c gb-headline-text\">Individualiai spausdinti arba da\u017eyti kort\u0173 pavir\u0161iai negali b\u016bti gr\u0105\u017einami. <\/p>\n\n\n\n<p class=\"gb-headline gb-headline-1cc6618d gb-headline-text\">Nor\u0117dami u\u017ebaigti gr\u0105\u017einim\u0105, pra\u0161ome pateikti pirkimo kvit\u0105 arba pirkimo \u012frodym\u0105.<\/p>\n\n\n\n<p class=\"gb-headline gb-headline-cae31263 gb-headline-text\">Pra\u0161ome nesi\u0173sti savo pirkimo atgal gamintojui.<\/p>\n\n\n\n<p class=\"gb-headline gb-headline-a9909ab1 gb-headline-text\">Yra tam tikros situacijos, kai gr\u0105\u017einama tik dalis sumos:<\/p>\n\n\n\n<ul class=\"wp-block-list\">\n<li>Produktai su akivaizd\u017eiais naudojimo po\u017eymiais<\/li>\n\n\n\n<li>Bet kuris daiktas, kuris n\u0117ra originalioje b\u016bkl\u0117je, yra pa\u017eeistas arba tr\u016bksta dali\u0173 d\u0117l prie\u017eas\u010di\u0173, nesusijusi\u0173 su gamintojo ar montuotojo klaida.<\/li>\n\n\n\n<li>Bet kuris daiktas, kuris gr\u0105\u017einamas pra\u0117jus daugiau nei 28 dienoms po pristatymo<\/li>\n<\/ul>\n\n\n\n<h3 class=\"gb-headline gb-headline-b1c33d39 gb-headline-text\">Gr\u0105\u017einimai<\/h3>\n\n\n\n<p class=\"gb-headline gb-headline-db2e4daa gb-headline-text\">Kai gausime ir patikrinsime j\u016bs\u0173 gr\u0105\u017einam\u0105 prek\u0119, i\u0161si\u0173sime jums el. lai\u0161k\u0105, kad prane\u0161tume apie tai, jog gavome j\u016bs\u0173 gr\u0105\u017einam\u0105 prek\u0119. Taip pat prane\u0161ime jums apie gr\u0105\u017einamos sumos patvirtinim\u0105 arba atmetim\u0105.<\/p>\n\n\n\n<p class=\"gb-headline gb-headline-211c62b8 gb-headline-text\">Jei pra\u0161ymas bus patvirtintas, j\u016bs\u0173 gr\u0105\u017einama suma bus apdorota, o kreditas bus automati\u0161kai pervestas \u012f j\u016bs\u0173 kredito kortel\u0119 arba gr\u0105\u017eintas pirminiu mok\u0117jimo b\u016bdu per 14 dien\u0173.<\/p>\n\n\n\n<p class=\"gb-headline gb-headline-d56db316 gb-headline-text\"><b>V\u0117luojantys arba negauti gr\u0105\u017einimai<\/b><\/p>\n\n\n\n<p class=\"gb-headline gb-headline-948f340b gb-headline-text\">Jei dar negavote gr\u0105\u017einamosios i\u0161mokos, pirmiausia dar kart\u0105 patikrinkite savo banko s\u0105skait\u0105. Susisiekite su savo kredito kortel\u0117s bendrove, nes gali praeiti \u0161iek tiek laiko, kol gr\u0105\u017einamoji i\u0161moka bus oficialiai \u012fskaityta. Tada susisiekite su savo banku. Da\u017enai praeina \u0161iek tiek laiko, kol gr\u0105\u017einamoji i\u0161moka yra \u012fskaitoma.<\/p>\n\n\n\n<p class=\"gb-text gb-text-3b0fbb5a\">Jei atlikote visus \u0161iuos veiksmus, bet vis dar negavote gr\u0105\u017einamosios i\u0161mokos, susisiekite su mumis adresu info@oncourt.online.<\/p>\n\n\n\n<h3 class=\"gb-headline gb-headline-b446ed2a gb-headline-text\">Dovanos<\/h3>\n\n\n\n<p class=\"gb-headline gb-headline-9108d094 gb-headline-text\">Jei prek\u0117 buvo pa\u017eym\u0117ta kaip dovana, kai buvo \u012fsigyta ir i\u0161si\u0173sta tiesiai jums, gausite dovan\u0173 kredit\u0105 u\u017e gr\u0105\u017eintos prek\u0117s vert\u0119. Kai gr\u0105\u017einta prek\u0117 bus gauta, jums bus i\u0161si\u0173stas dovan\u0173 kuponas.<\/p>\n\n\n\n<p class=\"gb-headline gb-headline-5d3cf727 gb-headline-text\">Jei prek\u0117 nebuvo pa\u017eym\u0117ta kaip dovana j\u0105 perkant arba dovanojantis asmuo u\u017esakym\u0105 atsiunt\u0117 sau, kad v\u0117liau j\u012f perduot\u0173 jums, gr\u0105\u017einim\u0105 si\u0173sime dovanojan\u010diam asmeniui ir j\u012f informuosime apie gr\u0105\u017einim\u0105.<\/p>\n\n\n\n<h3 class=\"gb-headline gb-headline-ae81b763 gb-headline-text\">Pristatymas ir gr\u0105\u017einimas<\/h3>\n\n\n\n<p class=\"gb-headline gb-headline-fdc80127 gb-headline-text\">Nor\u0117dami gr\u0105\u017einti produkt\u0105, tur\u0117tum\u0117te j\u012f i\u0161si\u0173sti pa\u0161tu adresu: <\/p>\n\n\n\n<p class=\"gb-headline gb-headline-7d98ac82 gb-headline-text translation-block\"><strong>Produktai, \u012fsigyti Jungtin\u0117je Karalyst\u0117je ir Airijoje<\/strong>: Unit 11 Stonefield Park, Martins Lane, Chilbolton, Stockbridge SO20 6AL<\/p>\n\n\n\n<p class=\"gb-headline gb-headline-b68103aa gb-headline-text translation-block\"><strong>Produktai, \u012fsigyti \u017eemynin\u0117je Europoje<\/strong>: OnCourt EU, Industriepark-West 43, 9100, Sint-Niklass, Belgium<\/p>\n\n\n\n<p class=\"gb-headline gb-headline-c4eac7e0 gb-headline-text\">J\u016bs b\u016bsite atsakingi u\u017e savo prek\u0117s gr\u0105\u017einimo siuntimo i\u0161laidas. Siuntimo i\u0161laidos n\u0117ra gr\u0105\u017einamos. Jei gausite gr\u0105\u017einam\u0105 sum\u0105, gr\u0105\u017einimo siuntimo i\u0161laidos bus i\u0161skai\u010diuotos i\u0161 gr\u0105\u017einamos sumos.<\/p>\n\n\n\n<p>Priklausomai nuo to, kur gyvenate, laikas, per kur\u012f pakeistas produktas pasieks jus, gali skirtis.<\/p>\n\n\n\n<p class=\"gb-text-874a6c8e\"><span class=\"gb-shape\"><svg xmlns=\"http:\/\/www.w3.org\/2000\/svg\" viewbox=\"0 0 256 256\" fill=\"currentColor\"><path d=\"M221.66,133.66l-72,72a8,8,0,0,1-11.32-11.32L196.69,136H40a8,8,0,0,1,0-16H196.69L138.34,61.66a8,8,0,0,1,11.32-11.32l72,72A8,8,0,0,1,221.66,133.66Z\"><\/path><\/svg><\/span><span class=\"gb-text\"><strong><em><a href=\"https:\/\/oncourt.online\/lt\/pristatymas-pristatymas\/\">OnCourt pristatymo ir siuntimo informacija<\/a><\/em><\/strong><\/span><\/p>\n\n\n\n<h3 class=\"gb-headline gb-headline-df42cdb6 gb-headline-text\">Reikia pagalbos?<\/h3>\n\n\n\n<p class=\"translation-block\"><a href=\"https:\/\/oncourt.online\/lt\/contact\/\" target=\"_self\">Susisiekite su mumis<\/a> adresu info@oncourt.online\n, jei turite klausim\u0173 d\u0117l gr\u0105\u017einim\u0173 ar pinig\u0173 gr\u0105\u017einimo.<\/p>\n\n\n\n<p class=\"gb-text-41c0004e\"><span class=\"gb-shape\"><svg xmlns=\"http:\/\/www.w3.org\/2000\/svg\" viewbox=\"0 0 256 256\" fill=\"currentColor\"><path d=\"M221.66,133.66l-72,72a8,8,0,0,1-11.32-11.32L196.69,136H40a8,8,0,0,1,0-16H196.69L138.34,61.66a8,8,0,0,1,11.32-11.32l72,72A8,8,0,0,1,221.66,133.66Z\"><\/path><\/svg><\/span><span class=\"gb-text\">Turite klausim\u0173? <strong><em><a href=\"https:\/\/oncourt.online\/lt\/basketball-court-faq\/\">Apsilankykite OnCourt DUK<\/a><\/em><\/strong><\/span><\/p>\n\n<\/div><\/div><\/div>","protected":false},"excerpt":{"rendered":"<p> ... <a title=\"Gr\u0105\u017einimo ir gr\u0105\u017einimo politika\" class=\"read-more\" href=\"https:\/\/oncourt.online\/lt\/refund-returns\/\" aria-label=\"Read more about Refund and Returns Policy\">Skaityti daugiau<\/a><\/p>","protected":false},"author":2,"featured_media":6877,"parent":0,"menu_order":25,"comment_status":"closed","ping_status":"closed","template":"","meta":{"_acf_changed":false,"inline_featured_image":false,"footnotes":""},"class_list":{"0":"post-10","1":"page","2":"type-page","3":"status-publish","4":"has-post-thumbnail","6":"infinite-scroll-item","7":"no-featured-image-padding","8":"resize-featured-image"},"acf":[],"yoast_head":"<!-- This site is optimized with the Yoast SEO Premium plugin v26.8 (Yoast SEO v27.3) - https:\/\/yoast.com\/product\/yoast-seo-premium-wordpress\/ -->\n<title>Refund and Returns Policy - OnCourt Online<\/title>\n<meta name=\"description\" content=\"OnCourt Online refunds and returns policy. Cointact us with any questions you might have regarding refunds and returns.\" \/>\n<meta name=\"robots\" content=\"index, follow, max-snippet:-1, max-image-preview:large, max-video-preview:-1\" \/>\n<link rel=\"canonical\" href=\"https:\/\/oncourt.online\/lt\/refund-returns\/\" \/>\n<meta property=\"og:locale\" content=\"lt_LT\" \/>\n<meta property=\"og:type\" content=\"article\" \/>\n<meta property=\"og:title\" content=\"Refund and Returns Policy\" \/>\n<meta property=\"og:description\" content=\"OnCourt Online refunds and returns policy. Cointact us with any questions you might have regarding refunds and returns.\" \/>\n<meta property=\"og:url\" content=\"https:\/\/oncourt.online\/lt\/refund-returns\/\" \/>\n<meta property=\"og:site_name\" content=\"OnCourt Online\" \/>\n<meta property=\"article:publisher\" content=\"https:\/\/www.facebook.com\/oncourt.online\/\" \/>\n<meta property=\"article:modified_time\" content=\"2026-01-08T02:56:26+00:00\" \/>\n<meta property=\"og:image\" content=\"https:\/\/oncourt.online\/wp-content\/uploads\/2022\/05\/OnCourt-Shipping-and-Delivery-Header.jpg\" \/>\n\t<meta property=\"og:image:width\" content=\"1440\" \/>\n\t<meta property=\"og:image:height\" content=\"498\" \/>\n\t<meta property=\"og:image:type\" content=\"image\/jpeg\" \/>\n<meta name=\"twitter:card\" content=\"summary_large_image\" \/>\n<meta name=\"twitter:label1\" content=\"Est. reading time\" \/>\n\t<meta name=\"twitter:data1\" content=\"3 minut\u0117s\" \/>\n<!-- \/ Yoast SEO Premium plugin. -->","yoast_head_json":{"title":"Gr\u0105\u017einimo ir gr\u0105\u017einimo politika - OnCourt Online","description":"\u201eOnCourt Online\u201c gr\u0105\u017einimo ir gr\u0105\u017einimo politika. Jei turite klausim\u0173 d\u0117l gr\u0105\u017einimo ir gr\u0105\u017einimo, susisiekite su mumis.","robots":{"index":"index","follow":"follow","max-snippet":"max-snippet:-1","max-image-preview":"max-image-preview:large","max-video-preview":"max-video-preview:-1"},"canonical":"https:\/\/oncourt.online\/lt\/refund-returns\/","og_locale":"lt_LT","og_type":"article","og_title":"Refund and Returns Policy","og_description":"OnCourt Online refunds and returns policy. Cointact us with any questions you might have regarding refunds and returns.","og_url":"https:\/\/oncourt.online\/lt\/refund-returns\/","og_site_name":"OnCourt Online","article_publisher":"https:\/\/www.facebook.com\/oncourt.online\/","article_modified_time":"2026-01-08T02:56:26+00:00","og_image":[{"width":1440,"height":498,"url":"https:\/\/oncourt.online\/wp-content\/uploads\/2022\/05\/OnCourt-Shipping-and-Delivery-Header.jpg","type":"image\/jpeg"}],"twitter_card":"summary_large_image","twitter_misc":{"Est. reading time":"3 minut\u0117s"},"schema":{"@context":"https:\/\/schema.org","@graph":[{"@type":"WebPage","@id":"https:\/\/oncourt.online\/lt\/refund-returns\/","url":"https:\/\/oncourt.online\/lt\/refund-returns\/","name":"Gr\u0105\u017einimo ir gr\u0105\u017einimo politika - OnCourt Online","isPartOf":{"@id":"https:\/\/oncourt.online\/lt\/#website"},"primaryImageOfPage":{"@id":"https:\/\/oncourt.online\/lt\/refund-returns\/#primaryimage"},"image":{"@id":"https:\/\/oncourt.online\/lt\/refund-returns\/#primaryimage"},"thumbnailUrl":"https:\/\/oncourt.online\/wp-content\/uploads\/2022\/05\/OnCourt-Shipping-and-Delivery-Header.jpg","datePublished":"2022-06-07T21:39:16+00:00","dateModified":"2026-01-08T02:56:26+00:00","description":"\u201eOnCourt Online\u201c gr\u0105\u017einimo ir gr\u0105\u017einimo politika. Jei turite klausim\u0173 d\u0117l gr\u0105\u017einimo ir gr\u0105\u017einimo, susisiekite su mumis.","breadcrumb":{"@id":"https:\/\/oncourt.online\/lt\/refund-returns\/#breadcrumb"},"inLanguage":"lt-LT","potentialAction":[{"@type":"ReadAction","target":["https:\/\/oncourt.online\/lt\/refund-returns\/"]}]},{"@type":"ImageObject","inLanguage":"lt-LT","@id":"https:\/\/oncourt.online\/lt\/refund-returns\/#primaryimage","url":"https:\/\/oncourt.online\/wp-content\/uploads\/2022\/05\/OnCourt-Shipping-and-Delivery-Header.jpg","contentUrl":"https:\/\/oncourt.online\/wp-content\/uploads\/2022\/05\/OnCourt-Shipping-and-Delivery-Header.jpg","width":1440,"height":498,"caption":"Shipping & Delivery | OnCourt"},{"@type":"BreadcrumbList","@id":"https:\/\/oncourt.online\/lt\/refund-returns\/#breadcrumb","itemListElement":[{"@type":"ListItem","position":1,"name":"Home","item":"https:\/\/oncourt.online\/"},{"@type":"ListItem","position":2,"name":"Refund and Returns Policy"}]},{"@type":"WebSite","@id":"https:\/\/oncourt.online\/lt\/#website","url":"https:\/\/oncourt.online\/lt\/","name":"\"OnCourt Online","description":"Auk\u0161tos kokyb\u0117s krep\u0161inio aik\u0161tel\u0117s","publisher":{"@id":"https:\/\/oncourt.online\/lt\/#organization"},"potentialAction":[{"@type":"SearchAction","target":{"@type":"EntryPoint","urlTemplate":"https:\/\/oncourt.online\/lt\/?s={search_term_string}"},"query-input":{"@type":"PropertyValueSpecification","valueRequired":true,"valueName":"search_term_string"}}],"inLanguage":"lt-LT"},{"@type":"Organization","@id":"https:\/\/oncourt.online\/lt\/#organization","name":"\"OnCourt Online","url":"https:\/\/oncourt.online\/lt\/","logo":{"@type":"ImageObject","inLanguage":"lt-LT","@id":"https:\/\/oncourt.online\/lt\/#\/schema\/logo\/image\/","url":"https:\/\/oncourt.online\/wp-content\/uploads\/2021\/12\/Logo_OnCourt_Black.svg","contentUrl":"https:\/\/oncourt.online\/wp-content\/uploads\/2021\/12\/Logo_OnCourt_Black.svg","width":"1024","height":"1024","caption":"OnCourt Online"},"image":{"@id":"https:\/\/oncourt.online\/lt\/#\/schema\/logo\/image\/"},"sameAs":["https:\/\/www.facebook.com\/oncourt.online\/"],"email":"info@oncourt.online"}]}},"_links":{"self":[{"href":"https:\/\/oncourt.online\/lt\/wp-json\/wp\/v2\/pages\/10","targetHints":{"allow":["GET"]}}],"collection":[{"href":"https:\/\/oncourt.online\/lt\/wp-json\/wp\/v2\/pages"}],"about":[{"href":"https:\/\/oncourt.online\/lt\/wp-json\/wp\/v2\/types\/page"}],"author":[{"embeddable":true,"href":"https:\/\/oncourt.online\/lt\/wp-json\/wp\/v2\/users\/2"}],"replies":[{"embeddable":true,"href":"https:\/\/oncourt.online\/lt\/wp-json\/wp\/v2\/comments?post=10"}],"version-history":[{"count":0,"href":"https:\/\/oncourt.online\/lt\/wp-json\/wp\/v2\/pages\/10\/revisions"}],"wp:featuredmedia":[{"embeddable":true,"href":"https:\/\/oncourt.online\/lt\/wp-json\/wp\/v2\/media\/6877"}],"wp:attachment":[{"href":"https:\/\/oncourt.online\/lt\/wp-json\/wp\/v2\/media?parent=10"}],"curies":[{"name":"wp","href":"https:\/\/api.w.org\/{rel}","templated":true}]}}