{"id":6797,"date":"2022-05-26T13:42:42","date_gmt":"2022-05-26T13:42:42","guid":{"rendered":"https:\/\/oncourt.online\/?page_id=6797"},"modified":"2026-01-09T02:04:24","modified_gmt":"2026-01-09T02:04:24","slug":"spedizione-consegna","status":"publish","type":"page","link":"https:\/\/oncourt.online\/it\/shipping-delivery\/","title":{"rendered":"Spedizione e consegna"},"content":{"rendered":"<div class=\"gb-container gb-container-f34a8199\">\n<div class=\"gb-container gb-container-235943a7\">\n\n<h2 class=\"gb-headline gb-headline-88ee416e gb-headline-text\">Politica di spedizione di OnCourt Online<\/h2>\n\n\n\n<p class=\"gb-headline gb-headline-0924883b gb-headline-text not_last_text\">La spedizione e la consegna OnCourt dipendono dai prodotti scelti. In caso di acquisto di un kit campo, il canestro e i componenti vengono spediti il prima possibile per poter essere inclusi nella realizzazione del sottofondo. Le superfici del campo vengono prodotte e spedite dopo la preparazione, che attualmente richiede 10\u201312 settimane. <\/p>\n\n\n\n<p class=\"gb-text not_last_text\">La disponibilit\u00e0 della consegna varia in base al paese. Effettuiamo spedizioni solo verso le regioni selezionate visualizzate al checkout.<\/p>\n\n\n\n<p>Se il tuo paese non \u00e8 elencato e stai pianificando un progetto per un campo da basket, contattaci per valutare la fattibilit\u00e0. La disponibilit\u00e0 viene valutata caso per caso. <\/p>\n\n\n\n<h3 class=\"gb-headline gb-headline-3e94b795 gb-headline-text\">Superfici sportive modulari consegnate pronte per l\u2019installazione Plug &amp; Play<\/h3>\n\n\n\n<p class=\"gb-headline gb-headline-e71567d7 gb-headline-text not_last_text\">Le superfici del campo vengono spedite in pacchi pronti per una semplice installazione autonoma. Ogni campo viene consegnato su pallet, con piastrelle numerate e una mappa di riferimento (Le consegne residenziali sono a bordo strada).<\/p>\n\n\n\n<p class=\"translation-block\">Ogni campo sportivo modulare \u00e8 realizzato su ordinazione, <strong>con una produzione che richiede circa<\/strong> <strong>10\u201312 settimane<\/strong> dalla conferma dell\u2019ordine. I tempi di consegna variano in base alla localit\u00e0 e, una volta spedito, riceverai un aggiornamento con la data di arrivo stimata e il tracciamento (attivo dopo lo sdoganamento nel paese di destinazione). Tutti i dazi sono prepagati e le consegne avvengono con resa DDP (Delivered Duty Paid), senza costi nascosti.<\/p>\n\n\n<div class=\"gb-container gb-container-cfce094b\">\n\n<h2 class=\"gb-text\">Spedizione del prodotto<\/h2>\n\n\n\n<p>Unless otherwise stated, all orders from OnCourt are shipped via trusted common carriers. Products are dispatched brand new and in good condition, as advertised. Basketball systems are delivered via <strong>Curbside Delivery<\/strong>, which means your order will be delivered to the curb at the end of your driveway. Please note this service <strong>does not include installation, assembly, or packaging removal<\/strong>.<\/p>\n\n\n\n<h3 class=\"gb-headline gb-headline-bce52be2 gb-headline-text\">Modifiche dell\u2019indirizzo dopo la spedizione<\/h3>\n\n\n\n<p>Se l\u2019indirizzo di consegna viene modificato dopo che la spedizione \u00e8 stata ritirata dal vettore terrestre, ci\u00f2 \u00e8 considerato una rispedizione e comporta costi aggiuntivi.<\/p>\n\n\n\n<h3 class=\"gb-headline gb-headline-ab76306c gb-headline-text\">Delivery Schedule<\/h3>\n\n\n\n<p class=\"translation-block\">Le consegne avvengono generalmente <strong>dal luned\u00ec al venerd\u00ec, tra le 08:00 e le 18:00<\/strong>. Gli orari possono variare in base alla localit\u00e0, al percorso dell\u2019autista e a fattori imprevisti come traffico o condizioni meteo.<\/p>\n\n\n\n<h3 class=\"gb-headline gb-headline-d3e65b23 gb-headline-text\">Veicolo di consegna e accesso<\/h3>\n\n\n\n<p class=\"gb-text not_last_text translation-block\">Gli ordini al dettaglio vengono consegnati tramite <strong>veicoli per carichi pesanti (ad es. camion articolati)<\/strong> e includono generalmente una <strong>sponda idraulica<\/strong>. Il conducente \u00e8 responsabile dello scarico del prodotto e del posizionamento a bordo strada. Se vengono eseguiti servizi di consegna aggiuntivi, potrebbero essere applicati costi extra.<\/p>\n\n\n\n<p class=\"translation-block\">Si prega di verificare attentamente il documento di consegna per assicurarsi che <strong>non siano stati eseguiti servizi aggiuntivi<\/strong>. In caso contrario, OnCourt si riserva il diritto di <strong>addebitare tali costi<\/strong>.<\/p>\n\n\n\n<h3 class=\"wp-block-heading\" id=\"h-delivery-signature-amp-inspection\">Firma e ispezione alla consegna<\/h3>\n\n\n\n<p class=\"gb-text not_last_text translation-block\">Alla consegna \u00e8 richiesta una <strong>firma<\/strong>. \u00c8 necessario ispezionare l\u2019imballaggio <strong>prima di firmare<\/strong>. Se necessario, \u00e8 possibile aprire la scatola per verificare le condizioni del contenuto, in particolare i <strong>tabelloni in vetro<\/strong>, pi\u00f9 vulnerabili durante il trasporto.<\/p>\n\n\n\n<p>Se una qualsiasi parte della spedizione appare danneggiata:<\/p>\n\n\n\n<ul class=\"wp-block-list\">\n<li><strong>Do not refuse delivery.<\/strong><\/li>\n\n\n\n<li>Make clear notes on the delivery receipt describing the issue (e.g., <em>&#8220;Backboard shattered at time of delivery&#8221;<\/em>).<\/li>\n\n\n\n<li>Take clear <strong>photos of the damage<\/strong>.<\/li>\n\n\n\n<li>Email the signed receipt and photos to our support team and we\u2019ll send a <strong>replacement part<\/strong> immediately.<\/li>\n<\/ul>\n\n\n\n<p class=\"gb-text not_last_text\">In the meantime, you can continue with any setup steps that are unaffected (e.g., setting anchors and allowing concrete to cure).<\/p>\n\n\n\n<p>A signature is required for all deliveries. Receiver will be required to sign a delivery receipt and delivery will not occur without it.<\/p>\n\n\n\n<h3 class=\"gb-headline gb-headline-7838bbbd gb-headline-text\">Important Notes on Delivery<\/h3>\n\n\n\n<ul class=\"wp-block-list\">\n<li>All items leave our warehouse <strong>brand new and undamaged<\/strong>.<\/li>\n\n\n\n<li>If damage is not reported on the delivery receipt, you <strong>release the carrier from liability<\/strong> and may not be able to claim compensation.<\/li>\n\n\n\n<li><strong>Tempered glass<\/strong> does not crack \u2014 it shatters. If your backboard is broken, it will be in <strong>many small pieces<\/strong>, not cracked.<\/li>\n<\/ul>\n\n\n\n<p>For your protection, <strong>write \u201cSubject to Inspection\u201d next to your signature<\/strong> when signing for delivery.<\/p>\n\n\n\n<h3 class=\"gb-headline gb-headline-dd213a82 gb-headline-text\">Delivery Access<\/h3>\n\n\n\n<p>If your location cannot be accessed by a large delivery vehicle (e.g. narrow roads, steep drives, gated communities), you may need to:<\/p>\n\n\n\n<ul class=\"wp-block-list\">\n<li>Collect your order from a local terminal, or<\/li>\n\n\n\n<li>Arrange final delivery through a third-party courier.<\/li>\n<\/ul>\n\n\n\n<h3 class=\"gb-headline gb-headline-f4f6c8ad gb-headline-text\">Undeliverable Orders<\/h3>\n\n\n\n<p>If a shipment is returned as <strong>Undeliverable<\/strong> or <strong>Refused<\/strong>, a <strong>20% restocking fee<\/strong> will apply, and you will be responsible for any original shipping costs.<\/p>\n\n<\/div>\n\n\n<h3 class=\"gb-headline gb-headline-77bdb557 gb-headline-text\">Spedizione e dogana (ordini extra UE)<\/h3>\n\n\n\n<p class=\"gb-headline gb-headline-f02c1b4c gb-headline-text\">Per tutti gli ordini spediti <strong>al di fuori dell'Unione Europea<\/strong>:<\/p>\n\n\n\n<ul class=\"wp-block-list\">\n<li>I prezzi indicati al momento del pagamento non includono le tasse locali, i dazi doganali o le spese di sdoganamento.<\/li>\n\n\n\n<li>Tu sei l'importatore registrato e sei l'unico responsabile di eventuali spese al momento della consegna.<\/li>\n\n\n\n<li>OnCourt non riscuote n\u00e9 versa IVA\/GST, dazi doganali o tasse doganali per destinazioni extra UE.<\/li>\n\n\n\n<li>Il rifiuto o il mancato pagamento delle spese pu\u00f2 comportare ritardi, la restituzione o l'abbandono della spedizione. OnCourt non \u00e8 responsabile per eventuali costi o perdite derivanti e non rimborser\u00e0 le spese di spedizione o del prodotto in questi casi.<\/li>\n<\/ul>\n\n\n\n<p>Completando l'acquisto, l'utente riconosce e accetta le presenti condizioni.<\/p>\n\n<\/div>\n<\/div>\n\n<div class=\"gb-container gb-container-aedea16a\" id=\"megaslam-shipping\">\n<div class=\"gb-container gb-container-492b5ca3\">\n\n<h2 class=\"gb-headline gb-headline-65d8dcc4 gb-headline-text\">Consegna senza problemi del vostro Mega Slam Hoop <\/h2>\n\n\n\n<p class=\"gb-headline gb-headline-880344a0 gb-headline-text\">Quando ordini su oncourt.online, consegniamo il canestro direttamente al bordo strada \u2013 dal nostro magazzino, dal camion fino a casa tua, per non farti perdere tempo. Usa la nostra checklist a 5 punti per garantire una consegna senza problemi del tuo <a href=\"https:\/\/oncourt.online\/it\/canestri-da-basket\/\"><em><strong>Mega Slam Hoop<\/strong><\/em><\/a>. <\/p>\n\n\n\n<figure class=\"wp-block-image size-full is-resized\"><img loading=\"lazy\" decoding=\"async\" width=\"600\" height=\"600\" src=\"https:\/\/oncourt.online\/wp-content\/uploads\/2021\/10\/Mega-Slam-Hoop-s-Order-Confirmation.png\" alt=\"Mega Slam Hoops - Conferma d&#039;ordine\" class=\"wp-image-422\" style=\"width:150px;height:auto\" srcset=\"https:\/\/oncourt.online\/wp-content\/uploads\/2021\/10\/Mega-Slam-Hoop-s-Order-Confirmation.png 600w, https:\/\/oncourt.online\/wp-content\/uploads\/2021\/10\/Mega-Slam-Hoop-s-Order-Confirmation-100x100.png 100w, https:\/\/oncourt.online\/wp-content\/uploads\/2021\/10\/Mega-Slam-Hoop-s-Order-Confirmation-545x545.png 545w\" sizes=\"auto, (max-width: 600px) 100vw, 600px\" \/><\/figure>\n\n\n\n<h4 class=\"gb-headline gb-headline-8536b972 gb-headline-text\">1. Confermare l'ordine<\/h4>\n\n\n\n<p class=\"gb-headline gb-headline-9f1a5517 gb-headline-text\">Congratulazioni per l\u2019acquisto del tuo nuovo canestro! Controlla ora l\u2019email con i dettagli dell\u2019ordine. <\/p>\n\n\n\n<figure class=\"wp-block-image size-full is-resized\"><img loading=\"lazy\" decoding=\"async\" width=\"600\" height=\"600\" src=\"https:\/\/oncourt.online\/wp-content\/uploads\/2021\/10\/Mega-Slam-Hoops-Arrange-Delivery.png\" alt=\"Mega Slam Hoops - Organizzare la consegna\" class=\"wp-image-419\" style=\"width:150px;height:150px\" srcset=\"https:\/\/oncourt.online\/wp-content\/uploads\/2021\/10\/Mega-Slam-Hoops-Arrange-Delivery.png 600w, https:\/\/oncourt.online\/wp-content\/uploads\/2021\/10\/Mega-Slam-Hoops-Arrange-Delivery-100x100.png 100w, https:\/\/oncourt.online\/wp-content\/uploads\/2021\/10\/Mega-Slam-Hoops-Arrange-Delivery-545x545.png 545w\" sizes=\"auto, (max-width: 600px) 100vw, 600px\" \/><\/figure>\n\n\n\n<h4 class=\"gb-headline gb-headline-9bfe8bb5 gb-headline-text\">2. Spedizione e consegna <\/h4>\n\n\n\n<p class=\"gb-headline gb-headline-290fa9d6 gb-headline-text\">Riceverai una conferma della spedizione dell\u2019ordine, che includer\u00e0 i tempi di consegna previsti. <\/p>\n\n\n\n<figure class=\"wp-block-image size-full is-resized\"><img loading=\"lazy\" decoding=\"async\" width=\"600\" height=\"600\" src=\"https:\/\/oncourt.online\/wp-content\/uploads\/2021\/10\/Mega-Slam-Hoops-Curbside-Delivery.png\" alt=\"Canestri Mega Slam - Consegna a domicilio\" class=\"wp-image-420\" style=\"width:150px;height:150px\" srcset=\"https:\/\/oncourt.online\/wp-content\/uploads\/2021\/10\/Mega-Slam-Hoops-Curbside-Delivery.png 600w, https:\/\/oncourt.online\/wp-content\/uploads\/2021\/10\/Mega-Slam-Hoops-Curbside-Delivery-100x100.png 100w, https:\/\/oncourt.online\/wp-content\/uploads\/2021\/10\/Mega-Slam-Hoops-Curbside-Delivery-545x545.png 545w\" sizes=\"auto, (max-width: 600px) 100vw, 600px\" \/><\/figure>\n\n\n\n<h4 class=\"gb-headline gb-headline-111f7f0a gb-headline-text\">3. Prepara spazio per il tuo canestro<\/h4>\n\n\n\n<p class=\"gb-headline gb-headline-cdd4e7d1 gb-headline-text\">I sistemi da basket Mega Slam sono ingombranti (fino a 340 kg) e il pallet di spedizione occupa molto spazio alla consegna (Le consegne residenziali sono a bordo strada).<\/p>\n\n\n\n<figure class=\"wp-block-image size-full is-resized\"><img loading=\"lazy\" decoding=\"async\" width=\"600\" height=\"600\" src=\"https:\/\/oncourt.online\/wp-content\/uploads\/2021\/10\/Mega-Slam-Shipping-Boxes.png\" alt=\"Scatole di spedizione Mega Slam\" class=\"wp-image-421\" style=\"width:150px;height:150px\" srcset=\"https:\/\/oncourt.online\/wp-content\/uploads\/2021\/10\/Mega-Slam-Shipping-Boxes.png 600w, https:\/\/oncourt.online\/wp-content\/uploads\/2021\/10\/Mega-Slam-Shipping-Boxes-100x100.png 100w, https:\/\/oncourt.online\/wp-content\/uploads\/2021\/10\/Mega-Slam-Shipping-Boxes-545x545.png 545w\" sizes=\"auto, (max-width: 600px) 100vw, 600px\" \/><\/figure>\n\n\n\n<h4 class=\"gb-headline gb-headline-c4d17918 gb-headline-text\">4. Controlla la consegna del tuo canestro<\/h4>\n\n\n\n<p class=\"gb-headline gb-headline-b333a103 gb-headline-text\">In base alla dimensione del tuo ordine, assicurati che il numero corretto di scatole sia fissato a ciascun pallet (ogni sistema arriva su un solo pallet con scatole chiaramente numerate). Non preoccuparti se alcune scatole sono ammaccate o strappate. I nostri sistemi sono robusti e resistono a piccoli danni. <\/p>\n\n\n\n<figure class=\"wp-block-image size-full is-resized\"><img loading=\"lazy\" decoding=\"async\" width=\"600\" height=\"600\" src=\"https:\/\/oncourt.online\/wp-content\/uploads\/2021\/10\/Mega-Slam-Hoops-Signed-Delivery.png\" alt=\"Mega Slam Hoops - Consegna firmata\" class=\"wp-image-417\" style=\"width:150px;height:150px\" srcset=\"https:\/\/oncourt.online\/wp-content\/uploads\/2021\/10\/Mega-Slam-Hoops-Signed-Delivery.png 600w, https:\/\/oncourt.online\/wp-content\/uploads\/2021\/10\/Mega-Slam-Hoops-Signed-Delivery-100x100.png 100w, https:\/\/oncourt.online\/wp-content\/uploads\/2021\/10\/Mega-Slam-Hoops-Signed-Delivery-545x545.png 545w\" sizes=\"auto, (max-width: 600px) 100vw, 600px\" \/><\/figure>\n\n\n\n<h4 class=\"gb-headline gb-headline-f3ff4626 gb-headline-text\">5. Firma per accettare la consegna<\/h4>\n\n\n\n<p class=\"gb-headline gb-headline-0e5ad3a7 gb-headline-text\">Il tuo corriere ti chieder\u00e0 ora una firma per consegnare il sistema da basket. Se ci sono danni visibili alle scatole (o al sistema), segnalali sul documento di consegna e scatta delle foto prima di firmare.<br>Se uno o pi\u00f9 articoli sono danneggiati, accetta la consegna e contattaci immediatamente. Includi eventuali foto nell\u2019e-mail e provvederemo rapidamente alla spedizione dei ricambi. <\/p>\n\n\n\n<figure class=\"wp-block-image size-full is-resized\"><img loading=\"lazy\" decoding=\"async\" width=\"750\" height=\"750\" src=\"https:\/\/oncourt.online\/wp-content\/uploads\/2021\/10\/MegaDlam-Installation-Dig-and-Pour.png\" alt=\"\" class=\"wp-image-319\" style=\"width:188px;height:188px\" srcset=\"https:\/\/oncourt.online\/wp-content\/uploads\/2021\/10\/MegaDlam-Installation-Dig-and-Pour.png 750w, https:\/\/oncourt.online\/wp-content\/uploads\/2021\/10\/MegaDlam-Installation-Dig-and-Pour-100x100.png 100w, https:\/\/oncourt.online\/wp-content\/uploads\/2021\/10\/MegaDlam-Installation-Dig-and-Pour-545x545.png 545w\" sizes=\"auto, (max-width: 750px) 100vw, 750px\" \/><\/figure>\n\n\n\n<h3 class=\"gb-headline gb-headline-a22b1bbf gb-headline-text\">Installazione<\/h3>\n\n\n\n<p class=\"gb-headline gb-headline-507bcc99 gb-headline-text\">Una volta ricevuto il canestro, \u00e8 il momento di<a href=\"https:\/\/oncourt.online\/it\/guide\/installazione\/guida-installazione-canestro-basket\/\"> <em><strong>installare il tuo Mega Slam Hoop<\/strong><\/em><\/a>.<\/p>\n\n<\/div>\n<\/div>","protected":false},"excerpt":{"rendered":"<p> \u2026 <a title=\"Spedizione e consegna\" class=\"read-more\" href=\"https:\/\/oncourt.online\/it\/shipping-delivery\/\" aria-label=\"Per saperne di pi\u00f9 su Shipping And Delivery\">Per saperne di pi\u00f9<\/a><\/p>","protected":false},"author":2,"featured_media":6877,"parent":0,"menu_order":24,"comment_status":"closed","ping_status":"closed","template":"","meta":{"_acf_changed":false,"inline_featured_image":false,"footnotes":""},"class_list":{"0":"post-6797","1":"page","2":"type-page","3":"status-publish","4":"has-post-thumbnail","6":"infinite-scroll-item","7":"no-featured-image-padding","8":"resize-featured-image"},"acf":[],"yoast_head":"<!-- This site is optimized with the Yoast SEO Premium plugin v26.8 (Yoast SEO v27.3) - https:\/\/yoast.com\/product\/yoast-seo-premium-wordpress\/ -->\n<title>Shipping &amp; Delivery Information | OnCourt<\/title>\n<meta name=\"description\" content=\"Shipping and delivery information, including delivery methods, access planning, handling advice, and important notes for OnCourt orders.\" \/>\n<meta name=\"robots\" content=\"index, follow, max-snippet:-1, max-image-preview:large, max-video-preview:-1\" \/>\n<link rel=\"canonical\" href=\"https:\/\/oncourt.online\/it\/spedizione-consegna\/\" \/>\n<meta property=\"og:locale\" content=\"it_IT\" \/>\n<meta property=\"og:type\" content=\"article\" \/>\n<meta property=\"og:title\" content=\"Shipping And Delivery\" \/>\n<meta property=\"og:description\" content=\"Shipping and delivery information, including delivery methods, access planning, handling advice, and important notes for OnCourt orders.\" \/>\n<meta property=\"og:url\" content=\"https:\/\/oncourt.online\/it\/spedizione-consegna\/\" \/>\n<meta property=\"og:site_name\" content=\"OnCourt Online\" \/>\n<meta property=\"article:publisher\" content=\"https:\/\/www.facebook.com\/oncourt.online\/\" \/>\n<meta property=\"article:modified_time\" content=\"2026-01-09T02:04:24+00:00\" \/>\n<meta property=\"og:image\" content=\"https:\/\/oncourt.online\/wp-content\/uploads\/2022\/05\/OnCourt-Shipping-and-Delivery-Header.jpg\" \/>\n\t<meta property=\"og:image:width\" content=\"1440\" \/>\n\t<meta property=\"og:image:height\" content=\"498\" \/>\n\t<meta property=\"og:image:type\" content=\"image\/jpeg\" \/>\n<meta name=\"twitter:card\" content=\"summary_large_image\" \/>\n<meta name=\"twitter:label1\" content=\"Tempo di lettura stimato\" \/>\n\t<meta name=\"twitter:data1\" content=\"6 minuti\" \/>\n<!-- \/ Yoast SEO Premium plugin. -->","yoast_head_json":{"title":"Informazioni su Spedizione e Consegna | OnCourt","description":"Informazioni su spedizione e consegna, incluse le modalit\u00e0 di consegna, la pianificazione degli accessi, i consigli di movimentazione e le note importanti per gli ordini OnCourt.","robots":{"index":"index","follow":"follow","max-snippet":"max-snippet:-1","max-image-preview":"max-image-preview:large","max-video-preview":"max-video-preview:-1"},"canonical":"https:\/\/oncourt.online\/it\/spedizione-consegna\/","og_locale":"it_IT","og_type":"article","og_title":"Shipping And Delivery","og_description":"Shipping and delivery information, including delivery methods, access planning, handling advice, and important notes for OnCourt orders.","og_url":"https:\/\/oncourt.online\/it\/spedizione-consegna\/","og_site_name":"OnCourt Online","article_publisher":"https:\/\/www.facebook.com\/oncourt.online\/","article_modified_time":"2026-01-09T02:04:24+00:00","og_image":[{"width":1440,"height":498,"url":"https:\/\/oncourt.online\/wp-content\/uploads\/2022\/05\/OnCourt-Shipping-and-Delivery-Header.jpg","type":"image\/jpeg"}],"twitter_card":"summary_large_image","twitter_misc":{"Tempo di lettura stimato":"6 minuti"},"schema":{"@context":"https:\/\/schema.org","@graph":[{"@type":"WebPage","@id":"https:\/\/oncourt.online\/it\/shipping-delivery\/","url":"https:\/\/oncourt.online\/it\/shipping-delivery\/","name":"Informazioni su Spedizione e Consegna | OnCourt","isPartOf":{"@id":"https:\/\/oncourt.online\/it\/#website"},"primaryImageOfPage":{"@id":"https:\/\/oncourt.online\/it\/shipping-delivery\/#primaryimage"},"image":{"@id":"https:\/\/oncourt.online\/it\/shipping-delivery\/#primaryimage"},"thumbnailUrl":"https:\/\/oncourt.online\/wp-content\/uploads\/2022\/05\/OnCourt-Shipping-and-Delivery-Header.jpg","datePublished":"2022-05-26T13:42:42+00:00","dateModified":"2026-01-09T02:04:24+00:00","description":"Informazioni su spedizione e consegna, incluse le modalit\u00e0 di consegna, la pianificazione degli accessi, i consigli di movimentazione e le note importanti per gli ordini OnCourt.","breadcrumb":{"@id":"https:\/\/oncourt.online\/it\/shipping-delivery\/#breadcrumb"},"inLanguage":"it-IT","potentialAction":[{"@type":"ReadAction","target":["https:\/\/oncourt.online\/it\/shipping-delivery\/"]}]},{"@type":"ImageObject","inLanguage":"it-IT","@id":"https:\/\/oncourt.online\/it\/shipping-delivery\/#primaryimage","url":"https:\/\/oncourt.online\/wp-content\/uploads\/2022\/05\/OnCourt-Shipping-and-Delivery-Header.jpg","contentUrl":"https:\/\/oncourt.online\/wp-content\/uploads\/2022\/05\/OnCourt-Shipping-and-Delivery-Header.jpg","width":1440,"height":498,"caption":"Shipping & Delivery | OnCourt"},{"@type":"BreadcrumbList","@id":"https:\/\/oncourt.online\/it\/shipping-delivery\/#breadcrumb","itemListElement":[{"@type":"ListItem","position":1,"name":"Home","item":"https:\/\/oncourt.online\/"},{"@type":"ListItem","position":2,"name":"Shipping And Delivery"}]},{"@type":"WebSite","@id":"https:\/\/oncourt.online\/it\/#website","url":"https:\/\/oncourt.online\/it\/","name":"OnCourt online","description":"Campi da basket ad alte prestazioni","publisher":{"@id":"https:\/\/oncourt.online\/it\/#organization"},"potentialAction":[{"@type":"SearchAction","target":{"@type":"EntryPoint","urlTemplate":"https:\/\/oncourt.online\/it\/?s={search_term_string}"},"query-input":{"@type":"PropertyValueSpecification","valueRequired":true,"valueName":"search_term_string"}}],"inLanguage":"it-IT"},{"@type":"Organization","@id":"https:\/\/oncourt.online\/it\/#organization","name":"OnCourt online","url":"https:\/\/oncourt.online\/it\/","logo":{"@type":"ImageObject","inLanguage":"it-IT","@id":"https:\/\/oncourt.online\/it\/#\/schema\/logo\/image\/","url":"https:\/\/oncourt.online\/wp-content\/uploads\/2021\/12\/Logo_OnCourt_Black.svg","contentUrl":"https:\/\/oncourt.online\/wp-content\/uploads\/2021\/12\/Logo_OnCourt_Black.svg","width":"1024","height":"1024","caption":"OnCourt Online"},"image":{"@id":"https:\/\/oncourt.online\/it\/#\/schema\/logo\/image\/"},"sameAs":["https:\/\/www.facebook.com\/oncourt.online\/"],"email":"info@oncourt.online"}]}},"_links":{"self":[{"href":"https:\/\/oncourt.online\/it\/wp-json\/wp\/v2\/pages\/6797","targetHints":{"allow":["GET"]}}],"collection":[{"href":"https:\/\/oncourt.online\/it\/wp-json\/wp\/v2\/pages"}],"about":[{"href":"https:\/\/oncourt.online\/it\/wp-json\/wp\/v2\/types\/page"}],"author":[{"embeddable":true,"href":"https:\/\/oncourt.online\/it\/wp-json\/wp\/v2\/users\/2"}],"replies":[{"embeddable":true,"href":"https:\/\/oncourt.online\/it\/wp-json\/wp\/v2\/comments?post=6797"}],"version-history":[{"count":0,"href":"https:\/\/oncourt.online\/it\/wp-json\/wp\/v2\/pages\/6797\/revisions"}],"wp:featuredmedia":[{"embeddable":true,"href":"https:\/\/oncourt.online\/it\/wp-json\/wp\/v2\/media\/6877"}],"wp:attachment":[{"href":"https:\/\/oncourt.online\/it\/wp-json\/wp\/v2\/media?parent=6797"}],"curies":[{"name":"wp","href":"https:\/\/api.w.org\/{rel}","templated":true}]}}