{"id":80,"date":"2021-10-19T20:14:24","date_gmt":"2021-10-19T20:14:24","guid":{"rendered":"https:\/\/oncourt.online\/?page_id=80"},"modified":"2026-01-07T15:32:24","modified_gmt":"2026-01-07T15:32:24","slug":"rolunk","status":"publish","type":"page","link":"https:\/\/oncourt.online\/hu\/about\/","title":{"rendered":"Az OnCourtr\u00f3l"},"content":{"rendered":"<h2 class=\"gb-text\">A kos\u00e1rlabda k\u00f6r\u00e9 \u00e9p\u00edtve<\/h2>\n\n\n\n<p class=\"gb-text gb-text-81affc46\">Az OnCourt nagy teljes\u00edtm\u00e9ny\u0171 kos\u00e1rlabdap\u00e1ly\u00e1kat tervez \u00e9s sz\u00e1ll\u00edt otthonok, klubok \u00e9s l\u00e9tes\u00edtm\u00e9nyek sz\u00e1m\u00e1ra eg\u00e9sz Eur\u00f3p\u00e1ban. Azokra az alapvet\u0151 elemekre \u00f6sszpontos\u00edtunk, amelyek a p\u00e1ly\u00e1n a legfontosabbak \u2013 a burkolat teljes\u00edtm\u00e9ny\u00e9re, a pontos elrendez\u00e9sre, a tart\u00f3s felszerel\u00e9sre \u00e9s az \u00e1tgondolt tervez\u00e9sre \u2013, professzion\u00e1lis sz\u00ednvonalat biztos\u00edtva minden projekt eset\u00e9ben, m\u00e9rett\u0151l f\u00fcggetlen\u00fcl.<\/p>\n\n\n\n<p class=\"gb-text\">A kos\u00e1rlabda sz\u00e1munkra nem kieg\u00e9sz\u00edt\u0151. Ez mindannak az alapja, amit \u00e9p\u00edt\u00fcnk.<\/p>\n\n\n\n<p class=\"gb-text translation-block\"><strong><em><a href=\"https:\/\/oncourt.online\/hu\/3d-kosarlabdapalya-tervezo\/\" target=\"_self\">Tervezze meg kos\u00e1rlabdap\u00e1ly\u00e1j\u00e1t 3D-ben<\/a><\/em><\/strong>, hogy m\u00e9g az \u00e9p\u00edt\u00e9s el\u0151tt megismerje az elrendez\u00e9st, a sz\u00edneket, a felfest\u00e9seket \u00e9s a felszerel\u00e9st.<\/p>\n\n\n\n<h3 class=\"gb-headline gb-headline-ccfedaf1 gb-headline-text\">Szak\u00e9rt\u0151k, nem \u00e1ltal\u00e1nos szolg\u00e1ltat\u00f3k<\/h3>\n\n\n\n<p class=\"gb-text gb-text-8c945255\">Az \u00e1ltal\u00e1nos sportburkolat-besz\u00e1ll\u00edt\u00f3kkal ellent\u00e9tben az OnCourt kiz\u00e1r\u00f3lag a kos\u00e1rlabd\u00e1ra \u00f6sszpontos\u00edt. Term\u00e9kk\u00edn\u00e1latunkat, \u00fatmutat\u00f3inkat \u00e9s tervez\u0151eszk\u00f6zeinket kifejezetten a j\u00e1t\u00e9k saj\u00e1toss\u00e1gai k\u00f6r\u00e9 fejlesztett\u00fck \u2013 a l\u00e1bmunk\u00e1t\u00f3l \u00e9s a labda visszapattan\u00e1s\u00e1t\u00f3l kezdve a p\u00e1lyam\u00e9reteken \u00e1t eg\u00e9szen a pal\u00e1nkok elhelyez\u00e9s\u00e9ig.<\/p>\n\n\n\n<p class=\"gb-text\">Ez a f\u00f3kusz lehet\u0151v\u00e9 teszi sz\u00e1munkra, hogy vil\u00e1gosabb tan\u00e1csokat, jobb term\u00e9kp\u00e1ros\u00edt\u00e1st \u00e9s pontosabb tervez\u00e9st k\u00edn\u00e1ljunk, mint a t\u00f6bb sport\u00e1gra specializ\u00e1l\u00f3dott szolg\u00e1ltat\u00f3k.<\/p>\n\n\n\n<h3 class=\"gb-headline gb-headline-ea969289 gb-headline-text\">Design First. Build With Confidence<\/h3>\n\n\n\n<p class=\"gb-text gb-text-ddbfc979\">Fiecare teren \u00eencepe cu un plan. Platforma de proiectare 3D a terenurilor OnCourt le permite clien\u021bilor s\u0103 configureze layout-uri, s\u0103 exploreze scheme de culori, s\u0103 aleag\u0103 suprafe\u021bele \u0219i s\u0103 specifice panourile \u00eenainte de a se angaja \u00eentr-o construc\u021bie. Rezultatul este o \u00een\u021belegere mai clar\u0103 a spa\u021biului, performan\u021bei \u0219i costurilor, pentru un parcurs mai fluid de la concept la instalare.<\/p>\n\n\n\n<p class=\"gb-text\">Az azonnali \u00e1raz\u00e1s, a pontos elrendez\u00e9sek \u00e9s a megoszthat\u00f3 tervek m\u00e1r a folyamat elej\u00e9n megsz\u00fcntetik a bizonytalans\u00e1got.<\/p>\n\n\n\n<h3 class=\"gb-headline gb-headline-c16bc7a6 gb-headline-text\">Proven Products, Engineered to Last<\/h3>\n\n\n\n<p class=\"gb-text gb-text-9ce3da67\">Az OnCourt pr\u00e9mium min\u0151s\u00e9g\u0171, modul\u00e1ris kos\u00e1rlabdapadl\u00f3kat \u00e9s professzion\u00e1lis Mega Slam pal\u00e1nkokat k\u00edn\u00e1l. Felszerel\u00e9seinket a tart\u00f3ss\u00e1g, a stabilit\u00e1s \u00e9s a hossz\u00fa t\u00e1v\u00fa teljes\u00edtm\u00e9ny alapj\u00e1n v\u00e1lasztjuk ki. Lakoss\u00e1gi f\u00e9lp\u00e1ly\u00e1kt\u00f3l klubok \u00e9s kereskedelmi l\u00e9tes\u00edtm\u00e9nyek megold\u00e1saiig rendszereinket kompromisszummentes, intenz\u00edv j\u00e1t\u00e9kra tervezt\u00fck.<\/p>\n\n\n\n<p class=\"gb-text\">Nem k\u00f6vetj\u00fck a trendeket. Az anyagokra, a m\u00e9rn\u00f6ki megold\u00e1sokra \u00e9s a megb\u00edzhat\u00f3s\u00e1gra \u00f6sszpontos\u00edtunk.<\/p>\n\n\n\n<p>OnCourt supply premium outdoor surfaces alongside proven <strong><em><a href=\"https:\/\/oncourt.online\/hu\/kosarlabda-karikak\/\">Mega Slam basketball hoops<\/a><\/em><\/strong> and court equipment, chosen to work together as a complete system.<\/p>\n\n\n\n<h3 class=\"gb-headline gb-headline-5efdb362 gb-headline-text\">Guidance You Can Trust<\/h3>\n\n\n\n<p class=\"gb-text gb-text-f96f3624\">Building a basketball court involves more than choosing products. Through our Guides, we provide clear, practical advice on layouts, flooring options, lighting, installation and planning, to help customers make informed decisions at every stage.<\/p>\n\n\n\n<p class=\"gb-text\">Whether you\u2019re building your first home court or specifying a facility for multiple users, our goal is to replace guesswork with confidence.<\/p>\n\n\n\n<p><strong><em><a href=\"https:\/\/oncourt.online\/hu\/utmutatok\/\">Explore our basketball court guides<\/a><\/em><\/strong> to understand layouts, surfaces, equipment, and installation before committing.<\/p>\n\n\n\n<h3 class=\"gb-text\">Across Europe &amp; Beyond<\/h3>\n\n\n\n<p class=\"gb-text\">OnCourt supports projects across Europe, working with private customers, clubs, schools and commercial partners. Our experience spans different site conditions, regulations and use cases, allowing us to adapt solutions without compromising performance.<\/p>\n\n\n\n<div class=\"gb-element-cb14beec\">\n<h3 class=\"gb-text\">The OnCourt Approach<\/h3>\n\n\n\n<p class=\"gb-text\">If you\u2019re planning a basketball court, at home or at scale, OnCourt exists to help you do it properly.<\/p>\n\n\n\n<p class=\"gb-text-7b6b1e25\"><span class=\"gb-shape\"><svg aria-hidden=\"true\" role=\"img\" height=\"1em\" width=\"1em\" viewbox=\"0 0 512 512\" xmlns=\"http:\/\/www.w3.org\/2000\/svg\"><path fill=\"currentColor\" d=\"M173.898 439.404l-166.4-166.4c-9.997-9.997-9.997-26.206 0-36.204l36.203-36.204c9.997-9.998 26.207-9.998 36.204 0L192 312.69 432.095 72.596c9.997-9.997 26.207-9.997 36.204 0l36.203 36.204c9.997 9.997 9.997 26.206 0 36.204l-294.4 294.401c-9.998 9.997-26.207 9.997-36.204-.001z\"><\/path><\/svg><\/span><span class=\"gb-text\">Basketball-first focus<\/span><\/p>\n\n\n\n<p class=\"gb-text-ee8810d5\"><span class=\"gb-shape\"><svg aria-hidden=\"true\" role=\"img\" height=\"1em\" width=\"1em\" viewbox=\"0 0 512 512\" xmlns=\"http:\/\/www.w3.org\/2000\/svg\"><path fill=\"currentColor\" d=\"M173.898 439.404l-166.4-166.4c-9.997-9.997-9.997-26.206 0-36.204l36.203-36.204c9.997-9.998 26.207-9.998 36.204 0L192 312.69 432.095 72.596c9.997-9.997 26.207-9.997 36.204 0l36.203 36.204c9.997 9.997 9.997 26.206 0 36.204l-294.4 294.401c-9.998 9.997-26.207 9.997-36.204-.001z\"><\/path><\/svg><\/span><span class=\"gb-text\">Clear planning before construction<\/span><\/p>\n\n\n\n<p class=\"gb-text-c3c5234a\"><span class=\"gb-shape\"><svg aria-hidden=\"true\" role=\"img\" height=\"1em\" width=\"1em\" viewbox=\"0 0 512 512\" xmlns=\"http:\/\/www.w3.org\/2000\/svg\"><path fill=\"currentColor\" d=\"M173.898 439.404l-166.4-166.4c-9.997-9.997-9.997-26.206 0-36.204l36.203-36.204c9.997-9.998 26.207-9.998 36.204 0L192 312.69 432.095 72.596c9.997-9.997 26.207-9.997 36.204 0l36.203 36.204c9.997 9.997 9.997 26.206 0 36.204l-294.4 294.401c-9.998 9.997-26.207 9.997-36.204-.001z\"><\/path><\/svg><\/span><span class=\"gb-text\">Performance-led product selection<\/span><\/p>\n\n\n\n<p class=\"gb-text-e6cf79e3\"><span class=\"gb-shape\"><svg aria-hidden=\"true\" role=\"img\" height=\"1em\" width=\"1em\" viewbox=\"0 0 512 512\" xmlns=\"http:\/\/www.w3.org\/2000\/svg\"><path fill=\"currentColor\" d=\"M173.898 439.404l-166.4-166.4c-9.997-9.997-9.997-26.206 0-36.204l36.203-36.204c9.997-9.998 26.207-9.998 36.204 0L192 312.69 432.095 72.596c9.997-9.997 26.207-9.997 36.204 0l36.203 36.204c9.997 9.997 9.997 26.206 0 36.204l-294.4 294.401c-9.998 9.997-26.207 9.997-36.204-.001z\"><\/path><\/svg><\/span><span class=\"gb-text\">Honest, practical guidance<\/span><\/p>\n\n\n\n<p class=\"gb-text-9fa5ab33\"><span class=\"gb-shape\"><svg aria-hidden=\"true\" role=\"img\" height=\"1em\" width=\"1em\" viewbox=\"0 0 512 512\" xmlns=\"http:\/\/www.w3.org\/2000\/svg\"><path fill=\"currentColor\" d=\"M173.898 439.404l-166.4-166.4c-9.997-9.997-9.997-26.206 0-36.204l36.203-36.204c9.997-9.998 26.207-9.998 36.204 0L192 312.69 432.095 72.596c9.997-9.997 26.207-9.997 36.204 0l36.203 36.204c9.997 9.997 9.997 26.206 0 36.204l-294.4 294.401c-9.998 9.997-26.207 9.997-36.204-.001z\"><\/path><\/svg><\/span><span class=\"gb-text\">Tools that simplify complex decisions<\/span><\/p>\n\n\n\n<p>If you\u2019re still weighing options, our <a href=\"https:\/\/oncourt.online\/hu\/basketball-court-faq\/\"><strong><em>basketball court FAQs<\/em><\/strong><\/a> address common questions about surfaces, layouts, durability, and installation.<\/p>\n<\/div>\n\n\n<div class=\"gb-grid-wrapper gb-grid-wrapper-44caa69b\">\n<div class=\"gb-grid-column gb-grid-column-12b2a9f8\"><div class=\"gb-container gb-container-12b2a9f8\"><div class=\"gb-inside-container\">\n\n<figure class=\"gb-block-image gb-block-image-6adfd5ca\"><img loading=\"lazy\" decoding=\"async\" width=\"300\" height=\"169\" class=\"gb-image gb-image-6adfd5ca\" src=\"https:\/\/oncourt.online\/wp-content\/uploads\/2021\/10\/NIKE.png\" alt=\"Nike\" title=\"NIKE\"\/><\/figure>\n\n<\/div><\/div><\/div>\n\n<div class=\"gb-grid-column gb-grid-column-e5bb2fe1\"><div class=\"gb-container gb-container-e5bb2fe1\"><div class=\"gb-inside-container\">\n\n<figure class=\"gb-block-image gb-block-image-f8558887\"><img loading=\"lazy\" decoding=\"async\" width=\"300\" height=\"169\" class=\"gb-image gb-image-f8558887\" src=\"https:\/\/oncourt.online\/wp-content\/uploads\/2021\/10\/England-Football.png\" alt=\"Angol labdar\u00fag\u00f3-sz\u00f6vets\u00e9g log\u00f3ja\" title=\"Anglia-Labdar\u00fag\u00e1s\"\/><\/figure>\n\n<\/div><\/div><\/div>\n\n<div class=\"gb-grid-column gb-grid-column-3ac2520c\"><div class=\"gb-container gb-container-3ac2520c\"><div class=\"gb-inside-container\">\n\n<figure class=\"gb-block-image gb-block-image-32bd7dfd\"><img loading=\"lazy\" decoding=\"async\" width=\"300\" height=\"169\" class=\"gb-image gb-image-32bd7dfd\" src=\"https:\/\/oncourt.online\/wp-content\/uploads\/2021\/10\/Red-Bull.png\" alt=\"Red Bull log\u00f3\" title=\"Red Bull\"\/><\/figure>\n\n<\/div><\/div><\/div>\n\n<div class=\"gb-grid-column gb-grid-column-b8a0acf4\"><div class=\"gb-container gb-container-b8a0acf4\"><div class=\"gb-inside-container\">\n\n<figure class=\"gb-block-image gb-block-image-199d062a\"><img loading=\"lazy\" decoding=\"async\" width=\"300\" height=\"169\" class=\"gb-image gb-image-199d062a\" src=\"https:\/\/oncourt.online\/wp-content\/uploads\/2021\/10\/Canary-Wharf-Group.png\" alt=\"Canary Wharf Group log\u00f3\" title=\"Canary Wharf Group\"\/><\/figure>\n\n<\/div><\/div><\/div>\n\n<div class=\"gb-grid-column gb-grid-column-bcea7224\"><div class=\"gb-container gb-container-bcea7224\"><div class=\"gb-inside-container\">\n\n<figure class=\"gb-block-image gb-block-image-b9d71ee3\"><img loading=\"lazy\" decoding=\"async\" width=\"300\" height=\"169\" class=\"gb-image gb-image-b9d71ee3\" src=\"https:\/\/oncourt.online\/wp-content\/uploads\/2021\/10\/BBC.png\" alt=\"BBC log\u00f3\" title=\"BBC\"\/><\/figure>\n\n<\/div><\/div><\/div>\n<\/div>","protected":false},"excerpt":{"rendered":"<p> &#8230; <a title=\"Az OnCourtr\u00f3l\" class=\"read-more\" href=\"https:\/\/oncourt.online\/hu\/about\/\" aria-label=\"Read more about About OnCourt\">Tov\u00e1bbi inform\u00e1ci\u00f3k<\/a><\/p>","protected":false},"author":2,"featured_media":6877,"parent":0,"menu_order":11,"comment_status":"closed","ping_status":"closed","template":"","meta":{"_acf_changed":false,"inline_featured_image":false,"footnotes":""},"class_list":{"0":"post-80","1":"page","2":"type-page","3":"status-publish","4":"has-post-thumbnail","6":"infinite-scroll-item","7":"no-featured-image-padding","8":"resize-featured-image"},"acf":[],"yoast_head":"<!-- This site is optimized with the Yoast SEO Premium plugin v26.8 (Yoast SEO v27.3) - https:\/\/yoast.com\/product\/yoast-seo-premium-wordpress\/ -->\n<title>About OnCourt | Basketball Court Surfaces, Systems &amp; Design<\/title>\n<meta name=\"description\" content=\"OnCourt creates premium basketball courts, combining high-performance surfaces, pro-grade hoops and intuitive court-planning tools.\" \/>\n<meta name=\"robots\" content=\"index, follow, max-snippet:-1, max-image-preview:large, max-video-preview:-1\" \/>\n<link rel=\"canonical\" href=\"https:\/\/oncourt.online\/hu\/rolunk\/\" \/>\n<meta property=\"og:locale\" content=\"hu_HU\" \/>\n<meta property=\"og:type\" content=\"article\" \/>\n<meta property=\"og:title\" content=\"About OnCourt\" \/>\n<meta property=\"og:description\" content=\"OnCourt creates premium basketball courts, combining high-performance surfaces, pro-grade hoops and intuitive court-planning tools.\" \/>\n<meta property=\"og:url\" content=\"https:\/\/oncourt.online\/hu\/rolunk\/\" \/>\n<meta property=\"og:site_name\" content=\"OnCourt Online\" \/>\n<meta property=\"article:publisher\" content=\"https:\/\/www.facebook.com\/oncourt.online\/\" \/>\n<meta property=\"article:modified_time\" content=\"2026-01-07T15:32:24+00:00\" \/>\n<meta property=\"og:image\" content=\"https:\/\/oncourt.online\/wp-content\/uploads\/2022\/05\/OnCourt-Shipping-and-Delivery-Header.jpg\" \/>\n\t<meta property=\"og:image:width\" content=\"1440\" \/>\n\t<meta property=\"og:image:height\" content=\"498\" \/>\n\t<meta property=\"og:image:type\" content=\"image\/jpeg\" \/>\n<meta name=\"twitter:card\" content=\"summary_large_image\" \/>\n<meta name=\"twitter:label1\" content=\"Becs\u00fclt olvas\u00e1si id\u0151\" \/>\n\t<meta name=\"twitter:data1\" content=\"4 perc\" \/>\n<!-- \/ Yoast SEO Premium plugin. -->","yoast_head_json":{"title":"About OnCourt | Basketball Court Surfaces, Systems & Design","description":"OnCourt creates premium basketball courts, combining high-performance surfaces, pro-grade hoops and intuitive court-planning tools.","robots":{"index":"index","follow":"follow","max-snippet":"max-snippet:-1","max-image-preview":"max-image-preview:large","max-video-preview":"max-video-preview:-1"},"canonical":"https:\/\/oncourt.online\/hu\/rolunk\/","og_locale":"hu_HU","og_type":"article","og_title":"About OnCourt","og_description":"OnCourt creates premium basketball courts, combining high-performance surfaces, pro-grade hoops and intuitive court-planning tools.","og_url":"https:\/\/oncourt.online\/hu\/rolunk\/","og_site_name":"OnCourt Online","article_publisher":"https:\/\/www.facebook.com\/oncourt.online\/","article_modified_time":"2026-01-07T15:32:24+00:00","og_image":[{"width":1440,"height":498,"url":"https:\/\/oncourt.online\/wp-content\/uploads\/2022\/05\/OnCourt-Shipping-and-Delivery-Header.jpg","type":"image\/jpeg"}],"twitter_card":"summary_large_image","twitter_misc":{"Becs\u00fclt olvas\u00e1si id\u0151":"4 perc"},"schema":{"@context":"https:\/\/schema.org","@graph":[{"@type":"WebPage","@id":"https:\/\/oncourt.online\/hu\/about\/","url":"https:\/\/oncourt.online\/hu\/about\/","name":"About OnCourt | Basketball Court Surfaces, Systems & Design","isPartOf":{"@id":"https:\/\/oncourt.online\/hu\/#website"},"primaryImageOfPage":{"@id":"https:\/\/oncourt.online\/hu\/about\/#primaryimage"},"image":{"@id":"https:\/\/oncourt.online\/hu\/about\/#primaryimage"},"thumbnailUrl":"https:\/\/oncourt.online\/wp-content\/uploads\/2022\/05\/OnCourt-Shipping-and-Delivery-Header.jpg","datePublished":"2021-10-19T20:14:24+00:00","dateModified":"2026-01-07T15:32:24+00:00","description":"OnCourt creates premium basketball courts, combining high-performance surfaces, pro-grade hoops and intuitive court-planning tools.","breadcrumb":{"@id":"https:\/\/oncourt.online\/hu\/about\/#breadcrumb"},"inLanguage":"hu","potentialAction":[{"@type":"ReadAction","target":["https:\/\/oncourt.online\/hu\/about\/"]}]},{"@type":"ImageObject","inLanguage":"hu","@id":"https:\/\/oncourt.online\/hu\/about\/#primaryimage","url":"https:\/\/oncourt.online\/wp-content\/uploads\/2022\/05\/OnCourt-Shipping-and-Delivery-Header.jpg","contentUrl":"https:\/\/oncourt.online\/wp-content\/uploads\/2022\/05\/OnCourt-Shipping-and-Delivery-Header.jpg","width":1440,"height":498,"caption":"Shipping & Delivery | OnCourt"},{"@type":"BreadcrumbList","@id":"https:\/\/oncourt.online\/hu\/about\/#breadcrumb","itemListElement":[{"@type":"ListItem","position":1,"name":"Home","item":"https:\/\/oncourt.online\/"},{"@type":"ListItem","position":2,"name":"About OnCourt"}]},{"@type":"WebSite","@id":"https:\/\/oncourt.online\/hu\/#website","url":"https:\/\/oncourt.online\/hu\/","name":"OnCourt Online","description":"Nagy teljes\u00edtm\u00e9ny\u0171 kos\u00e1rlabdap\u00e1ly\u00e1k","publisher":{"@id":"https:\/\/oncourt.online\/hu\/#organization"},"potentialAction":[{"@type":"SearchAction","target":{"@type":"EntryPoint","urlTemplate":"https:\/\/oncourt.online\/hu\/?s={search_term_string}"},"query-input":{"@type":"PropertyValueSpecification","valueRequired":true,"valueName":"search_term_string"}}],"inLanguage":"hu"},{"@type":"Organization","@id":"https:\/\/oncourt.online\/hu\/#organization","name":"OnCourt Online","url":"https:\/\/oncourt.online\/hu\/","logo":{"@type":"ImageObject","inLanguage":"hu","@id":"https:\/\/oncourt.online\/hu\/#\/schema\/logo\/image\/","url":"https:\/\/oncourt.online\/wp-content\/uploads\/2021\/12\/Logo_OnCourt_Black.svg","contentUrl":"https:\/\/oncourt.online\/wp-content\/uploads\/2021\/12\/Logo_OnCourt_Black.svg","width":"1024","height":"1024","caption":"OnCourt Online"},"image":{"@id":"https:\/\/oncourt.online\/hu\/#\/schema\/logo\/image\/"},"sameAs":["https:\/\/www.facebook.com\/oncourt.online\/"],"email":"info@oncourt.online"}]}},"_links":{"self":[{"href":"https:\/\/oncourt.online\/hu\/wp-json\/wp\/v2\/pages\/80","targetHints":{"allow":["GET"]}}],"collection":[{"href":"https:\/\/oncourt.online\/hu\/wp-json\/wp\/v2\/pages"}],"about":[{"href":"https:\/\/oncourt.online\/hu\/wp-json\/wp\/v2\/types\/page"}],"author":[{"embeddable":true,"href":"https:\/\/oncourt.online\/hu\/wp-json\/wp\/v2\/users\/2"}],"replies":[{"embeddable":true,"href":"https:\/\/oncourt.online\/hu\/wp-json\/wp\/v2\/comments?post=80"}],"version-history":[{"count":0,"href":"https:\/\/oncourt.online\/hu\/wp-json\/wp\/v2\/pages\/80\/revisions"}],"wp:featuredmedia":[{"embeddable":true,"href":"https:\/\/oncourt.online\/hu\/wp-json\/wp\/v2\/media\/6877"}],"wp:attachment":[{"href":"https:\/\/oncourt.online\/hu\/wp-json\/wp\/v2\/media?parent=80"}],"curies":[{"name":"wp","href":"https:\/\/api.w.org\/{rel}","templated":true}]}}