{"id":4371,"date":"2022-03-19T19:47:29","date_gmt":"2022-03-19T19:47:29","guid":{"rendered":"https:\/\/oncourt.online\/?page_id=4371"},"modified":"2026-01-15T07:45:48","modified_gmt":"2026-01-15T07:45:48","slug":"kereskedelmi-sportpalyak","status":"publish","type":"page","link":"https:\/\/oncourt.online\/hu\/commercial-sports-courts\/","title":{"rendered":"Kereskedelmi sportp\u00e1ly\u00e1k"},"content":{"rendered":"<div class=\"gb-element-780bd825\">\n<div class=\"gb-element-d4160509\">\n<h2 class=\"gb-headline gb-headline-e76b444c gb-headline-text\">Engineered for Performance. Designed to Inspire.<\/h2>\n\n\n\n<p class=\"gb-headline gb-headline-3c72361b gb-headline-text\">Az iskol\u00e1kt\u00f3l \u00e9s k\u00f6z\u00f6ss\u00e9gi k\u00f6zpontokt\u00f3l a professzion\u00e1lis edz\u0151termekig az OnCourt olyan kereskedelmi min\u0151s\u00e9g\u0171 sportp\u00e1lya-megold\u00e1sokat k\u00edn\u00e1l, amelyek minden j\u00e1t\u00e9kszintet felemelnek. Modul\u00e1ris fel\u00fcletrendszereink, pontos, k\u00f6nnyen haszn\u00e1lhat\u00f3 tervez\u0151eszk\u00f6z\u00f6kkel \u00e9s egyszer\u0171 telep\u00edt\u00e9si folyamatokkal kombin\u00e1lva, dinamikus, biztons\u00e1gos \u00e9s vizu\u00e1lisan leny\u0171g\u00f6z\u0151 p\u00e1ly\u00e1kat hoznak l\u00e9tre az \u00d6n helyis\u00e9g\u00e9hez \u00e9s sport\u00e1g\u00e1hoz igaz\u00edtva.<\/p>\n\n\n\n<img loading=\"lazy\" decoding=\"async\" width=\"1600\" height=\"637\" class=\"gb-media-cd14b663\" src=\"https:\/\/oncourt.online\/wp-content\/uploads\/2025\/03\/Elastic-Pro-II-Orange-Wind-Grey-e1743146712707.png\" alt=\"\" srcset=\"https:\/\/oncourt.online\/wp-content\/uploads\/2025\/03\/Elastic-Pro-II-Orange-Wind-Grey-e1743146712707.png 1600w, https:\/\/oncourt.online\/wp-content\/uploads\/2025\/03\/Elastic-Pro-II-Orange-Wind-Grey-e1743146712707-300x119.png 300w, https:\/\/oncourt.online\/wp-content\/uploads\/2025\/03\/Elastic-Pro-II-Orange-Wind-Grey-e1743146712707-1024x408.png 1024w, https:\/\/oncourt.online\/wp-content\/uploads\/2025\/03\/Elastic-Pro-II-Orange-Wind-Grey-e1743146712707-768x306.png 768w, https:\/\/oncourt.online\/wp-content\/uploads\/2025\/03\/Elastic-Pro-II-Orange-Wind-Grey-e1743146712707-1536x612.png 1536w, https:\/\/oncourt.online\/wp-content\/uploads\/2025\/03\/Elastic-Pro-II-Orange-Wind-Grey-e1743146712707-18x7.png 18w, https:\/\/oncourt.online\/wp-content\/uploads\/2025\/03\/Elastic-Pro-II-Orange-Wind-Grey-e1743146712707-545x217.png 545w\" sizes=\"auto, (max-width: 1600px) 100vw, 1600px\" \/>\n\n\n\n<div class=\"gb-element-0d9ffc85\">\n<div class=\"gb-element-21a1af0d\">\n<div>\n<figure class=\"gb-block-image gb-block-image-6adfd5ca\"><img loading=\"lazy\" decoding=\"async\" width=\"300\" height=\"169\" class=\"gb-image gb-image-6adfd5ca\" src=\"https:\/\/oncourt.online\/wp-content\/uploads\/2021\/10\/NIKE.png\" alt=\"Nike\"\/><\/figure>\n<\/div>\n\n\n\n<div>\n<figure class=\"gb-block-image gb-block-image-f8558887\"><img loading=\"lazy\" decoding=\"async\" width=\"300\" height=\"169\" class=\"gb-image gb-image-f8558887\" src=\"https:\/\/oncourt.online\/wp-content\/uploads\/2021\/10\/England-Football.png\" alt=\"Anglia labdar\u00fag\u00e1s\"\/><\/figure>\n<\/div>\n\n\n\n<div>\n<figure class=\"gb-block-image gb-block-image-32bd7dfd\"><img loading=\"lazy\" decoding=\"async\" width=\"300\" height=\"169\" class=\"gb-image gb-image-32bd7dfd\" src=\"https:\/\/oncourt.online\/wp-content\/uploads\/2021\/10\/Red-Bull.png\" alt=\"Red Bull\"\/><\/figure>\n<\/div>\n\n\n\n<div>\n<figure class=\"gb-block-image gb-block-image-199d062a\"><img loading=\"lazy\" decoding=\"async\" width=\"300\" height=\"169\" class=\"gb-image gb-image-199d062a\" src=\"https:\/\/oncourt.online\/wp-content\/uploads\/2021\/10\/Canary-Wharf-Group.png\" alt=\"Canary Wharf Group PLC\"\/><\/figure>\n<\/div>\n\n\n\n<div>\n<figure class=\"gb-block-image gb-block-image-b9d71ee3\"><img loading=\"lazy\" decoding=\"async\" width=\"300\" height=\"169\" class=\"gb-image gb-image-b9d71ee3\" src=\"https:\/\/oncourt.online\/wp-content\/uploads\/2021\/10\/BBC.png\" alt=\"BBC\"\/><\/figure>\n<\/div>\n<\/div>\n<\/div>\n\n\n\n<img loading=\"lazy\" decoding=\"async\" width=\"1024\" height=\"683\" class=\"gb-media-6f830086\" src=\"https:\/\/oncourt.online\/wp-content\/uploads\/2025\/03\/Modular-Sports-Flooring-Tiles-Multi-Futsal-Court.jpg\" alt=\"\" srcset=\"https:\/\/oncourt.online\/wp-content\/uploads\/2025\/03\/Modular-Sports-Flooring-Tiles-Multi-Futsal-Court.jpg 1024w, https:\/\/oncourt.online\/wp-content\/uploads\/2025\/03\/Modular-Sports-Flooring-Tiles-Multi-Futsal-Court-300x200.jpg 300w, https:\/\/oncourt.online\/wp-content\/uploads\/2025\/03\/Modular-Sports-Flooring-Tiles-Multi-Futsal-Court-768x512.jpg 768w, https:\/\/oncourt.online\/wp-content\/uploads\/2025\/03\/Modular-Sports-Flooring-Tiles-Multi-Futsal-Court-18x12.jpg 18w, https:\/\/oncourt.online\/wp-content\/uploads\/2025\/03\/Modular-Sports-Flooring-Tiles-Multi-Futsal-Court-545x364.jpg 545w\" sizes=\"auto, (max-width: 1024px) 100vw, 1024px\" \/>\n\n\n\n<h3 class=\"gb-text gb-text-c407e67e\">Mi\u00e9rt v\u00e1lassza az OnCourtot kereskedelmi projektj\u00e9hez?<\/h3>\n\n\n\n<p>Minden fel\u00fcletet optimaliz\u00e1ltak a tapad\u00e1s, a labdav\u00e1lasz \u00e9s a j\u00e1t\u00e9kosok k\u00e9nyelme szempontj\u00e1b\u00f3l - egyedi jel\u00f6l\u00e9sekkel az egy- vagy t\u00f6bb sport\u00e1gi konfigur\u00e1ci\u00f3khoz.<\/p>\n\n\n\n<p class=\"gb-headline gb-headline-c24d9ecc\"><span class=\"gb-icon\"><svg aria-hidden=\"true\" role=\"img\" height=\"1em\" width=\"1em\" viewbox=\"0 0 512 512\" xmlns=\"http:\/\/www.w3.org\/2000\/svg\"><path fill=\"currentColor\" d=\"M173.898 439.404l-166.4-166.4c-9.997-9.997-9.997-26.206 0-36.204l36.203-36.204c9.997-9.998 26.207-9.998 36.204 0L192 312.69 432.095 72.596c9.997-9.997 26.207-9.997 36.204 0l36.203 36.204c9.997 9.997 9.997 26.206 0 36.204l-294.4 294.401c-9.998 9.997-26.207 9.997-36.204-.001z\"><\/path><\/svg><\/span><span class=\"gb-headline-text\"><strong>A glob\u00e1lis sportpartnerek megb\u00edznak benn\u00fcnk<\/strong><\/span><\/p>\n\n\n\n<p>Az intenz\u00edv napi tev\u00e9kenys\u00e9g elvisel\u00e9s\u00e9re tervezett b\u00edr\u00f3s\u00e1gok<\/p>\n\n\n\n<p class=\"gb-headline gb-headline-1b3f1043\"><span class=\"gb-icon\"><svg aria-hidden=\"true\" role=\"img\" height=\"1em\" width=\"1em\" viewbox=\"0 0 512 512\" xmlns=\"http:\/\/www.w3.org\/2000\/svg\"><path fill=\"currentColor\" d=\"M173.898 439.404l-166.4-166.4c-9.997-9.997-9.997-26.206 0-36.204l36.203-36.204c9.997-9.998 26.207-9.998 36.204 0L192 312.69 432.095 72.596c9.997-9.997 26.207-9.997 36.204 0l36.203 36.204c9.997 9.997 9.997 26.206 0 36.204l-294.4 294.401c-9.998 9.997-26.207 9.997-36.204-.001z\"><\/path><\/svg><\/span><span class=\"gb-headline-text\"><strong>Az \u00d6n sport\u00e1g\u00e1ra \u00e9s ter\u00e9re szabva<\/strong><\/span><\/p>\n\n\n\n<p>A FIBA-specifikus kos\u00e1rlabda p\u00e1ly\u00e1kt\u00f3l a kompakt h\u00e1ts\u00f3 udvari p\u00e1ly\u00e1kig<\/p>\n\n\n\n<p class=\"gb-headline gb-headline-73c6545c\"><span class=\"gb-icon\"><svg aria-hidden=\"true\" role=\"img\" height=\"1em\" width=\"1em\" viewbox=\"0 0 512 512\" xmlns=\"http:\/\/www.w3.org\/2000\/svg\"><path fill=\"currentColor\" d=\"M173.898 439.404l-166.4-166.4c-9.997-9.997-9.997-26.206 0-36.204l36.203-36.204c9.997-9.998 26.207-9.998 36.204 0L192 312.69 432.095 72.596c9.997-9.997 26.207-9.997 36.204 0l36.203 36.204c9.997 9.997 9.997 26.206 0 36.204l-294.4 294.401c-9.998 9.997-26.207 9.997-36.204-.001z\"><\/path><\/svg><\/span><span class=\"gb-headline-text\"><strong>Neh\u00e9z haszn\u00e1latra \u00e9p\u00fclt<\/strong><\/span><\/p>\n\n\n\n<p class=\"gb-text gb-text-26736fee\">Kereskedelmi udvarainkat \u00fagy tervezt\u00e9k, hogy elviselj\u00e9k az intenz\u00edv napi tev\u00e9kenys\u00e9get.<\/p>\n\n\n\n<figure class=\"gb-block-image gb-block-image-2232266c\"><img loading=\"lazy\" decoding=\"async\" width=\"900\" height=\"388\" class=\"gb-image gb-image-2232266c\" src=\"https:\/\/oncourt.online\/wp-content\/uploads\/2021\/12\/Gareth-Southgate-Holding-Court-OnCourt-e1743140059659.jpg\" alt=\"Gareth-Southgate-Holding-Court-OnCourt\" title=\"Gareth-Southgate-Holding-Court-OnCourt\" srcset=\"https:\/\/oncourt.online\/wp-content\/uploads\/2021\/12\/Gareth-Southgate-Holding-Court-OnCourt-e1743140059659.jpg 900w, https:\/\/oncourt.online\/wp-content\/uploads\/2021\/12\/Gareth-Southgate-Holding-Court-OnCourt-e1743140059659-545x235.jpg 545w, https:\/\/oncourt.online\/wp-content\/uploads\/2021\/12\/Gareth-Southgate-Holding-Court-OnCourt-e1743140059659-300x129.jpg 300w, https:\/\/oncourt.online\/wp-content\/uploads\/2021\/12\/Gareth-Southgate-Holding-Court-OnCourt-e1743140059659-768x331.jpg 768w, https:\/\/oncourt.online\/wp-content\/uploads\/2021\/12\/Gareth-Southgate-Holding-Court-OnCourt-e1743140059659-18x8.jpg 18w\" sizes=\"auto, (max-width: 900px) 100vw, 900px\" \/>\n<figcaption class=\"gb-headline gb-headline-15834826 gb-headline-text\">Gareth Southgate az OnCourt p\u00e1ly\u00e1n<\/figcaption>\n<\/figure>\n\n\n\n<h2 class=\"gb-text gb-text-5bd1118f\">Elit j\u00e1t\u00e9kp\u00e1ly\u00e1k elit sportesem\u00e9nyekhez<\/h2>\n\n\n\n<p class=\"gb-text gb-text-ac544a07\">Az OnCourt vezet\u0151 m\u00e1rk\u00e1kkal, csapatokkal \u00e9s \u00fcgyn\u00f6ks\u00e9gekkel dolgozik egy\u00fctt, hogy mag\u00e1val ragad\u00f3 sporttereket hozzon l\u00e9tre, ahol minden k\u00e9pess\u00e9g\u0171 sportol\u00f3 biztons\u00e1gban \u00e9s st\u00edlusban j\u00e1tszhat. Olyan nagy m\u00e1rk\u00e1kkal dolgoztunk m\u00e1r egy\u00fctt, mint a Nike, a Red Bull \u00e9s a BBC, hogy j\u00e1t\u00e9kp\u00e1ly\u00e1kat biztos\u00edtsunk marketing k\u00eds\u00e9rleti, m\u00e1rk\u00e1s sporttartalmakhoz, \u00e9l\u0151 esem\u00e9nyekhez \u00e9s st\u00fadi\u00f3produkci\u00f3khoz.<\/p>\n\n\n\n<figure class=\"wp-block-embed is-type-video is-provider-vimeo wp-block-embed-vimeo wp-embed-aspect-16-9 wp-has-aspect-ratio\"><div class=\"wp-block-embed__wrapper\">\n<iframe loading=\"lazy\" title=\"Rice vs Mount OnCourt\" src=\"https:\/\/player.vimeo.com\/video\/681584804?dnt=1&amp;app_id=122963\" width=\"1200\" height=\"674\" frameborder=\"0\" allow=\"autoplay; fullscreen; picture-in-picture; clipboard-write; encrypted-media; web-share\" referrerpolicy=\"strict-origin-when-cross-origin\"><\/iframe>\n<\/div><\/figure>\n\n\n\n<h3 class=\"gb-text gb-text-5179374d\">Ideiglenes sportmarketing Tapasztalati \u00e9s m\u00e1rkaaktiv\u00e1l\u00e1s<\/h3>\n\n\n\n<p class=\"gb-headline gb-headline-52c8dae5 gb-headline-text\">Az OnCourt install\u00e1ci\u00f3kat sportesem\u00e9nyeken lehet mozg\u00f3s\u00edtani versenyek, m\u00e1rkaaktiv\u00e1l\u00e1s \u00e9s m\u00e1rkak\u00eds\u00e9rletek c\u00e9lj\u00e1ra. Az OnCourt burkolatokra egyedi grafik\u00e1k \u00e9s m\u00e1rkajelz\u00e9sek alkalmazhat\u00f3k, hogy illeszkedjenek az \u00d6n m\u00e1rk\u00e1j\u00e1hoz. A modern, p\u00e1lya melletti vizu\u00e1lis kijelz\u0151k kontextust \u00e9s dr\u00e1mais\u00e1got adnak.&nbsp;<\/p>\n\n\n\n<h3 class=\"gb-headline gb-headline-d36d7959 gb-headline-text\">\u00c9l\u0151 sportesem\u00e9nyek<\/h3>\n\n\n\n<p class=\"gb-text gb-text-3cdfd431\">Az OnCourt-folyamatok a sportol\u00f3kat helyezik el\u0151t\u00e9rbe, \u00e9s a lehet\u0151 legjobb sport\u00e9lm\u00e9ny ny\u00fajt\u00e1s\u00e1ra \u00f6sszpontos\u00edtanak. Sz\u00e1mos elit sportol\u00f3 nagyk\u00f6vettel dolgozunk egy\u00fctt, akik seg\u00edthetnek abban, hogy a sport az \u00d6n rendezv\u00e9ny\u00e9n a k\u00f6z\u00e9ppontban legyen. Az OnCourt l\u00e9tes\u00edtm\u00e9nyei t\u00f6k\u00e9letesek az \u00e9l\u0151 sportesem\u00e9nyekhez, mivel a fel\u00fcleteket \u00e9s alkatr\u00e9szeket a professzion\u00e1lis sport ig\u00e9nybev\u00e9tel\u00e9re tervezt\u00e9k. <\/p>\n\n\n\n<figure class=\"gb-block-image gb-block-image-628b7970\"><img loading=\"lazy\" decoding=\"async\" width=\"1439\" height=\"809\" class=\"gb-image gb-image-628b7970\" src=\"https:\/\/oncourt.online\/wp-content\/uploads\/2021\/10\/Coach-Maitland-OnCourt-at-Canary-Wharf-e1642179558735.jpg\" srcset=\"https:\/\/oncourt.online\/wp-content\/uploads\/2021\/10\/Coach-Maitland-OnCourt-at-Canary-Wharf-e1642179558735.jpg 1439w, https:\/\/oncourt.online\/wp-content\/uploads\/2021\/10\/Coach-Maitland-OnCourt-at-Canary-Wharf-e1642179558735-545x306.jpg 545w\" sizes=\"auto, (max-width: 1439px) 100vw, 1439px\" \/>\n<figcaption class=\"gb-headline gb-headline-4a7798e9 gb-headline-text\">Maitland edz\u0151 a Canary Wharf kos\u00e1rlabdap\u00e1ly\u00e1n<\/figcaption>\n<\/figure>\n\n\n\n<h3 class=\"gb-text gb-text-312e5d83\">OnCourt m\u00e1rkakapcsolat<\/h3>\n\n\n\n<p class=\"gb-text gb-text-1bc34855\"> Az OnCourt rendezv\u00e9nyszolg\u00e1ltat\u00e1sai gazdag 3D-s virtu\u00e1lis eszk\u00f6z\u00f6ket tartalmaznak, amelyek seg\u00edtenek a projektek vizualiz\u00e1l\u00e1s\u00e1ban az \u00e9rdekeltek sz\u00e1m\u00e1ra. Az OnCourt Design Team sz\u00fcks\u00e9g eset\u00e9n koncepcion\u00e1lis \u00e9s kreat\u00edv tan\u00e1csad\u00e1ssal is seg\u00edt. A rendezv\u00e9nyek telep\u00edt\u00e9s\u00e9re szakosodott szakemberek a tervez\u0151kkel egy\u00fcttm\u0171k\u00f6dve pontos virtu\u00e1lis modelleket alak\u00edtanak \u00e1t leny\u0171g\u00f6z\u0151, val\u00f3s p\u00e1ly\u00e1kk\u00e1.<\/p>\n\n\n\n<figure class=\"wp-block-embed is-type-video is-provider-youtube wp-block-embed-youtube wp-embed-aspect-16-9 wp-has-aspect-ratio\"><div class=\"wp-block-embed__wrapper\">\n<iframe loading=\"lazy\" title=\"Yinka Ilori 3D nyomtatott kos\u00e1rlabdap\u00e1ly\u00e1ja\" width=\"1200\" height=\"675\" src=\"https:\/\/www.youtube.com\/embed\/aKzksQoVM4A?feature=oembed&#038;enablejsapi=1&#038;origin=https:\/\/oncourt.online\" frameborder=\"0\" allow=\"accelerometer; autoplay; clipboard-write; encrypted-media; gyroscope; picture-in-picture; web-share\" referrerpolicy=\"strict-origin-when-cross-origin\" allowfullscreen><\/iframe>\n<\/div><\/figure>\n\n\n\n<p class=\"gb-text gb-text-466db296\">Yinka Ilori 3D nyomtatott kos\u00e1rlabdap\u00e1ly\u00e1ja - <a href=\"https:\/\/www.youtube.com\/user\/monoclemagazine\">Monocle Films<\/a><\/p>\n<\/div>\n<\/div>","protected":false},"excerpt":{"rendered":"<p> &#8230; <a title=\"Kereskedelmi sportp\u00e1ly\u00e1k\" class=\"read-more\" href=\"https:\/\/oncourt.online\/hu\/commercial-sports-courts\/\" aria-label=\"Read more about Commercial Sports Courts\">Tov\u00e1bbi inform\u00e1ci\u00f3k<\/a><\/p>","protected":false},"author":2,"featured_media":0,"parent":0,"menu_order":9,"comment_status":"closed","ping_status":"closed","template":"","meta":{"_acf_changed":false,"inline_featured_image":false,"footnotes":""},"class_list":{"0":"post-4371","1":"page","2":"type-page","3":"status-publish","5":"infinite-scroll-item","6":"no-featured-image-padding"},"acf":[],"yoast_head":"<!-- This site is optimized with the Yoast SEO Premium plugin v26.8 (Yoast SEO v27.3) - https:\/\/yoast.com\/product\/yoast-seo-premium-wordpress\/ -->\n<title>Commercial Sports Courts - OnCourt Online<\/title>\n<meta name=\"description\" content=\"OnCourt work with leading brands, teams and agencies to create engaging sporting spaces for athletes of all ages and abilities.\" \/>\n<meta name=\"robots\" content=\"index, follow, max-snippet:-1, max-image-preview:large, max-video-preview:-1\" \/>\n<link rel=\"canonical\" href=\"https:\/\/oncourt.online\/hu\/kereskedelmi-sportpalyak\/\" \/>\n<meta property=\"og:locale\" content=\"hu_HU\" \/>\n<meta property=\"og:type\" content=\"article\" \/>\n<meta property=\"og:title\" content=\"Commercial Sports Courts\" \/>\n<meta property=\"og:description\" content=\"OnCourt work with leading brands, teams and agencies to create engaging sporting spaces for athletes of all ages and abilities.\" \/>\n<meta property=\"og:url\" content=\"https:\/\/oncourt.online\/hu\/kereskedelmi-sportpalyak\/\" \/>\n<meta property=\"og:site_name\" content=\"OnCourt Online\" \/>\n<meta property=\"article:publisher\" content=\"https:\/\/www.facebook.com\/oncourt.online\/\" \/>\n<meta property=\"article:modified_time\" content=\"2026-01-15T07:45:48+00:00\" \/>\n<meta property=\"og:image\" content=\"https:\/\/oncourt.online\/wp-content\/uploads\/2025\/03\/Elastic-Pro-II-Orange-Wind-Grey-e1743146712707.png\" \/>\n<meta name=\"twitter:card\" content=\"summary_large_image\" \/>\n<meta name=\"twitter:label1\" content=\"Becs\u00fclt olvas\u00e1si id\u0151\" \/>\n\t<meta name=\"twitter:data1\" content=\"4 perc\" \/>\n<!-- \/ Yoast SEO Premium plugin. -->","yoast_head_json":{"title":"Kereskedelmi sportp\u00e1ly\u00e1k - OnCourt Online","description":"Az OnCourt vezet\u0151 m\u00e1rk\u00e1kkal, csapatokkal \u00e9s \u00fcgyn\u00f6ks\u00e9gekkel dolgozik egy\u00fctt, hogy vonz\u00f3 sporttereket hozzon l\u00e9tre minden koroszt\u00e1ly \u00e9s k\u00e9pess\u00e9g\u0171 sportol\u00f3 sz\u00e1m\u00e1ra.","robots":{"index":"index","follow":"follow","max-snippet":"max-snippet:-1","max-image-preview":"max-image-preview:large","max-video-preview":"max-video-preview:-1"},"canonical":"https:\/\/oncourt.online\/hu\/kereskedelmi-sportpalyak\/","og_locale":"hu_HU","og_type":"article","og_title":"Commercial Sports Courts","og_description":"OnCourt work with leading brands, teams and agencies to create engaging sporting spaces for athletes of all ages and abilities.","og_url":"https:\/\/oncourt.online\/hu\/kereskedelmi-sportpalyak\/","og_site_name":"OnCourt Online","article_publisher":"https:\/\/www.facebook.com\/oncourt.online\/","article_modified_time":"2026-01-15T07:45:48+00:00","og_image":[{"url":"https:\/\/oncourt.online\/wp-content\/uploads\/2025\/03\/Elastic-Pro-II-Orange-Wind-Grey-e1743146712707.png","type":"","width":"","height":""}],"twitter_card":"summary_large_image","twitter_misc":{"Becs\u00fclt olvas\u00e1si id\u0151":"4 perc"},"schema":{"@context":"https:\/\/schema.org","@graph":[{"@type":"WebPage","@id":"https:\/\/oncourt.online\/hu\/commercial-sports-courts\/","url":"https:\/\/oncourt.online\/hu\/commercial-sports-courts\/","name":"Kereskedelmi sportp\u00e1ly\u00e1k - OnCourt Online","isPartOf":{"@id":"https:\/\/oncourt.online\/hu\/#website"},"primaryImageOfPage":{"@id":"https:\/\/oncourt.online\/hu\/commercial-sports-courts\/#primaryimage"},"image":{"@id":"https:\/\/oncourt.online\/hu\/commercial-sports-courts\/#primaryimage"},"thumbnailUrl":"https:\/\/oncourt.online\/wp-content\/uploads\/2025\/03\/Elastic-Pro-II-Orange-Wind-Grey-e1743146712707.png","datePublished":"2022-03-19T19:47:29+00:00","dateModified":"2026-01-15T07:45:48+00:00","description":"Az OnCourt vezet\u0151 m\u00e1rk\u00e1kkal, csapatokkal \u00e9s \u00fcgyn\u00f6ks\u00e9gekkel dolgozik egy\u00fctt, hogy vonz\u00f3 sporttereket hozzon l\u00e9tre minden koroszt\u00e1ly \u00e9s k\u00e9pess\u00e9g\u0171 sportol\u00f3 sz\u00e1m\u00e1ra.","breadcrumb":{"@id":"https:\/\/oncourt.online\/hu\/commercial-sports-courts\/#breadcrumb"},"inLanguage":"hu","potentialAction":[{"@type":"ReadAction","target":["https:\/\/oncourt.online\/hu\/commercial-sports-courts\/"]}]},{"@type":"ImageObject","inLanguage":"hu","@id":"https:\/\/oncourt.online\/hu\/commercial-sports-courts\/#primaryimage","url":"https:\/\/oncourt.online\/wp-content\/uploads\/2025\/03\/Elastic-Pro-II-Orange-Wind-Grey-e1743146712707.png","contentUrl":"https:\/\/oncourt.online\/wp-content\/uploads\/2025\/03\/Elastic-Pro-II-Orange-Wind-Grey-e1743146712707.png"},{"@type":"BreadcrumbList","@id":"https:\/\/oncourt.online\/hu\/commercial-sports-courts\/#breadcrumb","itemListElement":[{"@type":"ListItem","position":1,"name":"Home","item":"https:\/\/oncourt.online\/"},{"@type":"ListItem","position":2,"name":"Commercial Sports Courts"}]},{"@type":"WebSite","@id":"https:\/\/oncourt.online\/hu\/#website","url":"https:\/\/oncourt.online\/hu\/","name":"OnCourt Online","description":"Nagy teljes\u00edtm\u00e9ny\u0171 kos\u00e1rlabdap\u00e1ly\u00e1k","publisher":{"@id":"https:\/\/oncourt.online\/hu\/#organization"},"potentialAction":[{"@type":"SearchAction","target":{"@type":"EntryPoint","urlTemplate":"https:\/\/oncourt.online\/hu\/?s={search_term_string}"},"query-input":{"@type":"PropertyValueSpecification","valueRequired":true,"valueName":"search_term_string"}}],"inLanguage":"hu"},{"@type":"Organization","@id":"https:\/\/oncourt.online\/hu\/#organization","name":"OnCourt Online","url":"https:\/\/oncourt.online\/hu\/","logo":{"@type":"ImageObject","inLanguage":"hu","@id":"https:\/\/oncourt.online\/hu\/#\/schema\/logo\/image\/","url":"https:\/\/oncourt.online\/wp-content\/uploads\/2021\/12\/Logo_OnCourt_Black.svg","contentUrl":"https:\/\/oncourt.online\/wp-content\/uploads\/2021\/12\/Logo_OnCourt_Black.svg","width":"1024","height":"1024","caption":"OnCourt Online"},"image":{"@id":"https:\/\/oncourt.online\/hu\/#\/schema\/logo\/image\/"},"sameAs":["https:\/\/www.facebook.com\/oncourt.online\/"],"email":"info@oncourt.online"}]}},"_links":{"self":[{"href":"https:\/\/oncourt.online\/hu\/wp-json\/wp\/v2\/pages\/4371","targetHints":{"allow":["GET"]}}],"collection":[{"href":"https:\/\/oncourt.online\/hu\/wp-json\/wp\/v2\/pages"}],"about":[{"href":"https:\/\/oncourt.online\/hu\/wp-json\/wp\/v2\/types\/page"}],"author":[{"embeddable":true,"href":"https:\/\/oncourt.online\/hu\/wp-json\/wp\/v2\/users\/2"}],"replies":[{"embeddable":true,"href":"https:\/\/oncourt.online\/hu\/wp-json\/wp\/v2\/comments?post=4371"}],"version-history":[{"count":1,"href":"https:\/\/oncourt.online\/hu\/wp-json\/wp\/v2\/pages\/4371\/revisions"}],"predecessor-version":[{"id":17380,"href":"https:\/\/oncourt.online\/hu\/wp-json\/wp\/v2\/pages\/4371\/revisions\/17380"}],"wp:attachment":[{"href":"https:\/\/oncourt.online\/hu\/wp-json\/wp\/v2\/media?parent=4371"}],"curies":[{"name":"wp","href":"https:\/\/api.w.org\/{rel}","templated":true}]}}