{"id":428,"date":"2021-10-22T11:43:33","date_gmt":"2021-10-22T11:43:33","guid":{"rendered":"https:\/\/oncourt.online\/?page_id=428"},"modified":"2026-01-03T03:34:58","modified_gmt":"2026-01-03T03:34:58","slug":"elethosszig-tarto-garancia","status":"publish","type":"page","link":"https:\/\/oncourt.online\/hu\/basketball-hoops\/lifetime-warranty\/","title":{"rendered":"\u00c9lethosszig tart\u00f3 garancia"},"content":{"rendered":"<div class=\"gb-element-118ef599\">\n<div class=\"gb-element-d7eed537\">\n<h2 class=\"gb-headline gb-headline-96ad026f gb-headline-text\">J\u00f3 egy \u00e9leten \u00e1t tart\u00f3 dunks, slams \u00e9s dzsemek sz\u00e1m\u00e1ra<\/h2>\n\n\n\n<p class=\"gb-headline gb-headline-78623ab6 gb-headline-text\">Mega Slam Hoops and OnCourt are committed to providing the best residential basketball systems that your money can buy. Mega Slam products are designed to last a lifetime. It makes sense for the warranty to last just as long.<br>M\u00e1s karikagy\u0171r\u0171gy\u00e1rt\u00f3kn\u00e1l nem tal\u00e1lja meg ezeket az \u00edg\u00e9reteket. Val\u00f3j\u00e1ban mi a Mega Slam Hoops kos\u00e1rlabda-rendszerek m\u00f6g\u00f6tt \u00e1llunk, \u00e9s garant\u00e1ljuk a nagyszer\u0171 teljes\u00edtm\u00e9nyt egy \u00e9leten \u00e1t tart\u00f3 j\u00e1t\u00e9kra, m\u00e9g a csavarokig \u00e9s a csavarokig.<\/p>\n\n\n\n<p class=\"gb-headline gb-headline-c6f59d0a gb-headline-text\"><br><strong>KOS\u00c1RLABDA RENDSZEREK KORL\u00c1TOZOTT \u00c9LETHOSSZIG TART\u00d3 GARANCIA<\/strong><br>A KORL\u00c1TOZOTT \u00c9LETHOSSZ\u00da GARANCIA csak az eredeti kiskereskedelmi v\u00e1s\u00e1rl\u00f3ra terjed ki, hogy a Mega Slam Hoops (a \"Term\u00e9k\") szerkezeti elemei garant\u00e1ltan mentesek az anyag- \u00e9s gy\u00e1rt\u00e1si hib\u00e1kt\u00f3l, az al\u00e1bbiakban le\u00edrt korl\u00e1toz\u00e1sokkal. \"Hib\u00e1k\" alatt olyan hi\u00e1nyoss\u00e1gokat \u00e9rt\u00fcnk, amelyek a term\u00e9k haszn\u00e1lat\u00e1t akad\u00e1lyozz\u00e1k.<\/p>\n\n\n\n<p>THE LIMITED LIFETIME WARRANTY COVERAGE IS EXTENDED ONLY TO THE ORIGINAL RETAIL PURCHASER AND TERMINATES IF THE ORIGINAL RETAIL PURCHASER OTHERWISE TRANSFERS OR SELLS THE PRODUCT. THIS WARRANTY IS VOID IF THE PRODUCT HAS BEEN DAMAGED BY IMPROPER SERVICE, NEGLIGENCE, ACCIDENT, UNREASONABLE USE, IMPROPER INSTALLATION, OR OTHER CAUSES NOT RESULTING FROM DEFECTS IN MATERIAL AND WORKMANSHIP. <\/p>\n\n\n\n<p>Subject to proper installation in accordance with the installation instructions; normal residential use for glass backboards; normal basketball related activities; and has been maintained in agreement with the instructions.<\/p>\n\n\n\n<p class=\"gb-headline gb-headline-1de06637 gb-headline-text\"><br><strong>J\u00d3T\u00c1LL\u00c1SI IG\u00c9NYEK<\/strong><br>Proof of purchase by the original retail Consumer Purchaser is required for all warranty claims.<\/p>\n\n\n\n<p>Mega Sports UK Ltd reserves the right to examine physical evidence or photographs of the Product, or component parts, claimed to be defective, and to recover said Product, prior to authorising a warranty claim. If applicable, a \u201cReturn Merchandise Authorisation\u201d (RMA) number will be required prior to shipping damaged Product by original retail Consumer Purchaser with freight prepaid.<\/p>\n\n\n\n<p>In returning a Product or component part for repair or replacement under this warranty, the original Consumer Purchaser must prepay all shipping transportation, insurance and delivery costs, and the Product or component parts, must be delivered in either its original carton or a similar package affording an equal degree of protection.<\/p>\n\n\n\n<p>Mega Sports UK Ltd will not be responsible for any loss or damage incurred in connection with the return of this Product or component parts.<\/p>\n\n\n\n<p>A korl\u00e1tozott \u00e9lettartam\u00fa garancia nem terjed ki a k\u00f6vetkez\u0151kre:<\/p>\n\n\n\n<p>Ez a garancia nem vonatkozik olyan Term\u00e9kre, amelyet helytelen haszn\u00e1lat, vissza\u00e9l\u00e9s, rendellenes haszn\u00e1lat, gondatlans\u00e1g, m\u00f3dos\u00edt\u00e1s, baleset, nem megfelel\u0151 telep\u00edt\u00e9s, vandalizmus vagy t\u0171z \u00e9rte.<\/p>\n\n\n\n<p>Fest\u00e9k, rozsd\u00e1s r\u00e9szek, fel\u00fcleti karcol\u00e1sok, fakul\u00e1s, elsz\u00ednez\u0151d\u00e9s vagy reped\u00e9sek, amelyek nem befoly\u00e1solj\u00e1k a Term\u00e9k funkcionalit\u00e1s\u00e1t.<\/p>\n\n\n\n<p>Az id\u0151 m\u00fal\u00e1sa vagy a szok\u00e1sos elhaszn\u00e1l\u00f3d\u00e1s miatti k\u00e1rosod\u00e1s vagy roml\u00e1s.<\/p>\n\n\n\n<p>A \"term\u00e9szeti csap\u00e1sok\" miatti k\u00e1rok k\u00f6z\u00e9 tartoznak t\u00f6bbek k\u00f6z\u00f6tt az \u00e1rv\u00edz, torn\u00e1d\u00f3, j\u00e9ges\u0151, vill\u00e1mcsap\u00e1s, homokvihar, sz\u00e9lvihar vagy f\u00f6ldreng\u00e9s.<\/p>\n\n\n\n<p>A \"k\u00f6rnyezeti t\u00e9nyez\u0151k\" \u00e1ltal okozott k\u00e1rok k\u00f6z\u00e9 tartoznak t\u00f6bbek k\u00f6z\u00f6tt, de nem kiz\u00e1r\u00f3lagosan, a leveg\u0151ben sz\u00e1ll\u00f3 szennyez\u0151d\u00e9sek, vegyi anyagok, \u00f3ce\u00e1ni permet vagy sz\u00e9l \u00e1ltal sz\u00e1ll\u00edtott homok.<\/p>\n\n\n\n<p>A garant\u00e1lt vagy kicser\u00e9lt term\u00e9kek sz\u00e1ll\u00edt\u00e1si k\u00f6lts\u00e9geit mindk\u00e9t ir\u00e1nyba az eredeti kiskereskedelmi v\u00e1s\u00e1rl\u00f3nak el\u0151re ki kell fizetnie.<\/p>\n\n\n\n<p>Keresked\u0151i szervizd\u00edjak, munkad\u00edjak vagy utaz\u00e1si k\u00f6lts\u00e9gek. A term\u00e9k beszerel\u00e9s\u00e9vel, ellen\u0151rz\u00e9s\u00e9vel, szervizel\u00e9s\u00e9vel vagy cser\u00e9j\u00e9vel, illetve az alkatr\u00e9szek cser\u00e9j\u00e9vel kapcsolatos minden munkad\u00edj, utaz\u00e1si k\u00f6lts\u00e9g \u00e9s egy\u00e9b k\u00f6lts\u00e9g az eredeti kiskereskedelmi fogyaszt\u00f3 v\u00e1s\u00e1rl\u00f3t terheli.<\/p>\n\n\n\n<p>EZ A GARANCIA KIFEJEZETTEN MINDEN M\u00c1S, KIFEJEZETT VAGY HALLGAT\u00d3LAGOS GARANCIA HELYETT \u00c1LL, BELE\u00c9RTVE, DE NEM KIZ\u00c1R\u00d3LAGOSAN, A MEGA SPORTS UK LTD. MINDEN M\u00c1S K\u00d6TELEZETTS\u00c9G\u00c9T, BELE\u00c9RTVE A MEGA SPORTS UK LTD. MINDEN M\u00c1S HALLGAT\u00d3LAGOS SZAVATOSS\u00c1G\u00c1T, BELE\u00c9RTVE AZ ELADHAT\u00d3S\u00c1GOT VAGY A MEGHAT\u00c1ROZOTT C\u00c9LRA VAL\u00d3 ALKALMASS\u00c1GOT, FELT\u00c9VE AZONBAN, HOGY AMENNYIBEN A HALLGAT\u00d3LAGOS GARANCI\u00c1K KIZ\u00c1R\u00c1SA AZ ALKALMAZAND\u00d3 JOG SZERINT HAT\u00c1LYOS, A T\u00d6RV\u00c9NY EREJ\u00c9N\u00c9L FOGVA FELMER\u00dcL\u0150 B\u00c1RMELY HALLGAT\u00d3LAGOS GARANCIA ID\u0150TARTAMA A V\u00c1S\u00c1RL\u00c1S ID\u0150PONTJ\u00c1T\u00d3L SZ\u00c1M\u00cdTOTT EGY (1) \u00c9VRE VAGY AZ ALKALMAZAND\u00d3 JOG \u00c1LTAL EL\u0150\u00cdRT HOSSZABB ID\u0150TARTAMRA KORL\u00c1TOZ\u00d3DIK.<\/p>\n\n\n\n<p>MEGA SPORTS UK LTD HEREBY DISCLAIMS ANY AND ALL LIABILITY FOR CONSEQUENTIAL AND INCIDENTAL DAMAGES ARISING OUT OF OR IN CONNECTION WITH ANY BREACH OF THIS WARRANTY OR ANY OTHER CLAIM WITH RESPECT TO THIS PRODUCT, INCLUDING BUT NOT LIMITED TO, CLAIMS OF NEGLIGENCE, STRICT LIABILITY IN TORT OR BREACH OF CONTRACT.<\/p>\n\n\n\n<p>SOME STATES DO NOT ALLOW (A) LIMITATIONS ON HOW LONG AN IMPLIED WARRANTY LASTS OR (B) THE EXCLUSION OR LIMITATION OF INCIDENTAL OR CONSEQUENTIAL DAMAGES, SO THE ABOVE LIMITATIONS OR EXCLUSIONS MAY NOT APPLY TO YOU. THIS WARRANTY GIVES YOU SPECIFIC LEGAL RIGHTS AND YOU MAY HAVE OTHER RIGHTS WHICH VARY FROM STATE TO STATE.<\/p>\n\n\n\n<p>FOR THE ORIGINAL RETAIL PURCHASER TO SUBMIT A WARRANTY CLAIM, CALL OR WRITE MEGA SLAM HOOPS UK.<\/p>\n\n\n\n<p>TELEFON<br>020 3920 7400<br><br>EMAIL<br>support@megaslamhoops.uk<br>LEVELEZ\u00c9SI C\u00cdM<br><br>Mega Slam UK<br>The Hollies, Station Road, Chilbolton<br>Stockbridge, Hampshire<br>Egyes\u00fclt Kir\u00e1lys\u00e1g, SO20 6AL<\/p>\n<\/div>\n<\/div>","protected":false},"excerpt":{"rendered":"<p> &#8230; <a title=\"\u00c9lethosszig tart\u00f3 garancia\" class=\"read-more\" href=\"https:\/\/oncourt.online\/hu\/basketball-hoops\/lifetime-warranty\/\" aria-label=\"Read more about Lifetime Warranty\">Tov\u00e1bbi inform\u00e1ci\u00f3k<\/a><\/p>","protected":false},"author":2,"featured_media":362,"parent":34,"menu_order":0,"comment_status":"closed","ping_status":"closed","template":"","meta":{"_acf_changed":false,"inline_featured_image":false,"footnotes":""},"class_list":{"0":"post-428","1":"page","2":"type-page","3":"status-publish","4":"has-post-thumbnail","6":"infinite-scroll-item","7":"no-featured-image-padding","8":"resize-featured-image"},"acf":[],"yoast_head":"<!-- This site is optimized with the Yoast SEO Premium plugin v26.8 (Yoast SEO v27.3) - https:\/\/yoast.com\/product\/yoast-seo-premium-wordpress\/ -->\n<title>Lifetime Warranty - OnCourt Online<\/title>\n<meta name=\"description\" content=\"Mega Slam Hoops and OnCourt are committed to providing the best residential basketball systems that your money can buy.\" \/>\n<meta name=\"robots\" content=\"index, follow, max-snippet:-1, max-image-preview:large, max-video-preview:-1\" \/>\n<link rel=\"canonical\" href=\"https:\/\/oncourt.online\/hu\/kosarlabda-karikak\/elethosszig-tarto-garancia\/\" \/>\n<meta property=\"og:locale\" content=\"hu_HU\" \/>\n<meta property=\"og:type\" content=\"article\" \/>\n<meta property=\"og:title\" content=\"Lifetime Warranty\" \/>\n<meta property=\"og:description\" content=\"Mega Slam Hoops and OnCourt are committed to providing the best residential basketball systems that your money can buy.\" \/>\n<meta property=\"og:url\" content=\"https:\/\/oncourt.online\/hu\/kosarlabda-karikak\/elethosszig-tarto-garancia\/\" \/>\n<meta property=\"og:site_name\" content=\"OnCourt Online\" \/>\n<meta property=\"article:publisher\" content=\"https:\/\/www.facebook.com\/oncourt.online\/\" \/>\n<meta property=\"article:modified_time\" content=\"2026-01-03T03:34:58+00:00\" \/>\n<meta property=\"og:image\" content=\"https:\/\/oncourt.online\/wp-content\/uploads\/2021\/10\/Mega-Slam-Hoops-Lifetime-Warranty.png\" \/>\n\t<meta property=\"og:image:width\" content=\"300\" \/>\n\t<meta property=\"og:image:height\" content=\"300\" \/>\n\t<meta property=\"og:image:type\" content=\"image\/png\" \/>\n<meta name=\"twitter:card\" content=\"summary_large_image\" \/>\n<meta name=\"twitter:label1\" content=\"Becs\u00fclt olvas\u00e1si id\u0151\" \/>\n\t<meta name=\"twitter:data1\" content=\"4 perc\" \/>\n<!-- \/ Yoast SEO Premium plugin. -->","yoast_head_json":{"title":"\u00c9lethosszig tart\u00f3 garancia - OnCourt Online","description":"A Mega Slam Hoops \u00e9s az OnCourt elk\u00f6telezettek amellett, hogy a legjobb lakoss\u00e1gi kos\u00e1rlabda-rendszereket k\u00edn\u00e1lj\u00e1k, amelyeket p\u00e9nz\u00e9rt megv\u00e1s\u00e1rolhat.","robots":{"index":"index","follow":"follow","max-snippet":"max-snippet:-1","max-image-preview":"max-image-preview:large","max-video-preview":"max-video-preview:-1"},"canonical":"https:\/\/oncourt.online\/hu\/kosarlabda-karikak\/elethosszig-tarto-garancia\/","og_locale":"hu_HU","og_type":"article","og_title":"Lifetime Warranty","og_description":"Mega Slam Hoops and OnCourt are committed to providing the best residential basketball systems that your money can buy.","og_url":"https:\/\/oncourt.online\/hu\/kosarlabda-karikak\/elethosszig-tarto-garancia\/","og_site_name":"OnCourt Online","article_publisher":"https:\/\/www.facebook.com\/oncourt.online\/","article_modified_time":"2026-01-03T03:34:58+00:00","og_image":[{"width":300,"height":300,"url":"https:\/\/oncourt.online\/wp-content\/uploads\/2021\/10\/Mega-Slam-Hoops-Lifetime-Warranty.png","type":"image\/png"}],"twitter_card":"summary_large_image","twitter_misc":{"Becs\u00fclt olvas\u00e1si id\u0151":"4 perc"},"schema":{"@context":"https:\/\/schema.org","@graph":[{"@type":"WebPage","@id":"https:\/\/oncourt.online\/hu\/basketball-hoops\/lifetime-warranty\/","url":"https:\/\/oncourt.online\/hu\/basketball-hoops\/lifetime-warranty\/","name":"\u00c9lethosszig tart\u00f3 garancia - OnCourt Online","isPartOf":{"@id":"https:\/\/oncourt.online\/hu\/#website"},"primaryImageOfPage":{"@id":"https:\/\/oncourt.online\/hu\/basketball-hoops\/lifetime-warranty\/#primaryimage"},"image":{"@id":"https:\/\/oncourt.online\/hu\/basketball-hoops\/lifetime-warranty\/#primaryimage"},"thumbnailUrl":"https:\/\/oncourt.online\/wp-content\/uploads\/2021\/10\/Mega-Slam-Hoops-Lifetime-Warranty.png","datePublished":"2021-10-22T11:43:33+00:00","dateModified":"2026-01-03T03:34:58+00:00","description":"A Mega Slam Hoops \u00e9s az OnCourt elk\u00f6telezettek amellett, hogy a legjobb lakoss\u00e1gi kos\u00e1rlabda-rendszereket k\u00edn\u00e1lj\u00e1k, amelyeket p\u00e9nz\u00e9rt megv\u00e1s\u00e1rolhat.","breadcrumb":{"@id":"https:\/\/oncourt.online\/hu\/basketball-hoops\/lifetime-warranty\/#breadcrumb"},"inLanguage":"hu","potentialAction":[{"@type":"ReadAction","target":["https:\/\/oncourt.online\/hu\/basketball-hoops\/lifetime-warranty\/"]}]},{"@type":"ImageObject","inLanguage":"hu","@id":"https:\/\/oncourt.online\/hu\/basketball-hoops\/lifetime-warranty\/#primaryimage","url":"https:\/\/oncourt.online\/wp-content\/uploads\/2021\/10\/Mega-Slam-Hoops-Lifetime-Warranty.png","contentUrl":"https:\/\/oncourt.online\/wp-content\/uploads\/2021\/10\/Mega-Slam-Hoops-Lifetime-Warranty.png","width":300,"height":300,"caption":"Mega Slam Hoops - Lifetime Warranty"},{"@type":"BreadcrumbList","@id":"https:\/\/oncourt.online\/hu\/basketball-hoops\/lifetime-warranty\/#breadcrumb","itemListElement":[{"@type":"ListItem","position":1,"name":"Home","item":"https:\/\/oncourt.online\/"},{"@type":"ListItem","position":2,"name":"Basketball Hoops","item":"https:\/\/oncourt.online\/hu\/basketball-hoops\/"},{"@type":"ListItem","position":3,"name":"Lifetime Warranty"}]},{"@type":"WebSite","@id":"https:\/\/oncourt.online\/hu\/#website","url":"https:\/\/oncourt.online\/hu\/","name":"OnCourt Online","description":"Nagy teljes\u00edtm\u00e9ny\u0171 kos\u00e1rlabdap\u00e1ly\u00e1k","publisher":{"@id":"https:\/\/oncourt.online\/hu\/#organization"},"potentialAction":[{"@type":"SearchAction","target":{"@type":"EntryPoint","urlTemplate":"https:\/\/oncourt.online\/hu\/?s={search_term_string}"},"query-input":{"@type":"PropertyValueSpecification","valueRequired":true,"valueName":"search_term_string"}}],"inLanguage":"hu"},{"@type":"Organization","@id":"https:\/\/oncourt.online\/hu\/#organization","name":"OnCourt Online","url":"https:\/\/oncourt.online\/hu\/","logo":{"@type":"ImageObject","inLanguage":"hu","@id":"https:\/\/oncourt.online\/hu\/#\/schema\/logo\/image\/","url":"https:\/\/oncourt.online\/wp-content\/uploads\/2021\/12\/Logo_OnCourt_Black.svg","contentUrl":"https:\/\/oncourt.online\/wp-content\/uploads\/2021\/12\/Logo_OnCourt_Black.svg","width":"1024","height":"1024","caption":"OnCourt Online"},"image":{"@id":"https:\/\/oncourt.online\/hu\/#\/schema\/logo\/image\/"},"sameAs":["https:\/\/www.facebook.com\/oncourt.online\/"],"email":"info@oncourt.online"}]}},"_links":{"self":[{"href":"https:\/\/oncourt.online\/hu\/wp-json\/wp\/v2\/pages\/428","targetHints":{"allow":["GET"]}}],"collection":[{"href":"https:\/\/oncourt.online\/hu\/wp-json\/wp\/v2\/pages"}],"about":[{"href":"https:\/\/oncourt.online\/hu\/wp-json\/wp\/v2\/types\/page"}],"author":[{"embeddable":true,"href":"https:\/\/oncourt.online\/hu\/wp-json\/wp\/v2\/users\/2"}],"replies":[{"embeddable":true,"href":"https:\/\/oncourt.online\/hu\/wp-json\/wp\/v2\/comments?post=428"}],"version-history":[{"count":0,"href":"https:\/\/oncourt.online\/hu\/wp-json\/wp\/v2\/pages\/428\/revisions"}],"up":[{"embeddable":true,"href":"https:\/\/oncourt.online\/hu\/wp-json\/wp\/v2\/pages\/34"}],"wp:featuredmedia":[{"embeddable":true,"href":"https:\/\/oncourt.online\/hu\/wp-json\/wp\/v2\/media\/362"}],"wp:attachment":[{"href":"https:\/\/oncourt.online\/hu\/wp-json\/wp\/v2\/media?parent=428"}],"curies":[{"name":"wp","href":"https:\/\/api.w.org\/{rel}","templated":true}]}}