{"id":3706,"date":"2022-03-08T09:13:55","date_gmt":"2022-03-08T09:13:55","guid":{"rendered":"https:\/\/oncourt.online\/?page_id=3706"},"modified":"2026-01-13T08:00:41","modified_gmt":"2026-01-13T08:00:41","slug":"csatlakozzon-az-oncourt-hez","status":"publish","type":"page","link":"https:\/\/oncourt.online\/hu\/join-oncourt\/","title":{"rendered":"Dolgozzon egy\u00fctt az OnCourttal"},"content":{"rendered":"<div class=\"gb-container gb-container-c9c919f1\"><div class=\"gb-inside-container\">\n<div class=\"gb-container gb-container-cefabf47\"><div class=\"gb-inside-container\">\n\n<h2 class=\"gb-headline gb-headline-d23b44e5 gb-headline-text\">Dolgozzon egy\u00fctt egy kos\u00e1rlabdap\u00e1lya-szak\u00e9rt\u0151vel<\/h2>\n\n\n\n<p class=\"gb-headline gb-headline-b071501e gb-headline-text\">Az OnCourt Eur\u00f3pa-szerte egy\u00fcttm\u0171k\u00f6dik olyan szakemberekkel, akik k\u00fclt\u00e9ri sporttereket terveznek, \u00e9p\u00edtenek \u00e9s specifik\u00e1lnak. Partnerprogramunk olyan v\u00e1llalkoz\u00e1sok sz\u00e1m\u00e1ra k\u00e9sz\u00fclt, amelyek nagy teljes\u00edtm\u00e9ny\u0171 kos\u00e1rlabdap\u00e1ly\u00e1kat szeretn\u00e9nek k\u00edn\u00e1lni \u00fcgyfeleiknek, mindezt speci\u00e1lis term\u00e9kekkel, pontos tervez\u0151eszk\u00f6z\u00f6kkel \u00e9s szak\u00e9rt\u0151i t\u00e1mogat\u00e1ssal.<\/p>\n\n\n\n<p class=\"gb-text gb-text-6b40232a\">Nem \u00e1ltal\u00e1nos sportsz\u00e1ll\u00edt\u00f3k\u00e9nt m\u0171k\u00f6d\u00fcnk. A kos\u00e1rlabda \u00e1ll a k\u00f6z\u00e9ppontban, \u00e9s olyan partnerekkel dolgozunk egy\u00fctt, akik fontosnak tartj\u00e1k a szakszer\u0171 megval\u00f3s\u00edt\u00e1st.<\/p>\n\n\n\n<h3 class=\"gb-text gb-text-a0baa6e3\">Kikkel dolgozunk egy\u00fctt<\/h3>\n\n\n\n<p>Olyan v\u00e1llalkoz\u00e1sokkal m\u0171k\u00f6d\u00fcnk egy\u00fctt, amelyek k\u00fclt\u00e9ri \u00e9p\u00edt\u00e9ssel, tervez\u00e9ssel \u00e9s burkolatokkal foglalkoznak, bele\u00e9rtve:<\/p>\n\n\n\n<ul class=\"wp-block-list\">\n<li>\u00c1ltal\u00e1nos kivitelez\u0151k \u00e9s v\u00e1llalkoz\u00f3k<\/li>\n\n\n\n<li>T\u00e1j- \u00e9s kerttervez\u0151k<\/li>\n\n\n\n<li>F\u00f6ldmunk\u00e1t \u00e9s m\u00e9ly\u00e9p\u00edt\u00e9st v\u00e9gz\u0151 kivitelez\u0151k<\/li>\n\n\n\n<li>Sportp\u00e1lya-\u00e9p\u00edt\u0151k \u00e9s fel\u00fcletfel\u00faj\u00edt\u00e1si szak\u00e9rt\u0151k<\/li>\n\n\n\n<li>\u00c9p\u00edt\u00e9szek \u00e9s tervez\u0151k<\/li>\n\n\n\n<li>Designk\u00f6zpont\u00fa k\u00fclt\u00e9ri szakemberek<\/li>\n<\/ul>\n\n\n\n<p class=\"gb-text gb-text-b726bb2a\">Ha munk\u00e1ja k\u00fclt\u00e9ri terek tervez\u00e9s\u00e9t vagy \u00e9p\u00edt\u00e9s\u00e9t foglalja mag\u00e1ban, \u00e9s kos\u00e1rlabdap\u00e1ly\u00e1kat szeretne hozz\u00e1adni k\u00edn\u00e1lat\u00e1hoz, \u00f6r\u00f6mmel vessz\u00fck, ha jelentkezik.<\/p>\n\n\n\n<div class=\"gb-element-bbf74639\">\n<div>\n<img loading=\"lazy\" decoding=\"async\" width=\"660\" height=\"400\" class=\"img_12px_radius gb-media-76f4f695\" alt=\"\" title=\"OnCourt Modular Basketball Court Surface Installation\" src=\"https:\/\/oncourt.online\/wp-content\/uploads\/2022\/05\/OnCourt-Modular-Basketball-Court-Surface-Installation.jpg\" srcset=\"https:\/\/oncourt.online\/wp-content\/uploads\/2022\/05\/OnCourt-Modular-Basketball-Court-Surface-Installation.jpg 660w, https:\/\/oncourt.online\/wp-content\/uploads\/2022\/05\/OnCourt-Modular-Basketball-Court-Surface-Installation-300x182.jpg 300w, https:\/\/oncourt.online\/wp-content\/uploads\/2022\/05\/OnCourt-Modular-Basketball-Court-Surface-Installation-18x12.jpg 18w, https:\/\/oncourt.online\/wp-content\/uploads\/2022\/05\/OnCourt-Modular-Basketball-Court-Surface-Installation-545x330.jpg 545w\" sizes=\"auto, (max-width: 660px) 100vw, 660px\" \/>\n<\/div>\n\n\n\n<div>\n<h2 class=\"gb-text\">Mit v\u00e1rhatnak az OnCourt partnerek<\/h2>\n\n\n\n<p class=\"gb-text last_text\">Hozz\u00e1f\u00e9r\u00e9st professzion\u00e1lis p\u00e1lyatervez\u0151 eszk\u00f6z\u00f6kh\u00f6z, kedvezm\u00e9nyes \u00e1rakhoz \u00e9s szak\u00e9rt\u0151i t\u00e1mogat\u00e1shoz, hogy magabiztosan tervezhessenek, specifik\u00e1lhassanak \u00e9s val\u00f3s\u00edthassanak meg nagy teljes\u00edtm\u00e9ny\u0171 kos\u00e1rlabdap\u00e1ly\u00e1kat.<\/p>\n<\/div>\n<\/div>\n\n\n\n<h4 class=\"gb-text\">Professzion\u00e1lis tervez\u0151eszk\u00f6z\u00f6k<\/h4>\n\n\n\n<p class=\"gb-text\">Haszn\u00e1lja az OnCourt 3D kos\u00e1rlabdap\u00e1lya-tervez\u0151 platformj\u00e1t az elrendez\u00e9sek megtervez\u00e9s\u00e9hez, sz\u00edn\u00f6ssze\u00e1ll\u00edt\u00e1sok felfedez\u00e9s\u00e9hez, burkolatok \u00e9s pal\u00e1nkok specifik\u00e1l\u00e1s\u00e1hoz, valamint pontos l\u00e1tv\u00e1nytervek \u00e9s \u00e1raz\u00e1s k\u00e9sz\u00edt\u00e9s\u00e9hez az \u00fcgyf\u00e9laj\u00e1nlatokhoz.<\/p>\n\n\n\n<h4 class=\"gb-text\">Kedvezm\u00e9nyes partner\u00e1rak<\/h4>\n\n\n\n<p class=\"gb-text\">Az enged\u00e9lyezett partnerek kedvezm\u00e9nyes \u00e1rakon f\u00e9rnek hozz\u00e1 a modul\u00e1ris kos\u00e1rlabda burkolatokhoz \u00e9s a Mega Slam pal\u00e1nkokhoz, \u00edgy pr\u00e9mium megold\u00e1sokat k\u00edn\u00e1lhatnak eg\u00e9szs\u00e9ges \u00e1rr\u00e9sek mellett.<\/p>\n\n\n\n<h4 class=\"gb-text\">Szak\u00e9rt\u0151i technikai t\u00e1mogat\u00e1s<\/h4>\n\n\n\n<p class=\"gb-text\">K\u00f6zvetlen hozz\u00e1f\u00e9r\u00e9st kaphat az elrendez\u00e9sekkel, a fel\u00fcletek kiv\u00e1laszt\u00e1s\u00e1val, a telep\u00edt\u00e9si k\u00f6vetelm\u00e9nyekkel \u00e9s a term\u00e9kek p\u00e1ros\u00edt\u00e1s\u00e1val kapcsolatos \u00fatmutat\u00e1sokhoz, \u00edgy cs\u00f6kkentve a bizonytalans\u00e1got \u00e9s elker\u00fclve a helysz\u00ednen felmer\u00fcl\u0151 k\u00f6lts\u00e9ges hib\u00e1kat.<\/p>\n\n\n\n<h4 class=\"gb-text\">Egy\u00e9rtelm\u0171 specifik\u00e1ci\u00f3k \u00e9s er\u0151forr\u00e1sok<\/h4>\n\n\n\n<p class=\"gb-text gb-text-46b97fff\">Haszn\u00e1lja \u00fatmutat\u00f3inkat \u00e9s tervez\u00e9si er\u0151forr\u00e1sainkat, hogy elker\u00fclje a tal\u00e1lgat\u00e1sokat, cs\u00f6kkentse a hib\u00e1kat, \u00e9s \u00fcgyfeleinek vil\u00e1gos, magabiztos aj\u00e1nlatokat ny\u00fajtson.<\/p>\n\n\n\n<div class=\"gb-element-d984cac5\">\n<div>\n<img loading=\"lazy\" decoding=\"async\" width=\"1200\" height=\"960\" class=\"img_12px_radius gb-media-1c57b1fb\" alt=\"\" title=\"K\u00f6zepes m\u00e9ret\u0171 lak\u00f3\u00f6vezeti kos\u00e1rlabdap\u00e1lya tervez\u00e9se\" src=\"https:\/\/oncourt.online\/wp-content\/uploads\/2025\/12\/Medium-Sized-Residential-Basketball-Court-Design.webp\"\/>\n<\/div>\n\n\n\n<div>\n<h3 class=\"gb-text\">Val\u00f3di projektekhez tervezve<\/h3>\n\n\n\n<p>Az OnCourt Partner Program olyan szakembereknek sz\u00f3l, akik:<\/p>\n\n\n\n<ul class=\"wp-block-list\">\n<li>Lak\u00f3\u00e9p\u00fcletek udvarai<\/li>\n\n\n\n<li>Klub \u00e9s edz\u0151terem<\/li>\n\n\n\n<li>Iskol\u00e1k \u00e9s oktat\u00e1si int\u00e9zm\u00e9nyek<\/li>\n\n\n\n<li>Kereskedelmi vagy t\u00f6bbc\u00e9l\u00fa k\u00fclt\u00e9ri p\u00e1ly\u00e1k<\/li>\n<\/ul>\n\n\n\n<p class=\"gb-text last_text\">T\u00e1mogatjuk azokat a partnereinket, akik b\u00fcszk\u00e9k a min\u0151s\u00e9gi kivitelez\u00e9sre \u00e9s a hossz\u00fa t\u00e1v\u00fa teljes\u00edtm\u00e9nyre.<\/p>\n<\/div>\n<\/div>\n\n\n\n<div class=\"gb-element-f79012eb\">\n<h3 class=\"gb-text gb-text-5da21831\">Jelentkezzen OnCourt partnerr\u00e9<\/h3>\n\n\n\n<p class=\"gb-text not_last_text\">Ha \u00e9rdekli az egy\u00fcttm\u0171k\u00f6d\u00e9s az OnCourttal, t\u00f6ltse ki az al\u00e1bbi \u00e9rdekl\u0151d\u00e9si \u0171rlapot. <\/p>\n\n\n\n<p class=\"gb-text gb-text-209ee9ae\">Minden jelentkez\u00e9st \u00e1tn\u00e9z\u00fcnk, \u00e9s felvessz\u00fck \u00d6nnel a kapcsolatot annak megbesz\u00e9l\u00e9s\u00e9re, hogy a program megfelel\u0151-e v\u00e1llalkoz\u00e1sa sz\u00e1m\u00e1ra.<\/p>\n<\/div>\n\n\n<div class=\"gb-container gb-container-8ddfb2cf\">\n\n\n<div class=\"gb-container gb-container-51a46d57\">\n\n<div class=\"pipedriveWebForms\" data-pd-webforms=\"https:\/\/webforms.pipedrive.com\/f\/6WdPYeIodWpjw4yIXbAWwWdrPuKdvaEcVozX1Kdy1uEl1ivOk9Q3YdoNlGP7wFLZlh\"><script src=\"https:\/\/webforms.pipedrive.com\/f\/loader\"><\/script><\/div>\n\n<\/div>\n\n\n\n\n\n\n\n\n\n\n\n\n\n\n\n\n\n\n\n\n\n\n\n\n<\/div>\n<\/div><\/div>\n<\/div><\/div>","protected":false},"excerpt":{"rendered":"<p> &#8230; <a title=\"Dolgozzon egy\u00fctt az OnCourttal\" class=\"read-more\" href=\"https:\/\/oncourt.online\/hu\/join-oncourt\/\" aria-label=\"Read more about Work With OnCourt\">Tov\u00e1bbi inform\u00e1ci\u00f3k<\/a><\/p>","protected":false},"author":2,"featured_media":7048,"parent":0,"menu_order":13,"comment_status":"closed","ping_status":"closed","template":"","meta":{"_acf_changed":false,"inline_featured_image":false,"footnotes":""},"class_list":{"0":"post-3706","1":"page","2":"type-page","3":"status-publish","4":"has-post-thumbnail","6":"infinite-scroll-item","7":"no-featured-image-padding","8":"resize-featured-image"},"acf":[],"yoast_head":"<!-- This site is optimized with the Yoast SEO Premium plugin v26.8 (Yoast SEO v27.3) - https:\/\/yoast.com\/product\/yoast-seo-premium-wordpress\/ -->\n<title>OnCourt Partners | Trade Pricing &amp; Basketball Court Design Tools<\/title>\n<meta name=\"description\" content=\"Partner with OnCourt. Work with a specialist basketball court supplier. Design tools, trade pricing, and support for residential &amp; commercial projects.\" \/>\n<meta name=\"robots\" content=\"index, follow, max-snippet:-1, max-image-preview:large, max-video-preview:-1\" \/>\n<link rel=\"canonical\" href=\"https:\/\/oncourt.online\/hu\/csatlakozzon-az-oncourt-hez\/\" \/>\n<meta property=\"og:locale\" content=\"hu_HU\" \/>\n<meta property=\"og:type\" content=\"article\" \/>\n<meta property=\"og:title\" content=\"Work With OnCourt\" \/>\n<meta property=\"og:description\" content=\"Partner with OnCourt. Work with a specialist basketball court supplier. Design tools, trade pricing, and support for residential &amp; commercial projects.\" \/>\n<meta property=\"og:url\" content=\"https:\/\/oncourt.online\/hu\/csatlakozzon-az-oncourt-hez\/\" \/>\n<meta property=\"og:site_name\" content=\"OnCourt Online\" \/>\n<meta property=\"article:publisher\" content=\"https:\/\/www.facebook.com\/oncourt.online\/\" \/>\n<meta property=\"article:modified_time\" content=\"2026-01-13T08:00:41+00:00\" \/>\n<meta property=\"og:image\" content=\"https:\/\/oncourt.online\/wp-content\/uploads\/2022\/05\/OnCourt-Modular-Basketball-Court-Surface-Installation.jpg\" \/>\n\t<meta property=\"og:image:width\" content=\"660\" \/>\n\t<meta property=\"og:image:height\" content=\"400\" \/>\n\t<meta property=\"og:image:type\" content=\"image\/jpeg\" \/>\n<meta name=\"twitter:card\" content=\"summary_large_image\" \/>\n<meta name=\"twitter:label1\" content=\"Becs\u00fclt olvas\u00e1si id\u0151\" \/>\n\t<meta name=\"twitter:data1\" content=\"3 perc\" \/>\n<!-- \/ Yoast SEO Premium plugin. -->","yoast_head_json":{"title":"OnCourt Partnerek | Kereskedelmi \u00c1rak \u00e9s Kos\u00e1rlabdap\u00e1lya Tervez\u0151 Eszk\u00f6z\u00f6k","description":"Legyen OnCourt partner. Dolgozzon egy\u00fctt egy kos\u00e1rlabdap\u00e1lya-specialist\u00e1val. Tervez\u0151eszk\u00f6z\u00f6k, kereskedelmi \u00e1rak \u00e9s t\u00e1mogat\u00e1s lakoss\u00e1gi \u00e9s \u00fczleti projektekhez.","robots":{"index":"index","follow":"follow","max-snippet":"max-snippet:-1","max-image-preview":"max-image-preview:large","max-video-preview":"max-video-preview:-1"},"canonical":"https:\/\/oncourt.online\/hu\/csatlakozzon-az-oncourt-hez\/","og_locale":"hu_HU","og_type":"article","og_title":"Work With OnCourt","og_description":"Partner with OnCourt. Work with a specialist basketball court supplier. Design tools, trade pricing, and support for residential & commercial projects.","og_url":"https:\/\/oncourt.online\/hu\/csatlakozzon-az-oncourt-hez\/","og_site_name":"OnCourt Online","article_publisher":"https:\/\/www.facebook.com\/oncourt.online\/","article_modified_time":"2026-01-13T08:00:41+00:00","og_image":[{"width":660,"height":400,"url":"https:\/\/oncourt.online\/wp-content\/uploads\/2022\/05\/OnCourt-Modular-Basketball-Court-Surface-Installation.jpg","type":"image\/jpeg"}],"twitter_card":"summary_large_image","twitter_misc":{"Becs\u00fclt olvas\u00e1si id\u0151":"3 perc"},"schema":{"@context":"https:\/\/schema.org","@graph":[{"@type":"WebPage","@id":"https:\/\/oncourt.online\/hu\/join-oncourt\/","url":"https:\/\/oncourt.online\/hu\/join-oncourt\/","name":"OnCourt Partnerek | Kereskedelmi \u00c1rak \u00e9s Kos\u00e1rlabdap\u00e1lya Tervez\u0151 Eszk\u00f6z\u00f6k","isPartOf":{"@id":"https:\/\/oncourt.online\/hu\/#website"},"primaryImageOfPage":{"@id":"https:\/\/oncourt.online\/hu\/join-oncourt\/#primaryimage"},"image":{"@id":"https:\/\/oncourt.online\/hu\/join-oncourt\/#primaryimage"},"thumbnailUrl":"https:\/\/oncourt.online\/wp-content\/uploads\/2022\/05\/OnCourt-Modular-Basketball-Court-Surface-Installation.jpg","datePublished":"2022-03-08T09:13:55+00:00","dateModified":"2026-01-13T08:00:41+00:00","description":"Legyen OnCourt partner. Dolgozzon egy\u00fctt egy kos\u00e1rlabdap\u00e1lya-specialist\u00e1val. Tervez\u0151eszk\u00f6z\u00f6k, kereskedelmi \u00e1rak \u00e9s t\u00e1mogat\u00e1s lakoss\u00e1gi \u00e9s \u00fczleti projektekhez.","breadcrumb":{"@id":"https:\/\/oncourt.online\/hu\/join-oncourt\/#breadcrumb"},"inLanguage":"hu","potentialAction":[{"@type":"ReadAction","target":["https:\/\/oncourt.online\/hu\/join-oncourt\/"]}]},{"@type":"ImageObject","inLanguage":"hu","@id":"https:\/\/oncourt.online\/hu\/join-oncourt\/#primaryimage","url":"https:\/\/oncourt.online\/wp-content\/uploads\/2022\/05\/OnCourt-Modular-Basketball-Court-Surface-Installation.jpg","contentUrl":"https:\/\/oncourt.online\/wp-content\/uploads\/2022\/05\/OnCourt-Modular-Basketball-Court-Surface-Installation.jpg","width":660,"height":400},{"@type":"BreadcrumbList","@id":"https:\/\/oncourt.online\/hu\/join-oncourt\/#breadcrumb","itemListElement":[{"@type":"ListItem","position":1,"name":"Home","item":"https:\/\/oncourt.online\/"},{"@type":"ListItem","position":2,"name":"Work With OnCourt"}]},{"@type":"WebSite","@id":"https:\/\/oncourt.online\/hu\/#website","url":"https:\/\/oncourt.online\/hu\/","name":"OnCourt Online","description":"Nagy teljes\u00edtm\u00e9ny\u0171 kos\u00e1rlabdap\u00e1ly\u00e1k","publisher":{"@id":"https:\/\/oncourt.online\/hu\/#organization"},"potentialAction":[{"@type":"SearchAction","target":{"@type":"EntryPoint","urlTemplate":"https:\/\/oncourt.online\/hu\/?s={search_term_string}"},"query-input":{"@type":"PropertyValueSpecification","valueRequired":true,"valueName":"search_term_string"}}],"inLanguage":"hu"},{"@type":"Organization","@id":"https:\/\/oncourt.online\/hu\/#organization","name":"OnCourt Online","url":"https:\/\/oncourt.online\/hu\/","logo":{"@type":"ImageObject","inLanguage":"hu","@id":"https:\/\/oncourt.online\/hu\/#\/schema\/logo\/image\/","url":"https:\/\/oncourt.online\/wp-content\/uploads\/2021\/12\/Logo_OnCourt_Black.svg","contentUrl":"https:\/\/oncourt.online\/wp-content\/uploads\/2021\/12\/Logo_OnCourt_Black.svg","width":"1024","height":"1024","caption":"OnCourt Online"},"image":{"@id":"https:\/\/oncourt.online\/hu\/#\/schema\/logo\/image\/"},"sameAs":["https:\/\/www.facebook.com\/oncourt.online\/"],"email":"info@oncourt.online"}]}},"_links":{"self":[{"href":"https:\/\/oncourt.online\/hu\/wp-json\/wp\/v2\/pages\/3706","targetHints":{"allow":["GET"]}}],"collection":[{"href":"https:\/\/oncourt.online\/hu\/wp-json\/wp\/v2\/pages"}],"about":[{"href":"https:\/\/oncourt.online\/hu\/wp-json\/wp\/v2\/types\/page"}],"author":[{"embeddable":true,"href":"https:\/\/oncourt.online\/hu\/wp-json\/wp\/v2\/users\/2"}],"replies":[{"embeddable":true,"href":"https:\/\/oncourt.online\/hu\/wp-json\/wp\/v2\/comments?post=3706"}],"version-history":[{"count":1,"href":"https:\/\/oncourt.online\/hu\/wp-json\/wp\/v2\/pages\/3706\/revisions"}],"predecessor-version":[{"id":17261,"href":"https:\/\/oncourt.online\/hu\/wp-json\/wp\/v2\/pages\/3706\/revisions\/17261"}],"wp:featuredmedia":[{"embeddable":true,"href":"https:\/\/oncourt.online\/hu\/wp-json\/wp\/v2\/media\/7048"}],"wp:attachment":[{"href":"https:\/\/oncourt.online\/hu\/wp-json\/wp\/v2\/media?parent=3706"}],"curies":[{"name":"wp","href":"https:\/\/api.w.org\/{rel}","templated":true}]}}