{"id":10,"date":"2022-06-07T21:39:16","date_gmt":"2022-06-07T21:39:16","guid":{"rendered":"https:\/\/oncourt.online\/?page_id=10"},"modified":"2026-01-08T02:56:26","modified_gmt":"2026-01-08T02:56:26","slug":"visszateritesek","status":"publish","type":"page","link":"https:\/\/oncourt.online\/hu\/refund-returns\/","title":{"rendered":"Visszat\u00e9r\u00edt\u00e9si \u00e9s visszat\u00e9r\u00edt\u00e9si politika"},"content":{"rendered":"<div class=\"gb-element-a4b81a66\"><div class=\"gb-container gb-container-16508648\"><div class=\"gb-inside-container\">\n\n<h1 class=\"gb-text\">Visszat\u00e9r\u00edt\u00e9si \u00e9s visszat\u00e9r\u00edt\u00e9si politika<\/h1>\n\n\n\n<p class=\"gb-headline gb-headline-a63af49e gb-headline-text\">Rem\u00e9lj\u00fck, hogy minden OnCourt v\u00e1s\u00e1rl\u00f3 el\u00e9gedett a v\u00e1s\u00e1rl\u00e1s\u00e1val. Alkalmank\u00e9nt azonban el\u0151fordulhat, hogy valamilyen okb\u00f3l nem teljesen el\u00e9gedett. Ilyen esetben a megv\u00e1s\u00e1rolt term\u00e9keket visszak\u00fcldheti teljes visszat\u00e9r\u00edt\u00e9s, bolti j\u00f3v\u00e1\u00edr\u00e1s vagy csere c\u00e9lj\u00e1b\u00f3l.<\/p>\n\n\n\n<h2 class=\"gb-headline gb-headline-04e28294 gb-headline-text\">\u00c1ttekint\u00e9s<\/h2>\n\n\n\n<p class=\"gb-headline gb-headline-5b665cdd gb-headline-text\">Visszat\u00e9r\u00edt\u00e9si \u00e9s visszat\u00e9r\u00edt\u00e9si szab\u00e1lyzatunk 28 napig tart. Az \u00e1ru visszak\u00fcld\u00e9si sz\u00e1nd\u00e9k\u00e1r\u00f3l a k\u00e9zhezv\u00e9telt\u0151l sz\u00e1m\u00edtott 28 napon bel\u00fcl e-mailben kell \u00e9rtes\u00edtenie minket. Ha a v\u00e1s\u00e1rl\u00e1s \u00f3ta eltelt 28 nap, nem tudjuk teljes visszat\u00e9r\u00edt\u00e9st vagy cser\u00e9t aj\u00e1nlani \u00d6nnek.<\/p>\n\n\n\n<p class=\"gb-headline gb-headline-69f3bcdd gb-headline-text\">A visszak\u00fcld\u00e9shez a term\u00e9knek haszn\u00e1laton k\u00edv\u00fclinek \u00e9s ugyanolyan \u00e1llapotban kell lennie, mint ahogyan azt megkapta. A term\u00e9knek az eredeti csomagol\u00e1sban kell lennie.<\/p>\n\n\n\n<p class=\"gb-headline gb-headline-23bde10c gb-headline-text\">Az egyedi nyomtatott vagy festett p\u00e1lyafel\u00fcleteket nem kell visszak\u00fcldeni. <\/p>\n\n\n\n<p class=\"gb-headline gb-headline-1cc6618d gb-headline-text\">A visszak\u00fcld\u00e9s befejez\u00e9s\u00e9hez sz\u00fcks\u00e9g\u00fcnk van a v\u00e1s\u00e1rl\u00e1st igazol\u00f3 nyugt\u00e1ra vagy bizonylatra.<\/p>\n\n\n\n<p class=\"gb-headline gb-headline-cae31263 gb-headline-text\">K\u00e9rj\u00fck, ne k\u00fcldje vissza a v\u00e1s\u00e1rl\u00e1st a gy\u00e1rt\u00f3nak.<\/p>\n\n\n\n<p class=\"gb-headline gb-headline-a9909ab1 gb-headline-text\">Vannak bizonyos helyzetek, amikor csak r\u00e9szleges visszat\u00e9r\u00edt\u00e9sre ker\u00fcl sor:<\/p>\n\n\n\n<ul class=\"wp-block-list\">\n<li>Nyilv\u00e1nval\u00f3 haszn\u00e1lati nyomokkal rendelkez\u0151 term\u00e9kek<\/li>\n\n\n\n<li>B\u00e1rmely olyan term\u00e9k, amely nem az eredeti \u00e1llapot\u00e1ban van, s\u00e9r\u00fclt vagy hi\u00e1nyzik bel\u0151le alkatr\u00e9sz, \u00e9s nem a gy\u00e1rt\u00f3 vagy a szerel\u0151 hib\u00e1j\u00e1b\u00f3l ered.<\/li>\n\n\n\n<li>B\u00e1rmely olyan term\u00e9k, amelyet a sz\u00e1ll\u00edt\u00e1st\u00f3l sz\u00e1m\u00edtott 28 napn\u00e1l hosszabb id\u0151n bel\u00fcl visszak\u00fcldenek.<\/li>\n<\/ul>\n\n\n\n<h3 class=\"gb-headline gb-headline-b1c33d39 gb-headline-text\">Visszat\u00e9r\u00edt\u00e9sek<\/h3>\n\n\n\n<p class=\"gb-headline gb-headline-db2e4daa gb-headline-text\">Miut\u00e1n a visszak\u00fcld\u00f6tt term\u00e9ket megkaptuk \u00e9s megvizsg\u00e1ltuk, k\u00fcld\u00fcnk \u00d6nnek egy e-mailt, amelyben \u00e9rtes\u00edtj\u00fck, hogy megkaptuk a visszak\u00fcld\u00f6tt term\u00e9ket. A visszat\u00e9r\u00edt\u00e9s j\u00f3v\u00e1hagy\u00e1s\u00e1r\u00f3l vagy elutas\u00edt\u00e1s\u00e1r\u00f3l is \u00e9rtes\u00edtj\u00fck \u00d6nt.<\/p>\n\n\n\n<p class=\"gb-headline gb-headline-211c62b8 gb-headline-text\">Ha a k\u00e9relmet j\u00f3v\u00e1hagyj\u00e1k, akkor a visszat\u00e9r\u00edt\u00e9st feldolgozzuk, \u00e9s 14 napon bel\u00fcl automatikusan j\u00f3v\u00e1\u00edrjuk az \u00d6n hitelk\u00e1rty\u00e1j\u00e1n vagy eredeti fizet\u00e9si m\u00f3dj\u00e1n.<\/p>\n\n\n\n<p class=\"gb-headline gb-headline-d56db316 gb-headline-text\"><b>K\u00e9sedelmes vagy hi\u00e1nyz\u00f3 visszat\u00e9r\u00edt\u00e9sek<\/b><\/p>\n\n\n\n<p class=\"gb-headline gb-headline-948f340b gb-headline-text\">Ha m\u00e9g nem kapott visszat\u00e9r\u00edt\u00e9st, el\u0151sz\u00f6r ellen\u0151rizze \u00fajra a banksz\u00e1ml\u00e1j\u00e1t. Vegye fel a kapcsolatot a hitelk\u00e1rtya-t\u00e1rsas\u00e1g\u00e1val, eltarthat egy ideig, am\u00edg a visszat\u00e9r\u00edt\u00e9st hivatalosan elk\u00fcldik. Ezut\u00e1n l\u00e9pjen kapcsolatba a bankj\u00e1val. A visszat\u00e9r\u00edt\u00e9s k\u00f6nyvel\u00e9se gyakran n\u00e9mi feldolgoz\u00e1si id\u0151t vesz ig\u00e9nybe.<\/p>\n\n\n\n<p class=\"gb-text gb-text-3b0fbb5a\">Ha mindezt megtette, \u00e9s m\u00e9g mindig nem kapta meg a visszat\u00e9r\u00edt\u00e9st, k\u00e9rj\u00fck, l\u00e9pjen kapcsolatba vel\u00fcnk a info@oncourt.online e-mail c\u00edmen.<\/p>\n\n\n\n<h3 class=\"gb-headline gb-headline-b446ed2a gb-headline-text\">Aj\u00e1nd\u00e9kok<\/h3>\n\n\n\n<p class=\"gb-headline gb-headline-9108d094 gb-headline-text\">Ha a term\u00e9ket aj\u00e1nd\u00e9kk\u00e9nt jel\u00f6lt\u00e9k meg, amikor megv\u00e1s\u00e1rolta \u00e9s k\u00f6zvetlen\u00fcl \u00d6nnek k\u00fcldt\u00e9k, akkor a visszak\u00fcld\u00f6tt term\u00e9k \u00e9rt\u00e9k\u00e9nek megfelel\u0151 aj\u00e1nd\u00e9k j\u00f3v\u00e1\u00edr\u00e1st kap. Amint a visszak\u00fcld\u00f6tt term\u00e9k be\u00e9rkezik, az aj\u00e1nd\u00e9kutalv\u00e1nyt post\u00e1zzuk \u00d6nnek.<\/p>\n\n\n\n<p class=\"gb-headline gb-headline-5d3cf727 gb-headline-text\">Ha a term\u00e9ket v\u00e1s\u00e1rl\u00e1skor nem jel\u00f6lt\u00e9k meg aj\u00e1nd\u00e9kk\u00e9nt, vagy az aj\u00e1nd\u00e9koz\u00f3 a rendel\u00e9st saj\u00e1t mag\u00e1nak k\u00fcldte el, hogy k\u00e9s\u0151bb \u00e1tadja \u00d6nnek, akkor visszat\u00e9r\u00edt\u00e9st k\u00fcld\u00fcnk az aj\u00e1nd\u00e9koz\u00f3nak, \u00e9s t\u00e1j\u00e9koztatjuk \u0151t a visszak\u00fcld\u00e9sr\u0151l.<\/p>\n\n\n\n<h3 class=\"gb-headline gb-headline-ae81b763 gb-headline-text\">Sz\u00e1ll\u00edt\u00e1s \u00e9s visszak\u00fcld\u00e9s<\/h3>\n\n\n\n<p class=\"gb-headline gb-headline-fdc80127 gb-headline-text\">A term\u00e9k visszak\u00fcld\u00e9s\u00e9hez a term\u00e9ket a k\u00f6vetkez\u0151 c\u00edmre kell post\u00e1znia: <\/p>\n\n\n\n<p class=\"gb-headline gb-headline-7d98ac82 gb-headline-text translation-block\"><strong>Az Egyes\u00fclt Kir\u00e1lys\u00e1gban \u00e9s \u00cdrorsz\u00e1gban v\u00e1s\u00e1rolt term\u00e9kek<\/strong>: Unit 11 Stonefield Park, Martins Lane, Chilbolton, Stockbridge SO20 6AL<\/p>\n\n\n\n<p class=\"gb-headline gb-headline-b68103aa gb-headline-text translation-block\"><strong>A kontinent\u00e1lis Eur\u00f3p\u00e1ban v\u00e1s\u00e1rolt term\u00e9kek<\/strong>: OnCourt EU, Industriepark-West 43, 9100, Sint-Niklass, Belgium<\/p>\n\n\n\n<p class=\"gb-headline gb-headline-c4eac7e0 gb-headline-text\">A term\u00e9k visszak\u00fcld\u00e9s\u00e9nek sz\u00e1ll\u00edt\u00e1si k\u00f6lts\u00e9geit \u00d6n maga viseli. A sz\u00e1ll\u00edt\u00e1si k\u00f6lts\u00e9gek nem visszat\u00e9r\u00edthet\u0151k. Ha visszat\u00e9r\u00edt\u00e9st kap, a visszak\u00fcld\u00e9s k\u00f6lts\u00e9ge levon\u00e1sra ker\u00fcl a visszat\u00e9r\u00edt\u00e9sb\u0151l.<\/p>\n\n\n\n<p>Att\u00f3l f\u00fcgg\u0151en, hogy hol \u00e9l, a kicser\u00e9lt term\u00e9k eljut\u00e1sa elt\u00e9r\u0151 id\u0151t vehet ig\u00e9nybe.<\/p>\n\n\n\n<p class=\"gb-text-874a6c8e\"><span class=\"gb-shape\"><svg xmlns=\"http:\/\/www.w3.org\/2000\/svg\" viewbox=\"0 0 256 256\" fill=\"currentColor\"><path d=\"M221.66,133.66l-72,72a8,8,0,0,1-11.32-11.32L196.69,136H40a8,8,0,0,1,0-16H196.69L138.34,61.66a8,8,0,0,1,11.32-11.32l72,72A8,8,0,0,1,221.66,133.66Z\"><\/path><\/svg><\/span><span class=\"gb-text\"><strong><em><a href=\"https:\/\/oncourt.online\/hu\/szallitasi-szallitas\/\">OnCourt sz\u00e1ll\u00edt\u00e1si \u00e9s k\u00e9zbes\u00edt\u00e9si inform\u00e1ci\u00f3k<\/a><\/em><\/strong><\/span><\/p>\n\n\n\n<h3 class=\"gb-headline gb-headline-df42cdb6 gb-headline-text\">Seg\u00edts\u00e9gre van sz\u00fcks\u00e9ge?<\/h3>\n\n\n\n<p class=\"translation-block\"><a href=\"https:\/\/oncourt.online\/hu\/kapcsolatfelvetel\/\" target=\"_self\">L\u00e9pjen kapcsolatba vel\u00fcnk<\/a> az info@oncourt.online\n c\u00edmen a visszak\u00fcld\u00e9sekkel \u00e9s visszat\u00e9r\u00edt\u00e9sekkel kapcsolatos k\u00e9rd\u00e9sek eset\u00e9n.<\/p>\n\n\n\n<p class=\"gb-text-41c0004e\"><span class=\"gb-shape\"><svg xmlns=\"http:\/\/www.w3.org\/2000\/svg\" viewbox=\"0 0 256 256\" fill=\"currentColor\"><path d=\"M221.66,133.66l-72,72a8,8,0,0,1-11.32-11.32L196.69,136H40a8,8,0,0,1,0-16H196.69L138.34,61.66a8,8,0,0,1,11.32-11.32l72,72A8,8,0,0,1,221.66,133.66Z\"><\/path><\/svg><\/span><span class=\"gb-text\">K\u00e9rd\u00e9se van? <strong><em><a href=\"https:\/\/oncourt.online\/hu\/basketball-court-faq\/\">L\u00e1togassa meg az OnCourt GYIK-et<\/a><\/em><\/strong><\/span><\/p>\n\n<\/div><\/div><\/div>","protected":false},"excerpt":{"rendered":"<p> &#8230; <a title=\"Visszat\u00e9r\u00edt\u00e9si \u00e9s visszat\u00e9r\u00edt\u00e9si politika\" class=\"read-more\" href=\"https:\/\/oncourt.online\/hu\/refund-returns\/\" aria-label=\"Read more about Refund and Returns Policy\">Tov\u00e1bbi inform\u00e1ci\u00f3k<\/a><\/p>","protected":false},"author":2,"featured_media":6877,"parent":0,"menu_order":25,"comment_status":"closed","ping_status":"closed","template":"","meta":{"_acf_changed":false,"inline_featured_image":false,"footnotes":""},"class_list":{"0":"post-10","1":"page","2":"type-page","3":"status-publish","4":"has-post-thumbnail","6":"infinite-scroll-item","7":"no-featured-image-padding","8":"resize-featured-image"},"acf":[],"yoast_head":"<!-- This site is optimized with the Yoast SEO Premium plugin v26.8 (Yoast SEO v27.3) - https:\/\/yoast.com\/product\/yoast-seo-premium-wordpress\/ -->\n<title>Refund and Returns Policy - OnCourt Online<\/title>\n<meta name=\"description\" content=\"OnCourt Online refunds and returns policy. Cointact us with any questions you might have regarding refunds and returns.\" \/>\n<meta name=\"robots\" content=\"index, follow, max-snippet:-1, max-image-preview:large, max-video-preview:-1\" \/>\n<link rel=\"canonical\" href=\"https:\/\/oncourt.online\/hu\/visszateritesek\/\" \/>\n<meta property=\"og:locale\" content=\"hu_HU\" \/>\n<meta property=\"og:type\" content=\"article\" \/>\n<meta property=\"og:title\" content=\"Refund and Returns Policy\" \/>\n<meta property=\"og:description\" content=\"OnCourt Online refunds and returns policy. Cointact us with any questions you might have regarding refunds and returns.\" \/>\n<meta property=\"og:url\" content=\"https:\/\/oncourt.online\/hu\/visszateritesek\/\" \/>\n<meta property=\"og:site_name\" content=\"OnCourt Online\" \/>\n<meta property=\"article:publisher\" content=\"https:\/\/www.facebook.com\/oncourt.online\/\" \/>\n<meta property=\"article:modified_time\" content=\"2026-01-08T02:56:26+00:00\" \/>\n<meta property=\"og:image\" content=\"https:\/\/oncourt.online\/wp-content\/uploads\/2022\/05\/OnCourt-Shipping-and-Delivery-Header.jpg\" \/>\n\t<meta property=\"og:image:width\" content=\"1440\" \/>\n\t<meta property=\"og:image:height\" content=\"498\" \/>\n\t<meta property=\"og:image:type\" content=\"image\/jpeg\" \/>\n<meta name=\"twitter:card\" content=\"summary_large_image\" \/>\n<meta name=\"twitter:label1\" content=\"Becs\u00fclt olvas\u00e1si id\u0151\" \/>\n\t<meta name=\"twitter:data1\" content=\"3 perc\" \/>\n<!-- \/ Yoast SEO Premium plugin. -->","yoast_head_json":{"title":"Visszat\u00e9r\u00edt\u00e9si \u00e9s visszat\u00e9r\u00edt\u00e9si szab\u00e1lyzat - OnCourt Online","description":"OnCourt Online visszat\u00e9r\u00edt\u00e9si \u00e9s visszav\u00e9teli politika. L\u00e9pjen kapcsolatba vel\u00fcnk, ha b\u00e1rmilyen k\u00e9rd\u00e9se van a visszat\u00e9r\u00edt\u00e9ssel \u00e9s a visszak\u00fcld\u00e9ssel kapcsolatban.","robots":{"index":"index","follow":"follow","max-snippet":"max-snippet:-1","max-image-preview":"max-image-preview:large","max-video-preview":"max-video-preview:-1"},"canonical":"https:\/\/oncourt.online\/hu\/visszateritesek\/","og_locale":"hu_HU","og_type":"article","og_title":"Refund and Returns Policy","og_description":"OnCourt Online refunds and returns policy. Cointact us with any questions you might have regarding refunds and returns.","og_url":"https:\/\/oncourt.online\/hu\/visszateritesek\/","og_site_name":"OnCourt Online","article_publisher":"https:\/\/www.facebook.com\/oncourt.online\/","article_modified_time":"2026-01-08T02:56:26+00:00","og_image":[{"width":1440,"height":498,"url":"https:\/\/oncourt.online\/wp-content\/uploads\/2022\/05\/OnCourt-Shipping-and-Delivery-Header.jpg","type":"image\/jpeg"}],"twitter_card":"summary_large_image","twitter_misc":{"Becs\u00fclt olvas\u00e1si id\u0151":"3 perc"},"schema":{"@context":"https:\/\/schema.org","@graph":[{"@type":"WebPage","@id":"https:\/\/oncourt.online\/hu\/refund-returns\/","url":"https:\/\/oncourt.online\/hu\/refund-returns\/","name":"Visszat\u00e9r\u00edt\u00e9si \u00e9s visszat\u00e9r\u00edt\u00e9si szab\u00e1lyzat - OnCourt Online","isPartOf":{"@id":"https:\/\/oncourt.online\/hu\/#website"},"primaryImageOfPage":{"@id":"https:\/\/oncourt.online\/hu\/refund-returns\/#primaryimage"},"image":{"@id":"https:\/\/oncourt.online\/hu\/refund-returns\/#primaryimage"},"thumbnailUrl":"https:\/\/oncourt.online\/wp-content\/uploads\/2022\/05\/OnCourt-Shipping-and-Delivery-Header.jpg","datePublished":"2022-06-07T21:39:16+00:00","dateModified":"2026-01-08T02:56:26+00:00","description":"OnCourt Online visszat\u00e9r\u00edt\u00e9si \u00e9s visszav\u00e9teli politika. L\u00e9pjen kapcsolatba vel\u00fcnk, ha b\u00e1rmilyen k\u00e9rd\u00e9se van a visszat\u00e9r\u00edt\u00e9ssel \u00e9s a visszak\u00fcld\u00e9ssel kapcsolatban.","breadcrumb":{"@id":"https:\/\/oncourt.online\/hu\/refund-returns\/#breadcrumb"},"inLanguage":"hu","potentialAction":[{"@type":"ReadAction","target":["https:\/\/oncourt.online\/hu\/refund-returns\/"]}]},{"@type":"ImageObject","inLanguage":"hu","@id":"https:\/\/oncourt.online\/hu\/refund-returns\/#primaryimage","url":"https:\/\/oncourt.online\/wp-content\/uploads\/2022\/05\/OnCourt-Shipping-and-Delivery-Header.jpg","contentUrl":"https:\/\/oncourt.online\/wp-content\/uploads\/2022\/05\/OnCourt-Shipping-and-Delivery-Header.jpg","width":1440,"height":498,"caption":"Shipping & Delivery | OnCourt"},{"@type":"BreadcrumbList","@id":"https:\/\/oncourt.online\/hu\/refund-returns\/#breadcrumb","itemListElement":[{"@type":"ListItem","position":1,"name":"Home","item":"https:\/\/oncourt.online\/"},{"@type":"ListItem","position":2,"name":"Refund and Returns Policy"}]},{"@type":"WebSite","@id":"https:\/\/oncourt.online\/hu\/#website","url":"https:\/\/oncourt.online\/hu\/","name":"OnCourt Online","description":"Nagy teljes\u00edtm\u00e9ny\u0171 kos\u00e1rlabdap\u00e1ly\u00e1k","publisher":{"@id":"https:\/\/oncourt.online\/hu\/#organization"},"potentialAction":[{"@type":"SearchAction","target":{"@type":"EntryPoint","urlTemplate":"https:\/\/oncourt.online\/hu\/?s={search_term_string}"},"query-input":{"@type":"PropertyValueSpecification","valueRequired":true,"valueName":"search_term_string"}}],"inLanguage":"hu"},{"@type":"Organization","@id":"https:\/\/oncourt.online\/hu\/#organization","name":"OnCourt Online","url":"https:\/\/oncourt.online\/hu\/","logo":{"@type":"ImageObject","inLanguage":"hu","@id":"https:\/\/oncourt.online\/hu\/#\/schema\/logo\/image\/","url":"https:\/\/oncourt.online\/wp-content\/uploads\/2021\/12\/Logo_OnCourt_Black.svg","contentUrl":"https:\/\/oncourt.online\/wp-content\/uploads\/2021\/12\/Logo_OnCourt_Black.svg","width":"1024","height":"1024","caption":"OnCourt Online"},"image":{"@id":"https:\/\/oncourt.online\/hu\/#\/schema\/logo\/image\/"},"sameAs":["https:\/\/www.facebook.com\/oncourt.online\/"],"email":"info@oncourt.online"}]}},"_links":{"self":[{"href":"https:\/\/oncourt.online\/hu\/wp-json\/wp\/v2\/pages\/10","targetHints":{"allow":["GET"]}}],"collection":[{"href":"https:\/\/oncourt.online\/hu\/wp-json\/wp\/v2\/pages"}],"about":[{"href":"https:\/\/oncourt.online\/hu\/wp-json\/wp\/v2\/types\/page"}],"author":[{"embeddable":true,"href":"https:\/\/oncourt.online\/hu\/wp-json\/wp\/v2\/users\/2"}],"replies":[{"embeddable":true,"href":"https:\/\/oncourt.online\/hu\/wp-json\/wp\/v2\/comments?post=10"}],"version-history":[{"count":0,"href":"https:\/\/oncourt.online\/hu\/wp-json\/wp\/v2\/pages\/10\/revisions"}],"wp:featuredmedia":[{"embeddable":true,"href":"https:\/\/oncourt.online\/hu\/wp-json\/wp\/v2\/media\/6877"}],"wp:attachment":[{"href":"https:\/\/oncourt.online\/hu\/wp-json\/wp\/v2\/media?parent=10"}],"curies":[{"name":"wp","href":"https:\/\/api.w.org\/{rel}","templated":true}]}}