{"id":6797,"date":"2022-05-26T13:42:42","date_gmt":"2022-05-26T13:42:42","guid":{"rendered":"https:\/\/oncourt.online\/?page_id=6797"},"modified":"2026-01-09T02:04:24","modified_gmt":"2026-01-09T02:04:24","slug":"shipping-delivery","status":"publish","type":"page","link":"https:\/\/oncourt.online\/hr\/shipping-delivery\/","title":{"rendered":"Dostava i isporuka"},"content":{"rendered":"<div class=\"gb-container gb-container-f34a8199\">\n<div class=\"gb-container gb-container-235943a7\">\n\n<h2 class=\"gb-headline gb-headline-88ee416e gb-headline-text\">Pravila dostave OnCourt Online<\/h2>\n\n\n\n<p class=\"gb-headline gb-headline-0924883b gb-headline-text not_last_text\">Dostava OnCourta ovisi o odabranim proizvodima. Ako kupujete komplet za teren, obru\u010d i komponente \u0161alju se \u0161to je prije mogu\u0107e kako bi se mogli uklju\u010diti u izradu podloge. Povr\u0161ine terena proizvode se i \u0161alju nakon pripreme, koja trenuta\u010dno traje 10\u201312 tjedana. <\/p>\n\n\n\n<p class=\"gb-text not_last_text\">Dostupnost isporuke razlikuje se ovisno o zemlji. Isporu\u010dujemo samo u odabrane regije prikazane tijekom naplate.<\/p>\n\n\n\n<p>Ako va\u0161a zemlja nije navedena i planirate projekt ko\u0161arka\u0161kog terena, slobodno nas kontaktirajte kako bismo procijenili mogu\u0107nosti. Dostupnost se procjenjuje pojedina\u010dno. <\/p>\n\n\n\n<h3 class=\"gb-headline gb-headline-3e94b795 gb-headline-text\">Modularne sportske podloge isporu\u010dene spremne za Plug &amp; Play ugradnju<\/h3>\n\n\n\n<p class=\"gb-headline gb-headline-e71567d7 gb-headline-text not_last_text\">Podloge za terene isporu\u010duju se u paketima spremnima za jednostavnu samoinstalaciju. Svaki teren dolazi na paleti, s numeriranim plo\u010dama i kartom za orijentaciju (Dostava za privatne adrese je do ruba kolnika).<\/p>\n\n\n\n<p class=\"translation-block\">Svaki modularni sportski teren izra\u0111uje se po narud\u017ebi, <strong>pri \u010demu proizvodnja traje pribli\u017eno<\/strong> <strong>10\u201312 tjedana<\/strong> od potvr\u0111enog zaprimanja narud\u017ebe. Rokovi isporuke razlikuju se ovisno o lokaciji, a nakon otpreme primit \u0107ete obavijest s procijenjenim datumom dolaska i pra\u0107enjem po\u0161iljke (aktivno nakon carinjenja u zemlji odredi\u0161ta). Sve carine su unaprijed pla\u0107ene, a isporuke se obavljaju na DDP (Delivered Duty Paid) osnovi, bez skrivenih tro\u0161kova.<\/p>\n\n\n<div class=\"gb-container gb-container-cfce094b\">\n\n<h2 class=\"gb-text\">Otprema proizvoda<\/h2>\n\n\n\n<p>Osim ako nije druga\u010dije navedeno, sve se narud\u017ebe iz OnCourta \u0161alju putem pouzdanih uobi\u010dajenih prijevoznika. Proizvodi se \u0161alju potpuno novi i u dobrom stanju, kako je ogla\u0161eno. Ko\u0161arka\u0161ki sustavi se isporu\u010duju putem <strong>Dostava do ruba ceste<\/strong>, \u0161to zna\u010di da \u0107e va\u0161a narud\u017eba biti dostavljena na rubnik na kraju va\u0161eg prilaza. Molimo vas da imate na umu ovu uslugu <strong>Ne uklju\u010duje instalaciju, monta\u017eu ili uklanjanje ambala\u017ee.<\/strong>.<\/p>\n\n\n\n<h3 class=\"gb-headline gb-headline-bce52be2 gb-headline-text\">Promjene adrese nakon otpreme<\/h3>\n\n\n\n<p>Ako se adresa isporuke promijeni nakon \u0161to po\u0161iljku preuzme cestovni prijevoznik, to se smatra ponovnom otpremom i primjenjuju se dodatni tro\u0161kovi.<\/p>\n\n\n\n<h3 class=\"gb-headline gb-headline-ab76306c gb-headline-text\">Rok isporuke<\/h3>\n\n\n\n<p class=\"translation-block\">Isporuke se obi\u010dno obavljaju <strong>od ponedjeljka do petka, izme\u0111u 08:00 i 18:00<\/strong>. Vrijeme isporuke mo\u017ee varirati ovisno o va\u0161oj lokaciji, ruti voza\u010da i nepredvi\u0111enim \u010dimbenicima poput prometa ili vremenskih uvjeta.<\/p>\n\n\n\n<h3 class=\"gb-headline gb-headline-d3e65b23 gb-headline-text\">Dostavno vozilo i pristup<\/h3>\n\n\n\n<p class=\"gb-text not_last_text translation-block\">Maloprodajne narud\u017ebe isporu\u010duju se putem <strong>te\u0161kih teretnih vozila (npr. LGV\/artikulirani kamion)<\/strong> i obi\u010dno uklju\u010duju <strong>hidrauli\u010dnu podiznu platformu<\/strong>. Voza\u010d je odgovoran za istovar proizvoda i njegovo postavljanje uz rub kolnika. Ako se izvr\u0161e dodatne usluge isporuke, mogu se naplatiti dodatni tro\u0161kovi.<\/p>\n\n\n\n<p class=\"translation-block\">Pa\u017eljivo provjerite dostavnicu kako biste potvrdili da <strong>nisu izvr\u0161ene dodatne usluge<\/strong>. Ako jesu, OnCourt zadr\u017eava pravo da <strong>proslijedi te tro\u0161kove<\/strong>.<\/p>\n\n\n\n<h3 class=\"wp-block-heading\" id=\"h-delivery-signature-amp-inspection\">Potpis i pregled pri isporuci<\/h3>\n\n\n\n<p class=\"gb-text not_last_text translation-block\">Prilikom isporuke potreban je <strong>potpis<\/strong>. Ambala\u017eu morate pregledati <strong>prije potpisivanja<\/strong>. Ako je potrebno, mo\u017eete otvoriti kutiju kako biste provjerili stanje sadr\u017eaja, posebno <strong>staklene plo\u010de<\/strong>, koje su osjetljivije tijekom transporta.<\/p>\n\n\n\n<p>Ako bilo koji dio po\u0161iljke izgleda o\u0161te\u0107en:<\/p>\n\n\n\n<ul class=\"wp-block-list\">\n<li><strong>Nemojte odbiti dostavu.<\/strong><\/li>\n\n\n\n<li>Napi\u0161ite jasne bilje\u0161ke na potvrdi o dostavi opisuju\u0107i problem (npr., <em>\u201cStra\u017enja plo\u010da se razbila pri dostavi.\u201d<\/em>).<\/li>\n\n\n\n<li>Uzmite jasno <strong>fotografije \u0161tete<\/strong>.<\/li>\n\n\n\n<li>Po\u0161aljite potpisani ra\u010dun i fotografije na\u0161em timu za podr\u0161ku i mi \u0107emo vam poslati <strong>zamjenski dio<\/strong> odmah.<\/li>\n<\/ul>\n\n\n\n<p class=\"gb-text not_last_text\">U me\u0111uvremenu mo\u017eete nastaviti s bilo kojim koracima postavljanja koji nisu pogo\u0111eni (npr. postavljanje sidara i ostavljanje betona da o\u010dvrsne).<\/p>\n\n\n\n<p>Za sve dostave potrebna je potpisa. Primatelj \u0107e morati potpisati potvrdu o primitku dostave i dostava ne\u0107e biti izvr\u0161ena bez nje.<\/p>\n\n\n\n<h3 class=\"gb-headline gb-headline-7838bbbd gb-headline-text\">Va\u017ene napomene o dostavi<\/h3>\n\n\n\n<ul class=\"wp-block-list\">\n<li>Svi artikli napu\u0161taju na\u0161 skladi\u0161te <strong>potpuno nov i neo\u0161te\u0107en<\/strong>.<\/li>\n\n\n\n<li>Ako \u0161teta nije prijavljena na otpremnici, vi <strong>osloboditi nositelja od odgovornosti<\/strong> i mo\u017eda ne\u0107e mo\u0107i zatra\u017eiti naknadu.<\/li>\n\n\n\n<li><strong>Kaljeno staklo<\/strong> Ne puca \u2014 razbija se. Ako je va\u0161a stra\u017enja plo\u010da slomljena, bit \u0107e u <strong>mnogi mali komadi\u0107i<\/strong>, ne napuknuto.<\/li>\n<\/ul>\n\n\n\n<p>Za va\u0161u za\u0161titu, <strong>Napi\u0161ite \u201cPredmet inspekcije\u201d pored svog potpisa<\/strong> prilikom preuzimanja dostave.<\/p>\n\n\n\n<h3 class=\"gb-headline gb-headline-dd213a82 gb-headline-text\">Pristup dostavi<\/h3>\n\n\n\n<p>Ako na va\u0161u lokaciju ne mo\u017ee pristupiti veliko dostavno vozilo (npr. uske ceste, strme prilazi, ogra\u0111ena naselja), mo\u017eda \u0107ete morati:<\/p>\n\n\n\n<ul class=\"wp-block-list\">\n<li>Preuzmite svoju narud\u017ebu na lokalnom terminalu ili<\/li>\n\n\n\n<li>Organizirajte kona\u010dnu dostavu putem kurirske slu\u017ebe tre\u0107e strane.<\/li>\n<\/ul>\n\n\n\n<h3 class=\"gb-headline gb-headline-f4f6c8ad gb-headline-text\">Nedostavljive narud\u017ebe<\/h3>\n\n\n\n<p>Ako se po\u0161iljka vrati kao <strong>Neporucivo<\/strong> ili <strong>Odbijeno<\/strong>, a <strong>20% naknada za ponovno zalihanje<\/strong> \u0107e se primijeniti, a vi \u0107ete biti odgovorni za sve izvorne tro\u0161kove dostave.<\/p>\n\n<\/div>\n\n\n<h3 class=\"gb-headline gb-headline-77bdb557 gb-headline-text\">Po\u0161iljka i carina (narud\u017ebe izvan EU)<\/h3>\n\n\n\n<p class=\"gb-headline gb-headline-f02c1b4c gb-headline-text\">Za sve poslane narud\u017ebe <strong>izvan Europske unije<\/strong>:<\/p>\n\n\n\n<ul class=\"wp-block-list\">\n<li>Prikazane cijene pri zavr\u0161etku kupnje ne uklju\u010duju lokalne poreze, uvozne pristojbe ili tro\u0161kove carinskog postupka.<\/li>\n\n\n\n<li>Vi ste evidentirani uvoznik i isklju\u010divo ste odgovorni za sve takve tro\u0161kove pri isporuci.<\/li>\n\n\n\n<li>OnCourt ne prikuplja niti upla\u0107uje PDV\/GST, uvozne pristojbe ili carinske pristojbe za odredi\u0161ta izvan EU.<\/li>\n\n\n\n<li>Ako se naplate odbiju ili ne budu podmirene, to mo\u017ee dovesti do ka\u0161njenja, povrata ili napu\u0161tanja po\u0161iljke. OnCourt nije odgovoran za bilo kakve nastale tro\u0161kove ili gubitke i ne\u0107e vratiti tro\u0161kove dostave niti tro\u0161kove proizvoda u tim slu\u010dajevima.<\/li>\n<\/ul>\n\n\n\n<p>Dovr\u0161avanjem kupnje potvr\u0111ujete i prihva\u0107ate ove uvjete.<\/p>\n\n<\/div>\n<\/div>\n\n<div class=\"gb-container gb-container-aedea16a\" id=\"megaslam-shipping\">\n<div class=\"gb-container gb-container-492b5ca3\">\n\n<h2 class=\"gb-headline gb-headline-65d8dcc4 gb-headline-text\">Glatka dostava va\u0161eg Mega Slam ko\u0161a <\/h2>\n\n\n\n<p class=\"gb-headline gb-headline-880344a0 gb-headline-text\">Kada naru\u010dite na oncourt.online, obru\u010d dostavljamo direktno do ruba kolnika \u2013 izravno iz na\u0161eg skladi\u0161ta, s kamiona na va\u0161u adresu, bez gubitka vremena. Koristite na\u0161u kontrolnu listu s 5 to\u010daka kako biste osigurali glatku dostavu va\u0161eg <a href=\"https:\/\/oncourt.online\/hr\/kosarkaski-obruci\/\"><em><strong>Mega Slam Ko\u0161<\/strong><\/em><\/a>. <\/p>\n\n\n\n<figure class=\"wp-block-image size-full is-resized\"><img loading=\"lazy\" decoding=\"async\" width=\"600\" height=\"600\" src=\"https:\/\/oncourt.online\/wp-content\/uploads\/2021\/10\/Mega-Slam-Hoop-s-Order-Confirmation.png\" alt=\"Mega Slam Hoops - Potvrda narud\u017ebe\" class=\"wp-image-422\" style=\"width:150px;height:auto\" srcset=\"https:\/\/oncourt.online\/wp-content\/uploads\/2021\/10\/Mega-Slam-Hoop-s-Order-Confirmation.png 600w, https:\/\/oncourt.online\/wp-content\/uploads\/2021\/10\/Mega-Slam-Hoop-s-Order-Confirmation-100x100.png 100w, https:\/\/oncourt.online\/wp-content\/uploads\/2021\/10\/Mega-Slam-Hoop-s-Order-Confirmation-545x545.png 545w\" sizes=\"auto, (max-width: 600px) 100vw, 600px\" \/><\/figure>\n\n\n\n<h4 class=\"gb-headline gb-headline-8536b972 gb-headline-text\">1. Potvrdite svoju narud\u017ebu<\/h4>\n\n\n\n<p class=\"gb-headline gb-headline-9f1a5517 gb-headline-text\">\u010cestitamo na narud\u017ebi novog ko\u0161a! Potra\u017eite e-mail s detaljima va\u0161e narud\u017ebe. <\/p>\n\n\n\n<figure class=\"wp-block-image size-full is-resized\"><img loading=\"lazy\" decoding=\"async\" width=\"600\" height=\"600\" src=\"https:\/\/oncourt.online\/wp-content\/uploads\/2021\/10\/Mega-Slam-Hoops-Arrange-Delivery.png\" alt=\"Mega Slam Hoops - Dogovorite dostavu\" class=\"wp-image-419\" style=\"width:150px;height:150px\" srcset=\"https:\/\/oncourt.online\/wp-content\/uploads\/2021\/10\/Mega-Slam-Hoops-Arrange-Delivery.png 600w, https:\/\/oncourt.online\/wp-content\/uploads\/2021\/10\/Mega-Slam-Hoops-Arrange-Delivery-100x100.png 100w, https:\/\/oncourt.online\/wp-content\/uploads\/2021\/10\/Mega-Slam-Hoops-Arrange-Delivery-545x545.png 545w\" sizes=\"auto, (max-width: 600px) 100vw, 600px\" \/><\/figure>\n\n\n\n<h4 class=\"gb-headline gb-headline-9bfe8bb5 gb-headline-text\">2. Otprema i dostava <\/h4>\n\n\n\n<p class=\"gb-headline gb-headline-290fa9d6 gb-headline-text\">Dobit \u0107ete potvrdu o otpremi va\u0161e narud\u017ebe, koja \u0107e uklju\u010divati i predvi\u0111eni rok isporuke. <\/p>\n\n\n\n<figure class=\"wp-block-image size-full is-resized\"><img loading=\"lazy\" decoding=\"async\" width=\"600\" height=\"600\" src=\"https:\/\/oncourt.online\/wp-content\/uploads\/2021\/10\/Mega-Slam-Hoops-Curbside-Delivery.png\" alt=\"Mega Slam Hoops - Dostava do ruba ceste\" class=\"wp-image-420\" style=\"width:150px;height:150px\" srcset=\"https:\/\/oncourt.online\/wp-content\/uploads\/2021\/10\/Mega-Slam-Hoops-Curbside-Delivery.png 600w, https:\/\/oncourt.online\/wp-content\/uploads\/2021\/10\/Mega-Slam-Hoops-Curbside-Delivery-100x100.png 100w, https:\/\/oncourt.online\/wp-content\/uploads\/2021\/10\/Mega-Slam-Hoops-Curbside-Delivery-545x545.png 545w\" sizes=\"auto, (max-width: 600px) 100vw, 600px\" \/><\/figure>\n\n\n\n<h4 class=\"gb-headline gb-headline-111f7f0a gb-headline-text\">3. Napravite prostor za svoj ko\u0161<\/h4>\n\n\n\n<p class=\"gb-headline gb-headline-cdd4e7d1 gb-headline-text\">Mega Slam ko\u0161arka\u0161ki sustavi su veliki (do 340 kg), a paleta za dostavu zauzima dosta prostora pri isporuci (Rezidencijalne narud\u017ebe dostavljaju se do ruba kolnika).<\/p>\n\n\n\n<figure class=\"wp-block-image size-full is-resized\"><img loading=\"lazy\" decoding=\"async\" width=\"600\" height=\"600\" src=\"https:\/\/oncourt.online\/wp-content\/uploads\/2021\/10\/Mega-Slam-Shipping-Boxes.png\" alt=\"Mega Slam transportne kutije\" class=\"wp-image-421\" style=\"width:150px;height:150px\" srcset=\"https:\/\/oncourt.online\/wp-content\/uploads\/2021\/10\/Mega-Slam-Shipping-Boxes.png 600w, https:\/\/oncourt.online\/wp-content\/uploads\/2021\/10\/Mega-Slam-Shipping-Boxes-100x100.png 100w, https:\/\/oncourt.online\/wp-content\/uploads\/2021\/10\/Mega-Slam-Shipping-Boxes-545x545.png 545w\" sizes=\"auto, (max-width: 600px) 100vw, 600px\" \/><\/figure>\n\n\n\n<h4 class=\"gb-headline gb-headline-c4d17918 gb-headline-text\">4. Provjerite dostavu svog ko\u0161a<\/h4>\n\n\n\n<p class=\"gb-headline gb-headline-b333a103 gb-headline-text\">Ovisno o veli\u010dini va\u0161e narud\u017ebe, provjerite je li ispravan broj kutija pri\u010dvr\u0161\u0107en na svaku paletu (svaki sustav dolazi na jednoj paleti s jasno numeriranim kutijama). U redu je ako su neke kutije udubljene ili podrapane \u2014 na\u0161i sustavi su robusni i pre\u017eivjet \u0107e manja o\u0161te\u0107enja pakiranja. <\/p>\n\n\n\n<figure class=\"wp-block-image size-full is-resized\"><img loading=\"lazy\" decoding=\"async\" width=\"600\" height=\"600\" src=\"https:\/\/oncourt.online\/wp-content\/uploads\/2021\/10\/Mega-Slam-Hoops-Signed-Delivery.png\" alt=\"Mega Slam Hoops - Potpisana dostava\" class=\"wp-image-417\" style=\"width:150px;height:150px\" srcset=\"https:\/\/oncourt.online\/wp-content\/uploads\/2021\/10\/Mega-Slam-Hoops-Signed-Delivery.png 600w, https:\/\/oncourt.online\/wp-content\/uploads\/2021\/10\/Mega-Slam-Hoops-Signed-Delivery-100x100.png 100w, https:\/\/oncourt.online\/wp-content\/uploads\/2021\/10\/Mega-Slam-Hoops-Signed-Delivery-545x545.png 545w\" sizes=\"auto, (max-width: 600px) 100vw, 600px\" \/><\/figure>\n\n\n\n<h4 class=\"gb-headline gb-headline-f3ff4626 gb-headline-text\">5. Potpi\u0161ite kako biste preuzeli dostavu<\/h4>\n\n\n\n<p class=\"gb-headline gb-headline-0e5ad3a7 gb-headline-text\">Va\u0161 ljubazan dostavlja\u010d sada \u0107e vas zamoliti za potpis kako bi vam predao ko\u0161arka\u0161ki sustav. Ako primijetite vidljiva o\u0161te\u0107enja na kutijama (ili sustavu), zabilje\u017eite ih na otpremnici i fotografirajte prije potpisivanja.<br>Ako su neki artikli o\u0161te\u0107eni, preuzmite dostavu i odmah nas kontaktirajte. U e-mail prilo\u017eite fotografije i mi \u0107emo ubrzati isporuku zamjenskih dijelova. <\/p>\n\n\n\n<figure class=\"wp-block-image size-full is-resized\"><img loading=\"lazy\" decoding=\"async\" width=\"750\" height=\"750\" src=\"https:\/\/oncourt.online\/wp-content\/uploads\/2021\/10\/MegaDlam-Installation-Dig-and-Pour.png\" alt=\"\" class=\"wp-image-319\" style=\"width:188px;height:188px\" srcset=\"https:\/\/oncourt.online\/wp-content\/uploads\/2021\/10\/MegaDlam-Installation-Dig-and-Pour.png 750w, https:\/\/oncourt.online\/wp-content\/uploads\/2021\/10\/MegaDlam-Installation-Dig-and-Pour-100x100.png 100w, https:\/\/oncourt.online\/wp-content\/uploads\/2021\/10\/MegaDlam-Installation-Dig-and-Pour-545x545.png 545w\" sizes=\"auto, (max-width: 750px) 100vw, 750px\" \/><\/figure>\n\n\n\n<h3 class=\"gb-headline gb-headline-a22b1bbf gb-headline-text\">Instalacija<\/h3>\n\n\n\n<p class=\"gb-headline gb-headline-507bcc99 gb-headline-text\">Kada vam ko\u0161 stigne, vrijeme je za<a href=\"https:\/\/oncourt.online\/hr\/vodici\/instalacija\/vodic-za-ugradnju-kosarkaskog-kosa\/\"> <em><strong>instalaciju va\u0161eg Mega Slam Hoop<\/strong><\/em><\/a>.<\/p>\n\n<\/div>\n<\/div>","protected":false},"excerpt":{"rendered":"<p> ... <a title=\"Dostava i isporuka\" class=\"read-more\" href=\"https:\/\/oncourt.online\/hr\/shipping-delivery\/\" aria-label=\"Read more about Shipping And Delivery\">Pro\u010ditajte vi\u0161e<\/a><\/p>","protected":false},"author":2,"featured_media":6877,"parent":0,"menu_order":24,"comment_status":"closed","ping_status":"closed","template":"","meta":{"_acf_changed":false,"inline_featured_image":false,"footnotes":""},"class_list":{"0":"post-6797","1":"page","2":"type-page","3":"status-publish","4":"has-post-thumbnail","6":"infinite-scroll-item","7":"no-featured-image-padding","8":"resize-featured-image"},"acf":[],"yoast_head":"<!-- This site is optimized with the Yoast SEO Premium plugin v26.8 (Yoast SEO v26.9) - https:\/\/yoast.com\/product\/yoast-seo-premium-wordpress\/ -->\n<title>Shipping &amp; Delivery Information | OnCourt<\/title>\n<meta name=\"description\" content=\"Shipping and delivery information, including delivery methods, access planning, handling advice, and important notes for OnCourt orders.\" \/>\n<meta name=\"robots\" content=\"index, follow, max-snippet:-1, max-image-preview:large, max-video-preview:-1\" \/>\n<link rel=\"canonical\" href=\"https:\/\/oncourt.online\/hr\/shipping-delivery\/\" \/>\n<meta property=\"og:locale\" content=\"hr_HR\" \/>\n<meta property=\"og:type\" content=\"article\" \/>\n<meta property=\"og:title\" content=\"Shipping And Delivery\" \/>\n<meta property=\"og:description\" content=\"Shipping and delivery information, including delivery methods, access planning, handling advice, and important notes for OnCourt orders.\" \/>\n<meta property=\"og:url\" content=\"https:\/\/oncourt.online\/hr\/shipping-delivery\/\" \/>\n<meta property=\"og:site_name\" content=\"OnCourt Online\" \/>\n<meta property=\"article:publisher\" content=\"https:\/\/www.facebook.com\/oncourt.online\/\" \/>\n<meta property=\"article:modified_time\" content=\"2026-01-09T02:04:24+00:00\" \/>\n<meta property=\"og:image\" content=\"https:\/\/oncourt.online\/wp-content\/uploads\/2022\/05\/OnCourt-Shipping-and-Delivery-Header.jpg\" \/>\n\t<meta property=\"og:image:width\" content=\"1440\" \/>\n\t<meta property=\"og:image:height\" content=\"498\" \/>\n\t<meta property=\"og:image:type\" content=\"image\/jpeg\" \/>\n<meta name=\"twitter:card\" content=\"summary_large_image\" \/>\n<meta name=\"twitter:label1\" content=\"Procijenjeno vrijeme \u010ditanja\" \/>\n\t<meta name=\"twitter:data1\" content=\"6 minuta\" \/>\n<!-- \/ Yoast SEO Premium plugin. -->","yoast_head_json":{"title":"Informacije o Dostavi | OnCourt","description":"Informacije o isporuci i dostavi, uklju\u010duju\u0107i metode dostave, planiranje pristupa, savjete za rukovanje i va\u017ene napomene za OnCourt narud\u017ebe.","robots":{"index":"index","follow":"follow","max-snippet":"max-snippet:-1","max-image-preview":"max-image-preview:large","max-video-preview":"max-video-preview:-1"},"canonical":"https:\/\/oncourt.online\/hr\/shipping-delivery\/","og_locale":"hr_HR","og_type":"article","og_title":"Shipping And Delivery","og_description":"Shipping and delivery information, including delivery methods, access planning, handling advice, and important notes for OnCourt orders.","og_url":"https:\/\/oncourt.online\/hr\/shipping-delivery\/","og_site_name":"OnCourt Online","article_publisher":"https:\/\/www.facebook.com\/oncourt.online\/","article_modified_time":"2026-01-09T02:04:24+00:00","og_image":[{"width":1440,"height":498,"url":"https:\/\/oncourt.online\/wp-content\/uploads\/2022\/05\/OnCourt-Shipping-and-Delivery-Header.jpg","type":"image\/jpeg"}],"twitter_card":"summary_large_image","twitter_misc":{"Procijenjeno vrijeme \u010ditanja":"6 minuta"},"schema":{"@context":"https:\/\/schema.org","@graph":[{"@type":"WebPage","@id":"https:\/\/oncourt.online\/hr\/shipping-delivery\/","url":"https:\/\/oncourt.online\/hr\/shipping-delivery\/","name":"Informacije o Dostavi | OnCourt","isPartOf":{"@id":"https:\/\/oncourt.online\/hr\/#website"},"primaryImageOfPage":{"@id":"https:\/\/oncourt.online\/hr\/shipping-delivery\/#primaryimage"},"image":{"@id":"https:\/\/oncourt.online\/hr\/shipping-delivery\/#primaryimage"},"thumbnailUrl":"https:\/\/oncourt.online\/wp-content\/uploads\/2022\/05\/OnCourt-Shipping-and-Delivery-Header.jpg","datePublished":"2022-05-26T13:42:42+00:00","dateModified":"2026-01-09T02:04:24+00:00","description":"Informacije o isporuci i dostavi, uklju\u010duju\u0107i metode dostave, planiranje pristupa, savjete za rukovanje i va\u017ene napomene za OnCourt narud\u017ebe.","breadcrumb":{"@id":"https:\/\/oncourt.online\/hr\/shipping-delivery\/#breadcrumb"},"inLanguage":"hr","potentialAction":[{"@type":"ReadAction","target":["https:\/\/oncourt.online\/hr\/shipping-delivery\/"]}]},{"@type":"ImageObject","inLanguage":"hr","@id":"https:\/\/oncourt.online\/hr\/shipping-delivery\/#primaryimage","url":"https:\/\/oncourt.online\/wp-content\/uploads\/2022\/05\/OnCourt-Shipping-and-Delivery-Header.jpg","contentUrl":"https:\/\/oncourt.online\/wp-content\/uploads\/2022\/05\/OnCourt-Shipping-and-Delivery-Header.jpg","width":1440,"height":498,"caption":"Shipping & Delivery | OnCourt"},{"@type":"BreadcrumbList","@id":"https:\/\/oncourt.online\/hr\/shipping-delivery\/#breadcrumb","itemListElement":[{"@type":"ListItem","position":1,"name":"Home","item":"https:\/\/oncourt.online\/"},{"@type":"ListItem","position":2,"name":"Shipping And Delivery"}]},{"@type":"WebSite","@id":"https:\/\/oncourt.online\/hr\/#website","url":"https:\/\/oncourt.online\/hr\/","name":"OnCourt Online","description":"Ko\u0161arka\u0161ka igrali\u0161ta visokih performansi","publisher":{"@id":"https:\/\/oncourt.online\/hr\/#organization"},"potentialAction":[{"@type":"SearchAction","target":{"@type":"EntryPoint","urlTemplate":"https:\/\/oncourt.online\/hr\/?s={search_term_string}"},"query-input":{"@type":"PropertyValueSpecification","valueRequired":true,"valueName":"search_term_string"}}],"inLanguage":"hr"},{"@type":"Organization","@id":"https:\/\/oncourt.online\/hr\/#organization","name":"OnCourt Online","url":"https:\/\/oncourt.online\/hr\/","logo":{"@type":"ImageObject","inLanguage":"hr","@id":"https:\/\/oncourt.online\/hr\/#\/schema\/logo\/image\/","url":"https:\/\/oncourt.online\/wp-content\/uploads\/2021\/12\/Logo_OnCourt_Black.svg","contentUrl":"https:\/\/oncourt.online\/wp-content\/uploads\/2021\/12\/Logo_OnCourt_Black.svg","width":"1024","height":"1024","caption":"OnCourt Online"},"image":{"@id":"https:\/\/oncourt.online\/hr\/#\/schema\/logo\/image\/"},"sameAs":["https:\/\/www.facebook.com\/oncourt.online\/"],"email":"info@oncourt.online"}]}},"_links":{"self":[{"href":"https:\/\/oncourt.online\/hr\/wp-json\/wp\/v2\/pages\/6797","targetHints":{"allow":["GET"]}}],"collection":[{"href":"https:\/\/oncourt.online\/hr\/wp-json\/wp\/v2\/pages"}],"about":[{"href":"https:\/\/oncourt.online\/hr\/wp-json\/wp\/v2\/types\/page"}],"author":[{"embeddable":true,"href":"https:\/\/oncourt.online\/hr\/wp-json\/wp\/v2\/users\/2"}],"replies":[{"embeddable":true,"href":"https:\/\/oncourt.online\/hr\/wp-json\/wp\/v2\/comments?post=6797"}],"version-history":[{"count":0,"href":"https:\/\/oncourt.online\/hr\/wp-json\/wp\/v2\/pages\/6797\/revisions"}],"wp:featuredmedia":[{"embeddable":true,"href":"https:\/\/oncourt.online\/hr\/wp-json\/wp\/v2\/media\/6877"}],"wp:attachment":[{"href":"https:\/\/oncourt.online\/hr\/wp-json\/wp\/v2\/media?parent=6797"}],"curies":[{"name":"wp","href":"https:\/\/api.w.org\/{rel}","templated":true}]}}