{"id":428,"date":"2021-10-22T11:43:33","date_gmt":"2021-10-22T11:43:33","guid":{"rendered":"https:\/\/oncourt.online\/?page_id=428"},"modified":"2026-01-03T03:34:58","modified_gmt":"2026-01-03T03:34:58","slug":"dovichna-harantiia","status":"publish","type":"page","link":"https:\/\/oncourt.online\/hr\/basketball-hoops\/lifetime-warranty\/","title":{"rendered":"Do\u017eivotno jamstvo"},"content":{"rendered":"<div class=\"gb-element-118ef599\">\n<div class=\"gb-element-d7eed537\">\n<h2 class=\"gb-headline gb-headline-96ad026f gb-headline-text\">Dovoljno za do\u017eivotne zakucavanja, slamove i jamove<\/h2>\n\n\n\n<p class=\"gb-headline gb-headline-78623ab6 gb-headline-text\">Mega Slam Hoops i OnCourt posve\u0107eni su pru\u017eanju najboljih stambenih ko\u0161arka\u0161kih sustava koje novac mo\u017ee kupiti. Proizvodi Mega Slam dizajnirani su da traju cijeli \u017eivot. Stoga je logi\u010dno da i jamstvo traje jednako dugo.<br>Ne\u0107ete prona\u0107i nijedno od ovih obe\u0107anja kod drugih proizvo\u0111a\u010da ko\u0161arka\u0161kih obru\u010da. Zapravo, stojimo iza Mega Slam Hoops ko\u0161arka\u0161kih sustava i jam\u010dimo izvrsne performanse za do\u017eivotnu igru, pa \u010dak i u najsitnijim detaljima.<\/p>\n\n\n\n<p class=\"gb-headline gb-headline-c6f59d0a gb-headline-text\"><br><strong>Ko\u0161arka\u0161ki sustavi \u2013 ograni\u010deno do\u017eivotno jamstvo<\/strong><br>Pokri\u0107e ograni\u010denog do\u017eivotnog jamstva odnosi se samo na izvornog maloprodajnog kupca koji je kupio Mega Slam Hoops (\u201cProizvod\u201d), pri \u010demu se jam\u010di da su strukturni dijelovi Proizvoda bez nedostataka u materijalu i izradi, podlo\u017eno ograni\u010denjima opisanim u nastavku. \u201cNedostaci\u201d se definiraju kao nepravilnosti koje ometaju uporabu proizvoda.<\/p>\n\n\n\n<p>THE LIMITED LIFETIME WARRANTY COVERAGE IS EXTENDED ONLY TO THE ORIGINAL RETAIL PURCHASER AND TERMINATES IF THE ORIGINAL RETAIL PURCHASER OTHERWISE TRANSFERS OR SELLS THE PRODUCT. THIS WARRANTY IS VOID IF THE PRODUCT HAS BEEN DAMAGED BY IMPROPER SERVICE, NEGLIGENCE, ACCIDENT, UNREASONABLE USE, IMPROPER INSTALLATION, OR OTHER CAUSES NOT RESULTING FROM DEFECTS IN MATERIAL AND WORKMANSHIP. <\/p>\n\n\n\n<p>Subject to proper installation in accordance with the installation instructions; normal residential use for glass backboards; normal basketball related activities; and has been maintained in agreement with the instructions.<\/p>\n\n\n\n<p class=\"gb-headline gb-headline-1de06637 gb-headline-text\"><br><strong>Zahtjevi za jamstvo<\/strong><br>Proof of purchase by the original retail Consumer Purchaser is required for all warranty claims.<\/p>\n\n\n\n<p>Mega Sports UK Ltd reserves the right to examine physical evidence or photographs of the Product, or component parts, claimed to be defective, and to recover said Product, prior to authorising a warranty claim. If applicable, a \u201cReturn Merchandise Authorisation\u201d (RMA) number will be required prior to shipping damaged Product by original retail Consumer Purchaser with freight prepaid.<\/p>\n\n\n\n<p>In returning a Product or component part for repair or replacement under this warranty, the original Consumer Purchaser must prepay all shipping transportation, insurance and delivery costs, and the Product or component parts, must be delivered in either its original carton or a similar package affording an equal degree of protection.<\/p>\n\n\n\n<p>Mega Sports UK Ltd will not be responsible for any loss or damage incurred in connection with the return of this Product or component parts.<\/p>\n\n\n\n<p>Ograni\u010deno do\u017eivotno jamstvo ne pokriva sljede\u0107e:<\/p>\n\n\n\n<p>Ova jamstva se ne odnose na bilo koji proizvod koji je bio izlo\u017een zlouporabi, nasilnom postupanju, nenormalnoj upotrebi, nemaru, izmjenama, nesre\u0107i, nepravilnoj instalaciji, vandalizmu ili po\u017earu.<\/p>\n\n\n\n<p>Bojom, zahr\u0111alim dijelovima, povr\u0161inskim ogrebotinama, izblijedjenjem, promjenom boje ili pukotinama koje ne utje\u010du na funkcionalnost Proizvoda.<\/p>\n\n\n\n<p>O\u0161te\u0107enje ili propadanje zbog vremena ili uobi\u010dajenog habanja.<\/p>\n\n\n\n<p>\u0160teta uzrokovana \u201cdjelima Bo\u017ejim\u201d uklju\u010duje, ali nije ograni\u010dena na poplave, tornada, tu\u010du, munje, pje\u0161\u010dane oluje, vjetrovite oluje ili potrese.<\/p>\n\n\n\n<p>\u0160teta uzrokovana \u201cokoli\u0161nim \u010dimbenicima\u201d uklju\u010duje, ali nije ograni\u010dena na takve stvari kao \u0161to su zra\u010dni talog, kemikalije, morski prskanje ili pijesak no\u0161en vjetrom.<\/p>\n\n\n\n<p>Tro\u0161kove dostave u oba smjera za jam\u010dene ili zamijenjene artikle mora unaprijed platiti izvorni maloprodajni kupac.<\/p>\n\n\n\n<p>Naknade servisera, tro\u0161kovi rada ili putni tro\u0161kovi. Svi tro\u0161kovi rada, putni tro\u0161kovi i ostale naknade povezane s ugradnjom, pregledom, servisiranjem ili zamjenom Proizvoda ili zamjenom njegovih komponenti bit \u0107e na teret izvornog maloprodajnog kupca.<\/p>\n\n\n\n<p>OVA JAMSTVA DAVANJA SE IZRI\u010cITO DAJE UMJESTO SVIH DRUGIH JAMSTAVA, IZRI\u010cITIH ILI PRE\u0160UTNIH, UKLJU\u010cUJU\u0106I, ALI NE OGRANI\u010cENO NA BILO KOJE PRE\u0160UTNO JAMSTVO O PRODAJNOJ VRIJEDNOSTI ILI PRIMJENJIVOSTI ZA ODRE\u0110ENU NAMJENU, I SVIH DRUGIH OBVEZA IZ DJELOVANJA TVRTKE MEGA SPORTS UK LTD, ME\u0110UTIM, DA AKO ODRICANJE OD ODGOVORNOSTI ZA PRE\u0160UTNA JAMSTVA STIJE\u017dE NA SNAGU PREMA VA\u017dE\u0106EM ZAKONU, TRAJANJE SVIH PRE\u0160UTNIH JAMSTAVA KOJA NASTAJU PO SILI ZAKONA BIT \u0106E OGRANI\u010cENO NA JEDNU (1) GODINU OD DATUMA KUPNJE ILI NA TAKAV DU\u017dI ROK KOJI MO\u017dE BITI ZAHTIJEVAN PREMA VA\u017dE\u0106EM ZAKONU.<\/p>\n\n\n\n<p>MEGA SPORTS UK LTD HEREBY DISCLAIMS ANY AND ALL LIABILITY FOR CONSEQUENTIAL AND INCIDENTAL DAMAGES ARISING OUT OF OR IN CONNECTION WITH ANY BREACH OF THIS WARRANTY OR ANY OTHER CLAIM WITH RESPECT TO THIS PRODUCT, INCLUDING BUT NOT LIMITED TO, CLAIMS OF NEGLIGENCE, STRICT LIABILITY IN TORT OR BREACH OF CONTRACT.<\/p>\n\n\n\n<p>SOME STATES DO NOT ALLOW (A) LIMITATIONS ON HOW LONG AN IMPLIED WARRANTY LASTS OR (B) THE EXCLUSION OR LIMITATION OF INCIDENTAL OR CONSEQUENTIAL DAMAGES, SO THE ABOVE LIMITATIONS OR EXCLUSIONS MAY NOT APPLY TO YOU. THIS WARRANTY GIVES YOU SPECIFIC LEGAL RIGHTS AND YOU MAY HAVE OTHER RIGHTS WHICH VARY FROM STATE TO STATE.<\/p>\n\n\n\n<p>FOR THE ORIGINAL RETAIL PURCHASER TO SUBMIT A WARRANTY CLAIM, CALL OR WRITE MEGA SLAM HOOPS UK.<\/p>\n\n\n\n<p>TELEFON<br>020 3920 7400<br><br>E-po\u0161ta<br>support@megaslamhoops.uk<br>Po\u0161tanska adresa<br><br>Mega Slam UK<br>The Hollies, Stanica cesta, Chilbolton<br>Stockbridge, Hampshire<br>Ujedinjeno Kraljevstvo, SO20 6AL<\/p>\n<\/div>\n<\/div>","protected":false},"excerpt":{"rendered":"<p> ... <a title=\"Do\u017eivotno jamstvo\" class=\"read-more\" href=\"https:\/\/oncourt.online\/hr\/basketball-hoops\/lifetime-warranty\/\" aria-label=\"Read more about Lifetime Warranty\">Pro\u010ditajte vi\u0161e<\/a><\/p>","protected":false},"author":2,"featured_media":362,"parent":34,"menu_order":0,"comment_status":"closed","ping_status":"closed","template":"","meta":{"_acf_changed":false,"inline_featured_image":false,"footnotes":""},"class_list":{"0":"post-428","1":"page","2":"type-page","3":"status-publish","4":"has-post-thumbnail","6":"infinite-scroll-item","7":"no-featured-image-padding","8":"resize-featured-image"},"acf":[],"yoast_head":"<!-- This site is optimized with the Yoast SEO Premium plugin v26.8 (Yoast SEO v26.9) - https:\/\/yoast.com\/product\/yoast-seo-premium-wordpress\/ -->\n<title>Lifetime Warranty - OnCourt Online<\/title>\n<meta name=\"description\" content=\"Mega Slam Hoops and OnCourt are committed to providing the best residential basketball systems that your money can buy.\" \/>\n<meta name=\"robots\" content=\"index, follow, max-snippet:-1, max-image-preview:large, max-video-preview:-1\" \/>\n<link rel=\"canonical\" href=\"https:\/\/oncourt.online\/hr\/kosarkaski-obruci\/dovichna-harantiia\/\" \/>\n<meta property=\"og:locale\" content=\"hr_HR\" \/>\n<meta property=\"og:type\" content=\"article\" \/>\n<meta property=\"og:title\" content=\"Lifetime Warranty\" \/>\n<meta property=\"og:description\" content=\"Mega Slam Hoops and OnCourt are committed to providing the best residential basketball systems that your money can buy.\" \/>\n<meta property=\"og:url\" content=\"https:\/\/oncourt.online\/hr\/kosarkaski-obruci\/dovichna-harantiia\/\" \/>\n<meta property=\"og:site_name\" content=\"OnCourt Online\" \/>\n<meta property=\"article:publisher\" content=\"https:\/\/www.facebook.com\/oncourt.online\/\" \/>\n<meta property=\"article:modified_time\" content=\"2026-01-03T03:34:58+00:00\" \/>\n<meta property=\"og:image\" content=\"https:\/\/oncourt.online\/wp-content\/uploads\/2021\/10\/Mega-Slam-Hoops-Lifetime-Warranty.png\" \/>\n\t<meta property=\"og:image:width\" content=\"300\" \/>\n\t<meta property=\"og:image:height\" content=\"300\" \/>\n\t<meta property=\"og:image:type\" content=\"image\/png\" \/>\n<meta name=\"twitter:card\" content=\"summary_large_image\" \/>\n<meta name=\"twitter:label1\" content=\"Procijenjeno vrijeme \u010ditanja\" \/>\n\t<meta name=\"twitter:data1\" content=\"4 minute\" \/>\n<!-- \/ Yoast SEO Premium plugin. -->","yoast_head_json":{"title":"Do\u017eivotno jamstvo - OnCourt Online","description":"Mega Slam Hoops i OnCourt posve\u0107eni su pru\u017eanju najboljih stambenih ko\u0161arka\u0161kih sustava koje novac mo\u017ee kupiti.","robots":{"index":"index","follow":"follow","max-snippet":"max-snippet:-1","max-image-preview":"max-image-preview:large","max-video-preview":"max-video-preview:-1"},"canonical":"https:\/\/oncourt.online\/hr\/kosarkaski-obruci\/dovichna-harantiia\/","og_locale":"hr_HR","og_type":"article","og_title":"Lifetime Warranty","og_description":"Mega Slam Hoops and OnCourt are committed to providing the best residential basketball systems that your money can buy.","og_url":"https:\/\/oncourt.online\/hr\/kosarkaski-obruci\/dovichna-harantiia\/","og_site_name":"OnCourt Online","article_publisher":"https:\/\/www.facebook.com\/oncourt.online\/","article_modified_time":"2026-01-03T03:34:58+00:00","og_image":[{"width":300,"height":300,"url":"https:\/\/oncourt.online\/wp-content\/uploads\/2021\/10\/Mega-Slam-Hoops-Lifetime-Warranty.png","type":"image\/png"}],"twitter_card":"summary_large_image","twitter_misc":{"Procijenjeno vrijeme \u010ditanja":"4 minute"},"schema":{"@context":"https:\/\/schema.org","@graph":[{"@type":"WebPage","@id":"https:\/\/oncourt.online\/hr\/basketball-hoops\/lifetime-warranty\/","url":"https:\/\/oncourt.online\/hr\/basketball-hoops\/lifetime-warranty\/","name":"Do\u017eivotno jamstvo - OnCourt Online","isPartOf":{"@id":"https:\/\/oncourt.online\/hr\/#website"},"primaryImageOfPage":{"@id":"https:\/\/oncourt.online\/hr\/basketball-hoops\/lifetime-warranty\/#primaryimage"},"image":{"@id":"https:\/\/oncourt.online\/hr\/basketball-hoops\/lifetime-warranty\/#primaryimage"},"thumbnailUrl":"https:\/\/oncourt.online\/wp-content\/uploads\/2021\/10\/Mega-Slam-Hoops-Lifetime-Warranty.png","datePublished":"2021-10-22T11:43:33+00:00","dateModified":"2026-01-03T03:34:58+00:00","description":"Mega Slam Hoops i OnCourt posve\u0107eni su pru\u017eanju najboljih stambenih ko\u0161arka\u0161kih sustava koje novac mo\u017ee kupiti.","breadcrumb":{"@id":"https:\/\/oncourt.online\/hr\/basketball-hoops\/lifetime-warranty\/#breadcrumb"},"inLanguage":"hr","potentialAction":[{"@type":"ReadAction","target":["https:\/\/oncourt.online\/hr\/basketball-hoops\/lifetime-warranty\/"]}]},{"@type":"ImageObject","inLanguage":"hr","@id":"https:\/\/oncourt.online\/hr\/basketball-hoops\/lifetime-warranty\/#primaryimage","url":"https:\/\/oncourt.online\/wp-content\/uploads\/2021\/10\/Mega-Slam-Hoops-Lifetime-Warranty.png","contentUrl":"https:\/\/oncourt.online\/wp-content\/uploads\/2021\/10\/Mega-Slam-Hoops-Lifetime-Warranty.png","width":300,"height":300,"caption":"Mega Slam Hoops - Lifetime Warranty"},{"@type":"BreadcrumbList","@id":"https:\/\/oncourt.online\/hr\/basketball-hoops\/lifetime-warranty\/#breadcrumb","itemListElement":[{"@type":"ListItem","position":1,"name":"Home","item":"https:\/\/oncourt.online\/"},{"@type":"ListItem","position":2,"name":"Basketball Hoops","item":"https:\/\/oncourt.online\/hr\/basketball-hoops\/"},{"@type":"ListItem","position":3,"name":"Lifetime Warranty"}]},{"@type":"WebSite","@id":"https:\/\/oncourt.online\/hr\/#website","url":"https:\/\/oncourt.online\/hr\/","name":"OnCourt Online","description":"Ko\u0161arka\u0161ka igrali\u0161ta visokih performansi","publisher":{"@id":"https:\/\/oncourt.online\/hr\/#organization"},"potentialAction":[{"@type":"SearchAction","target":{"@type":"EntryPoint","urlTemplate":"https:\/\/oncourt.online\/hr\/?s={search_term_string}"},"query-input":{"@type":"PropertyValueSpecification","valueRequired":true,"valueName":"search_term_string"}}],"inLanguage":"hr"},{"@type":"Organization","@id":"https:\/\/oncourt.online\/hr\/#organization","name":"OnCourt Online","url":"https:\/\/oncourt.online\/hr\/","logo":{"@type":"ImageObject","inLanguage":"hr","@id":"https:\/\/oncourt.online\/hr\/#\/schema\/logo\/image\/","url":"https:\/\/oncourt.online\/wp-content\/uploads\/2021\/12\/Logo_OnCourt_Black.svg","contentUrl":"https:\/\/oncourt.online\/wp-content\/uploads\/2021\/12\/Logo_OnCourt_Black.svg","width":"1024","height":"1024","caption":"OnCourt Online"},"image":{"@id":"https:\/\/oncourt.online\/hr\/#\/schema\/logo\/image\/"},"sameAs":["https:\/\/www.facebook.com\/oncourt.online\/"],"email":"info@oncourt.online"}]}},"_links":{"self":[{"href":"https:\/\/oncourt.online\/hr\/wp-json\/wp\/v2\/pages\/428","targetHints":{"allow":["GET"]}}],"collection":[{"href":"https:\/\/oncourt.online\/hr\/wp-json\/wp\/v2\/pages"}],"about":[{"href":"https:\/\/oncourt.online\/hr\/wp-json\/wp\/v2\/types\/page"}],"author":[{"embeddable":true,"href":"https:\/\/oncourt.online\/hr\/wp-json\/wp\/v2\/users\/2"}],"replies":[{"embeddable":true,"href":"https:\/\/oncourt.online\/hr\/wp-json\/wp\/v2\/comments?post=428"}],"version-history":[{"count":0,"href":"https:\/\/oncourt.online\/hr\/wp-json\/wp\/v2\/pages\/428\/revisions"}],"up":[{"embeddable":true,"href":"https:\/\/oncourt.online\/hr\/wp-json\/wp\/v2\/pages\/34"}],"wp:featuredmedia":[{"embeddable":true,"href":"https:\/\/oncourt.online\/hr\/wp-json\/wp\/v2\/media\/362"}],"wp:attachment":[{"href":"https:\/\/oncourt.online\/hr\/wp-json\/wp\/v2\/media?parent=428"}],"curies":[{"name":"wp","href":"https:\/\/api.w.org\/{rel}","templated":true}]}}