{"id":10,"date":"2022-06-07T21:39:16","date_gmt":"2022-06-07T21:39:16","guid":{"rendered":"https:\/\/oncourt.online\/?page_id=10"},"modified":"2026-01-08T02:56:26","modified_gmt":"2026-01-08T02:56:26","slug":"refund-returns","status":"publish","type":"page","link":"https:\/\/oncourt.online\/hr\/refund-returns\/","title":{"rendered":"Pravila o povratu novca i vra\u0107anju robe"},"content":{"rendered":"<div class=\"gb-element-a4b81a66\"><div class=\"gb-container gb-container-16508648\"><div class=\"gb-inside-container\">\n\n<h1 class=\"gb-text\">Pravila o povratu novca i vra\u0107anju robe<\/h1>\n\n\n\n<p class=\"gb-headline gb-headline-a63af49e gb-headline-text\">Nadamo se da su svi OnCourt kupci zadovoljni svojom kupnjom. Povremeno se mo\u017ee dogoditi da iz bilo kojeg razloga niste u potpunosti zadovoljni. U tom slu\u010daju mo\u017eete nam vratiti kupljenu robu radi potpunog povrata novca, kredita u trgovini ili zamjene.<\/p>\n\n\n\n<h2 class=\"gb-headline gb-headline-04e28294 gb-headline-text\">Pregled<\/h2>\n\n\n\n<p class=\"gb-headline gb-headline-5b665cdd gb-headline-text\">Na\u0161a politika povrata i zamjene vrijedi 28 dana. Morate nas obavijestiti e-po\u0161tom o svojoj namjeri povrata robe unutar 28 dana od primitka. Ako je pro\u0161lo 28 dana od va\u0161e kupnje, ne mo\u017eemo vam ponuditi puni povrat novca ili zamjenu.<\/p>\n\n\n\n<p class=\"gb-headline gb-headline-69f3bcdd gb-headline-text\">Da biste imali pravo na povrat, va\u0161 artikl mora biti neiskori\u0161ten i u istom stanju u kojem ste ga primili. Tako\u0111er mora biti u originalnom pakiranju.<\/p>\n\n\n\n<p class=\"gb-headline gb-headline-23bde10c gb-headline-text\">Prilago\u0111ene tiskom ili bojom terenske povr\u0161ine ne mogu se vratiti. <\/p>\n\n\n\n<p class=\"gb-headline gb-headline-1cc6618d gb-headline-text\">Za dovr\u0161etak povrata potrebna nam je potvrda o kupnji ili ra\u010dun.<\/p>\n\n\n\n<p class=\"gb-headline gb-headline-cae31263 gb-headline-text\">Molimo vas da svoj kupljeni proizvod ne \u0161aljete nazad proizvo\u0111a\u010du.<\/p>\n\n\n\n<p class=\"gb-headline gb-headline-a9909ab1 gb-headline-text\">Postoje odre\u0111ene situacije u kojima se odobravaju samo djelomi\u010dna povrata novca:<\/p>\n\n\n\n<ul class=\"wp-block-list\">\n<li>Proizvodi s o\u010ditima znakovima kori\u0161tenja<\/li>\n\n\n\n<li>Bilo koji predmet koji nije u izvornom stanju, o\u0161te\u0107en je ili mu nedostaju dijelovi iz razloga koji nisu posljedica pogre\u0161ke proizvo\u0111a\u010da ili instalatera.<\/li>\n\n\n\n<li>Bilo koji artikl koji se vrati vi\u0161e od 28 dana nakon isporuke<\/li>\n<\/ul>\n\n\n\n<h3 class=\"gb-headline gb-headline-b1c33d39 gb-headline-text\">Povrat novca<\/h3>\n\n\n\n<p class=\"gb-headline gb-headline-db2e4daa gb-headline-text\">Nakon \u0161to primimo i pregledamo va\u0161 povrat, poslat \u0107emo vam e-po\u0161tu kako bismo vas obavijestili da smo primili vra\u0107eni artikl. Tako\u0111er \u0107emo vas obavijestiti o odobrenju ili odbijanju va\u0161eg povrata novca.<\/p>\n\n\n\n<p class=\"gb-headline gb-headline-211c62b8 gb-headline-text\">Ako se zahtjev odobri, va\u0161 \u0107e povrat biti obra\u0111en, a kredit \u0107e se automatski primijeniti na va\u0161u kreditnu karticu ili izvorni na\u010din pla\u0107anja u roku od 14 dana.<\/p>\n\n\n\n<p class=\"gb-headline gb-headline-d56db316 gb-headline-text\"><b>Zaka\u0161njena ili izostala povrata sredstava<\/b><\/p>\n\n\n\n<p class=\"gb-headline gb-headline-948f340b gb-headline-text\">Ako jo\u0161 niste primili povrat novca, prvo ponovno provjerite svoj bankovni ra\u010dun. Kontaktirajte svoju kreditnu karticu; mo\u017ee pro\u0107i neko vrijeme prije nego \u0161to se povrat novca slu\u017ebeno prikazuje. Zatim kontaktirajte svoju banku. \u010cesto je potrebno neko vrijeme obrade prije nego \u0161to se povrat novca prikazuje.<\/p>\n\n\n\n<p class=\"gb-text gb-text-3b0fbb5a\">Ako ste sve ovo u\u010dinili, a jo\u0161 uvijek niste primili svoj povrat novca, molimo vas da nas kontaktirate na info@oncourt.online.<\/p>\n\n\n\n<h3 class=\"gb-headline gb-headline-b446ed2a gb-headline-text\">Darovi<\/h3>\n\n\n\n<p class=\"gb-headline gb-headline-9108d094 gb-headline-text\">Ako je artikl prilikom kupnje ozna\u010den kao poklon i poslan izravno vama, dobit \u0107ete kredit za poklon u iznosu vrijednosti va\u0161eg povrata. Nakon \u0161to se vra\u0107eni artikl primi, poklon-bon \u0107e vam biti poslan po\u0161tom.<\/p>\n\n\n\n<p class=\"gb-headline gb-headline-5d3cf727 gb-headline-text\">Ako artikl pri kupnji nije bio ozna\u010den kao poklon ili je darodavac narud\u017ebu poslao sebi kako bi vam je kasnije poklonio, izvr\u0161it \u0107emo povrat novca darodavcu i obavijestiti ga o povratu.<\/p>\n\n\n\n<h3 class=\"gb-headline gb-headline-ae81b763 gb-headline-text\">Dostava i povrat<\/h3>\n\n\n\n<p class=\"gb-headline gb-headline-fdc80127 gb-headline-text\">Da biste vratili svoj proizvod, trebali biste poslati svoj proizvod na adresu: <\/p>\n\n\n\n<p class=\"gb-headline gb-headline-7d98ac82 gb-headline-text translation-block\"><strong>Proizvodi kupljeni u Ujedinjenom Kraljevstvu i Irskoj<\/strong>: Unit 11 Stonefield Park, Martins Lane, Chilbolton, Stockbridge SO20 6AL<\/p>\n\n\n\n<p class=\"gb-headline gb-headline-b68103aa gb-headline-text translation-block\"><strong>Proizvodi kupljeni u kontinentalnoj Europi<\/strong>: OnCourt EU, Industriepark-West 43, 9100, Sint-Niklass, Belgium<\/p>\n\n\n\n<p class=\"gb-headline gb-headline-c4eac7e0 gb-headline-text\">Vi \u0107ete snositi tro\u0161kove dostave za povrat va\u0161eg artikla. Tro\u0161kovi dostave su nepovratni. Ako dobijete povrat novca, tro\u0161ak povratne dostave bit \u0107e odbit od va\u0161eg povrata novca.<\/p>\n\n\n\n<p>Ovisno o tome gdje \u017eivite, vrijeme potrebno da vam stigne zamijenjeni proizvod mo\u017ee varirati.<\/p>\n\n\n\n<p class=\"gb-text-874a6c8e\"><span class=\"gb-shape\"><svg xmlns=\"http:\/\/www.w3.org\/2000\/svg\" viewbox=\"0 0 256 256\" fill=\"currentColor\"><path d=\"M221.66,133.66l-72,72a8,8,0,0,1-11.32-11.32L196.69,136H40a8,8,0,0,1,0-16H196.69L138.34,61.66a8,8,0,0,1,11.32-11.32l72,72A8,8,0,0,1,221.66,133.66Z\"><\/path><\/svg><\/span><span class=\"gb-text\"><strong><em><a href=\"https:\/\/oncourt.online\/hr\/shipping-delivery\/\">OnCourt informacije o dostavi i isporuci<\/a><\/em><\/strong><\/span><\/p>\n\n\n\n<h3 class=\"gb-headline gb-headline-df42cdb6 gb-headline-text\">Trebate pomo\u0107?<\/h3>\n\n\n\n<p class=\"translation-block\"><a href=\"https:\/\/oncourt.online\/hr\/contact\/\" target=\"_self\">Kontaktirajte nas<\/a> na info@oncourt.online\n za pitanja vezana uz povrate i povrat novca.<\/p>\n\n\n\n<p class=\"gb-text-41c0004e\"><span class=\"gb-shape\"><svg xmlns=\"http:\/\/www.w3.org\/2000\/svg\" viewbox=\"0 0 256 256\" fill=\"currentColor\"><path d=\"M221.66,133.66l-72,72a8,8,0,0,1-11.32-11.32L196.69,136H40a8,8,0,0,1,0-16H196.69L138.34,61.66a8,8,0,0,1,11.32-11.32l72,72A8,8,0,0,1,221.66,133.66Z\"><\/path><\/svg><\/span><span class=\"gb-text\">Imate pitanja? <strong><em><a href=\"https:\/\/oncourt.online\/hr\/basketball-court-faq\/\">Posjetite OnCourt FAQ<\/a><\/em><\/strong><\/span><\/p>\n\n<\/div><\/div><\/div>","protected":false},"excerpt":{"rendered":"<p> ... <a title=\"Pravila o povratu novca i vra\u0107anju robe\" class=\"read-more\" href=\"https:\/\/oncourt.online\/hr\/refund-returns\/\" aria-label=\"Read more about Refund and Returns Policy\">Pro\u010ditajte vi\u0161e<\/a><\/p>","protected":false},"author":2,"featured_media":6877,"parent":0,"menu_order":25,"comment_status":"closed","ping_status":"closed","template":"","meta":{"_acf_changed":false,"inline_featured_image":false,"footnotes":""},"class_list":{"0":"post-10","1":"page","2":"type-page","3":"status-publish","4":"has-post-thumbnail","6":"infinite-scroll-item","7":"no-featured-image-padding","8":"resize-featured-image"},"acf":[],"yoast_head":"<!-- This site is optimized with the Yoast SEO Premium plugin v26.8 (Yoast SEO v27.3) - https:\/\/yoast.com\/product\/yoast-seo-premium-wordpress\/ -->\n<title>Refund and Returns Policy - OnCourt Online<\/title>\n<meta name=\"description\" content=\"OnCourt Online refunds and returns policy. Cointact us with any questions you might have regarding refunds and returns.\" \/>\n<meta name=\"robots\" content=\"index, follow, max-snippet:-1, max-image-preview:large, max-video-preview:-1\" \/>\n<link rel=\"canonical\" href=\"https:\/\/oncourt.online\/hr\/refund-returns\/\" \/>\n<meta property=\"og:locale\" content=\"hr_HR\" \/>\n<meta property=\"og:type\" content=\"article\" \/>\n<meta property=\"og:title\" content=\"Refund and Returns Policy\" \/>\n<meta property=\"og:description\" content=\"OnCourt Online refunds and returns policy. Cointact us with any questions you might have regarding refunds and returns.\" \/>\n<meta property=\"og:url\" content=\"https:\/\/oncourt.online\/hr\/refund-returns\/\" \/>\n<meta property=\"og:site_name\" content=\"OnCourt Online\" \/>\n<meta property=\"article:publisher\" content=\"https:\/\/www.facebook.com\/oncourt.online\/\" \/>\n<meta property=\"article:modified_time\" content=\"2026-01-08T02:56:26+00:00\" \/>\n<meta property=\"og:image\" content=\"https:\/\/oncourt.online\/wp-content\/uploads\/2022\/05\/OnCourt-Shipping-and-Delivery-Header.jpg\" \/>\n\t<meta property=\"og:image:width\" content=\"1440\" \/>\n\t<meta property=\"og:image:height\" content=\"498\" \/>\n\t<meta property=\"og:image:type\" content=\"image\/jpeg\" \/>\n<meta name=\"twitter:card\" content=\"summary_large_image\" \/>\n<meta name=\"twitter:label1\" content=\"Procijenjeno vrijeme \u010ditanja\" \/>\n\t<meta name=\"twitter:data1\" content=\"3 minute\" \/>\n<!-- \/ Yoast SEO Premium plugin. -->","yoast_head_json":{"title":"Pravila o povratu novca i vra\u0107anju robe - OnCourt Online","description":"OnCourt Online pravila o povratu novca i vra\u0107anju proizvoda. Kontaktirajte nas s bilo kakvim pitanjima u vezi s povratom novca i vra\u0107anjem proizvoda.","robots":{"index":"index","follow":"follow","max-snippet":"max-snippet:-1","max-image-preview":"max-image-preview:large","max-video-preview":"max-video-preview:-1"},"canonical":"https:\/\/oncourt.online\/hr\/refund-returns\/","og_locale":"hr_HR","og_type":"article","og_title":"Refund and Returns Policy","og_description":"OnCourt Online refunds and returns policy. Cointact us with any questions you might have regarding refunds and returns.","og_url":"https:\/\/oncourt.online\/hr\/refund-returns\/","og_site_name":"OnCourt Online","article_publisher":"https:\/\/www.facebook.com\/oncourt.online\/","article_modified_time":"2026-01-08T02:56:26+00:00","og_image":[{"width":1440,"height":498,"url":"https:\/\/oncourt.online\/wp-content\/uploads\/2022\/05\/OnCourt-Shipping-and-Delivery-Header.jpg","type":"image\/jpeg"}],"twitter_card":"summary_large_image","twitter_misc":{"Procijenjeno vrijeme \u010ditanja":"3 minute"},"schema":{"@context":"https:\/\/schema.org","@graph":[{"@type":"WebPage","@id":"https:\/\/oncourt.online\/hr\/refund-returns\/","url":"https:\/\/oncourt.online\/hr\/refund-returns\/","name":"Pravila o povratu novca i vra\u0107anju robe - OnCourt Online","isPartOf":{"@id":"https:\/\/oncourt.online\/hr\/#website"},"primaryImageOfPage":{"@id":"https:\/\/oncourt.online\/hr\/refund-returns\/#primaryimage"},"image":{"@id":"https:\/\/oncourt.online\/hr\/refund-returns\/#primaryimage"},"thumbnailUrl":"https:\/\/oncourt.online\/wp-content\/uploads\/2022\/05\/OnCourt-Shipping-and-Delivery-Header.jpg","datePublished":"2022-06-07T21:39:16+00:00","dateModified":"2026-01-08T02:56:26+00:00","description":"OnCourt Online pravila o povratu novca i vra\u0107anju proizvoda. Kontaktirajte nas s bilo kakvim pitanjima u vezi s povratom novca i vra\u0107anjem proizvoda.","breadcrumb":{"@id":"https:\/\/oncourt.online\/hr\/refund-returns\/#breadcrumb"},"inLanguage":"hr","potentialAction":[{"@type":"ReadAction","target":["https:\/\/oncourt.online\/hr\/refund-returns\/"]}]},{"@type":"ImageObject","inLanguage":"hr","@id":"https:\/\/oncourt.online\/hr\/refund-returns\/#primaryimage","url":"https:\/\/oncourt.online\/wp-content\/uploads\/2022\/05\/OnCourt-Shipping-and-Delivery-Header.jpg","contentUrl":"https:\/\/oncourt.online\/wp-content\/uploads\/2022\/05\/OnCourt-Shipping-and-Delivery-Header.jpg","width":1440,"height":498,"caption":"Shipping & Delivery | OnCourt"},{"@type":"BreadcrumbList","@id":"https:\/\/oncourt.online\/hr\/refund-returns\/#breadcrumb","itemListElement":[{"@type":"ListItem","position":1,"name":"Home","item":"https:\/\/oncourt.online\/"},{"@type":"ListItem","position":2,"name":"Refund and Returns Policy"}]},{"@type":"WebSite","@id":"https:\/\/oncourt.online\/hr\/#website","url":"https:\/\/oncourt.online\/hr\/","name":"OnCourt Online","description":"Ko\u0161arka\u0161ka igrali\u0161ta visokih performansi","publisher":{"@id":"https:\/\/oncourt.online\/hr\/#organization"},"potentialAction":[{"@type":"SearchAction","target":{"@type":"EntryPoint","urlTemplate":"https:\/\/oncourt.online\/hr\/?s={search_term_string}"},"query-input":{"@type":"PropertyValueSpecification","valueRequired":true,"valueName":"search_term_string"}}],"inLanguage":"hr"},{"@type":"Organization","@id":"https:\/\/oncourt.online\/hr\/#organization","name":"OnCourt Online","url":"https:\/\/oncourt.online\/hr\/","logo":{"@type":"ImageObject","inLanguage":"hr","@id":"https:\/\/oncourt.online\/hr\/#\/schema\/logo\/image\/","url":"https:\/\/oncourt.online\/wp-content\/uploads\/2021\/12\/Logo_OnCourt_Black.svg","contentUrl":"https:\/\/oncourt.online\/wp-content\/uploads\/2021\/12\/Logo_OnCourt_Black.svg","width":"1024","height":"1024","caption":"OnCourt Online"},"image":{"@id":"https:\/\/oncourt.online\/hr\/#\/schema\/logo\/image\/"},"sameAs":["https:\/\/www.facebook.com\/oncourt.online\/"],"email":"info@oncourt.online"}]}},"_links":{"self":[{"href":"https:\/\/oncourt.online\/hr\/wp-json\/wp\/v2\/pages\/10","targetHints":{"allow":["GET"]}}],"collection":[{"href":"https:\/\/oncourt.online\/hr\/wp-json\/wp\/v2\/pages"}],"about":[{"href":"https:\/\/oncourt.online\/hr\/wp-json\/wp\/v2\/types\/page"}],"author":[{"embeddable":true,"href":"https:\/\/oncourt.online\/hr\/wp-json\/wp\/v2\/users\/2"}],"replies":[{"embeddable":true,"href":"https:\/\/oncourt.online\/hr\/wp-json\/wp\/v2\/comments?post=10"}],"version-history":[{"count":0,"href":"https:\/\/oncourt.online\/hr\/wp-json\/wp\/v2\/pages\/10\/revisions"}],"wp:featuredmedia":[{"embeddable":true,"href":"https:\/\/oncourt.online\/hr\/wp-json\/wp\/v2\/media\/6877"}],"wp:attachment":[{"href":"https:\/\/oncourt.online\/hr\/wp-json\/wp\/v2\/media?parent=10"}],"curies":[{"name":"wp","href":"https:\/\/api.w.org\/{rel}","templated":true}]}}