{"id":1559,"date":"2022-01-08T19:44:35","date_gmt":"2022-01-08T19:44:35","guid":{"rendered":"https:\/\/oncourt.online\/?post_type=product&#038;p=1559"},"modified":"2026-01-17T01:39:42","modified_gmt":"2026-01-17T01:39:42","slug":"but-pliable-en-aluminium","status":"publish","type":"product","link":"https:\/\/oncourt.online\/fr\/accessories\/aluminium-folding-goal\/","title":{"rendered":"But pliable en aluminium"},"content":{"rendered":"","protected":false},"excerpt":{"rendered":"<p>Le but pliable en aluminium est parfait pour les terrains compacts. Il convient \u00e0 tous les \u00e2ges et \u00e0 tous les niveaux. Il se replie et est pr\u00eat \u00e0 jouer en quelques secondes.<\/p>\n<ul>\n<li>6 x 4ft - 1.83 x 1.22m<\/li>\n<li>But robuste et autoportant<\/li>\n<li>Montage et d\u00e9montage sans outils.<\/li>\n<li>Peut \u00eatre utilis\u00e9 sur toutes les surfaces, carreaux modulaires, gazon, etc.<\/li>\n<li>Filet micromesh r\u00e9sistant.<\/li>\n<li>Se plie \u00e0 seulement 183 x 122 x 10 cm.<\/li>\n<li>Poids - 11 kg<\/li>\n<\/ul>","protected":false},"featured_media":1505,"template":"","meta":{"_acf_changed":true,"inline_featured_image":false},"product_brand":[],"product_cat":[236],"product_tag":[],"class_list":{"0":"post-1559","1":"product","2":"type-product","3":"status-publish","4":"has-post-thumbnail","6":"product_cat-accessories","7":"product_shipping_class-component-shipping","8":"infinite-scroll-item","9":"no-featured-image-padding","10":"resize-featured-image","11":"","12":"woocommerce-text-align-center","13":"woocommerce-image-align-center","14":"do-quantity-buttons","16":"first","17":"out_of_stock_uk","18":"taxable","19":"shipping-taxable","20":"purchasable","21":"product-type-simple"},"bundled_by":["5083","6136","6139","6142","6143","6145","6245","6246"],"bundle_stock_status":"out_of_stock_uk","bundle_stock_quantity":null,"bundle_virtual":false,"bundle_layout":"","bundle_add_to_cart_form_location":"","bundle_editable_in_cart":false,"bundle_sold_individually_context":"","bundle_item_grouping":"","bundle_min_size":"","bundle_max_size":"","bundle_price":[],"bundled_items":[],"bundle_sell_ids":[],"acf":[],"yoast_head":"<!-- This site is optimized with the Yoast SEO Premium plugin v26.8 (Yoast SEO v27.3) - https:\/\/yoast.com\/product\/yoast-seo-premium-wordpress\/ -->\n<title>Aluminium Folding Goal 6x4ft - OnCourt Online<\/title>\n<meta name=\"description\" content=\"The Aluminium Folding Goal is perfect for Compact Courts. Suitable for all ages and abilities. Folds away, then ready to play in seconds.\" \/>\n<meta name=\"robots\" content=\"index, follow, max-snippet:-1, max-image-preview:large, max-video-preview:-1\" \/>\n<link rel=\"canonical\" href=\"https:\/\/oncourt.online\/fr\/accessoires\/but-pliable-en-aluminium\/\" \/>\n<meta property=\"og:locale\" content=\"fr_FR\" \/>\n<meta property=\"og:type\" content=\"article\" \/>\n<meta property=\"og:title\" content=\"Aluminium Folding Goal\" \/>\n<meta property=\"og:description\" content=\"The Aluminium Folding Goal is perfect for Compact Courts. Suitable for all ages and abilities. Folds away, then ready to play in seconds.\" \/>\n<meta property=\"og:url\" content=\"https:\/\/oncourt.online\/fr\/accessoires\/but-pliable-en-aluminium\/\" \/>\n<meta property=\"og:site_name\" content=\"OnCourt Online\" \/>\n<meta property=\"article:publisher\" content=\"https:\/\/www.facebook.com\/oncourt.online\/\" \/>\n<meta property=\"article:modified_time\" content=\"2026-01-17T01:39:42+00:00\" \/>\n<meta property=\"og:image\" content=\"https:\/\/oncourt.online\/wp-content\/uploads\/2021\/12\/OnCourt-Premium-Folding-Aluminium-Futsal-Goal.png\" \/>\n\t<meta property=\"og:image:width\" content=\"900\" \/>\n\t<meta property=\"og:image:height\" content=\"900\" \/>\n\t<meta property=\"og:image:type\" content=\"image\/png\" \/>\n<meta name=\"twitter:card\" content=\"summary_large_image\" \/>\n<meta name=\"twitter:label1\" content=\"Prix\" \/>\n\t<meta name=\"twitter:data1\" content=\"&euro;249\" \/>\n\t<meta name=\"twitter:label2\" content=\"Disponibilit\u00e9\" \/>\n\t<meta name=\"twitter:data2\" content=\"En stock\" \/>\n<meta property=\"product:price:amount\" content=\"249\" \/>\n<meta property=\"product:price:currency\" content=\"EUR\" \/>\n<meta property=\"og:availability\" content=\"instock\" \/>\n<meta property=\"product:availability\" content=\"instock\" \/>\n<meta property=\"product:retailer_item_id\" content=\"OCFFG\" \/>\n<meta property=\"product:condition\" content=\"new\" \/>\n<!-- \/ Yoast SEO Premium plugin. -->","yoast_head_json":{"title":"But pliable en aluminium 6x4ft - OnCourt Online","description":"Le but pliable en aluminium est parfait pour les terrains compacts. Il convient \u00e0 tous les \u00e2ges et \u00e0 tous les niveaux. Il se replie et est pr\u00eat \u00e0 jouer en quelques secondes.","robots":{"index":"index","follow":"follow","max-snippet":"max-snippet:-1","max-image-preview":"max-image-preview:large","max-video-preview":"max-video-preview:-1"},"canonical":"https:\/\/oncourt.online\/fr\/accessoires\/but-pliable-en-aluminium\/","og_locale":"fr_FR","og_type":"article","og_title":"Aluminium Folding Goal","og_description":"The Aluminium Folding Goal is perfect for Compact Courts. Suitable for all ages and abilities. Folds away, then ready to play in seconds.","og_url":"https:\/\/oncourt.online\/fr\/accessoires\/but-pliable-en-aluminium\/","og_site_name":"OnCourt Online","article_publisher":"https:\/\/www.facebook.com\/oncourt.online\/","article_modified_time":"2026-01-17T01:39:42+00:00","og_image":[{"width":900,"height":900,"url":"https:\/\/oncourt.online\/wp-content\/uploads\/2021\/12\/OnCourt-Premium-Folding-Aluminium-Futsal-Goal.png","type":"image\/png"}],"twitter_card":"summary_large_image","twitter_misc":{"Prix":"&euro;249","Disponibilit\u00e9":"En stock"},"schema":{"@context":"https:\/\/schema.org","@graph":[{"@type":"WebPage","@id":"https:\/\/oncourt.online\/fr\/accessories\/aluminium-folding-goal\/","url":"https:\/\/oncourt.online\/fr\/accessories\/aluminium-folding-goal\/","name":"But pliable en aluminium 6x4ft - OnCourt Online","isPartOf":{"@id":"https:\/\/oncourt.online\/fr\/#website"},"primaryImageOfPage":{"@id":"https:\/\/oncourt.online\/fr\/accessories\/aluminium-folding-goal\/#primaryimage"},"image":{"@id":"https:\/\/oncourt.online\/fr\/accessories\/aluminium-folding-goal\/#primaryimage"},"thumbnailUrl":"https:\/\/oncourt.online\/wp-content\/uploads\/2021\/12\/OnCourt-Premium-Folding-Aluminium-Futsal-Goal.png","datePublished":"2022-01-08T19:44:35+00:00","dateModified":"2026-01-17T01:39:42+00:00","description":"Le but pliable en aluminium est parfait pour les terrains compacts. Il convient \u00e0 tous les \u00e2ges et \u00e0 tous les niveaux. Il se replie et est pr\u00eat \u00e0 jouer en quelques secondes.","breadcrumb":{"@id":"https:\/\/oncourt.online\/fr\/accessories\/aluminium-folding-goal\/#breadcrumb"},"inLanguage":"fr-FR","potentialAction":[{"@type":"ReadAction","target":["https:\/\/oncourt.online\/fr\/accessories\/aluminium-folding-goal\/"]}]},{"@type":"ImageObject","inLanguage":"fr-FR","@id":"https:\/\/oncourt.online\/fr\/accessories\/aluminium-folding-goal\/#primaryimage","url":"https:\/\/oncourt.online\/wp-content\/uploads\/2021\/12\/OnCourt-Premium-Folding-Aluminium-Futsal-Goal.png","contentUrl":"https:\/\/oncourt.online\/wp-content\/uploads\/2021\/12\/OnCourt-Premium-Folding-Aluminium-Futsal-Goal.png","width":900,"height":900},{"@type":"BreadcrumbList","@id":"https:\/\/oncourt.online\/fr\/accessories\/aluminium-folding-goal\/#breadcrumb","itemListElement":[{"@type":"ListItem","position":1,"name":"Home","item":"https:\/\/oncourt.online\/"},{"@type":"ListItem","position":2,"name":"Accessories","item":"https:\/\/oncourt.online\/fr\/accessories\/"},{"@type":"ListItem","position":3,"name":"Aluminium Folding Goal"}]},{"@type":"WebSite","@id":"https:\/\/oncourt.online\/fr\/#website","url":"https:\/\/oncourt.online\/fr\/","name":"OnCourt Online","description":"Terrains de basket haute performance","publisher":{"@id":"https:\/\/oncourt.online\/fr\/#organization"},"potentialAction":[{"@type":"SearchAction","target":{"@type":"EntryPoint","urlTemplate":"https:\/\/oncourt.online\/fr\/?s={search_term_string}"},"query-input":{"@type":"PropertyValueSpecification","valueRequired":true,"valueName":"search_term_string"}}],"inLanguage":"fr-FR"},{"@type":"Organization","@id":"https:\/\/oncourt.online\/fr\/#organization","name":"OnCourt Online","url":"https:\/\/oncourt.online\/fr\/","logo":{"@type":"ImageObject","inLanguage":"fr-FR","@id":"https:\/\/oncourt.online\/fr\/#\/schema\/logo\/image\/","url":"https:\/\/oncourt.online\/wp-content\/uploads\/2021\/12\/Logo_OnCourt_Black.svg","contentUrl":"https:\/\/oncourt.online\/wp-content\/uploads\/2021\/12\/Logo_OnCourt_Black.svg","width":"1024","height":"1024","caption":"OnCourt Online"},"image":{"@id":"https:\/\/oncourt.online\/fr\/#\/schema\/logo\/image\/"},"sameAs":["https:\/\/www.facebook.com\/oncourt.online\/"],"email":"info@oncourt.online"}]},"product_price_amount":"249","product_price_currency":"EUR","og_availability":"instock","product_availability":"instock","product_retailer_item_id":"OCFFG","product_condition":"new"},"_links":{"self":[{"href":"https:\/\/oncourt.online\/fr\/wp-json\/wp\/v2\/product\/1559","targetHints":{"allow":["GET"]}}],"collection":[{"href":"https:\/\/oncourt.online\/fr\/wp-json\/wp\/v2\/product"}],"about":[{"href":"https:\/\/oncourt.online\/fr\/wp-json\/wp\/v2\/types\/product"}],"wp:featuredmedia":[{"embeddable":true,"href":"https:\/\/oncourt.online\/fr\/wp-json\/wp\/v2\/media\/1505"}],"wp:attachment":[{"href":"https:\/\/oncourt.online\/fr\/wp-json\/wp\/v2\/media?parent=1559"}],"wp:term":[{"taxonomy":"product_brand","embeddable":true,"href":"https:\/\/oncourt.online\/fr\/wp-json\/wp\/v2\/product_brand?post=1559"},{"taxonomy":"product_cat","embeddable":true,"href":"https:\/\/oncourt.online\/fr\/wp-json\/wp\/v2\/product_cat?post=1559"},{"taxonomy":"product_tag","embeddable":true,"href":"https:\/\/oncourt.online\/fr\/wp-json\/wp\/v2\/product_tag?post=1559"}],"curies":[{"name":"wp","href":"https:\/\/api.w.org\/{rel}","templated":true}]}}