{"id":8031,"date":"2023-03-13T18:00:15","date_gmt":"2023-03-13T18:00:15","guid":{"rendered":"https:\/\/oncourt.online\/?page_id=8031"},"modified":"2026-01-07T13:45:44","modified_gmt":"2026-01-07T13:45:44","slug":"concepteur-de-terrain-de-basket-3d","status":"publish","type":"page","link":"https:\/\/oncourt.online\/fr\/3d-basketball-court-designer\/","title":{"rendered":"Concepteur 3D de terrain de basket"},"content":{"rendered":"<h1 class=\"gb-headline gb-headline-e3d7023a gb-headline-text pointer-events-none\">Concepteur 3D de terrain de basket<\/h1>\n\n\n\n<iframe class=\"app_3d__iframe\" loading=\"lazy\" data-app=\"\/basketball\/embed\"><\/iframe>","protected":false},"excerpt":{"rendered":"<p> ... <a title=\"Concepteur 3D de terrain de basket\" class=\"read-more\" href=\"https:\/\/oncourt.online\/fr\/3d-basketball-court-designer\/\" aria-label=\"En savoir plus sur 3D Basketball Court Designer\">En savoir plus<\/a><\/p>","protected":false},"author":5,"featured_media":0,"parent":0,"menu_order":5,"comment_status":"closed","ping_status":"closed","template":"","meta":{"_acf_changed":false,"inline_featured_image":false,"footnotes":""},"class_list":{"0":"post-8031","1":"page","2":"type-page","3":"status-publish","5":"infinite-scroll-item","6":"no-featured-image-padding"},"acf":[],"yoast_head":"<!-- This site is optimized with the Yoast SEO Premium plugin v26.8 (Yoast SEO v27.3) - https:\/\/yoast.com\/product\/yoast-seo-premium-wordpress\/ -->\n<title>3D Basketball Court Designer | OnCourt<\/title>\n<meta name=\"description\" content=\"Bring your basketball court design to life in 3D. Explore layouts, surfaces, colours, markings, and hoops before committing to a build.\" \/>\n<meta name=\"robots\" content=\"index, follow, max-snippet:-1, max-image-preview:large, max-video-preview:-1\" \/>\n<link rel=\"canonical\" href=\"https:\/\/oncourt.online\/fr\/concepteur-de-terrain-de-basket-3d\/\" \/>\n<meta property=\"og:locale\" content=\"fr_FR\" \/>\n<meta property=\"og:type\" content=\"article\" \/>\n<meta property=\"og:title\" content=\"3D Basketball Court Designer\" \/>\n<meta property=\"og:description\" content=\"Bring your basketball court design to life in 3D. Explore layouts, surfaces, colours, markings, and hoops before committing to a build.\" \/>\n<meta property=\"og:url\" content=\"https:\/\/oncourt.online\/fr\/concepteur-de-terrain-de-basket-3d\/\" \/>\n<meta property=\"og:site_name\" content=\"OnCourt Online\" \/>\n<meta property=\"article:publisher\" content=\"https:\/\/www.facebook.com\/oncourt.online\/\" \/>\n<meta property=\"article:modified_time\" content=\"2026-01-07T13:45:44+00:00\" \/>\n<meta name=\"twitter:card\" content=\"summary_large_image\" \/>\n<meta name=\"twitter:label1\" content=\"Dur\u00e9e de lecture estim\u00e9e\" \/>\n\t<meta name=\"twitter:data1\" content=\"1 minute\" \/>\n<!-- \/ Yoast SEO Premium plugin. -->","yoast_head_json":{"title":"Concepteur de terrain de basketball 3D | OnCourt","description":"Donnez vie \u00e0 votre projet de terrain de basket en 3D. Explorez les am\u00e9nagements, les surfaces, les couleurs, les trac\u00e9s et les paniers avant de vous engager dans la construction.","robots":{"index":"index","follow":"follow","max-snippet":"max-snippet:-1","max-image-preview":"max-image-preview:large","max-video-preview":"max-video-preview:-1"},"canonical":"https:\/\/oncourt.online\/fr\/concepteur-de-terrain-de-basket-3d\/","og_locale":"fr_FR","og_type":"article","og_title":"3D Basketball Court Designer","og_description":"Bring your basketball court design to life in 3D. Explore layouts, surfaces, colours, markings, and hoops before committing to a build.","og_url":"https:\/\/oncourt.online\/fr\/concepteur-de-terrain-de-basket-3d\/","og_site_name":"OnCourt Online","article_publisher":"https:\/\/www.facebook.com\/oncourt.online\/","article_modified_time":"2026-01-07T13:45:44+00:00","twitter_card":"summary_large_image","twitter_misc":{"Dur\u00e9e de lecture estim\u00e9e":"1 minute"},"schema":{"@context":"https:\/\/schema.org","@graph":[{"@type":"WebPage","@id":"https:\/\/oncourt.online\/fr\/3d-basketball-court-designer\/","url":"https:\/\/oncourt.online\/3d-basketball-court-designer\/","name":"Concepteur de terrain de basketball 3D | OnCourt","isPartOf":{"@id":"https:\/\/oncourt.online\/fr\/#website"},"datePublished":"2023-03-13T18:00:15+00:00","dateModified":"2026-01-07T13:45:44+00:00","description":"Donnez vie \u00e0 votre projet de terrain de basket en 3D. Explorez les am\u00e9nagements, les surfaces, les couleurs, les trac\u00e9s et les paniers avant de vous engager dans la construction.","breadcrumb":{"@id":"https:\/\/oncourt.online\/3d-basketball-court-designer\/#breadcrumb"},"inLanguage":"fr-FR","potentialAction":[{"@type":"ReadAction","target":["https:\/\/oncourt.online\/3d-basketball-court-designer\/"]}]},{"@type":"BreadcrumbList","@id":"https:\/\/oncourt.online\/3d-basketball-court-designer\/#breadcrumb","itemListElement":[{"@type":"ListItem","position":1,"name":"Home","item":"https:\/\/oncourt.online\/"},{"@type":"ListItem","position":2,"name":"3D Basketball Court Designer"}]},{"@type":"WebSite","@id":"https:\/\/oncourt.online\/fr\/#website","url":"https:\/\/oncourt.online\/fr\/","name":"OnCourt Online","description":"Terrains de basket haute performance","publisher":{"@id":"https:\/\/oncourt.online\/fr\/#organization"},"potentialAction":[{"@type":"SearchAction","target":{"@type":"EntryPoint","urlTemplate":"https:\/\/oncourt.online\/fr\/?s={search_term_string}"},"query-input":{"@type":"PropertyValueSpecification","valueRequired":true,"valueName":"search_term_string"}}],"inLanguage":"fr-FR"},{"@type":"Organization","@id":"https:\/\/oncourt.online\/fr\/#organization","name":"OnCourt Online","url":"https:\/\/oncourt.online\/fr\/","logo":{"@type":"ImageObject","inLanguage":"fr-FR","@id":"https:\/\/oncourt.online\/fr\/#\/schema\/logo\/image\/","url":"https:\/\/oncourt.online\/wp-content\/uploads\/2021\/12\/Logo_OnCourt_Black.svg","contentUrl":"https:\/\/oncourt.online\/wp-content\/uploads\/2021\/12\/Logo_OnCourt_Black.svg","width":"1024","height":"1024","caption":"OnCourt Online"},"image":{"@id":"https:\/\/oncourt.online\/fr\/#\/schema\/logo\/image\/"},"sameAs":["https:\/\/www.facebook.com\/oncourt.online\/"],"email":"info@oncourt.online"}]}},"_links":{"self":[{"href":"https:\/\/oncourt.online\/fr\/wp-json\/wp\/v2\/pages\/8031","targetHints":{"allow":["GET"]}}],"collection":[{"href":"https:\/\/oncourt.online\/fr\/wp-json\/wp\/v2\/pages"}],"about":[{"href":"https:\/\/oncourt.online\/fr\/wp-json\/wp\/v2\/types\/page"}],"author":[{"embeddable":true,"href":"https:\/\/oncourt.online\/fr\/wp-json\/wp\/v2\/users\/5"}],"replies":[{"embeddable":true,"href":"https:\/\/oncourt.online\/fr\/wp-json\/wp\/v2\/comments?post=8031"}],"version-history":[{"count":0,"href":"https:\/\/oncourt.online\/fr\/wp-json\/wp\/v2\/pages\/8031\/revisions"}],"wp:attachment":[{"href":"https:\/\/oncourt.online\/fr\/wp-json\/wp\/v2\/media?parent=8031"}],"curies":[{"name":"wp","href":"https:\/\/api.w.org\/{rel}","templated":true}]}}