{"id":6797,"date":"2022-05-26T13:42:42","date_gmt":"2022-05-26T13:42:42","guid":{"rendered":"https:\/\/oncourt.online\/?page_id=6797"},"modified":"2026-01-09T02:04:24","modified_gmt":"2026-01-09T02:04:24","slug":"expedition-livraison","status":"publish","type":"page","link":"https:\/\/oncourt.online\/fr\/shipping-delivery\/","title":{"rendered":"Livraison et exp\u00e9dition"},"content":{"rendered":"<div class=\"gb-container gb-container-f34a8199\">\n<div class=\"gb-container gb-container-235943a7\">\n\n<h2 class=\"gb-headline gb-headline-88ee416e gb-headline-text\">Politique d\u2019exp\u00e9dition d\u2019OnCourt Online<\/h2>\n\n\n\n<p class=\"gb-headline gb-headline-0924883b gb-headline-text not_last_text\">La livraison OnCourt d\u00e9pend des produits choisis. Si vous achetez un kit de terrain, le panier et les composants sont exp\u00e9di\u00e9s d\u00e8s que possible afin d\u2019\u00eatre int\u00e9gr\u00e9s \u00e0 la construction du support. Les rev\u00eatements de terrain sont fabriqu\u00e9s et exp\u00e9di\u00e9s apr\u00e8s pr\u00e9paration, qui prend actuellement 10 \u00e0 12 semaines. <\/p>\n\n\n\n<p class=\"gb-text not_last_text\">La disponibilit\u00e9 de la livraison varie selon le pays. Nous livrons uniquement vers les r\u00e9gions s\u00e9lectionn\u00e9es indiqu\u00e9es lors du paiement.<\/p>\n\n\n\n<p>Si votre pays n\u2019est pas r\u00e9pertori\u00e9 et que vous planifiez un projet de terrain de basketball, veuillez nous contacter afin d\u2019en \u00e9valuer la faisabilit\u00e9. La disponibilit\u00e9 est \u00e9tudi\u00e9e au cas par cas. <\/p>\n\n\n\n<h3 class=\"gb-headline gb-headline-3e94b795 gb-headline-text\">Surfaces sportives modulaires livr\u00e9es pr\u00eates pour une installation Plug &amp; Play<\/h3>\n\n\n\n<p class=\"gb-headline gb-headline-e71567d7 gb-headline-text not_last_text\">Les surfaces de terrain sont exp\u00e9di\u00e9es en packs, pr\u00eates pour une installation simple en autonomie. Chaque terrain est livr\u00e9 sur palette, avec des dalles num\u00e9rot\u00e9es et un plan de r\u00e9f\u00e9rence (Les livraisons r\u00e9sidentielles se font en bordure de trottoir).<\/p>\n\n\n\n<p class=\"translation-block\">Chaque terrain sportif modulaire est fabriqu\u00e9 sur commande, <strong>avec un d\u00e9lai de production d\u2019environ<\/strong> <strong>10\u201312 semaines<\/strong> \u00e0 compter de la confirmation de la commande. Les d\u00e9lais de livraison varient selon la destination et, une fois exp\u00e9di\u00e9e, vous recevrez une mise \u00e0 jour avec la date d\u2019arriv\u00e9e estim\u00e9e et le suivi (actif apr\u00e8s le d\u00e9douanement dans le pays de destination). Tous les droits sont pr\u00e9pay\u00e9s et les livraisons sont effectu\u00e9es en DDP (Delivered Duty Paid), sans frais cach\u00e9s.<\/p>\n\n\n<div class=\"gb-container gb-container-cfce094b\">\n\n<h2 class=\"gb-text\">Exp\u00e9dition du produit<\/h2>\n\n\n\n<p>Unless otherwise stated, all orders from OnCourt are shipped via trusted common carriers. Products are dispatched brand new and in good condition, as advertised. Basketball systems are delivered via <strong>Curbside Delivery<\/strong>, which means your order will be delivered to the curb at the end of your driveway. Please note this service <strong>does not include installation, assembly, or packaging removal<\/strong>.<\/p>\n\n\n\n<h3 class=\"gb-headline gb-headline-bce52be2 gb-headline-text\">Modification d\u2019adresse apr\u00e8s exp\u00e9dition<\/h3>\n\n\n\n<p>Si l\u2019adresse de livraison est modifi\u00e9e apr\u00e8s la prise en charge de l\u2019exp\u00e9dition par le transporteur routier, cela constitue une r\u00e9exp\u00e9dition et des frais suppl\u00e9mentaires s\u2019appliqueront.<\/p>\n\n\n\n<h3 class=\"gb-headline gb-headline-ab76306c gb-headline-text\">Delivery Schedule<\/h3>\n\n\n\n<p class=\"translation-block\">Les livraisons ont g\u00e9n\u00e9ralement lieu <strong>du lundi au vendredi, entre 08:00 et 18:00<\/strong>. Les horaires peuvent varier selon votre localisation, l\u2019itin\u00e9raire du chauffeur et des facteurs impr\u00e9vus tels que la circulation ou les conditions m\u00e9t\u00e9orologiques.<\/p>\n\n\n\n<h3 class=\"gb-headline gb-headline-d3e65b23 gb-headline-text\">V\u00e9hicule de livraison et acc\u00e8s<\/h3>\n\n\n\n<p class=\"gb-text not_last_text translation-block\">Les commandes de d\u00e9tail sont livr\u00e9es par <strong>v\u00e9hicules poids lourds (par ex. camion articul\u00e9)<\/strong> et comprennent g\u00e9n\u00e9ralement un <strong>hayon \u00e9l\u00e9vateur hydraulique<\/strong>. Le chauffeur est responsable du d\u00e9chargement du produit et de sa mise en bordure de trottoir. Si des services de livraison suppl\u00e9mentaires sont effectu\u00e9s, des frais additionnels peuvent s\u2019appliquer.<\/p>\n\n\n\n<p class=\"translation-block\">Veuillez v\u00e9rifier attentivement le bon de livraison afin de vous assurer qu\u2019<strong>aucun service suppl\u00e9mentaire<\/strong> n\u2019a \u00e9t\u00e9 effectu\u00e9. Le cas \u00e9ch\u00e9ant, OnCourt se r\u00e9serve le droit de <strong>r\u00e9percuter ces frais<\/strong>.<\/p>\n\n\n\n<h3 class=\"wp-block-heading\" id=\"h-delivery-signature-amp-inspection\">Signature et inspection \u00e0 la livraison<\/h3>\n\n\n\n<p class=\"gb-text not_last_text translation-block\">Une <strong>signature est requise<\/strong> \u00e0 la livraison. Vous devez inspecter l\u2019emballage <strong>avant de signer<\/strong>. Si n\u00e9cessaire, vous pouvez ouvrir le colis afin de v\u00e9rifier l\u2019\u00e9tat du contenu, en particulier les <strong>panneaux en verre<\/strong>, plus vuln\u00e9rables pendant le transport.<\/p>\n\n\n\n<p>Si une partie de l\u2019exp\u00e9dition semble endommag\u00e9e :<\/p>\n\n\n\n<ul class=\"wp-block-list\">\n<li><strong>Do not refuse delivery.<\/strong><\/li>\n\n\n\n<li>Make clear notes on the delivery receipt describing the issue (e.g., <em>&#8220;Backboard shattered at time of delivery&#8221;<\/em>).<\/li>\n\n\n\n<li>Take clear <strong>photos of the damage<\/strong>.<\/li>\n\n\n\n<li>Email the signed receipt and photos to our support team and we\u2019ll send a <strong>replacement part<\/strong> immediately.<\/li>\n<\/ul>\n\n\n\n<p class=\"gb-text not_last_text\">In the meantime, you can continue with any setup steps that are unaffected (e.g., setting anchors and allowing concrete to cure).<\/p>\n\n\n\n<p>A signature is required for all deliveries. Receiver will be required to sign a delivery receipt and delivery will not occur without it.<\/p>\n\n\n\n<h3 class=\"gb-headline gb-headline-7838bbbd gb-headline-text\">Important Notes on Delivery<\/h3>\n\n\n\n<ul class=\"wp-block-list\">\n<li>All items leave our warehouse <strong>brand new and undamaged<\/strong>.<\/li>\n\n\n\n<li>If damage is not reported on the delivery receipt, you <strong>release the carrier from liability<\/strong> and may not be able to claim compensation.<\/li>\n\n\n\n<li><strong>Tempered glass<\/strong> does not crack \u2014 it shatters. If your backboard is broken, it will be in <strong>many small pieces<\/strong>, not cracked.<\/li>\n<\/ul>\n\n\n\n<p>For your protection, <strong>write \u201cSubject to Inspection\u201d next to your signature<\/strong> when signing for delivery.<\/p>\n\n\n\n<h3 class=\"gb-headline gb-headline-dd213a82 gb-headline-text\">Delivery Access<\/h3>\n\n\n\n<p>If your location cannot be accessed by a large delivery vehicle (e.g. narrow roads, steep drives, gated communities), you may need to:<\/p>\n\n\n\n<ul class=\"wp-block-list\">\n<li>Collect your order from a local terminal, or<\/li>\n\n\n\n<li>Arrange final delivery through a third-party courier.<\/li>\n<\/ul>\n\n\n\n<h3 class=\"gb-headline gb-headline-f4f6c8ad gb-headline-text\">Undeliverable Orders<\/h3>\n\n\n\n<p>If a shipment is returned as <strong>Undeliverable<\/strong> or <strong>Refused<\/strong>, a <strong>20% restocking fee<\/strong> will apply, and you will be responsible for any original shipping costs.<\/p>\n\n<\/div>\n\n\n<h3 class=\"gb-headline gb-headline-77bdb557 gb-headline-text\">Exp\u00e9dition et douanes (commandes hors UE)<\/h3>\n\n\n\n<p class=\"gb-headline gb-headline-f02c1b4c gb-headline-text\">Pour toutes les commandes exp\u00e9di\u00e9es <strong>en dehors de l'Union europ\u00e9enne<\/strong>:<\/p>\n\n\n\n<ul class=\"wp-block-list\">\n<li>Les prix indiqu\u00e9s lors du paiement n'incluent pas les taxes locales, les droits d'importation ni les frais de d\u00e9douanement.<\/li>\n\n\n\n<li>Vous \u00eates l'importateur officiel et \u00eates seul responsable de ces frais \u00e0 la livraison.<\/li>\n\n\n\n<li>OnCourt ne collecte ni ne reverse la TVA\/GST, les droits d'importation ou les frais de douane pour les destinations hors UE.<\/li>\n\n\n\n<li>Si les frais sont refus\u00e9s ou impay\u00e9s, cela peut entra\u00eener des retards, le retour ou l'abandon de l'envoi. OnCourt n'est pas responsable des co\u00fbts ou pertes qui en r\u00e9sultent et ne remboursera pas les frais d'exp\u00e9dition ou les frais li\u00e9s au produit dans ces cas-l\u00e0.<\/li>\n<\/ul>\n\n\n\n<p>En finalisant votre achat, vous reconnaissez et acceptez ces conditions.<\/p>\n\n<\/div>\n<\/div>\n\n<div class=\"gb-container gb-container-aedea16a\" id=\"megaslam-shipping\">\n<div class=\"gb-container gb-container-492b5ca3\">\n\n<h2 class=\"gb-headline gb-headline-65d8dcc4 gb-headline-text\">Livraison en douceur de votre Mega Slam Hoop <\/h2>\n\n\n\n<p class=\"gb-headline gb-headline-880344a0 gb-headline-text\">Lorsque vous commandez sur oncourt.online, nous livrons votre panier directement en bordure de trottoir, ce qui signifie qu\u2019il vient directement de notre entrep\u00f4t, descend du camion et arrive chez vous sans d\u00e9lai. Utilisez notre liste de contr\u00f4le en 5 points ci-dessous pour garantir une livraison fluide de votre Mega Slam Hoop. <a href=\"https:\/\/oncourt.online\/fr\/paniers-de-basket\/\"><em><strong>Mega Slam Hoop<\/strong><\/em><\/a>. <\/p>\n\n\n\n<figure class=\"wp-block-image size-full is-resized\"><img loading=\"lazy\" decoding=\"async\" width=\"600\" height=\"600\" src=\"https:\/\/oncourt.online\/wp-content\/uploads\/2021\/10\/Mega-Slam-Hoop-s-Order-Confirmation.png\" alt=\"Mega Slam Hoops - Confirmation de commande\" class=\"wp-image-422\" style=\"width:150px;height:auto\" srcset=\"https:\/\/oncourt.online\/wp-content\/uploads\/2021\/10\/Mega-Slam-Hoop-s-Order-Confirmation.png 600w, https:\/\/oncourt.online\/wp-content\/uploads\/2021\/10\/Mega-Slam-Hoop-s-Order-Confirmation-100x100.png 100w, https:\/\/oncourt.online\/wp-content\/uploads\/2021\/10\/Mega-Slam-Hoop-s-Order-Confirmation-545x545.png 545w\" sizes=\"auto, (max-width: 600px) 100vw, 600px\" \/><\/figure>\n\n\n\n<h4 class=\"gb-headline gb-headline-8536b972 gb-headline-text\">1. Confirmez votre commande<\/h4>\n\n\n\n<p class=\"gb-headline gb-headline-9f1a5517 gb-headline-text\">F\u00e9licitations pour votre commande ! Recherchez maintenant un e-mail contenant les d\u00e9tails de votre commande. <\/p>\n\n\n\n<figure class=\"wp-block-image size-full is-resized\"><img loading=\"lazy\" decoding=\"async\" width=\"600\" height=\"600\" src=\"https:\/\/oncourt.online\/wp-content\/uploads\/2021\/10\/Mega-Slam-Hoops-Arrange-Delivery.png\" alt=\"Mega Slam Hoops - Organiser la livraison\" class=\"wp-image-419\" style=\"width:150px;height:150px\" srcset=\"https:\/\/oncourt.online\/wp-content\/uploads\/2021\/10\/Mega-Slam-Hoops-Arrange-Delivery.png 600w, https:\/\/oncourt.online\/wp-content\/uploads\/2021\/10\/Mega-Slam-Hoops-Arrange-Delivery-100x100.png 100w, https:\/\/oncourt.online\/wp-content\/uploads\/2021\/10\/Mega-Slam-Hoops-Arrange-Delivery-545x545.png 545w\" sizes=\"auto, (max-width: 600px) 100vw, 600px\" \/><\/figure>\n\n\n\n<h4 class=\"gb-headline gb-headline-9bfe8bb5 gb-headline-text\">2. Exp\u00e9dition et livraison <\/h4>\n\n\n\n<p class=\"gb-headline gb-headline-290fa9d6 gb-headline-text\">Vous recevrez une confirmation de l\u2019exp\u00e9dition de votre commande, incluant le d\u00e9lai de livraison estim\u00e9. <\/p>\n\n\n\n<figure class=\"wp-block-image size-full is-resized\"><img loading=\"lazy\" decoding=\"async\" width=\"600\" height=\"600\" src=\"https:\/\/oncourt.online\/wp-content\/uploads\/2021\/10\/Mega-Slam-Hoops-Curbside-Delivery.png\" alt=\"Mega Slam Hoops - Livraison \u00e0 domicile\" class=\"wp-image-420\" style=\"width:150px;height:150px\" srcset=\"https:\/\/oncourt.online\/wp-content\/uploads\/2021\/10\/Mega-Slam-Hoops-Curbside-Delivery.png 600w, https:\/\/oncourt.online\/wp-content\/uploads\/2021\/10\/Mega-Slam-Hoops-Curbside-Delivery-100x100.png 100w, https:\/\/oncourt.online\/wp-content\/uploads\/2021\/10\/Mega-Slam-Hoops-Curbside-Delivery-545x545.png 545w\" sizes=\"auto, (max-width: 600px) 100vw, 600px\" \/><\/figure>\n\n\n\n<h4 class=\"gb-headline gb-headline-111f7f0a gb-headline-text\">3. Pr\u00e9parez de la place pour votre panier<\/h4>\n\n\n\n<p class=\"gb-headline gb-headline-cdd4e7d1 gb-headline-text\">Les syst\u00e8mes de basketball Mega Slam sont imposants (jusqu'\u00e0 340 kg) et la palette de livraison prend beaucoup de place \u00e0 l\u2019arriv\u00e9e (Les commandes r\u00e9sidentielles sont livr\u00e9es en bordure de trottoir).<\/p>\n\n\n\n<figure class=\"wp-block-image size-full is-resized\"><img loading=\"lazy\" decoding=\"async\" width=\"600\" height=\"600\" src=\"https:\/\/oncourt.online\/wp-content\/uploads\/2021\/10\/Mega-Slam-Shipping-Boxes.png\" alt=\"Bo\u00eetes d&#039;exp\u00e9dition Mega Slam\" class=\"wp-image-421\" style=\"width:150px;height:150px\" srcset=\"https:\/\/oncourt.online\/wp-content\/uploads\/2021\/10\/Mega-Slam-Shipping-Boxes.png 600w, https:\/\/oncourt.online\/wp-content\/uploads\/2021\/10\/Mega-Slam-Shipping-Boxes-100x100.png 100w, https:\/\/oncourt.online\/wp-content\/uploads\/2021\/10\/Mega-Slam-Shipping-Boxes-545x545.png 545w\" sizes=\"auto, (max-width: 600px) 100vw, 600px\" \/><\/figure>\n\n\n\n<h4 class=\"gb-headline gb-headline-c4d17918 gb-headline-text\">4. Inspectez la livraison de votre panier<\/h4>\n\n\n\n<p class=\"gb-headline gb-headline-b333a103 gb-headline-text\">En fonction de la taille de votre commande, assurez-vous que le bon nombre de cartons est attach\u00e9 \u00e0 chaque palette (chaque syst\u00e8me arrive sur une palette avec des cartons clairement num\u00e9rot\u00e9s). Pas d\u2019inqui\u00e9tude si certaines bo\u00eetes sont caboss\u00e9es ou d\u00e9chir\u00e9es. Nos syst\u00e8mes sont robustes et peuvent supporter des dommages mineurs. <\/p>\n\n\n\n<figure class=\"wp-block-image size-full is-resized\"><img loading=\"lazy\" decoding=\"async\" width=\"600\" height=\"600\" src=\"https:\/\/oncourt.online\/wp-content\/uploads\/2021\/10\/Mega-Slam-Hoops-Signed-Delivery.png\" alt=\"Mega Slam Hoops - Livraison sign\u00e9e\" class=\"wp-image-417\" style=\"width:150px;height:150px\" srcset=\"https:\/\/oncourt.online\/wp-content\/uploads\/2021\/10\/Mega-Slam-Hoops-Signed-Delivery.png 600w, https:\/\/oncourt.online\/wp-content\/uploads\/2021\/10\/Mega-Slam-Hoops-Signed-Delivery-100x100.png 100w, https:\/\/oncourt.online\/wp-content\/uploads\/2021\/10\/Mega-Slam-Hoops-Signed-Delivery-545x545.png 545w\" sizes=\"auto, (max-width: 600px) 100vw, 600px\" \/><\/figure>\n\n\n\n<h4 class=\"gb-headline gb-headline-f3ff4626 gb-headline-text\">5. Signez pour valider la r\u00e9ception de votre livraison<\/h4>\n\n\n\n<p class=\"gb-headline gb-headline-0e5ad3a7 gb-headline-text\">Votre livreur vous demandera maintenant une signature pour remettre votre syst\u00e8me de basketball. S\u2019il y a des dommages visibles sur les cartons (ou sur le syst\u00e8me), veuillez les noter pr\u00e9cis\u00e9ment sur le bon de livraison et prendre des photos avant de signer.<br>Si des articles sont endommag\u00e9s, acceptez la livraison et contactez-nous imm\u00e9diatement. Veuillez inclure des photos dans l\u2019e-mail et nous exp\u00e9dierons les pi\u00e8ces de rechange sans d\u00e9lai. <\/p>\n\n\n\n<figure class=\"wp-block-image size-full is-resized\"><img loading=\"lazy\" decoding=\"async\" width=\"750\" height=\"750\" src=\"https:\/\/oncourt.online\/wp-content\/uploads\/2021\/10\/MegaDlam-Installation-Dig-and-Pour.png\" alt=\"\" class=\"wp-image-319\" style=\"width:188px;height:188px\" srcset=\"https:\/\/oncourt.online\/wp-content\/uploads\/2021\/10\/MegaDlam-Installation-Dig-and-Pour.png 750w, https:\/\/oncourt.online\/wp-content\/uploads\/2021\/10\/MegaDlam-Installation-Dig-and-Pour-100x100.png 100w, https:\/\/oncourt.online\/wp-content\/uploads\/2021\/10\/MegaDlam-Installation-Dig-and-Pour-545x545.png 545w\" sizes=\"auto, (max-width: 750px) 100vw, 750px\" \/><\/figure>\n\n\n\n<h3 class=\"gb-headline gb-headline-a22b1bbf gb-headline-text\">Installation<\/h3>\n\n\n\n<p class=\"gb-headline gb-headline-507bcc99 gb-headline-text\">Une fois votre panier livr\u00e9, il est temps de<a href=\"https:\/\/oncourt.online\/fr\/guides\/installation\/guide-installation-panier-basket\/\"> <em><strong>installer votre Mega Slam Hoop<\/strong><\/em><\/a>.<\/p>\n\n<\/div>\n<\/div>","protected":false},"excerpt":{"rendered":"<p> ... <a title=\"Livraison et exp\u00e9dition\" class=\"read-more\" href=\"https:\/\/oncourt.online\/fr\/shipping-delivery\/\" aria-label=\"En savoir plus sur Shipping And Delivery\">En savoir plus<\/a><\/p>","protected":false},"author":2,"featured_media":6877,"parent":0,"menu_order":24,"comment_status":"closed","ping_status":"closed","template":"","meta":{"_acf_changed":false,"inline_featured_image":false,"footnotes":""},"class_list":{"0":"post-6797","1":"page","2":"type-page","3":"status-publish","4":"has-post-thumbnail","6":"infinite-scroll-item","7":"no-featured-image-padding","8":"resize-featured-image"},"acf":[],"yoast_head":"<!-- This site is optimized with the Yoast SEO Premium plugin v26.8 (Yoast SEO v27.3) - https:\/\/yoast.com\/product\/yoast-seo-premium-wordpress\/ -->\n<title>Shipping &amp; Delivery Information | OnCourt<\/title>\n<meta name=\"description\" content=\"Shipping and delivery information, including delivery methods, access planning, handling advice, and important notes for OnCourt orders.\" \/>\n<meta name=\"robots\" content=\"index, follow, max-snippet:-1, max-image-preview:large, max-video-preview:-1\" \/>\n<link rel=\"canonical\" href=\"https:\/\/oncourt.online\/fr\/expedition-livraison\/\" \/>\n<meta property=\"og:locale\" content=\"fr_FR\" \/>\n<meta property=\"og:type\" content=\"article\" \/>\n<meta property=\"og:title\" content=\"Shipping And Delivery\" \/>\n<meta property=\"og:description\" content=\"Shipping and delivery information, including delivery methods, access planning, handling advice, and important notes for OnCourt orders.\" \/>\n<meta property=\"og:url\" content=\"https:\/\/oncourt.online\/fr\/expedition-livraison\/\" \/>\n<meta property=\"og:site_name\" content=\"OnCourt Online\" \/>\n<meta property=\"article:publisher\" content=\"https:\/\/www.facebook.com\/oncourt.online\/\" \/>\n<meta property=\"article:modified_time\" content=\"2026-01-09T02:04:24+00:00\" \/>\n<meta property=\"og:image\" content=\"https:\/\/oncourt.online\/wp-content\/uploads\/2022\/05\/OnCourt-Shipping-and-Delivery-Header.jpg\" \/>\n\t<meta property=\"og:image:width\" content=\"1440\" \/>\n\t<meta property=\"og:image:height\" content=\"498\" \/>\n\t<meta property=\"og:image:type\" content=\"image\/jpeg\" \/>\n<meta name=\"twitter:card\" content=\"summary_large_image\" \/>\n<meta name=\"twitter:label1\" content=\"Dur\u00e9e de lecture estim\u00e9e\" \/>\n\t<meta name=\"twitter:data1\" content=\"6 minutes\" \/>\n<!-- \/ Yoast SEO Premium plugin. -->","yoast_head_json":{"title":"Informations de Livraison | OnCourt","description":"Informations sur l\u2019exp\u00e9dition et la livraison, y compris les m\u00e9thodes de livraison, la planification de l\u2019acc\u00e8s, les conseils de manutention et les notes importantes pour les commandes OnCourt.","robots":{"index":"index","follow":"follow","max-snippet":"max-snippet:-1","max-image-preview":"max-image-preview:large","max-video-preview":"max-video-preview:-1"},"canonical":"https:\/\/oncourt.online\/fr\/expedition-livraison\/","og_locale":"fr_FR","og_type":"article","og_title":"Shipping And Delivery","og_description":"Shipping and delivery information, including delivery methods, access planning, handling advice, and important notes for OnCourt orders.","og_url":"https:\/\/oncourt.online\/fr\/expedition-livraison\/","og_site_name":"OnCourt Online","article_publisher":"https:\/\/www.facebook.com\/oncourt.online\/","article_modified_time":"2026-01-09T02:04:24+00:00","og_image":[{"width":1440,"height":498,"url":"https:\/\/oncourt.online\/wp-content\/uploads\/2022\/05\/OnCourt-Shipping-and-Delivery-Header.jpg","type":"image\/jpeg"}],"twitter_card":"summary_large_image","twitter_misc":{"Dur\u00e9e de lecture estim\u00e9e":"6 minutes"},"schema":{"@context":"https:\/\/schema.org","@graph":[{"@type":"WebPage","@id":"https:\/\/oncourt.online\/fr\/shipping-delivery\/","url":"https:\/\/oncourt.online\/fr\/shipping-delivery\/","name":"Informations de Livraison | OnCourt","isPartOf":{"@id":"https:\/\/oncourt.online\/fr\/#website"},"primaryImageOfPage":{"@id":"https:\/\/oncourt.online\/fr\/shipping-delivery\/#primaryimage"},"image":{"@id":"https:\/\/oncourt.online\/fr\/shipping-delivery\/#primaryimage"},"thumbnailUrl":"https:\/\/oncourt.online\/wp-content\/uploads\/2022\/05\/OnCourt-Shipping-and-Delivery-Header.jpg","datePublished":"2022-05-26T13:42:42+00:00","dateModified":"2026-01-09T02:04:24+00:00","description":"Informations sur l\u2019exp\u00e9dition et la livraison, y compris les m\u00e9thodes de livraison, la planification de l\u2019acc\u00e8s, les conseils de manutention et les notes importantes pour les commandes OnCourt.","breadcrumb":{"@id":"https:\/\/oncourt.online\/fr\/shipping-delivery\/#breadcrumb"},"inLanguage":"fr-FR","potentialAction":[{"@type":"ReadAction","target":["https:\/\/oncourt.online\/fr\/shipping-delivery\/"]}]},{"@type":"ImageObject","inLanguage":"fr-FR","@id":"https:\/\/oncourt.online\/fr\/shipping-delivery\/#primaryimage","url":"https:\/\/oncourt.online\/wp-content\/uploads\/2022\/05\/OnCourt-Shipping-and-Delivery-Header.jpg","contentUrl":"https:\/\/oncourt.online\/wp-content\/uploads\/2022\/05\/OnCourt-Shipping-and-Delivery-Header.jpg","width":1440,"height":498,"caption":"Shipping & Delivery | OnCourt"},{"@type":"BreadcrumbList","@id":"https:\/\/oncourt.online\/fr\/shipping-delivery\/#breadcrumb","itemListElement":[{"@type":"ListItem","position":1,"name":"Home","item":"https:\/\/oncourt.online\/"},{"@type":"ListItem","position":2,"name":"Shipping And Delivery"}]},{"@type":"WebSite","@id":"https:\/\/oncourt.online\/fr\/#website","url":"https:\/\/oncourt.online\/fr\/","name":"OnCourt Online","description":"Terrains de basket haute performance","publisher":{"@id":"https:\/\/oncourt.online\/fr\/#organization"},"potentialAction":[{"@type":"SearchAction","target":{"@type":"EntryPoint","urlTemplate":"https:\/\/oncourt.online\/fr\/?s={search_term_string}"},"query-input":{"@type":"PropertyValueSpecification","valueRequired":true,"valueName":"search_term_string"}}],"inLanguage":"fr-FR"},{"@type":"Organization","@id":"https:\/\/oncourt.online\/fr\/#organization","name":"OnCourt Online","url":"https:\/\/oncourt.online\/fr\/","logo":{"@type":"ImageObject","inLanguage":"fr-FR","@id":"https:\/\/oncourt.online\/fr\/#\/schema\/logo\/image\/","url":"https:\/\/oncourt.online\/wp-content\/uploads\/2021\/12\/Logo_OnCourt_Black.svg","contentUrl":"https:\/\/oncourt.online\/wp-content\/uploads\/2021\/12\/Logo_OnCourt_Black.svg","width":"1024","height":"1024","caption":"OnCourt Online"},"image":{"@id":"https:\/\/oncourt.online\/fr\/#\/schema\/logo\/image\/"},"sameAs":["https:\/\/www.facebook.com\/oncourt.online\/"],"email":"info@oncourt.online"}]}},"_links":{"self":[{"href":"https:\/\/oncourt.online\/fr\/wp-json\/wp\/v2\/pages\/6797","targetHints":{"allow":["GET"]}}],"collection":[{"href":"https:\/\/oncourt.online\/fr\/wp-json\/wp\/v2\/pages"}],"about":[{"href":"https:\/\/oncourt.online\/fr\/wp-json\/wp\/v2\/types\/page"}],"author":[{"embeddable":true,"href":"https:\/\/oncourt.online\/fr\/wp-json\/wp\/v2\/users\/2"}],"replies":[{"embeddable":true,"href":"https:\/\/oncourt.online\/fr\/wp-json\/wp\/v2\/comments?post=6797"}],"version-history":[{"count":0,"href":"https:\/\/oncourt.online\/fr\/wp-json\/wp\/v2\/pages\/6797\/revisions"}],"wp:featuredmedia":[{"embeddable":true,"href":"https:\/\/oncourt.online\/fr\/wp-json\/wp\/v2\/media\/6877"}],"wp:attachment":[{"href":"https:\/\/oncourt.online\/fr\/wp-json\/wp\/v2\/media?parent=6797"}],"curies":[{"name":"wp","href":"https:\/\/api.w.org\/{rel}","templated":true}]}}