{"id":428,"date":"2021-10-22T11:43:33","date_gmt":"2021-10-22T11:43:33","guid":{"rendered":"https:\/\/oncourt.online\/?page_id=428"},"modified":"2026-01-03T03:34:58","modified_gmt":"2026-01-03T03:34:58","slug":"garantie-a-vie","status":"publish","type":"page","link":"https:\/\/oncourt.online\/fr\/basketball-hoops\/lifetime-warranty\/","title":{"rendered":"Garantie \u00e0 vie"},"content":{"rendered":"<div class=\"gb-element-118ef599\">\n<div class=\"gb-element-d7eed537\">\n<h2 class=\"gb-headline gb-headline-96ad026f gb-headline-text\">Bon pour une vie enti\u00e8re de dunks, de slams et de jams.<\/h2>\n\n\n\n<p class=\"gb-headline gb-headline-78623ab6 gb-headline-text\">Mega Slam Hoops and OnCourt are committed to providing the best residential basketball systems that your money can buy. Mega Slam products are designed to last a lifetime. It makes sense for the warranty to last just as long.<br>Vous ne trouverez aucune de ces promesses chez d'autres fabricants de cerceaux. En fait, nous nous portons garants des syst\u00e8mes de basket-ball Mega Slam Hoops et garantissons de grandes performances pour toute une vie de jeu, jusqu'aux \u00e9crous et boulons.<\/p>\n\n\n\n<p class=\"gb-headline gb-headline-c6f59d0a gb-headline-text\"><br><strong>GARANTIE LIMIT\u00c9E \u00c0 VIE DES SYST\u00c8MES DE BASKET-BALL<\/strong><br>LA GARANTIE LIMIT\u00c9E \u00c0 VIE s'\u00e9tend uniquement \u00e0 l'acheteur consommateur original au d\u00e9tail que les composants structurels de Mega Slam Hoops (le \"Produit\") sont garantis comme \u00e9tant exempts de d\u00e9fauts de mat\u00e9riaux et de fabrication, sous r\u00e9serve des limitations d\u00e9crites ci-dessous. \" D\u00e9fauts \" est d\u00e9fini comme des imperfections qui nuisent \u00e0 l'utilisation du produit.<\/p>\n\n\n\n<p>THE LIMITED LIFETIME WARRANTY COVERAGE IS EXTENDED ONLY TO THE ORIGINAL RETAIL PURCHASER AND TERMINATES IF THE ORIGINAL RETAIL PURCHASER OTHERWISE TRANSFERS OR SELLS THE PRODUCT. THIS WARRANTY IS VOID IF THE PRODUCT HAS BEEN DAMAGED BY IMPROPER SERVICE, NEGLIGENCE, ACCIDENT, UNREASONABLE USE, IMPROPER INSTALLATION, OR OTHER CAUSES NOT RESULTING FROM DEFECTS IN MATERIAL AND WORKMANSHIP. <\/p>\n\n\n\n<p>Subject to proper installation in accordance with the installation instructions; normal residential use for glass backboards; normal basketball related activities; and has been maintained in agreement with the instructions.<\/p>\n\n\n\n<p class=\"gb-headline gb-headline-1de06637 gb-headline-text\"><br><strong>DEMANDES DE GARANTIE<\/strong><br>Proof of purchase by the original retail Consumer Purchaser is required for all warranty claims.<\/p>\n\n\n\n<p>Mega Sports UK Ltd reserves the right to examine physical evidence or photographs of the Product, or component parts, claimed to be defective, and to recover said Product, prior to authorising a warranty claim. If applicable, a \u201cReturn Merchandise Authorisation\u201d (RMA) number will be required prior to shipping damaged Product by original retail Consumer Purchaser with freight prepaid.<\/p>\n\n\n\n<p>In returning a Product or component part for repair or replacement under this warranty, the original Consumer Purchaser must prepay all shipping transportation, insurance and delivery costs, and the Product or component parts, must be delivered in either its original carton or a similar package affording an equal degree of protection.<\/p>\n\n\n\n<p>Mega Sports UK Ltd will not be responsible for any loss or damage incurred in connection with the return of this Product or component parts.<\/p>\n\n\n\n<p>La garantie limit\u00e9e \u00e0 vie ne couvre pas les \u00e9l\u00e9ments suivants :<\/p>\n\n\n\n<p>La pr\u00e9sente garantie ne s'applique pas \u00e0 tout produit ayant fait l'objet d'une mauvaise utilisation, d'un abus, d'une utilisation anormale, d'une n\u00e9gligence, d'une modification, d'un accident, d'une installation incorrecte, d'un acte de vandalisme ou d'un incendie.<\/p>\n\n\n\n<p>Peinture, pi\u00e8ces rouill\u00e9es, rayures de surface, d\u00e9coloration, d\u00e9coloration ou fissures qui n'affectent pas la fonctionnalit\u00e9 du Produit.<\/p>\n\n\n\n<p>Dommages ou d\u00e9t\u00e9rioration dus au temps ou \u00e0 l'usure normale.<\/p>\n\n\n\n<p>Les dommages dus \u00e0 des \"cas de force majeure\" comprennent, sans s'y limiter, les inondations, les tornades, la gr\u00eale, la foudre, les temp\u00eates de sable, les temp\u00eates de vent ou les tremblements de terre.<\/p>\n\n\n\n<p>Les dommages dus \u00e0 des \"facteurs environnementaux\" comprennent, sans s'y limiter, des \u00e9l\u00e9ments tels que les retomb\u00e9es a\u00e9riennes, les produits chimiques, les embruns marins ou le sable transport\u00e9 par le vent.<\/p>\n\n\n\n<p>Les frais d'exp\u00e9dition aller-retour des articles garantis ou remplac\u00e9s doivent \u00eatre pay\u00e9s \u00e0 l'avance par l'acheteur consommateur initial.<\/p>\n\n\n\n<p>Frais de service du concessionnaire, frais de main-d'\u0153uvre ou frais de d\u00e9placement. Tous les co\u00fbts de main-d'\u0153uvre, les frais de d\u00e9placement et les autres frais li\u00e9s \u00e0 l'installation, \u00e0 l'inspection, \u00e0 l'entretien ou au remplacement du produit, ou au remplacement de ses composants, sont \u00e0 la charge de l'acheteur au d\u00e9tail initial.<\/p>\n\n\n\n<p>CETTE GARANTIE REMPLACE EXPRESS\u00c9MENT TOUTE AUTRE GARANTIE, EXPRESSE OU IMPLICITE, Y COMPRIS, MAIS SANS S'Y LIMITER, TOUTE GARANTIE IMPLICITE DE QUALIT\u00c9 MARCHANDE OU D'AD\u00c9QUATION \u00c0 UN USAGE PARTICULIER, ET TOUTE AUTRE OBLIGATION DE LA PART DE MEGA SPORTS UK LTD, \u00c0 CONDITION TOUTEFOIS QUE, SI L'EXCLUSION DE GARANTIE IMPLICITE EST EFFECTIVE EN VERTU DE LA LOI APPLICABLE, LA DUR\u00c9E DE TOUTE GARANTIE IMPLICITE D\u00c9COULANT DE L'APPLICATION DE LA LOI SOIT LIMIT\u00c9E \u00c0 UN (1) AN \u00c0 COMPTER DE LA DATE D'ACHAT OU \u00c0 UNE P\u00c9RIODE PLUS LONGUE REQUISE PAR LA LOI APPLICABLE.<\/p>\n\n\n\n<p>MEGA SPORTS UK LTD HEREBY DISCLAIMS ANY AND ALL LIABILITY FOR CONSEQUENTIAL AND INCIDENTAL DAMAGES ARISING OUT OF OR IN CONNECTION WITH ANY BREACH OF THIS WARRANTY OR ANY OTHER CLAIM WITH RESPECT TO THIS PRODUCT, INCLUDING BUT NOT LIMITED TO, CLAIMS OF NEGLIGENCE, STRICT LIABILITY IN TORT OR BREACH OF CONTRACT.<\/p>\n\n\n\n<p>SOME STATES DO NOT ALLOW (A) LIMITATIONS ON HOW LONG AN IMPLIED WARRANTY LASTS OR (B) THE EXCLUSION OR LIMITATION OF INCIDENTAL OR CONSEQUENTIAL DAMAGES, SO THE ABOVE LIMITATIONS OR EXCLUSIONS MAY NOT APPLY TO YOU. THIS WARRANTY GIVES YOU SPECIFIC LEGAL RIGHTS AND YOU MAY HAVE OTHER RIGHTS WHICH VARY FROM STATE TO STATE.<\/p>\n\n\n\n<p>FOR THE ORIGINAL RETAIL PURCHASER TO SUBMIT A WARRANTY CLAIM, CALL OR WRITE MEGA SLAM HOOPS UK.<\/p>\n\n\n\n<p>TELEPHONE<br>020 3920 7400<br><br>EMAIL<br>support@megaslamhoops.uk<br>ADRESSE POSTALE<br><br>Mega Slam UK<br>The Hollies, Station Road, Chilbolton<br>Stockbridge, Hampshire<br>Royaume-Uni, SO20 6AL<\/p>\n<\/div>\n<\/div>","protected":false},"excerpt":{"rendered":"<p> ... <a title=\"Garantie \u00e0 vie\" class=\"read-more\" href=\"https:\/\/oncourt.online\/fr\/basketball-hoops\/lifetime-warranty\/\" aria-label=\"En savoir plus sur Lifetime Warranty\">En savoir plus<\/a><\/p>","protected":false},"author":2,"featured_media":362,"parent":34,"menu_order":0,"comment_status":"closed","ping_status":"closed","template":"","meta":{"_acf_changed":false,"inline_featured_image":false,"footnotes":""},"class_list":{"0":"post-428","1":"page","2":"type-page","3":"status-publish","4":"has-post-thumbnail","6":"infinite-scroll-item","7":"no-featured-image-padding","8":"resize-featured-image"},"acf":[],"yoast_head":"<!-- This site is optimized with the Yoast SEO Premium plugin v26.8 (Yoast SEO v26.9) - https:\/\/yoast.com\/product\/yoast-seo-premium-wordpress\/ -->\n<title>Lifetime Warranty - OnCourt Online<\/title>\n<meta name=\"description\" content=\"Mega Slam Hoops and OnCourt are committed to providing the best residential basketball systems that your money can buy.\" \/>\n<meta name=\"robots\" content=\"index, follow, max-snippet:-1, max-image-preview:large, max-video-preview:-1\" \/>\n<link rel=\"canonical\" href=\"https:\/\/oncourt.online\/fr\/paniers-de-basket\/garantie-a-vie\/\" \/>\n<meta property=\"og:locale\" content=\"fr_FR\" \/>\n<meta property=\"og:type\" content=\"article\" \/>\n<meta property=\"og:title\" content=\"Lifetime Warranty\" \/>\n<meta property=\"og:description\" content=\"Mega Slam Hoops and OnCourt are committed to providing the best residential basketball systems that your money can buy.\" \/>\n<meta property=\"og:url\" content=\"https:\/\/oncourt.online\/fr\/paniers-de-basket\/garantie-a-vie\/\" \/>\n<meta property=\"og:site_name\" content=\"OnCourt Online\" \/>\n<meta property=\"article:publisher\" content=\"https:\/\/www.facebook.com\/oncourt.online\/\" \/>\n<meta property=\"article:modified_time\" content=\"2026-01-03T03:34:58+00:00\" \/>\n<meta property=\"og:image\" content=\"https:\/\/oncourt.online\/wp-content\/uploads\/2021\/10\/Mega-Slam-Hoops-Lifetime-Warranty.png\" \/>\n\t<meta property=\"og:image:width\" content=\"300\" \/>\n\t<meta property=\"og:image:height\" content=\"300\" \/>\n\t<meta property=\"og:image:type\" content=\"image\/png\" \/>\n<meta name=\"twitter:card\" content=\"summary_large_image\" \/>\n<meta name=\"twitter:label1\" content=\"Dur\u00e9e de lecture estim\u00e9e\" \/>\n\t<meta name=\"twitter:data1\" content=\"4 minutes\" \/>\n<!-- \/ Yoast SEO Premium plugin. -->","yoast_head_json":{"title":"Garantie \u00e0 vie - OnCourt Online","description":"Mega Slam Hoops et OnCourt s'engagent \u00e0 fournir les meilleurs syst\u00e8mes de basket-ball r\u00e9sidentiels que vous pouvez acheter.","robots":{"index":"index","follow":"follow","max-snippet":"max-snippet:-1","max-image-preview":"max-image-preview:large","max-video-preview":"max-video-preview:-1"},"canonical":"https:\/\/oncourt.online\/fr\/paniers-de-basket\/garantie-a-vie\/","og_locale":"fr_FR","og_type":"article","og_title":"Lifetime Warranty","og_description":"Mega Slam Hoops and OnCourt are committed to providing the best residential basketball systems that your money can buy.","og_url":"https:\/\/oncourt.online\/fr\/paniers-de-basket\/garantie-a-vie\/","og_site_name":"OnCourt Online","article_publisher":"https:\/\/www.facebook.com\/oncourt.online\/","article_modified_time":"2026-01-03T03:34:58+00:00","og_image":[{"width":300,"height":300,"url":"https:\/\/oncourt.online\/wp-content\/uploads\/2021\/10\/Mega-Slam-Hoops-Lifetime-Warranty.png","type":"image\/png"}],"twitter_card":"summary_large_image","twitter_misc":{"Dur\u00e9e de lecture estim\u00e9e":"4 minutes"},"schema":{"@context":"https:\/\/schema.org","@graph":[{"@type":"WebPage","@id":"https:\/\/oncourt.online\/fr\/basketball-hoops\/lifetime-warranty\/","url":"https:\/\/oncourt.online\/fr\/basketball-hoops\/lifetime-warranty\/","name":"Garantie \u00e0 vie - OnCourt Online","isPartOf":{"@id":"https:\/\/oncourt.online\/fr\/#website"},"primaryImageOfPage":{"@id":"https:\/\/oncourt.online\/fr\/basketball-hoops\/lifetime-warranty\/#primaryimage"},"image":{"@id":"https:\/\/oncourt.online\/fr\/basketball-hoops\/lifetime-warranty\/#primaryimage"},"thumbnailUrl":"https:\/\/oncourt.online\/wp-content\/uploads\/2021\/10\/Mega-Slam-Hoops-Lifetime-Warranty.png","datePublished":"2021-10-22T11:43:33+00:00","dateModified":"2026-01-03T03:34:58+00:00","description":"Mega Slam Hoops et OnCourt s'engagent \u00e0 fournir les meilleurs syst\u00e8mes de basket-ball r\u00e9sidentiels que vous pouvez acheter.","breadcrumb":{"@id":"https:\/\/oncourt.online\/fr\/basketball-hoops\/lifetime-warranty\/#breadcrumb"},"inLanguage":"fr-FR","potentialAction":[{"@type":"ReadAction","target":["https:\/\/oncourt.online\/fr\/basketball-hoops\/lifetime-warranty\/"]}]},{"@type":"ImageObject","inLanguage":"fr-FR","@id":"https:\/\/oncourt.online\/fr\/basketball-hoops\/lifetime-warranty\/#primaryimage","url":"https:\/\/oncourt.online\/wp-content\/uploads\/2021\/10\/Mega-Slam-Hoops-Lifetime-Warranty.png","contentUrl":"https:\/\/oncourt.online\/wp-content\/uploads\/2021\/10\/Mega-Slam-Hoops-Lifetime-Warranty.png","width":300,"height":300,"caption":"Mega Slam Hoops - Lifetime Warranty"},{"@type":"BreadcrumbList","@id":"https:\/\/oncourt.online\/fr\/basketball-hoops\/lifetime-warranty\/#breadcrumb","itemListElement":[{"@type":"ListItem","position":1,"name":"Home","item":"https:\/\/oncourt.online\/"},{"@type":"ListItem","position":2,"name":"Basketball Hoops","item":"https:\/\/oncourt.online\/fr\/basketball-hoops\/"},{"@type":"ListItem","position":3,"name":"Lifetime Warranty"}]},{"@type":"WebSite","@id":"https:\/\/oncourt.online\/fr\/#website","url":"https:\/\/oncourt.online\/fr\/","name":"OnCourt Online","description":"Terrains de basket haute performance","publisher":{"@id":"https:\/\/oncourt.online\/fr\/#organization"},"potentialAction":[{"@type":"SearchAction","target":{"@type":"EntryPoint","urlTemplate":"https:\/\/oncourt.online\/fr\/?s={search_term_string}"},"query-input":{"@type":"PropertyValueSpecification","valueRequired":true,"valueName":"search_term_string"}}],"inLanguage":"fr-FR"},{"@type":"Organization","@id":"https:\/\/oncourt.online\/fr\/#organization","name":"OnCourt Online","url":"https:\/\/oncourt.online\/fr\/","logo":{"@type":"ImageObject","inLanguage":"fr-FR","@id":"https:\/\/oncourt.online\/fr\/#\/schema\/logo\/image\/","url":"https:\/\/oncourt.online\/wp-content\/uploads\/2021\/12\/Logo_OnCourt_Black.svg","contentUrl":"https:\/\/oncourt.online\/wp-content\/uploads\/2021\/12\/Logo_OnCourt_Black.svg","width":"1024","height":"1024","caption":"OnCourt Online"},"image":{"@id":"https:\/\/oncourt.online\/fr\/#\/schema\/logo\/image\/"},"sameAs":["https:\/\/www.facebook.com\/oncourt.online\/"],"email":"info@oncourt.online"}]}},"_links":{"self":[{"href":"https:\/\/oncourt.online\/fr\/wp-json\/wp\/v2\/pages\/428","targetHints":{"allow":["GET"]}}],"collection":[{"href":"https:\/\/oncourt.online\/fr\/wp-json\/wp\/v2\/pages"}],"about":[{"href":"https:\/\/oncourt.online\/fr\/wp-json\/wp\/v2\/types\/page"}],"author":[{"embeddable":true,"href":"https:\/\/oncourt.online\/fr\/wp-json\/wp\/v2\/users\/2"}],"replies":[{"embeddable":true,"href":"https:\/\/oncourt.online\/fr\/wp-json\/wp\/v2\/comments?post=428"}],"version-history":[{"count":0,"href":"https:\/\/oncourt.online\/fr\/wp-json\/wp\/v2\/pages\/428\/revisions"}],"up":[{"embeddable":true,"href":"https:\/\/oncourt.online\/fr\/wp-json\/wp\/v2\/pages\/34"}],"wp:featuredmedia":[{"embeddable":true,"href":"https:\/\/oncourt.online\/fr\/wp-json\/wp\/v2\/media\/362"}],"wp:attachment":[{"href":"https:\/\/oncourt.online\/fr\/wp-json\/wp\/v2\/media?parent=428"}],"curies":[{"name":"wp","href":"https:\/\/api.w.org\/{rel}","templated":true}]}}