{"id":3706,"date":"2022-03-08T09:13:55","date_gmt":"2022-03-08T09:13:55","guid":{"rendered":"https:\/\/oncourt.online\/?page_id=3706"},"modified":"2026-01-13T08:00:41","modified_gmt":"2026-01-13T08:00:41","slug":"joindre-oncourt","status":"publish","type":"page","link":"https:\/\/oncourt.online\/fr\/join-oncourt\/","title":{"rendered":"Travaillez avec OnCourt"},"content":{"rendered":"<div class=\"gb-container gb-container-c9c919f1\"><div class=\"gb-inside-container\">\n<div class=\"gb-container gb-container-cefabf47\"><div class=\"gb-inside-container\">\n\n<h2 class=\"gb-headline gb-headline-d23b44e5 gb-headline-text\">Collaborez avec un sp\u00e9cialiste des terrains de basketball<\/h2>\n\n\n\n<p class=\"gb-headline gb-headline-b071501e gb-headline-text\">OnCourt collabore avec des professionnels \u00e0 travers toute l\u2019Europe qui con\u00e7oivent, construisent et sp\u00e9cifient des espaces sportifs ext\u00e9rieurs. Notre programme partenaires s\u2019adresse aux entreprises souhaitant proposer \u00e0 leurs clients des terrains de basketball haute performance, soutenus par des produits sp\u00e9cialis\u00e9s, des outils de planification pr\u00e9cis et une expertise d\u00e9di\u00e9e.<\/p>\n\n\n\n<p class=\"gb-text gb-text-6b40232a\">Nous n\u2019op\u00e9rons pas comme un fournisseur g\u00e9n\u00e9ral de sport. Le basketball est notre priorit\u00e9 et nous travaillons avec des partenaires qui attachent de l\u2019importance \u00e0 un travail bien fait.<\/p>\n\n\n\n<h3 class=\"gb-text gb-text-a0baa6e3\">Avec qui nous travaillons<\/h3>\n\n\n\n<p>Nous collaborons avec des entreprises impliqu\u00e9es dans la construction ext\u00e9rieure, la conception et les rev\u00eatements, notamment :<\/p>\n\n\n\n<ul class=\"wp-block-list\">\n<li>Entrepreneurs g\u00e9n\u00e9raux et entreprises de construction<\/li>\n\n\n\n<li>Concepteurs paysagistes et designers de jardins<\/li>\n\n\n\n<li>Entreprises de terrassement et de g\u00e9nie civil<\/li>\n\n\n\n<li>Constructeurs de terrains de sport et sp\u00e9cialistes du resurfa\u00e7age<\/li>\n\n\n\n<li>Architectes et prescripteurs<\/li>\n\n\n\n<li>Sp\u00e9cialistes des espaces ext\u00e9rieurs ax\u00e9s sur le design<\/li>\n<\/ul>\n\n\n\n<p class=\"gb-text gb-text-b726bb2a\">Si votre activit\u00e9 consiste \u00e0 planifier ou \u00e0 construire des espaces ext\u00e9rieurs et que vous souhaitez ajouter des terrains de basketball \u00e0 votre offre, nous serions ravis d\u2019\u00e9changer avec vous.<\/p>\n\n\n\n<div class=\"gb-element-bbf74639\">\n<div>\n<img loading=\"lazy\" decoding=\"async\" width=\"660\" height=\"400\" class=\"img_12px_radius gb-media-76f4f695\" alt=\"\" title=\"OnCourt Modular Basketball Court Surface Installation\" src=\"https:\/\/oncourt.online\/wp-content\/uploads\/2022\/05\/OnCourt-Modular-Basketball-Court-Surface-Installation.jpg\" srcset=\"https:\/\/oncourt.online\/wp-content\/uploads\/2022\/05\/OnCourt-Modular-Basketball-Court-Surface-Installation.jpg 660w, https:\/\/oncourt.online\/wp-content\/uploads\/2022\/05\/OnCourt-Modular-Basketball-Court-Surface-Installation-300x182.jpg 300w, https:\/\/oncourt.online\/wp-content\/uploads\/2022\/05\/OnCourt-Modular-Basketball-Court-Surface-Installation-18x12.jpg 18w, https:\/\/oncourt.online\/wp-content\/uploads\/2022\/05\/OnCourt-Modular-Basketball-Court-Surface-Installation-545x330.jpg 545w\" sizes=\"auto, (max-width: 660px) 100vw, 660px\" \/>\n<\/div>\n\n\n\n<div>\n<h2 class=\"gb-text\">Ce \u00e0 quoi les partenaires OnCourt peuvent s\u2019attendre<\/h2>\n\n\n\n<p class=\"gb-text last_text\">Un acc\u00e8s \u00e0 des outils professionnels de conception de terrains, \u00e0 des tarifs pr\u00e9f\u00e9rentiels et \u00e0 un accompagnement sp\u00e9cialis\u00e9 pour planifier, sp\u00e9cifier et livrer des terrains de basketball haute performance en toute confiance.<\/p>\n<\/div>\n<\/div>\n\n\n\n<h4 class=\"gb-text\">Outils de conception professionnels<\/h4>\n\n\n\n<p class=\"gb-text\">Utilisez la plateforme de conception 3D de terrains de basketball OnCourt pour planifier les implantations, explorer les palettes de couleurs, sp\u00e9cifier les rev\u00eatements et les paniers, et g\u00e9n\u00e9rer des visuels et des prix pr\u00e9cis pour vos propositions clients.<\/p>\n\n\n\n<h4 class=\"gb-text\">Tarifs partenaires pr\u00e9f\u00e9rentiels<\/h4>\n\n\n\n<p class=\"gb-text\">Les partenaires agr\u00e9\u00e9s b\u00e9n\u00e9ficient de tarifs professionnels sur les rev\u00eatements modulaires de basketball et les paniers Mega Slam, vous permettant de proposer des solutions premium tout en conservant des marges saines.<\/p>\n\n\n\n<h4 class=\"gb-text\">Assistance technique sp\u00e9cialis\u00e9e<\/h4>\n\n\n\n<p class=\"gb-text\">Acc\u00e9dez directement \u00e0 des conseils sur les agencements, le choix des surfaces, les exigences d'installation et l'association des produits, afin de r\u00e9duire les incertitudes et d'\u00e9viter des erreurs co\u00fbteuses sur le chantier.<\/p>\n\n\n\n<h4 class=\"gb-text\">Sp\u00e9cifications et ressources claires<\/h4>\n\n\n\n<p class=\"gb-text gb-text-46b97fff\">Utilisez nos guides et nos ressources de planification pour \u00e9viter les approximations, r\u00e9duire les erreurs et pr\u00e9senter \u00e0 vos clients des propositions claires et convaincantes.<\/p>\n\n\n\n<div class=\"gb-element-d984cac5\">\n<div>\n<img loading=\"lazy\" decoding=\"async\" width=\"1200\" height=\"960\" class=\"img_12px_radius gb-media-1c57b1fb\" alt=\"\" title=\"Conception d&#039;un terrain de basket r\u00e9sidentiel de taille moyenne\" src=\"https:\/\/oncourt.online\/wp-content\/uploads\/2025\/12\/Medium-Sized-Residential-Basketball-Court-Design.webp\"\/>\n<\/div>\n\n\n\n<div>\n<h3 class=\"gb-text\">Con\u00e7u pour des projets r\u00e9els<\/h3>\n\n\n\n<p>Le programme de partenariat OnCourt convient aux professionnels qui fournissent :<\/p>\n\n\n\n<ul class=\"wp-block-list\">\n<li>Courts r\u00e9sidentiels<\/li>\n\n\n\n<li>Club et installations d'entra\u00eenement<\/li>\n\n\n\n<li>\u00c9coles et espaces \u00e9ducatifs<\/li>\n\n\n\n<li>Terrains ext\u00e9rieurs commerciaux ou polyvalents<\/li>\n<\/ul>\n\n\n\n<p class=\"gb-text last_text\">Nous soutenons les partenaires qui sont fiers de la qualit\u00e9 de leur travail et de leurs performances \u00e0 long terme.<\/p>\n<\/div>\n<\/div>\n\n\n\n<div class=\"gb-element-f79012eb\">\n<h3 class=\"gb-text gb-text-5da21831\">Postulez pour devenir partenaire OnCourt<\/h3>\n\n\n\n<p class=\"gb-text not_last_text\">Si vous souhaitez travailler avec OnCourt, veuillez remplir le formulaire de demande ci-dessous. <\/p>\n\n\n\n<p class=\"gb-text gb-text-209ee9ae\">Nous examinons toutes les candidatures et vous contacterons afin de d\u00e9terminer si le programme correspond \u00e0 votre activit\u00e9.<\/p>\n<\/div>\n\n\n<div class=\"gb-container gb-container-8ddfb2cf\">\n\n\n\n\n\n\n\n\n\n\n<div class=\"gb-container gb-container-127b98d2\">\n\n<div class=\"pipedriveWebForms\" data-pd-webforms=\"https:\/\/webforms.pipedrive.com\/f\/6ULCDKgxAyBLH7NSECzLHDALNdrepb3V1rSEB1d9tuH3dJvxfaD1e4Nccwsgrw8Aan\"><script src=\"https:\/\/webforms.pipedrive.com\/f\/loader\"><\/script><\/div>\n\n<\/div>\n\n\n\n\n\n\n\n\n\n\n\n\n\n\n\n\n<\/div>\n<\/div><\/div>\n<\/div><\/div>","protected":false},"excerpt":{"rendered":"<p> ... <a title=\"Travaillez avec OnCourt\" class=\"read-more\" href=\"https:\/\/oncourt.online\/fr\/join-oncourt\/\" aria-label=\"En savoir plus sur Work With OnCourt\">En savoir plus<\/a><\/p>","protected":false},"author":2,"featured_media":7048,"parent":0,"menu_order":13,"comment_status":"closed","ping_status":"closed","template":"","meta":{"_acf_changed":false,"inline_featured_image":false,"footnotes":""},"class_list":{"0":"post-3706","1":"page","2":"type-page","3":"status-publish","4":"has-post-thumbnail","6":"infinite-scroll-item","7":"no-featured-image-padding","8":"resize-featured-image"},"acf":[],"yoast_head":"<!-- This site is optimized with the Yoast SEO Premium plugin v26.8 (Yoast SEO v27.3) - https:\/\/yoast.com\/product\/yoast-seo-premium-wordpress\/ -->\n<title>OnCourt Partners | Trade Pricing &amp; Basketball Court Design Tools<\/title>\n<meta name=\"description\" content=\"Partner with OnCourt. Work with a specialist basketball court supplier. Design tools, trade pricing, and support for residential &amp; commercial projects.\" \/>\n<meta name=\"robots\" content=\"index, follow, max-snippet:-1, max-image-preview:large, max-video-preview:-1\" \/>\n<link rel=\"canonical\" href=\"https:\/\/oncourt.online\/fr\/joindre-oncourt\/\" \/>\n<meta property=\"og:locale\" content=\"fr_FR\" \/>\n<meta property=\"og:type\" content=\"article\" \/>\n<meta property=\"og:title\" content=\"Work With OnCourt\" \/>\n<meta property=\"og:description\" content=\"Partner with OnCourt. Work with a specialist basketball court supplier. Design tools, trade pricing, and support for residential &amp; commercial projects.\" \/>\n<meta property=\"og:url\" content=\"https:\/\/oncourt.online\/fr\/joindre-oncourt\/\" \/>\n<meta property=\"og:site_name\" content=\"OnCourt Online\" \/>\n<meta property=\"article:publisher\" content=\"https:\/\/www.facebook.com\/oncourt.online\/\" \/>\n<meta property=\"article:modified_time\" content=\"2026-01-13T08:00:41+00:00\" \/>\n<meta property=\"og:image\" content=\"https:\/\/oncourt.online\/wp-content\/uploads\/2022\/05\/OnCourt-Modular-Basketball-Court-Surface-Installation.jpg\" \/>\n\t<meta property=\"og:image:width\" content=\"660\" \/>\n\t<meta property=\"og:image:height\" content=\"400\" \/>\n\t<meta property=\"og:image:type\" content=\"image\/jpeg\" \/>\n<meta name=\"twitter:card\" content=\"summary_large_image\" \/>\n<meta name=\"twitter:label1\" content=\"Dur\u00e9e de lecture estim\u00e9e\" \/>\n\t<meta name=\"twitter:data1\" content=\"3 minutes\" \/>\n<!-- \/ Yoast SEO Premium plugin. -->","yoast_head_json":{"title":"Partenaires OnCourt | Tarifs Professionnels et Outils de Conception de Terrains de Basket","description":"Devenez partenaire OnCourt. Travaillez avec un sp\u00e9cialiste des terrains de basket. Outils de conception, tarifs professionnels et accompagnement pour projets r\u00e9sidentiels et commerciaux.","robots":{"index":"index","follow":"follow","max-snippet":"max-snippet:-1","max-image-preview":"max-image-preview:large","max-video-preview":"max-video-preview:-1"},"canonical":"https:\/\/oncourt.online\/fr\/joindre-oncourt\/","og_locale":"fr_FR","og_type":"article","og_title":"Work With OnCourt","og_description":"Partner with OnCourt. Work with a specialist basketball court supplier. Design tools, trade pricing, and support for residential & commercial projects.","og_url":"https:\/\/oncourt.online\/fr\/joindre-oncourt\/","og_site_name":"OnCourt Online","article_publisher":"https:\/\/www.facebook.com\/oncourt.online\/","article_modified_time":"2026-01-13T08:00:41+00:00","og_image":[{"width":660,"height":400,"url":"https:\/\/oncourt.online\/wp-content\/uploads\/2022\/05\/OnCourt-Modular-Basketball-Court-Surface-Installation.jpg","type":"image\/jpeg"}],"twitter_card":"summary_large_image","twitter_misc":{"Dur\u00e9e de lecture estim\u00e9e":"3 minutes"},"schema":{"@context":"https:\/\/schema.org","@graph":[{"@type":"WebPage","@id":"https:\/\/oncourt.online\/fr\/join-oncourt\/","url":"https:\/\/oncourt.online\/fr\/join-oncourt\/","name":"Partenaires OnCourt | Tarifs Professionnels et Outils de Conception de Terrains de Basket","isPartOf":{"@id":"https:\/\/oncourt.online\/fr\/#website"},"primaryImageOfPage":{"@id":"https:\/\/oncourt.online\/fr\/join-oncourt\/#primaryimage"},"image":{"@id":"https:\/\/oncourt.online\/fr\/join-oncourt\/#primaryimage"},"thumbnailUrl":"https:\/\/oncourt.online\/wp-content\/uploads\/2022\/05\/OnCourt-Modular-Basketball-Court-Surface-Installation.jpg","datePublished":"2022-03-08T09:13:55+00:00","dateModified":"2026-01-13T08:00:41+00:00","description":"Devenez partenaire OnCourt. Travaillez avec un sp\u00e9cialiste des terrains de basket. Outils de conception, tarifs professionnels et accompagnement pour projets r\u00e9sidentiels et commerciaux.","breadcrumb":{"@id":"https:\/\/oncourt.online\/fr\/join-oncourt\/#breadcrumb"},"inLanguage":"fr-FR","potentialAction":[{"@type":"ReadAction","target":["https:\/\/oncourt.online\/fr\/join-oncourt\/"]}]},{"@type":"ImageObject","inLanguage":"fr-FR","@id":"https:\/\/oncourt.online\/fr\/join-oncourt\/#primaryimage","url":"https:\/\/oncourt.online\/wp-content\/uploads\/2022\/05\/OnCourt-Modular-Basketball-Court-Surface-Installation.jpg","contentUrl":"https:\/\/oncourt.online\/wp-content\/uploads\/2022\/05\/OnCourt-Modular-Basketball-Court-Surface-Installation.jpg","width":660,"height":400},{"@type":"BreadcrumbList","@id":"https:\/\/oncourt.online\/fr\/join-oncourt\/#breadcrumb","itemListElement":[{"@type":"ListItem","position":1,"name":"Home","item":"https:\/\/oncourt.online\/"},{"@type":"ListItem","position":2,"name":"Work With OnCourt"}]},{"@type":"WebSite","@id":"https:\/\/oncourt.online\/fr\/#website","url":"https:\/\/oncourt.online\/fr\/","name":"OnCourt Online","description":"Terrains de basket haute performance","publisher":{"@id":"https:\/\/oncourt.online\/fr\/#organization"},"potentialAction":[{"@type":"SearchAction","target":{"@type":"EntryPoint","urlTemplate":"https:\/\/oncourt.online\/fr\/?s={search_term_string}"},"query-input":{"@type":"PropertyValueSpecification","valueRequired":true,"valueName":"search_term_string"}}],"inLanguage":"fr-FR"},{"@type":"Organization","@id":"https:\/\/oncourt.online\/fr\/#organization","name":"OnCourt Online","url":"https:\/\/oncourt.online\/fr\/","logo":{"@type":"ImageObject","inLanguage":"fr-FR","@id":"https:\/\/oncourt.online\/fr\/#\/schema\/logo\/image\/","url":"https:\/\/oncourt.online\/wp-content\/uploads\/2021\/12\/Logo_OnCourt_Black.svg","contentUrl":"https:\/\/oncourt.online\/wp-content\/uploads\/2021\/12\/Logo_OnCourt_Black.svg","width":"1024","height":"1024","caption":"OnCourt Online"},"image":{"@id":"https:\/\/oncourt.online\/fr\/#\/schema\/logo\/image\/"},"sameAs":["https:\/\/www.facebook.com\/oncourt.online\/"],"email":"info@oncourt.online"}]}},"_links":{"self":[{"href":"https:\/\/oncourt.online\/fr\/wp-json\/wp\/v2\/pages\/3706","targetHints":{"allow":["GET"]}}],"collection":[{"href":"https:\/\/oncourt.online\/fr\/wp-json\/wp\/v2\/pages"}],"about":[{"href":"https:\/\/oncourt.online\/fr\/wp-json\/wp\/v2\/types\/page"}],"author":[{"embeddable":true,"href":"https:\/\/oncourt.online\/fr\/wp-json\/wp\/v2\/users\/2"}],"replies":[{"embeddable":true,"href":"https:\/\/oncourt.online\/fr\/wp-json\/wp\/v2\/comments?post=3706"}],"version-history":[{"count":1,"href":"https:\/\/oncourt.online\/fr\/wp-json\/wp\/v2\/pages\/3706\/revisions"}],"predecessor-version":[{"id":17261,"href":"https:\/\/oncourt.online\/fr\/wp-json\/wp\/v2\/pages\/3706\/revisions\/17261"}],"wp:featuredmedia":[{"embeddable":true,"href":"https:\/\/oncourt.online\/fr\/wp-json\/wp\/v2\/media\/7048"}],"wp:attachment":[{"href":"https:\/\/oncourt.online\/fr\/wp-json\/wp\/v2\/media?parent=3706"}],"curies":[{"name":"wp","href":"https:\/\/api.w.org\/{rel}","templated":true}]}}