{"id":716,"date":"2021-11-19T12:30:15","date_gmt":"2021-11-19T12:30:15","guid":{"rendered":"https:\/\/oncourt.online\/?post_type=product&#038;p=716"},"modified":"2026-01-17T01:37:38","modified_gmt":"2026-01-17T01:37:38","slug":"oncourt-audioteline","status":"publish","type":"product","link":"https:\/\/oncourt.online\/fi\/basketball-hoops\/oncourt-audio-bracket\/","title":{"rendered":"Audio Bracket"},"content":{"rendered":"<div class=\"gb-grid-wrapper gb-grid-wrapper-b126a144\">\n<div class=\"gb-grid-column gb-grid-column-6ceedb1b\"><div class=\"gb-container gb-container-6ceedb1b\"><div class=\"gb-inside-container\">\n\n<h2 class=\"gb-headline gb-headline-4e62905f gb-headline-text\">Mega Slam Mega \u00c4\u00e4net<\/h2>\n\n\n\n<p>Vuonna 1979 Big Bank Hank kehuskeli katsovansa New York Knicksi\u00e4 v\u00e4ritelevisiostaan elokuvassa \"Rapper's Delight\". Koripallon ja hiphopin v\u00e4linen yhteys on ilmeinen Mega Slam Audio Bracketissa. Tuo kaikki suosikkibiittisi OnCourtille kivenkovalla pallonkest\u00e4v\u00e4ll\u00e4 kotelolla Bose 251 Environment -kaiuttimille (ei sis\u00e4lly toimitukseen).<\/p>\n\n\n\n<p>The Audio Bracket makes a great addition to an OnCourt Basketball Court installation. Pair it with a <em><a href=\"https:\/\/oncourt.online\/fi\/koripallo-koripallo\/game-light\/\">Game Light\u00ae<\/a><\/em> and you&#8217;ll be slamming and jamming through the night in style!<\/p>\n\n<\/div><\/div><\/div>\n\n<div class=\"gb-grid-column gb-grid-column-c5f6c602\"><div class=\"gb-container gb-container-c5f6c602\"><div class=\"gb-inside-container\">\n\n<img decoding=\"async\" class=\"img_12px_radius\" src=\"https:\/\/oncourt.online\/wp-content\/uploads\/2021\/11\/Audio-Slam.jpg\" alt=\"Koripallokentt\u00e4 Audio\"\/>\n\n<\/div><\/div><\/div>\n<\/div>","protected":false},"excerpt":{"rendered":"<p>\"Tavarani olivat ilmi\u00f6m\u00e4iset.\" -\u00a0<em><span class=\"authorOrTitle\">Gilbert Arenas<\/span><\/em>\u00a0Anna vanteellesi Gilbertin kaltainen swag Mega Slam Audio Bracketilla. Audio Bracket on yhteensopiva sek\u00e4 Mega Slam 60- ett\u00e4 72-mallien kanssa, ja siin\u00e4 on 2 kappaletta \u00e4\u00e4nentoistokoruja.\u00a0<a href=\"https:\/\/www.bose.co.uk\/en_gb\/products\/speakers\/stereo_speakers\/251-environmental-speakers.html#v=251_black\">Bose 251 Ymp\u00e4rist\u00f6kaiuttimet<\/a>\u00a0(ei sis\u00e4lly) uskomattomia OnCourt-\u00e4\u00e4ni\u00e4 varten.<\/p>","protected":false},"featured_media":717,"template":"","meta":{"_acf_changed":true,"inline_featured_image":false},"product_brand":[],"product_cat":[19,236],"product_tag":[],"class_list":{"0":"post-716","1":"product","2":"type-product","3":"status-publish","4":"has-post-thumbnail","6":"product_cat-basketball-hoops","7":"product_cat-accessories","8":"product_shipping_class-component-shipping","9":"infinite-scroll-item","10":"no-featured-image-padding","11":"resize-featured-image","12":"","13":"woocommerce-text-align-center","14":"woocommerce-image-align-center","15":"do-quantity-buttons","17":"first","18":"onbackorder","19":"taxable","20":"shipping-taxable","21":"purchasable","22":"product-type-simple"},"bundled_by":["4941","136","370"],"bundle_stock_status":"onbackorder","bundle_stock_quantity":null,"bundle_virtual":false,"bundle_layout":"","bundle_add_to_cart_form_location":"","bundle_editable_in_cart":false,"bundle_sold_individually_context":"","bundle_item_grouping":"","bundle_min_size":"","bundle_max_size":"","bundle_price":[],"bundled_items":[],"bundle_sell_ids":[],"acf":[],"yoast_head":"<!-- This site is optimized with the Yoast SEO Premium plugin v26.8 (Yoast SEO v27.3) - https:\/\/yoast.com\/product\/yoast-seo-premium-wordpress\/ -->\n<title>Audio Bracket - OnCourt Online<\/title>\n<meta name=\"description\" content=\"Bring the beats on court. The intrinsic link between hoops and hip hop is manifest in the Mega Slam Audio Bracket.\" \/>\n<meta name=\"robots\" content=\"index, follow, max-snippet:-1, max-image-preview:large, max-video-preview:-1\" \/>\n<link rel=\"canonical\" href=\"https:\/\/oncourt.online\/fi\/koripallo-koripallo\/oncourt-audioteline\/\" \/>\n<meta property=\"og:locale\" content=\"fi_FI\" \/>\n<meta property=\"og:type\" content=\"article\" \/>\n<meta property=\"og:title\" content=\"Audio Bracket\" \/>\n<meta property=\"og:description\" content=\"Bring the beats on court. The intrinsic link between hoops and hip hop is manifest in the Mega Slam Audio Bracket.\" \/>\n<meta property=\"og:url\" content=\"https:\/\/oncourt.online\/fi\/koripallo-koripallo\/oncourt-audioteline\/\" \/>\n<meta property=\"og:site_name\" content=\"OnCourt Online\" \/>\n<meta property=\"article:publisher\" content=\"https:\/\/www.facebook.com\/oncourt.online\/\" \/>\n<meta property=\"article:modified_time\" content=\"2026-01-17T01:37:38+00:00\" \/>\n<meta property=\"og:image\" content=\"https:\/\/oncourt.online\/wp-content\/uploads\/2021\/11\/Mega-Slam-Audio-Bracket-OnCourt-Online.png\" \/>\n\t<meta property=\"og:image:width\" content=\"900\" \/>\n\t<meta property=\"og:image:height\" content=\"900\" \/>\n\t<meta property=\"og:image:type\" content=\"image\/png\" \/>\n<meta name=\"twitter:card\" content=\"summary_large_image\" \/>\n<meta name=\"twitter:label1\" content=\"Hinta\" \/>\n\t<meta name=\"twitter:data1\" content=\"&euro;249\" \/>\n\t<meta name=\"twitter:label2\" content=\"Saatavuus\" \/>\n\t<meta name=\"twitter:data2\" content=\"J\u00e4lkitoimituksessa\" \/>\n<meta property=\"product:price:amount\" content=\"249\" \/>\n<meta property=\"product:price:currency\" content=\"EUR\" \/>\n<meta property=\"og:availability\" content=\"backorder\" \/>\n<meta property=\"product:availability\" content=\"available for order\" \/>\n<meta property=\"product:retailer_item_id\" content=\"BHA-AB7260\" \/>\n<meta property=\"product:condition\" content=\"new\" \/>\n<!-- \/ Yoast SEO Premium plugin. -->","yoast_head_json":{"title":"Audio Bracket - OnCourt Online","description":"Tuo biitit kent\u00e4lle. Koripallon ja hiphopin v\u00e4linen luontainen yhteys ilmenee Mega Slam Audio Bracketissa.","robots":{"index":"index","follow":"follow","max-snippet":"max-snippet:-1","max-image-preview":"max-image-preview:large","max-video-preview":"max-video-preview:-1"},"canonical":"https:\/\/oncourt.online\/fi\/koripallo-koripallo\/oncourt-audioteline\/","og_locale":"fi_FI","og_type":"article","og_title":"Audio Bracket","og_description":"Bring the beats on court. The intrinsic link between hoops and hip hop is manifest in the Mega Slam Audio Bracket.","og_url":"https:\/\/oncourt.online\/fi\/koripallo-koripallo\/oncourt-audioteline\/","og_site_name":"OnCourt Online","article_publisher":"https:\/\/www.facebook.com\/oncourt.online\/","article_modified_time":"2026-01-17T01:37:38+00:00","og_image":[{"width":900,"height":900,"url":"https:\/\/oncourt.online\/wp-content\/uploads\/2021\/11\/Mega-Slam-Audio-Bracket-OnCourt-Online.png","type":"image\/png"}],"twitter_card":"summary_large_image","twitter_misc":{"Hinta":"&euro;249","Saatavuus":"J\u00e4lkitoimituksessa"},"schema":{"@context":"https:\/\/schema.org","@graph":[{"@type":"WebPage","@id":"https:\/\/oncourt.online\/fi\/basketball-hoops\/oncourt-audio-bracket\/","url":"https:\/\/oncourt.online\/fi\/basketball-hoops\/oncourt-audio-bracket\/","name":"Audio Bracket - OnCourt Online","isPartOf":{"@id":"https:\/\/oncourt.online\/fi\/#website"},"primaryImageOfPage":{"@id":"https:\/\/oncourt.online\/fi\/basketball-hoops\/oncourt-audio-bracket\/#primaryimage"},"image":{"@id":"https:\/\/oncourt.online\/fi\/basketball-hoops\/oncourt-audio-bracket\/#primaryimage"},"thumbnailUrl":"https:\/\/oncourt.online\/wp-content\/uploads\/2021\/11\/Mega-Slam-Audio-Bracket-OnCourt-Online.png","datePublished":"2021-11-19T12:30:15+00:00","dateModified":"2026-01-17T01:37:38+00:00","description":"Tuo biitit kent\u00e4lle. Koripallon ja hiphopin v\u00e4linen luontainen yhteys ilmenee Mega Slam Audio Bracketissa.","breadcrumb":{"@id":"https:\/\/oncourt.online\/fi\/basketball-hoops\/oncourt-audio-bracket\/#breadcrumb"},"inLanguage":"fi","potentialAction":[{"@type":"ReadAction","target":["https:\/\/oncourt.online\/fi\/basketball-hoops\/oncourt-audio-bracket\/"]}]},{"@type":"ImageObject","inLanguage":"fi","@id":"https:\/\/oncourt.online\/fi\/basketball-hoops\/oncourt-audio-bracket\/#primaryimage","url":"https:\/\/oncourt.online\/wp-content\/uploads\/2021\/11\/Mega-Slam-Audio-Bracket-OnCourt-Online.png","contentUrl":"https:\/\/oncourt.online\/wp-content\/uploads\/2021\/11\/Mega-Slam-Audio-Bracket-OnCourt-Online.png","width":900,"height":900,"caption":"Mega Slam Audio Bracket - OnCourt Online"},{"@type":"BreadcrumbList","@id":"https:\/\/oncourt.online\/fi\/basketball-hoops\/oncourt-audio-bracket\/#breadcrumb","itemListElement":[{"@type":"ListItem","position":1,"name":"Home","item":"https:\/\/oncourt.online\/"},{"@type":"ListItem","position":2,"name":"Basketball Hoops","item":"https:\/\/oncourt.online\/fi\/basketball-hoops\/"},{"@type":"ListItem","position":3,"name":"Audio Bracket"}]},{"@type":"WebSite","@id":"https:\/\/oncourt.online\/fi\/#website","url":"https:\/\/oncourt.online\/fi\/","name":"OnCourt Online","description":"Korkean suorituskyvyn koripallokent\u00e4t","publisher":{"@id":"https:\/\/oncourt.online\/fi\/#organization"},"potentialAction":[{"@type":"SearchAction","target":{"@type":"EntryPoint","urlTemplate":"https:\/\/oncourt.online\/fi\/?s={search_term_string}"},"query-input":{"@type":"PropertyValueSpecification","valueRequired":true,"valueName":"search_term_string"}}],"inLanguage":"fi"},{"@type":"Organization","@id":"https:\/\/oncourt.online\/fi\/#organization","name":"OnCourt Online","url":"https:\/\/oncourt.online\/fi\/","logo":{"@type":"ImageObject","inLanguage":"fi","@id":"https:\/\/oncourt.online\/fi\/#\/schema\/logo\/image\/","url":"https:\/\/oncourt.online\/wp-content\/uploads\/2021\/12\/Logo_OnCourt_Black.svg","contentUrl":"https:\/\/oncourt.online\/wp-content\/uploads\/2021\/12\/Logo_OnCourt_Black.svg","width":"1024","height":"1024","caption":"OnCourt Online"},"image":{"@id":"https:\/\/oncourt.online\/fi\/#\/schema\/logo\/image\/"},"sameAs":["https:\/\/www.facebook.com\/oncourt.online\/"],"email":"info@oncourt.online"}]},"product_price_amount":"249","product_price_currency":"EUR","og_availability":"backorder","product_availability":"available for order","product_retailer_item_id":"BHA-AB7260","product_condition":"new"},"_links":{"self":[{"href":"https:\/\/oncourt.online\/fi\/wp-json\/wp\/v2\/product\/716","targetHints":{"allow":["GET"]}}],"collection":[{"href":"https:\/\/oncourt.online\/fi\/wp-json\/wp\/v2\/product"}],"about":[{"href":"https:\/\/oncourt.online\/fi\/wp-json\/wp\/v2\/types\/product"}],"wp:featuredmedia":[{"embeddable":true,"href":"https:\/\/oncourt.online\/fi\/wp-json\/wp\/v2\/media\/717"}],"wp:attachment":[{"href":"https:\/\/oncourt.online\/fi\/wp-json\/wp\/v2\/media?parent=716"}],"wp:term":[{"taxonomy":"product_brand","embeddable":true,"href":"https:\/\/oncourt.online\/fi\/wp-json\/wp\/v2\/product_brand?post=716"},{"taxonomy":"product_cat","embeddable":true,"href":"https:\/\/oncourt.online\/fi\/wp-json\/wp\/v2\/product_cat?post=716"},{"taxonomy":"product_tag","embeddable":true,"href":"https:\/\/oncourt.online\/fi\/wp-json\/wp\/v2\/product_tag?post=716"}],"curies":[{"name":"wp","href":"https:\/\/api.w.org\/{rel}","templated":true}]}}