{"id":370,"date":"2021-10-21T20:07:39","date_gmt":"2021-10-21T20:07:39","guid":{"rendered":"https:\/\/oncourt.online\/?post_type=product&#038;p=370"},"modified":"2026-01-17T01:33:20","modified_gmt":"2026-01-17T01:33:20","slug":"megaslam-60","status":"publish","type":"product","link":"https:\/\/oncourt.online\/fi\/basketball-hoops\/megaslam-60\/","title":{"rendered":"MegaSlam 60"},"content":{"rendered":"","protected":false},"excerpt":{"rendered":"<div class=\"woocommerce-product-details__short-description\">MegaSlam 60 tarjoaa aidon koripallosuorituskyvyn tilaa s\u00e4\u00e4st\u00e4v\u00e4ss\u00e4 rakenteessa. 60\u2033 karkaistusta lasista valmistettu taustalevy ja eritt\u00e4in tukeva ter\u00e4srunko takaavat oikean pallon pompun, sulavan korkeudens\u00e4\u00e4d\u00f6n ja pitk\u00e4aikaisen kest\u00e4vyyden ulkok\u00e4yt\u00f6ss\u00e4. Vakiovarusteena ammattitason korirengas t\u00e4yteen 180\u00b0 breakaway-donkkaukseen.<\/div>\n<div><\/div>","protected":false},"featured_media":356,"template":"","meta":{"_acf_changed":true,"inline_featured_image":false},"product_brand":[],"product_cat":[19],"product_tag":[],"class_list":{"0":"post-370","1":"product","2":"type-product","3":"status-publish","4":"has-post-thumbnail","6":"product_cat-basketball-hoops","7":"product_shipping_class-hoop-system-shipping","8":"infinite-scroll-item","9":"no-featured-image-padding","10":"resize-featured-image","11":"","12":"woocommerce-text-align-center","13":"woocommerce-image-align-center","14":"do-quantity-buttons","16":"first","17":"pre_order","18":"taxable","19":"shipping-taxable","20":"purchasable","21":"product-type-simple"},"bundled_by":["6335"],"bundle_stock_status":"pre_order","bundle_stock_quantity":null,"bundle_virtual":false,"bundle_layout":"","bundle_add_to_cart_form_location":"","bundle_editable_in_cart":false,"bundle_sold_individually_context":"","bundle_item_grouping":"","bundle_min_size":"","bundle_max_size":"","bundle_price":[],"bundled_items":[],"bundle_sell_ids":[],"acf":[],"yoast_head":"<!-- This site is optimized with the Yoast SEO Premium plugin v26.8 (Yoast SEO v27.3) - https:\/\/yoast.com\/product\/yoast-seo-premium-wordpress\/ -->\n<title>MegaSlam 60 Basketball Hoop | Pro-grade Compact System<\/title>\n<meta name=\"description\" content=\"MegaSlam 60 offers true basketball performance with a 60\u2033 tempered glass backboard, pro breakaway rim, full height adjustment, and long-term durability.\" \/>\n<meta name=\"robots\" content=\"index, follow, max-snippet:-1, max-image-preview:large, max-video-preview:-1\" \/>\n<link rel=\"canonical\" href=\"https:\/\/oncourt.online\/fi\/koripallo-koripallo\/megaslam-60\/\" \/>\n<meta property=\"og:locale\" content=\"fi_FI\" \/>\n<meta property=\"og:type\" content=\"article\" \/>\n<meta property=\"og:title\" content=\"MegaSlam 60\" \/>\n<meta property=\"og:description\" content=\"MegaSlam 60 offers true basketball performance with a 60\u2033 tempered glass backboard, pro breakaway rim, full height adjustment, and long-term durability.\" \/>\n<meta property=\"og:url\" content=\"https:\/\/oncourt.online\/fi\/koripallo-koripallo\/megaslam-60\/\" \/>\n<meta property=\"og:site_name\" content=\"OnCourt Online\" \/>\n<meta property=\"article:publisher\" content=\"https:\/\/www.facebook.com\/oncourt.online\/\" \/>\n<meta property=\"article:modified_time\" content=\"2026-01-17T01:33:20+00:00\" \/>\n<meta property=\"og:image\" content=\"https:\/\/oncourt.online\/wp-content\/uploads\/2021\/10\/MegaSlam-60-Luxury-Basketball-Hoop-OnCourt.png\" \/>\n\t<meta property=\"og:image:width\" content=\"1000\" \/>\n\t<meta property=\"og:image:height\" content=\"1000\" \/>\n\t<meta property=\"og:image:type\" content=\"image\/png\" \/>\n<meta name=\"twitter:card\" content=\"summary_large_image\" \/>\n<meta name=\"twitter:label1\" content=\"Hinta\" \/>\n\t<meta name=\"twitter:data1\" content=\"&euro;2,065\" \/>\n\t<meta name=\"twitter:label2\" content=\"Saatavuus\" \/>\n\t<meta name=\"twitter:data2\" content=\"Varastossa\" \/>\n<meta property=\"product:price:amount\" content=\"2065\" \/>\n<meta property=\"product:price:currency\" content=\"EUR\" \/>\n<meta property=\"og:availability\" content=\"instock\" \/>\n<meta property=\"product:availability\" content=\"instock\" \/>\n<meta property=\"product:retailer_item_id\" content=\"MGSL60\" \/>\n<meta property=\"product:condition\" content=\"new\" \/>\n<!-- \/ Yoast SEO Premium plugin. -->","yoast_head_json":{"title":"MegaSlam 60 Koripallokori | Ammattitason Kompakti J\u00e4rjestelm\u00e4","description":"MegaSlam 60 tarjoaa aitoa koripallosuorituskyky\u00e4 60\u2033 karkaistusta lasista valmistetulla taustalevyll\u00e4, ammattitason breakaway-renkaalla, t\u00e4ydell\u00e4 korkeudens\u00e4\u00e4d\u00f6ll\u00e4 ja pitk\u00e4ll\u00e4 k\u00e4ytt\u00f6i\u00e4ll\u00e4.","robots":{"index":"index","follow":"follow","max-snippet":"max-snippet:-1","max-image-preview":"max-image-preview:large","max-video-preview":"max-video-preview:-1"},"canonical":"https:\/\/oncourt.online\/fi\/koripallo-koripallo\/megaslam-60\/","og_locale":"fi_FI","og_type":"article","og_title":"MegaSlam 60","og_description":"MegaSlam 60 offers true basketball performance with a 60\u2033 tempered glass backboard, pro breakaway rim, full height adjustment, and long-term durability.","og_url":"https:\/\/oncourt.online\/fi\/koripallo-koripallo\/megaslam-60\/","og_site_name":"OnCourt Online","article_publisher":"https:\/\/www.facebook.com\/oncourt.online\/","article_modified_time":"2026-01-17T01:33:20+00:00","og_image":[{"width":1000,"height":1000,"url":"https:\/\/oncourt.online\/wp-content\/uploads\/2021\/10\/MegaSlam-60-Luxury-Basketball-Hoop-OnCourt.png","type":"image\/png"}],"twitter_card":"summary_large_image","twitter_misc":{"Hinta":"&euro;2,065","Saatavuus":"Varastossa"},"schema":{"@context":"https:\/\/schema.org","@graph":[{"@type":"WebPage","@id":"https:\/\/oncourt.online\/fi\/basketball-hoops\/megaslam-60\/","url":"https:\/\/oncourt.online\/fi\/basketball-hoops\/megaslam-60\/","name":"MegaSlam 60 Koripallokori | Ammattitason Kompakti J\u00e4rjestelm\u00e4","isPartOf":{"@id":"https:\/\/oncourt.online\/fi\/#website"},"primaryImageOfPage":{"@id":"https:\/\/oncourt.online\/fi\/basketball-hoops\/megaslam-60\/#primaryimage"},"image":{"@id":"https:\/\/oncourt.online\/fi\/basketball-hoops\/megaslam-60\/#primaryimage"},"thumbnailUrl":"https:\/\/oncourt.online\/wp-content\/uploads\/2021\/10\/MegaSlam-60-Luxury-Basketball-Hoop-OnCourt.png","datePublished":"2021-10-21T20:07:39+00:00","dateModified":"2026-01-17T01:33:20+00:00","description":"MegaSlam 60 tarjoaa aitoa koripallosuorituskyky\u00e4 60\u2033 karkaistusta lasista valmistetulla taustalevyll\u00e4, ammattitason breakaway-renkaalla, t\u00e4ydell\u00e4 korkeudens\u00e4\u00e4d\u00f6ll\u00e4 ja pitk\u00e4ll\u00e4 k\u00e4ytt\u00f6i\u00e4ll\u00e4.","breadcrumb":{"@id":"https:\/\/oncourt.online\/fi\/basketball-hoops\/megaslam-60\/#breadcrumb"},"inLanguage":"fi","potentialAction":[{"@type":"ReadAction","target":["https:\/\/oncourt.online\/fi\/basketball-hoops\/megaslam-60\/"]}]},{"@type":"ImageObject","inLanguage":"fi","@id":"https:\/\/oncourt.online\/fi\/basketball-hoops\/megaslam-60\/#primaryimage","url":"https:\/\/oncourt.online\/wp-content\/uploads\/2021\/10\/MegaSlam-60-Luxury-Basketball-Hoop-OnCourt.png","contentUrl":"https:\/\/oncourt.online\/wp-content\/uploads\/2021\/10\/MegaSlam-60-Luxury-Basketball-Hoop-OnCourt.png","width":1000,"height":1000,"caption":"MegaSlam 60 - Luxury Basketball Hoop - OnCourt"},{"@type":"BreadcrumbList","@id":"https:\/\/oncourt.online\/fi\/basketball-hoops\/megaslam-60\/#breadcrumb","itemListElement":[{"@type":"ListItem","position":1,"name":"Home","item":"https:\/\/oncourt.online\/"},{"@type":"ListItem","position":2,"name":"Basketball Hoops","item":"https:\/\/oncourt.online\/fi\/basketball-hoops\/"},{"@type":"ListItem","position":3,"name":"MegaSlam 60"}]},{"@type":"WebSite","@id":"https:\/\/oncourt.online\/fi\/#website","url":"https:\/\/oncourt.online\/fi\/","name":"OnCourt Online","description":"Korkean suorituskyvyn koripallokent\u00e4t","publisher":{"@id":"https:\/\/oncourt.online\/fi\/#organization"},"potentialAction":[{"@type":"SearchAction","target":{"@type":"EntryPoint","urlTemplate":"https:\/\/oncourt.online\/fi\/?s={search_term_string}"},"query-input":{"@type":"PropertyValueSpecification","valueRequired":true,"valueName":"search_term_string"}}],"inLanguage":"fi"},{"@type":"Organization","@id":"https:\/\/oncourt.online\/fi\/#organization","name":"OnCourt Online","url":"https:\/\/oncourt.online\/fi\/","logo":{"@type":"ImageObject","inLanguage":"fi","@id":"https:\/\/oncourt.online\/fi\/#\/schema\/logo\/image\/","url":"https:\/\/oncourt.online\/wp-content\/uploads\/2021\/12\/Logo_OnCourt_Black.svg","contentUrl":"https:\/\/oncourt.online\/wp-content\/uploads\/2021\/12\/Logo_OnCourt_Black.svg","width":"1024","height":"1024","caption":"OnCourt Online"},"image":{"@id":"https:\/\/oncourt.online\/fi\/#\/schema\/logo\/image\/"},"sameAs":["https:\/\/www.facebook.com\/oncourt.online\/"],"email":"info@oncourt.online"}]},"product_price_amount":"2065","product_price_currency":"EUR","og_availability":"instock","product_availability":"instock","product_retailer_item_id":"MGSL60","product_condition":"new"},"_links":{"self":[{"href":"https:\/\/oncourt.online\/fi\/wp-json\/wp\/v2\/product\/370","targetHints":{"allow":["GET"]}}],"collection":[{"href":"https:\/\/oncourt.online\/fi\/wp-json\/wp\/v2\/product"}],"about":[{"href":"https:\/\/oncourt.online\/fi\/wp-json\/wp\/v2\/types\/product"}],"wp:featuredmedia":[{"embeddable":true,"href":"https:\/\/oncourt.online\/fi\/wp-json\/wp\/v2\/media\/356"}],"wp:attachment":[{"href":"https:\/\/oncourt.online\/fi\/wp-json\/wp\/v2\/media?parent=370"}],"wp:term":[{"taxonomy":"product_brand","embeddable":true,"href":"https:\/\/oncourt.online\/fi\/wp-json\/wp\/v2\/product_brand?post=370"},{"taxonomy":"product_cat","embeddable":true,"href":"https:\/\/oncourt.online\/fi\/wp-json\/wp\/v2\/product_cat?post=370"},{"taxonomy":"product_tag","embeddable":true,"href":"https:\/\/oncourt.online\/fi\/wp-json\/wp\/v2\/product_tag?post=370"}],"curies":[{"name":"wp","href":"https:\/\/api.w.org\/{rel}","templated":true}]}}