{"id":6797,"date":"2022-05-26T13:42:42","date_gmt":"2022-05-26T13:42:42","guid":{"rendered":"https:\/\/oncourt.online\/?page_id=6797"},"modified":"2026-01-09T02:04:24","modified_gmt":"2026-01-09T02:04:24","slug":"merenkulku-toimitus","status":"publish","type":"page","link":"https:\/\/oncourt.online\/fi\/shipping-delivery\/","title":{"rendered":"Toimitus ja l\u00e4hetys"},"content":{"rendered":"<div class=\"gb-container gb-container-f34a8199\">\n<div class=\"gb-container gb-container-235943a7\">\n\n<h2 class=\"gb-headline gb-headline-88ee416e gb-headline-text\">OnCourt Online -toimitusehdot<\/h2>\n\n\n\n<p class=\"gb-headline gb-headline-0924883b gb-headline-text not_last_text\">OnCourtin toimitus ja l\u00e4hetys riippuvat valituista tuotteista. Kun ostat kentt\u00e4paketin, kori ja komponentit l\u00e4hetet\u00e4\u00e4n mahdollisimman pian, jotta ne voidaan huomioida alusrakenteen rakentamisessa. Kentt\u00e4pinnat valmistetaan ja toimitetaan valmistelun j\u00e4lkeen, joka kest\u00e4\u00e4 t\u00e4ll\u00e4 hetkell\u00e4 10\u201312 viikkoa. <\/p>\n\n\n\n<p class=\"gb-text not_last_text\">Toimituksen saatavuus vaihtelee maittain. Toimitamme vain valittuihin alueisiin, jotka n\u00e4kyv\u00e4t kassalla.<\/p>\n\n\n\n<p>Jos maasi ei ole listattu ja suunnittelet koripallokentt\u00e4projektia, ota meihin yhteytt\u00e4 mahdollisuuksien arvioimiseksi. Saatavuus arvioidaan tapauskohtaisesti. <\/p>\n\n\n\n<h3 class=\"gb-headline gb-headline-3e94b795 gb-headline-text\">Modulaariset urheilupinnat toimitetaan valmiina Plug &amp; Play -asennukseen<\/h3>\n\n\n\n<p class=\"gb-headline gb-headline-e71567d7 gb-headline-text not_last_text\">Kentt\u00e4pinnoitteet toimitetaan pakkauksissa, valmiina helppoon itseasennukseen. Jokainen kentt\u00e4 toimitetaan lavalla, numeroiduilla levyill\u00e4 ja mukana toimitettavalla kartalla (Asiakastoimitukset j\u00e4tet\u00e4\u00e4n kadun varteen).<\/p>\n\n\n\n<p class=\"translation-block\">Jokainen modulaarinen urheilukentt\u00e4 valmistetaan tilauksesta, <strong>ja tuotanto kest\u00e4\u00e4 noin<\/strong> <strong>10\u201312 viikkoa<\/strong> tilauksen vahvistetusta vastaanotosta. Toimitusajat vaihtelevat sijainnin mukaan, ja l\u00e4hetyksen j\u00e4lkeen saat p\u00e4ivityksen arvioidusta saapumisp\u00e4iv\u00e4st\u00e4 ja seurannasta (aktiivinen tulliselvityksen j\u00e4lkeen kohdemassa). Kaikki tullit ja maksut on maksettu etuk\u00e4teen, ja toimitukset tehd\u00e4\u00e4n DDP-ehdoin (Delivered Duty Paid), ilman piilokuluja.<\/p>\n\n\n<div class=\"gb-container gb-container-cfce094b\">\n\n<h2 class=\"gb-text\">Tuotteen l\u00e4hetys<\/h2>\n\n\n\n<p>Ellei toisin mainita, kaikki OnCourtin tilaukset toimitetaan luotettujen kuljetusyhti\u00f6iden kautta. Tuotteet l\u00e4hetet\u00e4\u00e4n uutena ja hyv\u00e4ss\u00e4 kunnossa, kuten mainostettu. Koripalloj\u00e4rjestelm\u00e4t toimitetaan <strong>K\u00e4velykadun toimitus<\/strong>, mik\u00e4 tarkoittaa, ett\u00e4 tilauksesi toimitetaan ajotien p\u00e4\u00e4h\u00e4n. Huomaa, ett\u00e4 t\u00e4m\u00e4 palvelu <strong>ei sis\u00e4ll\u00e4 asennusta, kokoonpanoa tai pakkauksen avaamista<\/strong>.<\/p>\n\n\n\n<h3 class=\"gb-headline gb-headline-bce52be2 gb-headline-text\">Osoitteen muutokset l\u00e4hetyksen j\u00e4lkeen<\/h3>\n\n\n\n<p>Jos toimitusosoitetta muutetaan sen j\u00e4lkeen, kun maantiekuljetusyhti\u00f6 on noutanut l\u00e4hetyksen, kyseess\u00e4 on uudelleenl\u00e4hetys ja siit\u00e4 aiheutuu lis\u00e4kustannuksia.<\/p>\n\n\n\n<h3 class=\"gb-headline gb-headline-ab76306c gb-headline-text\">Toimitusaikataulu<\/h3>\n\n\n\n<p class=\"translation-block\">Toimitukset tehd\u00e4\u00e4n yleens\u00e4 <strong>maanantaista perjantaihin klo 08:00\u201318:00<\/strong>. Ajankohdat voivat vaihdella sijainnin, kuljettajan reitin ja ennalta arvaamattomien tekij\u00f6iden, kuten liikenteen tai s\u00e4\u00e4n, mukaan.<\/p>\n\n\n\n<h3 class=\"gb-headline gb-headline-d3e65b23 gb-headline-text\">Toimitusajoneuvo ja p\u00e4\u00e4sy<\/h3>\n\n\n\n<p class=\"gb-text not_last_text translation-block\">V\u00e4hitt\u00e4istilaukset toimitetaan <strong>raskailla ajoneuvoilla (esim. t\u00e4ysper\u00e4vaunu)<\/strong> ja niiss\u00e4 on yleens\u00e4 <strong>hydraulinen takalaitanostin<\/strong>. Kuljettaja vastaa tuotteen purkamisesta ja sijoittamisesta kadun reunaan. Jos toimitukseen sis\u00e4ltyy lis\u00e4palveluja, niist\u00e4 voidaan veloittaa lis\u00e4maksuja.<\/p>\n\n\n\n<p class=\"translation-block\">Tarkista toimitusasiakirja huolellisesti varmistaaksesi, ett\u00e4 <strong>lis\u00e4palveluja ei ole suoritettu<\/strong>. Mik\u00e4li niit\u00e4 on suoritettu, OnCourt pid\u00e4tt\u00e4\u00e4 oikeuden <strong>veloittaa n\u00e4m\u00e4 kustannukset<\/strong>.<\/p>\n\n\n\n<h3 class=\"wp-block-heading\" id=\"h-delivery-signature-amp-inspection\">Kuittaus ja tarkastus toimituksen yhteydess\u00e4<\/h3>\n\n\n\n<p class=\"gb-text not_last_text translation-block\">Toimituksen yhteydess\u00e4 vaaditaan <strong>allekirjoitus<\/strong>. Pakkaus on tarkastettava <strong>ennen allekirjoittamista<\/strong>. Tarvittaessa voit avata laatikon tarkistaaksesi sis\u00e4ll\u00f6n kunnon, erityisesti <strong>lasiset taustalevyt<\/strong>, jotka ovat herkempi\u00e4 kuljetuksen aikana.<\/p>\n\n\n\n<p>Jos jokin osa l\u00e4hetyksest\u00e4 n\u00e4ytt\u00e4\u00e4 vaurioituneelta:<\/p>\n\n\n\n<ul class=\"wp-block-list\">\n<li><strong>\u00c4l\u00e4 kielt\u00e4ydy vastaanottamasta toimitusta.<\/strong><\/li>\n\n\n\n<li>Kirjoita toimituskuittiin selke\u00e4t muistiinpanot, joissa kuvataan ongelma (esim., <em>\u201cTakasein\u00e4 rikkoutui toimituksen yhteydess\u00e4\u201d<\/em>).<\/li>\n\n\n\n<li>Ota selke\u00e4 <strong>valokuvat vahingoista<\/strong>.<\/li>\n\n\n\n<li>L\u00e4het\u00e4 allekirjoitettu kuitti ja valokuvat s\u00e4hk\u00f6postitse tukitiimillemme, niin l\u00e4het\u00e4mme sinulle <strong>varaosa<\/strong> v\u00e4litt\u00f6m\u00e4sti.<\/li>\n<\/ul>\n\n\n\n<p class=\"gb-text not_last_text\">Sill\u00e4 v\u00e4lin voit jatkaa kaikkia asennustoimenpiteit\u00e4, joihin t\u00e4m\u00e4 ei vaikuta (esim. ankkurien asettaminen ja betonin kovettumisen odottaminen).<\/p>\n\n\n\n<p>Kaikkiin toimituksiin vaaditaan allekirjoitus. Vastaanottajan on allekirjoitettava toimituskuitti, eik\u00e4 toimitusta suoriteta ilman sit\u00e4.<\/p>\n\n\n\n<h3 class=\"gb-headline gb-headline-7838bbbd gb-headline-text\">T\u00e4rkeit\u00e4 huomautuksia toimituksesta<\/h3>\n\n\n\n<ul class=\"wp-block-list\">\n<li>Kaikki tuotteet l\u00e4htev\u00e4t varastostamme <strong>upouusi ja vahingoittumaton<\/strong>.<\/li>\n\n\n\n<li>Jos vahinkoa ei ole ilmoitettu toimituskuitissa, sinun on <strong>vapauttaa kuljetusyhti\u00f6 vastuusta<\/strong> eik\u00e4 voi vaatia korvausta.<\/li>\n\n\n\n<li><strong>Karkaistu lasi<\/strong> ei halkeile \u2014 se hajoaa. Jos selk\u00e4noja on rikki, se on <strong>monta pient\u00e4 palaa<\/strong>, ei halkeillut.<\/li>\n<\/ul>\n\n\n\n<p>Suojaksesi, <strong>kirjoita allekirjoituksesi viereen \u201cTarkastuksen alainen\u201d<\/strong> kun allekirjoitat toimituksen vastaanottamisesta.<\/p>\n\n\n\n<h3 class=\"gb-headline gb-headline-dd213a82 gb-headline-text\">Toimitusyhteys<\/h3>\n\n\n\n<p>Jos sijaintisi ei ole saavutettavissa suurella jakeluajoneuvolla (esim. kapeat tiet, jyrk\u00e4t ajotiet, aidatut asuinalueet), saatat joutua:<\/p>\n\n\n\n<ul class=\"wp-block-list\">\n<li>Nouda tilauksesi paikallisesta terminaalista tai<\/li>\n\n\n\n<li>J\u00e4rjest\u00e4 lopullinen toimitus kolmannen osapuolen kuriirin kautta.<\/li>\n<\/ul>\n\n\n\n<h3 class=\"gb-headline gb-headline-f4f6c8ad gb-headline-text\">Toimittamattomat tilaukset<\/h3>\n\n\n\n<p>Jos l\u00e4hetys palautetaan <strong>Toimittamaton<\/strong> tai <strong>Hyl\u00e4tty<\/strong>, a <strong>20% palautuskulut<\/strong> sovelletaan, ja sin\u00e4 olet vastuussa alkuper\u00e4isist\u00e4 l\u00e4hetyskustannuksista.<\/p>\n\n<\/div>\n\n\n<h3 class=\"gb-headline gb-headline-77bdb557 gb-headline-text\">Toimitus ja tullimaksut (EU:n ulkopuoliset tilaukset)<\/h3>\n\n\n\n<p class=\"gb-headline gb-headline-f02c1b4c gb-headline-text\">Kaikille l\u00e4hetetyille tilauksille <strong>Euroopan unionin ulkopuolella<\/strong>:<\/p>\n\n\n\n<ul class=\"wp-block-list\">\n<li>Kassalla n\u00e4kyv\u00e4t hinnat eiv\u00e4t sis\u00e4ll\u00e4 paikallisia veroja, tuontitulleja tai tulliselvitysmaksuja.<\/li>\n\n\n\n<li>Olet tuojana rekister\u00f6ity ja olet yksin vastuussa kaikista toimituksen yhteydess\u00e4 syntyvist\u00e4 kuluista.<\/li>\n\n\n\n<li>OnCourt ei ker\u00e4\u00e4 tai tilit\u00e4 arvonlis\u00e4veroa\/GST-veroa, tuontitulleja tai tullimaksuja EU:n ulkopuolisiin kohteisiin.<\/li>\n\n\n\n<li>Jos maksut hyl\u00e4t\u00e4\u00e4n tai j\u00e4\u00e4v\u00e4t maksamatta, se voi johtaa viiv\u00e4styksiin, palautukseen tai l\u00e4hetyksen hylk\u00e4\u00e4miseen. OnCourt ei ole vastuussa mist\u00e4\u00e4n t\u00e4st\u00e4 aiheutuvista kustannuksista tai menetyksist\u00e4 eik\u00e4 palauta l\u00e4hetys- tai tuotemaksuja n\u00e4iss\u00e4 tapauksissa.<\/li>\n<\/ul>\n\n\n\n<p>Suorittamalla ostoksen hyv\u00e4ksyt n\u00e4m\u00e4 ehdot.<\/p>\n\n<\/div>\n<\/div>\n\n<div class=\"gb-container gb-container-aedea16a\" id=\"megaslam-shipping\">\n<div class=\"gb-container gb-container-492b5ca3\">\n\n<h2 class=\"gb-headline gb-headline-65d8dcc4 gb-headline-text\">Mega Slam Hoopin sujuva toimitus <\/h2>\n\n\n\n<p class=\"gb-headline gb-headline-880344a0 gb-headline-text\">Kun tilaat osoitteesta oncourt.online, toimitamme korin suoraan jalkak\u00e4yt\u00e4v\u00e4llesi \u2013 varastoltamme suoraan rekasta kotisi eteen. K\u00e4yt\u00e4 alla olevaa 5-kohtaista tarkistuslistaa varmistaaksesi sujuvan toimituksen <a href=\"https:\/\/oncourt.online\/fi\/koripallo-koripallo\/\"><em><strong>Mega Slam vanne<\/strong><\/em><\/a>. <\/p>\n\n\n\n<figure class=\"wp-block-image size-full is-resized\"><img loading=\"lazy\" decoding=\"async\" width=\"600\" height=\"600\" src=\"https:\/\/oncourt.online\/wp-content\/uploads\/2021\/10\/Mega-Slam-Hoop-s-Order-Confirmation.png\" alt=\"Mega Slam Hoops - tilausvahvistus\" class=\"wp-image-422\" style=\"width:150px;height:auto\" srcset=\"https:\/\/oncourt.online\/wp-content\/uploads\/2021\/10\/Mega-Slam-Hoop-s-Order-Confirmation.png 600w, https:\/\/oncourt.online\/wp-content\/uploads\/2021\/10\/Mega-Slam-Hoop-s-Order-Confirmation-100x100.png 100w, https:\/\/oncourt.online\/wp-content\/uploads\/2021\/10\/Mega-Slam-Hoop-s-Order-Confirmation-545x545.png 545w\" sizes=\"auto, (max-width: 600px) 100vw, 600px\" \/><\/figure>\n\n\n\n<h4 class=\"gb-headline gb-headline-8536b972 gb-headline-text\">1. Vahvista tilauksesi<\/h4>\n\n\n\n<p class=\"gb-headline gb-headline-9f1a5517 gb-headline-text\">Onnittelut uuden korin tilaamisesta! Etsi nyt s\u00e4hk\u00f6postiviesti, jossa on tilauksesi tiedot. <\/p>\n\n\n\n<figure class=\"wp-block-image size-full is-resized\"><img loading=\"lazy\" decoding=\"async\" width=\"600\" height=\"600\" src=\"https:\/\/oncourt.online\/wp-content\/uploads\/2021\/10\/Mega-Slam-Hoops-Arrange-Delivery.png\" alt=\"Mega Slam Hoops - J\u00e4rjest\u00e4 toimitus\" class=\"wp-image-419\" style=\"width:150px;height:150px\" srcset=\"https:\/\/oncourt.online\/wp-content\/uploads\/2021\/10\/Mega-Slam-Hoops-Arrange-Delivery.png 600w, https:\/\/oncourt.online\/wp-content\/uploads\/2021\/10\/Mega-Slam-Hoops-Arrange-Delivery-100x100.png 100w, https:\/\/oncourt.online\/wp-content\/uploads\/2021\/10\/Mega-Slam-Hoops-Arrange-Delivery-545x545.png 545w\" sizes=\"auto, (max-width: 600px) 100vw, 600px\" \/><\/figure>\n\n\n\n<h4 class=\"gb-headline gb-headline-9bfe8bb5 gb-headline-text\">2. L\u00e4hetys ja toimitus <\/h4>\n\n\n\n<p class=\"gb-headline gb-headline-290fa9d6 gb-headline-text\">Saat vahvistuksen tilauksesi l\u00e4hetyksest\u00e4, johon sis\u00e4ltyy arvioitu toimitusaika. <\/p>\n\n\n\n<figure class=\"wp-block-image size-full is-resized\"><img loading=\"lazy\" decoding=\"async\" width=\"600\" height=\"600\" src=\"https:\/\/oncourt.online\/wp-content\/uploads\/2021\/10\/Mega-Slam-Hoops-Curbside-Delivery.png\" alt=\"Mega Slam Hoops - Curbside toimitus\" class=\"wp-image-420\" style=\"width:150px;height:150px\" srcset=\"https:\/\/oncourt.online\/wp-content\/uploads\/2021\/10\/Mega-Slam-Hoops-Curbside-Delivery.png 600w, https:\/\/oncourt.online\/wp-content\/uploads\/2021\/10\/Mega-Slam-Hoops-Curbside-Delivery-100x100.png 100w, https:\/\/oncourt.online\/wp-content\/uploads\/2021\/10\/Mega-Slam-Hoops-Curbside-Delivery-545x545.png 545w\" sizes=\"auto, (max-width: 600px) 100vw, 600px\" \/><\/figure>\n\n\n\n<h4 class=\"gb-headline gb-headline-111f7f0a gb-headline-text\">3. Tee tilaa korillesi<\/h4>\n\n\n\n<p class=\"gb-headline gb-headline-cdd4e7d1 gb-headline-text\">Mega Slam -koripalloj\u00e4rjestelm\u00e4t ovat suuria (jopa 340 kg), ja toimitusalusta vie paljon tilaa toimituksen yhteydess\u00e4 (Asiakastoimitukset tapahtuvat kadun reunaan).<\/p>\n\n\n\n<figure class=\"wp-block-image size-full is-resized\"><img loading=\"lazy\" decoding=\"async\" width=\"600\" height=\"600\" src=\"https:\/\/oncourt.online\/wp-content\/uploads\/2021\/10\/Mega-Slam-Shipping-Boxes.png\" alt=\"Mega Slam -kuljetuslaatikot\" class=\"wp-image-421\" style=\"width:150px;height:150px\" srcset=\"https:\/\/oncourt.online\/wp-content\/uploads\/2021\/10\/Mega-Slam-Shipping-Boxes.png 600w, https:\/\/oncourt.online\/wp-content\/uploads\/2021\/10\/Mega-Slam-Shipping-Boxes-100x100.png 100w, https:\/\/oncourt.online\/wp-content\/uploads\/2021\/10\/Mega-Slam-Shipping-Boxes-545x545.png 545w\" sizes=\"auto, (max-width: 600px) 100vw, 600px\" \/><\/figure>\n\n\n\n<h4 class=\"gb-headline gb-headline-c4d17918 gb-headline-text\">4. Tarkista korin toimitus<\/h4>\n\n\n\n<p class=\"gb-headline gb-headline-b333a103 gb-headline-text\">Tilauksesi koosta riippuen varmista, ett\u00e4 oikea m\u00e4\u00e4r\u00e4 laatikoita on kiinnitetty jokaiseen kuormalavaan (jokainen j\u00e4rjestelm\u00e4 toimitetaan yhdell\u00e4 lavalla selke\u00e4sti numeroiduilla laatikoilla). Ei haittaa, jos jotkin laatikot ovat kolhiintuneita tai revenneit\u00e4 \u2014 j\u00e4rjestelm\u00e4mme ovat kest\u00e4vi\u00e4 ja selvi\u00e4v\u00e4t pienist\u00e4 vaurioista. <\/p>\n\n\n\n<figure class=\"wp-block-image size-full is-resized\"><img loading=\"lazy\" decoding=\"async\" width=\"600\" height=\"600\" src=\"https:\/\/oncourt.online\/wp-content\/uploads\/2021\/10\/Mega-Slam-Hoops-Signed-Delivery.png\" alt=\"Mega Slam Hoops - Allekirjoitettu toimitus\" class=\"wp-image-417\" style=\"width:150px;height:150px\" srcset=\"https:\/\/oncourt.online\/wp-content\/uploads\/2021\/10\/Mega-Slam-Hoops-Signed-Delivery.png 600w, https:\/\/oncourt.online\/wp-content\/uploads\/2021\/10\/Mega-Slam-Hoops-Signed-Delivery-100x100.png 100w, https:\/\/oncourt.online\/wp-content\/uploads\/2021\/10\/Mega-Slam-Hoops-Signed-Delivery-545x545.png 545w\" sizes=\"auto, (max-width: 600px) 100vw, 600px\" \/><\/figure>\n\n\n\n<h4 class=\"gb-headline gb-headline-f3ff4626 gb-headline-text\">5. Allekirjoita toimituksen vastaanottamiseksi<\/h4>\n\n\n\n<p class=\"gb-headline gb-headline-0e5ad3a7 gb-headline-text\">Yst\u00e4v\u00e4llinen toimitushenkil\u00f6 pyyt\u00e4\u00e4 nyt allekirjoitusta koripalloj\u00e4rjestelm\u00e4si toimituksen vapauttamiseksi. Jos laatikoissa (tai j\u00e4rjestelm\u00e4ss\u00e4) on n\u00e4kyvi\u00e4 vaurioita, kirjaa ne toimituslomakkeelle ja ota kuvat ennen allekirjoittamista.<br>Jos tuotteita on vahingoittunut, hyv\u00e4ksy toimitus ja ota meihin heti yhteytt\u00e4. Liit\u00e4 s\u00e4hk\u00f6postiin valokuvat, niin toimitamme vaihtosarjat pikaisesti. <\/p>\n\n\n\n<figure class=\"wp-block-image size-full is-resized\"><img loading=\"lazy\" decoding=\"async\" width=\"750\" height=\"750\" src=\"https:\/\/oncourt.online\/wp-content\/uploads\/2021\/10\/MegaDlam-Installation-Dig-and-Pour.png\" alt=\"\" class=\"wp-image-319\" style=\"width:188px;height:188px\" srcset=\"https:\/\/oncourt.online\/wp-content\/uploads\/2021\/10\/MegaDlam-Installation-Dig-and-Pour.png 750w, https:\/\/oncourt.online\/wp-content\/uploads\/2021\/10\/MegaDlam-Installation-Dig-and-Pour-100x100.png 100w, https:\/\/oncourt.online\/wp-content\/uploads\/2021\/10\/MegaDlam-Installation-Dig-and-Pour-545x545.png 545w\" sizes=\"auto, (max-width: 750px) 100vw, 750px\" \/><\/figure>\n\n\n\n<h3 class=\"gb-headline gb-headline-a22b1bbf gb-headline-text\">Asennus<\/h3>\n\n\n\n<p class=\"gb-headline gb-headline-507bcc99 gb-headline-text\">Kun korisi on toimitettu, on aika<a href=\"https:\/\/oncourt.online\/fi\/oppaat\/asennus\/koripallokorin-asennusopas\/\"> <em><strong>asentaa Mega Slam Hoopisi<\/strong><\/em><\/a>.<\/p>\n\n<\/div>\n<\/div>","protected":false},"excerpt":{"rendered":"<p> &#8230; <a title=\"Toimitus ja l\u00e4hetys\" class=\"read-more\" href=\"https:\/\/oncourt.online\/fi\/shipping-delivery\/\" aria-label=\"Lue lis\u00e4\u00e4 aiheesta Shipping And Delivery\">Lue lis\u00e4\u00e4<\/a><\/p>","protected":false},"author":2,"featured_media":6877,"parent":0,"menu_order":24,"comment_status":"closed","ping_status":"closed","template":"","meta":{"_acf_changed":false,"inline_featured_image":false,"footnotes":""},"class_list":{"0":"post-6797","1":"page","2":"type-page","3":"status-publish","4":"has-post-thumbnail","6":"infinite-scroll-item","7":"no-featured-image-padding","8":"resize-featured-image"},"acf":[],"yoast_head":"<!-- This site is optimized with the Yoast SEO Premium plugin v26.8 (Yoast SEO v27.3) - https:\/\/yoast.com\/product\/yoast-seo-premium-wordpress\/ -->\n<title>Shipping &amp; Delivery Information | OnCourt<\/title>\n<meta name=\"description\" content=\"Shipping and delivery information, including delivery methods, access planning, handling advice, and important notes for OnCourt orders.\" \/>\n<meta name=\"robots\" content=\"index, follow, max-snippet:-1, max-image-preview:large, max-video-preview:-1\" \/>\n<link rel=\"canonical\" href=\"https:\/\/oncourt.online\/fi\/merenkulku-toimitus\/\" \/>\n<meta property=\"og:locale\" content=\"fi_FI\" \/>\n<meta property=\"og:type\" content=\"article\" \/>\n<meta property=\"og:title\" content=\"Shipping And Delivery\" \/>\n<meta property=\"og:description\" content=\"Shipping and delivery information, including delivery methods, access planning, handling advice, and important notes for OnCourt orders.\" \/>\n<meta property=\"og:url\" content=\"https:\/\/oncourt.online\/fi\/merenkulku-toimitus\/\" \/>\n<meta property=\"og:site_name\" content=\"OnCourt Online\" \/>\n<meta property=\"article:publisher\" content=\"https:\/\/www.facebook.com\/oncourt.online\/\" \/>\n<meta property=\"article:modified_time\" content=\"2026-01-09T02:04:24+00:00\" \/>\n<meta property=\"og:image\" content=\"https:\/\/oncourt.online\/wp-content\/uploads\/2022\/05\/OnCourt-Shipping-and-Delivery-Header.jpg\" \/>\n\t<meta property=\"og:image:width\" content=\"1440\" \/>\n\t<meta property=\"og:image:height\" content=\"498\" \/>\n\t<meta property=\"og:image:type\" content=\"image\/jpeg\" \/>\n<meta name=\"twitter:card\" content=\"summary_large_image\" \/>\n<meta name=\"twitter:label1\" content=\"Arvioitu lukuaika\" \/>\n\t<meta name=\"twitter:data1\" content=\"6 minuuttia\" \/>\n<!-- \/ Yoast SEO Premium plugin. -->","yoast_head_json":{"title":"Toimitus- ja Kuljetustiedot | OnCourt","description":"Toimitus- ja kuljetustiedot, mukaan lukien toimitustavat, p\u00e4\u00e4syn suunnittelu, k\u00e4sittelyohjeet ja t\u00e4rke\u00e4t huomiot OnCourt-tilauksille.","robots":{"index":"index","follow":"follow","max-snippet":"max-snippet:-1","max-image-preview":"max-image-preview:large","max-video-preview":"max-video-preview:-1"},"canonical":"https:\/\/oncourt.online\/fi\/merenkulku-toimitus\/","og_locale":"fi_FI","og_type":"article","og_title":"Shipping And Delivery","og_description":"Shipping and delivery information, including delivery methods, access planning, handling advice, and important notes for OnCourt orders.","og_url":"https:\/\/oncourt.online\/fi\/merenkulku-toimitus\/","og_site_name":"OnCourt Online","article_publisher":"https:\/\/www.facebook.com\/oncourt.online\/","article_modified_time":"2026-01-09T02:04:24+00:00","og_image":[{"width":1440,"height":498,"url":"https:\/\/oncourt.online\/wp-content\/uploads\/2022\/05\/OnCourt-Shipping-and-Delivery-Header.jpg","type":"image\/jpeg"}],"twitter_card":"summary_large_image","twitter_misc":{"Arvioitu lukuaika":"6 minuuttia"},"schema":{"@context":"https:\/\/schema.org","@graph":[{"@type":"WebPage","@id":"https:\/\/oncourt.online\/fi\/shipping-delivery\/","url":"https:\/\/oncourt.online\/fi\/shipping-delivery\/","name":"Toimitus- ja Kuljetustiedot | OnCourt","isPartOf":{"@id":"https:\/\/oncourt.online\/fi\/#website"},"primaryImageOfPage":{"@id":"https:\/\/oncourt.online\/fi\/shipping-delivery\/#primaryimage"},"image":{"@id":"https:\/\/oncourt.online\/fi\/shipping-delivery\/#primaryimage"},"thumbnailUrl":"https:\/\/oncourt.online\/wp-content\/uploads\/2022\/05\/OnCourt-Shipping-and-Delivery-Header.jpg","datePublished":"2022-05-26T13:42:42+00:00","dateModified":"2026-01-09T02:04:24+00:00","description":"Toimitus- ja kuljetustiedot, mukaan lukien toimitustavat, p\u00e4\u00e4syn suunnittelu, k\u00e4sittelyohjeet ja t\u00e4rke\u00e4t huomiot OnCourt-tilauksille.","breadcrumb":{"@id":"https:\/\/oncourt.online\/fi\/shipping-delivery\/#breadcrumb"},"inLanguage":"fi","potentialAction":[{"@type":"ReadAction","target":["https:\/\/oncourt.online\/fi\/shipping-delivery\/"]}]},{"@type":"ImageObject","inLanguage":"fi","@id":"https:\/\/oncourt.online\/fi\/shipping-delivery\/#primaryimage","url":"https:\/\/oncourt.online\/wp-content\/uploads\/2022\/05\/OnCourt-Shipping-and-Delivery-Header.jpg","contentUrl":"https:\/\/oncourt.online\/wp-content\/uploads\/2022\/05\/OnCourt-Shipping-and-Delivery-Header.jpg","width":1440,"height":498,"caption":"Shipping & Delivery | OnCourt"},{"@type":"BreadcrumbList","@id":"https:\/\/oncourt.online\/fi\/shipping-delivery\/#breadcrumb","itemListElement":[{"@type":"ListItem","position":1,"name":"Home","item":"https:\/\/oncourt.online\/"},{"@type":"ListItem","position":2,"name":"Shipping And Delivery"}]},{"@type":"WebSite","@id":"https:\/\/oncourt.online\/fi\/#website","url":"https:\/\/oncourt.online\/fi\/","name":"OnCourt Online","description":"Korkean suorituskyvyn koripallokent\u00e4t","publisher":{"@id":"https:\/\/oncourt.online\/fi\/#organization"},"potentialAction":[{"@type":"SearchAction","target":{"@type":"EntryPoint","urlTemplate":"https:\/\/oncourt.online\/fi\/?s={search_term_string}"},"query-input":{"@type":"PropertyValueSpecification","valueRequired":true,"valueName":"search_term_string"}}],"inLanguage":"fi"},{"@type":"Organization","@id":"https:\/\/oncourt.online\/fi\/#organization","name":"OnCourt Online","url":"https:\/\/oncourt.online\/fi\/","logo":{"@type":"ImageObject","inLanguage":"fi","@id":"https:\/\/oncourt.online\/fi\/#\/schema\/logo\/image\/","url":"https:\/\/oncourt.online\/wp-content\/uploads\/2021\/12\/Logo_OnCourt_Black.svg","contentUrl":"https:\/\/oncourt.online\/wp-content\/uploads\/2021\/12\/Logo_OnCourt_Black.svg","width":"1024","height":"1024","caption":"OnCourt Online"},"image":{"@id":"https:\/\/oncourt.online\/fi\/#\/schema\/logo\/image\/"},"sameAs":["https:\/\/www.facebook.com\/oncourt.online\/"],"email":"info@oncourt.online"}]}},"_links":{"self":[{"href":"https:\/\/oncourt.online\/fi\/wp-json\/wp\/v2\/pages\/6797","targetHints":{"allow":["GET"]}}],"collection":[{"href":"https:\/\/oncourt.online\/fi\/wp-json\/wp\/v2\/pages"}],"about":[{"href":"https:\/\/oncourt.online\/fi\/wp-json\/wp\/v2\/types\/page"}],"author":[{"embeddable":true,"href":"https:\/\/oncourt.online\/fi\/wp-json\/wp\/v2\/users\/2"}],"replies":[{"embeddable":true,"href":"https:\/\/oncourt.online\/fi\/wp-json\/wp\/v2\/comments?post=6797"}],"version-history":[{"count":0,"href":"https:\/\/oncourt.online\/fi\/wp-json\/wp\/v2\/pages\/6797\/revisions"}],"wp:featuredmedia":[{"embeddable":true,"href":"https:\/\/oncourt.online\/fi\/wp-json\/wp\/v2\/media\/6877"}],"wp:attachment":[{"href":"https:\/\/oncourt.online\/fi\/wp-json\/wp\/v2\/media?parent=6797"}],"curies":[{"name":"wp","href":"https:\/\/api.w.org\/{rel}","templated":true}]}}