{"id":428,"date":"2021-10-22T11:43:33","date_gmt":"2021-10-22T11:43:33","guid":{"rendered":"https:\/\/oncourt.online\/?page_id=428"},"modified":"2026-01-03T03:34:58","modified_gmt":"2026-01-03T03:34:58","slug":"elinikainen-takuu","status":"publish","type":"page","link":"https:\/\/oncourt.online\/fi\/basketball-hoops\/lifetime-warranty\/","title":{"rendered":"Elinik\u00e4inen takuu"},"content":{"rendered":"<div class=\"gb-element-118ef599\">\n<div class=\"gb-element-d7eed537\">\n<h2 class=\"gb-headline gb-headline-96ad026f gb-headline-text\">Hyv\u00e4 elinik\u00e4isiin donkkeihin, slampeihin ja jameihin<\/h2>\n\n\n\n<p class=\"gb-headline gb-headline-78623ab6 gb-headline-text\">Mega Slam Hoops and OnCourt are committed to providing the best residential basketball systems that your money can buy. Mega Slam products are designed to last a lifetime. It makes sense for the warranty to last just as long.<br>T\u00e4llaisia lupauksia et l\u00f6yd\u00e4 muilta vanteiden valmistajilta. Itse asiassa me seisomme Mega Slam Hoops -koripalloj\u00e4rjestelmien takana ja takaamme erinomaisen suorituskyvyn elinik\u00e4isen pelaamisen ajaksi, jopa p\u00e4hkin\u00f6it\u00e4 ja ruuveja my\u00f6ten.<\/p>\n\n\n\n<p class=\"gb-headline gb-headline-c6f59d0a gb-headline-text\"><br><strong>KORIPALLOJ\u00c4RJESTELMIEN RAJOITETTU ELINIK\u00c4INEN TAKUU<\/strong><br>RAJOITETTU Elinik\u00e4inen takuu kattaa vain alkuper\u00e4isen v\u00e4hitt\u00e4iskaupan kuluttajaostajan, jonka Mega Slam Hoopsin (j\u00e4ljemp\u00e4n\u00e4 \"tuote\") rakenneosien materiaali- ja valmistusvirheiden takuu on voimassa alla kuvatuin rajoituksin. \"Viat\" m\u00e4\u00e4ritell\u00e4\u00e4n puutteiksi, jotka haittaavat tuotteen k\u00e4ytt\u00f6\u00e4.<\/p>\n\n\n\n<p>THE LIMITED LIFETIME WARRANTY COVERAGE IS EXTENDED ONLY TO THE ORIGINAL RETAIL PURCHASER AND TERMINATES IF THE ORIGINAL RETAIL PURCHASER OTHERWISE TRANSFERS OR SELLS THE PRODUCT. THIS WARRANTY IS VOID IF THE PRODUCT HAS BEEN DAMAGED BY IMPROPER SERVICE, NEGLIGENCE, ACCIDENT, UNREASONABLE USE, IMPROPER INSTALLATION, OR OTHER CAUSES NOT RESULTING FROM DEFECTS IN MATERIAL AND WORKMANSHIP. <\/p>\n\n\n\n<p>Subject to proper installation in accordance with the installation instructions; normal residential use for glass backboards; normal basketball related activities; and has been maintained in agreement with the instructions.<\/p>\n\n\n\n<p class=\"gb-headline gb-headline-1de06637 gb-headline-text\"><br><strong>TAKUUVAATIMUKSET<\/strong><br>Proof of purchase by the original retail Consumer Purchaser is required for all warranty claims.<\/p>\n\n\n\n<p>Mega Sports UK Ltd reserves the right to examine physical evidence or photographs of the Product, or component parts, claimed to be defective, and to recover said Product, prior to authorising a warranty claim. If applicable, a \u201cReturn Merchandise Authorisation\u201d (RMA) number will be required prior to shipping damaged Product by original retail Consumer Purchaser with freight prepaid.<\/p>\n\n\n\n<p>In returning a Product or component part for repair or replacement under this warranty, the original Consumer Purchaser must prepay all shipping transportation, insurance and delivery costs, and the Product or component parts, must be delivered in either its original carton or a similar package affording an equal degree of protection.<\/p>\n\n\n\n<p>Mega Sports UK Ltd will not be responsible for any loss or damage incurred in connection with the return of this Product or component parts.<\/p>\n\n\n\n<p>Rajoitettu elinik\u00e4inen takuu ei kata seuraavia:<\/p>\n\n\n\n<p>T\u00e4m\u00e4 takuu ei koske tuotteita, joita on k\u00e4ytetty v\u00e4\u00e4rin, v\u00e4\u00e4rink\u00e4ytetty, k\u00e4ytetty ep\u00e4tavallisella tavalla, k\u00e4ytetty huolimattomasti, muutettu, muutettu, vahingoitettu, asennettu v\u00e4\u00e4rin, vandalismia tai tulipaloa vastaan.<\/p>\n\n\n\n<p>Maali, ruostuneet osat, pintanaarmut, haalistuminen, v\u00e4rimuutokset tai halkeamat, jotka eiv\u00e4t vaikuta tuotteen toimivuuteen.<\/p>\n\n\n\n<p>Ajan tai normaalin kulumisen aiheuttamat vauriot tai heikkeneminen.<\/p>\n\n\n\n<p>\"Luonnonmullistusten\" aiheuttamiin vahinkoihin kuuluvat muun muassa tulvat, tornadot, raekuurot, salamaniskut, hiekkamyrskyt, tuulimyrskyt tai maanj\u00e4ristykset.<\/p>\n\n\n\n<p>\"Ymp\u00e4rist\u00f6tekij\u00f6ist\u00e4\" johtuvat vauriot sis\u00e4lt\u00e4v\u00e4t muun muassa ilmassa levi\u00e4v\u00e4t laskeumat, kemikaalit, meren roiskeet tai tuulen kuljettaman hiekan.<\/p>\n\n\n\n<p>Alkuper\u00e4isen v\u00e4hitt\u00e4iskaupan kuluttajaostajan on maksettava takuun piiriin kuuluvien tai vaihdettujen tuotteiden toimituskulut molempiin suuntiin etuk\u00e4teen.<\/p>\n\n\n\n<p>j\u00e4lleenmyyj\u00e4n huolto-, ty\u00f6- tai matkakulut. Kaikki tuotteen asennukseen, tarkastukseen, huoltoon tai vaihtoon tai osien vaihtoon liittyv\u00e4t ty\u00f6-, matka- ja muut kulut ovat alkuper\u00e4isen v\u00e4hitt\u00e4iskaupan kuluttajaostajan vastuulla.<\/p>\n\n\n\n<p>T\u00c4M\u00c4 TAKUU KORVAA NIMENOMAISESTI KAIKKI MUUT ILMAISTUT TAI IMPLISIITTISET TAKUUT, MUKAAN LUKIEN MUTTA EI RAJOITTUEN IMPLISIITTISEEN TAKUUSEEN MYYNTIKELPOISUUDESTA TAI SOVELTUVUUDESTA TIETTYYN TARKOITUKSEEN, SEK\u00c4 KAIKKI MUUT MEGA SPORTS UK LTD:N VELVOITTEET EDELLYTT\u00c4EN KUITENKIN, ETT\u00c4 JOS IMPLISIITTISTEN TAKUIDEN VASTUUVAPAUSLAUSEKE ON VOIMASSA SOVELLETTAVAN LAIN MUKAAN, LAIN NOJALLA SYNTYVIEN IMPLISIITTISTEN TAKUIDEN KESTO ON RAJOITETTU YHTEEN (1) VUOTEEN OSTOP\u00c4IV\u00c4ST\u00c4 TAI PIDEMP\u00c4\u00c4N AJANJAKSOON, JONKA SOVELLETTAVA LAKI VOI EDELLYTT\u00c4\u00c4.<\/p>\n\n\n\n<p>MEGA SPORTS UK LTD HEREBY DISCLAIMS ANY AND ALL LIABILITY FOR CONSEQUENTIAL AND INCIDENTAL DAMAGES ARISING OUT OF OR IN CONNECTION WITH ANY BREACH OF THIS WARRANTY OR ANY OTHER CLAIM WITH RESPECT TO THIS PRODUCT, INCLUDING BUT NOT LIMITED TO, CLAIMS OF NEGLIGENCE, STRICT LIABILITY IN TORT OR BREACH OF CONTRACT.<\/p>\n\n\n\n<p>SOME STATES DO NOT ALLOW (A) LIMITATIONS ON HOW LONG AN IMPLIED WARRANTY LASTS OR (B) THE EXCLUSION OR LIMITATION OF INCIDENTAL OR CONSEQUENTIAL DAMAGES, SO THE ABOVE LIMITATIONS OR EXCLUSIONS MAY NOT APPLY TO YOU. THIS WARRANTY GIVES YOU SPECIFIC LEGAL RIGHTS AND YOU MAY HAVE OTHER RIGHTS WHICH VARY FROM STATE TO STATE.<\/p>\n\n\n\n<p>FOR THE ORIGINAL RETAIL PURCHASER TO SUBMIT A WARRANTY CLAIM, CALL OR WRITE MEGA SLAM HOOPS UK.<\/p>\n\n\n\n<p>PUHELIN<br>020 3920 7400<br><br>S\u00c4HK\u00d6POSTI<br>support@megaslamhoops.uk<br>POSTIOSOITE<br><br>Mega Slam UK<br>The Hollies, Station Road, Chilbolton<br>Stockbridge, Hampshire<br>Yhdistynyt kuningaskunta, SO20 6AL<\/p>\n<\/div>\n<\/div>","protected":false},"excerpt":{"rendered":"<p> &#8230; <a title=\"Elinik\u00e4inen takuu\" class=\"read-more\" href=\"https:\/\/oncourt.online\/fi\/basketball-hoops\/lifetime-warranty\/\" aria-label=\"Lue lis\u00e4\u00e4 aiheesta Lifetime Warranty\">Lue lis\u00e4\u00e4<\/a><\/p>","protected":false},"author":2,"featured_media":362,"parent":34,"menu_order":0,"comment_status":"closed","ping_status":"closed","template":"","meta":{"_acf_changed":false,"inline_featured_image":false,"footnotes":""},"class_list":{"0":"post-428","1":"page","2":"type-page","3":"status-publish","4":"has-post-thumbnail","6":"infinite-scroll-item","7":"no-featured-image-padding","8":"resize-featured-image"},"acf":[],"yoast_head":"<!-- This site is optimized with the Yoast SEO Premium plugin v26.8 (Yoast SEO v27.3) - https:\/\/yoast.com\/product\/yoast-seo-premium-wordpress\/ -->\n<title>Lifetime Warranty - OnCourt Online<\/title>\n<meta name=\"description\" content=\"Mega Slam Hoops and OnCourt are committed to providing the best residential basketball systems that your money can buy.\" \/>\n<meta name=\"robots\" content=\"index, follow, max-snippet:-1, max-image-preview:large, max-video-preview:-1\" \/>\n<link rel=\"canonical\" href=\"https:\/\/oncourt.online\/fi\/koripallo-koripallo\/elinikainen-takuu\/\" \/>\n<meta property=\"og:locale\" content=\"fi_FI\" \/>\n<meta property=\"og:type\" content=\"article\" \/>\n<meta property=\"og:title\" content=\"Lifetime Warranty\" \/>\n<meta property=\"og:description\" content=\"Mega Slam Hoops and OnCourt are committed to providing the best residential basketball systems that your money can buy.\" \/>\n<meta property=\"og:url\" content=\"https:\/\/oncourt.online\/fi\/koripallo-koripallo\/elinikainen-takuu\/\" \/>\n<meta property=\"og:site_name\" content=\"OnCourt Online\" \/>\n<meta property=\"article:publisher\" content=\"https:\/\/www.facebook.com\/oncourt.online\/\" \/>\n<meta property=\"article:modified_time\" content=\"2026-01-03T03:34:58+00:00\" \/>\n<meta property=\"og:image\" content=\"https:\/\/oncourt.online\/wp-content\/uploads\/2021\/10\/Mega-Slam-Hoops-Lifetime-Warranty.png\" \/>\n\t<meta property=\"og:image:width\" content=\"300\" \/>\n\t<meta property=\"og:image:height\" content=\"300\" \/>\n\t<meta property=\"og:image:type\" content=\"image\/png\" \/>\n<meta name=\"twitter:card\" content=\"summary_large_image\" \/>\n<meta name=\"twitter:label1\" content=\"Arvioitu lukuaika\" \/>\n\t<meta name=\"twitter:data1\" content=\"4 minuuttia\" \/>\n<!-- \/ Yoast SEO Premium plugin. -->","yoast_head_json":{"title":"Elinik\u00e4inen takuu - OnCourt Online","description":"Mega Slam Hoops ja OnCourt ovat sitoutuneet tarjoamaan parhaita koripalloj\u00e4rjestelmi\u00e4, joita rahalla voi ostaa.","robots":{"index":"index","follow":"follow","max-snippet":"max-snippet:-1","max-image-preview":"max-image-preview:large","max-video-preview":"max-video-preview:-1"},"canonical":"https:\/\/oncourt.online\/fi\/koripallo-koripallo\/elinikainen-takuu\/","og_locale":"fi_FI","og_type":"article","og_title":"Lifetime Warranty","og_description":"Mega Slam Hoops and OnCourt are committed to providing the best residential basketball systems that your money can buy.","og_url":"https:\/\/oncourt.online\/fi\/koripallo-koripallo\/elinikainen-takuu\/","og_site_name":"OnCourt Online","article_publisher":"https:\/\/www.facebook.com\/oncourt.online\/","article_modified_time":"2026-01-03T03:34:58+00:00","og_image":[{"width":300,"height":300,"url":"https:\/\/oncourt.online\/wp-content\/uploads\/2021\/10\/Mega-Slam-Hoops-Lifetime-Warranty.png","type":"image\/png"}],"twitter_card":"summary_large_image","twitter_misc":{"Arvioitu lukuaika":"4 minuuttia"},"schema":{"@context":"https:\/\/schema.org","@graph":[{"@type":"WebPage","@id":"https:\/\/oncourt.online\/fi\/basketball-hoops\/lifetime-warranty\/","url":"https:\/\/oncourt.online\/fi\/basketball-hoops\/lifetime-warranty\/","name":"Elinik\u00e4inen takuu - OnCourt Online","isPartOf":{"@id":"https:\/\/oncourt.online\/fi\/#website"},"primaryImageOfPage":{"@id":"https:\/\/oncourt.online\/fi\/basketball-hoops\/lifetime-warranty\/#primaryimage"},"image":{"@id":"https:\/\/oncourt.online\/fi\/basketball-hoops\/lifetime-warranty\/#primaryimage"},"thumbnailUrl":"https:\/\/oncourt.online\/wp-content\/uploads\/2021\/10\/Mega-Slam-Hoops-Lifetime-Warranty.png","datePublished":"2021-10-22T11:43:33+00:00","dateModified":"2026-01-03T03:34:58+00:00","description":"Mega Slam Hoops ja OnCourt ovat sitoutuneet tarjoamaan parhaita koripalloj\u00e4rjestelmi\u00e4, joita rahalla voi ostaa.","breadcrumb":{"@id":"https:\/\/oncourt.online\/fi\/basketball-hoops\/lifetime-warranty\/#breadcrumb"},"inLanguage":"fi","potentialAction":[{"@type":"ReadAction","target":["https:\/\/oncourt.online\/fi\/basketball-hoops\/lifetime-warranty\/"]}]},{"@type":"ImageObject","inLanguage":"fi","@id":"https:\/\/oncourt.online\/fi\/basketball-hoops\/lifetime-warranty\/#primaryimage","url":"https:\/\/oncourt.online\/wp-content\/uploads\/2021\/10\/Mega-Slam-Hoops-Lifetime-Warranty.png","contentUrl":"https:\/\/oncourt.online\/wp-content\/uploads\/2021\/10\/Mega-Slam-Hoops-Lifetime-Warranty.png","width":300,"height":300,"caption":"Mega Slam Hoops - Lifetime Warranty"},{"@type":"BreadcrumbList","@id":"https:\/\/oncourt.online\/fi\/basketball-hoops\/lifetime-warranty\/#breadcrumb","itemListElement":[{"@type":"ListItem","position":1,"name":"Home","item":"https:\/\/oncourt.online\/"},{"@type":"ListItem","position":2,"name":"Basketball Hoops","item":"https:\/\/oncourt.online\/fi\/basketball-hoops\/"},{"@type":"ListItem","position":3,"name":"Lifetime Warranty"}]},{"@type":"WebSite","@id":"https:\/\/oncourt.online\/fi\/#website","url":"https:\/\/oncourt.online\/fi\/","name":"OnCourt Online","description":"Korkean suorituskyvyn koripallokent\u00e4t","publisher":{"@id":"https:\/\/oncourt.online\/fi\/#organization"},"potentialAction":[{"@type":"SearchAction","target":{"@type":"EntryPoint","urlTemplate":"https:\/\/oncourt.online\/fi\/?s={search_term_string}"},"query-input":{"@type":"PropertyValueSpecification","valueRequired":true,"valueName":"search_term_string"}}],"inLanguage":"fi"},{"@type":"Organization","@id":"https:\/\/oncourt.online\/fi\/#organization","name":"OnCourt Online","url":"https:\/\/oncourt.online\/fi\/","logo":{"@type":"ImageObject","inLanguage":"fi","@id":"https:\/\/oncourt.online\/fi\/#\/schema\/logo\/image\/","url":"https:\/\/oncourt.online\/wp-content\/uploads\/2021\/12\/Logo_OnCourt_Black.svg","contentUrl":"https:\/\/oncourt.online\/wp-content\/uploads\/2021\/12\/Logo_OnCourt_Black.svg","width":"1024","height":"1024","caption":"OnCourt Online"},"image":{"@id":"https:\/\/oncourt.online\/fi\/#\/schema\/logo\/image\/"},"sameAs":["https:\/\/www.facebook.com\/oncourt.online\/"],"email":"info@oncourt.online"}]}},"_links":{"self":[{"href":"https:\/\/oncourt.online\/fi\/wp-json\/wp\/v2\/pages\/428","targetHints":{"allow":["GET"]}}],"collection":[{"href":"https:\/\/oncourt.online\/fi\/wp-json\/wp\/v2\/pages"}],"about":[{"href":"https:\/\/oncourt.online\/fi\/wp-json\/wp\/v2\/types\/page"}],"author":[{"embeddable":true,"href":"https:\/\/oncourt.online\/fi\/wp-json\/wp\/v2\/users\/2"}],"replies":[{"embeddable":true,"href":"https:\/\/oncourt.online\/fi\/wp-json\/wp\/v2\/comments?post=428"}],"version-history":[{"count":0,"href":"https:\/\/oncourt.online\/fi\/wp-json\/wp\/v2\/pages\/428\/revisions"}],"up":[{"embeddable":true,"href":"https:\/\/oncourt.online\/fi\/wp-json\/wp\/v2\/pages\/34"}],"wp:featuredmedia":[{"embeddable":true,"href":"https:\/\/oncourt.online\/fi\/wp-json\/wp\/v2\/media\/362"}],"wp:attachment":[{"href":"https:\/\/oncourt.online\/fi\/wp-json\/wp\/v2\/media?parent=428"}],"curies":[{"name":"wp","href":"https:\/\/api.w.org\/{rel}","templated":true}]}}