{"id":3706,"date":"2022-03-08T09:13:55","date_gmt":"2022-03-08T09:13:55","guid":{"rendered":"https:\/\/oncourt.online\/?page_id=3706"},"modified":"2026-01-13T08:00:41","modified_gmt":"2026-01-13T08:00:41","slug":"join-oncourt","status":"publish","type":"page","link":"https:\/\/oncourt.online\/fi\/join-oncourt\/","title":{"rendered":"Ty\u00f6skentele OnCourtin kanssa"},"content":{"rendered":"<div class=\"gb-container gb-container-c9c919f1\"><div class=\"gb-inside-container\">\n<div class=\"gb-container gb-container-cefabf47\"><div class=\"gb-inside-container\">\n\n<h2 class=\"gb-headline gb-headline-d23b44e5 gb-headline-text\">Tee yhteisty\u00f6t\u00e4 koripallokenttien asiantuntijan kanssa<\/h2>\n\n\n\n<p class=\"gb-headline gb-headline-b071501e gb-headline-text\">OnCourt tekee yhteisty\u00f6t\u00e4 ammattilaisten kanssa ymp\u00e4ri Eurooppaa, jotka suunnittelevat, rakentavat ja m\u00e4\u00e4rittelev\u00e4t ulkoliikuntatiloja. Partneriohjelmamme on suunniteltu yrityksille, jotka haluavat tarjota asiakkailleen korkeatasoisia koripallokentti\u00e4, erikoistuotteiden, tarkkojen suunnitteluty\u00f6kalujen ja asiantuntijatuen tukemina.<\/p>\n\n\n\n<p class=\"gb-text gb-text-6b40232a\">Emme toimi yleisen\u00e4 urheiluv\u00e4lineiden toimittajana. Koripallo on painopisteemme, ja teemme yhteisty\u00f6t\u00e4 kumppaneiden kanssa, jotka arvostavat asioiden tekemist\u00e4 oikein.<\/p>\n\n\n\n<h3 class=\"gb-text gb-text-a0baa6e3\">Kenen kanssa ty\u00f6skentelemme<\/h3>\n\n\n\n<p>Teemme yhteisty\u00f6t\u00e4 yritysten kanssa, jotka toimivat ulkorakentamisen, suunnittelun ja pinnoitteiden parissa, mukaan lukien:<\/p>\n\n\n\n<ul class=\"wp-block-list\">\n<li>Yleiset rakennusliikkeet ja urakoitsijat<\/li>\n\n\n\n<li>Maisema- ja pihasuunnittelijat<\/li>\n\n\n\n<li>Urheilukenttien rakentajat ja pintojen kunnostusasiantuntijat<\/li>\n\n\n\n<li>Urheilukenttien rakentajat ja pintojen kunnostusasiantuntijat<\/li>\n\n\n\n<li>Arkkitehdit ja suunnittelijat<\/li>\n\n\n\n<li>Muotoilul\u00e4ht\u00f6iset ulkotilojen asiantuntijat<\/li>\n<\/ul>\n\n\n\n<p class=\"gb-text gb-text-b726bb2a\">Jos ty\u00f6si liittyy ulkotilojen suunnitteluun tai rakentamiseen ja haluat lis\u00e4t\u00e4 koripallokentti\u00e4 tarjontaasi, kuulemme mielell\u00e4mme sinusta.<\/p>\n\n\n\n<div class=\"gb-element-bbf74639\">\n<div>\n<img loading=\"lazy\" decoding=\"async\" width=\"660\" height=\"400\" class=\"img_12px_radius gb-media-76f4f695\" alt=\"\" title=\"OnCourt Modular Basketball Court Surface Installation\" src=\"https:\/\/oncourt.online\/wp-content\/uploads\/2022\/05\/OnCourt-Modular-Basketball-Court-Surface-Installation.jpg\" srcset=\"https:\/\/oncourt.online\/wp-content\/uploads\/2022\/05\/OnCourt-Modular-Basketball-Court-Surface-Installation.jpg 660w, https:\/\/oncourt.online\/wp-content\/uploads\/2022\/05\/OnCourt-Modular-Basketball-Court-Surface-Installation-300x182.jpg 300w, https:\/\/oncourt.online\/wp-content\/uploads\/2022\/05\/OnCourt-Modular-Basketball-Court-Surface-Installation-18x12.jpg 18w, https:\/\/oncourt.online\/wp-content\/uploads\/2022\/05\/OnCourt-Modular-Basketball-Court-Surface-Installation-545x330.jpg 545w\" sizes=\"auto, (max-width: 660px) 100vw, 660px\" \/>\n<\/div>\n\n\n\n<div>\n<h2 class=\"gb-text\">Mit\u00e4 OnCourt-kumppanit voivat odottaa<\/h2>\n\n\n\n<p class=\"gb-text last_text\">P\u00e4\u00e4syn ammattimaisiin kentt\u00e4suunnitteluty\u00f6kaluihin, edullisiin hintoihin ja erikoistuneeseen tukeen, joiden avulla voit suunnitella, m\u00e4\u00e4ritell\u00e4 ja toteuttaa korkeatasoisia koripallokentti\u00e4 luottavaisin mielin.<\/p>\n<\/div>\n<\/div>\n\n\n\n<h4 class=\"gb-text\">Ammattimaiset suunnitteluty\u00f6kalut<\/h4>\n\n\n\n<p class=\"gb-text\">Hy\u00f6dynn\u00e4 OnCourtin 3D-koripallokenttien suunnittelualustaa layoutien suunnitteluun, v\u00e4rimaailmojen tutkimiseen, pintojen ja korien m\u00e4\u00e4rittelyyn sek\u00e4 tarkkojen visualisointien ja hintojen luomiseen asiakastarjouksia varten.<\/p>\n\n\n\n<h4 class=\"gb-text\">Edulliset kumppanihinnat<\/h4>\n\n\n\n<p class=\"gb-text\">Valtuutetut kumppanit saavat k\u00e4ytt\u00f6\u00f6ns\u00e4 kumppanihinnat modulaarisille koripallopinnoille ja Mega Slam -koreille, mahdollistaen premium-ratkaisujen toimittamisen terveill\u00e4 katteilla.<\/p>\n\n\n\n<h4 class=\"gb-text\">Erikoistunut tekninen tuki<\/h4>\n\n\n\n<p class=\"gb-text\">Saat suoraan ohjeita asettelusta, pintojen valinnasta, asennusvaatimuksista ja tuotteiden yhdist\u00e4misest\u00e4, mik\u00e4 v\u00e4hent\u00e4\u00e4 ep\u00e4varmuutta ja auttaa v\u00e4ltt\u00e4m\u00e4\u00e4n kalliita virheit\u00e4 ty\u00f6maalla.<\/p>\n\n\n\n<h4 class=\"gb-text\">Selke\u00e4t tekniset tiedot ja resurssit<\/h4>\n\n\n\n<p class=\"gb-text gb-text-46b97fff\">K\u00e4yt\u00e4 oppaita ja suunnitteluresurssejamme, jotta v\u00e4lt\u00e4t arvailun, v\u00e4henn\u00e4t virheit\u00e4 ja voit esitt\u00e4\u00e4 asiakkaille selkeit\u00e4, varmoja ehdotuksia.<\/p>\n\n\n\n<div class=\"gb-element-d984cac5\">\n<div>\n<img loading=\"lazy\" decoding=\"async\" width=\"1200\" height=\"960\" class=\"img_12px_radius gb-media-1c57b1fb\" alt=\"\" title=\"Keskikokoisen asuinalueen koripallokent\u00e4n suunnittelu\" src=\"https:\/\/oncourt.online\/wp-content\/uploads\/2025\/12\/Medium-Sized-Residential-Basketball-Court-Design.webp\"\/>\n<\/div>\n\n\n\n<div>\n<h3 class=\"gb-text\">Suunniteltu todellisiin projekteihin<\/h3>\n\n\n\n<p>OnCourt-kumppaniohjelma sopii ammattilaisille, jotka tarjoavat:<\/p>\n\n\n\n<ul class=\"wp-block-list\">\n<li>Asuinpaikan kotikent\u00e4t<\/li>\n\n\n\n<li>Klubi- ja harjoitus tilat<\/li>\n\n\n\n<li>Koulut ja oppimisymp\u00e4rist\u00f6t<\/li>\n\n\n\n<li>Kaupalliset tai monik\u00e4ytt\u00f6iset ulkokent\u00e4t<\/li>\n<\/ul>\n\n\n\n<p class=\"gb-text last_text\">Tuemme kumppaneita, jotka ovat ylpeit\u00e4 laadukkaasta toteutuksesta ja pitk\u00e4aikaisesta suorituskyvyst\u00e4.<\/p>\n<\/div>\n<\/div>\n\n\n\n<div class=\"gb-element-f79012eb\">\n<h3 class=\"gb-text gb-text-5da21831\">Hae OnCourt-kumppaniksi<\/h3>\n\n\n\n<p class=\"gb-text not_last_text\">Jos olet kiinnostunut yhteisty\u00f6st\u00e4 OnCourtin kanssa, t\u00e4yt\u00e4 alla oleva yhteydenottolomake. <\/p>\n\n\n\n<p class=\"gb-text gb-text-209ee9ae\">K\u00e4ymme l\u00e4pi kaikki hakemukset ja otamme sinuun yhteytt\u00e4 keskustellaksemme, sopiiko ohjelma yrityksellesi.<\/p>\n<\/div>\n\n\n<div class=\"gb-container gb-container-8ddfb2cf\">\n\n\n\n\n\n\n\n\n\n\n\n\n\n\n\n\n\n\n\n\n\n\n<div class=\"gb-container gb-container-6983e476\">\n\n<div class=\"pipedriveWebForms\" data-pd-webforms=\"https:\/\/webforms.pipedrive.com\/f\/czNIVXZ2uTITMPYfm2rDxlLjwHuNNRVcb8UkekxJAT1fFBjGF7ZRzQzU3n3rRmFWEz\"><script src=\"https:\/\/webforms.pipedrive.com\/f\/loader\"><\/script><\/div>\n\n<\/div>\n\n\n\n\n<\/div>\n<\/div><\/div>\n<\/div><\/div>","protected":false},"excerpt":{"rendered":"<p> &#8230; <a title=\"Ty\u00f6skentele OnCourtin kanssa\" class=\"read-more\" href=\"https:\/\/oncourt.online\/fi\/join-oncourt\/\" aria-label=\"Lue lis\u00e4\u00e4 aiheesta Work With OnCourt\">Lue lis\u00e4\u00e4<\/a><\/p>","protected":false},"author":2,"featured_media":7048,"parent":0,"menu_order":13,"comment_status":"closed","ping_status":"closed","template":"","meta":{"_acf_changed":false,"inline_featured_image":false,"footnotes":""},"class_list":{"0":"post-3706","1":"page","2":"type-page","3":"status-publish","4":"has-post-thumbnail","6":"infinite-scroll-item","7":"no-featured-image-padding","8":"resize-featured-image"},"acf":[],"yoast_head":"<!-- This site is optimized with the Yoast SEO Premium plugin v26.8 (Yoast SEO v27.3) - https:\/\/yoast.com\/product\/yoast-seo-premium-wordpress\/ -->\n<title>OnCourt Partners | Trade Pricing &amp; Basketball Court Design Tools<\/title>\n<meta name=\"description\" content=\"Partner with OnCourt. Work with a specialist basketball court supplier. Design tools, trade pricing, and support for residential &amp; commercial projects.\" \/>\n<meta name=\"robots\" content=\"index, follow, max-snippet:-1, max-image-preview:large, max-video-preview:-1\" \/>\n<link rel=\"canonical\" href=\"https:\/\/oncourt.online\/fi\/join-oncourt\/\" \/>\n<meta property=\"og:locale\" content=\"fi_FI\" \/>\n<meta property=\"og:type\" content=\"article\" \/>\n<meta property=\"og:title\" content=\"Work With OnCourt\" \/>\n<meta property=\"og:description\" content=\"Partner with OnCourt. Work with a specialist basketball court supplier. Design tools, trade pricing, and support for residential &amp; commercial projects.\" \/>\n<meta property=\"og:url\" content=\"https:\/\/oncourt.online\/fi\/join-oncourt\/\" \/>\n<meta property=\"og:site_name\" content=\"OnCourt Online\" \/>\n<meta property=\"article:publisher\" content=\"https:\/\/www.facebook.com\/oncourt.online\/\" \/>\n<meta property=\"article:modified_time\" content=\"2026-01-13T08:00:41+00:00\" \/>\n<meta property=\"og:image\" content=\"https:\/\/oncourt.online\/wp-content\/uploads\/2022\/05\/OnCourt-Modular-Basketball-Court-Surface-Installation.jpg\" \/>\n\t<meta property=\"og:image:width\" content=\"660\" \/>\n\t<meta property=\"og:image:height\" content=\"400\" \/>\n\t<meta property=\"og:image:type\" content=\"image\/jpeg\" \/>\n<meta name=\"twitter:card\" content=\"summary_large_image\" \/>\n<meta name=\"twitter:label1\" content=\"Arvioitu lukuaika\" \/>\n\t<meta name=\"twitter:data1\" content=\"3 minuuttia\" \/>\n<!-- \/ Yoast SEO Premium plugin. -->","yoast_head_json":{"title":"OnCourt Kumppanit | Ammattihinnoittelu ja Koripallokenttien Suunnitteluty\u00f6kalut","description":"Ryhdy OnCourt-kumppaniksi. Tee yhteisty\u00f6t\u00e4 koripallokenttien asiantuntijan kanssa. Suunnitteluty\u00f6kalut, ammattihinnoittelu ja tuki asuin- ja liiketoimintaprojekteihin.","robots":{"index":"index","follow":"follow","max-snippet":"max-snippet:-1","max-image-preview":"max-image-preview:large","max-video-preview":"max-video-preview:-1"},"canonical":"https:\/\/oncourt.online\/fi\/join-oncourt\/","og_locale":"fi_FI","og_type":"article","og_title":"Work With OnCourt","og_description":"Partner with OnCourt. Work with a specialist basketball court supplier. Design tools, trade pricing, and support for residential & commercial projects.","og_url":"https:\/\/oncourt.online\/fi\/join-oncourt\/","og_site_name":"OnCourt Online","article_publisher":"https:\/\/www.facebook.com\/oncourt.online\/","article_modified_time":"2026-01-13T08:00:41+00:00","og_image":[{"width":660,"height":400,"url":"https:\/\/oncourt.online\/wp-content\/uploads\/2022\/05\/OnCourt-Modular-Basketball-Court-Surface-Installation.jpg","type":"image\/jpeg"}],"twitter_card":"summary_large_image","twitter_misc":{"Arvioitu lukuaika":"3 minuuttia"},"schema":{"@context":"https:\/\/schema.org","@graph":[{"@type":"WebPage","@id":"https:\/\/oncourt.online\/fi\/join-oncourt\/","url":"https:\/\/oncourt.online\/fi\/join-oncourt\/","name":"OnCourt Kumppanit | Ammattihinnoittelu ja Koripallokenttien Suunnitteluty\u00f6kalut","isPartOf":{"@id":"https:\/\/oncourt.online\/fi\/#website"},"primaryImageOfPage":{"@id":"https:\/\/oncourt.online\/fi\/join-oncourt\/#primaryimage"},"image":{"@id":"https:\/\/oncourt.online\/fi\/join-oncourt\/#primaryimage"},"thumbnailUrl":"https:\/\/oncourt.online\/wp-content\/uploads\/2022\/05\/OnCourt-Modular-Basketball-Court-Surface-Installation.jpg","datePublished":"2022-03-08T09:13:55+00:00","dateModified":"2026-01-13T08:00:41+00:00","description":"Ryhdy OnCourt-kumppaniksi. Tee yhteisty\u00f6t\u00e4 koripallokenttien asiantuntijan kanssa. Suunnitteluty\u00f6kalut, ammattihinnoittelu ja tuki asuin- ja liiketoimintaprojekteihin.","breadcrumb":{"@id":"https:\/\/oncourt.online\/fi\/join-oncourt\/#breadcrumb"},"inLanguage":"fi","potentialAction":[{"@type":"ReadAction","target":["https:\/\/oncourt.online\/fi\/join-oncourt\/"]}]},{"@type":"ImageObject","inLanguage":"fi","@id":"https:\/\/oncourt.online\/fi\/join-oncourt\/#primaryimage","url":"https:\/\/oncourt.online\/wp-content\/uploads\/2022\/05\/OnCourt-Modular-Basketball-Court-Surface-Installation.jpg","contentUrl":"https:\/\/oncourt.online\/wp-content\/uploads\/2022\/05\/OnCourt-Modular-Basketball-Court-Surface-Installation.jpg","width":660,"height":400},{"@type":"BreadcrumbList","@id":"https:\/\/oncourt.online\/fi\/join-oncourt\/#breadcrumb","itemListElement":[{"@type":"ListItem","position":1,"name":"Home","item":"https:\/\/oncourt.online\/"},{"@type":"ListItem","position":2,"name":"Work With OnCourt"}]},{"@type":"WebSite","@id":"https:\/\/oncourt.online\/fi\/#website","url":"https:\/\/oncourt.online\/fi\/","name":"OnCourt Online","description":"Korkean suorituskyvyn koripallokent\u00e4t","publisher":{"@id":"https:\/\/oncourt.online\/fi\/#organization"},"potentialAction":[{"@type":"SearchAction","target":{"@type":"EntryPoint","urlTemplate":"https:\/\/oncourt.online\/fi\/?s={search_term_string}"},"query-input":{"@type":"PropertyValueSpecification","valueRequired":true,"valueName":"search_term_string"}}],"inLanguage":"fi"},{"@type":"Organization","@id":"https:\/\/oncourt.online\/fi\/#organization","name":"OnCourt Online","url":"https:\/\/oncourt.online\/fi\/","logo":{"@type":"ImageObject","inLanguage":"fi","@id":"https:\/\/oncourt.online\/fi\/#\/schema\/logo\/image\/","url":"https:\/\/oncourt.online\/wp-content\/uploads\/2021\/12\/Logo_OnCourt_Black.svg","contentUrl":"https:\/\/oncourt.online\/wp-content\/uploads\/2021\/12\/Logo_OnCourt_Black.svg","width":"1024","height":"1024","caption":"OnCourt Online"},"image":{"@id":"https:\/\/oncourt.online\/fi\/#\/schema\/logo\/image\/"},"sameAs":["https:\/\/www.facebook.com\/oncourt.online\/"],"email":"info@oncourt.online"}]}},"_links":{"self":[{"href":"https:\/\/oncourt.online\/fi\/wp-json\/wp\/v2\/pages\/3706","targetHints":{"allow":["GET"]}}],"collection":[{"href":"https:\/\/oncourt.online\/fi\/wp-json\/wp\/v2\/pages"}],"about":[{"href":"https:\/\/oncourt.online\/fi\/wp-json\/wp\/v2\/types\/page"}],"author":[{"embeddable":true,"href":"https:\/\/oncourt.online\/fi\/wp-json\/wp\/v2\/users\/2"}],"replies":[{"embeddable":true,"href":"https:\/\/oncourt.online\/fi\/wp-json\/wp\/v2\/comments?post=3706"}],"version-history":[{"count":1,"href":"https:\/\/oncourt.online\/fi\/wp-json\/wp\/v2\/pages\/3706\/revisions"}],"predecessor-version":[{"id":17261,"href":"https:\/\/oncourt.online\/fi\/wp-json\/wp\/v2\/pages\/3706\/revisions\/17261"}],"wp:featuredmedia":[{"embeddable":true,"href":"https:\/\/oncourt.online\/fi\/wp-json\/wp\/v2\/media\/7048"}],"wp:attachment":[{"href":"https:\/\/oncourt.online\/fi\/wp-json\/wp\/v2\/media?parent=3706"}],"curies":[{"name":"wp","href":"https:\/\/api.w.org\/{rel}","templated":true}]}}