{"id":10,"date":"2022-06-07T21:39:16","date_gmt":"2022-06-07T21:39:16","guid":{"rendered":"https:\/\/oncourt.online\/?page_id=10"},"modified":"2026-01-08T02:56:26","modified_gmt":"2026-01-08T02:56:26","slug":"palautus-palautukset","status":"publish","type":"page","link":"https:\/\/oncourt.online\/fi\/refund-returns\/","title":{"rendered":"Palautus- ja palautusk\u00e4yt\u00e4nt\u00f6"},"content":{"rendered":"<div class=\"gb-element-a4b81a66\"><div class=\"gb-container gb-container-16508648\"><div class=\"gb-inside-container\">\n\n<h1 class=\"gb-text\">Palautus- ja palautusk\u00e4yt\u00e4nt\u00f6<\/h1>\n\n\n\n<p class=\"gb-headline gb-headline-a63af49e gb-headline-text\">Toivomme, ett\u00e4 kaikki OnCourt-asiakkaat ovat tyytyv\u00e4isi\u00e4 ostokseensa. Joskus voi kuitenkin k\u00e4yd\u00e4 niin, ettet ole jostain syyst\u00e4 t\u00e4ysin tyytyv\u00e4inen. T\u00e4ll\u00f6in voit palauttaa ostetut tuotteet meille ja saada t\u00e4yden hyvityksen, myym\u00e4l\u00e4hyvityksen tai vaihdon.<\/p>\n\n\n\n<h2 class=\"gb-headline gb-headline-04e28294 gb-headline-text\">Yleiskatsaus<\/h2>\n\n\n\n<p class=\"gb-headline gb-headline-5b665cdd gb-headline-text\">Palautus- ja palautusk\u00e4yt\u00e4nt\u00f6mme kest\u00e4\u00e4 28 p\u00e4iv\u00e4\u00e4. Sinun on ilmoitettava meille s\u00e4hk\u00f6postitse aikomuksestasi palauttaa tavarat 28 p\u00e4iv\u00e4n kuluessa niiden vastaanottamisesta. Jos 28 p\u00e4iv\u00e4\u00e4 on kulunut ostoksestasi, emme voi tarjota sinulle t\u00e4ytt\u00e4 hyvityst\u00e4 tai vaihtoa.<\/p>\n\n\n\n<p class=\"gb-headline gb-headline-69f3bcdd gb-headline-text\">Jotta tuote voidaan palauttaa, sen on oltava k\u00e4ytt\u00e4m\u00e4t\u00f6n ja samassa kunnossa kuin se on vastaanotettu. Sen on my\u00f6s oltava alkuper\u00e4ispakkauksessa.<\/p>\n\n\n\n<p class=\"gb-headline gb-headline-23bde10c gb-headline-text\">Painettuja tai maalattuja kentt\u00e4pintoja ei palauteta. <\/p>\n\n\n\n<p class=\"gb-headline gb-headline-1cc6618d gb-headline-text\">Palauttamista varten tarvitsemme kuitin tai ostotodistuksen.<\/p>\n\n\n\n<p class=\"gb-headline gb-headline-cae31263 gb-headline-text\">\u00c4l\u00e4 l\u00e4het\u00e4 ostoksiasi takaisin valmistajalle.<\/p>\n\n\n\n<p class=\"gb-headline gb-headline-a9909ab1 gb-headline-text\">Tietyiss\u00e4 tilanteissa voidaan my\u00f6nt\u00e4\u00e4 vain osittaisia palautuksia:<\/p>\n\n\n\n<ul class=\"wp-block-list\">\n<li>Tuotteet, joissa on selvi\u00e4 k\u00e4ytt\u00f6j\u00e4lki\u00e4<\/li>\n\n\n\n<li>Mik\u00e4 tahansa tuote, joka ei ole alkuper\u00e4isess\u00e4 kunnossaan, on vaurioitunut tai josta puuttuu osia syist\u00e4, jotka eiv\u00e4t johdu valmistajan tai asentajan virheest\u00e4.<\/li>\n\n\n\n<li>Kaikki tuotteet, jotka palautetaan yli 28 p\u00e4iv\u00e4n kuluttua toimituksesta.<\/li>\n<\/ul>\n\n\n\n<h3 class=\"gb-headline gb-headline-b1c33d39 gb-headline-text\">Palautukset<\/h3>\n\n\n\n<p class=\"gb-headline gb-headline-db2e4daa gb-headline-text\">Kun palautuksesi on vastaanotettu ja tarkastettu, l\u00e4het\u00e4mme sinulle s\u00e4hk\u00f6postiviestin, jossa ilmoitamme, ett\u00e4 olemme vastaanottaneet palautetun tuotteen. Ilmoitamme sinulle my\u00f6s palautuksen hyv\u00e4ksymisest\u00e4 tai hylk\u00e4\u00e4misest\u00e4.<\/p>\n\n\n\n<p class=\"gb-headline gb-headline-211c62b8 gb-headline-text\">Jos pyynt\u00f6 hyv\u00e4ksyt\u00e4\u00e4n, palautus k\u00e4sitell\u00e4\u00e4n ja hyvitys tehd\u00e4\u00e4n automaattisesti luottokortillesi tai alkuper\u00e4iselle maksutavallesi 14 p\u00e4iv\u00e4n kuluessa.<\/p>\n\n\n\n<p class=\"gb-headline gb-headline-d56db316 gb-headline-text\"><b>My\u00f6h\u00e4styneet tai puuttuvat tuet<\/b><\/p>\n\n\n\n<p class=\"gb-headline gb-headline-948f340b gb-headline-text\">Jos et ole viel\u00e4 saanut palautusta, tarkista ensin pankkitilisi uudelleen. Ota yhteytt\u00e4 luottokorttiyhti\u00f6\u00f6n, voi kest\u00e4\u00e4 jonkin aikaa ennen kuin palautus on virallisesti kirjattu. Ota seuraavaksi yhteytt\u00e4 pankkiisi. Palautuksen kirjaaminen kest\u00e4\u00e4 usein jonkin aikaa.<\/p>\n\n\n\n<p class=\"gb-text gb-text-3b0fbb5a\">Jos olet tehnyt kaiken t\u00e4m\u00e4n, etk\u00e4 ole viel\u00e4k\u00e4\u00e4n saanut hyvityst\u00e4, ota yhteytt\u00e4 osoitteeseen info@oncourt.online.<\/p>\n\n\n\n<h3 class=\"gb-headline gb-headline-b446ed2a gb-headline-text\">Lahjat<\/h3>\n\n\n\n<p class=\"gb-headline gb-headline-9108d094 gb-headline-text\">Jos tuote oli merkitty lahjaksi ostettaessa ja l\u00e4hetetty suoraan sinulle, saat lahjahyvityksen palautuksen arvosta. Kun palautettu tuote on vastaanotettu, sinulle l\u00e4hetet\u00e4\u00e4n lahjakortti.<\/p>\n\n\n\n<p class=\"gb-headline gb-headline-5d3cf727 gb-headline-text\">Jos tuotetta ei ollut merkitty lahjaksi ostettaessa tai jos lahjan antaja oli l\u00e4hett\u00e4nyt tilauksen itselleen antaakseen sen sinulle my\u00f6hemmin, l\u00e4het\u00e4mme palautuksen lahjan antajalle ja h\u00e4nelle ilmoitetaan palautuksesta.<\/p>\n\n\n\n<h3 class=\"gb-headline gb-headline-ae81b763 gb-headline-text\">Toimitus ja palautukset<\/h3>\n\n\n\n<p class=\"gb-headline gb-headline-fdc80127 gb-headline-text\">Palauttaaksesi tuotteesi sinun on l\u00e4hetett\u00e4v\u00e4 tuote postitse osoitteeseen: <\/p>\n\n\n\n<p class=\"gb-headline gb-headline-7d98ac82 gb-headline-text translation-block\"><strong>Isossa-Britanniassa ja Irlannissa ostetut tuotteet<\/strong>: Unit 11 Stonefield Park, Martins Lane, Chilbolton, Stockbridge SO20 6AL<\/p>\n\n\n\n<p class=\"gb-headline gb-headline-b68103aa gb-headline-text translation-block\"><strong>Manner-Euroopasta ostetut tuotteet<\/strong>: OnCourt EU, Industriepark-West 43, 9100, Sint-Niklass, Belgium<\/p>\n\n\n\n<p class=\"gb-headline gb-headline-c4eac7e0 gb-headline-text\">Sinun on itse maksettava l\u00e4hetyskulut tuotteen palauttamisesta. Toimituskuluja ei palauteta. Jos saat hyvityksen, palautuksen postikulut v\u00e4hennet\u00e4\u00e4n hyvityksest\u00e4si.<\/p>\n\n\n\n<p>Asuinpaikastasi riippuen vaihtotuotteesi perille saapumiseen kuluva aika voi vaihdella.<\/p>\n\n\n\n<p class=\"gb-text-874a6c8e\"><span class=\"gb-shape\"><svg xmlns=\"http:\/\/www.w3.org\/2000\/svg\" viewbox=\"0 0 256 256\" fill=\"currentColor\"><path d=\"M221.66,133.66l-72,72a8,8,0,0,1-11.32-11.32L196.69,136H40a8,8,0,0,1,0-16H196.69L138.34,61.66a8,8,0,0,1,11.32-11.32l72,72A8,8,0,0,1,221.66,133.66Z\"><\/path><\/svg><\/span><span class=\"gb-text\"><strong><em><a href=\"https:\/\/oncourt.online\/fi\/merenkulku-toimitus\/\">OnCourt toimitus- ja l\u00e4hetysa\u0308tiedot<\/a><\/em><\/strong><\/span><\/p>\n\n\n\n<h3 class=\"gb-headline gb-headline-df42cdb6 gb-headline-text\">Tarvitsetko apua?<\/h3>\n\n\n\n<p class=\"translation-block\"><a href=\"https:\/\/oncourt.online\/fi\/ota-yhteytta\/\" target=\"_self\">Ota meihin yhteytt\u00e4<\/a> osoitteessa info@oncourt.online\n palautuksiin ja hyvityksiin liittyviss\u00e4 kysymyksiss\u00e4.<\/p>\n\n\n\n<p class=\"gb-text-41c0004e\"><span class=\"gb-shape\"><svg xmlns=\"http:\/\/www.w3.org\/2000\/svg\" viewbox=\"0 0 256 256\" fill=\"currentColor\"><path d=\"M221.66,133.66l-72,72a8,8,0,0,1-11.32-11.32L196.69,136H40a8,8,0,0,1,0-16H196.69L138.34,61.66a8,8,0,0,1,11.32-11.32l72,72A8,8,0,0,1,221.66,133.66Z\"><\/path><\/svg><\/span><span class=\"gb-text\">Onko kysytt\u00e4v\u00e4\u00e4? <strong><em><a href=\"https:\/\/oncourt.online\/fi\/basketball-court-faq\/\">Tutustu OnCourt-UKK:hon<\/a><\/em><\/strong><\/span><\/p>\n\n<\/div><\/div><\/div>","protected":false},"excerpt":{"rendered":"<p> &#8230; <a title=\"Palautus- ja palautusk\u00e4yt\u00e4nt\u00f6\" class=\"read-more\" href=\"https:\/\/oncourt.online\/fi\/refund-returns\/\" aria-label=\"Lue lis\u00e4\u00e4 aiheesta Refund and Returns Policy\">Lue lis\u00e4\u00e4<\/a><\/p>","protected":false},"author":2,"featured_media":6877,"parent":0,"menu_order":25,"comment_status":"closed","ping_status":"closed","template":"","meta":{"_acf_changed":false,"inline_featured_image":false,"footnotes":""},"class_list":{"0":"post-10","1":"page","2":"type-page","3":"status-publish","4":"has-post-thumbnail","6":"infinite-scroll-item","7":"no-featured-image-padding","8":"resize-featured-image"},"acf":[],"yoast_head":"<!-- This site is optimized with the Yoast SEO Premium plugin v26.8 (Yoast SEO v26.9) - https:\/\/yoast.com\/product\/yoast-seo-premium-wordpress\/ -->\n<title>Refund and Returns Policy - OnCourt Online<\/title>\n<meta name=\"description\" content=\"OnCourt Online refunds and returns policy. Cointact us with any questions you might have regarding refunds and returns.\" \/>\n<meta name=\"robots\" content=\"index, follow, max-snippet:-1, max-image-preview:large, max-video-preview:-1\" \/>\n<link rel=\"canonical\" href=\"https:\/\/oncourt.online\/fi\/palautus-palautukset\/\" \/>\n<meta property=\"og:locale\" content=\"fi_FI\" \/>\n<meta property=\"og:type\" content=\"article\" \/>\n<meta property=\"og:title\" content=\"Refund and Returns Policy\" \/>\n<meta property=\"og:description\" content=\"OnCourt Online refunds and returns policy. Cointact us with any questions you might have regarding refunds and returns.\" \/>\n<meta property=\"og:url\" content=\"https:\/\/oncourt.online\/fi\/palautus-palautukset\/\" \/>\n<meta property=\"og:site_name\" content=\"OnCourt Online\" \/>\n<meta property=\"article:publisher\" content=\"https:\/\/www.facebook.com\/oncourt.online\/\" \/>\n<meta property=\"article:modified_time\" content=\"2026-01-08T02:56:26+00:00\" \/>\n<meta property=\"og:image\" content=\"https:\/\/oncourt.online\/wp-content\/uploads\/2022\/05\/OnCourt-Shipping-and-Delivery-Header.jpg\" \/>\n\t<meta property=\"og:image:width\" content=\"1440\" \/>\n\t<meta property=\"og:image:height\" content=\"498\" \/>\n\t<meta property=\"og:image:type\" content=\"image\/jpeg\" \/>\n<meta name=\"twitter:card\" content=\"summary_large_image\" \/>\n<meta name=\"twitter:label1\" content=\"Arvioitu lukuaika\" \/>\n\t<meta name=\"twitter:data1\" content=\"3 minuuttia\" \/>\n<!-- \/ Yoast SEO Premium plugin. -->","yoast_head_json":{"title":"Palautus- ja palautusk\u00e4yt\u00e4nt\u00f6 - OnCourt Online","description":"OnCourt Online -palautukset ja palautukset. Ota meihin yhteytt\u00e4, jos sinulla on kysytt\u00e4v\u00e4\u00e4 palautuksista ja palautuksista.","robots":{"index":"index","follow":"follow","max-snippet":"max-snippet:-1","max-image-preview":"max-image-preview:large","max-video-preview":"max-video-preview:-1"},"canonical":"https:\/\/oncourt.online\/fi\/palautus-palautukset\/","og_locale":"fi_FI","og_type":"article","og_title":"Refund and Returns Policy","og_description":"OnCourt Online refunds and returns policy. Cointact us with any questions you might have regarding refunds and returns.","og_url":"https:\/\/oncourt.online\/fi\/palautus-palautukset\/","og_site_name":"OnCourt Online","article_publisher":"https:\/\/www.facebook.com\/oncourt.online\/","article_modified_time":"2026-01-08T02:56:26+00:00","og_image":[{"width":1440,"height":498,"url":"https:\/\/oncourt.online\/wp-content\/uploads\/2022\/05\/OnCourt-Shipping-and-Delivery-Header.jpg","type":"image\/jpeg"}],"twitter_card":"summary_large_image","twitter_misc":{"Arvioitu lukuaika":"3 minuuttia"},"schema":{"@context":"https:\/\/schema.org","@graph":[{"@type":"WebPage","@id":"https:\/\/oncourt.online\/fi\/refund-returns\/","url":"https:\/\/oncourt.online\/fi\/refund-returns\/","name":"Palautus- ja palautusk\u00e4yt\u00e4nt\u00f6 - OnCourt Online","isPartOf":{"@id":"https:\/\/oncourt.online\/fi\/#website"},"primaryImageOfPage":{"@id":"https:\/\/oncourt.online\/fi\/refund-returns\/#primaryimage"},"image":{"@id":"https:\/\/oncourt.online\/fi\/refund-returns\/#primaryimage"},"thumbnailUrl":"https:\/\/oncourt.online\/wp-content\/uploads\/2022\/05\/OnCourt-Shipping-and-Delivery-Header.jpg","datePublished":"2022-06-07T21:39:16+00:00","dateModified":"2026-01-08T02:56:26+00:00","description":"OnCourt Online -palautukset ja palautukset. Ota meihin yhteytt\u00e4, jos sinulla on kysytt\u00e4v\u00e4\u00e4 palautuksista ja palautuksista.","breadcrumb":{"@id":"https:\/\/oncourt.online\/fi\/refund-returns\/#breadcrumb"},"inLanguage":"fi","potentialAction":[{"@type":"ReadAction","target":["https:\/\/oncourt.online\/fi\/refund-returns\/"]}]},{"@type":"ImageObject","inLanguage":"fi","@id":"https:\/\/oncourt.online\/fi\/refund-returns\/#primaryimage","url":"https:\/\/oncourt.online\/wp-content\/uploads\/2022\/05\/OnCourt-Shipping-and-Delivery-Header.jpg","contentUrl":"https:\/\/oncourt.online\/wp-content\/uploads\/2022\/05\/OnCourt-Shipping-and-Delivery-Header.jpg","width":1440,"height":498,"caption":"Shipping & Delivery | OnCourt"},{"@type":"BreadcrumbList","@id":"https:\/\/oncourt.online\/fi\/refund-returns\/#breadcrumb","itemListElement":[{"@type":"ListItem","position":1,"name":"Home","item":"https:\/\/oncourt.online\/"},{"@type":"ListItem","position":2,"name":"Refund and Returns Policy"}]},{"@type":"WebSite","@id":"https:\/\/oncourt.online\/fi\/#website","url":"https:\/\/oncourt.online\/fi\/","name":"OnCourt Online","description":"Korkean suorituskyvyn koripallokent\u00e4t","publisher":{"@id":"https:\/\/oncourt.online\/fi\/#organization"},"potentialAction":[{"@type":"SearchAction","target":{"@type":"EntryPoint","urlTemplate":"https:\/\/oncourt.online\/fi\/?s={search_term_string}"},"query-input":{"@type":"PropertyValueSpecification","valueRequired":true,"valueName":"search_term_string"}}],"inLanguage":"fi"},{"@type":"Organization","@id":"https:\/\/oncourt.online\/fi\/#organization","name":"OnCourt Online","url":"https:\/\/oncourt.online\/fi\/","logo":{"@type":"ImageObject","inLanguage":"fi","@id":"https:\/\/oncourt.online\/fi\/#\/schema\/logo\/image\/","url":"https:\/\/oncourt.online\/wp-content\/uploads\/2021\/12\/Logo_OnCourt_Black.svg","contentUrl":"https:\/\/oncourt.online\/wp-content\/uploads\/2021\/12\/Logo_OnCourt_Black.svg","width":"1024","height":"1024","caption":"OnCourt Online"},"image":{"@id":"https:\/\/oncourt.online\/fi\/#\/schema\/logo\/image\/"},"sameAs":["https:\/\/www.facebook.com\/oncourt.online\/"],"email":"info@oncourt.online"}]}},"_links":{"self":[{"href":"https:\/\/oncourt.online\/fi\/wp-json\/wp\/v2\/pages\/10","targetHints":{"allow":["GET"]}}],"collection":[{"href":"https:\/\/oncourt.online\/fi\/wp-json\/wp\/v2\/pages"}],"about":[{"href":"https:\/\/oncourt.online\/fi\/wp-json\/wp\/v2\/types\/page"}],"author":[{"embeddable":true,"href":"https:\/\/oncourt.online\/fi\/wp-json\/wp\/v2\/users\/2"}],"replies":[{"embeddable":true,"href":"https:\/\/oncourt.online\/fi\/wp-json\/wp\/v2\/comments?post=10"}],"version-history":[{"count":0,"href":"https:\/\/oncourt.online\/fi\/wp-json\/wp\/v2\/pages\/10\/revisions"}],"wp:featuredmedia":[{"embeddable":true,"href":"https:\/\/oncourt.online\/fi\/wp-json\/wp\/v2\/media\/6877"}],"wp:attachment":[{"href":"https:\/\/oncourt.online\/fi\/wp-json\/wp\/v2\/media?parent=10"}],"curies":[{"name":"wp","href":"https:\/\/api.w.org\/{rel}","templated":true}]}}