{"id":80,"date":"2021-10-19T20:14:24","date_gmt":"2021-10-19T20:14:24","guid":{"rendered":"https:\/\/oncourt.online\/?page_id=80"},"modified":"2026-01-07T15:32:24","modified_gmt":"2026-01-07T15:32:24","slug":"meist","status":"publish","type":"page","link":"https:\/\/oncourt.online\/et\/about\/","title":{"rendered":"OnCourt'i kohta"},"content":{"rendered":"<h2 class=\"gb-text\">Ehitatud korvpalli \u00fcmber<\/h2>\n\n\n\n<p class=\"gb-text gb-text-81affc46\">OnCourt projekteerib ja tarnib k\u00f5rge j\u00f5udlusega korvpalliv\u00e4ljakuid kodudesse, klubidele ja spordirajatistesse \u00fcle Euroopa. Keskendume sellele, mis v\u00e4ljakul k\u00f5ige olulisem on \u2013 katte j\u00f5udlus, t\u00e4psed paigutused, vastupidav varustus ja selge planeerimine \u2013 tuues professionaalsed standardid igasse projekti, olenemata selle suurusest.<\/p>\n\n\n\n<p class=\"gb-text\">Korvpall ei ole meie jaoks lisand. See on k\u00f5ige alus, mida me ehitame.<\/p>\n\n\n\n<p class=\"gb-text translation-block\"><strong><em><a href=\"https:\/\/oncourt.online\/et\/3d-basketball-court-designer\/\" target=\"_self\">Kujunda oma korvpalliv\u00e4ljak 3D-s<\/a><\/em><\/strong>, et uurida paigutusi, v\u00e4rve, jooni ja varustust enne ehitamist.<\/p>\n\n\n\n<h3 class=\"gb-headline gb-headline-ccfedaf1 gb-headline-text\">Spetsialistid, mitte \u00fcldspetsialistid<\/h3>\n\n\n\n<p class=\"gb-text gb-text-8c945255\">Erinevalt tavalistest spordipindade tarnijatest on OnCourt p\u00fchendunud korvpallile. Meie tootevalik, juhendid ja disainit\u00f6\u00f6riistad on v\u00e4lja t\u00f6\u00f6tatud spetsiaalselt m\u00e4ngu m\u00e4ngimise viisi j\u00e4rgi, alates jalgade t\u00f6\u00f6st ja palli reageerimisest kuni v\u00e4ljaku m\u00f5\u00f5tmeteni ja korvi paigutuseni.<\/p>\n\n\n\n<p class=\"gb-text\">See keskendumine v\u00f5imaldab meil pakkuda selgemaid n\u00f5uandeid, paremaid tootepaaringuid ja t\u00e4psemat planeerimist kui mitme spordiala pakkujad.<\/p>\n\n\n\n<h3 class=\"gb-headline gb-headline-ea969289 gb-headline-text\">Esmalt disain. Ehita kindlalt.<\/h3>\n\n\n\n<p class=\"gb-text gb-text-ddbfc979\">Iga korvpalliv\u00e4ljak algab plaanist. OnCourti 3D-korvpalliv\u00e4ljaku disainiplatvorm v\u00f5imaldab klientidel enne ehituse alustamist konfigureerida paigutust, uurida v\u00e4rviskeeme, valida p\u00f5randakatet ja m\u00e4\u00e4rata korvpallir\u00f5ngad. Tulemuseks on selgem arusaam ruumist, j\u00f5udlusest ja kuludest, mis tagab sujuvama teekonna kontseptsioonist paigalduseni.<\/p>\n\n\n\n<p class=\"gb-text\">Kiire hinnakujundus, t\u00e4psed paigutused ja jagatavad disainilahendused k\u00f5rvaldavad protsessi alguses ebakindluse.<\/p>\n\n\n\n<h3 class=\"gb-headline gb-headline-c16bc7a6 gb-headline-text\">T\u00f5estatud tooted, mis on loodud kestma<\/h3>\n\n\n\n<p class=\"gb-text gb-text-9ce3da67\">OnCourt pakub k\u00f5rgekvaliteedilisi modulaarseid korvpallip\u00f5randaid ja Mega Slam professionaalset taseme korvpallir\u00f5ngaid. Meie varustus on valitud vastupidavuse, stabiilsuse ja pikaajalise toimivuse j\u00e4rgi. Meie s\u00fcsteemid on m\u00f5eldud t\u00f5siseks m\u00e4ngimiseks ilma kompromissideta, alates kodustest poolv\u00e4ljakutest kuni klubirajatiste ja kommertsrajatisteni.<\/p>\n\n\n\n<p class=\"gb-text\">Me ei jookse trendide j\u00e4rel. Me keskendume materjalidele, inseneriteadusele ja usaldusv\u00e4\u00e4rsusele.<\/p>\n\n\n\n<p>OnCourt supply premium outdoor surfaces alongside proven <strong><em><a href=\"https:\/\/oncourt.online\/et\/korvpallivorgud\/\">Mega Slam basketball hoops<\/a><\/em><\/strong> and court equipment, chosen to work together as a complete system.<\/p>\n\n\n\n<h3 class=\"gb-headline gb-headline-5efdb362 gb-headline-text\">Juhised, millele v\u00f5ite loota<\/h3>\n\n\n\n<p class=\"gb-text gb-text-f96f3624\">Korvpalliv\u00e4ljaku ehitamine h\u00f5lmab enamat kui ainult toodete valimist. Meie juhendites anname selgeid ja praktilisi n\u00f5uandeid v\u00e4ljakute paigutuse, p\u00f5randakatete valiku, valgustuslahenduste, paigaldamise ja planeerimise kohta, et aidata klientidel teha igas etapis teadlikke otsuseid.<\/p>\n\n\n\n<p class=\"gb-text\">Kas ehitate oma esimest koduv\u00e4ljakut v\u00f5i kavandate rajatist mitmele kasutajale, meie eesm\u00e4rk on asendada oletused kindlusega.<\/p>\n\n\n\n<p><strong><em><a href=\"https:\/\/oncourt.online\/et\/juhendid\/\">Explore our basketball court guides<\/a><\/em><\/strong> to understand layouts, surfaces, equipment, and installation before committing.<\/p>\n\n\n\n<h3 class=\"gb-text\">Kogu Euroopas ja kaugemalgi<\/h3>\n\n\n\n<p class=\"gb-text\">OnCourt toetab projekte kogu Euroopas, tehes koost\u00f6\u00f6d eraklientide, klubide, koolide ja \u00e4ripartneritega. Meie kogemus h\u00f5lmab erinevaid asukohatingimusi, eeskirju ja kasutusjuhtumeid, mis v\u00f5imaldab meil lahendusi kohandada ilma j\u00f5udlust ohverdamata.<\/p>\n\n\n\n<div class=\"gb-element-cb14beec\">\n<h3 class=\"gb-text\">OnCourt l\u00e4henemisviis<\/h3>\n\n\n\n<p class=\"gb-text\">Kui kavandate korvpalliv\u00e4ljakut, kas kodus v\u00f5i suuremas mastaabis, on OnCourt olemas, et aidata teil seda \u00f5igesti teha.<\/p>\n\n\n\n<p class=\"gb-text-7b6b1e25\"><span class=\"gb-shape\"><svg aria-hidden=\"true\" role=\"img\" height=\"1em\" width=\"1em\" viewbox=\"0 0 512 512\" xmlns=\"http:\/\/www.w3.org\/2000\/svg\"><path fill=\"currentColor\" d=\"M173.898 439.404l-166.4-166.4c-9.997-9.997-9.997-26.206 0-36.204l36.203-36.204c9.997-9.998 26.207-9.998 36.204 0L192 312.69 432.095 72.596c9.997-9.997 26.207-9.997 36.204 0l36.203 36.204c9.997 9.997 9.997 26.206 0 36.204l-294.4 294.401c-9.998 9.997-26.207 9.997-36.204-.001z\"><\/path><\/svg><\/span><span class=\"gb-text\">Esmajoones korvpall<\/span><\/p>\n\n\n\n<p class=\"gb-text-ee8810d5\"><span class=\"gb-shape\"><svg aria-hidden=\"true\" role=\"img\" height=\"1em\" width=\"1em\" viewbox=\"0 0 512 512\" xmlns=\"http:\/\/www.w3.org\/2000\/svg\"><path fill=\"currentColor\" d=\"M173.898 439.404l-166.4-166.4c-9.997-9.997-9.997-26.206 0-36.204l36.203-36.204c9.997-9.998 26.207-9.998 36.204 0L192 312.69 432.095 72.596c9.997-9.997 26.207-9.997 36.204 0l36.203 36.204c9.997 9.997 9.997 26.206 0 36.204l-294.4 294.401c-9.998 9.997-26.207 9.997-36.204-.001z\"><\/path><\/svg><\/span><span class=\"gb-text\">Selge planeerimine enne ehitust<\/span><\/p>\n\n\n\n<p class=\"gb-text-c3c5234a\"><span class=\"gb-shape\"><svg aria-hidden=\"true\" role=\"img\" height=\"1em\" width=\"1em\" viewbox=\"0 0 512 512\" xmlns=\"http:\/\/www.w3.org\/2000\/svg\"><path fill=\"currentColor\" d=\"M173.898 439.404l-166.4-166.4c-9.997-9.997-9.997-26.206 0-36.204l36.203-36.204c9.997-9.998 26.207-9.998 36.204 0L192 312.69 432.095 72.596c9.997-9.997 26.207-9.997 36.204 0l36.203 36.204c9.997 9.997 9.997 26.206 0 36.204l-294.4 294.401c-9.998 9.997-26.207 9.997-36.204-.001z\"><\/path><\/svg><\/span><span class=\"gb-text\">Tulemusp\u00f5hine tootevalik<\/span><\/p>\n\n\n\n<p class=\"gb-text-e6cf79e3\"><span class=\"gb-shape\"><svg aria-hidden=\"true\" role=\"img\" height=\"1em\" width=\"1em\" viewbox=\"0 0 512 512\" xmlns=\"http:\/\/www.w3.org\/2000\/svg\"><path fill=\"currentColor\" d=\"M173.898 439.404l-166.4-166.4c-9.997-9.997-9.997-26.206 0-36.204l36.203-36.204c9.997-9.998 26.207-9.998 36.204 0L192 312.69 432.095 72.596c9.997-9.997 26.207-9.997 36.204 0l36.203 36.204c9.997 9.997 9.997 26.206 0 36.204l-294.4 294.401c-9.998 9.997-26.207 9.997-36.204-.001z\"><\/path><\/svg><\/span><span class=\"gb-text\">Ausad, praktilised juhised<\/span><\/p>\n\n\n\n<p class=\"gb-text-9fa5ab33\"><span class=\"gb-shape\"><svg aria-hidden=\"true\" role=\"img\" height=\"1em\" width=\"1em\" viewbox=\"0 0 512 512\" xmlns=\"http:\/\/www.w3.org\/2000\/svg\"><path fill=\"currentColor\" d=\"M173.898 439.404l-166.4-166.4c-9.997-9.997-9.997-26.206 0-36.204l36.203-36.204c9.997-9.998 26.207-9.998 36.204 0L192 312.69 432.095 72.596c9.997-9.997 26.207-9.997 36.204 0l36.203 36.204c9.997 9.997 9.997 26.206 0 36.204l-294.4 294.401c-9.998 9.997-26.207 9.997-36.204-.001z\"><\/path><\/svg><\/span><span class=\"gb-text\">T\u00f6\u00f6riistad, mis lihtsustavad keerulisi otsuseid<\/span><\/p>\n\n\n\n<p>If you\u2019re still weighing options, our <a href=\"https:\/\/oncourt.online\/et\/basketball-court-faq\/\"><strong><em>basketball court FAQs<\/em><\/strong><\/a> address common questions about surfaces, layouts, durability, and installation.<\/p>\n<\/div>\n\n\n<div class=\"gb-grid-wrapper gb-grid-wrapper-44caa69b\">\n<div class=\"gb-grid-column gb-grid-column-12b2a9f8\"><div class=\"gb-container gb-container-12b2a9f8\"><div class=\"gb-inside-container\">\n\n<figure class=\"gb-block-image gb-block-image-6adfd5ca\"><img loading=\"lazy\" decoding=\"async\" width=\"300\" height=\"169\" class=\"gb-image gb-image-6adfd5ca\" src=\"https:\/\/oncourt.online\/wp-content\/uploads\/2021\/10\/NIKE.png\" alt=\"Nike\" title=\"NIKE\"\/><\/figure>\n\n<\/div><\/div><\/div>\n\n<div class=\"gb-grid-column gb-grid-column-e5bb2fe1\"><div class=\"gb-container gb-container-e5bb2fe1\"><div class=\"gb-inside-container\">\n\n<figure class=\"gb-block-image gb-block-image-f8558887\"><img loading=\"lazy\" decoding=\"async\" width=\"300\" height=\"169\" class=\"gb-image gb-image-f8558887\" src=\"https:\/\/oncourt.online\/wp-content\/uploads\/2021\/10\/England-Football.png\" alt=\"Inglismaa jalgpalli logo\" title=\"Inglismaa-Jalgpall\"\/><\/figure>\n\n<\/div><\/div><\/div>\n\n<div class=\"gb-grid-column gb-grid-column-3ac2520c\"><div class=\"gb-container gb-container-3ac2520c\"><div class=\"gb-inside-container\">\n\n<figure class=\"gb-block-image gb-block-image-32bd7dfd\"><img loading=\"lazy\" decoding=\"async\" width=\"300\" height=\"169\" class=\"gb-image gb-image-32bd7dfd\" src=\"https:\/\/oncourt.online\/wp-content\/uploads\/2021\/10\/Red-Bull.png\" alt=\"Red Bulli logo\" title=\"Red Bull\"\/><\/figure>\n\n<\/div><\/div><\/div>\n\n<div class=\"gb-grid-column gb-grid-column-b8a0acf4\"><div class=\"gb-container gb-container-b8a0acf4\"><div class=\"gb-inside-container\">\n\n<figure class=\"gb-block-image gb-block-image-199d062a\"><img loading=\"lazy\" decoding=\"async\" width=\"300\" height=\"169\" class=\"gb-image gb-image-199d062a\" src=\"https:\/\/oncourt.online\/wp-content\/uploads\/2021\/10\/Canary-Wharf-Group.png\" alt=\"Canary Wharf Groupi logo\" title=\"Canary Wharf Group\"\/><\/figure>\n\n<\/div><\/div><\/div>\n\n<div class=\"gb-grid-column gb-grid-column-bcea7224\"><div class=\"gb-container gb-container-bcea7224\"><div class=\"gb-inside-container\">\n\n<figure class=\"gb-block-image gb-block-image-b9d71ee3\"><img loading=\"lazy\" decoding=\"async\" width=\"300\" height=\"169\" class=\"gb-image gb-image-b9d71ee3\" src=\"https:\/\/oncourt.online\/wp-content\/uploads\/2021\/10\/BBC.png\" alt=\"BBC logo\" title=\"BBC\"\/><\/figure>\n\n<\/div><\/div><\/div>\n<\/div>","protected":false},"excerpt":{"rendered":"<p> ... <a title=\"OnCourt&#039;i kohta\" class=\"read-more\" href=\"https:\/\/oncourt.online\/et\/about\/\" aria-label=\"Read more about About OnCourt\">Loe edasi<\/a><\/p>","protected":false},"author":2,"featured_media":6877,"parent":0,"menu_order":11,"comment_status":"closed","ping_status":"closed","template":"","meta":{"_acf_changed":false,"inline_featured_image":false,"footnotes":""},"class_list":{"0":"post-80","1":"page","2":"type-page","3":"status-publish","4":"has-post-thumbnail","6":"infinite-scroll-item","7":"no-featured-image-padding","8":"resize-featured-image"},"acf":[],"yoast_head":"<!-- This site is optimized with the Yoast SEO Premium plugin v26.8 (Yoast SEO v27.3) - https:\/\/yoast.com\/product\/yoast-seo-premium-wordpress\/ -->\n<title>About OnCourt | Basketball Court Surfaces, Systems &amp; Design<\/title>\n<meta name=\"description\" content=\"OnCourt creates premium basketball courts, combining high-performance surfaces, pro-grade hoops and intuitive court-planning tools.\" \/>\n<meta name=\"robots\" content=\"index, follow, max-snippet:-1, max-image-preview:large, max-video-preview:-1\" \/>\n<link rel=\"canonical\" href=\"https:\/\/oncourt.online\/et\/meist\/\" \/>\n<meta property=\"og:locale\" content=\"et_EE\" \/>\n<meta property=\"og:type\" content=\"article\" \/>\n<meta property=\"og:title\" content=\"About OnCourt\" \/>\n<meta property=\"og:description\" content=\"OnCourt creates premium basketball courts, combining high-performance surfaces, pro-grade hoops and intuitive court-planning tools.\" \/>\n<meta property=\"og:url\" content=\"https:\/\/oncourt.online\/et\/meist\/\" \/>\n<meta property=\"og:site_name\" content=\"OnCourt Online\" \/>\n<meta property=\"article:publisher\" content=\"https:\/\/www.facebook.com\/oncourt.online\/\" \/>\n<meta property=\"article:modified_time\" content=\"2026-01-07T15:32:24+00:00\" \/>\n<meta property=\"og:image\" content=\"https:\/\/oncourt.online\/wp-content\/uploads\/2022\/05\/OnCourt-Shipping-and-Delivery-Header.jpg\" \/>\n\t<meta property=\"og:image:width\" content=\"1440\" \/>\n\t<meta property=\"og:image:height\" content=\"498\" \/>\n\t<meta property=\"og:image:type\" content=\"image\/jpeg\" \/>\n<meta name=\"twitter:card\" content=\"summary_large_image\" \/>\n<meta name=\"twitter:label1\" content=\"Est. reading time\" \/>\n\t<meta name=\"twitter:data1\" content=\"4 minutit\" \/>\n<!-- \/ Yoast SEO Premium plugin. -->","yoast_head_json":{"title":"About OnCourt | Basketball Court Surfaces, Systems & Design","description":"OnCourt creates premium basketball courts, combining high-performance surfaces, pro-grade hoops and intuitive court-planning tools.","robots":{"index":"index","follow":"follow","max-snippet":"max-snippet:-1","max-image-preview":"max-image-preview:large","max-video-preview":"max-video-preview:-1"},"canonical":"https:\/\/oncourt.online\/et\/meist\/","og_locale":"et_EE","og_type":"article","og_title":"About OnCourt","og_description":"OnCourt creates premium basketball courts, combining high-performance surfaces, pro-grade hoops and intuitive court-planning tools.","og_url":"https:\/\/oncourt.online\/et\/meist\/","og_site_name":"OnCourt Online","article_publisher":"https:\/\/www.facebook.com\/oncourt.online\/","article_modified_time":"2026-01-07T15:32:24+00:00","og_image":[{"width":1440,"height":498,"url":"https:\/\/oncourt.online\/wp-content\/uploads\/2022\/05\/OnCourt-Shipping-and-Delivery-Header.jpg","type":"image\/jpeg"}],"twitter_card":"summary_large_image","twitter_misc":{"Est. reading time":"4 minutit"},"schema":{"@context":"https:\/\/schema.org","@graph":[{"@type":"WebPage","@id":"https:\/\/oncourt.online\/et\/about\/","url":"https:\/\/oncourt.online\/et\/about\/","name":"About OnCourt | Basketball Court Surfaces, Systems & Design","isPartOf":{"@id":"https:\/\/oncourt.online\/et\/#website"},"primaryImageOfPage":{"@id":"https:\/\/oncourt.online\/et\/about\/#primaryimage"},"image":{"@id":"https:\/\/oncourt.online\/et\/about\/#primaryimage"},"thumbnailUrl":"https:\/\/oncourt.online\/wp-content\/uploads\/2022\/05\/OnCourt-Shipping-and-Delivery-Header.jpg","datePublished":"2021-10-19T20:14:24+00:00","dateModified":"2026-01-07T15:32:24+00:00","description":"OnCourt creates premium basketball courts, combining high-performance surfaces, pro-grade hoops and intuitive court-planning tools.","breadcrumb":{"@id":"https:\/\/oncourt.online\/et\/about\/#breadcrumb"},"inLanguage":"et","potentialAction":[{"@type":"ReadAction","target":["https:\/\/oncourt.online\/et\/about\/"]}]},{"@type":"ImageObject","inLanguage":"et","@id":"https:\/\/oncourt.online\/et\/about\/#primaryimage","url":"https:\/\/oncourt.online\/wp-content\/uploads\/2022\/05\/OnCourt-Shipping-and-Delivery-Header.jpg","contentUrl":"https:\/\/oncourt.online\/wp-content\/uploads\/2022\/05\/OnCourt-Shipping-and-Delivery-Header.jpg","width":1440,"height":498,"caption":"Shipping & Delivery | OnCourt"},{"@type":"BreadcrumbList","@id":"https:\/\/oncourt.online\/et\/about\/#breadcrumb","itemListElement":[{"@type":"ListItem","position":1,"name":"Home","item":"https:\/\/oncourt.online\/"},{"@type":"ListItem","position":2,"name":"About OnCourt"}]},{"@type":"WebSite","@id":"https:\/\/oncourt.online\/et\/#website","url":"https:\/\/oncourt.online\/et\/","name":"OnCourt Online","description":"K\u00f5rge j\u00f5udlusega korvpalliv\u00e4ljakud","publisher":{"@id":"https:\/\/oncourt.online\/et\/#organization"},"potentialAction":[{"@type":"SearchAction","target":{"@type":"EntryPoint","urlTemplate":"https:\/\/oncourt.online\/et\/?s={search_term_string}"},"query-input":{"@type":"PropertyValueSpecification","valueRequired":true,"valueName":"search_term_string"}}],"inLanguage":"et"},{"@type":"Organization","@id":"https:\/\/oncourt.online\/et\/#organization","name":"OnCourt Online","url":"https:\/\/oncourt.online\/et\/","logo":{"@type":"ImageObject","inLanguage":"et","@id":"https:\/\/oncourt.online\/et\/#\/schema\/logo\/image\/","url":"https:\/\/oncourt.online\/wp-content\/uploads\/2021\/12\/Logo_OnCourt_Black.svg","contentUrl":"https:\/\/oncourt.online\/wp-content\/uploads\/2021\/12\/Logo_OnCourt_Black.svg","width":"1024","height":"1024","caption":"OnCourt Online"},"image":{"@id":"https:\/\/oncourt.online\/et\/#\/schema\/logo\/image\/"},"sameAs":["https:\/\/www.facebook.com\/oncourt.online\/"],"email":"info@oncourt.online"}]}},"_links":{"self":[{"href":"https:\/\/oncourt.online\/et\/wp-json\/wp\/v2\/pages\/80","targetHints":{"allow":["GET"]}}],"collection":[{"href":"https:\/\/oncourt.online\/et\/wp-json\/wp\/v2\/pages"}],"about":[{"href":"https:\/\/oncourt.online\/et\/wp-json\/wp\/v2\/types\/page"}],"author":[{"embeddable":true,"href":"https:\/\/oncourt.online\/et\/wp-json\/wp\/v2\/users\/2"}],"replies":[{"embeddable":true,"href":"https:\/\/oncourt.online\/et\/wp-json\/wp\/v2\/comments?post=80"}],"version-history":[{"count":0,"href":"https:\/\/oncourt.online\/et\/wp-json\/wp\/v2\/pages\/80\/revisions"}],"wp:featuredmedia":[{"embeddable":true,"href":"https:\/\/oncourt.online\/et\/wp-json\/wp\/v2\/media\/6877"}],"wp:attachment":[{"href":"https:\/\/oncourt.online\/et\/wp-json\/wp\/v2\/media?parent=80"}],"curies":[{"name":"wp","href":"https:\/\/api.w.org\/{rel}","templated":true}]}}