{"id":6797,"date":"2022-05-26T13:42:42","date_gmt":"2022-05-26T13:42:42","guid":{"rendered":"https:\/\/oncourt.online\/?page_id=6797"},"modified":"2026-01-09T02:04:24","modified_gmt":"2026-01-09T02:04:24","slug":"laevanduse-kattetoimetamine","status":"publish","type":"page","link":"https:\/\/oncourt.online\/et\/shipping-delivery\/","title":{"rendered":"Tarne ja kohaletoimetamine"},"content":{"rendered":"<div class=\"gb-container gb-container-f34a8199\">\n<div class=\"gb-container gb-container-235943a7\">\n\n<h2 class=\"gb-headline gb-headline-88ee416e gb-headline-text\">OnCourt Online\u2019i tarnepoliitika<\/h2>\n\n\n\n<p class=\"gb-headline gb-headline-0924883b gb-headline-text not_last_text\">OnCourti tarne ja kohaletoimetamine s\u00f5ltuvad valitud toodetest. Kui ostate v\u00e4ljakukomplekti, saadetakse korv ja komponendid esimesel v\u00f5imalusel, et need oleksid valmis alusp\u00f5hja ehituse ajal. V\u00e4ljakukatted toodetakse ja saadetakse p\u00e4rast ettevalmistust, mis kestab praegu 10\u201312 n\u00e4dalat. <\/p>\n\n\n\n<p class=\"gb-text not_last_text\">Tarne saadavus s\u00f5ltub riigist. Tarnime ainult kassas kuvatud valitud piirkondadesse.<\/p>\n\n\n\n<p>Kui teie riik ei ole loetletud ja plaanite korvpalliv\u00e4ljaku projekti, v\u00f5tke meiega \u00fchendust, et arutada teostatavust. Saadavust hinnatakse juhtumip\u00f5hiselt. <\/p>\n\n\n\n<h3 class=\"gb-headline gb-headline-3e94b795 gb-headline-text\">Modulaarsed spordipinnad tarnitakse Plug &amp; Play paigalduseks valmis<\/h3>\n\n\n\n<p class=\"gb-headline gb-headline-e71567d7 gb-headline-text not_last_text\">Kohtupinnad tarnitakse pakendites, mis on valmis lihtsaks iseseisvaks paigaldamiseks. Iga v\u00e4ljak tuleb kaubaaluste kaupa, nummerdatud lehtedega ja kaardiga (elamutellimused tarnitakse k\u00f5nnitee \u00e4\u00e4rde).<\/p>\n\n\n\n<p class=\"translation-block\">Iga modulaarne spordiv\u00e4ljak valmistatakse tellimuse alusel, <strong>kus tootmine kestab ligikaudu<\/strong> <strong>10\u201312 n\u00e4dalat<\/strong> alates tellimuse kinnitatud vastuv\u00f5tmisest. Tarneajad varieeruvad asukoha j\u00e4rgi ning p\u00e4rast l\u00e4hetamist saate teate eeldatava saabumiskuup\u00e4eva ja j\u00e4lgimisinfoga (aktiivne p\u00e4rast tollivormistust sihtriigis). K\u00f5ik tollimaksud on ette makstud ning tarned toimuvad DDP-alusel (Delivered Duty Paid), ilma varjatud kuludeta.<\/p>\n\n\n<div class=\"gb-container gb-container-cfce094b\">\n\n<h2 class=\"gb-text\">Toote v\u00e4ljasaatmine<\/h2>\n\n\n\n<p>Unless otherwise stated, all orders from OnCourt are shipped via trusted common carriers. Products are dispatched brand new and in good condition, as advertised. Basketball systems are delivered via <strong>Curbside Delivery<\/strong>, which means your order will be delivered to the curb at the end of your driveway. Please note this service <strong>does not include installation, assembly, or packaging removal<\/strong>.<\/p>\n\n\n\n<h3 class=\"gb-headline gb-headline-bce52be2 gb-headline-text\">Aadressi muutmine p\u00e4rast l\u00e4hetamist<\/h3>\n\n\n\n<p>Kui tarneaadressi muudetakse p\u00e4rast seda, kui kaubaveoettev\u00f5te on saadetise k\u00e4tte saanud, loetakse see \u00fcmberl\u00e4hetamiseks ning rakenduvad lisatasud.<\/p>\n\n\n\n<h3 class=\"gb-headline gb-headline-ab76306c gb-headline-text\">Delivery Schedule<\/h3>\n\n\n\n<p class=\"translation-block\">Tarned toimuvad tavaliselt <strong>esmasp\u00e4evast reedeni, vahemikus 08:00\u201318:00<\/strong>. Ajad v\u00f5ivad varieeruda s\u00f5ltuvalt teie asukohast, juhi marsruudist ja etten\u00e4gematutest teguritest, nagu liiklus v\u00f5i ilmastikuolud.<\/p>\n\n\n\n<h3 class=\"gb-headline gb-headline-d3e65b23 gb-headline-text\">Tarnes\u00f5iduk ja juurdep\u00e4\u00e4s<\/h3>\n\n\n\n<p class=\"gb-text not_last_text translation-block\">Jaem\u00fc\u00fcgitellimused tarnitakse <strong>raskete kaubaveokitega (nt LGV\/liigendveok)<\/strong> ning tavaliselt on kaasas <strong>h\u00fcdrauliline tagaluuk<\/strong>. Juht vastutab kauba mahalaadimise ja selle \u00e4\u00e4rekivi \u00e4\u00e4rde paigutamise eest. Kui osutatakse t\u00e4iendavaid tarneteenuseid, v\u00f5idakse rakendada lisatasusid.<\/p>\n\n\n\n<p class=\"translation-block\">Palun kontrollige hoolikalt saatelehte, et veenduda, et <strong>t\u00e4iendavaid teenuseid ei osutatud<\/strong>. Kui need siiski osutati, j\u00e4tab OnCourt endale \u00f5iguse <strong>need kulud edasi kanda<\/strong>.<\/p>\n\n\n\n<h3 class=\"wp-block-heading\" id=\"h-delivery-signature-amp-inspection\">Allkiri ja kontroll tarnimisel<\/h3>\n\n\n\n<p class=\"gb-text not_last_text translation-block\">Kohaletoimetamisel on vajalik <strong>allkiri<\/strong>. Pakend tuleb kontrollida <strong>enne allkirjastamist<\/strong>. Vajadusel v\u00f5ite avada kasti, et kontrollida sisu seisukorda, eriti <strong>klaasist tagalaudu<\/strong>, mis on transpordi ajal haavatavamad.<\/p>\n\n\n\n<p>Kui m\u00f5ni saadetise osa tundub olevat kahjustatud:<\/p>\n\n\n\n<ul class=\"wp-block-list\">\n<li><strong>Do not refuse delivery.<\/strong><\/li>\n\n\n\n<li>Make clear notes on the delivery receipt describing the issue (e.g., <em>&#8220;Backboard shattered at time of delivery&#8221;<\/em>).<\/li>\n\n\n\n<li>Take clear <strong>photos of the damage<\/strong>.<\/li>\n\n\n\n<li>Email the signed receipt and photos to our support team and we\u2019ll send a <strong>replacement part<\/strong> immediately.<\/li>\n<\/ul>\n\n\n\n<p class=\"gb-text not_last_text\">In the meantime, you can continue with any setup steps that are unaffected (e.g., setting anchors and allowing concrete to cure).<\/p>\n\n\n\n<p>A signature is required for all deliveries. Receiver will be required to sign a delivery receipt and delivery will not occur without it.<\/p>\n\n\n\n<h3 class=\"gb-headline gb-headline-7838bbbd gb-headline-text\">Important Notes on Delivery<\/h3>\n\n\n\n<ul class=\"wp-block-list\">\n<li>All items leave our warehouse <strong>brand new and undamaged<\/strong>.<\/li>\n\n\n\n<li>If damage is not reported on the delivery receipt, you <strong>release the carrier from liability<\/strong> and may not be able to claim compensation.<\/li>\n\n\n\n<li><strong>Tempered glass<\/strong> does not crack \u2014 it shatters. If your backboard is broken, it will be in <strong>many small pieces<\/strong>, not cracked.<\/li>\n<\/ul>\n\n\n\n<p>For your protection, <strong>write \u201cSubject to Inspection\u201d next to your signature<\/strong> when signing for delivery.<\/p>\n\n\n\n<h3 class=\"gb-headline gb-headline-dd213a82 gb-headline-text\">Delivery Access<\/h3>\n\n\n\n<p>If your location cannot be accessed by a large delivery vehicle (e.g. narrow roads, steep drives, gated communities), you may need to:<\/p>\n\n\n\n<ul class=\"wp-block-list\">\n<li>Collect your order from a local terminal, or<\/li>\n\n\n\n<li>Arrange final delivery through a third-party courier.<\/li>\n<\/ul>\n\n\n\n<h3 class=\"gb-headline gb-headline-f4f6c8ad gb-headline-text\">Undeliverable Orders<\/h3>\n\n\n\n<p>If a shipment is returned as <strong>Undeliverable<\/strong> or <strong>Refused<\/strong>, a <strong>20% restocking fee<\/strong> will apply, and you will be responsible for any original shipping costs.<\/p>\n\n<\/div>\n\n\n<h3 class=\"gb-headline gb-headline-77bdb557 gb-headline-text\">Laevandus ja toll (mitte-ELi tellimused)<\/h3>\n\n\n\n<p class=\"gb-headline gb-headline-f02c1b4c gb-headline-text\">K\u00f5ikide tellimuste puhul, mis on l\u00e4hetatud <strong>v\u00e4ljaspool Euroopa Liitu<\/strong>:<\/p>\n\n\n\n<ul class=\"wp-block-list\">\n<li>Kassas kuvatavad hinnad ei sisalda kohalikke makse, imporditollimakse ega tollivormistustasusid.<\/li>\n\n\n\n<li>Te olete registreeritud importija ja vastutate t\u00e4ielikult k\u00f5igi selliste tasude eest kohaletoimetamisel.<\/li>\n\n\n\n<li>OnCourt ei kogu ega maksa k\u00e4ibemaksu\/GST-d, imporditollimakse ega tollitasusid v\u00e4ljaspool EL-i asuvate sihtkohtade puhul.<\/li>\n\n\n\n<li>Kui makseid keeldutakse tegemast v\u00f5i need j\u00e4\u00e4vad tasumata, v\u00f5ib see p\u00f5hjustada saadetise hilinemist, tagastamist v\u00f5i h\u00fclgamist. OnCourt ei vastuta sellest tulenevate kulude v\u00f5i kahjude eest ega h\u00fcvita sellistel juhtudel saatmis- v\u00f5i tootekulusid.<\/li>\n<\/ul>\n\n\n\n<p>Ostu sooritamisega kinnitate ja aktsepteerite need tingimused.<\/p>\n\n<\/div>\n<\/div>\n\n<div class=\"gb-container gb-container-aedea16a\" id=\"megaslam-shipping\">\n<div class=\"gb-container gb-container-492b5ca3\">\n\n<h2 class=\"gb-headline gb-headline-65d8dcc4 gb-headline-text\">Teie Mega Slam Hoopi sujuv tarne <\/h2>\n\n\n\n<p class=\"gb-headline gb-headline-880344a0 gb-headline-text\">Kui tellite oncourt.online, tarnime teie korvpalli otse \u00e4\u00e4relinna, mis t\u00e4hendab, et see j\u00f5uab otse meie laost, veoautolt ja teie \u00e4\u00e4relinna, nii et te ei raiska aega, et j\u00f5uda vabaviskedeni. Kasutage meie 5-punktilist kontrollnimekirja, et tagada teie korvpallide sujuv tarne. <a href=\"https:\/\/oncourt.online\/et\/korvpallivorgud\/\"><em><strong>Mega Slam Hoop<\/strong><\/em><\/a>. <\/p>\n\n\n\n<figure class=\"wp-block-image size-full is-resized\"><img loading=\"lazy\" decoding=\"async\" width=\"600\" height=\"600\" src=\"https:\/\/oncourt.online\/wp-content\/uploads\/2021\/10\/Mega-Slam-Hoop-s-Order-Confirmation.png\" alt=\"Mega Slam Hoops - tellimuse kinnitamine\" class=\"wp-image-422\" style=\"width:150px;height:auto\" srcset=\"https:\/\/oncourt.online\/wp-content\/uploads\/2021\/10\/Mega-Slam-Hoop-s-Order-Confirmation.png 600w, https:\/\/oncourt.online\/wp-content\/uploads\/2021\/10\/Mega-Slam-Hoop-s-Order-Confirmation-100x100.png 100w, https:\/\/oncourt.online\/wp-content\/uploads\/2021\/10\/Mega-Slam-Hoop-s-Order-Confirmation-545x545.png 545w\" sizes=\"auto, (max-width: 600px) 100vw, 600px\" \/><\/figure>\n\n\n\n<h4 class=\"gb-headline gb-headline-8536b972 gb-headline-text\">1. Kinnitage oma tellimus<\/h4>\n\n\n\n<p class=\"gb-headline gb-headline-9f1a5517 gb-headline-text\">\u00d5nnitlused uue r\u00f5nga tellimise puhul. N\u00fc\u00fcd oodake e-kirja, mis sisaldab teie tellimuse \u00fcksikasju. <\/p>\n\n\n\n<figure class=\"wp-block-image size-full is-resized\"><img loading=\"lazy\" decoding=\"async\" width=\"600\" height=\"600\" src=\"https:\/\/oncourt.online\/wp-content\/uploads\/2021\/10\/Mega-Slam-Hoops-Arrange-Delivery.png\" alt=\"Mega Slam Hoops - korralda kohaletoimetamine\" class=\"wp-image-419\" style=\"width:150px;height:150px\" srcset=\"https:\/\/oncourt.online\/wp-content\/uploads\/2021\/10\/Mega-Slam-Hoops-Arrange-Delivery.png 600w, https:\/\/oncourt.online\/wp-content\/uploads\/2021\/10\/Mega-Slam-Hoops-Arrange-Delivery-100x100.png 100w, https:\/\/oncourt.online\/wp-content\/uploads\/2021\/10\/Mega-Slam-Hoops-Arrange-Delivery-545x545.png 545w\" sizes=\"auto, (max-width: 600px) 100vw, 600px\" \/><\/figure>\n\n\n\n<h4 class=\"gb-headline gb-headline-9bfe8bb5 gb-headline-text\">2. L\u00e4hetamine ja kohaletoimetamine <\/h4>\n\n\n\n<p class=\"gb-headline gb-headline-290fa9d6 gb-headline-text\">Saate kinnituse oma tellimuse saatmise kohta, mis sisaldab ka eeldatavat tarneaega. <\/p>\n\n\n\n<figure class=\"wp-block-image size-full is-resized\"><img loading=\"lazy\" decoding=\"async\" width=\"600\" height=\"600\" src=\"https:\/\/oncourt.online\/wp-content\/uploads\/2021\/10\/Mega-Slam-Hoops-Curbside-Delivery.png\" alt=\"Mega Slam Hoops - Kohapeal kohaletoimetamine\" class=\"wp-image-420\" style=\"width:150px;height:150px\" srcset=\"https:\/\/oncourt.online\/wp-content\/uploads\/2021\/10\/Mega-Slam-Hoops-Curbside-Delivery.png 600w, https:\/\/oncourt.online\/wp-content\/uploads\/2021\/10\/Mega-Slam-Hoops-Curbside-Delivery-100x100.png 100w, https:\/\/oncourt.online\/wp-content\/uploads\/2021\/10\/Mega-Slam-Hoops-Curbside-Delivery-545x545.png 545w\" sizes=\"auto, (max-width: 600px) 100vw, 600px\" \/><\/figure>\n\n\n\n<h4 class=\"gb-headline gb-headline-111f7f0a gb-headline-text\">3. Tee ruumi oma korvile<\/h4>\n\n\n\n<p class=\"gb-headline gb-headline-cdd4e7d1 gb-headline-text\">Mega Slam korvpallis\u00fcsteemid on suured (kuni 340 kg) ja kaubaalus v\u00f5tab kohaletoimetamisel \u00fcsna palju ruumi (elamutellimused toimetatakse kohale).<\/p>\n\n\n\n<figure class=\"wp-block-image size-full is-resized\"><img loading=\"lazy\" decoding=\"async\" width=\"600\" height=\"600\" src=\"https:\/\/oncourt.online\/wp-content\/uploads\/2021\/10\/Mega-Slam-Shipping-Boxes.png\" alt=\"Mega Slam laevakastid\" class=\"wp-image-421\" style=\"width:150px;height:150px\" srcset=\"https:\/\/oncourt.online\/wp-content\/uploads\/2021\/10\/Mega-Slam-Shipping-Boxes.png 600w, https:\/\/oncourt.online\/wp-content\/uploads\/2021\/10\/Mega-Slam-Shipping-Boxes-100x100.png 100w, https:\/\/oncourt.online\/wp-content\/uploads\/2021\/10\/Mega-Slam-Shipping-Boxes-545x545.png 545w\" sizes=\"auto, (max-width: 600px) 100vw, 600px\" \/><\/figure>\n\n\n\n<h4 class=\"gb-headline gb-headline-c4d17918 gb-headline-text\">4. Kontrollige oma r\u00f5nga tarnet<\/h4>\n\n\n\n<p class=\"gb-headline gb-headline-b333a103 gb-headline-text\">Veenduge, et vastavalt tellimuse suurusele on igale kaubaalusele kinnitatud \u00f5ige arv kastid (iga s\u00fcsteem saabub \u00fchel kaubaalusel, millel on selgelt nummerdatud kastid). Ei ole kahju, kui m\u00f5nel kastil on m\u00f5lgid v\u00f5i see on rebenenud. Meie s\u00fcsteemid on vastupidavad ja taluvad v\u00e4iksemaid kahjustusi kastides. <\/p>\n\n\n\n<figure class=\"wp-block-image size-full is-resized\"><img loading=\"lazy\" decoding=\"async\" width=\"600\" height=\"600\" src=\"https:\/\/oncourt.online\/wp-content\/uploads\/2021\/10\/Mega-Slam-Hoops-Signed-Delivery.png\" alt=\"Mega Slam Hoops - allkirjastatud tarne\" class=\"wp-image-417\" style=\"width:150px;height:150px\" srcset=\"https:\/\/oncourt.online\/wp-content\/uploads\/2021\/10\/Mega-Slam-Hoops-Signed-Delivery.png 600w, https:\/\/oncourt.online\/wp-content\/uploads\/2021\/10\/Mega-Slam-Hoops-Signed-Delivery-100x100.png 100w, https:\/\/oncourt.online\/wp-content\/uploads\/2021\/10\/Mega-Slam-Hoops-Signed-Delivery-545x545.png 545w\" sizes=\"auto, (max-width: 600px) 100vw, 600px\" \/><\/figure>\n\n\n\n<h4 class=\"gb-headline gb-headline-f3ff4626 gb-headline-text\">5. Allkiri tarne vabastamiseks<\/h4>\n\n\n\n<p class=\"gb-headline gb-headline-0e5ad3a7 gb-headline-text\">N\u00fc\u00fcd k\u00fcsib teie s\u00f5bralik k\u00e4ttetoimetamise spetsialist teie korvpallis\u00fcsteemi vabastamiseks allkirja. Kui kastidel (v\u00f5i s\u00fcsteemil) on n\u00e4htavaid kahjustusi, siis dokumenteerige konkreetsed kahjustused saatelehel ja tehke enne allkirja andmist pilte.<br>Kui m\u00f5ni ese on kahjustatud, v\u00f5tke tarne vastu ja v\u00f5tke meiega kohe \u00fchendust. Lisage e-kirja juurde k\u00f5ik fotod ja me kiirendame varuosade tarnimist. <\/p>\n\n\n\n<figure class=\"wp-block-image size-full is-resized\"><img loading=\"lazy\" decoding=\"async\" width=\"750\" height=\"750\" src=\"https:\/\/oncourt.online\/wp-content\/uploads\/2021\/10\/MegaDlam-Installation-Dig-and-Pour.png\" alt=\"\" class=\"wp-image-319\" style=\"width:188px;height:188px\" srcset=\"https:\/\/oncourt.online\/wp-content\/uploads\/2021\/10\/MegaDlam-Installation-Dig-and-Pour.png 750w, https:\/\/oncourt.online\/wp-content\/uploads\/2021\/10\/MegaDlam-Installation-Dig-and-Pour-100x100.png 100w, https:\/\/oncourt.online\/wp-content\/uploads\/2021\/10\/MegaDlam-Installation-Dig-and-Pour-545x545.png 545w\" sizes=\"auto, (max-width: 750px) 100vw, 750px\" \/><\/figure>\n\n\n\n<h3 class=\"gb-headline gb-headline-a22b1bbf gb-headline-text\">Paigaldamine<\/h3>\n\n\n\n<p class=\"gb-headline gb-headline-507bcc99 gb-headline-text\">Kui teie r\u00f5ngas on kohale toimetatud, on aeg<a href=\"https:\/\/oncourt.online\/et\/juhendid\/paigaldus\/korvpallikorvi-paigaldusjuhend\/\"> <em><strong>paigaldada oma korvpalliv\u00f5rk<\/strong><\/em><\/a>.<\/p>\n\n<\/div>\n<\/div>","protected":false},"excerpt":{"rendered":"<p> ... <a title=\"Tarne ja kohaletoimetamine\" class=\"read-more\" href=\"https:\/\/oncourt.online\/et\/shipping-delivery\/\" aria-label=\"Read more about Shipping And Delivery\">Loe edasi<\/a><\/p>","protected":false},"author":2,"featured_media":6877,"parent":0,"menu_order":24,"comment_status":"closed","ping_status":"closed","template":"","meta":{"_acf_changed":false,"inline_featured_image":false,"footnotes":""},"class_list":{"0":"post-6797","1":"page","2":"type-page","3":"status-publish","4":"has-post-thumbnail","6":"infinite-scroll-item","7":"no-featured-image-padding","8":"resize-featured-image"},"acf":[],"yoast_head":"<!-- This site is optimized with the Yoast SEO Premium plugin v26.8 (Yoast SEO v26.9) - https:\/\/yoast.com\/product\/yoast-seo-premium-wordpress\/ -->\n<title>Shipping &amp; Delivery Information | OnCourt<\/title>\n<meta name=\"description\" content=\"Shipping and delivery information, including delivery methods, access planning, handling advice, and important notes for OnCourt orders.\" \/>\n<meta name=\"robots\" content=\"index, follow, max-snippet:-1, max-image-preview:large, max-video-preview:-1\" \/>\n<link rel=\"canonical\" href=\"https:\/\/oncourt.online\/et\/laevanduse-kattetoimetamine\/\" \/>\n<meta property=\"og:locale\" content=\"et_EE\" \/>\n<meta property=\"og:type\" content=\"article\" \/>\n<meta property=\"og:title\" content=\"Shipping And Delivery\" \/>\n<meta property=\"og:description\" content=\"Shipping and delivery information, including delivery methods, access planning, handling advice, and important notes for OnCourt orders.\" \/>\n<meta property=\"og:url\" content=\"https:\/\/oncourt.online\/et\/laevanduse-kattetoimetamine\/\" \/>\n<meta property=\"og:site_name\" content=\"OnCourt Online\" \/>\n<meta property=\"article:publisher\" content=\"https:\/\/www.facebook.com\/oncourt.online\/\" \/>\n<meta property=\"article:modified_time\" content=\"2026-01-09T02:04:24+00:00\" \/>\n<meta property=\"og:image\" content=\"https:\/\/oncourt.online\/wp-content\/uploads\/2022\/05\/OnCourt-Shipping-and-Delivery-Header.jpg\" \/>\n\t<meta property=\"og:image:width\" content=\"1440\" \/>\n\t<meta property=\"og:image:height\" content=\"498\" \/>\n\t<meta property=\"og:image:type\" content=\"image\/jpeg\" \/>\n<meta name=\"twitter:card\" content=\"summary_large_image\" \/>\n<meta name=\"twitter:label1\" content=\"Est. reading time\" \/>\n\t<meta name=\"twitter:data1\" content=\"6 minutit\" \/>\n<!-- \/ Yoast SEO Premium plugin. -->","yoast_head_json":{"title":"Tarne- ja Kohaletoimetamise Info | OnCourt","description":"Teave tarne ja kohaletoimetamise kohta, sealhulgas tarneviisid, juurdep\u00e4\u00e4su planeerimine, k\u00e4sitsemisn\u00f5uanded ja olulised m\u00e4rkused OnCourt tellimuste jaoks.","robots":{"index":"index","follow":"follow","max-snippet":"max-snippet:-1","max-image-preview":"max-image-preview:large","max-video-preview":"max-video-preview:-1"},"canonical":"https:\/\/oncourt.online\/et\/laevanduse-kattetoimetamine\/","og_locale":"et_EE","og_type":"article","og_title":"Shipping And Delivery","og_description":"Shipping and delivery information, including delivery methods, access planning, handling advice, and important notes for OnCourt orders.","og_url":"https:\/\/oncourt.online\/et\/laevanduse-kattetoimetamine\/","og_site_name":"OnCourt Online","article_publisher":"https:\/\/www.facebook.com\/oncourt.online\/","article_modified_time":"2026-01-09T02:04:24+00:00","og_image":[{"width":1440,"height":498,"url":"https:\/\/oncourt.online\/wp-content\/uploads\/2022\/05\/OnCourt-Shipping-and-Delivery-Header.jpg","type":"image\/jpeg"}],"twitter_card":"summary_large_image","twitter_misc":{"Est. reading time":"6 minutit"},"schema":{"@context":"https:\/\/schema.org","@graph":[{"@type":"WebPage","@id":"https:\/\/oncourt.online\/et\/shipping-delivery\/","url":"https:\/\/oncourt.online\/et\/shipping-delivery\/","name":"Tarne- ja Kohaletoimetamise Info | OnCourt","isPartOf":{"@id":"https:\/\/oncourt.online\/et\/#website"},"primaryImageOfPage":{"@id":"https:\/\/oncourt.online\/et\/shipping-delivery\/#primaryimage"},"image":{"@id":"https:\/\/oncourt.online\/et\/shipping-delivery\/#primaryimage"},"thumbnailUrl":"https:\/\/oncourt.online\/wp-content\/uploads\/2022\/05\/OnCourt-Shipping-and-Delivery-Header.jpg","datePublished":"2022-05-26T13:42:42+00:00","dateModified":"2026-01-09T02:04:24+00:00","description":"Teave tarne ja kohaletoimetamise kohta, sealhulgas tarneviisid, juurdep\u00e4\u00e4su planeerimine, k\u00e4sitsemisn\u00f5uanded ja olulised m\u00e4rkused OnCourt tellimuste jaoks.","breadcrumb":{"@id":"https:\/\/oncourt.online\/et\/shipping-delivery\/#breadcrumb"},"inLanguage":"et","potentialAction":[{"@type":"ReadAction","target":["https:\/\/oncourt.online\/et\/shipping-delivery\/"]}]},{"@type":"ImageObject","inLanguage":"et","@id":"https:\/\/oncourt.online\/et\/shipping-delivery\/#primaryimage","url":"https:\/\/oncourt.online\/wp-content\/uploads\/2022\/05\/OnCourt-Shipping-and-Delivery-Header.jpg","contentUrl":"https:\/\/oncourt.online\/wp-content\/uploads\/2022\/05\/OnCourt-Shipping-and-Delivery-Header.jpg","width":1440,"height":498,"caption":"Shipping & Delivery | OnCourt"},{"@type":"BreadcrumbList","@id":"https:\/\/oncourt.online\/et\/shipping-delivery\/#breadcrumb","itemListElement":[{"@type":"ListItem","position":1,"name":"Home","item":"https:\/\/oncourt.online\/"},{"@type":"ListItem","position":2,"name":"Shipping And Delivery"}]},{"@type":"WebSite","@id":"https:\/\/oncourt.online\/et\/#website","url":"https:\/\/oncourt.online\/et\/","name":"OnCourt Online","description":"K\u00f5rge j\u00f5udlusega korvpalliv\u00e4ljakud","publisher":{"@id":"https:\/\/oncourt.online\/et\/#organization"},"potentialAction":[{"@type":"SearchAction","target":{"@type":"EntryPoint","urlTemplate":"https:\/\/oncourt.online\/et\/?s={search_term_string}"},"query-input":{"@type":"PropertyValueSpecification","valueRequired":true,"valueName":"search_term_string"}}],"inLanguage":"et"},{"@type":"Organization","@id":"https:\/\/oncourt.online\/et\/#organization","name":"OnCourt Online","url":"https:\/\/oncourt.online\/et\/","logo":{"@type":"ImageObject","inLanguage":"et","@id":"https:\/\/oncourt.online\/et\/#\/schema\/logo\/image\/","url":"https:\/\/oncourt.online\/wp-content\/uploads\/2021\/12\/Logo_OnCourt_Black.svg","contentUrl":"https:\/\/oncourt.online\/wp-content\/uploads\/2021\/12\/Logo_OnCourt_Black.svg","width":"1024","height":"1024","caption":"OnCourt Online"},"image":{"@id":"https:\/\/oncourt.online\/et\/#\/schema\/logo\/image\/"},"sameAs":["https:\/\/www.facebook.com\/oncourt.online\/"],"email":"info@oncourt.online"}]}},"_links":{"self":[{"href":"https:\/\/oncourt.online\/et\/wp-json\/wp\/v2\/pages\/6797","targetHints":{"allow":["GET"]}}],"collection":[{"href":"https:\/\/oncourt.online\/et\/wp-json\/wp\/v2\/pages"}],"about":[{"href":"https:\/\/oncourt.online\/et\/wp-json\/wp\/v2\/types\/page"}],"author":[{"embeddable":true,"href":"https:\/\/oncourt.online\/et\/wp-json\/wp\/v2\/users\/2"}],"replies":[{"embeddable":true,"href":"https:\/\/oncourt.online\/et\/wp-json\/wp\/v2\/comments?post=6797"}],"version-history":[{"count":0,"href":"https:\/\/oncourt.online\/et\/wp-json\/wp\/v2\/pages\/6797\/revisions"}],"wp:featuredmedia":[{"embeddable":true,"href":"https:\/\/oncourt.online\/et\/wp-json\/wp\/v2\/media\/6877"}],"wp:attachment":[{"href":"https:\/\/oncourt.online\/et\/wp-json\/wp\/v2\/media?parent=6797"}],"curies":[{"name":"wp","href":"https:\/\/api.w.org\/{rel}","templated":true}]}}