{"id":4371,"date":"2022-03-19T19:47:29","date_gmt":"2022-03-19T19:47:29","guid":{"rendered":"https:\/\/oncourt.online\/?page_id=4371"},"modified":"2026-01-15T07:45:48","modified_gmt":"2026-01-15T07:45:48","slug":"kaubanduslikud-spordivaljakud","status":"publish","type":"page","link":"https:\/\/oncourt.online\/et\/commercial-sports-courts\/","title":{"rendered":"Kommertslikud spordiv\u00e4ljakud"},"content":{"rendered":"<div class=\"gb-element-780bd825\">\n<div class=\"gb-element-d4160509\">\n<h2 class=\"gb-headline gb-headline-e76b444c gb-headline-text\">Engineered for Performance. Designed to Inspire.<\/h2>\n\n\n\n<p class=\"gb-headline gb-headline-3c72361b gb-headline-text\">OnCourt pakub koolidele, kogukonnakeskustele ja professionaalsetele treeningkeskustele kommertsklassi spordiv\u00e4ljakute lahendusi, mis t\u00f5stavad m\u00e4ngu taseme igal tasandil. Meie modulaarne pinnakate, t\u00e4psed ja lihtsalt kasutatavad disainit\u00f6\u00f6riistad ning lihtne paigaldusprotsess loovad d\u00fcnaamilised, ohutud ja visuaalselt muljetavaldavad v\u00e4ljakud, mis on kohandatud teie ruumi ja spordialaga.<\/p>\n\n\n\n<img loading=\"lazy\" decoding=\"async\" width=\"1600\" height=\"637\" class=\"gb-media-cd14b663\" src=\"https:\/\/oncourt.online\/wp-content\/uploads\/2025\/03\/Elastic-Pro-II-Orange-Wind-Grey-e1743146712707.png\" alt=\"\" srcset=\"https:\/\/oncourt.online\/wp-content\/uploads\/2025\/03\/Elastic-Pro-II-Orange-Wind-Grey-e1743146712707.png 1600w, https:\/\/oncourt.online\/wp-content\/uploads\/2025\/03\/Elastic-Pro-II-Orange-Wind-Grey-e1743146712707-300x119.png 300w, https:\/\/oncourt.online\/wp-content\/uploads\/2025\/03\/Elastic-Pro-II-Orange-Wind-Grey-e1743146712707-1024x408.png 1024w, https:\/\/oncourt.online\/wp-content\/uploads\/2025\/03\/Elastic-Pro-II-Orange-Wind-Grey-e1743146712707-768x306.png 768w, https:\/\/oncourt.online\/wp-content\/uploads\/2025\/03\/Elastic-Pro-II-Orange-Wind-Grey-e1743146712707-1536x612.png 1536w, https:\/\/oncourt.online\/wp-content\/uploads\/2025\/03\/Elastic-Pro-II-Orange-Wind-Grey-e1743146712707-18x7.png 18w, https:\/\/oncourt.online\/wp-content\/uploads\/2025\/03\/Elastic-Pro-II-Orange-Wind-Grey-e1743146712707-545x217.png 545w\" sizes=\"auto, (max-width: 1600px) 100vw, 1600px\" \/>\n\n\n\n<div class=\"gb-element-0d9ffc85\">\n<div class=\"gb-element-21a1af0d\">\n<div>\n<figure class=\"gb-block-image gb-block-image-6adfd5ca\"><img loading=\"lazy\" decoding=\"async\" width=\"300\" height=\"169\" class=\"gb-image gb-image-6adfd5ca\" src=\"https:\/\/oncourt.online\/wp-content\/uploads\/2021\/10\/NIKE.png\" alt=\"Nike\"\/><\/figure>\n<\/div>\n\n\n\n<div>\n<figure class=\"gb-block-image gb-block-image-f8558887\"><img loading=\"lazy\" decoding=\"async\" width=\"300\" height=\"169\" class=\"gb-image gb-image-f8558887\" src=\"https:\/\/oncourt.online\/wp-content\/uploads\/2021\/10\/England-Football.png\" alt=\"Inglismaa jalgpall\"\/><\/figure>\n<\/div>\n\n\n\n<div>\n<figure class=\"gb-block-image gb-block-image-32bd7dfd\"><img loading=\"lazy\" decoding=\"async\" width=\"300\" height=\"169\" class=\"gb-image gb-image-32bd7dfd\" src=\"https:\/\/oncourt.online\/wp-content\/uploads\/2021\/10\/Red-Bull.png\" alt=\"Red Bull\"\/><\/figure>\n<\/div>\n\n\n\n<div>\n<figure class=\"gb-block-image gb-block-image-199d062a\"><img loading=\"lazy\" decoding=\"async\" width=\"300\" height=\"169\" class=\"gb-image gb-image-199d062a\" src=\"https:\/\/oncourt.online\/wp-content\/uploads\/2021\/10\/Canary-Wharf-Group.png\" alt=\"Canary Wharf Group PLC\"\/><\/figure>\n<\/div>\n\n\n\n<div>\n<figure class=\"gb-block-image gb-block-image-b9d71ee3\"><img loading=\"lazy\" decoding=\"async\" width=\"300\" height=\"169\" class=\"gb-image gb-image-b9d71ee3\" src=\"https:\/\/oncourt.online\/wp-content\/uploads\/2021\/10\/BBC.png\" alt=\"BBC\"\/><\/figure>\n<\/div>\n<\/div>\n<\/div>\n\n\n\n<img loading=\"lazy\" decoding=\"async\" width=\"1024\" height=\"683\" class=\"gb-media-6f830086\" src=\"https:\/\/oncourt.online\/wp-content\/uploads\/2025\/03\/Modular-Sports-Flooring-Tiles-Multi-Futsal-Court.jpg\" alt=\"\" srcset=\"https:\/\/oncourt.online\/wp-content\/uploads\/2025\/03\/Modular-Sports-Flooring-Tiles-Multi-Futsal-Court.jpg 1024w, https:\/\/oncourt.online\/wp-content\/uploads\/2025\/03\/Modular-Sports-Flooring-Tiles-Multi-Futsal-Court-300x200.jpg 300w, https:\/\/oncourt.online\/wp-content\/uploads\/2025\/03\/Modular-Sports-Flooring-Tiles-Multi-Futsal-Court-768x512.jpg 768w, https:\/\/oncourt.online\/wp-content\/uploads\/2025\/03\/Modular-Sports-Flooring-Tiles-Multi-Futsal-Court-18x12.jpg 18w, https:\/\/oncourt.online\/wp-content\/uploads\/2025\/03\/Modular-Sports-Flooring-Tiles-Multi-Futsal-Court-545x364.jpg 545w\" sizes=\"auto, (max-width: 1024px) 100vw, 1024px\" \/>\n\n\n\n<h3 class=\"gb-text gb-text-c407e67e\">Miks valida OnCourt oma \u00e4riprojektiks?<\/h3>\n\n\n\n<p>Iga pind on optimeeritud veoj\u00f5u, palli tagasip\u00f5rke ja m\u00e4ngija mugavuse jaoks \u2013 koos kohandatud m\u00e4rgistustega \u00fche v\u00f5i mitme spordiala jaoks.<\/p>\n\n\n\n<p class=\"gb-headline gb-headline-c24d9ecc\"><span class=\"gb-icon\"><svg aria-hidden=\"true\" role=\"img\" height=\"1em\" width=\"1em\" viewbox=\"0 0 512 512\" xmlns=\"http:\/\/www.w3.org\/2000\/svg\"><path fill=\"currentColor\" d=\"M173.898 439.404l-166.4-166.4c-9.997-9.997-9.997-26.206 0-36.204l36.203-36.204c9.997-9.998 26.207-9.998 36.204 0L192 312.69 432.095 72.596c9.997-9.997 26.207-9.997 36.204 0l36.203 36.204c9.997 9.997 9.997 26.206 0 36.204l-294.4 294.401c-9.998 9.997-26.207 9.997-36.204-.001z\"><\/path><\/svg><\/span><span class=\"gb-headline-text\"><strong>Usaldavad globaalsed spordipartnerid<\/strong><\/span><\/p>\n\n\n\n<p>Kohtud, mis on projekteeritud taluma intensiivset igap\u00e4evast tegevust<\/p>\n\n\n\n<p class=\"gb-headline gb-headline-1b3f1043\"><span class=\"gb-icon\"><svg aria-hidden=\"true\" role=\"img\" height=\"1em\" width=\"1em\" viewbox=\"0 0 512 512\" xmlns=\"http:\/\/www.w3.org\/2000\/svg\"><path fill=\"currentColor\" d=\"M173.898 439.404l-166.4-166.4c-9.997-9.997-9.997-26.206 0-36.204l36.203-36.204c9.997-9.998 26.207-9.998 36.204 0L192 312.69 432.095 72.596c9.997-9.997 26.207-9.997 36.204 0l36.203 36.204c9.997 9.997 9.997 26.206 0 36.204l-294.4 294.401c-9.998 9.997-26.207 9.997-36.204-.001z\"><\/path><\/svg><\/span><span class=\"gb-headline-text\"><strong>Teie spordialale ja ruumile kohandatud<\/strong><\/span><\/p>\n\n\n\n<p>FIBA-spetsifikatsioonidele vastavatest korvpalliv\u00e4ljakutest kuni kompaktse suurusega tagahooviv\u00e4ljakuteni<\/p>\n\n\n\n<p class=\"gb-headline gb-headline-73c6545c\"><span class=\"gb-icon\"><svg aria-hidden=\"true\" role=\"img\" height=\"1em\" width=\"1em\" viewbox=\"0 0 512 512\" xmlns=\"http:\/\/www.w3.org\/2000\/svg\"><path fill=\"currentColor\" d=\"M173.898 439.404l-166.4-166.4c-9.997-9.997-9.997-26.206 0-36.204l36.203-36.204c9.997-9.998 26.207-9.998 36.204 0L192 312.69 432.095 72.596c9.997-9.997 26.207-9.997 36.204 0l36.203 36.204c9.997 9.997 9.997 26.206 0 36.204l-294.4 294.401c-9.998 9.997-26.207 9.997-36.204-.001z\"><\/path><\/svg><\/span><span class=\"gb-headline-text\"><strong>Ehitatud intensiivseks kasutamiseks<\/strong><\/span><\/p>\n\n\n\n<p class=\"gb-text gb-text-26736fee\">Meie kaubanduskohtud on loodud taluma intensiivset igap\u00e4evast tegevust.<\/p>\n\n\n\n<figure class=\"gb-block-image gb-block-image-2232266c\"><img loading=\"lazy\" decoding=\"async\" width=\"900\" height=\"388\" class=\"gb-image gb-image-2232266c\" src=\"https:\/\/oncourt.online\/wp-content\/uploads\/2021\/12\/Gareth-Southgate-Holding-Court-OnCourt-e1743140059659.jpg\" alt=\"Gareth-Southgate-Hooling-Court-OnCourt\" title=\"Gareth-Southgate-Hooling-Court-OnCourt\" srcset=\"https:\/\/oncourt.online\/wp-content\/uploads\/2021\/12\/Gareth-Southgate-Holding-Court-OnCourt-e1743140059659.jpg 900w, https:\/\/oncourt.online\/wp-content\/uploads\/2021\/12\/Gareth-Southgate-Holding-Court-OnCourt-e1743140059659-545x235.jpg 545w, https:\/\/oncourt.online\/wp-content\/uploads\/2021\/12\/Gareth-Southgate-Holding-Court-OnCourt-e1743140059659-300x129.jpg 300w, https:\/\/oncourt.online\/wp-content\/uploads\/2021\/12\/Gareth-Southgate-Holding-Court-OnCourt-e1743140059659-768x331.jpg 768w, https:\/\/oncourt.online\/wp-content\/uploads\/2021\/12\/Gareth-Southgate-Holding-Court-OnCourt-e1743140059659-18x8.jpg 18w\" sizes=\"auto, (max-width: 900px) 100vw, 900px\" \/>\n<figcaption class=\"gb-headline gb-headline-15834826 gb-headline-text\">Gareth Southgate kohtus OnCourtiga<\/figcaption>\n<\/figure>\n\n\n\n<h2 class=\"gb-text gb-text-5bd1118f\">Elite m\u00e4nguv\u00e4ljakud eliitspordi\u00fcrituste jaoks<\/h2>\n\n\n\n<p class=\"gb-text gb-text-ac544a07\">OnCourt teeb koost\u00f6\u00f6d juhtivate br\u00e4ndide, meeskondade ja agentuuridega, et luua huvitavaid spordiruume, kus k\u00f5ikide tasemete sportlased saaksid m\u00e4ngida ohutult ja stiilselt. Oleme teinud koost\u00f6\u00f6d suurte br\u00e4ndidega, sealhulgas Nike, Red Bull ja BBC, et pakkuda m\u00e4nguv\u00e4ljakuid turunduslikuks kogemuslikuks br\u00e4nditud spordisisuks, otse\u00fclekanneteks ja stuudioproduktsioonideks.<\/p>\n\n\n\n<figure class=\"wp-block-embed is-type-video is-provider-vimeo wp-block-embed-vimeo wp-embed-aspect-16-9 wp-has-aspect-ratio\"><div class=\"wp-block-embed__wrapper\">\n<iframe loading=\"lazy\" title=\"Rice vs Mount OnCourt\" src=\"https:\/\/player.vimeo.com\/video\/681584804?dnt=1&amp;app_id=122963\" width=\"1200\" height=\"674\" frameborder=\"0\" allow=\"autoplay; fullscreen; picture-in-picture; clipboard-write; encrypted-media; web-share\" referrerpolicy=\"strict-origin-when-cross-origin\"><\/iframe>\n<\/div><\/figure>\n\n\n\n<h3 class=\"gb-text gb-text-5179374d\">Ajutine sporditurundus Kogemuslik turundus ja br\u00e4ndi aktiveerimine<\/h3>\n\n\n\n<p class=\"gb-headline gb-headline-52c8dae5 gb-headline-text\">OnCourt-paigaldisi saab kasutada spordiv\u00f5istluste korraldamiseks, br\u00e4ndi aktiveerimiseks ja br\u00e4ndi kogemuste loomiseks. OnCourt-pinnale saab kanda unikaalseid graafikaid ja br\u00e4ndinguid, mis sobivad teie br\u00e4ndiga. Kaasaegsed visuaalsed ekraanid v\u00e4ljakul lisavad konteksti ja dramaatilisust.&nbsp;<\/p>\n\n\n\n<h3 class=\"gb-headline gb-headline-d36d7959 gb-headline-text\">Otse\u00fclekanded spordi\u00fcritustest<\/h3>\n\n\n\n<p class=\"gb-text gb-text-3cdfd431\">OnCourt paneb sportlased esikohale, keskendudes parima v\u00f5imaliku spordielamuse pakkumisele. Teeme koost\u00f6\u00f6d mitmete tippsportlastega, kes aitavad tagada, et sport oleks teie \u00fcrituse keskmes. OnCourti seadmed sobivad ideaalselt spordi\u00fcrituste otse\u00fclekanneteks, kuna nende pinnad ja komponendid on loodud professionaalse spordi rangete n\u00f5udmiste jaoks. <\/p>\n\n\n\n<figure class=\"gb-block-image gb-block-image-628b7970\"><img loading=\"lazy\" decoding=\"async\" width=\"1439\" height=\"809\" class=\"gb-image gb-image-628b7970\" src=\"https:\/\/oncourt.online\/wp-content\/uploads\/2021\/10\/Coach-Maitland-OnCourt-at-Canary-Wharf-e1642179558735.jpg\" srcset=\"https:\/\/oncourt.online\/wp-content\/uploads\/2021\/10\/Coach-Maitland-OnCourt-at-Canary-Wharf-e1642179558735.jpg 1439w, https:\/\/oncourt.online\/wp-content\/uploads\/2021\/10\/Coach-Maitland-OnCourt-at-Canary-Wharf-e1642179558735-545x306.jpg 545w\" sizes=\"auto, (max-width: 1439px) 100vw, 1439px\" \/>\n<figcaption class=\"gb-headline gb-headline-4a7798e9 gb-headline-text\">Treener Maitland Canary Wharfi korvpalliv\u00e4ljakul<\/figcaption>\n<\/figure>\n\n\n\n<h3 class=\"gb-text gb-text-312e5d83\">OnCourt br\u00e4ndi partnerlus<\/h3>\n\n\n\n<p class=\"gb-text gb-text-1bc34855\"> OnCourt \u00fcritusteenused h\u00f5lmavad rikkalikke 3D-virtuaalseid vahendeid, mis aitavad visualiseerida projekte huvir\u00fchmadele. OnCourt disainimeeskond aitab vajadusel kontseptsiooni ja loomingulise n\u00f5ustamisega. \u00dcrituste paigaldamise spetsialistid t\u00f6\u00f6tavad koos disaineritega, et muuta t\u00e4psed virtuaalsed mudelid uimastavateks reaalseteks kohtum\u00e4nguv\u00e4ljakuteks.<\/p>\n\n\n\n<figure class=\"wp-block-embed is-type-video is-provider-youtube wp-block-embed-youtube wp-embed-aspect-16-9 wp-has-aspect-ratio\"><div class=\"wp-block-embed__wrapper\">\n<iframe loading=\"lazy\" title=\"Yinka Ilori 3D-prinditud korvpalliv\u00e4ljak\" width=\"1200\" height=\"675\" src=\"https:\/\/www.youtube.com\/embed\/aKzksQoVM4A?feature=oembed&#038;enablejsapi=1&#038;origin=https:\/\/oncourt.online\" frameborder=\"0\" allow=\"accelerometer; autoplay; clipboard-write; encrypted-media; gyroscope; picture-in-picture; web-share\" referrerpolicy=\"strict-origin-when-cross-origin\" allowfullscreen><\/iframe>\n<\/div><\/figure>\n\n\n\n<p class=\"gb-text gb-text-466db296\">Yinka Ilori 3D-prinditud korvpalliv\u00e4ljak \u2013 <a href=\"https:\/\/www.youtube.com\/user\/monoclemagazine\">Monocle Filmid<\/a><\/p>\n<\/div>\n<\/div>","protected":false},"excerpt":{"rendered":"<p> ... <a title=\"Kommertslikud spordiv\u00e4ljakud\" class=\"read-more\" href=\"https:\/\/oncourt.online\/et\/commercial-sports-courts\/\" aria-label=\"Read more about Commercial Sports Courts\">Loe edasi<\/a><\/p>","protected":false},"author":2,"featured_media":0,"parent":0,"menu_order":9,"comment_status":"closed","ping_status":"closed","template":"","meta":{"_acf_changed":false,"inline_featured_image":false,"footnotes":""},"class_list":{"0":"post-4371","1":"page","2":"type-page","3":"status-publish","5":"infinite-scroll-item","6":"no-featured-image-padding"},"acf":[],"yoast_head":"<!-- This site is optimized with the Yoast SEO Premium plugin v26.8 (Yoast SEO v27.3) - https:\/\/yoast.com\/product\/yoast-seo-premium-wordpress\/ -->\n<title>Commercial Sports Courts - OnCourt Online<\/title>\n<meta name=\"description\" content=\"OnCourt work with leading brands, teams and agencies to create engaging sporting spaces for athletes of all ages and abilities.\" \/>\n<meta name=\"robots\" content=\"index, follow, max-snippet:-1, max-image-preview:large, max-video-preview:-1\" \/>\n<link rel=\"canonical\" href=\"https:\/\/oncourt.online\/et\/kaubanduslikud-spordivaljakud\/\" \/>\n<meta property=\"og:locale\" content=\"et_EE\" \/>\n<meta property=\"og:type\" content=\"article\" \/>\n<meta property=\"og:title\" content=\"Commercial Sports Courts\" \/>\n<meta property=\"og:description\" content=\"OnCourt work with leading brands, teams and agencies to create engaging sporting spaces for athletes of all ages and abilities.\" \/>\n<meta property=\"og:url\" content=\"https:\/\/oncourt.online\/et\/kaubanduslikud-spordivaljakud\/\" \/>\n<meta property=\"og:site_name\" content=\"OnCourt Online\" \/>\n<meta property=\"article:publisher\" content=\"https:\/\/www.facebook.com\/oncourt.online\/\" \/>\n<meta property=\"article:modified_time\" content=\"2026-01-15T07:45:48+00:00\" \/>\n<meta property=\"og:image\" content=\"https:\/\/oncourt.online\/wp-content\/uploads\/2025\/03\/Elastic-Pro-II-Orange-Wind-Grey-e1743146712707.png\" \/>\n<meta name=\"twitter:card\" content=\"summary_large_image\" \/>\n<meta name=\"twitter:label1\" content=\"Est. reading time\" \/>\n\t<meta name=\"twitter:data1\" content=\"4 minutit\" \/>\n<!-- \/ Yoast SEO Premium plugin. -->","yoast_head_json":{"title":"Kommertslikud spordiv\u00e4ljakud \u2013 OnCourt Online","description":"OnCourt teeb koost\u00f6\u00f6d juhtivate br\u00e4ndide, meeskondade ja agentuuridega, et luua huvitavaid spordiruume igas vanuses ja erineva tasemega sportlastele.","robots":{"index":"index","follow":"follow","max-snippet":"max-snippet:-1","max-image-preview":"max-image-preview:large","max-video-preview":"max-video-preview:-1"},"canonical":"https:\/\/oncourt.online\/et\/kaubanduslikud-spordivaljakud\/","og_locale":"et_EE","og_type":"article","og_title":"Commercial Sports Courts","og_description":"OnCourt work with leading brands, teams and agencies to create engaging sporting spaces for athletes of all ages and abilities.","og_url":"https:\/\/oncourt.online\/et\/kaubanduslikud-spordivaljakud\/","og_site_name":"OnCourt Online","article_publisher":"https:\/\/www.facebook.com\/oncourt.online\/","article_modified_time":"2026-01-15T07:45:48+00:00","og_image":[{"url":"https:\/\/oncourt.online\/wp-content\/uploads\/2025\/03\/Elastic-Pro-II-Orange-Wind-Grey-e1743146712707.png","type":"","width":"","height":""}],"twitter_card":"summary_large_image","twitter_misc":{"Est. reading time":"4 minutit"},"schema":{"@context":"https:\/\/schema.org","@graph":[{"@type":"WebPage","@id":"https:\/\/oncourt.online\/et\/commercial-sports-courts\/","url":"https:\/\/oncourt.online\/et\/commercial-sports-courts\/","name":"Kommertslikud spordiv\u00e4ljakud \u2013 OnCourt Online","isPartOf":{"@id":"https:\/\/oncourt.online\/et\/#website"},"primaryImageOfPage":{"@id":"https:\/\/oncourt.online\/et\/commercial-sports-courts\/#primaryimage"},"image":{"@id":"https:\/\/oncourt.online\/et\/commercial-sports-courts\/#primaryimage"},"thumbnailUrl":"https:\/\/oncourt.online\/wp-content\/uploads\/2025\/03\/Elastic-Pro-II-Orange-Wind-Grey-e1743146712707.png","datePublished":"2022-03-19T19:47:29+00:00","dateModified":"2026-01-15T07:45:48+00:00","description":"OnCourt teeb koost\u00f6\u00f6d juhtivate br\u00e4ndide, meeskondade ja agentuuridega, et luua huvitavaid spordiruume igas vanuses ja erineva tasemega sportlastele.","breadcrumb":{"@id":"https:\/\/oncourt.online\/et\/commercial-sports-courts\/#breadcrumb"},"inLanguage":"et","potentialAction":[{"@type":"ReadAction","target":["https:\/\/oncourt.online\/et\/commercial-sports-courts\/"]}]},{"@type":"ImageObject","inLanguage":"et","@id":"https:\/\/oncourt.online\/et\/commercial-sports-courts\/#primaryimage","url":"https:\/\/oncourt.online\/wp-content\/uploads\/2025\/03\/Elastic-Pro-II-Orange-Wind-Grey-e1743146712707.png","contentUrl":"https:\/\/oncourt.online\/wp-content\/uploads\/2025\/03\/Elastic-Pro-II-Orange-Wind-Grey-e1743146712707.png"},{"@type":"BreadcrumbList","@id":"https:\/\/oncourt.online\/et\/commercial-sports-courts\/#breadcrumb","itemListElement":[{"@type":"ListItem","position":1,"name":"Home","item":"https:\/\/oncourt.online\/"},{"@type":"ListItem","position":2,"name":"Commercial Sports Courts"}]},{"@type":"WebSite","@id":"https:\/\/oncourt.online\/et\/#website","url":"https:\/\/oncourt.online\/et\/","name":"OnCourt Online","description":"K\u00f5rge j\u00f5udlusega korvpalliv\u00e4ljakud","publisher":{"@id":"https:\/\/oncourt.online\/et\/#organization"},"potentialAction":[{"@type":"SearchAction","target":{"@type":"EntryPoint","urlTemplate":"https:\/\/oncourt.online\/et\/?s={search_term_string}"},"query-input":{"@type":"PropertyValueSpecification","valueRequired":true,"valueName":"search_term_string"}}],"inLanguage":"et"},{"@type":"Organization","@id":"https:\/\/oncourt.online\/et\/#organization","name":"OnCourt Online","url":"https:\/\/oncourt.online\/et\/","logo":{"@type":"ImageObject","inLanguage":"et","@id":"https:\/\/oncourt.online\/et\/#\/schema\/logo\/image\/","url":"https:\/\/oncourt.online\/wp-content\/uploads\/2021\/12\/Logo_OnCourt_Black.svg","contentUrl":"https:\/\/oncourt.online\/wp-content\/uploads\/2021\/12\/Logo_OnCourt_Black.svg","width":"1024","height":"1024","caption":"OnCourt Online"},"image":{"@id":"https:\/\/oncourt.online\/et\/#\/schema\/logo\/image\/"},"sameAs":["https:\/\/www.facebook.com\/oncourt.online\/"],"email":"info@oncourt.online"}]}},"_links":{"self":[{"href":"https:\/\/oncourt.online\/et\/wp-json\/wp\/v2\/pages\/4371","targetHints":{"allow":["GET"]}}],"collection":[{"href":"https:\/\/oncourt.online\/et\/wp-json\/wp\/v2\/pages"}],"about":[{"href":"https:\/\/oncourt.online\/et\/wp-json\/wp\/v2\/types\/page"}],"author":[{"embeddable":true,"href":"https:\/\/oncourt.online\/et\/wp-json\/wp\/v2\/users\/2"}],"replies":[{"embeddable":true,"href":"https:\/\/oncourt.online\/et\/wp-json\/wp\/v2\/comments?post=4371"}],"version-history":[{"count":1,"href":"https:\/\/oncourt.online\/et\/wp-json\/wp\/v2\/pages\/4371\/revisions"}],"predecessor-version":[{"id":17380,"href":"https:\/\/oncourt.online\/et\/wp-json\/wp\/v2\/pages\/4371\/revisions\/17380"}],"wp:attachment":[{"href":"https:\/\/oncourt.online\/et\/wp-json\/wp\/v2\/media?parent=4371"}],"curies":[{"name":"wp","href":"https:\/\/api.w.org\/{rel}","templated":true}]}}