{"id":428,"date":"2021-10-22T11:43:33","date_gmt":"2021-10-22T11:43:33","guid":{"rendered":"https:\/\/oncourt.online\/?page_id=428"},"modified":"2026-01-03T03:34:58","modified_gmt":"2026-01-03T03:34:58","slug":"eluaegne-garantii","status":"publish","type":"page","link":"https:\/\/oncourt.online\/et\/basketball-hoops\/lifetime-warranty\/","title":{"rendered":"Eluaegne garantii"},"content":{"rendered":"<div class=\"gb-element-118ef599\">\n<div class=\"gb-element-d7eed537\">\n<h2 class=\"gb-headline gb-headline-96ad026f gb-headline-text\">Sobib kogu eluks d\u00fcnkide, slam dunkide ja jamide jaoks<\/h2>\n\n\n\n<p class=\"gb-headline gb-headline-78623ab6 gb-headline-text\">Mega Slam Hoops ja OnCourt on p\u00fchendunud pakkuma parimaid koduseks kasutamiseks m\u00f5eldud korvpallis\u00fcsteeme, mida raha eest osta saab. Mega Slam tooted on loodud kestma kogu elu. Seega on loogiline, et garantii kehtib sama kaua.<br>Teistelt korvpallir\u00f5ngaste tootjatelt ei leia te selliseid lubadusi. Meie toetame Mega Slam Hoops korvpallis\u00fcsteeme ja tagame suurep\u00e4rase toimivuse kogu m\u00e4nguaja jooksul, isegi mutrite ja poltide osas.<\/p>\n\n\n\n<p class=\"gb-headline gb-headline-c6f59d0a gb-headline-text\"><br><strong>BASKETBALL SYSTEMS PIIRATUD ELUAEGNE GARANTII<\/strong><br>PIIRATUD ELUAEGNE GARANTII kehtib ainult algsele jaem\u00fc\u00fcgi tarbijale, kellele Mega Slam Hoops (edaspidi \u201ctoode\u201d) struktuurikomponendid on garanteeritud materjali- ja valmistamisvigadeta, vastavalt allpool kirjeldatud piirangutele. \u201cVigadeks\u201d loetakse puudusi, mis kahjustavad toote kasutamist.<\/p>\n\n\n\n<p>THE LIMITED LIFETIME WARRANTY COVERAGE IS EXTENDED ONLY TO THE ORIGINAL RETAIL PURCHASER AND TERMINATES IF THE ORIGINAL RETAIL PURCHASER OTHERWISE TRANSFERS OR SELLS THE PRODUCT. THIS WARRANTY IS VOID IF THE PRODUCT HAS BEEN DAMAGED BY IMPROPER SERVICE, NEGLIGENCE, ACCIDENT, UNREASONABLE USE, IMPROPER INSTALLATION, OR OTHER CAUSES NOT RESULTING FROM DEFECTS IN MATERIAL AND WORKMANSHIP. <\/p>\n\n\n\n<p>Subject to proper installation in accordance with the installation instructions; normal residential use for glass backboards; normal basketball related activities; and has been maintained in agreement with the instructions.<\/p>\n\n\n\n<p class=\"gb-headline gb-headline-1de06637 gb-headline-text\"><br><strong>GARANTIIN\u00d5UDED<\/strong><br>Proof of purchase by the original retail Consumer Purchaser is required for all warranty claims.<\/p>\n\n\n\n<p>Mega Sports UK Ltd reserves the right to examine physical evidence or photographs of the Product, or component parts, claimed to be defective, and to recover said Product, prior to authorising a warranty claim. If applicable, a \u201cReturn Merchandise Authorisation\u201d (RMA) number will be required prior to shipping damaged Product by original retail Consumer Purchaser with freight prepaid.<\/p>\n\n\n\n<p>In returning a Product or component part for repair or replacement under this warranty, the original Consumer Purchaser must prepay all shipping transportation, insurance and delivery costs, and the Product or component parts, must be delivered in either its original carton or a similar package affording an equal degree of protection.<\/p>\n\n\n\n<p>Mega Sports UK Ltd will not be responsible for any loss or damage incurred in connection with the return of this Product or component parts.<\/p>\n\n\n\n<p>Piiratud eluaegne garantii ei kata j\u00e4rgmist:<\/p>\n\n\n\n<p>K\u00e4esolev garantii ei kehti toodete suhtes, mis on olnud v\u00e4\u00e4rkasutuse, kuritarvitamise, ebanormaalsete kasutustingimuste, hooletuse, muutmise, \u00f5nnetuse, eba\u00f5ige paigaldamise, vandalismi v\u00f5i tulekahju ohvriks.<\/p>\n\n\n\n<p>V\u00e4rv, roostetanud osad, pinnakriimustused, pleegitamine, v\u00e4rvimuutus v\u00f5i praod, mis ei m\u00f5juta toote funktsionaalsust.<\/p>\n\n\n\n<p>Aja jooksul v\u00f5i tavap\u00e4rase kulumise tagaj\u00e4rjel tekkinud kahjustused v\u00f5i halvenemine.<\/p>\n\n\n\n<p>\u201cJ\u00f5udude tegevuse\u201d t\u00f5ttu tekkinud kahjud h\u00f5lmavad muu hulgas \u00fcleujutusi, tornaadosid, rahet, v\u00e4lke, liivatorme, tuuletorme v\u00f5i maav\u00e4rinaid.<\/p>\n\n\n\n<p>\u201cKeskkonnateguritest\u201d tingitud kahjustused h\u00f5lmavad muu hulgas \u00f5husaaste, kemikaalid, ookeani pihustuv vesi v\u00f5i tuule poolt kantav liiv.<\/p>\n\n\n\n<p>Garantiiga v\u00f5i asendatud toodete m\u00f5lemasuunalised saatmiskulud peab eelnevalt tasuma algne jaem\u00fc\u00fcgi tarbija.<\/p>\n\n\n\n<p>M\u00fc\u00fcja teenustasud, t\u00f6\u00f6j\u00f5ukulud v\u00f5i s\u00f5idukulud. K\u00f5ik t\u00f6\u00f6j\u00f5ukulud, s\u00f5idukulud ja muud kulud, mis on seotud toote paigaldamise, kontrollimise, hoolduse v\u00f5i asendamisega v\u00f5i komponentide asendamisega, on algse jaem\u00fc\u00fcgi ostja vastutusel.<\/p>\n\n\n\n<p>K\u00c4ESOLEV GARANTII ASENDAB SELGES\u00d5NALISELT K\u00d5IK MUUD GARANTIID, OLGU NEED SIIS SELGES\u00d5NALISED V\u00d5I KAUDSED, SEALHULGAS, KUID MITTE AINULT, KAUDSED GARANTIID KAUBANDUSLIKU V\u00d5IMALUSTE V\u00d5I KONKREETSELE EESM\u00c4RGILE SOBIVUSE KOHTA, NING K\u00d5IK MUUD MEGA SPORTS UK LTD POOLT ANTAVAD KOHUSTUSED, KUID KUI KAUDSETE GARANTIIDE V\u00c4LISTAMINE ON KOHALDATAVA \u00d5IGUSE ALUSEL KEHTIV, SIIS ON KOHALDATAVA \u00d5IGUSE ALUSEL TEKKIVATE KAUDSETE GARANTIIDE KEHTIVUSAEG PIIRATUD \u00dcHE (1) AASTAGA ALATES OSTU KUUP\u00c4EVAST V\u00d5I KOHALDATAVA \u00d5IGUSE ALUSEL N\u00d5UTAVA PIKEMA AJAGA.<\/p>\n\n\n\n<p>MEGA SPORTS UK LTD HEREBY DISCLAIMS ANY AND ALL LIABILITY FOR CONSEQUENTIAL AND INCIDENTAL DAMAGES ARISING OUT OF OR IN CONNECTION WITH ANY BREACH OF THIS WARRANTY OR ANY OTHER CLAIM WITH RESPECT TO THIS PRODUCT, INCLUDING BUT NOT LIMITED TO, CLAIMS OF NEGLIGENCE, STRICT LIABILITY IN TORT OR BREACH OF CONTRACT.<\/p>\n\n\n\n<p>SOME STATES DO NOT ALLOW (A) LIMITATIONS ON HOW LONG AN IMPLIED WARRANTY LASTS OR (B) THE EXCLUSION OR LIMITATION OF INCIDENTAL OR CONSEQUENTIAL DAMAGES, SO THE ABOVE LIMITATIONS OR EXCLUSIONS MAY NOT APPLY TO YOU. THIS WARRANTY GIVES YOU SPECIFIC LEGAL RIGHTS AND YOU MAY HAVE OTHER RIGHTS WHICH VARY FROM STATE TO STATE.<\/p>\n\n\n\n<p>FOR THE ORIGINAL RETAIL PURCHASER TO SUBMIT A WARRANTY CLAIM, CALL OR WRITE MEGA SLAM HOOPS UK.<\/p>\n\n\n\n<p>TELEFON<br>020 3920 7400<br><br>EMAIL<br>support@megaslamhoops.uk<br>POSTIAADRESS<br><br>Mega Slam Suurbritannia<br>The Hollies, Station Road, Chilbolton<br>Stockbridge, Hampshire<br>Suurbritannia, SO20 6AL<\/p>\n<\/div>\n<\/div>","protected":false},"excerpt":{"rendered":"<p> ... <a title=\"Eluaegne garantii\" class=\"read-more\" href=\"https:\/\/oncourt.online\/et\/basketball-hoops\/lifetime-warranty\/\" aria-label=\"Read more about Lifetime Warranty\">Loe edasi<\/a><\/p>","protected":false},"author":2,"featured_media":362,"parent":34,"menu_order":0,"comment_status":"closed","ping_status":"closed","template":"","meta":{"_acf_changed":false,"inline_featured_image":false,"footnotes":""},"class_list":{"0":"post-428","1":"page","2":"type-page","3":"status-publish","4":"has-post-thumbnail","6":"infinite-scroll-item","7":"no-featured-image-padding","8":"resize-featured-image"},"acf":[],"yoast_head":"<!-- This site is optimized with the Yoast SEO Premium plugin v26.8 (Yoast SEO v27.3) - https:\/\/yoast.com\/product\/yoast-seo-premium-wordpress\/ -->\n<title>Lifetime Warranty - OnCourt Online<\/title>\n<meta name=\"description\" content=\"Mega Slam Hoops and OnCourt are committed to providing the best residential basketball systems that your money can buy.\" \/>\n<meta name=\"robots\" content=\"index, follow, max-snippet:-1, max-image-preview:large, max-video-preview:-1\" \/>\n<link rel=\"canonical\" href=\"https:\/\/oncourt.online\/et\/korvpallivorgud\/eluaegne-garantii\/\" \/>\n<meta property=\"og:locale\" content=\"et_EE\" \/>\n<meta property=\"og:type\" content=\"article\" \/>\n<meta property=\"og:title\" content=\"Lifetime Warranty\" \/>\n<meta property=\"og:description\" content=\"Mega Slam Hoops and OnCourt are committed to providing the best residential basketball systems that your money can buy.\" \/>\n<meta property=\"og:url\" content=\"https:\/\/oncourt.online\/et\/korvpallivorgud\/eluaegne-garantii\/\" \/>\n<meta property=\"og:site_name\" content=\"OnCourt Online\" \/>\n<meta property=\"article:publisher\" content=\"https:\/\/www.facebook.com\/oncourt.online\/\" \/>\n<meta property=\"article:modified_time\" content=\"2026-01-03T03:34:58+00:00\" \/>\n<meta property=\"og:image\" content=\"https:\/\/oncourt.online\/wp-content\/uploads\/2021\/10\/Mega-Slam-Hoops-Lifetime-Warranty.png\" \/>\n\t<meta property=\"og:image:width\" content=\"300\" \/>\n\t<meta property=\"og:image:height\" content=\"300\" \/>\n\t<meta property=\"og:image:type\" content=\"image\/png\" \/>\n<meta name=\"twitter:card\" content=\"summary_large_image\" \/>\n<meta name=\"twitter:label1\" content=\"Est. reading time\" \/>\n\t<meta name=\"twitter:data1\" content=\"4 minutit\" \/>\n<!-- \/ Yoast SEO Premium plugin. -->","yoast_head_json":{"title":"Eluaegne garantii - OnCourt Online","description":"Mega Slam Hoops ja OnCourt on p\u00fchendunud pakkuma parimaid koduseks kasutamiseks m\u00f5eldud korvpallis\u00fcsteeme, mida raha eest osta saab.","robots":{"index":"index","follow":"follow","max-snippet":"max-snippet:-1","max-image-preview":"max-image-preview:large","max-video-preview":"max-video-preview:-1"},"canonical":"https:\/\/oncourt.online\/et\/korvpallivorgud\/eluaegne-garantii\/","og_locale":"et_EE","og_type":"article","og_title":"Lifetime Warranty","og_description":"Mega Slam Hoops and OnCourt are committed to providing the best residential basketball systems that your money can buy.","og_url":"https:\/\/oncourt.online\/et\/korvpallivorgud\/eluaegne-garantii\/","og_site_name":"OnCourt Online","article_publisher":"https:\/\/www.facebook.com\/oncourt.online\/","article_modified_time":"2026-01-03T03:34:58+00:00","og_image":[{"width":300,"height":300,"url":"https:\/\/oncourt.online\/wp-content\/uploads\/2021\/10\/Mega-Slam-Hoops-Lifetime-Warranty.png","type":"image\/png"}],"twitter_card":"summary_large_image","twitter_misc":{"Est. reading time":"4 minutit"},"schema":{"@context":"https:\/\/schema.org","@graph":[{"@type":"WebPage","@id":"https:\/\/oncourt.online\/et\/basketball-hoops\/lifetime-warranty\/","url":"https:\/\/oncourt.online\/et\/basketball-hoops\/lifetime-warranty\/","name":"Eluaegne garantii - OnCourt Online","isPartOf":{"@id":"https:\/\/oncourt.online\/et\/#website"},"primaryImageOfPage":{"@id":"https:\/\/oncourt.online\/et\/basketball-hoops\/lifetime-warranty\/#primaryimage"},"image":{"@id":"https:\/\/oncourt.online\/et\/basketball-hoops\/lifetime-warranty\/#primaryimage"},"thumbnailUrl":"https:\/\/oncourt.online\/wp-content\/uploads\/2021\/10\/Mega-Slam-Hoops-Lifetime-Warranty.png","datePublished":"2021-10-22T11:43:33+00:00","dateModified":"2026-01-03T03:34:58+00:00","description":"Mega Slam Hoops ja OnCourt on p\u00fchendunud pakkuma parimaid koduseks kasutamiseks m\u00f5eldud korvpallis\u00fcsteeme, mida raha eest osta saab.","breadcrumb":{"@id":"https:\/\/oncourt.online\/et\/basketball-hoops\/lifetime-warranty\/#breadcrumb"},"inLanguage":"et","potentialAction":[{"@type":"ReadAction","target":["https:\/\/oncourt.online\/et\/basketball-hoops\/lifetime-warranty\/"]}]},{"@type":"ImageObject","inLanguage":"et","@id":"https:\/\/oncourt.online\/et\/basketball-hoops\/lifetime-warranty\/#primaryimage","url":"https:\/\/oncourt.online\/wp-content\/uploads\/2021\/10\/Mega-Slam-Hoops-Lifetime-Warranty.png","contentUrl":"https:\/\/oncourt.online\/wp-content\/uploads\/2021\/10\/Mega-Slam-Hoops-Lifetime-Warranty.png","width":300,"height":300,"caption":"Mega Slam Hoops - Lifetime Warranty"},{"@type":"BreadcrumbList","@id":"https:\/\/oncourt.online\/et\/basketball-hoops\/lifetime-warranty\/#breadcrumb","itemListElement":[{"@type":"ListItem","position":1,"name":"Home","item":"https:\/\/oncourt.online\/"},{"@type":"ListItem","position":2,"name":"Basketball Hoops","item":"https:\/\/oncourt.online\/et\/basketball-hoops\/"},{"@type":"ListItem","position":3,"name":"Lifetime Warranty"}]},{"@type":"WebSite","@id":"https:\/\/oncourt.online\/et\/#website","url":"https:\/\/oncourt.online\/et\/","name":"OnCourt Online","description":"K\u00f5rge j\u00f5udlusega korvpalliv\u00e4ljakud","publisher":{"@id":"https:\/\/oncourt.online\/et\/#organization"},"potentialAction":[{"@type":"SearchAction","target":{"@type":"EntryPoint","urlTemplate":"https:\/\/oncourt.online\/et\/?s={search_term_string}"},"query-input":{"@type":"PropertyValueSpecification","valueRequired":true,"valueName":"search_term_string"}}],"inLanguage":"et"},{"@type":"Organization","@id":"https:\/\/oncourt.online\/et\/#organization","name":"OnCourt Online","url":"https:\/\/oncourt.online\/et\/","logo":{"@type":"ImageObject","inLanguage":"et","@id":"https:\/\/oncourt.online\/et\/#\/schema\/logo\/image\/","url":"https:\/\/oncourt.online\/wp-content\/uploads\/2021\/12\/Logo_OnCourt_Black.svg","contentUrl":"https:\/\/oncourt.online\/wp-content\/uploads\/2021\/12\/Logo_OnCourt_Black.svg","width":"1024","height":"1024","caption":"OnCourt Online"},"image":{"@id":"https:\/\/oncourt.online\/et\/#\/schema\/logo\/image\/"},"sameAs":["https:\/\/www.facebook.com\/oncourt.online\/"],"email":"info@oncourt.online"}]}},"_links":{"self":[{"href":"https:\/\/oncourt.online\/et\/wp-json\/wp\/v2\/pages\/428","targetHints":{"allow":["GET"]}}],"collection":[{"href":"https:\/\/oncourt.online\/et\/wp-json\/wp\/v2\/pages"}],"about":[{"href":"https:\/\/oncourt.online\/et\/wp-json\/wp\/v2\/types\/page"}],"author":[{"embeddable":true,"href":"https:\/\/oncourt.online\/et\/wp-json\/wp\/v2\/users\/2"}],"replies":[{"embeddable":true,"href":"https:\/\/oncourt.online\/et\/wp-json\/wp\/v2\/comments?post=428"}],"version-history":[{"count":0,"href":"https:\/\/oncourt.online\/et\/wp-json\/wp\/v2\/pages\/428\/revisions"}],"up":[{"embeddable":true,"href":"https:\/\/oncourt.online\/et\/wp-json\/wp\/v2\/pages\/34"}],"wp:featuredmedia":[{"embeddable":true,"href":"https:\/\/oncourt.online\/et\/wp-json\/wp\/v2\/media\/362"}],"wp:attachment":[{"href":"https:\/\/oncourt.online\/et\/wp-json\/wp\/v2\/media?parent=428"}],"curies":[{"name":"wp","href":"https:\/\/api.w.org\/{rel}","templated":true}]}}