{"id":3706,"date":"2022-03-08T09:13:55","date_gmt":"2022-03-08T09:13:55","guid":{"rendered":"https:\/\/oncourt.online\/?page_id=3706"},"modified":"2026-01-13T08:00:41","modified_gmt":"2026-01-13T08:00:41","slug":"liituda-oncourt-ga","status":"publish","type":"page","link":"https:\/\/oncourt.online\/et\/join-oncourt\/","title":{"rendered":"Tee koost\u00f6\u00f6d OnCourtiga"},"content":{"rendered":"<div class=\"gb-container gb-container-c9c919f1\"><div class=\"gb-inside-container\">\n<div class=\"gb-container gb-container-cefabf47\"><div class=\"gb-inside-container\">\n\n<h2 class=\"gb-headline gb-headline-d23b44e5 gb-headline-text\">Tehke koost\u00f6\u00f6d korvpalliv\u00e4ljakute spetsialistiga<\/h2>\n\n\n\n<p class=\"gb-headline gb-headline-b071501e gb-headline-text\">OnCourt teeb koost\u00f6\u00f6d professionaalidega \u00fcle Euroopa, kes projekteerivad, ehitavad ja m\u00e4\u00e4ratlevad v\u00e4lispordirajatisi. Meie partnerprogramm on loodud ettev\u00f5tetele, kes soovivad pakkuda oma klientidele k\u00f5rge sooritusv\u00f5imega korvpalliv\u00e4ljakuid, mida toetavad spetsialiseeritud tooted, t\u00e4psed planeerimist\u00f6\u00f6riistad ja asjatundlik tugi.<\/p>\n\n\n\n<p class=\"gb-text gb-text-6b40232a\">Me ei tegutse \u00fcldise sporditarvete tarnijana. Korvpall on meie fookus ja teeme koost\u00f6\u00f6d partneritega, kes hindavad korrektset teostust.<\/p>\n\n\n\n<h3 class=\"gb-text gb-text-a0baa6e3\">Kellega me koost\u00f6\u00f6d teeme<\/h3>\n\n\n\n<p>Teeme koost\u00f6\u00f6d ettev\u00f5tetega, kes tegutsevad v\u00e4liehituse, disaini ja pinnakatete valdkonnas, sealhulgas:<\/p>\n\n\n\n<ul class=\"wp-block-list\">\n<li>\u00dcldehitajad ja t\u00f6\u00f6v\u00f5tjad<\/li>\n\n\n\n<li>Maastiku- ja aiakujundajad<\/li>\n\n\n\n<li>Pinnaset\u00f6\u00f6de ja taristuehituse t\u00f6\u00f6v\u00f5tjad<\/li>\n\n\n\n<li>Spordiv\u00e4ljakute ehitajad ja pinnakatete uuendamise spetsialistid<\/li>\n\n\n\n<li>Arhitektid ja spetsifikatsioonide koostajad<\/li>\n\n\n\n<li>Disainip\u00f5hised v\u00e4liruumi spetsialistid<\/li>\n<\/ul>\n\n\n\n<p class=\"gb-text gb-text-b726bb2a\">Kui teie t\u00f6\u00f6 h\u00f5lmab v\u00e4liruumide planeerimist v\u00f5i ehitamist ja soovite oma pakkumisse lisada korvpalliv\u00e4ljakuid, v\u00f5tke meiega \u00fchendust.<\/p>\n\n\n\n<div class=\"gb-element-bbf74639\">\n<div>\n<img loading=\"lazy\" decoding=\"async\" width=\"660\" height=\"400\" class=\"img_12px_radius gb-media-76f4f695\" alt=\"\" title=\"OnCourt Modular Basketball Court Surface Installation\" src=\"https:\/\/oncourt.online\/wp-content\/uploads\/2022\/05\/OnCourt-Modular-Basketball-Court-Surface-Installation.jpg\" srcset=\"https:\/\/oncourt.online\/wp-content\/uploads\/2022\/05\/OnCourt-Modular-Basketball-Court-Surface-Installation.jpg 660w, https:\/\/oncourt.online\/wp-content\/uploads\/2022\/05\/OnCourt-Modular-Basketball-Court-Surface-Installation-300x182.jpg 300w, https:\/\/oncourt.online\/wp-content\/uploads\/2022\/05\/OnCourt-Modular-Basketball-Court-Surface-Installation-18x12.jpg 18w, https:\/\/oncourt.online\/wp-content\/uploads\/2022\/05\/OnCourt-Modular-Basketball-Court-Surface-Installation-545x330.jpg 545w\" sizes=\"auto, (max-width: 660px) 100vw, 660px\" \/>\n<\/div>\n\n\n\n<div>\n<h2 class=\"gb-text\">Mida OnCourt partnerid v\u00f5ivad oodata<\/h2>\n\n\n\n<p class=\"gb-text last_text\">Juurdep\u00e4\u00e4su professionaalsetele v\u00e4ljakukujunduse t\u00f6\u00f6riistadele, soodushindadele ja erialasele toele, et saaksite kindlalt planeerida, m\u00e4\u00e4ratleda ja ellu viia k\u00f5rge j\u00f5udlusega korvpalliv\u00e4ljakuid.<\/p>\n<\/div>\n<\/div>\n\n\n\n<h4 class=\"gb-text\">Professionaalsed disainit\u00f6\u00f6riistad<\/h4>\n\n\n\n<p class=\"gb-text\">Kasutage OnCourti 3D-korvpalliv\u00e4ljaku disainiplatvormi, et planeerida paigutusi, uurida v\u00e4rvilahendusi, m\u00e4\u00e4rata katteid ja korve ning luua t\u00e4pseid visualiseeringuid ja hinnapakkumisi klientidele.<\/p>\n\n\n\n<h4 class=\"gb-text\">Soodushinnad partneritele<\/h4>\n\n\n\n<p class=\"gb-text\">Volitatud partnerid saavad ligip\u00e4\u00e4su soodushindadele modulaarsete korvpallikatete ja Mega Slam korvide jaoks, v\u00f5imaldades pakkuda tipptasemel lahendusi tervislike marginaalidega.<\/p>\n\n\n\n<h4 class=\"gb-text\">Spetsialiseeritud tehniline tugi<\/h4>\n\n\n\n<p class=\"gb-text\">Saate otsese juurdep\u00e4\u00e4su juhistele paigutuste, pinnakatete valiku, paigaldusn\u00f5uete ja toodete sobitamise kohta, v\u00e4hendades ebakindlust ja v\u00e4ltides kulukaid vigu objektil.<\/p>\n\n\n\n<h4 class=\"gb-text\">Selged spetsifikatsioonid ja ressursid<\/h4>\n\n\n\n<p class=\"gb-text gb-text-46b97fff\">Kasutage meie juhendeid ja planeerimisressursse, et v\u00e4ltida oletamist, v\u00e4hendada vigu ja esitada klientidele selgeid ning enesekindlaid ettepanekuid.<\/p>\n\n\n\n<div class=\"gb-element-d984cac5\">\n<div>\n<img loading=\"lazy\" decoding=\"async\" width=\"1200\" height=\"960\" class=\"img_12px_radius gb-media-1c57b1fb\" alt=\"\" title=\"Keskmise suurusega elamukvartali korvpalliv\u00e4ljak\" src=\"https:\/\/oncourt.online\/wp-content\/uploads\/2025\/12\/Medium-Sized-Residential-Basketball-Court-Design.webp\"\/>\n<\/div>\n\n\n\n<div>\n<h3 class=\"gb-text\">Loodud p\u00e4ris projektide jaoks<\/h3>\n\n\n\n<p>OnCourt Partnerprogramm sobib professionaalidele, kes teostavad j\u00e4rgmisi projekte:<\/p>\n\n\n\n<ul class=\"wp-block-list\">\n<li>Elamute kodused korvpalliv\u00e4ljakud<\/li>\n\n\n\n<li>Klubide ja treeningkeskuste rajatised<\/li>\n\n\n\n<li>Koolide ja haridusasutuste v\u00e4ljakud<\/li>\n\n\n\n<li>\u00c4ri- v\u00f5i mitmeotstarbelised v\u00e4liv\u00e4ljakud<\/li>\n<\/ul>\n\n\n\n<p class=\"gb-text last_text\">Toetame partnereid, kes tunnevad uhkust kvaliteetse teostuse ja pikaajalise toimivuse \u00fcle.<\/p>\n<\/div>\n<\/div>\n\n\n\n<div class=\"gb-element-f79012eb\">\n<h3 class=\"gb-text gb-text-5da21831\">Kandideeri OnCourt partneriks<\/h3>\n\n\n\n<p class=\"gb-text not_last_text\">Kui olete huvitatud koost\u00f6\u00f6st OnCourtiga, t\u00e4itke allolev p\u00e4ringuvorm. <\/p>\n\n\n\n<p class=\"gb-text gb-text-209ee9ae\">Vaatame k\u00f5ik taotlused l\u00e4bi ja v\u00f5tame teiega \u00fchendust, et arutada, kas programm sobib teie ettev\u00f5ttele.<\/p>\n<\/div>\n\n\n<div class=\"gb-container gb-container-8ddfb2cf\">\n\n\n\n\n\n\n<div class=\"gb-container gb-container-477986de\">\n\n<div class=\"pipedriveWebForms\" data-pd-webforms=\"https:\/\/webforms.pipedrive.com\/f\/5VLE34298HPbSDEBnsCcHD18HoSzPJ1EAHkPOea33d934MjjepcBxLEM9gJ2ckzMt5\"><script src=\"https:\/\/webforms.pipedrive.com\/f\/loader\"><\/script><\/div>\n\n<\/div>\n\n\n\n\n\n\n\n\n\n\n\n\n\n\n\n\n\n\n\n\n<\/div>\n<\/div><\/div>\n<\/div><\/div>","protected":false},"excerpt":{"rendered":"<p> ... <a title=\"Tee koost\u00f6\u00f6d OnCourtiga\" class=\"read-more\" href=\"https:\/\/oncourt.online\/et\/join-oncourt\/\" aria-label=\"Read more about Work With OnCourt\">Loe edasi<\/a><\/p>","protected":false},"author":2,"featured_media":7048,"parent":0,"menu_order":13,"comment_status":"closed","ping_status":"closed","template":"","meta":{"_acf_changed":false,"inline_featured_image":false,"footnotes":""},"class_list":{"0":"post-3706","1":"page","2":"type-page","3":"status-publish","4":"has-post-thumbnail","6":"infinite-scroll-item","7":"no-featured-image-padding","8":"resize-featured-image"},"acf":[],"yoast_head":"<!-- This site is optimized with the Yoast SEO Premium plugin v26.8 (Yoast SEO v27.3) - https:\/\/yoast.com\/product\/yoast-seo-premium-wordpress\/ -->\n<title>OnCourt Partners | Trade Pricing &amp; Basketball Court Design Tools<\/title>\n<meta name=\"description\" content=\"Partner with OnCourt. Work with a specialist basketball court supplier. Design tools, trade pricing, and support for residential &amp; commercial projects.\" \/>\n<meta name=\"robots\" content=\"index, follow, max-snippet:-1, max-image-preview:large, max-video-preview:-1\" \/>\n<link rel=\"canonical\" href=\"https:\/\/oncourt.online\/et\/liituda-oncourt-ga\/\" \/>\n<meta property=\"og:locale\" content=\"et_EE\" \/>\n<meta property=\"og:type\" content=\"article\" \/>\n<meta property=\"og:title\" content=\"Work With OnCourt\" \/>\n<meta property=\"og:description\" content=\"Partner with OnCourt. Work with a specialist basketball court supplier. Design tools, trade pricing, and support for residential &amp; commercial projects.\" \/>\n<meta property=\"og:url\" content=\"https:\/\/oncourt.online\/et\/liituda-oncourt-ga\/\" \/>\n<meta property=\"og:site_name\" content=\"OnCourt Online\" \/>\n<meta property=\"article:publisher\" content=\"https:\/\/www.facebook.com\/oncourt.online\/\" \/>\n<meta property=\"article:modified_time\" content=\"2026-01-13T08:00:41+00:00\" \/>\n<meta property=\"og:image\" content=\"https:\/\/oncourt.online\/wp-content\/uploads\/2022\/05\/OnCourt-Modular-Basketball-Court-Surface-Installation.jpg\" \/>\n\t<meta property=\"og:image:width\" content=\"660\" \/>\n\t<meta property=\"og:image:height\" content=\"400\" \/>\n\t<meta property=\"og:image:type\" content=\"image\/jpeg\" \/>\n<meta name=\"twitter:card\" content=\"summary_large_image\" \/>\n<meta name=\"twitter:label1\" content=\"Est. reading time\" \/>\n\t<meta name=\"twitter:data1\" content=\"3 minutit\" \/>\n<!-- \/ Yoast SEO Premium plugin. -->","yoast_head_json":{"title":"OnCourt Partnerid | Hulgihinnad ja Korvpalliv\u00e4ljakute Kujundust\u00f6\u00f6riistad","description":"Hakka OnCourti partneriks. Tee koost\u00f6\u00f6d korvpalliv\u00e4ljakute spetsialistiga. Disainit\u00f6\u00f6riistad, hulgihinnad ja tugi elu- ja \u00e4riprojektidele.","robots":{"index":"index","follow":"follow","max-snippet":"max-snippet:-1","max-image-preview":"max-image-preview:large","max-video-preview":"max-video-preview:-1"},"canonical":"https:\/\/oncourt.online\/et\/liituda-oncourt-ga\/","og_locale":"et_EE","og_type":"article","og_title":"Work With OnCourt","og_description":"Partner with OnCourt. Work with a specialist basketball court supplier. Design tools, trade pricing, and support for residential & commercial projects.","og_url":"https:\/\/oncourt.online\/et\/liituda-oncourt-ga\/","og_site_name":"OnCourt Online","article_publisher":"https:\/\/www.facebook.com\/oncourt.online\/","article_modified_time":"2026-01-13T08:00:41+00:00","og_image":[{"width":660,"height":400,"url":"https:\/\/oncourt.online\/wp-content\/uploads\/2022\/05\/OnCourt-Modular-Basketball-Court-Surface-Installation.jpg","type":"image\/jpeg"}],"twitter_card":"summary_large_image","twitter_misc":{"Est. reading time":"3 minutit"},"schema":{"@context":"https:\/\/schema.org","@graph":[{"@type":"WebPage","@id":"https:\/\/oncourt.online\/et\/join-oncourt\/","url":"https:\/\/oncourt.online\/et\/join-oncourt\/","name":"OnCourt Partnerid | Hulgihinnad ja Korvpalliv\u00e4ljakute Kujundust\u00f6\u00f6riistad","isPartOf":{"@id":"https:\/\/oncourt.online\/et\/#website"},"primaryImageOfPage":{"@id":"https:\/\/oncourt.online\/et\/join-oncourt\/#primaryimage"},"image":{"@id":"https:\/\/oncourt.online\/et\/join-oncourt\/#primaryimage"},"thumbnailUrl":"https:\/\/oncourt.online\/wp-content\/uploads\/2022\/05\/OnCourt-Modular-Basketball-Court-Surface-Installation.jpg","datePublished":"2022-03-08T09:13:55+00:00","dateModified":"2026-01-13T08:00:41+00:00","description":"Hakka OnCourti partneriks. Tee koost\u00f6\u00f6d korvpalliv\u00e4ljakute spetsialistiga. Disainit\u00f6\u00f6riistad, hulgihinnad ja tugi elu- ja \u00e4riprojektidele.","breadcrumb":{"@id":"https:\/\/oncourt.online\/et\/join-oncourt\/#breadcrumb"},"inLanguage":"et","potentialAction":[{"@type":"ReadAction","target":["https:\/\/oncourt.online\/et\/join-oncourt\/"]}]},{"@type":"ImageObject","inLanguage":"et","@id":"https:\/\/oncourt.online\/et\/join-oncourt\/#primaryimage","url":"https:\/\/oncourt.online\/wp-content\/uploads\/2022\/05\/OnCourt-Modular-Basketball-Court-Surface-Installation.jpg","contentUrl":"https:\/\/oncourt.online\/wp-content\/uploads\/2022\/05\/OnCourt-Modular-Basketball-Court-Surface-Installation.jpg","width":660,"height":400},{"@type":"BreadcrumbList","@id":"https:\/\/oncourt.online\/et\/join-oncourt\/#breadcrumb","itemListElement":[{"@type":"ListItem","position":1,"name":"Home","item":"https:\/\/oncourt.online\/"},{"@type":"ListItem","position":2,"name":"Work With OnCourt"}]},{"@type":"WebSite","@id":"https:\/\/oncourt.online\/et\/#website","url":"https:\/\/oncourt.online\/et\/","name":"OnCourt Online","description":"K\u00f5rge j\u00f5udlusega korvpalliv\u00e4ljakud","publisher":{"@id":"https:\/\/oncourt.online\/et\/#organization"},"potentialAction":[{"@type":"SearchAction","target":{"@type":"EntryPoint","urlTemplate":"https:\/\/oncourt.online\/et\/?s={search_term_string}"},"query-input":{"@type":"PropertyValueSpecification","valueRequired":true,"valueName":"search_term_string"}}],"inLanguage":"et"},{"@type":"Organization","@id":"https:\/\/oncourt.online\/et\/#organization","name":"OnCourt Online","url":"https:\/\/oncourt.online\/et\/","logo":{"@type":"ImageObject","inLanguage":"et","@id":"https:\/\/oncourt.online\/et\/#\/schema\/logo\/image\/","url":"https:\/\/oncourt.online\/wp-content\/uploads\/2021\/12\/Logo_OnCourt_Black.svg","contentUrl":"https:\/\/oncourt.online\/wp-content\/uploads\/2021\/12\/Logo_OnCourt_Black.svg","width":"1024","height":"1024","caption":"OnCourt Online"},"image":{"@id":"https:\/\/oncourt.online\/et\/#\/schema\/logo\/image\/"},"sameAs":["https:\/\/www.facebook.com\/oncourt.online\/"],"email":"info@oncourt.online"}]}},"_links":{"self":[{"href":"https:\/\/oncourt.online\/et\/wp-json\/wp\/v2\/pages\/3706","targetHints":{"allow":["GET"]}}],"collection":[{"href":"https:\/\/oncourt.online\/et\/wp-json\/wp\/v2\/pages"}],"about":[{"href":"https:\/\/oncourt.online\/et\/wp-json\/wp\/v2\/types\/page"}],"author":[{"embeddable":true,"href":"https:\/\/oncourt.online\/et\/wp-json\/wp\/v2\/users\/2"}],"replies":[{"embeddable":true,"href":"https:\/\/oncourt.online\/et\/wp-json\/wp\/v2\/comments?post=3706"}],"version-history":[{"count":1,"href":"https:\/\/oncourt.online\/et\/wp-json\/wp\/v2\/pages\/3706\/revisions"}],"predecessor-version":[{"id":17261,"href":"https:\/\/oncourt.online\/et\/wp-json\/wp\/v2\/pages\/3706\/revisions\/17261"}],"wp:featuredmedia":[{"embeddable":true,"href":"https:\/\/oncourt.online\/et\/wp-json\/wp\/v2\/media\/7048"}],"wp:attachment":[{"href":"https:\/\/oncourt.online\/et\/wp-json\/wp\/v2\/media?parent=3706"}],"curies":[{"name":"wp","href":"https:\/\/api.w.org\/{rel}","templated":true}]}}