{"id":10,"date":"2022-06-07T21:39:16","date_gmt":"2022-06-07T21:39:16","guid":{"rendered":"https:\/\/oncourt.online\/?page_id=10"},"modified":"2026-01-08T02:56:26","modified_gmt":"2026-01-08T02:56:26","slug":"refund-returns","status":"publish","type":"page","link":"https:\/\/oncourt.online\/et\/refund-returns\/","title":{"rendered":"Tagastamise ja tagastamise poliitika"},"content":{"rendered":"<div class=\"gb-element-a4b81a66\"><div class=\"gb-container gb-container-16508648\"><div class=\"gb-inside-container\">\n\n<h1 class=\"gb-text\">Tagastamise ja tagastamise poliitika<\/h1>\n\n\n\n<p class=\"gb-headline gb-headline-a63af49e gb-headline-text\">Loodame, et k\u00f5ik OnCourti kliendid on oma ostuga rahul. M\u00f5nikord v\u00f5ib siiski juhtuda, et te ei ole mingil p\u00f5hjusel t\u00e4ielikult rahul. Sellisel juhul v\u00f5ite ostetud kaubad meile tagastada t\u00e4ieliku tagasimakse, poekrediidi v\u00f5i vahetuse saamiseks.<\/p>\n\n\n\n<h2 class=\"gb-headline gb-headline-04e28294 gb-headline-text\">\u00dclevaade<\/h2>\n\n\n\n<p class=\"gb-headline gb-headline-5b665cdd gb-headline-text\">Meie tagastamis- ja tagastamispoliitika kehtib 28 p\u00e4eva. Te peate meile oma soovist tagastada kaubad teatama e-posti teel 28 p\u00e4eva jooksul alates kauba k\u00e4ttesaamisest. Kui ostust on m\u00f6\u00f6dunud 28 p\u00e4eva, ei saa me Teile pakkuda t\u00e4ielikku tagastust ega vahetust.<\/p>\n\n\n\n<p class=\"gb-headline gb-headline-69f3bcdd gb-headline-text\">Tagastamiseks peab teie toode olema kasutamata ja samas seisukorras, nagu te selle saite. Samuti peab see olema originaalpakendis.<\/p>\n\n\n\n<p class=\"gb-headline gb-headline-23bde10c gb-headline-text\">Kohandatud tr\u00fckitud v\u00f5i v\u00e4rvitud kohtupinnad ei kuulu tagastamisele. <\/p>\n\n\n\n<p class=\"gb-headline gb-headline-1cc6618d gb-headline-text\">Tagastamise l\u00f5petamiseks vajame kviitungit v\u00f5i ostut\u00f5endit.<\/p>\n\n\n\n<p class=\"gb-headline gb-headline-cae31263 gb-headline-text\">Palun \u00e4rge saatke oma ostetud toodet tagasi tootjale.<\/p>\n\n\n\n<p class=\"gb-headline gb-headline-a9909ab1 gb-headline-text\">Teatud olukordades antakse ainult osaline tagasimakse:<\/p>\n\n\n\n<ul class=\"wp-block-list\">\n<li>Tooted, millel on selged kasutusj\u00e4ljed<\/li>\n\n\n\n<li>K\u00f5ik tooted, mis ei ole originaalseisundis, on kahjustatud v\u00f5i millel puuduvad osad p\u00f5hjustel, mis ei ole seotud tootja v\u00f5i paigaldaja veaga.<\/li>\n\n\n\n<li>K\u00f5ik tooted, mis tagastatakse rohkem kui 28 p\u00e4eva p\u00e4rast kohaletoimetamist<\/li>\n<\/ul>\n\n\n\n<h3 class=\"gb-headline gb-headline-b1c33d39 gb-headline-text\">Tagasimaksed<\/h3>\n\n\n\n<p class=\"gb-headline gb-headline-db2e4daa gb-headline-text\">Kui oleme teie tagastatud kauba k\u00e4tte saanud ja kontrollinud, saadame teile e-kirja, et teavitada teid tagastatud kauba k\u00e4ttesaamisest. Samuti teavitame teid tagasimakse heakskiitmisest v\u00f5i tagasil\u00fckkamisest.<\/p>\n\n\n\n<p class=\"gb-headline gb-headline-211c62b8 gb-headline-text\">Kui taotlus kiidetakse heaks, t\u00f6\u00f6deldakse teie tagasimakse ja krediit kantakse automaatselt teie krediitkaardile v\u00f5i algsele makseviisile 14 p\u00e4eva jooksul.<\/p>\n\n\n\n<p class=\"gb-headline gb-headline-d56db316 gb-headline-text\"><b>Hilinenud v\u00f5i puuduvad tagasimaksed<\/b><\/p>\n\n\n\n<p class=\"gb-headline gb-headline-948f340b gb-headline-text\">Kui te pole veel tagasimakset saanud, kontrollige esmalt uuesti oma pangakontot. V\u00f5tke \u00fchendust oma krediitkaardi v\u00e4ljastajaga, sest tagasimakse ametlikuks kajastamiseks v\u00f5ib kuluda m\u00f5ni aeg. Seej\u00e4rel v\u00f5tke \u00fchendust oma pangaga. Tagasimakse kajastamiseks kulub sageli m\u00f5ni aeg.<\/p>\n\n\n\n<p class=\"gb-text gb-text-3b0fbb5a\">Kui olete k\u00f5ik need sammud l\u00e4bi teinud, kuid pole ikka veel tagasimakset saanud, v\u00f5tke meiega \u00fchendust aadressil info@oncourt.online.<\/p>\n\n\n\n<h3 class=\"gb-headline gb-headline-b446ed2a gb-headline-text\">Kingitused<\/h3>\n\n\n\n<p class=\"gb-headline gb-headline-9108d094 gb-headline-text\">Kui toode oli ostmisel m\u00e4rgitud kingituseks ja saadeti otse teile, saate tagastatud toote v\u00e4\u00e4rtuses kinkekaardi. Kui tagastatud toode on k\u00e4tte saadud, saadetakse teile kinkekaart postiga.<\/p>\n\n\n\n<p class=\"gb-headline gb-headline-5d3cf727 gb-headline-text\">Kui toode ei olnud ostmisel m\u00e4rgitud kingitusena v\u00f5i kui kingituse tegija lasi tellimuse endale saata, et see hiljem sulle \u00fcle anda, saadame tagasimakse kingituse tegijale ja teavitame teda tagastamisest.<\/p>\n\n\n\n<h3 class=\"gb-headline gb-headline-ae81b763 gb-headline-text\">Kohaletoimetamine ja tagastamine<\/h3>\n\n\n\n<p class=\"gb-headline gb-headline-fdc80127 gb-headline-text\">Toote tagastamiseks saatke see aadressile: <\/p>\n\n\n\n<p class=\"gb-headline gb-headline-7d98ac82 gb-headline-text translation-block\"><strong>\u00dchendkuningriigist ja Iirimaalt ostetud tooted<\/strong>: Unit 11 Stonefield Park, Martins Lane, Chilbolton, Stockbridge SO20 6AL<\/p>\n\n\n\n<p class=\"gb-headline gb-headline-b68103aa gb-headline-text translation-block\"><strong>Mandri-Euroopast ostetud tooted<\/strong>: OnCourt EU, Industriepark-West 43, 9100, Sint-Niklass, Belgium<\/p>\n\n\n\n<p class=\"gb-headline gb-headline-c4eac7e0 gb-headline-text\">Teie vastutate oma toote tagastamise kulude eest. Transpordikulusid ei h\u00fcvitata. Kui saate tagasimakse, arvatakse tagastamise kulud tagasimaksest maha.<\/p>\n\n\n\n<p>S\u00f5ltuvalt teie elukohast v\u00f5ib vahetatud toote kohaletoimetamise aeg varieeruda.<\/p>\n\n\n\n<p class=\"gb-text-874a6c8e\"><span class=\"gb-shape\"><svg xmlns=\"http:\/\/www.w3.org\/2000\/svg\" viewbox=\"0 0 256 256\" fill=\"currentColor\"><path d=\"M221.66,133.66l-72,72a8,8,0,0,1-11.32-11.32L196.69,136H40a8,8,0,0,1,0-16H196.69L138.34,61.66a8,8,0,0,1,11.32-11.32l72,72A8,8,0,0,1,221.66,133.66Z\"><\/path><\/svg><\/span><span class=\"gb-text\"><strong><em><a href=\"https:\/\/oncourt.online\/et\/laevanduse-kattetoimetamine\/\">OnCourt tarne- ja kohaletoimetamise teave<\/a><\/em><\/strong><\/span><\/p>\n\n\n\n<h3 class=\"gb-headline gb-headline-df42cdb6 gb-headline-text\">Vajate abi?<\/h3>\n\n\n\n<p class=\"translation-block\"><a href=\"https:\/\/oncourt.online\/et\/kontakt\/\" target=\"_self\">V\u00f5tke meiega \u00fchendust<\/a> aadressil info@oncourt.online\n, kui teil on k\u00fcsimusi tagastuste ja tagasimaksete kohta.<\/p>\n\n\n\n<p class=\"gb-text-41c0004e\"><span class=\"gb-shape\"><svg xmlns=\"http:\/\/www.w3.org\/2000\/svg\" viewbox=\"0 0 256 256\" fill=\"currentColor\"><path d=\"M221.66,133.66l-72,72a8,8,0,0,1-11.32-11.32L196.69,136H40a8,8,0,0,1,0-16H196.69L138.34,61.66a8,8,0,0,1,11.32-11.32l72,72A8,8,0,0,1,221.66,133.66Z\"><\/path><\/svg><\/span><span class=\"gb-text\">Kas teil on k\u00fcsimusi? <strong><em><a href=\"https:\/\/oncourt.online\/et\/basketball-court-faq\/\">K\u00fclasta OnCourt KKK-d<\/a><\/em><\/strong><\/span><\/p>\n\n<\/div><\/div><\/div>","protected":false},"excerpt":{"rendered":"<p> ... <a title=\"Tagastamise ja tagastamise poliitika\" class=\"read-more\" href=\"https:\/\/oncourt.online\/et\/refund-returns\/\" aria-label=\"Read more about Refund and Returns Policy\">Loe edasi<\/a><\/p>","protected":false},"author":2,"featured_media":6877,"parent":0,"menu_order":25,"comment_status":"closed","ping_status":"closed","template":"","meta":{"_acf_changed":false,"inline_featured_image":false,"footnotes":""},"class_list":{"0":"post-10","1":"page","2":"type-page","3":"status-publish","4":"has-post-thumbnail","6":"infinite-scroll-item","7":"no-featured-image-padding","8":"resize-featured-image"},"acf":[],"yoast_head":"<!-- This site is optimized with the Yoast SEO Premium plugin v26.8 (Yoast SEO v27.3) - https:\/\/yoast.com\/product\/yoast-seo-premium-wordpress\/ -->\n<title>Refund and Returns Policy - OnCourt Online<\/title>\n<meta name=\"description\" content=\"OnCourt Online refunds and returns policy. Cointact us with any questions you might have regarding refunds and returns.\" \/>\n<meta name=\"robots\" content=\"index, follow, max-snippet:-1, max-image-preview:large, max-video-preview:-1\" \/>\n<link rel=\"canonical\" href=\"https:\/\/oncourt.online\/et\/refund-returns\/\" \/>\n<meta property=\"og:locale\" content=\"et_EE\" \/>\n<meta property=\"og:type\" content=\"article\" \/>\n<meta property=\"og:title\" content=\"Refund and Returns Policy\" \/>\n<meta property=\"og:description\" content=\"OnCourt Online refunds and returns policy. Cointact us with any questions you might have regarding refunds and returns.\" \/>\n<meta property=\"og:url\" content=\"https:\/\/oncourt.online\/et\/refund-returns\/\" \/>\n<meta property=\"og:site_name\" content=\"OnCourt Online\" \/>\n<meta property=\"article:publisher\" content=\"https:\/\/www.facebook.com\/oncourt.online\/\" \/>\n<meta property=\"article:modified_time\" content=\"2026-01-08T02:56:26+00:00\" \/>\n<meta property=\"og:image\" content=\"https:\/\/oncourt.online\/wp-content\/uploads\/2022\/05\/OnCourt-Shipping-and-Delivery-Header.jpg\" \/>\n\t<meta property=\"og:image:width\" content=\"1440\" \/>\n\t<meta property=\"og:image:height\" content=\"498\" \/>\n\t<meta property=\"og:image:type\" content=\"image\/jpeg\" \/>\n<meta name=\"twitter:card\" content=\"summary_large_image\" \/>\n<meta name=\"twitter:label1\" content=\"Est. reading time\" \/>\n\t<meta name=\"twitter:data1\" content=\"3 minutit\" \/>\n<!-- \/ Yoast SEO Premium plugin. -->","yoast_head_json":{"title":"Tagastamis- ja tagastamispoliitika \u2013 OnCourt Online","description":"OnCourt Online'i tagastamis- ja tagastamispoliitika. Kui teil on tagastamise ja tagastamisega seotud k\u00fcsimusi, v\u00f5tke meiega \u00fchendust.","robots":{"index":"index","follow":"follow","max-snippet":"max-snippet:-1","max-image-preview":"max-image-preview:large","max-video-preview":"max-video-preview:-1"},"canonical":"https:\/\/oncourt.online\/et\/refund-returns\/","og_locale":"et_EE","og_type":"article","og_title":"Refund and Returns Policy","og_description":"OnCourt Online refunds and returns policy. Cointact us with any questions you might have regarding refunds and returns.","og_url":"https:\/\/oncourt.online\/et\/refund-returns\/","og_site_name":"OnCourt Online","article_publisher":"https:\/\/www.facebook.com\/oncourt.online\/","article_modified_time":"2026-01-08T02:56:26+00:00","og_image":[{"width":1440,"height":498,"url":"https:\/\/oncourt.online\/wp-content\/uploads\/2022\/05\/OnCourt-Shipping-and-Delivery-Header.jpg","type":"image\/jpeg"}],"twitter_card":"summary_large_image","twitter_misc":{"Est. reading time":"3 minutit"},"schema":{"@context":"https:\/\/schema.org","@graph":[{"@type":"WebPage","@id":"https:\/\/oncourt.online\/et\/refund-returns\/","url":"https:\/\/oncourt.online\/et\/refund-returns\/","name":"Tagastamis- ja tagastamispoliitika \u2013 OnCourt Online","isPartOf":{"@id":"https:\/\/oncourt.online\/et\/#website"},"primaryImageOfPage":{"@id":"https:\/\/oncourt.online\/et\/refund-returns\/#primaryimage"},"image":{"@id":"https:\/\/oncourt.online\/et\/refund-returns\/#primaryimage"},"thumbnailUrl":"https:\/\/oncourt.online\/wp-content\/uploads\/2022\/05\/OnCourt-Shipping-and-Delivery-Header.jpg","datePublished":"2022-06-07T21:39:16+00:00","dateModified":"2026-01-08T02:56:26+00:00","description":"OnCourt Online'i tagastamis- ja tagastamispoliitika. Kui teil on tagastamise ja tagastamisega seotud k\u00fcsimusi, v\u00f5tke meiega \u00fchendust.","breadcrumb":{"@id":"https:\/\/oncourt.online\/et\/refund-returns\/#breadcrumb"},"inLanguage":"et","potentialAction":[{"@type":"ReadAction","target":["https:\/\/oncourt.online\/et\/refund-returns\/"]}]},{"@type":"ImageObject","inLanguage":"et","@id":"https:\/\/oncourt.online\/et\/refund-returns\/#primaryimage","url":"https:\/\/oncourt.online\/wp-content\/uploads\/2022\/05\/OnCourt-Shipping-and-Delivery-Header.jpg","contentUrl":"https:\/\/oncourt.online\/wp-content\/uploads\/2022\/05\/OnCourt-Shipping-and-Delivery-Header.jpg","width":1440,"height":498,"caption":"Shipping & Delivery | OnCourt"},{"@type":"BreadcrumbList","@id":"https:\/\/oncourt.online\/et\/refund-returns\/#breadcrumb","itemListElement":[{"@type":"ListItem","position":1,"name":"Home","item":"https:\/\/oncourt.online\/"},{"@type":"ListItem","position":2,"name":"Refund and Returns Policy"}]},{"@type":"WebSite","@id":"https:\/\/oncourt.online\/et\/#website","url":"https:\/\/oncourt.online\/et\/","name":"OnCourt Online","description":"K\u00f5rge j\u00f5udlusega korvpalliv\u00e4ljakud","publisher":{"@id":"https:\/\/oncourt.online\/et\/#organization"},"potentialAction":[{"@type":"SearchAction","target":{"@type":"EntryPoint","urlTemplate":"https:\/\/oncourt.online\/et\/?s={search_term_string}"},"query-input":{"@type":"PropertyValueSpecification","valueRequired":true,"valueName":"search_term_string"}}],"inLanguage":"et"},{"@type":"Organization","@id":"https:\/\/oncourt.online\/et\/#organization","name":"OnCourt Online","url":"https:\/\/oncourt.online\/et\/","logo":{"@type":"ImageObject","inLanguage":"et","@id":"https:\/\/oncourt.online\/et\/#\/schema\/logo\/image\/","url":"https:\/\/oncourt.online\/wp-content\/uploads\/2021\/12\/Logo_OnCourt_Black.svg","contentUrl":"https:\/\/oncourt.online\/wp-content\/uploads\/2021\/12\/Logo_OnCourt_Black.svg","width":"1024","height":"1024","caption":"OnCourt Online"},"image":{"@id":"https:\/\/oncourt.online\/et\/#\/schema\/logo\/image\/"},"sameAs":["https:\/\/www.facebook.com\/oncourt.online\/"],"email":"info@oncourt.online"}]}},"_links":{"self":[{"href":"https:\/\/oncourt.online\/et\/wp-json\/wp\/v2\/pages\/10","targetHints":{"allow":["GET"]}}],"collection":[{"href":"https:\/\/oncourt.online\/et\/wp-json\/wp\/v2\/pages"}],"about":[{"href":"https:\/\/oncourt.online\/et\/wp-json\/wp\/v2\/types\/page"}],"author":[{"embeddable":true,"href":"https:\/\/oncourt.online\/et\/wp-json\/wp\/v2\/users\/2"}],"replies":[{"embeddable":true,"href":"https:\/\/oncourt.online\/et\/wp-json\/wp\/v2\/comments?post=10"}],"version-history":[{"count":0,"href":"https:\/\/oncourt.online\/et\/wp-json\/wp\/v2\/pages\/10\/revisions"}],"wp:featuredmedia":[{"embeddable":true,"href":"https:\/\/oncourt.online\/et\/wp-json\/wp\/v2\/media\/6877"}],"wp:attachment":[{"href":"https:\/\/oncourt.online\/et\/wp-json\/wp\/v2\/media?parent=10"}],"curies":[{"name":"wp","href":"https:\/\/api.w.org\/{rel}","templated":true}]}}