{"id":693,"date":"2021-11-19T10:39:36","date_gmt":"2021-11-19T10:39:36","guid":{"rendered":"https:\/\/oncourt.online\/?post_type=product&#038;p=693"},"modified":"2026-01-17T01:35:48","modified_gmt":"2026-01-17T01:35:48","slug":"net-protect","status":"publish","type":"product","link":"https:\/\/oncourt.online\/es\/basketball-hoops\/net-protect\/","title":{"rendered":"Net Protect\u00ae"},"content":{"rendered":"<div class=\"gb-grid-wrapper gb-grid-wrapper-987aee11\">\n<div class=\"gb-grid-column gb-grid-column-069d7f0b\"><div class=\"gb-container gb-container-069d7f0b\"><div class=\"gb-inside-container\">\n\n<img loading=\"lazy\" decoding=\"async\" width=\"600\" height=\"600\" class=\"img_12px_radius\" src=\"https:\/\/oncourt.online\/wp-content\/uploads\/2021\/11\/Mega-Slam-Hoops-Net-Protect.jpg\" alt=\"Net Protect - Mega Slam Hoops\"\/>\n\n<\/div><\/div><\/div>\n\n<div class=\"gb-grid-column gb-grid-column-598d56ce\"><div class=\"gb-container gb-container-598d56ce\"><div class=\"gb-inside-container\">\n\n<h2 class=\"gb-headline gb-headline-9efc8088 gb-headline-text\">Mega Red<\/h2>\n\n\n\n<p>Quiz\u00e1 el mejor defensor de la cancha, Net Protect\u00ae tiene 3,65 m de ancho y 3 m de altura. Espacio de sobra para atrapar la mayor\u00eda de los tiros fallados, especialmente los de peque\u00f1os aspirantes a profesionales.<\/p>\n\n<\/div><\/div><\/div>\n<\/div>","protected":false},"excerpt":{"rendered":"<div class=\"woocommerce-product-details__short-description\">\n<p class=\"gb-headline gb-headline-bffe8f8b gb-headline-text\">Con el sistema de red Net Protect\u00ae, mantienes m\u00e1s tiros fallidos dentro de la cancha. Net Protect\u00ae hace que el juego sea m\u00e1s seguro para todos al evitar que tengas que perseguir balones por la calle o el jard\u00edn todo el d\u00eda. Compatible con los modelos MegaSlam 60 y MegaSlam 72 (Patente en tr\u00e1mite).<\/p>\n<\/div>","protected":false},"featured_media":16586,"template":"","meta":{"_acf_changed":true,"inline_featured_image":false},"product_brand":[],"product_cat":[19,236],"product_tag":[],"class_list":{"0":"post-693","1":"product","2":"type-product","3":"status-publish","4":"has-post-thumbnail","6":"product_cat-basketball-hoops","7":"product_cat-accessories","8":"product_shipping_class-component-shipping","9":"infinite-scroll-item","10":"no-featured-image-padding","11":"resize-featured-image","12":"","13":"woocommerce-text-align-center","14":"woocommerce-image-align-center","15":"do-quantity-buttons","17":"first","18":"instock","19":"taxable","20":"shipping-taxable","21":"purchasable","22":"product-type-simple"},"bundled_by":["4941","4946","4990","136","370"],"bundle_stock_status":"instock","bundle_stock_quantity":null,"bundle_virtual":false,"bundle_layout":"","bundle_add_to_cart_form_location":"","bundle_editable_in_cart":false,"bundle_sold_individually_context":"","bundle_item_grouping":"","bundle_min_size":"","bundle_max_size":"","bundle_price":[],"bundled_items":[],"bundle_sell_ids":[],"acf":[],"yoast_head":"<!-- This site is optimized with the Yoast SEO Premium plugin v26.8 (Yoast SEO v27.3) - https:\/\/yoast.com\/product\/yoast-seo-premium-wordpress\/ -->\n<title>Net Protect\u00ae | Ball Containment for Mega Slam Hoops | OnCourt<\/title>\n<meta name=\"description\" content=\"With the Net Protect\u00ae netting system, you keep more missed shots on the court. Net Protect\u00ae makes a safer game for everyone. Fits all Mega Slam systems.\" \/>\n<meta name=\"robots\" content=\"index, follow, max-snippet:-1, max-image-preview:large, max-video-preview:-1\" \/>\n<link rel=\"canonical\" href=\"https:\/\/oncourt.online\/es\/canastas-baloncesto\/net-protect\/\" \/>\n<meta property=\"og:locale\" content=\"es_ES\" \/>\n<meta property=\"og:type\" content=\"article\" \/>\n<meta property=\"og:title\" content=\"Net Protect\u00ae\" \/>\n<meta property=\"og:description\" content=\"With the Net Protect\u00ae netting system, you keep more missed shots on the court. Net Protect\u00ae makes a safer game for everyone. Fits all Mega Slam systems.\" \/>\n<meta property=\"og:url\" content=\"https:\/\/oncourt.online\/es\/canastas-baloncesto\/net-protect\/\" \/>\n<meta property=\"og:site_name\" content=\"OnCourt Online\" \/>\n<meta property=\"article:publisher\" content=\"https:\/\/www.facebook.com\/oncourt.online\/\" \/>\n<meta property=\"article:modified_time\" content=\"2026-01-17T01:35:48+00:00\" \/>\n<meta property=\"og:image\" content=\"https:\/\/oncourt.online\/wp-content\/uploads\/2021\/11\/Mega-Slam-Hoops-Net-Protect.webp\" \/>\n\t<meta property=\"og:image:width\" content=\"600\" \/>\n\t<meta property=\"og:image:height\" content=\"600\" \/>\n\t<meta property=\"og:image:type\" content=\"image\/webp\" \/>\n<meta name=\"twitter:card\" content=\"summary_large_image\" \/>\n<meta name=\"twitter:label1\" content=\"Precio\" \/>\n\t<meta name=\"twitter:data1\" content=\"&euro;166\" \/>\n\t<meta name=\"twitter:label2\" content=\"Disponibilidad\" \/>\n\t<meta name=\"twitter:data2\" content=\"Disponible\" \/>\n<meta property=\"product:price:amount\" content=\"166\" \/>\n<meta property=\"product:price:currency\" content=\"EUR\" \/>\n<meta property=\"og:availability\" content=\"instock\" \/>\n<meta property=\"product:availability\" content=\"instock\" \/>\n<meta property=\"product:retailer_item_id\" content=\"MSNP\" \/>\n<meta property=\"product:condition\" content=\"new\" \/>\n<!-- \/ Yoast SEO Premium plugin. -->","yoast_head_json":{"title":"Net Protect\u00ae | Contenci\u00f3n del bal\u00f3n para canastas Mega Slam | OnCourt","description":"Con el sistema de red Net Protect\u00ae, m\u00e1s tiros fallados permanecen en la cancha. Net Protect\u00ae hace que el juego sea m\u00e1s seguro para todos. Compatible con todos los sistemas Mega Slam.","robots":{"index":"index","follow":"follow","max-snippet":"max-snippet:-1","max-image-preview":"max-image-preview:large","max-video-preview":"max-video-preview:-1"},"canonical":"https:\/\/oncourt.online\/es\/canastas-baloncesto\/net-protect\/","og_locale":"es_ES","og_type":"article","og_title":"Net Protect\u00ae","og_description":"With the Net Protect\u00ae netting system, you keep more missed shots on the court. Net Protect\u00ae makes a safer game for everyone. Fits all Mega Slam systems.","og_url":"https:\/\/oncourt.online\/es\/canastas-baloncesto\/net-protect\/","og_site_name":"OnCourt Online","article_publisher":"https:\/\/www.facebook.com\/oncourt.online\/","article_modified_time":"2026-01-17T01:35:48+00:00","og_image":[{"width":600,"height":600,"url":"https:\/\/oncourt.online\/wp-content\/uploads\/2021\/11\/Mega-Slam-Hoops-Net-Protect.webp","type":"image\/webp"}],"twitter_card":"summary_large_image","twitter_misc":{"Precio":"&euro;166","Disponibilidad":"Disponible"},"schema":{"@context":"https:\/\/schema.org","@graph":[{"@type":"WebPage","@id":"https:\/\/oncourt.online\/es\/basketball-hoops\/net-protect\/","url":"https:\/\/oncourt.online\/es\/basketball-hoops\/net-protect\/","name":"Net Protect\u00ae | Contenci\u00f3n del bal\u00f3n para canastas Mega Slam | OnCourt","isPartOf":{"@id":"https:\/\/oncourt.online\/es\/#website"},"primaryImageOfPage":{"@id":"https:\/\/oncourt.online\/es\/basketball-hoops\/net-protect\/#primaryimage"},"image":{"@id":"https:\/\/oncourt.online\/es\/basketball-hoops\/net-protect\/#primaryimage"},"thumbnailUrl":"https:\/\/oncourt.online\/wp-content\/uploads\/2021\/11\/Mega-Slam-Hoops-Net-Protect.webp","datePublished":"2021-11-19T10:39:36+00:00","dateModified":"2026-01-17T01:35:48+00:00","description":"Con el sistema de red Net Protect\u00ae, m\u00e1s tiros fallados permanecen en la cancha. Net Protect\u00ae hace que el juego sea m\u00e1s seguro para todos. Compatible con todos los sistemas Mega Slam.","breadcrumb":{"@id":"https:\/\/oncourt.online\/es\/basketball-hoops\/net-protect\/#breadcrumb"},"inLanguage":"es","potentialAction":[{"@type":"ReadAction","target":["https:\/\/oncourt.online\/es\/basketball-hoops\/net-protect\/"]}]},{"@type":"ImageObject","inLanguage":"es","@id":"https:\/\/oncourt.online\/es\/basketball-hoops\/net-protect\/#primaryimage","url":"https:\/\/oncourt.online\/wp-content\/uploads\/2021\/11\/Mega-Slam-Hoops-Net-Protect.webp","contentUrl":"https:\/\/oncourt.online\/wp-content\/uploads\/2021\/11\/Mega-Slam-Hoops-Net-Protect.webp","width":600,"height":600,"caption":"Mega Slam Hoops - Net Protect"},{"@type":"BreadcrumbList","@id":"https:\/\/oncourt.online\/es\/basketball-hoops\/net-protect\/#breadcrumb","itemListElement":[{"@type":"ListItem","position":1,"name":"Home","item":"https:\/\/oncourt.online\/"},{"@type":"ListItem","position":2,"name":"Basketball Hoops","item":"https:\/\/oncourt.online\/es\/basketball-hoops\/"},{"@type":"ListItem","position":3,"name":"Net Protect\u00ae"}]},{"@type":"WebSite","@id":"https:\/\/oncourt.online\/es\/#website","url":"https:\/\/oncourt.online\/es\/","name":"OnCourt Online","description":"Pistas de baloncesto de alto rendimiento","publisher":{"@id":"https:\/\/oncourt.online\/es\/#organization"},"potentialAction":[{"@type":"SearchAction","target":{"@type":"EntryPoint","urlTemplate":"https:\/\/oncourt.online\/es\/?s={search_term_string}"},"query-input":{"@type":"PropertyValueSpecification","valueRequired":true,"valueName":"search_term_string"}}],"inLanguage":"es"},{"@type":"Organization","@id":"https:\/\/oncourt.online\/es\/#organization","name":"OnCourt Online","url":"https:\/\/oncourt.online\/es\/","logo":{"@type":"ImageObject","inLanguage":"es","@id":"https:\/\/oncourt.online\/es\/#\/schema\/logo\/image\/","url":"https:\/\/oncourt.online\/wp-content\/uploads\/2021\/12\/Logo_OnCourt_Black.svg","contentUrl":"https:\/\/oncourt.online\/wp-content\/uploads\/2021\/12\/Logo_OnCourt_Black.svg","width":"1024","height":"1024","caption":"OnCourt Online"},"image":{"@id":"https:\/\/oncourt.online\/es\/#\/schema\/logo\/image\/"},"sameAs":["https:\/\/www.facebook.com\/oncourt.online\/"],"email":"info@oncourt.online"}]},"product_price_amount":"166","product_price_currency":"EUR","og_availability":"instock","product_availability":"instock","product_retailer_item_id":"MSNP","product_condition":"new"},"_links":{"self":[{"href":"https:\/\/oncourt.online\/es\/wp-json\/wp\/v2\/product\/693","targetHints":{"allow":["GET"]}}],"collection":[{"href":"https:\/\/oncourt.online\/es\/wp-json\/wp\/v2\/product"}],"about":[{"href":"https:\/\/oncourt.online\/es\/wp-json\/wp\/v2\/types\/product"}],"wp:featuredmedia":[{"embeddable":true,"href":"https:\/\/oncourt.online\/es\/wp-json\/wp\/v2\/media\/16586"}],"wp:attachment":[{"href":"https:\/\/oncourt.online\/es\/wp-json\/wp\/v2\/media?parent=693"}],"wp:term":[{"taxonomy":"product_brand","embeddable":true,"href":"https:\/\/oncourt.online\/es\/wp-json\/wp\/v2\/product_brand?post=693"},{"taxonomy":"product_cat","embeddable":true,"href":"https:\/\/oncourt.online\/es\/wp-json\/wp\/v2\/product_cat?post=693"},{"taxonomy":"product_tag","embeddable":true,"href":"https:\/\/oncourt.online\/es\/wp-json\/wp\/v2\/product_tag?post=693"}],"curies":[{"name":"wp","href":"https:\/\/api.w.org\/{rel}","templated":true}]}}