{"id":6797,"date":"2022-05-26T13:42:42","date_gmt":"2022-05-26T13:42:42","guid":{"rendered":"https:\/\/oncourt.online\/?page_id=6797"},"modified":"2026-01-09T02:04:24","modified_gmt":"2026-01-09T02:04:24","slug":"envio-entrega","status":"publish","type":"page","link":"https:\/\/oncourt.online\/es\/shipping-delivery\/","title":{"rendered":"Env\u00edo y entrega"},"content":{"rendered":"<div class=\"gb-container gb-container-f34a8199\">\n<div class=\"gb-container gb-container-235943a7\">\n\n<h2 class=\"gb-headline gb-headline-88ee416e gb-headline-text\">Pol\u00edtica de env\u00edo de OnCourt Online<\/h2>\n\n\n\n<p class=\"gb-headline gb-headline-0924883b gb-headline-text not_last_text\">El env\u00edo y la entrega de OnCourt dependen de los productos seleccionados. Si adquiere un kit de cancha, la canasta y los componentes se env\u00edan lo antes posible para que puedan integrarse en la construcci\u00f3n de la subbase. Las superficies de la cancha se fabrican y env\u00edan tras su preparaci\u00f3n, que actualmente tarda 10\u201312 semanas. <\/p>\n\n\n\n<p class=\"gb-text not_last_text\">La disponibilidad de entrega var\u00eda seg\u00fan el pa\u00eds. Solo realizamos env\u00edos a las regiones seleccionadas que se muestran en el proceso de compra.<\/p>\n\n\n\n<p>Si su pa\u00eds no aparece en la lista y est\u00e1 planificando un proyecto de cancha de baloncesto, p\u00f3ngase en contacto con nosotros para evaluar la viabilidad. La disponibilidad se valora caso por caso. <\/p>\n\n\n\n<h3 class=\"gb-headline gb-headline-3e94b795 gb-headline-text\">Superficies deportivas modulares entregadas listas para instalaci\u00f3n Plug &amp; Play<\/h3>\n\n\n\n<p class=\"gb-headline gb-headline-e71567d7 gb-headline-text not_last_text\">Las superficies de la cancha se env\u00edan en paquetes listos para una instalaci\u00f3n sencilla por parte del cliente. Cada cancha se entrega paletizada, con planchas numeradas y un mapa de referencia (Los pedidos residenciales se entregan en la acera).<\/p>\n\n\n\n<p class=\"translation-block\">Cada cancha deportiva modular se fabrica bajo pedido, <strong>con un plazo de producci\u00f3n aproximado de<\/strong> <strong>10\u201312 semanas<\/strong> desde la confirmaci\u00f3n del pedido. Los plazos de entrega var\u00edan seg\u00fan la ubicaci\u00f3n y, una vez enviada, recibir\u00e1 una actualizaci\u00f3n con la fecha estimada de llegada y el seguimiento (activo tras el despacho de aduanas en el pa\u00eds de destino). Todos los aranceles est\u00e1n prepagados y las entregas se realizan bajo condiciones DDP (Delivered Duty Paid), sin costes ocultos.<\/p>\n\n\n<div class=\"gb-container gb-container-cfce094b\">\n\n<h2 class=\"gb-text\">Env\u00edo del producto<\/h2>\n\n\n\n<p>Unless otherwise stated, all orders from OnCourt are shipped via trusted common carriers. Products are dispatched brand new and in good condition, as advertised. Basketball systems are delivered via <strong>Curbside Delivery<\/strong>, which means your order will be delivered to the curb at the end of your driveway. Please note this service <strong>does not include installation, assembly, or packaging removal<\/strong>.<\/p>\n\n\n\n<h3 class=\"gb-headline gb-headline-bce52be2 gb-headline-text\">Cambios de direcci\u00f3n tras el env\u00edo<\/h3>\n\n\n\n<p>Si la direcci\u00f3n de env\u00edo se modifica despu\u00e9s de que el transportista haya recogido la mercanc\u00eda, se considerar\u00e1 una reexpedici\u00f3n y se aplicar\u00e1n cargos adicionales.<\/p>\n\n\n\n<h3 class=\"gb-headline gb-headline-ab76306c gb-headline-text\">Delivery Schedule<\/h3>\n\n\n\n<p class=\"translation-block\">Las entregas se realizan normalmente <strong>de lunes a viernes, entre las 08:00 y las 18:00<\/strong>. Los horarios pueden variar seg\u00fan su ubicaci\u00f3n, la ruta del conductor y factores imprevistos como el tr\u00e1fico o las condiciones meteorol\u00f3gicas.<\/p>\n\n\n\n<h3 class=\"gb-headline gb-headline-d3e65b23 gb-headline-text\">Veh\u00edculo de entrega y acceso<\/h3>\n\n\n\n<p class=\"gb-text not_last_text translation-block\">Los pedidos minoristas se entregan mediante <strong>veh\u00edculos de gran tonelaje (p. ej., cami\u00f3n articulado)<\/strong> y normalmente incluyen <strong>plataforma elevadora hidr\u00e1ulica<\/strong>. El conductor es responsable de descargar el producto y colocarlo a pie de calle. Si se realizan servicios de entrega adicionales, pueden aplicarse cargos extra.<\/p>\n\n\n\n<p class=\"translation-block\">Revise cuidadosamente el comprobante de entrega para asegurarse de que <strong>no se hayan realizado servicios adicionales<\/strong>. En caso contrario, OnCourt se reserva el derecho de <strong>repercutir dichos costes<\/strong>.<\/p>\n\n\n\n<h3 class=\"wp-block-heading\" id=\"h-delivery-signature-amp-inspection\">Firma e inspecci\u00f3n en la entrega<\/h3>\n\n\n\n<p class=\"gb-text not_last_text translation-block\">Se requiere una <strong>firma<\/strong> en el momento de la entrega. Debe inspeccionar el embalaje <strong>antes de firmar<\/strong>. Si es necesario, puede abrir la caja para comprobar el estado del contenido, especialmente los <strong>tableros de vidrio<\/strong>, que son m\u00e1s vulnerables durante el transporte.<\/p>\n\n\n\n<p>Si alguna parte del env\u00edo parece estar da\u00f1ada:<\/p>\n\n\n\n<ul class=\"wp-block-list\">\n<li><strong>Do not refuse delivery.<\/strong><\/li>\n\n\n\n<li>Make clear notes on the delivery receipt describing the issue (e.g., <em>&#8220;Backboard shattered at time of delivery&#8221;<\/em>).<\/li>\n\n\n\n<li>Take clear <strong>photos of the damage<\/strong>.<\/li>\n\n\n\n<li>Email the signed receipt and photos to our support team and we\u2019ll send a <strong>replacement part<\/strong> immediately.<\/li>\n<\/ul>\n\n\n\n<p class=\"gb-text not_last_text\">In the meantime, you can continue with any setup steps that are unaffected (e.g., setting anchors and allowing concrete to cure).<\/p>\n\n\n\n<p>A signature is required for all deliveries. Receiver will be required to sign a delivery receipt and delivery will not occur without it.<\/p>\n\n\n\n<h3 class=\"gb-headline gb-headline-7838bbbd gb-headline-text\">Important Notes on Delivery<\/h3>\n\n\n\n<ul class=\"wp-block-list\">\n<li>All items leave our warehouse <strong>brand new and undamaged<\/strong>.<\/li>\n\n\n\n<li>If damage is not reported on the delivery receipt, you <strong>release the carrier from liability<\/strong> and may not be able to claim compensation.<\/li>\n\n\n\n<li><strong>Tempered glass<\/strong> does not crack \u2014 it shatters. If your backboard is broken, it will be in <strong>many small pieces<\/strong>, not cracked.<\/li>\n<\/ul>\n\n\n\n<p>For your protection, <strong>write \u201cSubject to Inspection\u201d next to your signature<\/strong> when signing for delivery.<\/p>\n\n\n\n<h3 class=\"gb-headline gb-headline-dd213a82 gb-headline-text\">Delivery Access<\/h3>\n\n\n\n<p>If your location cannot be accessed by a large delivery vehicle (e.g. narrow roads, steep drives, gated communities), you may need to:<\/p>\n\n\n\n<ul class=\"wp-block-list\">\n<li>Collect your order from a local terminal, or<\/li>\n\n\n\n<li>Arrange final delivery through a third-party courier.<\/li>\n<\/ul>\n\n\n\n<h3 class=\"gb-headline gb-headline-f4f6c8ad gb-headline-text\">Undeliverable Orders<\/h3>\n\n\n\n<p>If a shipment is returned as <strong>Undeliverable<\/strong> or <strong>Refused<\/strong>, a <strong>20% restocking fee<\/strong> will apply, and you will be responsible for any original shipping costs.<\/p>\n\n<\/div>\n\n\n<h3 class=\"gb-headline gb-headline-77bdb557 gb-headline-text\">Env\u00edos y aduanas (pedidos fuera de la UE)<\/h3>\n\n\n\n<p class=\"gb-headline gb-headline-f02c1b4c gb-headline-text\">Para todos los pedidos enviados <strong>fuera de la Uni\u00f3n Europea<\/strong>:<\/p>\n\n\n\n<ul class=\"wp-block-list\">\n<li>Los precios que se muestran al finalizar la compra no incluyen impuestos locales, aranceles de importaci\u00f3n ni tasas de despacho de aduana.<\/li>\n\n\n\n<li>Usted es el importador registrado y es el \u00fanico responsable de cualquier cargo de este tipo en el momento de la entrega.<\/li>\n\n\n\n<li>OnCourt no recauda ni remite el IVA\/GST, los aranceles de importaci\u00f3n ni los derechos de aduana para destinos fuera de la UE.<\/li>\n\n\n\n<li>Si se rechazan o no se pagan los gastos, esto puede provocar retrasos, devoluciones o el abandono del env\u00edo. OnCourt no se hace responsable de los costes o p\u00e9rdidas resultantes y no reembolsar\u00e1 los gastos de env\u00edo ni los del producto en estos casos.<\/li>\n<\/ul>\n\n\n\n<p>Al completar su compra, usted reconoce y acepta estas condiciones.<\/p>\n\n<\/div>\n<\/div>\n\n<div class=\"gb-container gb-container-aedea16a\" id=\"megaslam-shipping\">\n<div class=\"gb-container gb-container-492b5ca3\">\n\n<h2 class=\"gb-headline gb-headline-65d8dcc4 gb-headline-text\">Entrega sin problemas de su aro Mega Slam <\/h2>\n\n\n\n<p class=\"gb-headline gb-headline-880344a0 gb-headline-text\">Cuando haces un pedido en oncourt.online, te entregamos el aro directamente en la acera, es decir, directamente desde nuestro almac\u00e9n, del cami\u00f3n a tu domicilio, para que no pierdas tiempo en encestar. Utiliza nuestra lista de verificaci\u00f3n de 5 pasos para asegurar una entrega sin problemas de tu <a href=\"https:\/\/oncourt.online\/es\/canastas-baloncesto\/\"><em><strong>Aro Mega Slam<\/strong><\/em><\/a>. <\/p>\n\n\n\n<figure class=\"wp-block-image size-full is-resized\"><img loading=\"lazy\" decoding=\"async\" width=\"600\" height=\"600\" src=\"https:\/\/oncourt.online\/wp-content\/uploads\/2021\/10\/Mega-Slam-Hoop-s-Order-Confirmation.png\" alt=\"Mega Slam Hoops - Confirmaci\u00f3n de pedido\" class=\"wp-image-422\" style=\"width:150px;height:auto\" srcset=\"https:\/\/oncourt.online\/wp-content\/uploads\/2021\/10\/Mega-Slam-Hoop-s-Order-Confirmation.png 600w, https:\/\/oncourt.online\/wp-content\/uploads\/2021\/10\/Mega-Slam-Hoop-s-Order-Confirmation-100x100.png 100w, https:\/\/oncourt.online\/wp-content\/uploads\/2021\/10\/Mega-Slam-Hoop-s-Order-Confirmation-545x545.png 545w\" sizes=\"auto, (max-width: 600px) 100vw, 600px\" \/><\/figure>\n\n\n\n<h4 class=\"gb-headline gb-headline-8536b972 gb-headline-text\">1. Confirme su pedido<\/h4>\n\n\n\n<p class=\"gb-headline gb-headline-9f1a5517 gb-headline-text\">\u00a1Felicidades por tu nuevo aro! Busca ahora un correo con los detalles de tu pedido. <\/p>\n\n\n\n<figure class=\"wp-block-image size-full is-resized\"><img loading=\"lazy\" decoding=\"async\" width=\"600\" height=\"600\" src=\"https:\/\/oncourt.online\/wp-content\/uploads\/2021\/10\/Mega-Slam-Hoops-Arrange-Delivery.png\" alt=\"Mega Slam Hoops - Organizar la entrega\" class=\"wp-image-419\" style=\"width:150px;height:150px\" srcset=\"https:\/\/oncourt.online\/wp-content\/uploads\/2021\/10\/Mega-Slam-Hoops-Arrange-Delivery.png 600w, https:\/\/oncourt.online\/wp-content\/uploads\/2021\/10\/Mega-Slam-Hoops-Arrange-Delivery-100x100.png 100w, https:\/\/oncourt.online\/wp-content\/uploads\/2021\/10\/Mega-Slam-Hoops-Arrange-Delivery-545x545.png 545w\" sizes=\"auto, (max-width: 600px) 100vw, 600px\" \/><\/figure>\n\n\n\n<h4 class=\"gb-headline gb-headline-9bfe8bb5 gb-headline-text\">2. Env\u00edo y entrega <\/h4>\n\n\n\n<p class=\"gb-headline gb-headline-290fa9d6 gb-headline-text\">Recibir\u00e1s una confirmaci\u00f3n del env\u00edo de tu pedido, que incluir\u00e1 el plazo estimado de entrega. <\/p>\n\n\n\n<figure class=\"wp-block-image size-full is-resized\"><img loading=\"lazy\" decoding=\"async\" width=\"600\" height=\"600\" src=\"https:\/\/oncourt.online\/wp-content\/uploads\/2021\/10\/Mega-Slam-Hoops-Curbside-Delivery.png\" alt=\"Mega Slam Hoops - Entrega en la acera\" class=\"wp-image-420\" style=\"width:150px;height:150px\" srcset=\"https:\/\/oncourt.online\/wp-content\/uploads\/2021\/10\/Mega-Slam-Hoops-Curbside-Delivery.png 600w, https:\/\/oncourt.online\/wp-content\/uploads\/2021\/10\/Mega-Slam-Hoops-Curbside-Delivery-100x100.png 100w, https:\/\/oncourt.online\/wp-content\/uploads\/2021\/10\/Mega-Slam-Hoops-Curbside-Delivery-545x545.png 545w\" sizes=\"auto, (max-width: 600px) 100vw, 600px\" \/><\/figure>\n\n\n\n<h4 class=\"gb-headline gb-headline-111f7f0a gb-headline-text\">3. Haz espacio para tu aro<\/h4>\n\n\n\n<p class=\"gb-headline gb-headline-cdd4e7d1 gb-headline-text\">Los sistemas de baloncesto Mega Slam son grandes (hasta 340 kg) y el pallet de env\u00edo ocupa bastante espacio al entregarse (Los pedidos residenciales se entregan en la acera).<\/p>\n\n\n\n<figure class=\"wp-block-image size-full is-resized\"><img loading=\"lazy\" decoding=\"async\" width=\"600\" height=\"600\" src=\"https:\/\/oncourt.online\/wp-content\/uploads\/2021\/10\/Mega-Slam-Shipping-Boxes.png\" alt=\"Cajas de env\u00edo Mega Slam\" class=\"wp-image-421\" style=\"width:150px;height:150px\" srcset=\"https:\/\/oncourt.online\/wp-content\/uploads\/2021\/10\/Mega-Slam-Shipping-Boxes.png 600w, https:\/\/oncourt.online\/wp-content\/uploads\/2021\/10\/Mega-Slam-Shipping-Boxes-100x100.png 100w, https:\/\/oncourt.online\/wp-content\/uploads\/2021\/10\/Mega-Slam-Shipping-Boxes-545x545.png 545w\" sizes=\"auto, (max-width: 600px) 100vw, 600px\" \/><\/figure>\n\n\n\n<h4 class=\"gb-headline gb-headline-c4d17918 gb-headline-text\">4. Revisa la entrega de tu aro<\/h4>\n\n\n\n<p class=\"gb-headline gb-headline-b333a103 gb-headline-text\">Seg\u00fan el tama\u00f1o de tu pedido, aseg\u00farate de que el n\u00famero correcto de cajas est\u00e9 bien sujeto a cada palet (cada sistema llega en un solo palet con cajas claramente numeradas). No te preocupes si algunas cajas tienen abolladuras o est\u00e1n rasgadas. Nuestros sistemas son resistentes y soportan da\u00f1os menores en el embalaje. <\/p>\n\n\n\n<figure class=\"wp-block-image size-full is-resized\"><img loading=\"lazy\" decoding=\"async\" width=\"600\" height=\"600\" src=\"https:\/\/oncourt.online\/wp-content\/uploads\/2021\/10\/Mega-Slam-Hoops-Signed-Delivery.png\" alt=\"Mega Slam Hoops - Entrega firmada\" class=\"wp-image-417\" style=\"width:150px;height:150px\" srcset=\"https:\/\/oncourt.online\/wp-content\/uploads\/2021\/10\/Mega-Slam-Hoops-Signed-Delivery.png 600w, https:\/\/oncourt.online\/wp-content\/uploads\/2021\/10\/Mega-Slam-Hoops-Signed-Delivery-100x100.png 100w, https:\/\/oncourt.online\/wp-content\/uploads\/2021\/10\/Mega-Slam-Hoops-Signed-Delivery-545x545.png 545w\" sizes=\"auto, (max-width: 600px) 100vw, 600px\" \/><\/figure>\n\n\n\n<h4 class=\"gb-headline gb-headline-f3ff4626 gb-headline-text\">5. Firma para liberar tu entrega<\/h4>\n\n\n\n<p class=\"gb-headline gb-headline-0e5ad3a7 gb-headline-text\">Ahora, el repartidor te pedir\u00e1 una firma para entregar tu sistema de baloncesto. Si hay da\u00f1os visibles en las cajas (o en el sistema), an\u00f3talos en el albar\u00e1n de entrega y toma fotos antes de firmar.<br>Si alg\u00fan art\u00edculo est\u00e1 da\u00f1ado, acepta la entrega y cont\u00e1ctanos de inmediato. Adjunta fotos en el correo electr\u00f3nico y enviaremos las piezas de repuesto con urgencia. <\/p>\n\n\n\n<figure class=\"wp-block-image size-full is-resized\"><img loading=\"lazy\" decoding=\"async\" width=\"750\" height=\"750\" src=\"https:\/\/oncourt.online\/wp-content\/uploads\/2021\/10\/MegaDlam-Installation-Dig-and-Pour.png\" alt=\"\" class=\"wp-image-319\" style=\"width:188px;height:188px\" srcset=\"https:\/\/oncourt.online\/wp-content\/uploads\/2021\/10\/MegaDlam-Installation-Dig-and-Pour.png 750w, https:\/\/oncourt.online\/wp-content\/uploads\/2021\/10\/MegaDlam-Installation-Dig-and-Pour-100x100.png 100w, https:\/\/oncourt.online\/wp-content\/uploads\/2021\/10\/MegaDlam-Installation-Dig-and-Pour-545x545.png 545w\" sizes=\"auto, (max-width: 750px) 100vw, 750px\" \/><\/figure>\n\n\n\n<h3 class=\"gb-headline gb-headline-a22b1bbf gb-headline-text\">Instalaci\u00f3n<\/h3>\n\n\n\n<p class=\"gb-headline gb-headline-507bcc99 gb-headline-text\">Una vez que tu aro haya sido entregado, es hora de<a href=\"https:\/\/oncourt.online\/es\/guias\/instalacion\/guia-instalacion-canasta-baloncesto\/\"> <em><strong>instalar tu Mega Slam Hoop<\/strong><\/em><\/a>.<\/p>\n\n<\/div>\n<\/div>","protected":false},"excerpt":{"rendered":"<p> ... <a title=\"Env\u00edo y entrega\" class=\"read-more\" href=\"https:\/\/oncourt.online\/es\/shipping-delivery\/\" aria-label=\"Leer m\u00e1s sobre Shipping And Delivery\">Leer m\u00e1s<\/a><\/p>","protected":false},"author":2,"featured_media":6877,"parent":0,"menu_order":24,"comment_status":"closed","ping_status":"closed","template":"","meta":{"_acf_changed":false,"inline_featured_image":false,"footnotes":""},"class_list":{"0":"post-6797","1":"page","2":"type-page","3":"status-publish","4":"has-post-thumbnail","6":"infinite-scroll-item","7":"no-featured-image-padding","8":"resize-featured-image"},"acf":[],"yoast_head":"<!-- This site is optimized with the Yoast SEO Premium plugin v26.8 (Yoast SEO v27.3) - https:\/\/yoast.com\/product\/yoast-seo-premium-wordpress\/ -->\n<title>Shipping &amp; Delivery Information | OnCourt<\/title>\n<meta name=\"description\" content=\"Shipping and delivery information, including delivery methods, access planning, handling advice, and important notes for OnCourt orders.\" \/>\n<meta name=\"robots\" content=\"index, follow, max-snippet:-1, max-image-preview:large, max-video-preview:-1\" \/>\n<link rel=\"canonical\" href=\"https:\/\/oncourt.online\/es\/envio-entrega\/\" \/>\n<meta property=\"og:locale\" content=\"es_ES\" \/>\n<meta property=\"og:type\" content=\"article\" \/>\n<meta property=\"og:title\" content=\"Shipping And Delivery\" \/>\n<meta property=\"og:description\" content=\"Shipping and delivery information, including delivery methods, access planning, handling advice, and important notes for OnCourt orders.\" \/>\n<meta property=\"og:url\" content=\"https:\/\/oncourt.online\/es\/envio-entrega\/\" \/>\n<meta property=\"og:site_name\" content=\"OnCourt Online\" \/>\n<meta property=\"article:publisher\" content=\"https:\/\/www.facebook.com\/oncourt.online\/\" \/>\n<meta property=\"article:modified_time\" content=\"2026-01-09T02:04:24+00:00\" \/>\n<meta property=\"og:image\" content=\"https:\/\/oncourt.online\/wp-content\/uploads\/2022\/05\/OnCourt-Shipping-and-Delivery-Header.jpg\" \/>\n\t<meta property=\"og:image:width\" content=\"1440\" \/>\n\t<meta property=\"og:image:height\" content=\"498\" \/>\n\t<meta property=\"og:image:type\" content=\"image\/jpeg\" \/>\n<meta name=\"twitter:card\" content=\"summary_large_image\" \/>\n<meta name=\"twitter:label1\" content=\"Tiempo de lectura\" \/>\n\t<meta name=\"twitter:data1\" content=\"6 minutos\" \/>\n<!-- \/ Yoast SEO Premium plugin. -->","yoast_head_json":{"title":"Informaci\u00f3n de Env\u00edo y Entrega | OnCourt","description":"Informaci\u00f3n de env\u00edo y entrega, incluidos los m\u00e9todos de entrega, planificaci\u00f3n de acceso, consejos de manipulaci\u00f3n y notas importantes para pedidos de OnCourt.","robots":{"index":"index","follow":"follow","max-snippet":"max-snippet:-1","max-image-preview":"max-image-preview:large","max-video-preview":"max-video-preview:-1"},"canonical":"https:\/\/oncourt.online\/es\/envio-entrega\/","og_locale":"es_ES","og_type":"article","og_title":"Shipping And Delivery","og_description":"Shipping and delivery information, including delivery methods, access planning, handling advice, and important notes for OnCourt orders.","og_url":"https:\/\/oncourt.online\/es\/envio-entrega\/","og_site_name":"OnCourt Online","article_publisher":"https:\/\/www.facebook.com\/oncourt.online\/","article_modified_time":"2026-01-09T02:04:24+00:00","og_image":[{"width":1440,"height":498,"url":"https:\/\/oncourt.online\/wp-content\/uploads\/2022\/05\/OnCourt-Shipping-and-Delivery-Header.jpg","type":"image\/jpeg"}],"twitter_card":"summary_large_image","twitter_misc":{"Tiempo de lectura":"6 minutos"},"schema":{"@context":"https:\/\/schema.org","@graph":[{"@type":"WebPage","@id":"https:\/\/oncourt.online\/es\/shipping-delivery\/","url":"https:\/\/oncourt.online\/es\/shipping-delivery\/","name":"Informaci\u00f3n de Env\u00edo y Entrega | OnCourt","isPartOf":{"@id":"https:\/\/oncourt.online\/es\/#website"},"primaryImageOfPage":{"@id":"https:\/\/oncourt.online\/es\/shipping-delivery\/#primaryimage"},"image":{"@id":"https:\/\/oncourt.online\/es\/shipping-delivery\/#primaryimage"},"thumbnailUrl":"https:\/\/oncourt.online\/wp-content\/uploads\/2022\/05\/OnCourt-Shipping-and-Delivery-Header.jpg","datePublished":"2022-05-26T13:42:42+00:00","dateModified":"2026-01-09T02:04:24+00:00","description":"Informaci\u00f3n de env\u00edo y entrega, incluidos los m\u00e9todos de entrega, planificaci\u00f3n de acceso, consejos de manipulaci\u00f3n y notas importantes para pedidos de OnCourt.","breadcrumb":{"@id":"https:\/\/oncourt.online\/es\/shipping-delivery\/#breadcrumb"},"inLanguage":"es","potentialAction":[{"@type":"ReadAction","target":["https:\/\/oncourt.online\/es\/shipping-delivery\/"]}]},{"@type":"ImageObject","inLanguage":"es","@id":"https:\/\/oncourt.online\/es\/shipping-delivery\/#primaryimage","url":"https:\/\/oncourt.online\/wp-content\/uploads\/2022\/05\/OnCourt-Shipping-and-Delivery-Header.jpg","contentUrl":"https:\/\/oncourt.online\/wp-content\/uploads\/2022\/05\/OnCourt-Shipping-and-Delivery-Header.jpg","width":1440,"height":498,"caption":"Shipping & Delivery | OnCourt"},{"@type":"BreadcrumbList","@id":"https:\/\/oncourt.online\/es\/shipping-delivery\/#breadcrumb","itemListElement":[{"@type":"ListItem","position":1,"name":"Home","item":"https:\/\/oncourt.online\/"},{"@type":"ListItem","position":2,"name":"Shipping And Delivery"}]},{"@type":"WebSite","@id":"https:\/\/oncourt.online\/es\/#website","url":"https:\/\/oncourt.online\/es\/","name":"OnCourt Online","description":"Pistas de baloncesto de alto rendimiento","publisher":{"@id":"https:\/\/oncourt.online\/es\/#organization"},"potentialAction":[{"@type":"SearchAction","target":{"@type":"EntryPoint","urlTemplate":"https:\/\/oncourt.online\/es\/?s={search_term_string}"},"query-input":{"@type":"PropertyValueSpecification","valueRequired":true,"valueName":"search_term_string"}}],"inLanguage":"es"},{"@type":"Organization","@id":"https:\/\/oncourt.online\/es\/#organization","name":"OnCourt Online","url":"https:\/\/oncourt.online\/es\/","logo":{"@type":"ImageObject","inLanguage":"es","@id":"https:\/\/oncourt.online\/es\/#\/schema\/logo\/image\/","url":"https:\/\/oncourt.online\/wp-content\/uploads\/2021\/12\/Logo_OnCourt_Black.svg","contentUrl":"https:\/\/oncourt.online\/wp-content\/uploads\/2021\/12\/Logo_OnCourt_Black.svg","width":"1024","height":"1024","caption":"OnCourt Online"},"image":{"@id":"https:\/\/oncourt.online\/es\/#\/schema\/logo\/image\/"},"sameAs":["https:\/\/www.facebook.com\/oncourt.online\/"],"email":"info@oncourt.online"}]}},"_links":{"self":[{"href":"https:\/\/oncourt.online\/es\/wp-json\/wp\/v2\/pages\/6797","targetHints":{"allow":["GET"]}}],"collection":[{"href":"https:\/\/oncourt.online\/es\/wp-json\/wp\/v2\/pages"}],"about":[{"href":"https:\/\/oncourt.online\/es\/wp-json\/wp\/v2\/types\/page"}],"author":[{"embeddable":true,"href":"https:\/\/oncourt.online\/es\/wp-json\/wp\/v2\/users\/2"}],"replies":[{"embeddable":true,"href":"https:\/\/oncourt.online\/es\/wp-json\/wp\/v2\/comments?post=6797"}],"version-history":[{"count":0,"href":"https:\/\/oncourt.online\/es\/wp-json\/wp\/v2\/pages\/6797\/revisions"}],"wp:featuredmedia":[{"embeddable":true,"href":"https:\/\/oncourt.online\/es\/wp-json\/wp\/v2\/media\/6877"}],"wp:attachment":[{"href":"https:\/\/oncourt.online\/es\/wp-json\/wp\/v2\/media?parent=6797"}],"curies":[{"name":"wp","href":"https:\/\/api.w.org\/{rel}","templated":true}]}}