{"id":428,"date":"2021-10-22T11:43:33","date_gmt":"2021-10-22T11:43:33","guid":{"rendered":"https:\/\/oncourt.online\/?page_id=428"},"modified":"2026-01-03T03:34:58","modified_gmt":"2026-01-03T03:34:58","slug":"garantia-de-por-vida","status":"publish","type":"page","link":"https:\/\/oncourt.online\/es\/basketball-hoops\/lifetime-warranty\/","title":{"rendered":"Garant\u00eda de por vida"},"content":{"rendered":"<div class=\"gb-element-118ef599\">\n<div class=\"gb-element-d7eed537\">\n<h2 class=\"gb-headline gb-headline-96ad026f gb-headline-text\">Para toda una vida de mates, golpes y atascos<\/h2>\n\n\n\n<p class=\"gb-headline gb-headline-78623ab6 gb-headline-text\">Mega Slam Hoops y OnCourt se comprometen a proporcionar los mejores sistemas de baloncesto residenciales que el dinero puede comprar. Los productos Mega Slam est\u00e1n dise\u00f1ados para durar toda la vida. Por lo tanto, es l\u00f3gico que la garant\u00eda tenga la misma duraci\u00f3n.<br>Usted no encontrar\u00e1 ninguna de estas promesas con otros fabricantes de aros. De hecho, respaldamos los sistemas de baloncesto Mega Slam Hoops y garantizamos un gran rendimiento para toda la vida, incluso hasta las tuercas y tornillos.<\/p>\n\n\n\n<p class=\"gb-headline gb-headline-c6f59d0a gb-headline-text\"><br><strong>GARANT\u00cdA LIMITADA DE POR VIDA DE BASKETBALL SYSTEMS<\/strong><br>LA COBERTURA DE LA GARANT\u00cdA LIMITADA DE POR VIDA se extiende \u00fanicamente al comprador minorista original de que los componentes estructurales de Mega Slam Hoops (el \"Producto\") est\u00e1n garantizados de estar libres de defectos en el material y la mano de obra, sujeto a las limitaciones descritas a continuaci\u00f3n. \"Defectos\" se define como imperfecciones que perjudican el uso del producto.<\/p>\n\n\n\n<p>THE LIMITED LIFETIME WARRANTY COVERAGE IS EXTENDED ONLY TO THE ORIGINAL RETAIL PURCHASER AND TERMINATES IF THE ORIGINAL RETAIL PURCHASER OTHERWISE TRANSFERS OR SELLS THE PRODUCT. THIS WARRANTY IS VOID IF THE PRODUCT HAS BEEN DAMAGED BY IMPROPER SERVICE, NEGLIGENCE, ACCIDENT, UNREASONABLE USE, IMPROPER INSTALLATION, OR OTHER CAUSES NOT RESULTING FROM DEFECTS IN MATERIAL AND WORKMANSHIP. <\/p>\n\n\n\n<p>Subject to proper installation in accordance with the installation instructions; normal residential use for glass backboards; normal basketball related activities; and has been maintained in agreement with the instructions.<\/p>\n\n\n\n<p class=\"gb-headline gb-headline-1de06637 gb-headline-text\"><br><strong>RECLAMACIONES DE GARANT\u00cdA<\/strong><br>Proof of purchase by the original retail Consumer Purchaser is required for all warranty claims.<\/p>\n\n\n\n<p>Mega Sports UK Ltd reserves the right to examine physical evidence or photographs of the Product, or component parts, claimed to be defective, and to recover said Product, prior to authorising a warranty claim. If applicable, a \u201cReturn Merchandise Authorisation\u201d (RMA) number will be required prior to shipping damaged Product by original retail Consumer Purchaser with freight prepaid.<\/p>\n\n\n\n<p>In returning a Product or component part for repair or replacement under this warranty, the original Consumer Purchaser must prepay all shipping transportation, insurance and delivery costs, and the Product or component parts, must be delivered in either its original carton or a similar package affording an equal degree of protection.<\/p>\n\n\n\n<p>Mega Sports UK Ltd will not be responsible for any loss or damage incurred in connection with the return of this Product or component parts.<\/p>\n\n\n\n<p>La garant\u00eda limitada de por vida no cubre lo siguiente:<\/p>\n\n\n\n<p>Esta garant\u00eda no se aplicar\u00e1 a ning\u00fan Producto que haya sido sometido a un mal uso, abuso, uso anormal, negligencia, alteraci\u00f3n, accidente, instalaci\u00f3n incorrecta, vandalismo o incendio.<\/p>\n\n\n\n<p>Pintura, partes oxidadas, ara\u00f1azos en la superficie, decoloraci\u00f3n o grietas que no afecten a la funcionalidad del Producto.<\/p>\n\n\n\n<p>Da\u00f1os o deterioros debidos al tiempo o al desgaste normal.<\/p>\n\n\n\n<p>Los da\u00f1os debidos a \"Actos de Dios\", incluyen, pero no se limitan a, cosas como inundaciones, tornados, granizo, rayos, tormentas de arena, tormentas de viento o terremotos.<\/p>\n\n\n\n<p>Los da\u00f1os debidos a \"Factores Ambientales\", incluyen, pero no se limitan a, cosas como la lluvia atmosf\u00e9rica, los productos qu\u00edmicos, las salpicaduras del oc\u00e9ano o la arena arrastrada por el viento.<\/p>\n\n\n\n<p>Los gastos de env\u00edo en ambos sentidos de los art\u00edculos garantizados o sustituidos deben ser pagados por adelantado por el comprador minorista original.<\/p>\n\n\n\n<p>Gastos de servicio del distribuidor, gastos de mano de obra o gastos de viaje. Todos los costos de mano de obra, gastos de viaje y otros cargos relacionados con la instalaci\u00f3n, inspecci\u00f3n, servicio o reemplazo del Producto, o el reemplazo de partes componentes, ser\u00e1n responsabilidad del Consumidor Comprador original.<\/p>\n\n\n\n<p>ESTA GARANT\u00cdA SE OFRECE EXPRESAMENTE EN LUGAR DE TODAS LAS DEM\u00c1S GARANT\u00cdAS, EXPRESAS O IMPL\u00cdCITAS, INCLUYENDO, PERO SIN LIMITARSE A CUALQUIER GARANT\u00cdA IMPL\u00cdCITA DE COMERCIABILIDAD O IDONEIDAD PARA UN FIN DETERMINADO, Y TODAS LAS DEM\u00c1S OBLIGACIONES POR PARTE DE MEGA SPORTS UK LTD, SIEMPRE Y CUANDO, SI LA RENUNCIA A LAS GARANT\u00cdAS IMPL\u00cdCITAS ES EFECTIVA BAJO LA LEY APLICABLE, LA DURACI\u00d3N DE CUALQUIER GARANT\u00cdA IMPL\u00cdCITA QUE SURJA POR EFECTO DE LA LEY SE LIMITAR\u00c1 A UN (1) A\u00d1O A PARTIR DE LA FECHA DE COMPRA O A UN PER\u00cdODO M\u00c1S LARGO QUE PUEDA SER REQUERIDO POR LA LEY APLICABLE.<\/p>\n\n\n\n<p>MEGA SPORTS UK LTD HEREBY DISCLAIMS ANY AND ALL LIABILITY FOR CONSEQUENTIAL AND INCIDENTAL DAMAGES ARISING OUT OF OR IN CONNECTION WITH ANY BREACH OF THIS WARRANTY OR ANY OTHER CLAIM WITH RESPECT TO THIS PRODUCT, INCLUDING BUT NOT LIMITED TO, CLAIMS OF NEGLIGENCE, STRICT LIABILITY IN TORT OR BREACH OF CONTRACT.<\/p>\n\n\n\n<p>SOME STATES DO NOT ALLOW (A) LIMITATIONS ON HOW LONG AN IMPLIED WARRANTY LASTS OR (B) THE EXCLUSION OR LIMITATION OF INCIDENTAL OR CONSEQUENTIAL DAMAGES, SO THE ABOVE LIMITATIONS OR EXCLUSIONS MAY NOT APPLY TO YOU. THIS WARRANTY GIVES YOU SPECIFIC LEGAL RIGHTS AND YOU MAY HAVE OTHER RIGHTS WHICH VARY FROM STATE TO STATE.<\/p>\n\n\n\n<p>FOR THE ORIGINAL RETAIL PURCHASER TO SUBMIT A WARRANTY CLAIM, CALL OR WRITE MEGA SLAM HOOPS UK.<\/p>\n\n\n\n<p>TEL\u00c9FONO<br>020 3920 7400<br><br>EMAIL<br>support@megaslamhoops.uk<br>DIRECCI\u00d3N POSTAL<br><br>Mega Slam Reino Unido<br>The Hollies, Station Road, Chilbolton<br>Stockbridge, Hampshire<br>Reino Unido, SO20 6AL<\/p>\n<\/div>\n<\/div>","protected":false},"excerpt":{"rendered":"<p> ... <a title=\"Garant\u00eda de por vida\" class=\"read-more\" href=\"https:\/\/oncourt.online\/es\/basketball-hoops\/lifetime-warranty\/\" aria-label=\"Leer m\u00e1s sobre Lifetime Warranty\">Leer m\u00e1s<\/a><\/p>","protected":false},"author":2,"featured_media":362,"parent":34,"menu_order":0,"comment_status":"closed","ping_status":"closed","template":"","meta":{"_acf_changed":false,"inline_featured_image":false,"footnotes":""},"class_list":{"0":"post-428","1":"page","2":"type-page","3":"status-publish","4":"has-post-thumbnail","6":"infinite-scroll-item","7":"no-featured-image-padding","8":"resize-featured-image"},"acf":[],"yoast_head":"<!-- This site is optimized with the Yoast SEO Premium plugin v26.8 (Yoast SEO v27.3) - https:\/\/yoast.com\/product\/yoast-seo-premium-wordpress\/ -->\n<title>Lifetime Warranty - OnCourt Online<\/title>\n<meta name=\"description\" content=\"Mega Slam Hoops and OnCourt are committed to providing the best residential basketball systems that your money can buy.\" \/>\n<meta name=\"robots\" content=\"index, follow, max-snippet:-1, max-image-preview:large, max-video-preview:-1\" \/>\n<link rel=\"canonical\" href=\"https:\/\/oncourt.online\/es\/canastas-baloncesto\/garantia-de-por-vida\/\" \/>\n<meta property=\"og:locale\" content=\"es_ES\" \/>\n<meta property=\"og:type\" content=\"article\" \/>\n<meta property=\"og:title\" content=\"Lifetime Warranty\" \/>\n<meta property=\"og:description\" content=\"Mega Slam Hoops and OnCourt are committed to providing the best residential basketball systems that your money can buy.\" \/>\n<meta property=\"og:url\" content=\"https:\/\/oncourt.online\/es\/canastas-baloncesto\/garantia-de-por-vida\/\" \/>\n<meta property=\"og:site_name\" content=\"OnCourt Online\" \/>\n<meta property=\"article:publisher\" content=\"https:\/\/www.facebook.com\/oncourt.online\/\" \/>\n<meta property=\"article:modified_time\" content=\"2026-01-03T03:34:58+00:00\" \/>\n<meta property=\"og:image\" content=\"https:\/\/oncourt.online\/wp-content\/uploads\/2021\/10\/Mega-Slam-Hoops-Lifetime-Warranty.png\" \/>\n\t<meta property=\"og:image:width\" content=\"300\" \/>\n\t<meta property=\"og:image:height\" content=\"300\" \/>\n\t<meta property=\"og:image:type\" content=\"image\/png\" \/>\n<meta name=\"twitter:card\" content=\"summary_large_image\" \/>\n<meta name=\"twitter:label1\" content=\"Tiempo de lectura\" \/>\n\t<meta name=\"twitter:data1\" content=\"4 minutos\" \/>\n<!-- \/ Yoast SEO Premium plugin. -->","yoast_head_json":{"title":"Garant\u00eda de por vida - OnCourt Online","description":"Mega Slam Hoops y OnCourt se han comprometido a proporcionar los mejores sistemas de baloncesto residencial que su dinero puede comprar.","robots":{"index":"index","follow":"follow","max-snippet":"max-snippet:-1","max-image-preview":"max-image-preview:large","max-video-preview":"max-video-preview:-1"},"canonical":"https:\/\/oncourt.online\/es\/canastas-baloncesto\/garantia-de-por-vida\/","og_locale":"es_ES","og_type":"article","og_title":"Lifetime Warranty","og_description":"Mega Slam Hoops and OnCourt are committed to providing the best residential basketball systems that your money can buy.","og_url":"https:\/\/oncourt.online\/es\/canastas-baloncesto\/garantia-de-por-vida\/","og_site_name":"OnCourt Online","article_publisher":"https:\/\/www.facebook.com\/oncourt.online\/","article_modified_time":"2026-01-03T03:34:58+00:00","og_image":[{"width":300,"height":300,"url":"https:\/\/oncourt.online\/wp-content\/uploads\/2021\/10\/Mega-Slam-Hoops-Lifetime-Warranty.png","type":"image\/png"}],"twitter_card":"summary_large_image","twitter_misc":{"Tiempo de lectura":"4 minutos"},"schema":{"@context":"https:\/\/schema.org","@graph":[{"@type":"WebPage","@id":"https:\/\/oncourt.online\/es\/basketball-hoops\/lifetime-warranty\/","url":"https:\/\/oncourt.online\/es\/basketball-hoops\/lifetime-warranty\/","name":"Garant\u00eda de por vida - OnCourt Online","isPartOf":{"@id":"https:\/\/oncourt.online\/es\/#website"},"primaryImageOfPage":{"@id":"https:\/\/oncourt.online\/es\/basketball-hoops\/lifetime-warranty\/#primaryimage"},"image":{"@id":"https:\/\/oncourt.online\/es\/basketball-hoops\/lifetime-warranty\/#primaryimage"},"thumbnailUrl":"https:\/\/oncourt.online\/wp-content\/uploads\/2021\/10\/Mega-Slam-Hoops-Lifetime-Warranty.png","datePublished":"2021-10-22T11:43:33+00:00","dateModified":"2026-01-03T03:34:58+00:00","description":"Mega Slam Hoops y OnCourt se han comprometido a proporcionar los mejores sistemas de baloncesto residencial que su dinero puede comprar.","breadcrumb":{"@id":"https:\/\/oncourt.online\/es\/basketball-hoops\/lifetime-warranty\/#breadcrumb"},"inLanguage":"es","potentialAction":[{"@type":"ReadAction","target":["https:\/\/oncourt.online\/es\/basketball-hoops\/lifetime-warranty\/"]}]},{"@type":"ImageObject","inLanguage":"es","@id":"https:\/\/oncourt.online\/es\/basketball-hoops\/lifetime-warranty\/#primaryimage","url":"https:\/\/oncourt.online\/wp-content\/uploads\/2021\/10\/Mega-Slam-Hoops-Lifetime-Warranty.png","contentUrl":"https:\/\/oncourt.online\/wp-content\/uploads\/2021\/10\/Mega-Slam-Hoops-Lifetime-Warranty.png","width":300,"height":300,"caption":"Mega Slam Hoops - Lifetime Warranty"},{"@type":"BreadcrumbList","@id":"https:\/\/oncourt.online\/es\/basketball-hoops\/lifetime-warranty\/#breadcrumb","itemListElement":[{"@type":"ListItem","position":1,"name":"Home","item":"https:\/\/oncourt.online\/"},{"@type":"ListItem","position":2,"name":"Basketball Hoops","item":"https:\/\/oncourt.online\/es\/basketball-hoops\/"},{"@type":"ListItem","position":3,"name":"Lifetime Warranty"}]},{"@type":"WebSite","@id":"https:\/\/oncourt.online\/es\/#website","url":"https:\/\/oncourt.online\/es\/","name":"OnCourt Online","description":"Pistas de baloncesto de alto rendimiento","publisher":{"@id":"https:\/\/oncourt.online\/es\/#organization"},"potentialAction":[{"@type":"SearchAction","target":{"@type":"EntryPoint","urlTemplate":"https:\/\/oncourt.online\/es\/?s={search_term_string}"},"query-input":{"@type":"PropertyValueSpecification","valueRequired":true,"valueName":"search_term_string"}}],"inLanguage":"es"},{"@type":"Organization","@id":"https:\/\/oncourt.online\/es\/#organization","name":"OnCourt Online","url":"https:\/\/oncourt.online\/es\/","logo":{"@type":"ImageObject","inLanguage":"es","@id":"https:\/\/oncourt.online\/es\/#\/schema\/logo\/image\/","url":"https:\/\/oncourt.online\/wp-content\/uploads\/2021\/12\/Logo_OnCourt_Black.svg","contentUrl":"https:\/\/oncourt.online\/wp-content\/uploads\/2021\/12\/Logo_OnCourt_Black.svg","width":"1024","height":"1024","caption":"OnCourt Online"},"image":{"@id":"https:\/\/oncourt.online\/es\/#\/schema\/logo\/image\/"},"sameAs":["https:\/\/www.facebook.com\/oncourt.online\/"],"email":"info@oncourt.online"}]}},"_links":{"self":[{"href":"https:\/\/oncourt.online\/es\/wp-json\/wp\/v2\/pages\/428","targetHints":{"allow":["GET"]}}],"collection":[{"href":"https:\/\/oncourt.online\/es\/wp-json\/wp\/v2\/pages"}],"about":[{"href":"https:\/\/oncourt.online\/es\/wp-json\/wp\/v2\/types\/page"}],"author":[{"embeddable":true,"href":"https:\/\/oncourt.online\/es\/wp-json\/wp\/v2\/users\/2"}],"replies":[{"embeddable":true,"href":"https:\/\/oncourt.online\/es\/wp-json\/wp\/v2\/comments?post=428"}],"version-history":[{"count":0,"href":"https:\/\/oncourt.online\/es\/wp-json\/wp\/v2\/pages\/428\/revisions"}],"up":[{"embeddable":true,"href":"https:\/\/oncourt.online\/es\/wp-json\/wp\/v2\/pages\/34"}],"wp:featuredmedia":[{"embeddable":true,"href":"https:\/\/oncourt.online\/es\/wp-json\/wp\/v2\/media\/362"}],"wp:attachment":[{"href":"https:\/\/oncourt.online\/es\/wp-json\/wp\/v2\/media?parent=428"}],"curies":[{"name":"wp","href":"https:\/\/api.w.org\/{rel}","templated":true}]}}