{"id":3706,"date":"2022-03-08T09:13:55","date_gmt":"2022-03-08T09:13:55","guid":{"rendered":"https:\/\/oncourt.online\/?page_id=3706"},"modified":"2026-01-13T08:00:41","modified_gmt":"2026-01-13T08:00:41","slug":"unirse-oncourt","status":"publish","type":"page","link":"https:\/\/oncourt.online\/es\/join-oncourt\/","title":{"rendered":"Trabaje con OnCourt"},"content":{"rendered":"<div class=\"gb-container gb-container-c9c919f1\"><div class=\"gb-inside-container\">\n<div class=\"gb-container gb-container-cefabf47\"><div class=\"gb-inside-container\">\n\n<h2 class=\"gb-headline gb-headline-d23b44e5 gb-headline-text\">Colabora con un especialista en canchas de baloncesto<\/h2>\n\n\n\n<p class=\"gb-headline gb-headline-b071501e gb-headline-text\">OnCourt trabaja con profesionales en toda Europa que dise\u00f1an, construyen y especifican espacios deportivos al aire libre. Nuestro Programa de Socios est\u00e1 dise\u00f1ado para empresas que desean ofrecer canchas de baloncesto de alto rendimiento a sus clientes, respaldadas por productos especializados, herramientas de planificaci\u00f3n precisas y soporte experto.<\/p>\n\n\n\n<p class=\"gb-text gb-text-6b40232a\">No operamos como proveedor general de deportes. El baloncesto es nuestro enfoque y trabajamos con socios que valoran hacer las cosas correctamente.<\/p>\n\n\n\n<h3 class=\"gb-text gb-text-a0baa6e3\">Con qui\u00e9n trabajamos<\/h3>\n\n\n\n<p>Colaboramos con empresas dedicadas a la construcci\u00f3n exterior, el dise\u00f1o y las superficies deportivas, incluyendo:<\/p>\n\n\n\n<ul class=\"wp-block-list\">\n<li>Constructores y contratistas generales<\/li>\n\n\n\n<li>Dise\u00f1adores de paisajismo y jardines<\/li>\n\n\n\n<li>Contratistas de obra civil y movimientos de tierra<\/li>\n\n\n\n<li>Constructores de canchas deportivas y especialistas en reacondicionamiento<\/li>\n\n\n\n<li>Arquitectos y especificadores<\/li>\n\n\n\n<li>Especialistas en espacios exteriores orientados al dise\u00f1o<\/li>\n<\/ul>\n\n\n\n<p class=\"gb-text gb-text-b726bb2a\">Si su trabajo implica la planificaci\u00f3n o construcci\u00f3n de espacios exteriores y desea a\u00f1adir canchas de baloncesto a su oferta, nos gustar\u00eda saber de usted.<\/p>\n\n\n\n<div class=\"gb-element-bbf74639\">\n<div>\n<img loading=\"lazy\" decoding=\"async\" width=\"660\" height=\"400\" class=\"img_12px_radius gb-media-76f4f695\" alt=\"\" title=\"OnCourt Modular Basketball Court Surface Installation\" src=\"https:\/\/oncourt.online\/wp-content\/uploads\/2022\/05\/OnCourt-Modular-Basketball-Court-Surface-Installation.jpg\" srcset=\"https:\/\/oncourt.online\/wp-content\/uploads\/2022\/05\/OnCourt-Modular-Basketball-Court-Surface-Installation.jpg 660w, https:\/\/oncourt.online\/wp-content\/uploads\/2022\/05\/OnCourt-Modular-Basketball-Court-Surface-Installation-300x182.jpg 300w, https:\/\/oncourt.online\/wp-content\/uploads\/2022\/05\/OnCourt-Modular-Basketball-Court-Surface-Installation-18x12.jpg 18w, https:\/\/oncourt.online\/wp-content\/uploads\/2022\/05\/OnCourt-Modular-Basketball-Court-Surface-Installation-545x330.jpg 545w\" sizes=\"auto, (max-width: 660px) 100vw, 660px\" \/>\n<\/div>\n\n\n\n<div>\n<h2 class=\"gb-text\">Qu\u00e9 pueden esperar los socios de OnCourt<\/h2>\n\n\n\n<p class=\"gb-text last_text\">Acceso a herramientas profesionales de dise\u00f1o de canchas, precios preferenciales y soporte especializado para planificar, especificar y entregar canchas de baloncesto de alto rendimiento con total confianza.<\/p>\n<\/div>\n<\/div>\n\n\n\n<h4 class=\"gb-text\">Herramientas profesionales de dise\u00f1o<\/h4>\n\n\n\n<p class=\"gb-text\">Utilice la plataforma 3D de dise\u00f1o de canchas de baloncesto de OnCourt para planificar distribuciones, explorar esquemas de color, especificar superficies y aros, y generar visuales y precios precisos para propuestas a clientes.<\/p>\n\n\n\n<h4 class=\"gb-text\">Precios comerciales preferenciales<\/h4>\n\n\n\n<p class=\"gb-text\">Los socios autorizados obtienen acceso a precios comerciales en superficies modulares de baloncesto y aros Mega Slam, lo que le permite ofrecer soluciones premium manteniendo m\u00e1rgenes saludables.<\/p>\n\n\n\n<h4 class=\"gb-text\">Soporte t\u00e9cnico especializado<\/h4>\n\n\n\n<p class=\"gb-text\">Acceda directamente a la gu\u00eda sobre dise\u00f1os, selecci\u00f3n de superficies, requisitos de instalaci\u00f3n y combinaci\u00f3n de productos, lo que le permitir\u00e1 reducir la incertidumbre y evitar costosos errores en la obra.<\/p>\n\n\n\n<h4 class=\"gb-text\">Especificaciones y recursos claros<\/h4>\n\n\n\n<p class=\"gb-text gb-text-46b97fff\">Utilice nuestras gu\u00edas y recursos de planificaci\u00f3n para evitar conjeturas, reducir errores y presentar a los clientes propuestas claras y seguras.<\/p>\n\n\n\n<div class=\"gb-element-d984cac5\">\n<div>\n<img loading=\"lazy\" decoding=\"async\" width=\"1200\" height=\"960\" class=\"img_12px_radius gb-media-1c57b1fb\" alt=\"\" title=\"Dise\u00f1o de cancha de baloncesto residencial de tama\u00f1o mediano\" src=\"https:\/\/oncourt.online\/wp-content\/uploads\/2025\/12\/Medium-Sized-Residential-Basketball-Court-Design.webp\"\/>\n<\/div>\n\n\n\n<div>\n<h3 class=\"gb-text\">Dise\u00f1ado para proyectos reales<\/h3>\n\n\n\n<p>El programa OnCourt Partner es adecuado para profesionales que ofrecen:<\/p>\n\n\n\n<ul class=\"wp-block-list\">\n<li>Tribunales residenciales<\/li>\n\n\n\n<li>Club e instalaciones de entrenamiento<\/li>\n\n\n\n<li>Escuelas y espacios educativos<\/li>\n\n\n\n<li>Pistas exteriores comerciales o multiuso<\/li>\n<\/ul>\n\n\n\n<p class=\"gb-text last_text\">Apoyamos a los socios que se enorgullecen de la calidad de su trabajo y su rendimiento a largo plazo.<\/p>\n<\/div>\n<\/div>\n\n\n\n<div class=\"gb-element-f79012eb\">\n<h3 class=\"gb-text gb-text-5da21831\">Solicita convertirte en socio de OnCourt<\/h3>\n\n\n\n<p class=\"gb-text not_last_text\">Si est\u00e1 interesado en trabajar con OnCourt, complete el formulario de consulta a continuaci\u00f3n. <\/p>\n\n\n\n<p class=\"gb-text gb-text-209ee9ae\">Revisamos todas las solicitudes y nos pondremos en contacto para analizar si el programa es adecuado para su empresa.<\/p>\n<\/div>\n\n\n<div class=\"gb-container gb-container-8ddfb2cf\">\n\n\n\n\n\n\n\n\n<div class=\"gb-container gb-container-609ba763\">\n\n<div class=\"pipedriveWebForms\" data-pd-webforms=\"https:\/\/webforms.pipedrive.com\/f\/5VRbjZACjUMg63KAoisQTr3Rv7ONv7QC7SL7CSbTA6cqDHpX7zr02st4SpgjEtOS6D\"><script src=\"https:\/\/webforms.pipedrive.com\/f\/loader\"><\/script><\/div>\n\n<\/div>\n\n\n\n\n\n\n\n\n\n\n\n\n\n\n\n\n\n\n<\/div>\n<\/div><\/div>\n<\/div><\/div>","protected":false},"excerpt":{"rendered":"<p> ... <a title=\"Trabaje con OnCourt\" class=\"read-more\" href=\"https:\/\/oncourt.online\/es\/join-oncourt\/\" aria-label=\"Leer m\u00e1s sobre Work With OnCourt\">Leer m\u00e1s<\/a><\/p>","protected":false},"author":2,"featured_media":7048,"parent":0,"menu_order":13,"comment_status":"closed","ping_status":"closed","template":"","meta":{"_acf_changed":false,"inline_featured_image":false,"footnotes":""},"class_list":{"0":"post-3706","1":"page","2":"type-page","3":"status-publish","4":"has-post-thumbnail","6":"infinite-scroll-item","7":"no-featured-image-padding","8":"resize-featured-image"},"acf":[],"yoast_head":"<!-- This site is optimized with the Yoast SEO Premium plugin v26.8 (Yoast SEO v27.3) - https:\/\/yoast.com\/product\/yoast-seo-premium-wordpress\/ -->\n<title>OnCourt Partners | Trade Pricing &amp; Basketball Court Design Tools<\/title>\n<meta name=\"description\" content=\"Partner with OnCourt. Work with a specialist basketball court supplier. Design tools, trade pricing, and support for residential &amp; commercial projects.\" \/>\n<meta name=\"robots\" content=\"index, follow, max-snippet:-1, max-image-preview:large, max-video-preview:-1\" \/>\n<link rel=\"canonical\" href=\"https:\/\/oncourt.online\/es\/unirse-oncourt\/\" \/>\n<meta property=\"og:locale\" content=\"es_ES\" \/>\n<meta property=\"og:type\" content=\"article\" \/>\n<meta property=\"og:title\" content=\"Work With OnCourt\" \/>\n<meta property=\"og:description\" content=\"Partner with OnCourt. Work with a specialist basketball court supplier. Design tools, trade pricing, and support for residential &amp; commercial projects.\" \/>\n<meta property=\"og:url\" content=\"https:\/\/oncourt.online\/es\/unirse-oncourt\/\" \/>\n<meta property=\"og:site_name\" content=\"OnCourt Online\" \/>\n<meta property=\"article:publisher\" content=\"https:\/\/www.facebook.com\/oncourt.online\/\" \/>\n<meta property=\"article:modified_time\" content=\"2026-01-13T08:00:41+00:00\" \/>\n<meta property=\"og:image\" content=\"https:\/\/oncourt.online\/wp-content\/uploads\/2022\/05\/OnCourt-Modular-Basketball-Court-Surface-Installation.jpg\" \/>\n\t<meta property=\"og:image:width\" content=\"660\" \/>\n\t<meta property=\"og:image:height\" content=\"400\" \/>\n\t<meta property=\"og:image:type\" content=\"image\/jpeg\" \/>\n<meta name=\"twitter:card\" content=\"summary_large_image\" \/>\n<meta name=\"twitter:label1\" content=\"Tiempo de lectura\" \/>\n\t<meta name=\"twitter:data1\" content=\"3 minutos\" \/>\n<!-- \/ Yoast SEO Premium plugin. -->","yoast_head_json":{"title":"Socios OnCourt | Precios Profesionales y Herramientas de Dise\u00f1o de Canchas de Baloncesto","description":"As\u00f3ciese con OnCourt. Trabaje con un proveedor especializado en canchas de baloncesto. Herramientas de dise\u00f1o, precios profesionales y soporte para proyectos residenciales y comerciales.","robots":{"index":"index","follow":"follow","max-snippet":"max-snippet:-1","max-image-preview":"max-image-preview:large","max-video-preview":"max-video-preview:-1"},"canonical":"https:\/\/oncourt.online\/es\/unirse-oncourt\/","og_locale":"es_ES","og_type":"article","og_title":"Work With OnCourt","og_description":"Partner with OnCourt. Work with a specialist basketball court supplier. Design tools, trade pricing, and support for residential & commercial projects.","og_url":"https:\/\/oncourt.online\/es\/unirse-oncourt\/","og_site_name":"OnCourt Online","article_publisher":"https:\/\/www.facebook.com\/oncourt.online\/","article_modified_time":"2026-01-13T08:00:41+00:00","og_image":[{"width":660,"height":400,"url":"https:\/\/oncourt.online\/wp-content\/uploads\/2022\/05\/OnCourt-Modular-Basketball-Court-Surface-Installation.jpg","type":"image\/jpeg"}],"twitter_card":"summary_large_image","twitter_misc":{"Tiempo de lectura":"3 minutos"},"schema":{"@context":"https:\/\/schema.org","@graph":[{"@type":"WebPage","@id":"https:\/\/oncourt.online\/es\/join-oncourt\/","url":"https:\/\/oncourt.online\/es\/join-oncourt\/","name":"Socios OnCourt | Precios Profesionales y Herramientas de Dise\u00f1o de Canchas de Baloncesto","isPartOf":{"@id":"https:\/\/oncourt.online\/es\/#website"},"primaryImageOfPage":{"@id":"https:\/\/oncourt.online\/es\/join-oncourt\/#primaryimage"},"image":{"@id":"https:\/\/oncourt.online\/es\/join-oncourt\/#primaryimage"},"thumbnailUrl":"https:\/\/oncourt.online\/wp-content\/uploads\/2022\/05\/OnCourt-Modular-Basketball-Court-Surface-Installation.jpg","datePublished":"2022-03-08T09:13:55+00:00","dateModified":"2026-01-13T08:00:41+00:00","description":"As\u00f3ciese con OnCourt. Trabaje con un proveedor especializado en canchas de baloncesto. Herramientas de dise\u00f1o, precios profesionales y soporte para proyectos residenciales y comerciales.","breadcrumb":{"@id":"https:\/\/oncourt.online\/es\/join-oncourt\/#breadcrumb"},"inLanguage":"es","potentialAction":[{"@type":"ReadAction","target":["https:\/\/oncourt.online\/es\/join-oncourt\/"]}]},{"@type":"ImageObject","inLanguage":"es","@id":"https:\/\/oncourt.online\/es\/join-oncourt\/#primaryimage","url":"https:\/\/oncourt.online\/wp-content\/uploads\/2022\/05\/OnCourt-Modular-Basketball-Court-Surface-Installation.jpg","contentUrl":"https:\/\/oncourt.online\/wp-content\/uploads\/2022\/05\/OnCourt-Modular-Basketball-Court-Surface-Installation.jpg","width":660,"height":400},{"@type":"BreadcrumbList","@id":"https:\/\/oncourt.online\/es\/join-oncourt\/#breadcrumb","itemListElement":[{"@type":"ListItem","position":1,"name":"Home","item":"https:\/\/oncourt.online\/"},{"@type":"ListItem","position":2,"name":"Work With OnCourt"}]},{"@type":"WebSite","@id":"https:\/\/oncourt.online\/es\/#website","url":"https:\/\/oncourt.online\/es\/","name":"OnCourt Online","description":"Pistas de baloncesto de alto rendimiento","publisher":{"@id":"https:\/\/oncourt.online\/es\/#organization"},"potentialAction":[{"@type":"SearchAction","target":{"@type":"EntryPoint","urlTemplate":"https:\/\/oncourt.online\/es\/?s={search_term_string}"},"query-input":{"@type":"PropertyValueSpecification","valueRequired":true,"valueName":"search_term_string"}}],"inLanguage":"es"},{"@type":"Organization","@id":"https:\/\/oncourt.online\/es\/#organization","name":"OnCourt Online","url":"https:\/\/oncourt.online\/es\/","logo":{"@type":"ImageObject","inLanguage":"es","@id":"https:\/\/oncourt.online\/es\/#\/schema\/logo\/image\/","url":"https:\/\/oncourt.online\/wp-content\/uploads\/2021\/12\/Logo_OnCourt_Black.svg","contentUrl":"https:\/\/oncourt.online\/wp-content\/uploads\/2021\/12\/Logo_OnCourt_Black.svg","width":"1024","height":"1024","caption":"OnCourt Online"},"image":{"@id":"https:\/\/oncourt.online\/es\/#\/schema\/logo\/image\/"},"sameAs":["https:\/\/www.facebook.com\/oncourt.online\/"],"email":"info@oncourt.online"}]}},"_links":{"self":[{"href":"https:\/\/oncourt.online\/es\/wp-json\/wp\/v2\/pages\/3706","targetHints":{"allow":["GET"]}}],"collection":[{"href":"https:\/\/oncourt.online\/es\/wp-json\/wp\/v2\/pages"}],"about":[{"href":"https:\/\/oncourt.online\/es\/wp-json\/wp\/v2\/types\/page"}],"author":[{"embeddable":true,"href":"https:\/\/oncourt.online\/es\/wp-json\/wp\/v2\/users\/2"}],"replies":[{"embeddable":true,"href":"https:\/\/oncourt.online\/es\/wp-json\/wp\/v2\/comments?post=3706"}],"version-history":[{"count":1,"href":"https:\/\/oncourt.online\/es\/wp-json\/wp\/v2\/pages\/3706\/revisions"}],"predecessor-version":[{"id":17261,"href":"https:\/\/oncourt.online\/es\/wp-json\/wp\/v2\/pages\/3706\/revisions\/17261"}],"wp:featuredmedia":[{"embeddable":true,"href":"https:\/\/oncourt.online\/es\/wp-json\/wp\/v2\/media\/7048"}],"wp:attachment":[{"href":"https:\/\/oncourt.online\/es\/wp-json\/wp\/v2\/media?parent=3706"}],"curies":[{"name":"wp","href":"https:\/\/api.w.org\/{rel}","templated":true}]}}