{"id":9497,"date":"2025-03-23T14:49:19","date_gmt":"2025-03-23T14:49:19","guid":{"rendered":"https:\/\/oncourt.online\/?post_type=product&#038;p=9497"},"modified":"2026-01-17T10:51:17","modified_gmt":"2026-01-17T10:51:17","slug":"elastisch-pro-ii","status":"publish","type":"product","link":"https:\/\/oncourt.online\/de\/modular-sports-tiles\/dynamic-pro-ii\/","title":{"rendered":"Dynamic Pro II Basketballplatz-Bodenbelag"},"content":{"rendered":"","protected":false},"excerpt":{"rendered":"<p>Dynamic Pro II ist ein Basketballplatzbelag in Profiqualit\u00e4t, der f\u00fcr stark frequentierte Einsatzbereiche entwickelt wurde. Mit zuverl\u00e4ssiger Traktion, gleichm\u00e4\u00dfigem Ballverhalten und optionalen D\u00e4mpfungspads f\u00fcr zus\u00e4tzlichen Komfort erm\u00f6glicht er sicheres Spiel in Vereinen, Schulen und Trainingsst\u00e4tten.<\/p>","protected":false},"featured_media":9974,"template":"","meta":{"_acf_changed":true,"inline_featured_image":false},"product_brand":[],"product_cat":[29],"product_tag":[],"class_list":{"0":"post-9497","1":"product","2":"type-product","3":"status-publish","4":"has-post-thumbnail","6":"product_cat-modular-sports-tiles","7":"product_shipping_class-custom-court-shipping","8":"infinite-scroll-item","9":"no-featured-image-padding","10":"resize-featured-image","11":"","12":"woocommerce-text-align-center","13":"woocommerce-image-align-center","14":"do-quantity-buttons","16":"first","17":"instock","18":"taxable","19":"shipping-taxable","20":"product-type-simple","21":"vsd-product-has-model-viewer"},"bundled_by":[],"bundle_stock_status":"instock","bundle_stock_quantity":null,"bundle_virtual":false,"bundle_layout":"","bundle_add_to_cart_form_location":"","bundle_editable_in_cart":false,"bundle_sold_individually_context":"","bundle_item_grouping":"","bundle_min_size":"","bundle_max_size":"","bundle_price":[],"bundled_items":[],"bundle_sell_ids":[],"acf":[],"yoast_head":"<!-- This site is optimized with the Yoast SEO Premium plugin v26.8 (Yoast SEO v27.3) - https:\/\/yoast.com\/product\/yoast-seo-premium-wordpress\/ -->\n<title>Dynamic Pro II | Modular Basketball Court Flooring | OnCourt<\/title>\n<meta name=\"description\" content=\"Dynamic Pro II is a professional-grade basketball court flooring system with configurable shock pads for enhanced comfort and durability. Ideal for clubs, schools and high-use courts across Europe.\" \/>\n<meta name=\"robots\" content=\"index, follow, max-snippet:-1, max-image-preview:large, max-video-preview:-1\" \/>\n<link rel=\"canonical\" href=\"https:\/\/oncourt.online\/de\/modulare-sportfliesen\/dynamic-pro-ii\/\" \/>\n<meta property=\"og:locale\" content=\"de_DE\" \/>\n<meta property=\"og:type\" content=\"article\" \/>\n<meta property=\"og:title\" content=\"Dynamic Pro II Basketball Court Flooring\" \/>\n<meta property=\"og:description\" content=\"Dynamic Pro II is a professional-grade basketball court flooring system with configurable shock pads for enhanced comfort and durability. Ideal for clubs, schools and high-use courts across Europe.\" \/>\n<meta property=\"og:url\" content=\"https:\/\/oncourt.online\/de\/modulare-sportfliesen\/dynamic-pro-ii\/\" \/>\n<meta property=\"og:site_name\" content=\"OnCourt Online\" \/>\n<meta property=\"article:publisher\" content=\"https:\/\/www.facebook.com\/oncourt.online\/\" \/>\n<meta property=\"article:modified_time\" content=\"2026-01-17T10:51:17+00:00\" \/>\n<meta property=\"og:image\" content=\"https:\/\/oncourt.online\/wp-content\/uploads\/2025\/03\/Modular-Basketball-Court-Flooring-Elastic-Pro-II-Black-Wind-Grey-Sky-Blue.png\" \/>\n\t<meta property=\"og:image:width\" content=\"1600\" \/>\n\t<meta property=\"og:image:height\" content=\"900\" \/>\n\t<meta property=\"og:image:type\" content=\"image\/png\" \/>\n<meta name=\"twitter:card\" content=\"summary_large_image\" \/>\n<meta name=\"twitter:label1\" content=\"Preis\" \/>\n\t<meta name=\"twitter:data1\" content=\"&euro;39\" \/>\n\t<meta name=\"twitter:label2\" content=\"Verf\u00fcgbarkeit\" \/>\n\t<meta name=\"twitter:data2\" content=\"Auf Lager\" \/>\n<meta property=\"product:price:amount\" content=\"39\" \/>\n<meta property=\"product:price:currency\" content=\"EUR\" \/>\n<meta property=\"og:availability\" content=\"instock\" \/>\n<meta property=\"product:availability\" content=\"instock\" \/>\n<meta property=\"product:condition\" content=\"new\" \/>\n<!-- \/ Yoast SEO Premium plugin. -->","yoast_head_json":{"title":"Dynamic Pro II | Modular Basketball Court Flooring | OnCourt","description":"Dynamic Pro II ist ein professionelles Basketball-Bodenbelagssystem mit konfigurierbaren Sto\u00dfd\u00e4mpfern f\u00fcr mehr Komfort und Haltbarkeit. Ideal f\u00fcr Vereine, Schulen und stark genutzte Pl\u00e4tze in ganz Europa.","robots":{"index":"index","follow":"follow","max-snippet":"max-snippet:-1","max-image-preview":"max-image-preview:large","max-video-preview":"max-video-preview:-1"},"canonical":"https:\/\/oncourt.online\/de\/modulare-sportfliesen\/dynamic-pro-ii\/","og_locale":"de_DE","og_type":"article","og_title":"Dynamic Pro II Basketball Court Flooring","og_description":"Dynamic Pro II is a professional-grade basketball court flooring system with configurable shock pads for enhanced comfort and durability. Ideal for clubs, schools and high-use courts across Europe.","og_url":"https:\/\/oncourt.online\/de\/modulare-sportfliesen\/dynamic-pro-ii\/","og_site_name":"OnCourt Online","article_publisher":"https:\/\/www.facebook.com\/oncourt.online\/","article_modified_time":"2026-01-17T10:51:17+00:00","og_image":[{"width":1600,"height":900,"url":"https:\/\/oncourt.online\/wp-content\/uploads\/2025\/03\/Modular-Basketball-Court-Flooring-Elastic-Pro-II-Black-Wind-Grey-Sky-Blue.png","type":"image\/png"}],"twitter_card":"summary_large_image","twitter_misc":{"Preis":"&euro;39","Verf\u00fcgbarkeit":"Auf Lager"},"schema":{"@context":"https:\/\/schema.org","@graph":[{"@type":"WebPage","@id":"https:\/\/oncourt.online\/de\/modular-sports-tiles\/dynamic-pro-ii\/","url":"https:\/\/oncourt.online\/de\/modular-sports-tiles\/dynamic-pro-ii\/","name":"Dynamic Pro II | Modular Basketball Court Flooring | OnCourt","isPartOf":{"@id":"https:\/\/oncourt.online\/de\/#website"},"primaryImageOfPage":{"@id":"https:\/\/oncourt.online\/de\/modular-sports-tiles\/dynamic-pro-ii\/#primaryimage"},"image":{"@id":"https:\/\/oncourt.online\/de\/modular-sports-tiles\/dynamic-pro-ii\/#primaryimage"},"thumbnailUrl":"https:\/\/oncourt.online\/wp-content\/uploads\/2025\/03\/Modular-Basketball-Court-Flooring-Elastic-Pro-II-Black-Wind-Grey-Sky-Blue.png","datePublished":"2025-03-23T14:49:19+00:00","dateModified":"2026-01-17T10:51:17+00:00","description":"Dynamic Pro II ist ein professionelles Basketball-Bodenbelagssystem mit konfigurierbaren Sto\u00dfd\u00e4mpfern f\u00fcr mehr Komfort und Haltbarkeit. Ideal f\u00fcr Vereine, Schulen und stark genutzte Pl\u00e4tze in ganz Europa.","breadcrumb":{"@id":"https:\/\/oncourt.online\/de\/modular-sports-tiles\/dynamic-pro-ii\/#breadcrumb"},"inLanguage":"de","potentialAction":[{"@type":"ReadAction","target":["https:\/\/oncourt.online\/de\/modular-sports-tiles\/dynamic-pro-ii\/"]}]},{"@type":"ImageObject","inLanguage":"de","@id":"https:\/\/oncourt.online\/de\/modular-sports-tiles\/dynamic-pro-ii\/#primaryimage","url":"https:\/\/oncourt.online\/wp-content\/uploads\/2025\/03\/Modular-Basketball-Court-Flooring-Elastic-Pro-II-Black-Wind-Grey-Sky-Blue.png","contentUrl":"https:\/\/oncourt.online\/wp-content\/uploads\/2025\/03\/Modular-Basketball-Court-Flooring-Elastic-Pro-II-Black-Wind-Grey-Sky-Blue.png","width":1600,"height":900},{"@type":"BreadcrumbList","@id":"https:\/\/oncourt.online\/de\/modular-sports-tiles\/dynamic-pro-ii\/#breadcrumb","itemListElement":[{"@type":"ListItem","position":1,"name":"Home","item":"https:\/\/oncourt.online\/"},{"@type":"ListItem","position":2,"name":"Modular Sports Flooring","item":"https:\/\/oncourt.online\/de\/modular-sports-tiles\/"},{"@type":"ListItem","position":3,"name":"Dynamic Pro II"}]},{"@type":"WebSite","@id":"https:\/\/oncourt.online\/de\/#website","url":"https:\/\/oncourt.online\/de\/","name":"OnCourt Online","description":"Hochleistungs-Basketballpl\u00e4tze","publisher":{"@id":"https:\/\/oncourt.online\/de\/#organization"},"potentialAction":[{"@type":"SearchAction","target":{"@type":"EntryPoint","urlTemplate":"https:\/\/oncourt.online\/de\/?s={search_term_string}"},"query-input":{"@type":"PropertyValueSpecification","valueRequired":true,"valueName":"search_term_string"}}],"inLanguage":"de"},{"@type":"Organization","@id":"https:\/\/oncourt.online\/de\/#organization","name":"OnCourt Online","url":"https:\/\/oncourt.online\/de\/","logo":{"@type":"ImageObject","inLanguage":"de","@id":"https:\/\/oncourt.online\/de\/#\/schema\/logo\/image\/","url":"https:\/\/oncourt.online\/wp-content\/uploads\/2021\/12\/Logo_OnCourt_Black.svg","contentUrl":"https:\/\/oncourt.online\/wp-content\/uploads\/2021\/12\/Logo_OnCourt_Black.svg","width":"1024","height":"1024","caption":"OnCourt Online"},"image":{"@id":"https:\/\/oncourt.online\/de\/#\/schema\/logo\/image\/"},"sameAs":["https:\/\/www.facebook.com\/oncourt.online\/"],"email":"info@oncourt.online"}]},"product_price_amount":"39","product_price_currency":"EUR","og_availability":"instock","product_availability":"instock","product_condition":"new"},"_links":{"self":[{"href":"https:\/\/oncourt.online\/de\/wp-json\/wp\/v2\/product\/9497","targetHints":{"allow":["GET"]}}],"collection":[{"href":"https:\/\/oncourt.online\/de\/wp-json\/wp\/v2\/product"}],"about":[{"href":"https:\/\/oncourt.online\/de\/wp-json\/wp\/v2\/types\/product"}],"wp:featuredmedia":[{"embeddable":true,"href":"https:\/\/oncourt.online\/de\/wp-json\/wp\/v2\/media\/9974"}],"wp:attachment":[{"href":"https:\/\/oncourt.online\/de\/wp-json\/wp\/v2\/media?parent=9497"}],"wp:term":[{"taxonomy":"product_brand","embeddable":true,"href":"https:\/\/oncourt.online\/de\/wp-json\/wp\/v2\/product_brand?post=9497"},{"taxonomy":"product_cat","embeddable":true,"href":"https:\/\/oncourt.online\/de\/wp-json\/wp\/v2\/product_cat?post=9497"},{"taxonomy":"product_tag","embeddable":true,"href":"https:\/\/oncourt.online\/de\/wp-json\/wp\/v2\/product_tag?post=9497"}],"curies":[{"name":"wp","href":"https:\/\/api.w.org\/{rel}","templated":true}]}}