{"id":80,"date":"2021-10-19T20:14:24","date_gmt":"2021-10-19T20:14:24","guid":{"rendered":"https:\/\/oncourt.online\/?page_id=80"},"modified":"2026-01-07T15:32:24","modified_gmt":"2026-01-07T15:32:24","slug":"uber-uns","status":"publish","type":"page","link":"https:\/\/oncourt.online\/de\/about\/","title":{"rendered":"\u00dcber OnCourt"},"content":{"rendered":"<h2 class=\"gb-text\">Rund um Basketball aufgebaut<\/h2>\n\n\n\n<p class=\"gb-text gb-text-81affc46\">OnCourt entwirft und liefert leistungsstarke Basketballpl\u00e4tze f\u00fcr private Haushalte, Vereine und Anlagen in ganz Europa. Wir konzentrieren uns auf das Wesentliche auf dem Spielfeld \u2013 Oberfl\u00e4chenleistung, pr\u00e4zise Layouts, langlebige Ausr\u00fcstung und klare Planung \u2013 und bringen professionelle Standards in jedes Projekt, unabh\u00e4ngig von dessen Gr\u00f6\u00dfe.<\/p>\n\n\n\n<p class=\"gb-text\">Basketball ist f\u00fcr uns kein Zusatz. Er ist das Fundament von allem, was wir entwickeln.<\/p>\n\n\n\n<p class=\"gb-text translation-block\"><strong><em><a href=\"https:\/\/oncourt.online\/de\/3d-basketball-platz-designer\/\" target=\"_self\">Gestalten Sie Ihren Basketballplatz in 3D<\/a><\/em><\/strong>, um Layouts, Farben, Markierungen und Ausstattung vor dem Bau zu erkunden.<\/p>\n\n\n\n<h3 class=\"gb-headline gb-headline-ccfedaf1 gb-headline-text\">Spezialisten, keine Generalisten<\/h3>\n\n\n\n<p class=\"gb-text gb-text-8c945255\">Im Gegensatz zu Anbietern von generischen Sportbel\u00e4gen hat sich OnCourt ganz dem Basketball verschrieben. Unsere Produktpalette, Leitf\u00e4den und Design-Tools wurden speziell f\u00fcr die Anforderungen dieses Sports entwickelt, von der Fu\u00dfarbeit und Ballreaktion bis hin zu den Abmessungen des Spielfelds und der Positionierung des Korbs.<\/p>\n\n\n\n<p class=\"gb-text\">Dieser Fokus erm\u00f6glicht es uns, klarere Beratung, bessere Produktkombinationen und genauere Planung anzubieten als Anbieter von Multisportartikeln.<\/p>\n\n\n\n<h3 class=\"gb-headline gb-headline-ea969289 gb-headline-text\">Design zuerst. Mit Zuversicht bauen.<\/h3>\n\n\n\n<p class=\"gb-text gb-text-ddbfc979\">Jeder Platz beginnt mit einem Plan. Mit der 3D-Platzdesign-Plattform von OnCourt k\u00f6nnen Kunden Layouts konfigurieren, Farbschemata ausprobieren, Bodenbel\u00e4ge ausw\u00e4hlen und K\u00f6rbe festlegen, bevor sie sich f\u00fcr einen Bau entscheiden. Das Ergebnis ist ein klareres Verst\u00e4ndnis von Raum, Leistung und Kosten, was einen reibungsloseren Ablauf vom Konzept bis zur Installation erm\u00f6glicht.<\/p>\n\n\n\n<p class=\"gb-text\">Sofortige Preisangaben, pr\u00e4zise Layouts und gemeinsam nutzbare Designs beseitigen Unsicherheiten bereits in einer fr\u00fchen Phase des Prozesses.<\/p>\n\n\n\n<h3 class=\"gb-headline gb-headline-c16bc7a6 gb-headline-text\">Bew\u00e4hrte Produkte, entwickelt f\u00fcr Langlebigkeit<\/h3>\n\n\n\n<p class=\"gb-text gb-text-9ce3da67\">OnCourt liefert hochwertige modulare Basketballb\u00f6den und Mega Slam-Basketk\u00f6rbe in Profiqualit\u00e4t. Unsere Ausr\u00fcstung zeichnet sich durch Langlebigkeit, Stabilit\u00e4t und langfristige Leistungsf\u00e4higkeit aus. Von privaten Halbpl\u00e4tzen \u00fcber Clubanlagen bis hin zu gewerblichen Einrichtungen \u2013 unsere Systeme sind f\u00fcr anspruchsvolle Spielbedingungen ohne Kompromisse ausgelegt.<\/p>\n\n\n\n<p class=\"gb-text\">Wir jagen keinen Trends hinterher. Wir konzentrieren uns auf Materialien, Technik und Zuverl\u00e4ssigkeit.<\/p>\n\n\n\n<p>OnCourt supply premium outdoor surfaces alongside proven <strong><em><a href=\"https:\/\/oncourt.online\/de\/basketballkorbe\/\">Mega Slam basketball hoops<\/a><\/em><\/strong> and court equipment, chosen to work together as a complete system.<\/p>\n\n\n\n<h3 class=\"gb-headline gb-headline-5efdb362 gb-headline-text\">Beratung, der Sie vertrauen k\u00f6nnen<\/h3>\n\n\n\n<p class=\"gb-text gb-text-f96f3624\">Der Bau eines Basketballplatzes umfasst mehr als nur die Auswahl der Produkte. In unseren Leitf\u00e4den geben wir klare, praktische Ratschl\u00e4ge zu Layouts, Bodenbel\u00e4gen, Beleuchtung, Installation und Planung, damit Kunden in jeder Phase fundierte Entscheidungen treffen k\u00f6nnen.<\/p>\n\n\n\n<p class=\"gb-text\">Ganz gleich, ob Sie Ihren ersten Heimplatz bauen oder eine Anlage f\u00fcr mehrere Nutzer planen \u2013 unser Ziel ist es, Spekulationen durch Sicherheit zu ersetzen.<\/p>\n\n\n\n<p><strong><em><a href=\"https:\/\/oncourt.online\/de\/ratgeber\/\">Explore our basketball court guides<\/a><\/em><\/strong> to understand layouts, surfaces, equipment, and installation before committing.<\/p>\n\n\n\n<h3 class=\"gb-text\">In ganz Europa und dar\u00fcber hinaus<\/h3>\n\n\n\n<p class=\"gb-text\">OnCourt unterst\u00fctzt Projekte in ganz Europa und arbeitet dabei mit Privatkunden, Vereinen, Schulen und kommerziellen Partnern zusammen. Unsere Erfahrung umfasst unterschiedliche Standortbedingungen, Vorschriften und Anwendungsf\u00e4lle, sodass wir L\u00f6sungen anpassen k\u00f6nnen, ohne Kompromisse bei der Leistung einzugehen.<\/p>\n\n\n\n<div class=\"gb-element-cb14beec\">\n<h3 class=\"gb-text\">Der OnCourt-Ansatz<\/h3>\n\n\n\n<p class=\"gb-text\">Wenn Sie einen Basketballplatz planen, egal ob zu Hause oder in gro\u00dfem Ma\u00dfstab, hilft Ihnen OnCourt dabei, dies richtig umzusetzen.<\/p>\n\n\n\n<p class=\"gb-text-7b6b1e25\"><span class=\"gb-shape\"><svg aria-hidden=\"true\" role=\"img\" height=\"1em\" width=\"1em\" viewbox=\"0 0 512 512\" xmlns=\"http:\/\/www.w3.org\/2000\/svg\"><path fill=\"currentColor\" d=\"M173.898 439.404l-166.4-166.4c-9.997-9.997-9.997-26.206 0-36.204l36.203-36.204c9.997-9.998 26.207-9.998 36.204 0L192 312.69 432.095 72.596c9.997-9.997 26.207-9.997 36.204 0l36.203 36.204c9.997 9.997 9.997 26.206 0 36.204l-294.4 294.401c-9.998 9.997-26.207 9.997-36.204-.001z\"><\/path><\/svg><\/span><span class=\"gb-text\">Basketball im Vordergrund<\/span><\/p>\n\n\n\n<p class=\"gb-text-ee8810d5\"><span class=\"gb-shape\"><svg aria-hidden=\"true\" role=\"img\" height=\"1em\" width=\"1em\" viewbox=\"0 0 512 512\" xmlns=\"http:\/\/www.w3.org\/2000\/svg\"><path fill=\"currentColor\" d=\"M173.898 439.404l-166.4-166.4c-9.997-9.997-9.997-26.206 0-36.204l36.203-36.204c9.997-9.998 26.207-9.998 36.204 0L192 312.69 432.095 72.596c9.997-9.997 26.207-9.997 36.204 0l36.203 36.204c9.997 9.997 9.997 26.206 0 36.204l-294.4 294.401c-9.998 9.997-26.207 9.997-36.204-.001z\"><\/path><\/svg><\/span><span class=\"gb-text\">Klare Planung vor Baubeginn<\/span><\/p>\n\n\n\n<p class=\"gb-text-c3c5234a\"><span class=\"gb-shape\"><svg aria-hidden=\"true\" role=\"img\" height=\"1em\" width=\"1em\" viewbox=\"0 0 512 512\" xmlns=\"http:\/\/www.w3.org\/2000\/svg\"><path fill=\"currentColor\" d=\"M173.898 439.404l-166.4-166.4c-9.997-9.997-9.997-26.206 0-36.204l36.203-36.204c9.997-9.998 26.207-9.998 36.204 0L192 312.69 432.095 72.596c9.997-9.997 26.207-9.997 36.204 0l36.203 36.204c9.997 9.997 9.997 26.206 0 36.204l-294.4 294.401c-9.998 9.997-26.207 9.997-36.204-.001z\"><\/path><\/svg><\/span><span class=\"gb-text\">Leistungsorientierte Produktauswahl<\/span><\/p>\n\n\n\n<p class=\"gb-text-e6cf79e3\"><span class=\"gb-shape\"><svg aria-hidden=\"true\" role=\"img\" height=\"1em\" width=\"1em\" viewbox=\"0 0 512 512\" xmlns=\"http:\/\/www.w3.org\/2000\/svg\"><path fill=\"currentColor\" d=\"M173.898 439.404l-166.4-166.4c-9.997-9.997-9.997-26.206 0-36.204l36.203-36.204c9.997-9.998 26.207-9.998 36.204 0L192 312.69 432.095 72.596c9.997-9.997 26.207-9.997 36.204 0l36.203 36.204c9.997 9.997 9.997 26.206 0 36.204l-294.4 294.401c-9.998 9.997-26.207 9.997-36.204-.001z\"><\/path><\/svg><\/span><span class=\"gb-text\">Ehrliche, praktische Anleitung<\/span><\/p>\n\n\n\n<p class=\"gb-text-9fa5ab33\"><span class=\"gb-shape\"><svg aria-hidden=\"true\" role=\"img\" height=\"1em\" width=\"1em\" viewbox=\"0 0 512 512\" xmlns=\"http:\/\/www.w3.org\/2000\/svg\"><path fill=\"currentColor\" d=\"M173.898 439.404l-166.4-166.4c-9.997-9.997-9.997-26.206 0-36.204l36.203-36.204c9.997-9.998 26.207-9.998 36.204 0L192 312.69 432.095 72.596c9.997-9.997 26.207-9.997 36.204 0l36.203 36.204c9.997 9.997 9.997 26.206 0 36.204l-294.4 294.401c-9.998 9.997-26.207 9.997-36.204-.001z\"><\/path><\/svg><\/span><span class=\"gb-text\">Tools, die komplexe Entscheidungen vereinfachen<\/span><\/p>\n\n\n\n<p>If you\u2019re still weighing options, our <a href=\"https:\/\/oncourt.online\/de\/basketball-court-faq\/\"><strong><em>basketball court FAQs<\/em><\/strong><\/a> address common questions about surfaces, layouts, durability, and installation.<\/p>\n<\/div>\n\n\n<div class=\"gb-grid-wrapper gb-grid-wrapper-44caa69b\">\n<div class=\"gb-grid-column gb-grid-column-12b2a9f8\"><div class=\"gb-container gb-container-12b2a9f8\"><div class=\"gb-inside-container\">\n\n<figure class=\"gb-block-image gb-block-image-6adfd5ca\"><img loading=\"lazy\" decoding=\"async\" width=\"300\" height=\"169\" class=\"gb-image gb-image-6adfd5ca\" src=\"https:\/\/oncourt.online\/wp-content\/uploads\/2021\/10\/NIKE.png\" alt=\"Nike\" title=\"NIKE\"\/><\/figure>\n\n<\/div><\/div><\/div>\n\n<div class=\"gb-grid-column gb-grid-column-e5bb2fe1\"><div class=\"gb-container gb-container-e5bb2fe1\"><div class=\"gb-inside-container\">\n\n<figure class=\"gb-block-image gb-block-image-f8558887\"><img loading=\"lazy\" decoding=\"async\" width=\"300\" height=\"169\" class=\"gb-image gb-image-f8558887\" src=\"https:\/\/oncourt.online\/wp-content\/uploads\/2021\/10\/England-Football.png\" alt=\"England Fu\u00dfball Logo\" title=\"England-Fu\u00dfball\"\/><\/figure>\n\n<\/div><\/div><\/div>\n\n<div class=\"gb-grid-column gb-grid-column-3ac2520c\"><div class=\"gb-container gb-container-3ac2520c\"><div class=\"gb-inside-container\">\n\n<figure class=\"gb-block-image gb-block-image-32bd7dfd\"><img loading=\"lazy\" decoding=\"async\" width=\"300\" height=\"169\" class=\"gb-image gb-image-32bd7dfd\" src=\"https:\/\/oncourt.online\/wp-content\/uploads\/2021\/10\/Red-Bull.png\" alt=\"Red Bull-Logo\" title=\"Red Bull\"\/><\/figure>\n\n<\/div><\/div><\/div>\n\n<div class=\"gb-grid-column gb-grid-column-b8a0acf4\"><div class=\"gb-container gb-container-b8a0acf4\"><div class=\"gb-inside-container\">\n\n<figure class=\"gb-block-image gb-block-image-199d062a\"><img loading=\"lazy\" decoding=\"async\" width=\"300\" height=\"169\" class=\"gb-image gb-image-199d062a\" src=\"https:\/\/oncourt.online\/wp-content\/uploads\/2021\/10\/Canary-Wharf-Group.png\" alt=\"Logo der Canary Wharf Group\" title=\"Canary-Wharf-Gruppe\"\/><\/figure>\n\n<\/div><\/div><\/div>\n\n<div class=\"gb-grid-column gb-grid-column-bcea7224\"><div class=\"gb-container gb-container-bcea7224\"><div class=\"gb-inside-container\">\n\n<figure class=\"gb-block-image gb-block-image-b9d71ee3\"><img loading=\"lazy\" decoding=\"async\" width=\"300\" height=\"169\" class=\"gb-image gb-image-b9d71ee3\" src=\"https:\/\/oncourt.online\/wp-content\/uploads\/2021\/10\/BBC.png\" alt=\"BBC-Logo\" title=\"BBC\"\/><\/figure>\n\n<\/div><\/div><\/div>\n<\/div>","protected":false},"excerpt":{"rendered":"<p> ... <a title=\"\u00dcber OnCourt\" class=\"read-more\" href=\"https:\/\/oncourt.online\/de\/about\/\" aria-label=\"Mehr Informationen \u00fcber About OnCourt\">Weiterlesen<\/a><\/p>","protected":false},"author":2,"featured_media":6877,"parent":0,"menu_order":11,"comment_status":"closed","ping_status":"closed","template":"","meta":{"_acf_changed":false,"inline_featured_image":false,"footnotes":""},"class_list":{"0":"post-80","1":"page","2":"type-page","3":"status-publish","4":"has-post-thumbnail","6":"infinite-scroll-item","7":"no-featured-image-padding","8":"resize-featured-image"},"acf":[],"yoast_head":"<!-- This site is optimized with the Yoast SEO Premium plugin v26.8 (Yoast SEO v27.3) - https:\/\/yoast.com\/product\/yoast-seo-premium-wordpress\/ -->\n<title>About OnCourt | Basketball Court Surfaces, Systems &amp; Design<\/title>\n<meta name=\"description\" content=\"OnCourt creates premium basketball courts, combining high-performance surfaces, pro-grade hoops and intuitive court-planning tools.\" \/>\n<meta name=\"robots\" content=\"index, follow, max-snippet:-1, max-image-preview:large, max-video-preview:-1\" \/>\n<link rel=\"canonical\" href=\"https:\/\/oncourt.online\/de\/uber-uns\/\" \/>\n<meta property=\"og:locale\" content=\"de_DE\" \/>\n<meta property=\"og:type\" content=\"article\" \/>\n<meta property=\"og:title\" content=\"About OnCourt\" \/>\n<meta property=\"og:description\" content=\"OnCourt creates premium basketball courts, combining high-performance surfaces, pro-grade hoops and intuitive court-planning tools.\" \/>\n<meta property=\"og:url\" content=\"https:\/\/oncourt.online\/de\/uber-uns\/\" \/>\n<meta property=\"og:site_name\" content=\"OnCourt Online\" \/>\n<meta property=\"article:publisher\" content=\"https:\/\/www.facebook.com\/oncourt.online\/\" \/>\n<meta property=\"article:modified_time\" content=\"2026-01-07T15:32:24+00:00\" \/>\n<meta property=\"og:image\" content=\"https:\/\/oncourt.online\/wp-content\/uploads\/2022\/05\/OnCourt-Shipping-and-Delivery-Header.jpg\" \/>\n\t<meta property=\"og:image:width\" content=\"1440\" \/>\n\t<meta property=\"og:image:height\" content=\"498\" \/>\n\t<meta property=\"og:image:type\" content=\"image\/jpeg\" \/>\n<meta name=\"twitter:card\" content=\"summary_large_image\" \/>\n<meta name=\"twitter:label1\" content=\"Gesch\u00e4tzte Lesezeit\" \/>\n\t<meta name=\"twitter:data1\" content=\"4\u00a0Minuten\" \/>\n<!-- \/ Yoast SEO Premium plugin. -->","yoast_head_json":{"title":"About OnCourt | Basketball Court Surfaces, Systems & Design","description":"OnCourt creates premium basketball courts, combining high-performance surfaces, pro-grade hoops and intuitive court-planning tools.","robots":{"index":"index","follow":"follow","max-snippet":"max-snippet:-1","max-image-preview":"max-image-preview:large","max-video-preview":"max-video-preview:-1"},"canonical":"https:\/\/oncourt.online\/de\/uber-uns\/","og_locale":"de_DE","og_type":"article","og_title":"About OnCourt","og_description":"OnCourt creates premium basketball courts, combining high-performance surfaces, pro-grade hoops and intuitive court-planning tools.","og_url":"https:\/\/oncourt.online\/de\/uber-uns\/","og_site_name":"OnCourt Online","article_publisher":"https:\/\/www.facebook.com\/oncourt.online\/","article_modified_time":"2026-01-07T15:32:24+00:00","og_image":[{"width":1440,"height":498,"url":"https:\/\/oncourt.online\/wp-content\/uploads\/2022\/05\/OnCourt-Shipping-and-Delivery-Header.jpg","type":"image\/jpeg"}],"twitter_card":"summary_large_image","twitter_misc":{"Gesch\u00e4tzte Lesezeit":"4\u00a0Minuten"},"schema":{"@context":"https:\/\/schema.org","@graph":[{"@type":"WebPage","@id":"https:\/\/oncourt.online\/de\/about\/","url":"https:\/\/oncourt.online\/de\/about\/","name":"About OnCourt | Basketball Court Surfaces, Systems & Design","isPartOf":{"@id":"https:\/\/oncourt.online\/de\/#website"},"primaryImageOfPage":{"@id":"https:\/\/oncourt.online\/de\/about\/#primaryimage"},"image":{"@id":"https:\/\/oncourt.online\/de\/about\/#primaryimage"},"thumbnailUrl":"https:\/\/oncourt.online\/wp-content\/uploads\/2022\/05\/OnCourt-Shipping-and-Delivery-Header.jpg","datePublished":"2021-10-19T20:14:24+00:00","dateModified":"2026-01-07T15:32:24+00:00","description":"OnCourt creates premium basketball courts, combining high-performance surfaces, pro-grade hoops and intuitive court-planning tools.","breadcrumb":{"@id":"https:\/\/oncourt.online\/de\/about\/#breadcrumb"},"inLanguage":"de","potentialAction":[{"@type":"ReadAction","target":["https:\/\/oncourt.online\/de\/about\/"]}]},{"@type":"ImageObject","inLanguage":"de","@id":"https:\/\/oncourt.online\/de\/about\/#primaryimage","url":"https:\/\/oncourt.online\/wp-content\/uploads\/2022\/05\/OnCourt-Shipping-and-Delivery-Header.jpg","contentUrl":"https:\/\/oncourt.online\/wp-content\/uploads\/2022\/05\/OnCourt-Shipping-and-Delivery-Header.jpg","width":1440,"height":498,"caption":"Shipping & Delivery | OnCourt"},{"@type":"BreadcrumbList","@id":"https:\/\/oncourt.online\/de\/about\/#breadcrumb","itemListElement":[{"@type":"ListItem","position":1,"name":"Home","item":"https:\/\/oncourt.online\/"},{"@type":"ListItem","position":2,"name":"About OnCourt"}]},{"@type":"WebSite","@id":"https:\/\/oncourt.online\/de\/#website","url":"https:\/\/oncourt.online\/de\/","name":"OnCourt Online","description":"Hochleistungs-Basketballpl\u00e4tze","publisher":{"@id":"https:\/\/oncourt.online\/de\/#organization"},"potentialAction":[{"@type":"SearchAction","target":{"@type":"EntryPoint","urlTemplate":"https:\/\/oncourt.online\/de\/?s={search_term_string}"},"query-input":{"@type":"PropertyValueSpecification","valueRequired":true,"valueName":"search_term_string"}}],"inLanguage":"de"},{"@type":"Organization","@id":"https:\/\/oncourt.online\/de\/#organization","name":"OnCourt Online","url":"https:\/\/oncourt.online\/de\/","logo":{"@type":"ImageObject","inLanguage":"de","@id":"https:\/\/oncourt.online\/de\/#\/schema\/logo\/image\/","url":"https:\/\/oncourt.online\/wp-content\/uploads\/2021\/12\/Logo_OnCourt_Black.svg","contentUrl":"https:\/\/oncourt.online\/wp-content\/uploads\/2021\/12\/Logo_OnCourt_Black.svg","width":"1024","height":"1024","caption":"OnCourt Online"},"image":{"@id":"https:\/\/oncourt.online\/de\/#\/schema\/logo\/image\/"},"sameAs":["https:\/\/www.facebook.com\/oncourt.online\/"],"email":"info@oncourt.online"}]}},"_links":{"self":[{"href":"https:\/\/oncourt.online\/de\/wp-json\/wp\/v2\/pages\/80","targetHints":{"allow":["GET"]}}],"collection":[{"href":"https:\/\/oncourt.online\/de\/wp-json\/wp\/v2\/pages"}],"about":[{"href":"https:\/\/oncourt.online\/de\/wp-json\/wp\/v2\/types\/page"}],"author":[{"embeddable":true,"href":"https:\/\/oncourt.online\/de\/wp-json\/wp\/v2\/users\/2"}],"replies":[{"embeddable":true,"href":"https:\/\/oncourt.online\/de\/wp-json\/wp\/v2\/comments?post=80"}],"version-history":[{"count":0,"href":"https:\/\/oncourt.online\/de\/wp-json\/wp\/v2\/pages\/80\/revisions"}],"wp:featuredmedia":[{"embeddable":true,"href":"https:\/\/oncourt.online\/de\/wp-json\/wp\/v2\/media\/6877"}],"wp:attachment":[{"href":"https:\/\/oncourt.online\/de\/wp-json\/wp\/v2\/media?parent=80"}],"curies":[{"name":"wp","href":"https:\/\/api.w.org\/{rel}","templated":true}]}}