{"id":6797,"date":"2022-05-26T13:42:42","date_gmt":"2022-05-26T13:42:42","guid":{"rendered":"https:\/\/oncourt.online\/?page_id=6797"},"modified":"2026-01-09T02:04:24","modified_gmt":"2026-01-09T02:04:24","slug":"versand-lieferungen","status":"publish","type":"page","link":"https:\/\/oncourt.online\/de\/shipping-delivery\/","title":{"rendered":"Versand und Lieferung"},"content":{"rendered":"<div class=\"gb-container gb-container-f34a8199\">\n<div class=\"gb-container gb-container-235943a7\">\n\n<h2 class=\"gb-headline gb-headline-88ee416e gb-headline-text\">Versandrichtlinie von OnCourt Online<\/h2>\n\n\n\n<p class=\"gb-headline gb-headline-0924883b gb-headline-text not_last_text\">Versand und Lieferung bei OnCourt h\u00e4ngen von den ausgew\u00e4hlten Produkten ab. Beim Kauf eines Court-Kits werden Korb und Komponenten so schnell wie m\u00f6glich versendet, damit sie in den Aufbau des Untergrunds einbezogen werden k\u00f6nnen. Spielfl\u00e4chen werden nach der Vorbereitung produziert und versendet, die derzeit 10\u201312 Wochen dauert. <\/p>\n\n\n\n<p class=\"gb-text not_last_text\">Die Lieferverf\u00fcgbarkeit variiert je nach Land. Wir liefern ausschlie\u00dflich in ausgew\u00e4hlte Regionen, die im Checkout angezeigt werden.<\/p>\n\n\n\n<p>Wenn Ihr Land nicht aufgef\u00fchrt ist und Sie ein Basketballplatz-Projekt planen, kontaktieren Sie uns bitte zur Pr\u00fcfung der Machbarkeit. Die Verf\u00fcgbarkeit wird im Einzelfall bewertet. <\/p>\n\n\n\n<h3 class=\"gb-headline gb-headline-3e94b795 gb-headline-text\">Modulare Sportbel\u00e4ge, geliefert bereit f\u00fcr Plug &amp; Play-Installation<\/h3>\n\n\n\n<p class=\"gb-headline gb-headline-e71567d7 gb-headline-text not_last_text\">Spielfeldoberfl\u00e4chen werden in Paketen geliefert, die f\u00fcr eine einfache Selbstmontage vorbereitet sind. Jede Lieferung erfolgt palettiert, mit nummerierten Platten und einer \u00dcbersichtskarte (Lieferungen an Privatadressen erfolgen bis zur Bordsteinkante).<\/p>\n\n\n\n<p class=\"translation-block\">Jeder modulare Sportplatz wird individuell auf Bestellung gefertigt, <strong>wobei die Produktion etwa<\/strong> <strong>10\u201312 Wochen<\/strong> ab best\u00e4tigtem Auftragseingang dauert. Die Lieferzeiten variieren je nach Standort; nach dem Versand erhalten Sie ein Update mit dem voraussichtlichen Ankunftsdatum und einer Sendungsverfolgung (aktiv nach Zollabfertigung im Zielland). S\u00e4mtliche Abgaben sind im Voraus bezahlt, und die Lieferung erfolgt auf DDP-Basis (Delivered Duty Paid), ohne versteckte Kosten.<\/p>\n\n\n<div class=\"gb-container gb-container-cfce094b\">\n\n<h2 class=\"gb-text\">Produktversand<\/h2>\n\n\n\n<p>Unless otherwise stated, all orders from OnCourt are shipped via trusted common carriers. Products are dispatched brand new and in good condition, as advertised. Basketball systems are delivered via <strong>Curbside Delivery<\/strong>, which means your order will be delivered to the curb at the end of your driveway. Please note this service <strong>does not include installation, assembly, or packaging removal<\/strong>.<\/p>\n\n\n\n<h3 class=\"gb-headline gb-headline-bce52be2 gb-headline-text\">Adress\u00e4nderungen nach dem Versand<\/h3>\n\n\n\n<p>Wird die Lieferadresse ge\u00e4ndert, nachdem die Sendung vom Spediteur \u00fcbernommen wurde, gilt dies als Umadressierung und es fallen zus\u00e4tzliche Kosten an.<\/p>\n\n\n\n<h3 class=\"gb-headline gb-headline-ab76306c gb-headline-text\">Delivery Schedule<\/h3>\n\n\n\n<p class=\"translation-block\">Lieferungen erfolgen in der Regel <strong>montags bis freitags zwischen 08:00 und 18:00 Uhr<\/strong>. Die genauen Zeiten k\u00f6nnen je nach Standort, Route des Fahrers und unvorhergesehenen Faktoren wie Verkehr oder Wetterbedingungen variieren.<\/p>\n\n\n\n<h3 class=\"gb-headline gb-headline-d3e65b23 gb-headline-text\">Lieferfahrzeug &amp; Zufahrt<\/h3>\n\n\n\n<p class=\"gb-text not_last_text translation-block\">Einzelhandelsbestellungen werden mit <strong>schweren Nutzfahrzeugen (z. B. LKW\/Sattelzug)<\/strong> geliefert und verf\u00fcgen in der Regel \u00fcber eine <strong>hydraulische Ladebordwand<\/strong>. Der Fahrer ist f\u00fcr das Abladen der Ware und die Platzierung am Bordstein verantwortlich. Werden zus\u00e4tzliche Lieferleistungen erbracht, k\u00f6nnen hierf\u00fcr Mehrkosten anfallen.<\/p>\n\n\n\n<p class=\"translation-block\">Bitte pr\u00fcfen Sie den Lieferschein sorgf\u00e4ltig, um sicherzustellen, dass <strong>keine zus\u00e4tzlichen Leistungen<\/strong> erbracht wurden. Falls doch, beh\u00e4lt sich OnCourt das Recht vor, <strong>diese Kosten weiterzugeben<\/strong>.<\/p>\n\n\n\n<h3 class=\"wp-block-heading\" id=\"h-delivery-signature-amp-inspection\">Unterschrift &amp; Pr\u00fcfung bei Lieferung<\/h3>\n\n\n\n<p class=\"gb-text not_last_text translation-block\">Bei der Lieferung ist eine <strong>Unterschrift erforderlich<\/strong>. Die Verpackung muss <strong>vor der Unterschrift<\/strong> gepr\u00fcft werden. Falls erforderlich, k\u00f6nnen Sie die Verpackung \u00f6ffnen, um den Zustand des Inhalts zu \u00fcberpr\u00fcfen \u2013 insbesondere <strong>Glas-R\u00fcckw\u00e4nde<\/strong>, die beim Transport empfindlicher sind.<\/p>\n\n\n\n<p>Wenn ein Teil der Sendung besch\u00e4digt zu sein scheint:<\/p>\n\n\n\n<ul class=\"wp-block-list\">\n<li><strong>Do not refuse delivery.<\/strong><\/li>\n\n\n\n<li>Make clear notes on the delivery receipt describing the issue (e.g., <em>&#8220;Backboard shattered at time of delivery&#8221;<\/em>).<\/li>\n\n\n\n<li>Take clear <strong>photos of the damage<\/strong>.<\/li>\n\n\n\n<li>Email the signed receipt and photos to our support team and we\u2019ll send a <strong>replacement part<\/strong> immediately.<\/li>\n<\/ul>\n\n\n\n<p class=\"gb-text not_last_text\">In the meantime, you can continue with any setup steps that are unaffected (e.g., setting anchors and allowing concrete to cure).<\/p>\n\n\n\n<p>A signature is required for all deliveries. Receiver will be required to sign a delivery receipt and delivery will not occur without it.<\/p>\n\n\n\n<h3 class=\"gb-headline gb-headline-7838bbbd gb-headline-text\">Important Notes on Delivery<\/h3>\n\n\n\n<ul class=\"wp-block-list\">\n<li>All items leave our warehouse <strong>brand new and undamaged<\/strong>.<\/li>\n\n\n\n<li>If damage is not reported on the delivery receipt, you <strong>release the carrier from liability<\/strong> and may not be able to claim compensation.<\/li>\n\n\n\n<li><strong>Tempered glass<\/strong> does not crack \u2014 it shatters. If your backboard is broken, it will be in <strong>many small pieces<\/strong>, not cracked.<\/li>\n<\/ul>\n\n\n\n<p>For your protection, <strong>write \u201cSubject to Inspection\u201d next to your signature<\/strong> when signing for delivery.<\/p>\n\n\n\n<h3 class=\"gb-headline gb-headline-dd213a82 gb-headline-text\">Delivery Access<\/h3>\n\n\n\n<p>If your location cannot be accessed by a large delivery vehicle (e.g. narrow roads, steep drives, gated communities), you may need to:<\/p>\n\n\n\n<ul class=\"wp-block-list\">\n<li>Collect your order from a local terminal, or<\/li>\n\n\n\n<li>Arrange final delivery through a third-party courier.<\/li>\n<\/ul>\n\n\n\n<h3 class=\"gb-headline gb-headline-f4f6c8ad gb-headline-text\">Undeliverable Orders<\/h3>\n\n\n\n<p>If a shipment is returned as <strong>Undeliverable<\/strong> or <strong>Refused<\/strong>, a <strong>20% restocking fee<\/strong> will apply, and you will be responsible for any original shipping costs.<\/p>\n\n<\/div>\n\n\n<h3 class=\"gb-headline gb-headline-77bdb557 gb-headline-text\">Versand und Zoll (Bestellungen au\u00dferhalb der EU)<\/h3>\n\n\n\n<p class=\"gb-headline gb-headline-f02c1b4c gb-headline-text\">F\u00fcr alle versandten Bestellungen <strong>au\u00dferhalb der Europ\u00e4ischen Union<\/strong>:<\/p>\n\n\n\n<ul class=\"wp-block-list\">\n<li>Die an der Kasse angezeigten Preise enthalten keine lokalen Steuern, Einfuhrz\u00f6lle oder Zollabfertigungsgeb\u00fchren.<\/li>\n\n\n\n<li>Sie sind der Importeur der Aufzeichnungen und tragen die alleinige Verantwortung f\u00fcr alle derartigen Geb\u00fchren bei der Lieferung.<\/li>\n\n\n\n<li>OnCourt erhebt und \u00fcberweist keine Mehrwertsteuer\/GST, Einfuhrz\u00f6lle oder Zollgeb\u00fchren f\u00fcr Nicht-EU-Bestimmungsorte.<\/li>\n\n\n\n<li>Wenn die Zahlung abgelehnt wird oder nicht erfolgt, kann dies zu Verz\u00f6gerungen, R\u00fccksendungen oder zur Aufgabe der Sendung f\u00fchren. OnCourt haftet nicht f\u00fcr daraus resultierende Kosten oder Verluste und erstattet in diesen F\u00e4llen keine Versand- oder Produktkosten.<\/li>\n<\/ul>\n\n\n\n<p>Mit dem Abschluss Ihres Kaufs erkennen Sie diese Bedingungen an und akzeptieren sie.<\/p>\n\n<\/div>\n<\/div>\n\n<div class=\"gb-container gb-container-aedea16a\" id=\"megaslam-shipping\">\n<div class=\"gb-container gb-container-492b5ca3\">\n\n<h2 class=\"gb-headline gb-headline-65d8dcc4 gb-headline-text\">Reibungslose Lieferung Ihres Mega-Slam-Reifens <\/h2>\n\n\n\n<p class=\"gb-headline gb-headline-880344a0 gb-headline-text\">Wenn Sie bei oncourt.online bestellen, liefern wir Ihren Korb direkt bis zur Bordsteinkante \u2013 direkt aus unserem Lager, vom LKW til Ihrem Zuhause, damit Sie sofort loslegen k\u00f6nnen. Verwenden Sie unsere 5-Punkte-Checkliste unten, um eine reibungslose Lieferung Ihres <a href=\"https:\/\/oncourt.online\/de\/basketballkorbe\/\"><em><strong>Mega-Slam-Reifen<\/strong><\/em><\/a>. <\/p>\n\n\n\n<figure class=\"wp-block-image size-full is-resized\"><img loading=\"lazy\" decoding=\"async\" width=\"600\" height=\"600\" src=\"https:\/\/oncourt.online\/wp-content\/uploads\/2021\/10\/Mega-Slam-Hoop-s-Order-Confirmation.png\" alt=\"Mega Slam Hoops - Auftragsbest\u00e4tigung\" class=\"wp-image-422\" style=\"width:150px;height:auto\" srcset=\"https:\/\/oncourt.online\/wp-content\/uploads\/2021\/10\/Mega-Slam-Hoop-s-Order-Confirmation.png 600w, https:\/\/oncourt.online\/wp-content\/uploads\/2021\/10\/Mega-Slam-Hoop-s-Order-Confirmation-100x100.png 100w, https:\/\/oncourt.online\/wp-content\/uploads\/2021\/10\/Mega-Slam-Hoop-s-Order-Confirmation-545x545.png 545w\" sizes=\"auto, (max-width: 600px) 100vw, 600px\" \/><\/figure>\n\n\n\n<h4 class=\"gb-headline gb-headline-8536b972 gb-headline-text\">1. Best\u00e4tigen Sie Ihre Bestellung<\/h4>\n\n\n\n<p class=\"gb-headline gb-headline-9f1a5517 gb-headline-text\">Gl\u00fcckwunsch zu deiner neuen Korbbestellung! Schau jetzt nach einer E-Mail mit deinen Bestelldetails. <\/p>\n\n\n\n<figure class=\"wp-block-image size-full is-resized\"><img loading=\"lazy\" decoding=\"async\" width=\"600\" height=\"600\" src=\"https:\/\/oncourt.online\/wp-content\/uploads\/2021\/10\/Mega-Slam-Hoops-Arrange-Delivery.png\" alt=\"Mega Slam Hoops - Lieferung vereinbaren\" class=\"wp-image-419\" style=\"width:150px;height:150px\" srcset=\"https:\/\/oncourt.online\/wp-content\/uploads\/2021\/10\/Mega-Slam-Hoops-Arrange-Delivery.png 600w, https:\/\/oncourt.online\/wp-content\/uploads\/2021\/10\/Mega-Slam-Hoops-Arrange-Delivery-100x100.png 100w, https:\/\/oncourt.online\/wp-content\/uploads\/2021\/10\/Mega-Slam-Hoops-Arrange-Delivery-545x545.png 545w\" sizes=\"auto, (max-width: 600px) 100vw, 600px\" \/><\/figure>\n\n\n\n<h4 class=\"gb-headline gb-headline-9bfe8bb5 gb-headline-text\">2. Versand &amp; Lieferung <\/h4>\n\n\n\n<p class=\"gb-headline gb-headline-290fa9d6 gb-headline-text\">Sie erhalten eine Best\u00e4tigung \u00fcber den Versand Ihrer Bestellung, einschlie\u00dflich des voraussichtlichen Lieferzeitraums. <\/p>\n\n\n\n<figure class=\"wp-block-image size-full is-resized\"><img loading=\"lazy\" decoding=\"async\" width=\"600\" height=\"600\" src=\"https:\/\/oncourt.online\/wp-content\/uploads\/2021\/10\/Mega-Slam-Hoops-Curbside-Delivery.png\" alt=\"Mega Slam Hoops - Lieferung an der Haust\u00fcr\" class=\"wp-image-420\" style=\"width:150px;height:150px\" srcset=\"https:\/\/oncourt.online\/wp-content\/uploads\/2021\/10\/Mega-Slam-Hoops-Curbside-Delivery.png 600w, https:\/\/oncourt.online\/wp-content\/uploads\/2021\/10\/Mega-Slam-Hoops-Curbside-Delivery-100x100.png 100w, https:\/\/oncourt.online\/wp-content\/uploads\/2021\/10\/Mega-Slam-Hoops-Curbside-Delivery-545x545.png 545w\" sizes=\"auto, (max-width: 600px) 100vw, 600px\" \/><\/figure>\n\n\n\n<h4 class=\"gb-headline gb-headline-111f7f0a gb-headline-text\">3. Schaffen Sie Platz f\u00fcr Ihren Korb<\/h4>\n\n\n\n<p class=\"gb-headline gb-headline-cdd4e7d1 gb-headline-text\">Mega Slam Basketballsysteme sind gro\u00df (bis zu 340 kg) und die Versandpalette nimmt bei der Lieferung einiges an Platz ein (Lieferungen an Privatadressen erfolgen bis zur Bordsteinkante).<\/p>\n\n\n\n<figure class=\"wp-block-image size-full is-resized\"><img loading=\"lazy\" decoding=\"async\" width=\"600\" height=\"600\" src=\"https:\/\/oncourt.online\/wp-content\/uploads\/2021\/10\/Mega-Slam-Shipping-Boxes.png\" alt=\"Mega Slam Versandkartons\" class=\"wp-image-421\" style=\"width:150px;height:150px\" srcset=\"https:\/\/oncourt.online\/wp-content\/uploads\/2021\/10\/Mega-Slam-Shipping-Boxes.png 600w, https:\/\/oncourt.online\/wp-content\/uploads\/2021\/10\/Mega-Slam-Shipping-Boxes-100x100.png 100w, https:\/\/oncourt.online\/wp-content\/uploads\/2021\/10\/Mega-Slam-Shipping-Boxes-545x545.png 545w\" sizes=\"auto, (max-width: 600px) 100vw, 600px\" \/><\/figure>\n\n\n\n<h4 class=\"gb-headline gb-headline-c4d17918 gb-headline-text\">4. \u00dcberpr\u00fcfen Sie Ihre Korblieferung<\/h4>\n\n\n\n<p class=\"gb-headline gb-headline-b333a103 gb-headline-text\">Stellen Sie je nach Gr\u00f6\u00dfe Ihrer Bestellung sicher, dass die richtige Anzahl an Kartons auf jeder Palette festgeschnallt ist (jedes System wird auf einer Palette mit deutlich nummerierten Kartons geliefert). Es ist in Ordnung, wenn einige Kartons Dellen oder Risse aufweisen. Unsere Systeme sind robust und \u00fcberstehen kleinere Transportsch\u00e4den. <\/p>\n\n\n\n<figure class=\"wp-block-image size-full is-resized\"><img loading=\"lazy\" decoding=\"async\" width=\"600\" height=\"600\" src=\"https:\/\/oncourt.online\/wp-content\/uploads\/2021\/10\/Mega-Slam-Hoops-Signed-Delivery.png\" alt=\"Mega Slam Hoops - Signierte Lieferung\" class=\"wp-image-417\" style=\"width:150px;height:150px\" srcset=\"https:\/\/oncourt.online\/wp-content\/uploads\/2021\/10\/Mega-Slam-Hoops-Signed-Delivery.png 600w, https:\/\/oncourt.online\/wp-content\/uploads\/2021\/10\/Mega-Slam-Hoops-Signed-Delivery-100x100.png 100w, https:\/\/oncourt.online\/wp-content\/uploads\/2021\/10\/Mega-Slam-Hoops-Signed-Delivery-545x545.png 545w\" sizes=\"auto, (max-width: 600px) 100vw, 600px\" \/><\/figure>\n\n\n\n<h4 class=\"gb-headline gb-headline-f3ff4626 gb-headline-text\">5. Unterschreiben Sie, um Ihre Lieferung freizugeben<\/h4>\n\n\n\n<p class=\"gb-headline gb-headline-0e5ad3a7 gb-headline-text\">Ihr freundlicher Lieferfahrer wird Sie nun um eine Unterschrift bitten, um Ihr Basketballsystem zu \u00fcbergeben. Sollten sichtbare Sch\u00e4den an den Kartons (oder dem System) vorhanden sein, dokumentieren Sie diese bitte auf dem Lieferschein und machen Sie Fotos, bevor Sie unterschreiben.<br>Wenn Artikel besch\u00e4digt wurden, nehmen Sie die Lieferung an und kontaktieren Sie uns umgehend. F\u00fcgen Sie Fotos in der E-Mail bei \u2013 wir veranlassen den schnellen Versand der Ersatzteile. <\/p>\n\n\n\n<figure class=\"wp-block-image size-full is-resized\"><img loading=\"lazy\" decoding=\"async\" width=\"750\" height=\"750\" src=\"https:\/\/oncourt.online\/wp-content\/uploads\/2021\/10\/MegaDlam-Installation-Dig-and-Pour.png\" alt=\"\" class=\"wp-image-319\" style=\"width:188px;height:188px\" srcset=\"https:\/\/oncourt.online\/wp-content\/uploads\/2021\/10\/MegaDlam-Installation-Dig-and-Pour.png 750w, https:\/\/oncourt.online\/wp-content\/uploads\/2021\/10\/MegaDlam-Installation-Dig-and-Pour-100x100.png 100w, https:\/\/oncourt.online\/wp-content\/uploads\/2021\/10\/MegaDlam-Installation-Dig-and-Pour-545x545.png 545w\" sizes=\"auto, (max-width: 750px) 100vw, 750px\" \/><\/figure>\n\n\n\n<h3 class=\"gb-headline gb-headline-a22b1bbf gb-headline-text\">Einrichtung<\/h3>\n\n\n\n<p class=\"gb-headline gb-headline-507bcc99 gb-headline-text\">Sobald Ihr Korb geliefert wurde, ist es Zeit<a href=\"https:\/\/oncourt.online\/de\/ratgeber\/installation\/installationsanleitung-basketballkorb\/\"> <em><strong>Ihren Mega Slam Hoop zu installieren<\/strong><\/em><\/a>.<\/p>\n\n<\/div>\n<\/div>","protected":false},"excerpt":{"rendered":"<p> ... <a title=\"Versand und Lieferung\" class=\"read-more\" href=\"https:\/\/oncourt.online\/de\/shipping-delivery\/\" aria-label=\"Mehr Informationen \u00fcber Shipping And Delivery\">Weiterlesen<\/a><\/p>","protected":false},"author":2,"featured_media":6877,"parent":0,"menu_order":24,"comment_status":"closed","ping_status":"closed","template":"","meta":{"_acf_changed":false,"inline_featured_image":false,"footnotes":""},"class_list":{"0":"post-6797","1":"page","2":"type-page","3":"status-publish","4":"has-post-thumbnail","6":"infinite-scroll-item","7":"no-featured-image-padding","8":"resize-featured-image"},"acf":[],"yoast_head":"<!-- This site is optimized with the Yoast SEO Premium plugin v26.8 (Yoast SEO v27.3) - https:\/\/yoast.com\/product\/yoast-seo-premium-wordpress\/ -->\n<title>Shipping &amp; Delivery Information | OnCourt<\/title>\n<meta name=\"description\" content=\"Shipping and delivery information, including delivery methods, access planning, handling advice, and important notes for OnCourt orders.\" \/>\n<meta name=\"robots\" content=\"index, follow, max-snippet:-1, max-image-preview:large, max-video-preview:-1\" \/>\n<link rel=\"canonical\" href=\"https:\/\/oncourt.online\/de\/versand-lieferungen\/\" \/>\n<meta property=\"og:locale\" content=\"de_DE\" \/>\n<meta property=\"og:type\" content=\"article\" \/>\n<meta property=\"og:title\" content=\"Shipping And Delivery\" \/>\n<meta property=\"og:description\" content=\"Shipping and delivery information, including delivery methods, access planning, handling advice, and important notes for OnCourt orders.\" \/>\n<meta property=\"og:url\" content=\"https:\/\/oncourt.online\/de\/versand-lieferungen\/\" \/>\n<meta property=\"og:site_name\" content=\"OnCourt Online\" \/>\n<meta property=\"article:publisher\" content=\"https:\/\/www.facebook.com\/oncourt.online\/\" \/>\n<meta property=\"article:modified_time\" content=\"2026-01-09T02:04:24+00:00\" \/>\n<meta property=\"og:image\" content=\"https:\/\/oncourt.online\/wp-content\/uploads\/2022\/05\/OnCourt-Shipping-and-Delivery-Header.jpg\" \/>\n\t<meta property=\"og:image:width\" content=\"1440\" \/>\n\t<meta property=\"og:image:height\" content=\"498\" \/>\n\t<meta property=\"og:image:type\" content=\"image\/jpeg\" \/>\n<meta name=\"twitter:card\" content=\"summary_large_image\" \/>\n<meta name=\"twitter:label1\" content=\"Gesch\u00e4tzte Lesezeit\" \/>\n\t<meta name=\"twitter:data1\" content=\"6\u00a0Minuten\" \/>\n<!-- \/ Yoast SEO Premium plugin. -->","yoast_head_json":{"title":"Versand- &amp; Lieferinformationen | OnCourt","description":"Versand- und Lieferinformationen, einschlie\u00dflich Liefermethoden, Zugangsplanung, Handhabungshinweisen und wichtigen Hinweisen f\u00fcr OnCourt-Bestellungen.","robots":{"index":"index","follow":"follow","max-snippet":"max-snippet:-1","max-image-preview":"max-image-preview:large","max-video-preview":"max-video-preview:-1"},"canonical":"https:\/\/oncourt.online\/de\/versand-lieferungen\/","og_locale":"de_DE","og_type":"article","og_title":"Shipping And Delivery","og_description":"Shipping and delivery information, including delivery methods, access planning, handling advice, and important notes for OnCourt orders.","og_url":"https:\/\/oncourt.online\/de\/versand-lieferungen\/","og_site_name":"OnCourt Online","article_publisher":"https:\/\/www.facebook.com\/oncourt.online\/","article_modified_time":"2026-01-09T02:04:24+00:00","og_image":[{"width":1440,"height":498,"url":"https:\/\/oncourt.online\/wp-content\/uploads\/2022\/05\/OnCourt-Shipping-and-Delivery-Header.jpg","type":"image\/jpeg"}],"twitter_card":"summary_large_image","twitter_misc":{"Gesch\u00e4tzte Lesezeit":"6\u00a0Minuten"},"schema":{"@context":"https:\/\/schema.org","@graph":[{"@type":"WebPage","@id":"https:\/\/oncourt.online\/de\/shipping-delivery\/","url":"https:\/\/oncourt.online\/de\/shipping-delivery\/","name":"Versand- &amp; Lieferinformationen | OnCourt","isPartOf":{"@id":"https:\/\/oncourt.online\/de\/#website"},"primaryImageOfPage":{"@id":"https:\/\/oncourt.online\/de\/shipping-delivery\/#primaryimage"},"image":{"@id":"https:\/\/oncourt.online\/de\/shipping-delivery\/#primaryimage"},"thumbnailUrl":"https:\/\/oncourt.online\/wp-content\/uploads\/2022\/05\/OnCourt-Shipping-and-Delivery-Header.jpg","datePublished":"2022-05-26T13:42:42+00:00","dateModified":"2026-01-09T02:04:24+00:00","description":"Versand- und Lieferinformationen, einschlie\u00dflich Liefermethoden, Zugangsplanung, Handhabungshinweisen und wichtigen Hinweisen f\u00fcr OnCourt-Bestellungen.","breadcrumb":{"@id":"https:\/\/oncourt.online\/de\/shipping-delivery\/#breadcrumb"},"inLanguage":"de","potentialAction":[{"@type":"ReadAction","target":["https:\/\/oncourt.online\/de\/shipping-delivery\/"]}]},{"@type":"ImageObject","inLanguage":"de","@id":"https:\/\/oncourt.online\/de\/shipping-delivery\/#primaryimage","url":"https:\/\/oncourt.online\/wp-content\/uploads\/2022\/05\/OnCourt-Shipping-and-Delivery-Header.jpg","contentUrl":"https:\/\/oncourt.online\/wp-content\/uploads\/2022\/05\/OnCourt-Shipping-and-Delivery-Header.jpg","width":1440,"height":498,"caption":"Shipping & Delivery | OnCourt"},{"@type":"BreadcrumbList","@id":"https:\/\/oncourt.online\/de\/shipping-delivery\/#breadcrumb","itemListElement":[{"@type":"ListItem","position":1,"name":"Home","item":"https:\/\/oncourt.online\/"},{"@type":"ListItem","position":2,"name":"Shipping And Delivery"}]},{"@type":"WebSite","@id":"https:\/\/oncourt.online\/de\/#website","url":"https:\/\/oncourt.online\/de\/","name":"OnCourt Online","description":"Hochleistungs-Basketballpl\u00e4tze","publisher":{"@id":"https:\/\/oncourt.online\/de\/#organization"},"potentialAction":[{"@type":"SearchAction","target":{"@type":"EntryPoint","urlTemplate":"https:\/\/oncourt.online\/de\/?s={search_term_string}"},"query-input":{"@type":"PropertyValueSpecification","valueRequired":true,"valueName":"search_term_string"}}],"inLanguage":"de"},{"@type":"Organization","@id":"https:\/\/oncourt.online\/de\/#organization","name":"OnCourt Online","url":"https:\/\/oncourt.online\/de\/","logo":{"@type":"ImageObject","inLanguage":"de","@id":"https:\/\/oncourt.online\/de\/#\/schema\/logo\/image\/","url":"https:\/\/oncourt.online\/wp-content\/uploads\/2021\/12\/Logo_OnCourt_Black.svg","contentUrl":"https:\/\/oncourt.online\/wp-content\/uploads\/2021\/12\/Logo_OnCourt_Black.svg","width":"1024","height":"1024","caption":"OnCourt Online"},"image":{"@id":"https:\/\/oncourt.online\/de\/#\/schema\/logo\/image\/"},"sameAs":["https:\/\/www.facebook.com\/oncourt.online\/"],"email":"info@oncourt.online"}]}},"_links":{"self":[{"href":"https:\/\/oncourt.online\/de\/wp-json\/wp\/v2\/pages\/6797","targetHints":{"allow":["GET"]}}],"collection":[{"href":"https:\/\/oncourt.online\/de\/wp-json\/wp\/v2\/pages"}],"about":[{"href":"https:\/\/oncourt.online\/de\/wp-json\/wp\/v2\/types\/page"}],"author":[{"embeddable":true,"href":"https:\/\/oncourt.online\/de\/wp-json\/wp\/v2\/users\/2"}],"replies":[{"embeddable":true,"href":"https:\/\/oncourt.online\/de\/wp-json\/wp\/v2\/comments?post=6797"}],"version-history":[{"count":0,"href":"https:\/\/oncourt.online\/de\/wp-json\/wp\/v2\/pages\/6797\/revisions"}],"wp:featuredmedia":[{"embeddable":true,"href":"https:\/\/oncourt.online\/de\/wp-json\/wp\/v2\/media\/6877"}],"wp:attachment":[{"href":"https:\/\/oncourt.online\/de\/wp-json\/wp\/v2\/media?parent=6797"}],"curies":[{"name":"wp","href":"https:\/\/api.w.org\/{rel}","templated":true}]}}