{"id":4371,"date":"2022-03-19T19:47:29","date_gmt":"2022-03-19T19:47:29","guid":{"rendered":"https:\/\/oncourt.online\/?page_id=4371"},"modified":"2026-01-15T07:45:48","modified_gmt":"2026-01-15T07:45:48","slug":"kommerzielle-sportplatze","status":"publish","type":"page","link":"https:\/\/oncourt.online\/de\/commercial-sports-courts\/","title":{"rendered":"Kommerzielle Sportpl\u00e4tze"},"content":{"rendered":"<div class=\"gb-element-780bd825\">\n<div class=\"gb-element-d4160509\">\n<h2 class=\"gb-headline gb-headline-e76b444c gb-headline-text\">Engineered for Performance. Designed to Inspire.<\/h2>\n\n\n\n<p class=\"gb-headline gb-headline-3c72361b gb-headline-text\">Von Schulen und Gemeindezentren bis hin zu professionellen Trainingseinrichtungen - OnCourt liefert kommerzielle Sportplatzl\u00f6sungen, die jedes Spielniveau anheben. Unsere modularen Oberfl\u00e4chensysteme, kombiniert mit pr\u00e4zisen, benutzerfreundlichen Design-Tools und einfachen Installationsprozessen, schaffen dynamische, sichere und optisch beeindruckende Pl\u00e4tze, die auf Ihren Raum und Ihre Sportart zugeschnitten sind.<\/p>\n\n\n\n<img loading=\"lazy\" decoding=\"async\" width=\"1600\" height=\"637\" class=\"gb-media-cd14b663\" src=\"https:\/\/oncourt.online\/wp-content\/uploads\/2025\/03\/Elastic-Pro-II-Orange-Wind-Grey-e1743146712707.png\" alt=\"\" srcset=\"https:\/\/oncourt.online\/wp-content\/uploads\/2025\/03\/Elastic-Pro-II-Orange-Wind-Grey-e1743146712707.png 1600w, https:\/\/oncourt.online\/wp-content\/uploads\/2025\/03\/Elastic-Pro-II-Orange-Wind-Grey-e1743146712707-300x119.png 300w, https:\/\/oncourt.online\/wp-content\/uploads\/2025\/03\/Elastic-Pro-II-Orange-Wind-Grey-e1743146712707-1024x408.png 1024w, https:\/\/oncourt.online\/wp-content\/uploads\/2025\/03\/Elastic-Pro-II-Orange-Wind-Grey-e1743146712707-768x306.png 768w, https:\/\/oncourt.online\/wp-content\/uploads\/2025\/03\/Elastic-Pro-II-Orange-Wind-Grey-e1743146712707-1536x612.png 1536w, https:\/\/oncourt.online\/wp-content\/uploads\/2025\/03\/Elastic-Pro-II-Orange-Wind-Grey-e1743146712707-18x7.png 18w, https:\/\/oncourt.online\/wp-content\/uploads\/2025\/03\/Elastic-Pro-II-Orange-Wind-Grey-e1743146712707-545x217.png 545w\" sizes=\"auto, (max-width: 1600px) 100vw, 1600px\" \/>\n\n\n\n<div class=\"gb-element-0d9ffc85\">\n<div class=\"gb-element-21a1af0d\">\n<div>\n<figure class=\"gb-block-image gb-block-image-6adfd5ca\"><img loading=\"lazy\" decoding=\"async\" width=\"300\" height=\"169\" class=\"gb-image gb-image-6adfd5ca\" src=\"https:\/\/oncourt.online\/wp-content\/uploads\/2021\/10\/NIKE.png\" alt=\"Nike\"\/><\/figure>\n<\/div>\n\n\n\n<div>\n<figure class=\"gb-block-image gb-block-image-f8558887\"><img loading=\"lazy\" decoding=\"async\" width=\"300\" height=\"169\" class=\"gb-image gb-image-f8558887\" src=\"https:\/\/oncourt.online\/wp-content\/uploads\/2021\/10\/England-Football.png\" alt=\"England Fu\u00dfball\"\/><\/figure>\n<\/div>\n\n\n\n<div>\n<figure class=\"gb-block-image gb-block-image-32bd7dfd\"><img loading=\"lazy\" decoding=\"async\" width=\"300\" height=\"169\" class=\"gb-image gb-image-32bd7dfd\" src=\"https:\/\/oncourt.online\/wp-content\/uploads\/2021\/10\/Red-Bull.png\" alt=\"Red Bull\"\/><\/figure>\n<\/div>\n\n\n\n<div>\n<figure class=\"gb-block-image gb-block-image-199d062a\"><img loading=\"lazy\" decoding=\"async\" width=\"300\" height=\"169\" class=\"gb-image gb-image-199d062a\" src=\"https:\/\/oncourt.online\/wp-content\/uploads\/2021\/10\/Canary-Wharf-Group.png\" alt=\"Canary Wharf Group PLC\"\/><\/figure>\n<\/div>\n\n\n\n<div>\n<figure class=\"gb-block-image gb-block-image-b9d71ee3\"><img loading=\"lazy\" decoding=\"async\" width=\"300\" height=\"169\" class=\"gb-image gb-image-b9d71ee3\" src=\"https:\/\/oncourt.online\/wp-content\/uploads\/2021\/10\/BBC.png\" alt=\"BBC\"\/><\/figure>\n<\/div>\n<\/div>\n<\/div>\n\n\n\n<img loading=\"lazy\" decoding=\"async\" width=\"1024\" height=\"683\" class=\"gb-media-6f830086\" src=\"https:\/\/oncourt.online\/wp-content\/uploads\/2025\/03\/Modular-Sports-Flooring-Tiles-Multi-Futsal-Court.jpg\" alt=\"\" srcset=\"https:\/\/oncourt.online\/wp-content\/uploads\/2025\/03\/Modular-Sports-Flooring-Tiles-Multi-Futsal-Court.jpg 1024w, https:\/\/oncourt.online\/wp-content\/uploads\/2025\/03\/Modular-Sports-Flooring-Tiles-Multi-Futsal-Court-300x200.jpg 300w, https:\/\/oncourt.online\/wp-content\/uploads\/2025\/03\/Modular-Sports-Flooring-Tiles-Multi-Futsal-Court-768x512.jpg 768w, https:\/\/oncourt.online\/wp-content\/uploads\/2025\/03\/Modular-Sports-Flooring-Tiles-Multi-Futsal-Court-18x12.jpg 18w, https:\/\/oncourt.online\/wp-content\/uploads\/2025\/03\/Modular-Sports-Flooring-Tiles-Multi-Futsal-Court-545x364.jpg 545w\" sizes=\"auto, (max-width: 1024px) 100vw, 1024px\" \/>\n\n\n\n<h3 class=\"gb-text gb-text-c407e67e\">Warum OnCourt f\u00fcr Ihr kommerzielles Projekt w\u00e4hlen?<\/h3>\n\n\n\n<p>Jede Oberfl\u00e4che ist f\u00fcr Traktion, Ballreaktion und Spielerkomfort optimiert - mit individuellen Markierungen f\u00fcr Einzel- oder Multisport-Konfigurationen.<\/p>\n\n\n\n<p class=\"gb-headline gb-headline-c24d9ecc\"><span class=\"gb-icon\"><svg aria-hidden=\"true\" role=\"img\" height=\"1em\" width=\"1em\" viewbox=\"0 0 512 512\" xmlns=\"http:\/\/www.w3.org\/2000\/svg\"><path fill=\"currentColor\" d=\"M173.898 439.404l-166.4-166.4c-9.997-9.997-9.997-26.206 0-36.204l36.203-36.204c9.997-9.998 26.207-9.998 36.204 0L192 312.69 432.095 72.596c9.997-9.997 26.207-9.997 36.204 0l36.203 36.204c9.997 9.997 9.997 26.206 0 36.204l-294.4 294.401c-9.998 9.997-26.207 9.997-36.204-.001z\"><\/path><\/svg><\/span><span class=\"gb-headline-text\"><strong>Das Vertrauen von Global Sports Partners<\/strong><\/span><\/p>\n\n\n\n<p>Gerichtsh\u00f6fe, die f\u00fcr intensive t\u00e4gliche Aktivit\u00e4ten ausgelegt sind<\/p>\n\n\n\n<p class=\"gb-headline gb-headline-1b3f1043\"><span class=\"gb-icon\"><svg aria-hidden=\"true\" role=\"img\" height=\"1em\" width=\"1em\" viewbox=\"0 0 512 512\" xmlns=\"http:\/\/www.w3.org\/2000\/svg\"><path fill=\"currentColor\" d=\"M173.898 439.404l-166.4-166.4c-9.997-9.997-9.997-26.206 0-36.204l36.203-36.204c9.997-9.998 26.207-9.998 36.204 0L192 312.69 432.095 72.596c9.997-9.997 26.207-9.997 36.204 0l36.203 36.204c9.997 9.997 9.997 26.206 0 36.204l-294.4 294.401c-9.998 9.997-26.207 9.997-36.204-.001z\"><\/path><\/svg><\/span><span class=\"gb-headline-text\"><strong>Ma\u00dfgeschneidert f\u00fcr Ihren Sport und Ihren Raum<\/strong><\/span><\/p>\n\n\n\n<p>Von FIBA-Basketballanlagen bis zu kompakten Hinterhofpl\u00e4tzen<\/p>\n\n\n\n<p class=\"gb-headline gb-headline-73c6545c\"><span class=\"gb-icon\"><svg aria-hidden=\"true\" role=\"img\" height=\"1em\" width=\"1em\" viewbox=\"0 0 512 512\" xmlns=\"http:\/\/www.w3.org\/2000\/svg\"><path fill=\"currentColor\" d=\"M173.898 439.404l-166.4-166.4c-9.997-9.997-9.997-26.206 0-36.204l36.203-36.204c9.997-9.998 26.207-9.998 36.204 0L192 312.69 432.095 72.596c9.997-9.997 26.207-9.997 36.204 0l36.203 36.204c9.997 9.997 9.997 26.206 0 36.204l-294.4 294.401c-9.998 9.997-26.207 9.997-36.204-.001z\"><\/path><\/svg><\/span><span class=\"gb-headline-text\"><strong>Gebaut f\u00fcr starke Beanspruchung<\/strong><\/span><\/p>\n\n\n\n<p class=\"gb-text gb-text-26736fee\">Unsere Handelspl\u00e4tze sind so konzipiert, dass sie einer intensiven t\u00e4glichen Nutzung standhalten.<\/p>\n\n\n\n<figure class=\"gb-block-image gb-block-image-2232266c\"><img loading=\"lazy\" decoding=\"async\" width=\"900\" height=\"388\" class=\"gb-image gb-image-2232266c\" src=\"https:\/\/oncourt.online\/wp-content\/uploads\/2021\/12\/Gareth-Southgate-Holding-Court-OnCourt-e1743140059659.jpg\" alt=\"Gareth-Southgate-Holding-Court-OnCourt\" title=\"Gareth-Southgate-Holding-Court-OnCourt\" srcset=\"https:\/\/oncourt.online\/wp-content\/uploads\/2021\/12\/Gareth-Southgate-Holding-Court-OnCourt-e1743140059659.jpg 900w, https:\/\/oncourt.online\/wp-content\/uploads\/2021\/12\/Gareth-Southgate-Holding-Court-OnCourt-e1743140059659-545x235.jpg 545w, https:\/\/oncourt.online\/wp-content\/uploads\/2021\/12\/Gareth-Southgate-Holding-Court-OnCourt-e1743140059659-300x129.jpg 300w, https:\/\/oncourt.online\/wp-content\/uploads\/2021\/12\/Gareth-Southgate-Holding-Court-OnCourt-e1743140059659-768x331.jpg 768w, https:\/\/oncourt.online\/wp-content\/uploads\/2021\/12\/Gareth-Southgate-Holding-Court-OnCourt-e1743140059659-18x8.jpg 18w\" sizes=\"auto, (max-width: 900px) 100vw, 900px\" \/>\n<figcaption class=\"gb-headline gb-headline-15834826 gb-headline-text\">Gareth Southgate auf dem Platz mit OnCourt<\/figcaption>\n<\/figure>\n\n\n\n<h2 class=\"gb-text gb-text-5bd1118f\">Elite-Spielfelder f\u00fcr Elite-Sportveranstaltungen<\/h2>\n\n\n\n<p class=\"gb-text gb-text-ac544a07\">OnCourt arbeitet mit f\u00fchrenden Marken, Teams und Agenturen zusammen, um ansprechende Sportr\u00e4ume f\u00fcr Sportler aller Leistungsklassen zu schaffen, in denen sie sicher und stilvoll spielen k\u00f6nnen. Wir haben mit gro\u00dfen Marken wie Nike, Red Bull und der BBC zusammengearbeitet, um Spielpl\u00e4tze f\u00fcr Marketingerfahrungen, markengesch\u00fctzte Sportinhalte, Live-Events und Studioproduktionen bereitzustellen.<\/p>\n\n\n\n<figure class=\"wp-block-embed is-type-video is-provider-vimeo wp-block-embed-vimeo wp-embed-aspect-16-9 wp-has-aspect-ratio\"><div class=\"wp-block-embed__wrapper\">\n<iframe loading=\"lazy\" title=\"Reis gegen Mount OnCourt\" src=\"https:\/\/player.vimeo.com\/video\/681584804?dnt=1&amp;app_id=122963\" width=\"1200\" height=\"674\" frameborder=\"0\" allow=\"autoplay; fullscreen; picture-in-picture; clipboard-write; encrypted-media; web-share\" referrerpolicy=\"strict-origin-when-cross-origin\"><\/iframe>\n<\/div><\/figure>\n\n\n\n<h3 class=\"gb-text gb-text-5179374d\">Zeitlich befristetes Sportmarketing Experiential &amp; Markenaktivierung<\/h3>\n\n\n\n<p class=\"gb-headline gb-headline-52c8dae5 gb-headline-text\">OnCourt-Installationen k\u00f6nnen auf Sportanlagen f\u00fcr Turniere, Markenaktivierung und Markenerlebnisse mobilisiert werden. Einzigartige Grafiken und Branding k\u00f6nnen auf OnCourt-Bel\u00e4ge aufgebracht werden, die zu Ihrer Marke passen. Moderne visuelle Displays am Spielfeldrand sorgen f\u00fcr Kontext und Dramatik.&nbsp;<\/p>\n\n\n\n<h3 class=\"gb-headline gb-headline-d36d7959 gb-headline-text\">Live-Sportveranstaltungen<\/h3>\n\n\n\n<p class=\"gb-text gb-text-3cdfd431\">Bei OnCourt-Prozessen stehen die Athleten an erster Stelle, wobei der Schwerpunkt auf der Bereitstellung des bestm\u00f6glichen Sporterlebnisses liegt. Wir arbeiten mit einer Reihe von Elite-Athleten als Botschafter zusammen, die dazu beitragen k\u00f6nnen, dass der Sport bei Ihrer Veranstaltung im Mittelpunkt steht. OnCourt-Installationen eignen sich perfekt f\u00fcr Live-Sportveranstaltungen mit Oberfl\u00e4chen und Komponenten, die f\u00fcr die Strapazen des Profisports ausgelegt sind. <\/p>\n\n\n\n<figure class=\"gb-block-image gb-block-image-628b7970\"><img loading=\"lazy\" decoding=\"async\" width=\"1439\" height=\"809\" class=\"gb-image gb-image-628b7970\" src=\"https:\/\/oncourt.online\/wp-content\/uploads\/2021\/10\/Coach-Maitland-OnCourt-at-Canary-Wharf-e1642179558735.jpg\" srcset=\"https:\/\/oncourt.online\/wp-content\/uploads\/2021\/10\/Coach-Maitland-OnCourt-at-Canary-Wharf-e1642179558735.jpg 1439w, https:\/\/oncourt.online\/wp-content\/uploads\/2021\/10\/Coach-Maitland-OnCourt-at-Canary-Wharf-e1642179558735-545x306.jpg 545w\" sizes=\"auto, (max-width: 1439px) 100vw, 1439px\" \/>\n<figcaption class=\"gb-headline gb-headline-4a7798e9 gb-headline-text\">Trainer Maitland auf dem Basketballplatz in Canary Wharf<\/figcaption>\n<\/figure>\n\n\n\n<h3 class=\"gb-text gb-text-312e5d83\">OnCourt Markenpartnerschaft<\/h3>\n\n\n\n<p class=\"gb-text gb-text-1bc34855\"> Die OnCourt Event-Services umfassen umfangreiche virtuelle 3D-Assets zur Visualisierung von Projekten f\u00fcr die Beteiligten. Das OnCourt Design Team kann bei Bedarf mit Konzept und kreativer Beratung helfen. Spezialisten f\u00fcr Veranstaltungsinstallationen arbeiten mit Designern zusammen, um genaue virtuelle Modelle in beeindruckende reale Pl\u00e4tze zu verwandeln.<\/p>\n\n\n\n<figure class=\"wp-block-embed is-type-video is-provider-youtube wp-block-embed-youtube wp-embed-aspect-16-9 wp-has-aspect-ratio\"><div class=\"wp-block-embed__wrapper\">\n<iframe loading=\"lazy\" title=\"Der 3D-gedruckte Basketballplatz von Yinka Ilori\" width=\"1200\" height=\"675\" src=\"https:\/\/www.youtube.com\/embed\/aKzksQoVM4A?feature=oembed&#038;enablejsapi=1&#038;origin=https:\/\/oncourt.online\" frameborder=\"0\" allow=\"accelerometer; autoplay; clipboard-write; encrypted-media; gyroscope; picture-in-picture; web-share\" referrerpolicy=\"strict-origin-when-cross-origin\" allowfullscreen><\/iframe>\n<\/div><\/figure>\n\n\n\n<p class=\"gb-text gb-text-466db296\">Yinka Iloris 3D-gedrucktes Basketballfeld - <a href=\"https:\/\/www.youtube.com\/user\/monoclemagazine\">Monocle Filme<\/a><\/p>\n<\/div>\n<\/div>","protected":false},"excerpt":{"rendered":"<p> ... <a title=\"Kommerzielle Sportpl\u00e4tze\" class=\"read-more\" href=\"https:\/\/oncourt.online\/de\/commercial-sports-courts\/\" aria-label=\"Mehr Informationen \u00fcber Commercial Sports Courts\">Weiterlesen<\/a><\/p>","protected":false},"author":2,"featured_media":0,"parent":0,"menu_order":9,"comment_status":"closed","ping_status":"closed","template":"","meta":{"_acf_changed":false,"inline_featured_image":false,"footnotes":""},"class_list":{"0":"post-4371","1":"page","2":"type-page","3":"status-publish","5":"infinite-scroll-item","6":"no-featured-image-padding"},"acf":[],"yoast_head":"<!-- This site is optimized with the Yoast SEO Premium plugin v26.8 (Yoast SEO v27.3) - https:\/\/yoast.com\/product\/yoast-seo-premium-wordpress\/ -->\n<title>Commercial Sports Courts - OnCourt Online<\/title>\n<meta name=\"description\" content=\"OnCourt work with leading brands, teams and agencies to create engaging sporting spaces for athletes of all ages and abilities.\" \/>\n<meta name=\"robots\" content=\"index, follow, max-snippet:-1, max-image-preview:large, max-video-preview:-1\" \/>\n<link rel=\"canonical\" href=\"https:\/\/oncourt.online\/de\/kommerzielle-sportplatze\/\" \/>\n<meta property=\"og:locale\" content=\"de_DE\" \/>\n<meta property=\"og:type\" content=\"article\" \/>\n<meta property=\"og:title\" content=\"Commercial Sports Courts\" \/>\n<meta property=\"og:description\" content=\"OnCourt work with leading brands, teams and agencies to create engaging sporting spaces for athletes of all ages and abilities.\" \/>\n<meta property=\"og:url\" content=\"https:\/\/oncourt.online\/de\/kommerzielle-sportplatze\/\" \/>\n<meta property=\"og:site_name\" content=\"OnCourt Online\" \/>\n<meta property=\"article:publisher\" content=\"https:\/\/www.facebook.com\/oncourt.online\/\" \/>\n<meta property=\"article:modified_time\" content=\"2026-01-15T07:45:48+00:00\" \/>\n<meta property=\"og:image\" content=\"https:\/\/oncourt.online\/wp-content\/uploads\/2025\/03\/Elastic-Pro-II-Orange-Wind-Grey-e1743146712707.png\" \/>\n<meta name=\"twitter:card\" content=\"summary_large_image\" \/>\n<meta name=\"twitter:label1\" content=\"Gesch\u00e4tzte Lesezeit\" \/>\n\t<meta name=\"twitter:data1\" content=\"4\u00a0Minuten\" \/>\n<!-- \/ Yoast SEO Premium plugin. -->","yoast_head_json":{"title":"Kommerzielle Sportpl\u00e4tze - OnCourt Online","description":"OnCourt arbeitet mit f\u00fchrenden Marken, Teams und Agenturen zusammen, um ansprechende Sportr\u00e4ume f\u00fcr Athleten aller Altersgruppen und F\u00e4higkeiten zu schaffen.","robots":{"index":"index","follow":"follow","max-snippet":"max-snippet:-1","max-image-preview":"max-image-preview:large","max-video-preview":"max-video-preview:-1"},"canonical":"https:\/\/oncourt.online\/de\/kommerzielle-sportplatze\/","og_locale":"de_DE","og_type":"article","og_title":"Commercial Sports Courts","og_description":"OnCourt work with leading brands, teams and agencies to create engaging sporting spaces for athletes of all ages and abilities.","og_url":"https:\/\/oncourt.online\/de\/kommerzielle-sportplatze\/","og_site_name":"OnCourt Online","article_publisher":"https:\/\/www.facebook.com\/oncourt.online\/","article_modified_time":"2026-01-15T07:45:48+00:00","og_image":[{"url":"https:\/\/oncourt.online\/wp-content\/uploads\/2025\/03\/Elastic-Pro-II-Orange-Wind-Grey-e1743146712707.png","type":"","width":"","height":""}],"twitter_card":"summary_large_image","twitter_misc":{"Gesch\u00e4tzte Lesezeit":"4\u00a0Minuten"},"schema":{"@context":"https:\/\/schema.org","@graph":[{"@type":"WebPage","@id":"https:\/\/oncourt.online\/de\/commercial-sports-courts\/","url":"https:\/\/oncourt.online\/de\/commercial-sports-courts\/","name":"Kommerzielle Sportpl\u00e4tze - OnCourt Online","isPartOf":{"@id":"https:\/\/oncourt.online\/de\/#website"},"primaryImageOfPage":{"@id":"https:\/\/oncourt.online\/de\/commercial-sports-courts\/#primaryimage"},"image":{"@id":"https:\/\/oncourt.online\/de\/commercial-sports-courts\/#primaryimage"},"thumbnailUrl":"https:\/\/oncourt.online\/wp-content\/uploads\/2025\/03\/Elastic-Pro-II-Orange-Wind-Grey-e1743146712707.png","datePublished":"2022-03-19T19:47:29+00:00","dateModified":"2026-01-15T07:45:48+00:00","description":"OnCourt arbeitet mit f\u00fchrenden Marken, Teams und Agenturen zusammen, um ansprechende Sportr\u00e4ume f\u00fcr Athleten aller Altersgruppen und F\u00e4higkeiten zu schaffen.","breadcrumb":{"@id":"https:\/\/oncourt.online\/de\/commercial-sports-courts\/#breadcrumb"},"inLanguage":"de","potentialAction":[{"@type":"ReadAction","target":["https:\/\/oncourt.online\/de\/commercial-sports-courts\/"]}]},{"@type":"ImageObject","inLanguage":"de","@id":"https:\/\/oncourt.online\/de\/commercial-sports-courts\/#primaryimage","url":"https:\/\/oncourt.online\/wp-content\/uploads\/2025\/03\/Elastic-Pro-II-Orange-Wind-Grey-e1743146712707.png","contentUrl":"https:\/\/oncourt.online\/wp-content\/uploads\/2025\/03\/Elastic-Pro-II-Orange-Wind-Grey-e1743146712707.png"},{"@type":"BreadcrumbList","@id":"https:\/\/oncourt.online\/de\/commercial-sports-courts\/#breadcrumb","itemListElement":[{"@type":"ListItem","position":1,"name":"Home","item":"https:\/\/oncourt.online\/"},{"@type":"ListItem","position":2,"name":"Commercial Sports Courts"}]},{"@type":"WebSite","@id":"https:\/\/oncourt.online\/de\/#website","url":"https:\/\/oncourt.online\/de\/","name":"OnCourt Online","description":"Hochleistungs-Basketballpl\u00e4tze","publisher":{"@id":"https:\/\/oncourt.online\/de\/#organization"},"potentialAction":[{"@type":"SearchAction","target":{"@type":"EntryPoint","urlTemplate":"https:\/\/oncourt.online\/de\/?s={search_term_string}"},"query-input":{"@type":"PropertyValueSpecification","valueRequired":true,"valueName":"search_term_string"}}],"inLanguage":"de"},{"@type":"Organization","@id":"https:\/\/oncourt.online\/de\/#organization","name":"OnCourt Online","url":"https:\/\/oncourt.online\/de\/","logo":{"@type":"ImageObject","inLanguage":"de","@id":"https:\/\/oncourt.online\/de\/#\/schema\/logo\/image\/","url":"https:\/\/oncourt.online\/wp-content\/uploads\/2021\/12\/Logo_OnCourt_Black.svg","contentUrl":"https:\/\/oncourt.online\/wp-content\/uploads\/2021\/12\/Logo_OnCourt_Black.svg","width":"1024","height":"1024","caption":"OnCourt Online"},"image":{"@id":"https:\/\/oncourt.online\/de\/#\/schema\/logo\/image\/"},"sameAs":["https:\/\/www.facebook.com\/oncourt.online\/"],"email":"info@oncourt.online"}]}},"_links":{"self":[{"href":"https:\/\/oncourt.online\/de\/wp-json\/wp\/v2\/pages\/4371","targetHints":{"allow":["GET"]}}],"collection":[{"href":"https:\/\/oncourt.online\/de\/wp-json\/wp\/v2\/pages"}],"about":[{"href":"https:\/\/oncourt.online\/de\/wp-json\/wp\/v2\/types\/page"}],"author":[{"embeddable":true,"href":"https:\/\/oncourt.online\/de\/wp-json\/wp\/v2\/users\/2"}],"replies":[{"embeddable":true,"href":"https:\/\/oncourt.online\/de\/wp-json\/wp\/v2\/comments?post=4371"}],"version-history":[{"count":1,"href":"https:\/\/oncourt.online\/de\/wp-json\/wp\/v2\/pages\/4371\/revisions"}],"predecessor-version":[{"id":17380,"href":"https:\/\/oncourt.online\/de\/wp-json\/wp\/v2\/pages\/4371\/revisions\/17380"}],"wp:attachment":[{"href":"https:\/\/oncourt.online\/de\/wp-json\/wp\/v2\/media?parent=4371"}],"curies":[{"name":"wp","href":"https:\/\/api.w.org\/{rel}","templated":true}]}}