{"id":428,"date":"2021-10-22T11:43:33","date_gmt":"2021-10-22T11:43:33","guid":{"rendered":"https:\/\/oncourt.online\/?page_id=428"},"modified":"2026-01-03T03:34:58","modified_gmt":"2026-01-03T03:34:58","slug":"lebenslange-garantie","status":"publish","type":"page","link":"https:\/\/oncourt.online\/de\/basketball-hoops\/lifetime-warranty\/","title":{"rendered":"Lebenslange Garantie"},"content":{"rendered":"<div class=\"gb-element-118ef599\">\n<div class=\"gb-element-d7eed537\">\n<h2 class=\"gb-headline gb-headline-96ad026f gb-headline-text\">Gut f\u00fcr ein ganzes Leben voller Dunks, Slams und Jams<\/h2>\n\n\n\n<p class=\"gb-headline gb-headline-78623ab6 gb-headline-text\">Mega Slam Hoops und OnCourt haben es sich zum Ziel gesetzt, die besten Basketballanlagen f\u00fcr den privaten Gebrauch anzubieten, die Sie f\u00fcr Ihr Geld bekommen k\u00f6nnen. Mega Slam-Produkte sind auf Langlebigkeit ausgelegt. Daher ist es nur logisch, dass auch die Garantie ebenso lange gilt.<br>Diese Versprechen finden Sie bei anderen Basketballkorbherstellern nicht. Tats\u00e4chlich stehen wir hinter den Mega Slam Hoops-Basketball-Systemen und garantieren eine gro\u00dfartige Leistung f\u00fcr eine lebenslange Spielzeit, sogar bis hin zu den Schrauben und Muttern.<\/p>\n\n\n\n<p class=\"gb-headline gb-headline-c6f59d0a gb-headline-text\"><br><strong>BASKETBALL-SYSTEME BEGRENZTE LEBENSLANGE GARANTIE<\/strong><br>DIE BESCHR\u00c4NKTE LEBENSLANGE GARANTIE gilt nur f\u00fcr den Erstk\u00e4ufer im Einzelhandel. F\u00fcr die strukturellen Komponenten der Mega Slam Hoops (das \"Produkt\") wird garantiert, dass sie frei von Material- und Verarbeitungsfehlern sind, vorbehaltlich der unten beschriebenen Einschr\u00e4nkungen. \"M\u00e4ngel\" sind definiert als Unvollkommenheiten, die den Gebrauch des Produkts beeintr\u00e4chtigen.<\/p>\n\n\n\n<p>THE LIMITED LIFETIME WARRANTY COVERAGE IS EXTENDED ONLY TO THE ORIGINAL RETAIL PURCHASER AND TERMINATES IF THE ORIGINAL RETAIL PURCHASER OTHERWISE TRANSFERS OR SELLS THE PRODUCT. THIS WARRANTY IS VOID IF THE PRODUCT HAS BEEN DAMAGED BY IMPROPER SERVICE, NEGLIGENCE, ACCIDENT, UNREASONABLE USE, IMPROPER INSTALLATION, OR OTHER CAUSES NOT RESULTING FROM DEFECTS IN MATERIAL AND WORKMANSHIP. <\/p>\n\n\n\n<p>Subject to proper installation in accordance with the installation instructions; normal residential use for glass backboards; normal basketball related activities; and has been maintained in agreement with the instructions.<\/p>\n\n\n\n<p class=\"gb-headline gb-headline-1de06637 gb-headline-text\"><br><strong>GARANTIEANSPR\u00dcCHE<\/strong><br>Proof of purchase by the original retail Consumer Purchaser is required for all warranty claims.<\/p>\n\n\n\n<p>Mega Sports UK Ltd reserves the right to examine physical evidence or photographs of the Product, or component parts, claimed to be defective, and to recover said Product, prior to authorising a warranty claim. If applicable, a \u201cReturn Merchandise Authorisation\u201d (RMA) number will be required prior to shipping damaged Product by original retail Consumer Purchaser with freight prepaid.<\/p>\n\n\n\n<p>In returning a Product or component part for repair or replacement under this warranty, the original Consumer Purchaser must prepay all shipping transportation, insurance and delivery costs, and the Product or component parts, must be delivered in either its original carton or a similar package affording an equal degree of protection.<\/p>\n\n\n\n<p>Mega Sports UK Ltd will not be responsible for any loss or damage incurred in connection with the return of this Product or component parts.<\/p>\n\n\n\n<p>Die eingeschr\u00e4nkte lebenslange Garantie deckt nicht die folgenden Punkte ab:<\/p>\n\n\n\n<p>Diese Garantie gilt nicht f\u00fcr Produkte, die unsachgem\u00e4\u00dfem Gebrauch, Missbrauch, abnormalem Gebrauch, Fahrl\u00e4ssigkeit, \u00c4nderungen, Unf\u00e4llen, unsachgem\u00e4\u00dfer Installation, Vandalismus oder Feuer ausgesetzt waren.<\/p>\n\n\n\n<p>Farbe, verrostete Teile, Oberfl\u00e4chenkratzer, Verblassen, Verf\u00e4rbungen oder Risse, die die Funktionalit\u00e4t des Produkts nicht beeintr\u00e4chtigen.<\/p>\n\n\n\n<p>Besch\u00e4digung oder Verschlechterung aufgrund von Zeit oder normaler Abnutzung.<\/p>\n\n\n\n<p>Zu den Sch\u00e4den aufgrund h\u00f6herer Gewalt z\u00e4hlen unter anderem \u00dcberschwemmungen, Tornados, Hagel, Blitzschlag, Sandst\u00fcrme, Windst\u00fcrme oder Erdbeben.<\/p>\n\n\n\n<p>Zu den Sch\u00e4den, die auf \"Umweltfaktoren\" zur\u00fcckzuf\u00fchren sind, geh\u00f6ren u. a. Fallout aus der Luft, Chemikalien, Gischt oder Sand aus dem Wind.<\/p>\n\n\n\n<p>Die Versandkosten f\u00fcr garantierte oder ausgetauschte Artikel in beide Richtungen m\u00fcssen vom urspr\u00fcnglichen Endverbraucherk\u00e4ufer im Voraus bezahlt werden.<\/p>\n\n\n\n<p>Servicekosten des H\u00e4ndlers, Arbeitskosten oder Reisekosten. Alle Arbeits-, Reise- und sonstigen Kosten, die mit der Installation, der Inspektion, der Wartung oder dem Austausch des Produkts bzw. des Austauschs von Bauteilen verbunden sind, gehen zu Lasten des urspr\u00fcnglichen K\u00e4ufers.<\/p>\n\n\n\n<p>DIESE GARANTIE WIRD AUSDR\u00dcCKLICH ANSTELLE ALLER ANDEREN AUSDR\u00dcCKLICHEN ODER STILLSCHWEIGENDEN GARANTIEN GEW\u00c4HRT, EINSCHLIESSLICH, ABER NICHT BESCHR\u00c4NKT AUF DIE STILLSCHWEIGENDE GARANTIE DER MARKTG\u00c4NGIGKEIT ODER DER EIGNUNG F\u00dcR EINEN BESTIMMTEN ZWECK, SOWIE ALLER ANDEREN VERPFLICHTUNGEN SEITENS MEGA SPORTS UK LTD. VORAUSGESETZT JEDOCH, DASS, WENN DER AUSSCHLUSS DER STILLSCHWEIGENDEN GARANTIEN NACH GELTENDEM RECHT WIRKSAM IST, DIE DAUER ALLER STILLSCHWEIGENDEN GARANTIEN, DIE KRAFT GESETZES ENTSTEHEN, AUF EIN (1) JAHR AB DEM KAUFDATUM ODER EINEN L\u00c4NGEREN ZEITRAUM, DER NACH GELTENDEM RECHT ERFORDERLICH IST, BESCHR\u00c4NKT IST.<\/p>\n\n\n\n<p>MEGA SPORTS UK LTD HEREBY DISCLAIMS ANY AND ALL LIABILITY FOR CONSEQUENTIAL AND INCIDENTAL DAMAGES ARISING OUT OF OR IN CONNECTION WITH ANY BREACH OF THIS WARRANTY OR ANY OTHER CLAIM WITH RESPECT TO THIS PRODUCT, INCLUDING BUT NOT LIMITED TO, CLAIMS OF NEGLIGENCE, STRICT LIABILITY IN TORT OR BREACH OF CONTRACT.<\/p>\n\n\n\n<p>SOME STATES DO NOT ALLOW (A) LIMITATIONS ON HOW LONG AN IMPLIED WARRANTY LASTS OR (B) THE EXCLUSION OR LIMITATION OF INCIDENTAL OR CONSEQUENTIAL DAMAGES, SO THE ABOVE LIMITATIONS OR EXCLUSIONS MAY NOT APPLY TO YOU. THIS WARRANTY GIVES YOU SPECIFIC LEGAL RIGHTS AND YOU MAY HAVE OTHER RIGHTS WHICH VARY FROM STATE TO STATE.<\/p>\n\n\n\n<p>FOR THE ORIGINAL RETAIL PURCHASER TO SUBMIT A WARRANTY CLAIM, CALL OR WRITE MEGA SLAM HOOPS UK.<\/p>\n\n\n\n<p>TELEFON<br>020 3920 7400<br><br>EMAIL<br>support@megaslamhoops.uk<br>POSTANSCHRIFT<br><br>Mega Slam UK<br>The Hollies, Bahnhofsstra\u00dfe, Chilbolton<br>Stockbridge, Hampshire<br>Vereinigtes K\u00f6nigreich, SO20 6AL<\/p>\n<\/div>\n<\/div>","protected":false},"excerpt":{"rendered":"<p> ... <a title=\"Lebenslange Garantie\" class=\"read-more\" href=\"https:\/\/oncourt.online\/de\/basketball-hoops\/lifetime-warranty\/\" aria-label=\"Mehr Informationen \u00fcber Lifetime Warranty\">Weiterlesen<\/a><\/p>","protected":false},"author":2,"featured_media":362,"parent":34,"menu_order":0,"comment_status":"closed","ping_status":"closed","template":"","meta":{"_acf_changed":false,"inline_featured_image":false,"footnotes":""},"class_list":{"0":"post-428","1":"page","2":"type-page","3":"status-publish","4":"has-post-thumbnail","6":"infinite-scroll-item","7":"no-featured-image-padding","8":"resize-featured-image"},"acf":[],"yoast_head":"<!-- This site is optimized with the Yoast SEO Premium plugin v26.8 (Yoast SEO v27.3) - https:\/\/yoast.com\/product\/yoast-seo-premium-wordpress\/ -->\n<title>Lifetime Warranty - OnCourt Online<\/title>\n<meta name=\"description\" content=\"Mega Slam Hoops and OnCourt are committed to providing the best residential basketball systems that your money can buy.\" \/>\n<meta name=\"robots\" content=\"index, follow, max-snippet:-1, max-image-preview:large, max-video-preview:-1\" \/>\n<link rel=\"canonical\" href=\"https:\/\/oncourt.online\/de\/basketballkorbe\/lebenslange-garantie\/\" \/>\n<meta property=\"og:locale\" content=\"de_DE\" \/>\n<meta property=\"og:type\" content=\"article\" \/>\n<meta property=\"og:title\" content=\"Lifetime Warranty\" \/>\n<meta property=\"og:description\" content=\"Mega Slam Hoops and OnCourt are committed to providing the best residential basketball systems that your money can buy.\" \/>\n<meta property=\"og:url\" content=\"https:\/\/oncourt.online\/de\/basketballkorbe\/lebenslange-garantie\/\" \/>\n<meta property=\"og:site_name\" content=\"OnCourt Online\" \/>\n<meta property=\"article:publisher\" content=\"https:\/\/www.facebook.com\/oncourt.online\/\" \/>\n<meta property=\"article:modified_time\" content=\"2026-01-03T03:34:58+00:00\" \/>\n<meta property=\"og:image\" content=\"https:\/\/oncourt.online\/wp-content\/uploads\/2021\/10\/Mega-Slam-Hoops-Lifetime-Warranty.png\" \/>\n\t<meta property=\"og:image:width\" content=\"300\" \/>\n\t<meta property=\"og:image:height\" content=\"300\" \/>\n\t<meta property=\"og:image:type\" content=\"image\/png\" \/>\n<meta name=\"twitter:card\" content=\"summary_large_image\" \/>\n<meta name=\"twitter:label1\" content=\"Gesch\u00e4tzte Lesezeit\" \/>\n\t<meta name=\"twitter:data1\" content=\"4\u00a0Minuten\" \/>\n<!-- \/ Yoast SEO Premium plugin. -->","yoast_head_json":{"title":"Lebenslange Garantie - OnCourt Online","description":"Mega Slam Hoops und OnCourt haben es sich zur Aufgabe gemacht, die besten Basketballanlagen f\u00fcr den Privatgebrauch zu liefern, die Sie f\u00fcr Ihr Geld kaufen k\u00f6nnen.","robots":{"index":"index","follow":"follow","max-snippet":"max-snippet:-1","max-image-preview":"max-image-preview:large","max-video-preview":"max-video-preview:-1"},"canonical":"https:\/\/oncourt.online\/de\/basketballkorbe\/lebenslange-garantie\/","og_locale":"de_DE","og_type":"article","og_title":"Lifetime Warranty","og_description":"Mega Slam Hoops and OnCourt are committed to providing the best residential basketball systems that your money can buy.","og_url":"https:\/\/oncourt.online\/de\/basketballkorbe\/lebenslange-garantie\/","og_site_name":"OnCourt Online","article_publisher":"https:\/\/www.facebook.com\/oncourt.online\/","article_modified_time":"2026-01-03T03:34:58+00:00","og_image":[{"width":300,"height":300,"url":"https:\/\/oncourt.online\/wp-content\/uploads\/2021\/10\/Mega-Slam-Hoops-Lifetime-Warranty.png","type":"image\/png"}],"twitter_card":"summary_large_image","twitter_misc":{"Gesch\u00e4tzte Lesezeit":"4\u00a0Minuten"},"schema":{"@context":"https:\/\/schema.org","@graph":[{"@type":"WebPage","@id":"https:\/\/oncourt.online\/de\/basketball-hoops\/lifetime-warranty\/","url":"https:\/\/oncourt.online\/de\/basketball-hoops\/lifetime-warranty\/","name":"Lebenslange Garantie - OnCourt Online","isPartOf":{"@id":"https:\/\/oncourt.online\/de\/#website"},"primaryImageOfPage":{"@id":"https:\/\/oncourt.online\/de\/basketball-hoops\/lifetime-warranty\/#primaryimage"},"image":{"@id":"https:\/\/oncourt.online\/de\/basketball-hoops\/lifetime-warranty\/#primaryimage"},"thumbnailUrl":"https:\/\/oncourt.online\/wp-content\/uploads\/2021\/10\/Mega-Slam-Hoops-Lifetime-Warranty.png","datePublished":"2021-10-22T11:43:33+00:00","dateModified":"2026-01-03T03:34:58+00:00","description":"Mega Slam Hoops und OnCourt haben es sich zur Aufgabe gemacht, die besten Basketballanlagen f\u00fcr den Privatgebrauch zu liefern, die Sie f\u00fcr Ihr Geld kaufen k\u00f6nnen.","breadcrumb":{"@id":"https:\/\/oncourt.online\/de\/basketball-hoops\/lifetime-warranty\/#breadcrumb"},"inLanguage":"de","potentialAction":[{"@type":"ReadAction","target":["https:\/\/oncourt.online\/de\/basketball-hoops\/lifetime-warranty\/"]}]},{"@type":"ImageObject","inLanguage":"de","@id":"https:\/\/oncourt.online\/de\/basketball-hoops\/lifetime-warranty\/#primaryimage","url":"https:\/\/oncourt.online\/wp-content\/uploads\/2021\/10\/Mega-Slam-Hoops-Lifetime-Warranty.png","contentUrl":"https:\/\/oncourt.online\/wp-content\/uploads\/2021\/10\/Mega-Slam-Hoops-Lifetime-Warranty.png","width":300,"height":300,"caption":"Mega Slam Hoops - Lifetime Warranty"},{"@type":"BreadcrumbList","@id":"https:\/\/oncourt.online\/de\/basketball-hoops\/lifetime-warranty\/#breadcrumb","itemListElement":[{"@type":"ListItem","position":1,"name":"Home","item":"https:\/\/oncourt.online\/"},{"@type":"ListItem","position":2,"name":"Basketball Hoops","item":"https:\/\/oncourt.online\/de\/basketball-hoops\/"},{"@type":"ListItem","position":3,"name":"Lifetime Warranty"}]},{"@type":"WebSite","@id":"https:\/\/oncourt.online\/de\/#website","url":"https:\/\/oncourt.online\/de\/","name":"OnCourt Online","description":"Hochleistungs-Basketballpl\u00e4tze","publisher":{"@id":"https:\/\/oncourt.online\/de\/#organization"},"potentialAction":[{"@type":"SearchAction","target":{"@type":"EntryPoint","urlTemplate":"https:\/\/oncourt.online\/de\/?s={search_term_string}"},"query-input":{"@type":"PropertyValueSpecification","valueRequired":true,"valueName":"search_term_string"}}],"inLanguage":"de"},{"@type":"Organization","@id":"https:\/\/oncourt.online\/de\/#organization","name":"OnCourt Online","url":"https:\/\/oncourt.online\/de\/","logo":{"@type":"ImageObject","inLanguage":"de","@id":"https:\/\/oncourt.online\/de\/#\/schema\/logo\/image\/","url":"https:\/\/oncourt.online\/wp-content\/uploads\/2021\/12\/Logo_OnCourt_Black.svg","contentUrl":"https:\/\/oncourt.online\/wp-content\/uploads\/2021\/12\/Logo_OnCourt_Black.svg","width":"1024","height":"1024","caption":"OnCourt Online"},"image":{"@id":"https:\/\/oncourt.online\/de\/#\/schema\/logo\/image\/"},"sameAs":["https:\/\/www.facebook.com\/oncourt.online\/"],"email":"info@oncourt.online"}]}},"_links":{"self":[{"href":"https:\/\/oncourt.online\/de\/wp-json\/wp\/v2\/pages\/428","targetHints":{"allow":["GET"]}}],"collection":[{"href":"https:\/\/oncourt.online\/de\/wp-json\/wp\/v2\/pages"}],"about":[{"href":"https:\/\/oncourt.online\/de\/wp-json\/wp\/v2\/types\/page"}],"author":[{"embeddable":true,"href":"https:\/\/oncourt.online\/de\/wp-json\/wp\/v2\/users\/2"}],"replies":[{"embeddable":true,"href":"https:\/\/oncourt.online\/de\/wp-json\/wp\/v2\/comments?post=428"}],"version-history":[{"count":0,"href":"https:\/\/oncourt.online\/de\/wp-json\/wp\/v2\/pages\/428\/revisions"}],"up":[{"embeddable":true,"href":"https:\/\/oncourt.online\/de\/wp-json\/wp\/v2\/pages\/34"}],"wp:featuredmedia":[{"embeddable":true,"href":"https:\/\/oncourt.online\/de\/wp-json\/wp\/v2\/media\/362"}],"wp:attachment":[{"href":"https:\/\/oncourt.online\/de\/wp-json\/wp\/v2\/media?parent=428"}],"curies":[{"name":"wp","href":"https:\/\/api.w.org\/{rel}","templated":true}]}}