{"id":3706,"date":"2022-03-08T09:13:55","date_gmt":"2022-03-08T09:13:55","guid":{"rendered":"https:\/\/oncourt.online\/?page_id=3706"},"modified":"2026-01-13T08:00:41","modified_gmt":"2026-01-13T08:00:41","slug":"verbinden-oncourt","status":"publish","type":"page","link":"https:\/\/oncourt.online\/de\/join-oncourt\/","title":{"rendered":"Arbeiten Sie mit OnCourt"},"content":{"rendered":"<div class=\"gb-container gb-container-c9c919f1\"><div class=\"gb-inside-container\">\n<div class=\"gb-container gb-container-cefabf47\"><div class=\"gb-inside-container\">\n\n<h2 class=\"gb-headline gb-headline-d23b44e5 gb-headline-text\">Arbeiten Sie mit einem Basketballplatz-Spezialisten zusammen<\/h2>\n\n\n\n<p class=\"gb-headline gb-headline-b071501e gb-headline-text\">OnCourt arbeitet mit Fachleuten in ganz Europa zusammen, die Outdoor-Sportanlagen entwerfen, bauen und spezifizieren. Unser Partnerprogramm richtet sich an Unternehmen, die ihren Kunden leistungsstarke Basketballpl\u00e4tze anbieten m\u00f6chten \u2013 unterst\u00fctzt durch spezialisierte Produkte, pr\u00e4zise Planungstools und fachkundige Betreuung.<\/p>\n\n\n\n<p class=\"gb-text gb-text-6b40232a\">Wir treten nicht als allgemeiner Sportanbieter auf. Basketball steht bei uns im Fokus, und wir arbeiten mit Partnern zusammen, die Wert auf eine saubere Umsetzung legen.<\/p>\n\n\n\n<h3 class=\"gb-text gb-text-a0baa6e3\">Mit wem wir zusammenarbeiten<\/h3>\n\n\n\n<p>Wir arbeiten mit Unternehmen zusammen, die in den Bereichen Au\u00dfenbau, Design und Belagsysteme t\u00e4tig sind, darunter:<\/p>\n\n\n\n<ul class=\"wp-block-list\">\n<li>Allgemeine Bauunternehmen und Auftragnehmer<\/li>\n\n\n\n<li>Landschafts- und Gartendesigner<\/li>\n\n\n\n<li>Tiefbau- und Erdbauunternehmen<\/li>\n\n\n\n<li>Sportplatzbauer und Spezialisten f\u00fcr Oberfl\u00e4chenerneuerung<\/li>\n\n\n\n<li>Architekten und Fachplaner<\/li>\n\n\n\n<li>Designorientierte Spezialisten f\u00fcr Au\u00dfenbereiche<\/li>\n<\/ul>\n\n\n\n<p class=\"gb-text gb-text-b726bb2a\">Wenn Ihre Arbeit die Planung oder den Bau von Au\u00dfenbereichen umfasst und Sie Basketballpl\u00e4tze in Ihr Angebot aufnehmen m\u00f6chten, freuen wir uns auf Ihre Kontaktaufnahme.<\/p>\n\n\n\n<div class=\"gb-element-bbf74639\">\n<div>\n<img loading=\"lazy\" decoding=\"async\" width=\"660\" height=\"400\" class=\"img_12px_radius gb-media-76f4f695\" alt=\"\" title=\"OnCourt Modular Basketball Court Surface Installation\" src=\"https:\/\/oncourt.online\/wp-content\/uploads\/2022\/05\/OnCourt-Modular-Basketball-Court-Surface-Installation.jpg\" srcset=\"https:\/\/oncourt.online\/wp-content\/uploads\/2022\/05\/OnCourt-Modular-Basketball-Court-Surface-Installation.jpg 660w, https:\/\/oncourt.online\/wp-content\/uploads\/2022\/05\/OnCourt-Modular-Basketball-Court-Surface-Installation-300x182.jpg 300w, https:\/\/oncourt.online\/wp-content\/uploads\/2022\/05\/OnCourt-Modular-Basketball-Court-Surface-Installation-18x12.jpg 18w, https:\/\/oncourt.online\/wp-content\/uploads\/2022\/05\/OnCourt-Modular-Basketball-Court-Surface-Installation-545x330.jpg 545w\" sizes=\"auto, (max-width: 660px) 100vw, 660px\" \/>\n<\/div>\n\n\n\n<div>\n<h2 class=\"gb-text\">Was OnCourt-Partner erwarten k\u00f6nnen<\/h2>\n\n\n\n<p class=\"gb-text last_text\">Zugang zu professionellen Tools f\u00fcr die Platzplanung, Vorzugspreisen und spezialisierter Unterst\u00fctzung, damit Sie leistungsstarke Basketballpl\u00e4tze sicher planen, spezifizieren und realisieren k\u00f6nnen.<\/p>\n<\/div>\n<\/div>\n\n\n\n<h4 class=\"gb-text\">Professionelle Design-Tools<\/h4>\n\n\n\n<p class=\"gb-text\">Nutzen Sie die 3D-Basketballplatz-Designplattform von OnCourt, um Layouts zu planen, Farbkonzepte zu erkunden, Bodenbel\u00e4ge und K\u00f6rbe zu spezifizieren sowie pr\u00e4zise Visualisierungen und Preisangaben f\u00fcr Kundenangebote zu erstellen.<\/p>\n\n\n\n<h4 class=\"gb-text\">Bevorzugte H\u00e4ndlerkonditionen<\/h4>\n\n\n\n<p class=\"gb-text\">Autorisierte Partner erhalten Zugang zu H\u00e4ndlerpreisen f\u00fcr modulare Basketballbel\u00e4ge und Mega Slam-K\u00f6rbe, sodass Sie Premiuml\u00f6sungen anbieten und gleichzeitig gesunde Margen sichern k\u00f6nnen.<\/p>\n\n\n\n<h4 class=\"gb-text\">Fachlicher technischer Support<\/h4>\n\n\n\n<p class=\"gb-text\">Erhalten Sie direkten Zugriff auf Anleitungen zu Layouts, Oberfl\u00e4chenauswahl, Installationsanforderungen und Produktkombinationen, um Unsicherheiten zu reduzieren und kostspielige Fehler vor Ort zu vermeiden.<\/p>\n\n\n\n<h4 class=\"gb-text\">Klare Spezifikationen und Ressourcen<\/h4>\n\n\n\n<p class=\"gb-text gb-text-46b97fff\">Nutzen Sie unsere Leitf\u00e4den und Planungsressourcen, um Spekulationen zu vermeiden, Fehler zu reduzieren und Ihren Kunden klare, \u00fcberzeugende Angebote zu unterbreiten.<\/p>\n\n\n\n<div class=\"gb-element-d984cac5\">\n<div>\n<img loading=\"lazy\" decoding=\"async\" width=\"1200\" height=\"960\" class=\"img_12px_radius gb-media-1c57b1fb\" alt=\"\" title=\"Entwurf f\u00fcr einen mittelgro\u00dfen Basketballplatz f\u00fcr Wohngebiete\" src=\"https:\/\/oncourt.online\/wp-content\/uploads\/2025\/12\/Medium-Sized-Residential-Basketball-Court-Design.webp\"\/>\n<\/div>\n\n\n\n<div>\n<h3 class=\"gb-text\">Entwickelt f\u00fcr reale Projekte<\/h3>\n\n\n\n<p>Das OnCourt-Partnerprogramm eignet sich f\u00fcr Fachleute, die folgende Dienstleistungen anbieten:<\/p>\n\n\n\n<ul class=\"wp-block-list\">\n<li>Heimspielst\u00e4tten<\/li>\n\n\n\n<li>Club- und Trainingsanlagen<\/li>\n\n\n\n<li>Schulen und Bildungsst\u00e4tten<\/li>\n\n\n\n<li>Kommerzielle oder multifunktionale Au\u00dfenpl\u00e4tze<\/li>\n<\/ul>\n\n\n\n<p class=\"gb-text last_text\">Wir unterst\u00fctzen Partner, die Wert auf hochwertige Ausf\u00fchrung und langfristige Leistung legen.<\/p>\n<\/div>\n<\/div>\n\n\n\n<div class=\"gb-element-f79012eb\">\n<h3 class=\"gb-text gb-text-5da21831\">Bewerben Sie sich als OnCourt-Partner<\/h3>\n\n\n\n<p class=\"gb-text not_last_text\">Wenn Sie an einer Zusammenarbeit mit OnCourt interessiert sind, f\u00fcllen Sie bitte das untenstehende Anfrageformular aus. <\/p>\n\n\n\n<p class=\"gb-text gb-text-209ee9ae\">Wir pr\u00fcfen alle Bewerbungen und melden uns bei Ihnen, um zu besprechen, ob das Programm gut zu Ihrem Unternehmen passt.<\/p>\n<\/div>\n\n\n<div class=\"gb-container gb-container-8ddfb2cf\">\n\n\n\n\n<div class=\"gb-container gb-container-f43cd796\">\n\n<div class=\"pipedriveWebForms\" data-pd-webforms=\"https:\/\/webforms.pipedrive.com\/f\/6iwQURxzIPL0wed4XJFAN0N9H9Xk8kqB3tpZsj4xHHWeoW6eEwEZhu0h5AhVKCrXB9\"><script src=\"https:\/\/webforms.pipedrive.com\/f\/loader\"><\/script><\/div>\n\n<\/div>\n\n\n\n\n\n\n\n\n\n\n\n\n\n\n\n\n\n\n\n\n\n\n<\/div>\n<\/div><\/div>\n<\/div><\/div>","protected":false},"excerpt":{"rendered":"<p> ... <a title=\"Arbeiten Sie mit OnCourt\" class=\"read-more\" href=\"https:\/\/oncourt.online\/de\/join-oncourt\/\" aria-label=\"Mehr Informationen \u00fcber Work With OnCourt\">Weiterlesen<\/a><\/p>","protected":false},"author":2,"featured_media":7048,"parent":0,"menu_order":13,"comment_status":"closed","ping_status":"closed","template":"","meta":{"_acf_changed":false,"inline_featured_image":false,"footnotes":""},"class_list":{"0":"post-3706","1":"page","2":"type-page","3":"status-publish","4":"has-post-thumbnail","6":"infinite-scroll-item","7":"no-featured-image-padding","8":"resize-featured-image"},"acf":[],"yoast_head":"<!-- This site is optimized with the Yoast SEO Premium plugin v26.8 (Yoast SEO v27.3) - https:\/\/yoast.com\/product\/yoast-seo-premium-wordpress\/ -->\n<title>OnCourt Partners | Trade Pricing &amp; Basketball Court Design Tools<\/title>\n<meta name=\"description\" content=\"Partner with OnCourt. Work with a specialist basketball court supplier. Design tools, trade pricing, and support for residential &amp; commercial projects.\" \/>\n<meta name=\"robots\" content=\"index, follow, max-snippet:-1, max-image-preview:large, max-video-preview:-1\" \/>\n<link rel=\"canonical\" href=\"https:\/\/oncourt.online\/de\/verbinden-oncourt\/\" \/>\n<meta property=\"og:locale\" content=\"de_DE\" \/>\n<meta property=\"og:type\" content=\"article\" \/>\n<meta property=\"og:title\" content=\"Work With OnCourt\" \/>\n<meta property=\"og:description\" content=\"Partner with OnCourt. Work with a specialist basketball court supplier. Design tools, trade pricing, and support for residential &amp; commercial projects.\" \/>\n<meta property=\"og:url\" content=\"https:\/\/oncourt.online\/de\/verbinden-oncourt\/\" \/>\n<meta property=\"og:site_name\" content=\"OnCourt Online\" \/>\n<meta property=\"article:publisher\" content=\"https:\/\/www.facebook.com\/oncourt.online\/\" \/>\n<meta property=\"article:modified_time\" content=\"2026-01-13T08:00:41+00:00\" \/>\n<meta property=\"og:image\" content=\"https:\/\/oncourt.online\/wp-content\/uploads\/2022\/05\/OnCourt-Modular-Basketball-Court-Surface-Installation.jpg\" \/>\n\t<meta property=\"og:image:width\" content=\"660\" \/>\n\t<meta property=\"og:image:height\" content=\"400\" \/>\n\t<meta property=\"og:image:type\" content=\"image\/jpeg\" \/>\n<meta name=\"twitter:card\" content=\"summary_large_image\" \/>\n<meta name=\"twitter:label1\" content=\"Gesch\u00e4tzte Lesezeit\" \/>\n\t<meta name=\"twitter:data1\" content=\"3\u00a0Minuten\" \/>\n<!-- \/ Yoast SEO Premium plugin. -->","yoast_head_json":{"title":"OnCourt Partner | Handelspreise &amp; Design-Tools f\u00fcr Basketballpl\u00e4tze","description":"Partnern Sie mit OnCourt. Arbeiten Sie mit einem Spezialisten f\u00fcr Basketballpl\u00e4tze. Design-Tools, Handelspreise und Support f\u00fcr Wohn- und Gewerbeprojekte.","robots":{"index":"index","follow":"follow","max-snippet":"max-snippet:-1","max-image-preview":"max-image-preview:large","max-video-preview":"max-video-preview:-1"},"canonical":"https:\/\/oncourt.online\/de\/verbinden-oncourt\/","og_locale":"de_DE","og_type":"article","og_title":"Work With OnCourt","og_description":"Partner with OnCourt. Work with a specialist basketball court supplier. Design tools, trade pricing, and support for residential & commercial projects.","og_url":"https:\/\/oncourt.online\/de\/verbinden-oncourt\/","og_site_name":"OnCourt Online","article_publisher":"https:\/\/www.facebook.com\/oncourt.online\/","article_modified_time":"2026-01-13T08:00:41+00:00","og_image":[{"width":660,"height":400,"url":"https:\/\/oncourt.online\/wp-content\/uploads\/2022\/05\/OnCourt-Modular-Basketball-Court-Surface-Installation.jpg","type":"image\/jpeg"}],"twitter_card":"summary_large_image","twitter_misc":{"Gesch\u00e4tzte Lesezeit":"3\u00a0Minuten"},"schema":{"@context":"https:\/\/schema.org","@graph":[{"@type":"WebPage","@id":"https:\/\/oncourt.online\/de\/join-oncourt\/","url":"https:\/\/oncourt.online\/de\/join-oncourt\/","name":"OnCourt Partner | Handelspreise &amp; Design-Tools f\u00fcr Basketballpl\u00e4tze","isPartOf":{"@id":"https:\/\/oncourt.online\/de\/#website"},"primaryImageOfPage":{"@id":"https:\/\/oncourt.online\/de\/join-oncourt\/#primaryimage"},"image":{"@id":"https:\/\/oncourt.online\/de\/join-oncourt\/#primaryimage"},"thumbnailUrl":"https:\/\/oncourt.online\/wp-content\/uploads\/2022\/05\/OnCourt-Modular-Basketball-Court-Surface-Installation.jpg","datePublished":"2022-03-08T09:13:55+00:00","dateModified":"2026-01-13T08:00:41+00:00","description":"Partnern Sie mit OnCourt. Arbeiten Sie mit einem Spezialisten f\u00fcr Basketballpl\u00e4tze. Design-Tools, Handelspreise und Support f\u00fcr Wohn- und Gewerbeprojekte.","breadcrumb":{"@id":"https:\/\/oncourt.online\/de\/join-oncourt\/#breadcrumb"},"inLanguage":"de","potentialAction":[{"@type":"ReadAction","target":["https:\/\/oncourt.online\/de\/join-oncourt\/"]}]},{"@type":"ImageObject","inLanguage":"de","@id":"https:\/\/oncourt.online\/de\/join-oncourt\/#primaryimage","url":"https:\/\/oncourt.online\/wp-content\/uploads\/2022\/05\/OnCourt-Modular-Basketball-Court-Surface-Installation.jpg","contentUrl":"https:\/\/oncourt.online\/wp-content\/uploads\/2022\/05\/OnCourt-Modular-Basketball-Court-Surface-Installation.jpg","width":660,"height":400},{"@type":"BreadcrumbList","@id":"https:\/\/oncourt.online\/de\/join-oncourt\/#breadcrumb","itemListElement":[{"@type":"ListItem","position":1,"name":"Home","item":"https:\/\/oncourt.online\/"},{"@type":"ListItem","position":2,"name":"Work With OnCourt"}]},{"@type":"WebSite","@id":"https:\/\/oncourt.online\/de\/#website","url":"https:\/\/oncourt.online\/de\/","name":"OnCourt Online","description":"Hochleistungs-Basketballpl\u00e4tze","publisher":{"@id":"https:\/\/oncourt.online\/de\/#organization"},"potentialAction":[{"@type":"SearchAction","target":{"@type":"EntryPoint","urlTemplate":"https:\/\/oncourt.online\/de\/?s={search_term_string}"},"query-input":{"@type":"PropertyValueSpecification","valueRequired":true,"valueName":"search_term_string"}}],"inLanguage":"de"},{"@type":"Organization","@id":"https:\/\/oncourt.online\/de\/#organization","name":"OnCourt Online","url":"https:\/\/oncourt.online\/de\/","logo":{"@type":"ImageObject","inLanguage":"de","@id":"https:\/\/oncourt.online\/de\/#\/schema\/logo\/image\/","url":"https:\/\/oncourt.online\/wp-content\/uploads\/2021\/12\/Logo_OnCourt_Black.svg","contentUrl":"https:\/\/oncourt.online\/wp-content\/uploads\/2021\/12\/Logo_OnCourt_Black.svg","width":"1024","height":"1024","caption":"OnCourt Online"},"image":{"@id":"https:\/\/oncourt.online\/de\/#\/schema\/logo\/image\/"},"sameAs":["https:\/\/www.facebook.com\/oncourt.online\/"],"email":"info@oncourt.online"}]}},"_links":{"self":[{"href":"https:\/\/oncourt.online\/de\/wp-json\/wp\/v2\/pages\/3706","targetHints":{"allow":["GET"]}}],"collection":[{"href":"https:\/\/oncourt.online\/de\/wp-json\/wp\/v2\/pages"}],"about":[{"href":"https:\/\/oncourt.online\/de\/wp-json\/wp\/v2\/types\/page"}],"author":[{"embeddable":true,"href":"https:\/\/oncourt.online\/de\/wp-json\/wp\/v2\/users\/2"}],"replies":[{"embeddable":true,"href":"https:\/\/oncourt.online\/de\/wp-json\/wp\/v2\/comments?post=3706"}],"version-history":[{"count":1,"href":"https:\/\/oncourt.online\/de\/wp-json\/wp\/v2\/pages\/3706\/revisions"}],"predecessor-version":[{"id":17261,"href":"https:\/\/oncourt.online\/de\/wp-json\/wp\/v2\/pages\/3706\/revisions\/17261"}],"wp:featuredmedia":[{"embeddable":true,"href":"https:\/\/oncourt.online\/de\/wp-json\/wp\/v2\/media\/7048"}],"wp:attachment":[{"href":"https:\/\/oncourt.online\/de\/wp-json\/wp\/v2\/media?parent=3706"}],"curies":[{"name":"wp","href":"https:\/\/api.w.org\/{rel}","templated":true}]}}