{"id":716,"date":"2021-11-19T12:30:15","date_gmt":"2021-11-19T12:30:15","guid":{"rendered":"https:\/\/oncourt.online\/?post_type=product&#038;p=716"},"modified":"2026-01-17T01:37:38","modified_gmt":"2026-01-17T01:37:38","slug":"oncourt-audio-beslag","status":"publish","type":"product","link":"https:\/\/oncourt.online\/da\/basketball-hoops\/oncourt-audio-bracket\/","title":{"rendered":"Lydbeslag"},"content":{"rendered":"<div class=\"gb-grid-wrapper gb-grid-wrapper-b126a144\">\n<div class=\"gb-grid-column gb-grid-column-6ceedb1b\"><div class=\"gb-container gb-container-6ceedb1b\"><div class=\"gb-inside-container\">\n\n<h2 class=\"gb-headline gb-headline-4e62905f gb-headline-text\">Mega Slam Mega Sounds<\/h2>\n\n\n\n<p>Tilbage i 1979 pralede Big Bank Hank med at se New York Knicks p\u00e5 sit farvefjernsyn i \"Rapper's Delight\". Den iboende forbindelse mellem hoops og hiphop er tydelig i Mega Slam Audio Bracket. F\u00e5 alle dine yndlingsbeats med p\u00e5 banen med det bundsolide, boldsikre hus til Bose 251 Environment-h\u00f8jttalere (ikke inkluderet).<\/p>\n\n\n\n<p>The Audio Bracket makes a great addition to an OnCourt Basketball Court installation. Pair it with a <em><a href=\"https:\/\/oncourt.online\/da\/basketballkurve\/spil-lys\/\">Game Light\u00ae<\/a><\/em> and you&#8217;ll be slamming and jamming through the night in style!<\/p>\n\n<\/div><\/div><\/div>\n\n<div class=\"gb-grid-column gb-grid-column-c5f6c602\"><div class=\"gb-container gb-container-c5f6c602\"><div class=\"gb-inside-container\">\n\n<img decoding=\"async\" class=\"img_12px_radius\" src=\"https:\/\/oncourt.online\/wp-content\/uploads\/2021\/11\/Audio-Slam.jpg\" alt=\"Basketballbane Audio\"\/>\n\n<\/div><\/div><\/div>\n<\/div>","protected":false},"excerpt":{"rendered":"<p>\"Min swag var f\u00e6nomenal.\" -\u00a0<em><span class=\"authorOrTitle\">Gilbert Arenas<\/span><\/em>\u00a0Giv din hoop et pr\u00e6g som Gilberts med Mega Slam Audio Bracket. Audio Bracket er kompatibelt med b\u00e5de Mega Slam 60 og 72 modellerne og indeholder 2\u00a0<a href=\"https:\/\/www.bose.co.uk\/en_gb\/products\/speakers\/stereo_speakers\/251-environmental-speakers.html#v=251_black\">Bose 251 Milj\u00f8h\u00f8jttalere<\/a>\u00a0(ikke inkluderet) for at f\u00e5 utrolige OnCourt-lyde.<\/p>","protected":false},"featured_media":717,"template":"","meta":{"_acf_changed":true,"inline_featured_image":false},"product_brand":[],"product_cat":[19,236],"product_tag":[],"class_list":{"0":"post-716","1":"product","2":"type-product","3":"status-publish","4":"has-post-thumbnail","6":"product_cat-basketball-hoops","7":"product_cat-accessories","8":"product_shipping_class-component-shipping","9":"infinite-scroll-item","10":"no-featured-image-padding","11":"resize-featured-image","12":"","13":"woocommerce-text-align-center","14":"woocommerce-image-align-center","15":"do-quantity-buttons","17":"first","18":"onbackorder","19":"taxable","20":"shipping-taxable","21":"purchasable","22":"product-type-simple"},"bundled_by":["4941","136","370"],"bundle_stock_status":"onbackorder","bundle_stock_quantity":null,"bundle_virtual":false,"bundle_layout":"","bundle_add_to_cart_form_location":"","bundle_editable_in_cart":false,"bundle_sold_individually_context":"","bundle_item_grouping":"","bundle_min_size":"","bundle_max_size":"","bundle_price":[],"bundled_items":[],"bundle_sell_ids":[],"acf":[],"yoast_head":"<!-- This site is optimized with the Yoast SEO Premium plugin v26.8 (Yoast SEO v26.9) - https:\/\/yoast.com\/product\/yoast-seo-premium-wordpress\/ -->\n<title>Audio Bracket - OnCourt Online<\/title>\n<meta name=\"description\" content=\"Bring the beats on court. The intrinsic link between hoops and hip hop is manifest in the Mega Slam Audio Bracket.\" \/>\n<meta name=\"robots\" content=\"index, follow, max-snippet:-1, max-image-preview:large, max-video-preview:-1\" \/>\n<link rel=\"canonical\" href=\"https:\/\/oncourt.online\/da\/basketballkurve\/oncourt-audio-beslag\/\" \/>\n<meta property=\"og:locale\" content=\"da_DK\" \/>\n<meta property=\"og:type\" content=\"article\" \/>\n<meta property=\"og:title\" content=\"Audio Bracket\" \/>\n<meta property=\"og:description\" content=\"Bring the beats on court. The intrinsic link between hoops and hip hop is manifest in the Mega Slam Audio Bracket.\" \/>\n<meta property=\"og:url\" content=\"https:\/\/oncourt.online\/da\/basketballkurve\/oncourt-audio-beslag\/\" \/>\n<meta property=\"og:site_name\" content=\"OnCourt Online\" \/>\n<meta property=\"article:publisher\" content=\"https:\/\/www.facebook.com\/oncourt.online\/\" \/>\n<meta property=\"article:modified_time\" content=\"2026-01-17T01:37:38+00:00\" \/>\n<meta property=\"og:image\" content=\"https:\/\/oncourt.online\/wp-content\/uploads\/2021\/11\/Mega-Slam-Audio-Bracket-OnCourt-Online.png\" \/>\n\t<meta property=\"og:image:width\" content=\"900\" \/>\n\t<meta property=\"og:image:height\" content=\"900\" \/>\n\t<meta property=\"og:image:type\" content=\"image\/png\" \/>\n<meta name=\"twitter:card\" content=\"summary_large_image\" \/>\n<meta name=\"twitter:label1\" content=\"Pris\" \/>\n\t<meta name=\"twitter:data1\" content=\"&euro;249\" \/>\n\t<meta name=\"twitter:label2\" content=\"Tilg\u00e6ngelighed\" \/>\n\t<meta name=\"twitter:data2\" content=\"I restordre\" \/>\n<meta property=\"product:price:amount\" content=\"249\" \/>\n<meta property=\"product:price:currency\" content=\"EUR\" \/>\n<meta property=\"og:availability\" content=\"backorder\" \/>\n<meta property=\"product:availability\" content=\"available for order\" \/>\n<meta property=\"product:retailer_item_id\" content=\"BHA-AB7260\" \/>\n<meta property=\"product:condition\" content=\"new\" \/>\n<!-- \/ Yoast SEO Premium plugin. -->","yoast_head_json":{"title":"Audio Bracket - OnCourt Online","description":"Bring beats p\u00e5 banen. Den iboende forbindelse mellem hoops og hiphop er tydelig i Mega Slam Audio Bracket.","robots":{"index":"index","follow":"follow","max-snippet":"max-snippet:-1","max-image-preview":"max-image-preview:large","max-video-preview":"max-video-preview:-1"},"canonical":"https:\/\/oncourt.online\/da\/basketballkurve\/oncourt-audio-beslag\/","og_locale":"da_DK","og_type":"article","og_title":"Audio Bracket","og_description":"Bring the beats on court. The intrinsic link between hoops and hip hop is manifest in the Mega Slam Audio Bracket.","og_url":"https:\/\/oncourt.online\/da\/basketballkurve\/oncourt-audio-beslag\/","og_site_name":"OnCourt Online","article_publisher":"https:\/\/www.facebook.com\/oncourt.online\/","article_modified_time":"2026-01-17T01:37:38+00:00","og_image":[{"width":900,"height":900,"url":"https:\/\/oncourt.online\/wp-content\/uploads\/2021\/11\/Mega-Slam-Audio-Bracket-OnCourt-Online.png","type":"image\/png"}],"twitter_card":"summary_large_image","twitter_misc":{"Pris":"&euro;249","Tilg\u00e6ngelighed":"I restordre"},"schema":{"@context":"https:\/\/schema.org","@graph":[{"@type":"WebPage","@id":"https:\/\/oncourt.online\/da\/basketball-hoops\/oncourt-audio-bracket\/","url":"https:\/\/oncourt.online\/da\/basketball-hoops\/oncourt-audio-bracket\/","name":"Audio Bracket - OnCourt Online","isPartOf":{"@id":"https:\/\/oncourt.online\/da\/#website"},"primaryImageOfPage":{"@id":"https:\/\/oncourt.online\/da\/basketball-hoops\/oncourt-audio-bracket\/#primaryimage"},"image":{"@id":"https:\/\/oncourt.online\/da\/basketball-hoops\/oncourt-audio-bracket\/#primaryimage"},"thumbnailUrl":"https:\/\/oncourt.online\/wp-content\/uploads\/2021\/11\/Mega-Slam-Audio-Bracket-OnCourt-Online.png","datePublished":"2021-11-19T12:30:15+00:00","dateModified":"2026-01-17T01:37:38+00:00","description":"Bring beats p\u00e5 banen. Den iboende forbindelse mellem hoops og hiphop er tydelig i Mega Slam Audio Bracket.","breadcrumb":{"@id":"https:\/\/oncourt.online\/da\/basketball-hoops\/oncourt-audio-bracket\/#breadcrumb"},"inLanguage":"da-DK","potentialAction":[{"@type":"ReadAction","target":["https:\/\/oncourt.online\/da\/basketball-hoops\/oncourt-audio-bracket\/"]}]},{"@type":"ImageObject","inLanguage":"da-DK","@id":"https:\/\/oncourt.online\/da\/basketball-hoops\/oncourt-audio-bracket\/#primaryimage","url":"https:\/\/oncourt.online\/wp-content\/uploads\/2021\/11\/Mega-Slam-Audio-Bracket-OnCourt-Online.png","contentUrl":"https:\/\/oncourt.online\/wp-content\/uploads\/2021\/11\/Mega-Slam-Audio-Bracket-OnCourt-Online.png","width":900,"height":900,"caption":"Mega Slam Audio Bracket - OnCourt Online"},{"@type":"BreadcrumbList","@id":"https:\/\/oncourt.online\/da\/basketball-hoops\/oncourt-audio-bracket\/#breadcrumb","itemListElement":[{"@type":"ListItem","position":1,"name":"Home","item":"https:\/\/oncourt.online\/"},{"@type":"ListItem","position":2,"name":"Basketball Hoops","item":"https:\/\/oncourt.online\/da\/basketball-hoops\/"},{"@type":"ListItem","position":3,"name":"Audio Bracket"}]},{"@type":"WebSite","@id":"https:\/\/oncourt.online\/da\/#website","url":"https:\/\/oncourt.online\/da\/","name":"OnCourt Online","description":"H\u00f8jtydende basketballbaner","publisher":{"@id":"https:\/\/oncourt.online\/da\/#organization"},"potentialAction":[{"@type":"SearchAction","target":{"@type":"EntryPoint","urlTemplate":"https:\/\/oncourt.online\/da\/?s={search_term_string}"},"query-input":{"@type":"PropertyValueSpecification","valueRequired":true,"valueName":"search_term_string"}}],"inLanguage":"da-DK"},{"@type":"Organization","@id":"https:\/\/oncourt.online\/da\/#organization","name":"OnCourt Online","url":"https:\/\/oncourt.online\/da\/","logo":{"@type":"ImageObject","inLanguage":"da-DK","@id":"https:\/\/oncourt.online\/da\/#\/schema\/logo\/image\/","url":"https:\/\/oncourt.online\/wp-content\/uploads\/2021\/12\/Logo_OnCourt_Black.svg","contentUrl":"https:\/\/oncourt.online\/wp-content\/uploads\/2021\/12\/Logo_OnCourt_Black.svg","width":"1024","height":"1024","caption":"OnCourt Online"},"image":{"@id":"https:\/\/oncourt.online\/da\/#\/schema\/logo\/image\/"},"sameAs":["https:\/\/www.facebook.com\/oncourt.online\/"],"email":"info@oncourt.online"}]},"product_price_amount":"249","product_price_currency":"EUR","og_availability":"backorder","product_availability":"available for order","product_retailer_item_id":"BHA-AB7260","product_condition":"new"},"_links":{"self":[{"href":"https:\/\/oncourt.online\/da\/wp-json\/wp\/v2\/product\/716","targetHints":{"allow":["GET"]}}],"collection":[{"href":"https:\/\/oncourt.online\/da\/wp-json\/wp\/v2\/product"}],"about":[{"href":"https:\/\/oncourt.online\/da\/wp-json\/wp\/v2\/types\/product"}],"wp:featuredmedia":[{"embeddable":true,"href":"https:\/\/oncourt.online\/da\/wp-json\/wp\/v2\/media\/717"}],"wp:attachment":[{"href":"https:\/\/oncourt.online\/da\/wp-json\/wp\/v2\/media?parent=716"}],"wp:term":[{"taxonomy":"product_brand","embeddable":true,"href":"https:\/\/oncourt.online\/da\/wp-json\/wp\/v2\/product_brand?post=716"},{"taxonomy":"product_cat","embeddable":true,"href":"https:\/\/oncourt.online\/da\/wp-json\/wp\/v2\/product_cat?post=716"},{"taxonomy":"product_tag","embeddable":true,"href":"https:\/\/oncourt.online\/da\/wp-json\/wp\/v2\/product_tag?post=716"}],"curies":[{"name":"wp","href":"https:\/\/api.w.org\/{rel}","templated":true}]}}