{"id":136,"date":"2021-10-20T08:57:11","date_gmt":"2021-10-20T08:57:11","guid":{"rendered":"https:\/\/oncourt.online\/?post_type=product&#038;p=136"},"modified":"2026-01-17T01:32:33","modified_gmt":"2026-01-17T01:32:33","slug":"megaslam-72","status":"publish","type":"product","link":"https:\/\/oncourt.online\/da\/basketball-hoops\/megaslam-72\/","title":{"rendered":"MegaSlam 72"},"content":{"rendered":"","protected":false},"excerpt":{"rendered":"<p>MegaSlam 72 er et basketballsystem i reguleringsst\u00f8rrelse, udviklet til langvarig udend\u00f8rs brug. Den betonforankrede installation og de kraftige komponenter er bygget til at klare regelm\u00e6ssigt spil med h\u00f8j intensitet.<\/p>","protected":false},"featured_media":137,"template":"","meta":{"_acf_changed":false,"inline_featured_image":false},"product_brand":[],"product_cat":[19],"product_tag":[],"class_list":{"0":"post-136","1":"product","2":"type-product","3":"status-publish","4":"has-post-thumbnail","6":"product_cat-basketball-hoops","7":"product_shipping_class-hoop-system-shipping","8":"infinite-scroll-item","9":"no-featured-image-padding","10":"resize-featured-image","11":"","12":"woocommerce-text-align-center","13":"woocommerce-image-align-center","14":"do-quantity-buttons","16":"first","17":"pre_order","18":"taxable","19":"shipping-taxable","20":"purchasable","21":"product-type-simple"},"bundled_by":["6335"],"bundle_stock_status":"pre_order","bundle_stock_quantity":null,"bundle_virtual":false,"bundle_layout":"","bundle_add_to_cart_form_location":"","bundle_editable_in_cart":false,"bundle_sold_individually_context":"","bundle_item_grouping":"","bundle_min_size":"","bundle_max_size":"","bundle_price":[],"bundled_items":[],"bundle_sell_ids":[],"acf":[],"yoast_head":"<!-- This site is optimized with the Yoast SEO Premium plugin v26.8 (Yoast SEO v26.9) - https:\/\/yoast.com\/product\/yoast-seo-premium-wordpress\/ -->\n<title>MegaSlam 72 Basketball Hoop - OnCourt Online - Mega Slam Hoops<\/title>\n<meta name=\"description\" content=\"MegaSlam 72 - The ultimate home basketball hoop. In-ground, height adjustable dunk-proof hoop with 72 inch tempered glass backboard.\" \/>\n<meta name=\"robots\" content=\"index, follow, max-snippet:-1, max-image-preview:large, max-video-preview:-1\" \/>\n<link rel=\"canonical\" href=\"https:\/\/oncourt.online\/da\/basketballkurve\/megaslam-72\/\" \/>\n<meta property=\"og:locale\" content=\"da_DK\" \/>\n<meta property=\"og:type\" content=\"article\" \/>\n<meta property=\"og:title\" content=\"MegaSlam 72\" \/>\n<meta property=\"og:description\" content=\"MegaSlam 72 - The ultimate home basketball hoop. In-ground, height adjustable dunk-proof hoop with 72 inch tempered glass backboard.\" \/>\n<meta property=\"og:url\" content=\"https:\/\/oncourt.online\/da\/basketballkurve\/megaslam-72\/\" \/>\n<meta property=\"og:site_name\" content=\"OnCourt Online\" \/>\n<meta property=\"article:publisher\" content=\"https:\/\/www.facebook.com\/oncourt.online\/\" \/>\n<meta property=\"article:modified_time\" content=\"2026-01-17T01:32:33+00:00\" \/>\n<meta property=\"og:image\" content=\"https:\/\/oncourt.online\/wp-content\/uploads\/2021\/10\/MegaSlam-72-Luxury-Basketball-Hoop-OnCourt.png\" \/>\n\t<meta property=\"og:image:width\" content=\"1000\" \/>\n\t<meta property=\"og:image:height\" content=\"1000\" \/>\n\t<meta property=\"og:image:type\" content=\"image\/png\" \/>\n<meta name=\"twitter:card\" content=\"summary_large_image\" \/>\n<meta name=\"twitter:label1\" content=\"Pris\" \/>\n\t<meta name=\"twitter:data1\" content=\"&euro;2,479\" \/>\n\t<meta name=\"twitter:label2\" content=\"Tilg\u00e6ngelighed\" \/>\n\t<meta name=\"twitter:data2\" content=\"P\u00e5 lager\" \/>\n<meta property=\"product:price:amount\" content=\"2479\" \/>\n<meta property=\"product:price:currency\" content=\"EUR\" \/>\n<meta property=\"og:availability\" content=\"instock\" \/>\n<meta property=\"product:availability\" content=\"instock\" \/>\n<meta property=\"product:retailer_item_id\" content=\"MGSL72\" \/>\n<meta property=\"product:condition\" content=\"new\" \/>\n<!-- \/ Yoast SEO Premium plugin. -->","yoast_head_json":{"title":"MegaSlam 72 Basketball Hoop - OnCourt Online - Mega Slam Hoops","description":"MegaSlam 72 - Den ultimative basketballkurv til hjemmet. H\u00f8jdejusterbar, h\u00f8jdejusterbar dunk-proof basketkurv med 72 tommer bagsk\u00e6rm af h\u00e6rdet glas.","robots":{"index":"index","follow":"follow","max-snippet":"max-snippet:-1","max-image-preview":"max-image-preview:large","max-video-preview":"max-video-preview:-1"},"canonical":"https:\/\/oncourt.online\/da\/basketballkurve\/megaslam-72\/","og_locale":"da_DK","og_type":"article","og_title":"MegaSlam 72","og_description":"MegaSlam 72 - The ultimate home basketball hoop. In-ground, height adjustable dunk-proof hoop with 72 inch tempered glass backboard.","og_url":"https:\/\/oncourt.online\/da\/basketballkurve\/megaslam-72\/","og_site_name":"OnCourt Online","article_publisher":"https:\/\/www.facebook.com\/oncourt.online\/","article_modified_time":"2026-01-17T01:32:33+00:00","og_image":[{"width":1000,"height":1000,"url":"https:\/\/oncourt.online\/wp-content\/uploads\/2021\/10\/MegaSlam-72-Luxury-Basketball-Hoop-OnCourt.png","type":"image\/png"}],"twitter_card":"summary_large_image","twitter_misc":{"Pris":"&euro;2,479","Tilg\u00e6ngelighed":"P\u00e5 lager"},"schema":{"@context":"https:\/\/schema.org","@graph":[{"@type":"WebPage","@id":"https:\/\/oncourt.online\/da\/basketball-hoops\/megaslam-72\/","url":"https:\/\/oncourt.online\/da\/basketball-hoops\/megaslam-72\/","name":"MegaSlam 72 Basketball Hoop - OnCourt Online - Mega Slam Hoops","isPartOf":{"@id":"https:\/\/oncourt.online\/da\/#website"},"primaryImageOfPage":{"@id":"https:\/\/oncourt.online\/da\/basketball-hoops\/megaslam-72\/#primaryimage"},"image":{"@id":"https:\/\/oncourt.online\/da\/basketball-hoops\/megaslam-72\/#primaryimage"},"thumbnailUrl":"https:\/\/oncourt.online\/wp-content\/uploads\/2021\/10\/MegaSlam-72-Luxury-Basketball-Hoop-OnCourt.png","datePublished":"2021-10-20T08:57:11+00:00","dateModified":"2026-01-17T01:32:33+00:00","description":"MegaSlam 72 - Den ultimative basketballkurv til hjemmet. H\u00f8jdejusterbar, h\u00f8jdejusterbar dunk-proof basketkurv med 72 tommer bagsk\u00e6rm af h\u00e6rdet glas.","breadcrumb":{"@id":"https:\/\/oncourt.online\/da\/basketball-hoops\/megaslam-72\/#breadcrumb"},"inLanguage":"da-DK","potentialAction":[{"@type":"ReadAction","target":["https:\/\/oncourt.online\/da\/basketball-hoops\/megaslam-72\/"]}]},{"@type":"ImageObject","inLanguage":"da-DK","@id":"https:\/\/oncourt.online\/da\/basketball-hoops\/megaslam-72\/#primaryimage","url":"https:\/\/oncourt.online\/wp-content\/uploads\/2021\/10\/MegaSlam-72-Luxury-Basketball-Hoop-OnCourt.png","contentUrl":"https:\/\/oncourt.online\/wp-content\/uploads\/2021\/10\/MegaSlam-72-Luxury-Basketball-Hoop-OnCourt.png","width":1000,"height":1000,"caption":"MegaSlam 72 Luxury Basketball Hoop - OnCourt"},{"@type":"BreadcrumbList","@id":"https:\/\/oncourt.online\/da\/basketball-hoops\/megaslam-72\/#breadcrumb","itemListElement":[{"@type":"ListItem","position":1,"name":"Home","item":"https:\/\/oncourt.online\/"},{"@type":"ListItem","position":2,"name":"Basketball Hoops","item":"https:\/\/oncourt.online\/da\/basketball-hoops\/"},{"@type":"ListItem","position":3,"name":"MegaSlam 72"}]},{"@type":"WebSite","@id":"https:\/\/oncourt.online\/da\/#website","url":"https:\/\/oncourt.online\/da\/","name":"OnCourt Online","description":"H\u00f8jtydende basketballbaner","publisher":{"@id":"https:\/\/oncourt.online\/da\/#organization"},"potentialAction":[{"@type":"SearchAction","target":{"@type":"EntryPoint","urlTemplate":"https:\/\/oncourt.online\/da\/?s={search_term_string}"},"query-input":{"@type":"PropertyValueSpecification","valueRequired":true,"valueName":"search_term_string"}}],"inLanguage":"da-DK"},{"@type":"Organization","@id":"https:\/\/oncourt.online\/da\/#organization","name":"OnCourt Online","url":"https:\/\/oncourt.online\/da\/","logo":{"@type":"ImageObject","inLanguage":"da-DK","@id":"https:\/\/oncourt.online\/da\/#\/schema\/logo\/image\/","url":"https:\/\/oncourt.online\/wp-content\/uploads\/2021\/12\/Logo_OnCourt_Black.svg","contentUrl":"https:\/\/oncourt.online\/wp-content\/uploads\/2021\/12\/Logo_OnCourt_Black.svg","width":"1024","height":"1024","caption":"OnCourt Online"},"image":{"@id":"https:\/\/oncourt.online\/da\/#\/schema\/logo\/image\/"},"sameAs":["https:\/\/www.facebook.com\/oncourt.online\/"],"email":"info@oncourt.online"}]},"product_price_amount":"2479","product_price_currency":"EUR","og_availability":"instock","product_availability":"instock","product_retailer_item_id":"MGSL72","product_condition":"new"},"_links":{"self":[{"href":"https:\/\/oncourt.online\/da\/wp-json\/wp\/v2\/product\/136","targetHints":{"allow":["GET"]}}],"collection":[{"href":"https:\/\/oncourt.online\/da\/wp-json\/wp\/v2\/product"}],"about":[{"href":"https:\/\/oncourt.online\/da\/wp-json\/wp\/v2\/types\/product"}],"wp:featuredmedia":[{"embeddable":true,"href":"https:\/\/oncourt.online\/da\/wp-json\/wp\/v2\/media\/137"}],"wp:attachment":[{"href":"https:\/\/oncourt.online\/da\/wp-json\/wp\/v2\/media?parent=136"}],"wp:term":[{"taxonomy":"product_brand","embeddable":true,"href":"https:\/\/oncourt.online\/da\/wp-json\/wp\/v2\/product_brand?post=136"},{"taxonomy":"product_cat","embeddable":true,"href":"https:\/\/oncourt.online\/da\/wp-json\/wp\/v2\/product_cat?post=136"},{"taxonomy":"product_tag","embeddable":true,"href":"https:\/\/oncourt.online\/da\/wp-json\/wp\/v2\/product_tag?post=136"}],"curies":[{"name":"wp","href":"https:\/\/api.w.org\/{rel}","templated":true}]}}