{"id":6797,"date":"2022-05-26T13:42:42","date_gmt":"2022-05-26T13:42:42","guid":{"rendered":"https:\/\/oncourt.online\/?page_id=6797"},"modified":"2026-01-09T02:04:24","modified_gmt":"2026-01-09T02:04:24","slug":"forsendelse-levering","status":"publish","type":"page","link":"https:\/\/oncourt.online\/da\/shipping-delivery\/","title":{"rendered":"Forsendelse og levering"},"content":{"rendered":"<div class=\"gb-container gb-container-f34a8199\">\n<div class=\"gb-container gb-container-235943a7\">\n\n<h2 class=\"gb-headline gb-headline-88ee416e gb-headline-text\">OnCourt Online forsendelsespolitik<\/h2>\n\n\n\n<p class=\"gb-headline gb-headline-0924883b gb-headline-text not_last_text\">Forsendelse og levering hos OnCourt afh\u00e6nger af de valgte produkter. Ved k\u00f8b af et banes\u00e6t sendes kurv og komponenter hurtigst muligt, s\u00e5 de kan indg\u00e5 i opbygningen af underlaget. Banebel\u00e6gninger fremstilles og afsendes efter forberedelse, som i \u00f8jeblikket tager 10\u201312 uger. <\/p>\n\n\n\n<p class=\"gb-text not_last_text\">Leveringens tilg\u00e6ngelighed varierer fra land til land. Vi leverer kun til udvalgte regioner, som vises ved checkout.<\/p>\n\n\n\n<p>Hvis dit land ikke er angivet, og du planl\u00e6gger et basketballbane-projekt, er du velkommen til at kontakte os for at dr\u00f8fte mulighederne. Tilg\u00e6ngelighed vurderes fra sag til sag. <\/p>\n\n\n\n<h3 class=\"gb-headline gb-headline-3e94b795 gb-headline-text\">Modul\u00e6re sportsbel\u00e6gninger leveret klar til Plug &amp; Play-installation<\/h3>\n\n\n\n<p class=\"gb-headline gb-headline-e71567d7 gb-headline-text not_last_text\">Banebel\u00e6gninger leveres i pakker, klar til nem selvinstallation. Hver bane leveres palleteret med nummererede plader og et referencekort (Privatleverancer sker til kantstenen).<\/p>\n\n\n\n<p class=\"translation-block\">Hver modul\u00e6r sportsbane fremstilles p\u00e5 bestilling, <strong>og produktionen tager cirka<\/strong> <strong>10\u201312 uger<\/strong> fra bekr\u00e6ftet modtagelse af ordren. Leveringstider varierer afh\u00e6ngigt af lokation, og n\u00e5r forsendelsen er afsendt, modtager du en opdatering med forventet ankomstdato og tracking (aktiv efter toldklarering i modtagerlandet). Alle afgifter er forudbetalt, og leveringer sker p\u00e5 DDP-basis (Delivered Duty Paid), uden skjulte omkostninger.<\/p>\n\n\n<div class=\"gb-container gb-container-cfce094b\">\n\n<h2 class=\"gb-text\">Afsendelse af produkt<\/h2>\n\n\n\n<p>Medmindre andet er angivet, sendes alle ordrer fra OnCourt via p\u00e5lidelige almindelige transport\u00f8rer. Produkterne sendes helt nye og i god stand, som annonceret. Basketballsystemer leveres via <strong>Levering ved kantsten<\/strong>, hvilket betyder, at din ordre vil blive leveret til kantstenen for enden af din indk\u00f8rsel. Bem\u00e6rk venligst, at denne service <strong>omfatter ikke installation, montering eller fjernelse af emballage<\/strong>.<\/p>\n\n\n\n<h3 class=\"gb-headline gb-headline-bce52be2 gb-headline-text\">\u00c6ndring af adresse efter afsendelse<\/h3>\n\n\n\n<p>Hvis leveringsadressen \u00e6ndres efter at forsendelsen er afhentet af fragttransport\u00f8ren, betragtes det som en genforsendelse, og der vil blive p\u00e5lagt ekstra omkostninger.<\/p>\n\n\n\n<h3 class=\"gb-headline gb-headline-ab76306c gb-headline-text\">Tidsplan for levering<\/h3>\n\n\n\n<p class=\"translation-block\">Leveringer foretages typisk <strong>mandag til fredag mellem 08:00 og 18:00<\/strong>. Tidspunkterne kan variere afh\u00e6ngigt af din placering, chauff\u00f8rens rute og uforudsete faktorer s\u00e5som trafik eller vejrforhold.<\/p>\n\n\n\n<h3 class=\"gb-headline gb-headline-d3e65b23 gb-headline-text\">Leveringsk\u00f8ret\u00f8j og adgang<\/h3>\n\n\n\n<p class=\"gb-text not_last_text translation-block\">Detailordrer leveres med <strong>tunge godsk\u00f8ret\u00f8jer (f.eks. lastbil med s\u00e6ttevogn)<\/strong> og inkluderer typisk <strong>hydraulisk lift<\/strong>. Chauff\u00f8ren er ansvarlig for afl\u00e6sning af produktet og placering ved kantstenen. Hvis der udf\u00f8res yderligere leveringstjenester, kan der p\u00e5l\u00e6gges ekstra omkostninger.<\/p>\n\n\n\n<p class=\"translation-block\">Detailordrer leveres med <strong>tunge godsk\u00f8ret\u00f8jer (f.eks. lastbil med s\u00e6ttevogn)<\/strong> og inkluderer typisk <strong>hydraulisk lift<\/strong>. Chauff\u00f8ren er ansvarlig for afl\u00e6sning af produktet og placering ved kantstenen. Hvis der udf\u00f8res yderligere leveringstjenester, kan der p\u00e5l\u00e6gges ekstra omkostninger.<\/p>\n\n\n\n<h3 class=\"wp-block-heading\" id=\"h-delivery-signature-amp-inspection\">Kvittering og kontrol ved levering<\/h3>\n\n\n\n<p class=\"gb-text not_last_text translation-block\">Der kr\u00e6ves <strong>underskrift<\/strong> ved levering. Emballagen skal inspiceres <strong>f\u00f8r der skrives under<\/strong>. Om n\u00f8dvendigt kan du \u00e5bne kassen for at kontrollere indholdets stand, is\u00e6r <strong>glasbagplader<\/strong>, som er mere s\u00e5rbare under transport.<\/p>\n\n\n\n<p>Hvis nogen del af forsendelsen ser beskadiget ud:<\/p>\n\n\n\n<ul class=\"wp-block-list\">\n<li><strong>Afvis ikke levering.<\/strong><\/li>\n\n\n\n<li>Lav tydelige noter p\u00e5 leveringskvitteringen, der beskriver problemet (f.eks, <em>\u201cBagplade knust ved levering\u201d<\/em>).<\/li>\n\n\n\n<li>Tag en klar <strong>Billeder af skaderne<\/strong>.<\/li>\n\n\n\n<li>Send den underskrevne kvittering og billederne til vores supportteam, s\u00e5 sender vi en <strong>Reservedel<\/strong> med det samme.<\/li>\n<\/ul>\n\n\n\n<p class=\"gb-text not_last_text\">I mellemtiden kan du forts\u00e6tte med de ops\u00e6tningstrin, der ikke p\u00e5virkes (f.eks. s\u00e6tte ankre og lade betonen h\u00e6rde).<\/p>\n\n\n\n<p>En underskrift er p\u00e5kr\u00e6vet for alle leverancer. Modtageren skal underskrive en leveringskvittering, og levering vil ikke finde sted uden den.<\/p>\n\n\n\n<h3 class=\"gb-headline gb-headline-7838bbbd gb-headline-text\">Vigtige bem\u00e6rkninger om levering<\/h3>\n\n\n\n<ul class=\"wp-block-list\">\n<li>Alle varer forlader vores lager <strong>helt ny og ubeskadiget<\/strong>.<\/li>\n\n\n\n<li>Hvis skaden ikke er rapporteret p\u00e5 leveringskvitteringen, skal du <strong>frig\u00f8re transport\u00f8ren fra ansvar<\/strong> og kan m\u00e5ske ikke kr\u00e6ve erstatning.<\/li>\n\n\n\n<li><strong>H\u00e6rdet glas<\/strong> kn\u00e6kker ikke - den splintrer. Hvis dit backboard er i stykker, vil det v\u00e6re i <strong>mange sm\u00e5 stykker<\/strong>, ikke revnet.<\/li>\n<\/ul>\n\n\n\n<p>For at beskytte dig, <strong>Skriv \u201cMed forbehold for inspektion\u201d ved siden af din underskrift.<\/strong> n\u00e5r du kvitterer for levering.<\/p>\n\n\n\n<h3 class=\"gb-headline gb-headline-dd213a82 gb-headline-text\">Adgang til levering<\/h3>\n\n\n\n<p>Hvis der ikke er adgang til dit sted med et stort leveringsk\u00f8ret\u00f8j (f.eks. smalle veje, stejle indk\u00f8rsler, indhegnede omr\u00e5der), kan det v\u00e6re n\u00f8dvendigt:<\/p>\n\n\n\n<ul class=\"wp-block-list\">\n<li>Afhent din bestilling i en lokal terminal, eller<\/li>\n\n\n\n<li>Arranger den endelige levering gennem en tredjeparts kurer.<\/li>\n<\/ul>\n\n\n\n<h3 class=\"gb-headline gb-headline-f4f6c8ad gb-headline-text\">Ordrer, der ikke kan leveres<\/h3>\n\n\n\n<p>Hvis en forsendelse returneres som <strong>Kan ikke leveres<\/strong> eller <strong>N\u00e6gtet<\/strong>, a <strong>20% gebyr for genopfyldning<\/strong> vil g\u00e6lde, og du vil v\u00e6re ansvarlig for eventuelle oprindelige forsendelsesomkostninger.<\/p>\n\n<\/div>\n\n\n<h3 class=\"gb-headline gb-headline-77bdb557 gb-headline-text\">Forsendelse og told (ordrer uden for EU)<\/h3>\n\n\n\n<p class=\"gb-headline gb-headline-f02c1b4c gb-headline-text\">For alle ordrer, der sendes <strong>uden for Den Europ\u00e6iske Union<\/strong>:<\/p>\n\n\n\n<ul class=\"wp-block-list\">\n<li>Priserne, der vises ved kassen, inkluderer ikke lokale skatter, importafgifter eller toldbehandlingsgebyrer.<\/li>\n\n\n\n<li>Du er den registrerede import\u00f8r og er alene ansvarlig for eventuelle s\u00e5danne afgifter ved levering.<\/li>\n\n\n\n<li>OnCourt opkr\u00e6ver eller indbetaler ikke moms\/GST, importafgifter eller toldafgifter for destinationer uden for EU.<\/li>\n\n\n\n<li>Hvis afgifter afvises eller ikke betales, kan dette medf\u00f8re forsinkelser, returnering eller opgivelse af forsendelsen. OnCourt er ikke ansvarlig for eventuelle omkostninger eller tab som f\u00f8lge heraf og refunderer ikke forsendelses- eller produktomkostninger i disse tilf\u00e6lde.<\/li>\n<\/ul>\n\n\n\n<p>Ved at gennemf\u00f8re dit k\u00f8b anerkender og accepterer du disse betingelser.<\/p>\n\n<\/div>\n<\/div>\n\n<div class=\"gb-container gb-container-aedea16a\" id=\"megaslam-shipping\">\n<div class=\"gb-container gb-container-492b5ca3\">\n\n<h2 class=\"gb-headline gb-headline-65d8dcc4 gb-headline-text\">Problemfri levering af din Mega Slam Hoop <\/h2>\n\n\n\n<p class=\"gb-headline gb-headline-880344a0 gb-headline-text\">N\u00e5r du bestiller p\u00e5 oncourt.online, leverer vi din kurv direkte til kantstenen \u2013 direkte fra vores lager, ud af lastbilen og hen til dig, s\u00e5 du hurtigt kan komme i gang med dine skud. Brug vores 5-punkts tjekliste nedenfor for en smidig levering af din <a href=\"https:\/\/oncourt.online\/da\/basketballkurve\/\"><em><strong>Mega Slam Hoop<\/strong><\/em><\/a>. <\/p>\n\n\n\n<figure class=\"wp-block-image size-full is-resized\"><img loading=\"lazy\" decoding=\"async\" width=\"600\" height=\"600\" src=\"https:\/\/oncourt.online\/wp-content\/uploads\/2021\/10\/Mega-Slam-Hoop-s-Order-Confirmation.png\" alt=\"Mega Slam Hoops - Ordrebekr\u00e6ftelse\" class=\"wp-image-422\" style=\"width:150px;height:auto\" srcset=\"https:\/\/oncourt.online\/wp-content\/uploads\/2021\/10\/Mega-Slam-Hoop-s-Order-Confirmation.png 600w, https:\/\/oncourt.online\/wp-content\/uploads\/2021\/10\/Mega-Slam-Hoop-s-Order-Confirmation-100x100.png 100w, https:\/\/oncourt.online\/wp-content\/uploads\/2021\/10\/Mega-Slam-Hoop-s-Order-Confirmation-545x545.png 545w\" sizes=\"auto, (max-width: 600px) 100vw, 600px\" \/><\/figure>\n\n\n\n<h4 class=\"gb-headline gb-headline-8536b972 gb-headline-text\">1. Bekr\u00e6ft din bestilling<\/h4>\n\n\n\n<p class=\"gb-headline gb-headline-9f1a5517 gb-headline-text\">Tillykke med din nye kurv! Hold \u00f8je med en e-mail med dine ordredetaljer. <\/p>\n\n\n\n<figure class=\"wp-block-image size-full is-resized\"><img loading=\"lazy\" decoding=\"async\" width=\"600\" height=\"600\" src=\"https:\/\/oncourt.online\/wp-content\/uploads\/2021\/10\/Mega-Slam-Hoops-Arrange-Delivery.png\" alt=\"Mega Slam Hoops - arrangere levering\" class=\"wp-image-419\" style=\"width:150px;height:150px\" srcset=\"https:\/\/oncourt.online\/wp-content\/uploads\/2021\/10\/Mega-Slam-Hoops-Arrange-Delivery.png 600w, https:\/\/oncourt.online\/wp-content\/uploads\/2021\/10\/Mega-Slam-Hoops-Arrange-Delivery-100x100.png 100w, https:\/\/oncourt.online\/wp-content\/uploads\/2021\/10\/Mega-Slam-Hoops-Arrange-Delivery-545x545.png 545w\" sizes=\"auto, (max-width: 600px) 100vw, 600px\" \/><\/figure>\n\n\n\n<h4 class=\"gb-headline gb-headline-9bfe8bb5 gb-headline-text\">2. Afsendelse og levering <\/h4>\n\n\n\n<p class=\"gb-headline gb-headline-290fa9d6 gb-headline-text\">Du vil modtage en bekr\u00e6ftelse p\u00e5, at din ordre er sendt, inklusive forventet leveringstid. <\/p>\n\n\n\n<figure class=\"wp-block-image size-full is-resized\"><img loading=\"lazy\" decoding=\"async\" width=\"600\" height=\"600\" src=\"https:\/\/oncourt.online\/wp-content\/uploads\/2021\/10\/Mega-Slam-Hoops-Curbside-Delivery.png\" alt=\"Mega Slam Hoops - levering ved d\u00f8ren\" class=\"wp-image-420\" style=\"width:150px;height:150px\" srcset=\"https:\/\/oncourt.online\/wp-content\/uploads\/2021\/10\/Mega-Slam-Hoops-Curbside-Delivery.png 600w, https:\/\/oncourt.online\/wp-content\/uploads\/2021\/10\/Mega-Slam-Hoops-Curbside-Delivery-100x100.png 100w, https:\/\/oncourt.online\/wp-content\/uploads\/2021\/10\/Mega-Slam-Hoops-Curbside-Delivery-545x545.png 545w\" sizes=\"auto, (max-width: 600px) 100vw, 600px\" \/><\/figure>\n\n\n\n<h4 class=\"gb-headline gb-headline-111f7f0a gb-headline-text\">3. G\u00f8r plads til din kurv<\/h4>\n\n\n\n<p class=\"gb-headline gb-headline-cdd4e7d1 gb-headline-text\">Mega Slam basketballsystemer er store (op til 340 kg), og leveringspallen fylder en del ved levering (Privatleverancer sker til kantstenen).<\/p>\n\n\n\n<figure class=\"wp-block-image size-full is-resized\"><img loading=\"lazy\" decoding=\"async\" width=\"600\" height=\"600\" src=\"https:\/\/oncourt.online\/wp-content\/uploads\/2021\/10\/Mega-Slam-Shipping-Boxes.png\" alt=\"Mega Slam forsendelseskasser\" class=\"wp-image-421\" style=\"width:150px;height:150px\" srcset=\"https:\/\/oncourt.online\/wp-content\/uploads\/2021\/10\/Mega-Slam-Shipping-Boxes.png 600w, https:\/\/oncourt.online\/wp-content\/uploads\/2021\/10\/Mega-Slam-Shipping-Boxes-100x100.png 100w, https:\/\/oncourt.online\/wp-content\/uploads\/2021\/10\/Mega-Slam-Shipping-Boxes-545x545.png 545w\" sizes=\"auto, (max-width: 600px) 100vw, 600px\" \/><\/figure>\n\n\n\n<h4 class=\"gb-headline gb-headline-c4d17918 gb-headline-text\">4. Inspic\u00e9r din kurvlevering<\/h4>\n\n\n\n<p class=\"gb-headline gb-headline-b333a103 gb-headline-text\">Baseret p\u00e5 st\u00f8rrelsen af din ordre, skal du sikre dig, at det korrekte antal kasser er fastgjort til hver palle (hvert system leveres p\u00e5 \u00e9n palle med tydeligt nummererede kasser). Det er helt i orden, hvis nogle kasser er bulede eller revnede. Vores systemer er robuste og t\u00e5ler mindre skader. <\/p>\n\n\n\n<figure class=\"wp-block-image size-full is-resized\"><img loading=\"lazy\" decoding=\"async\" width=\"600\" height=\"600\" src=\"https:\/\/oncourt.online\/wp-content\/uploads\/2021\/10\/Mega-Slam-Hoops-Signed-Delivery.png\" alt=\"Mega Slam Hoops - Signeret levering\" class=\"wp-image-417\" style=\"width:150px;height:150px\" srcset=\"https:\/\/oncourt.online\/wp-content\/uploads\/2021\/10\/Mega-Slam-Hoops-Signed-Delivery.png 600w, https:\/\/oncourt.online\/wp-content\/uploads\/2021\/10\/Mega-Slam-Hoops-Signed-Delivery-100x100.png 100w, https:\/\/oncourt.online\/wp-content\/uploads\/2021\/10\/Mega-Slam-Hoops-Signed-Delivery-545x545.png 545w\" sizes=\"auto, (max-width: 600px) 100vw, 600px\" \/><\/figure>\n\n\n\n<h4 class=\"gb-headline gb-headline-f3ff4626 gb-headline-text\">5. Underskriv for at frigive din levering<\/h4>\n\n\n\n<p class=\"gb-headline gb-headline-0e5ad3a7 gb-headline-text\">Din venlige leveringsperson vil nu bede dig om en underskrift for at frigive dit basketballsystem. Hvis der er synlige skader p\u00e5 kasserne (eller systemet), bedes du notere skaden p\u00e5 f\u00f8lgesedlen og tage billeder, inden du skriver under.<br>Hvis nogle varer er beskadiget, s\u00e5 accepter leveringen og kontakt os straks. Vedh\u00e6ft billeder i e-mailen, s\u00e5 sender vi hurtigt erstatningsdele. <\/p>\n\n\n\n<figure class=\"wp-block-image size-full is-resized\"><img loading=\"lazy\" decoding=\"async\" width=\"750\" height=\"750\" src=\"https:\/\/oncourt.online\/wp-content\/uploads\/2021\/10\/MegaDlam-Installation-Dig-and-Pour.png\" alt=\"\" class=\"wp-image-319\" style=\"width:188px;height:188px\" srcset=\"https:\/\/oncourt.online\/wp-content\/uploads\/2021\/10\/MegaDlam-Installation-Dig-and-Pour.png 750w, https:\/\/oncourt.online\/wp-content\/uploads\/2021\/10\/MegaDlam-Installation-Dig-and-Pour-100x100.png 100w, https:\/\/oncourt.online\/wp-content\/uploads\/2021\/10\/MegaDlam-Installation-Dig-and-Pour-545x545.png 545w\" sizes=\"auto, (max-width: 750px) 100vw, 750px\" \/><\/figure>\n\n\n\n<h3 class=\"gb-headline gb-headline-a22b1bbf gb-headline-text\">Installation<\/h3>\n\n\n\n<p class=\"gb-headline gb-headline-507bcc99 gb-headline-text\">N\u00e5r din kurv er leveret, er det tid til at<a href=\"https:\/\/oncourt.online\/da\/guider\/installation\/guide-til-installation-af-basketballkurv\/\"> <em><strong>installere din Mega Slam Hoop<\/strong><\/em><\/a>.<\/p>\n\n<\/div>\n<\/div>","protected":false},"excerpt":{"rendered":"<p> \u2026 <a title=\"Forsendelse og levering\" class=\"read-more\" href=\"https:\/\/oncourt.online\/da\/shipping-delivery\/\" aria-label=\"Read more about Shipping And Delivery\">L\u00e6s mere<\/a><\/p>","protected":false},"author":2,"featured_media":6877,"parent":0,"menu_order":24,"comment_status":"closed","ping_status":"closed","template":"","meta":{"_acf_changed":false,"inline_featured_image":false,"footnotes":""},"class_list":{"0":"post-6797","1":"page","2":"type-page","3":"status-publish","4":"has-post-thumbnail","6":"infinite-scroll-item","7":"no-featured-image-padding","8":"resize-featured-image"},"acf":[],"yoast_head":"<!-- This site is optimized with the Yoast SEO Premium plugin v26.8 (Yoast SEO v27.3) - https:\/\/yoast.com\/product\/yoast-seo-premium-wordpress\/ -->\n<title>Shipping &amp; Delivery Information | OnCourt<\/title>\n<meta name=\"description\" content=\"Shipping and delivery information, including delivery methods, access planning, handling advice, and important notes for OnCourt orders.\" \/>\n<meta name=\"robots\" content=\"index, follow, max-snippet:-1, max-image-preview:large, max-video-preview:-1\" \/>\n<link rel=\"canonical\" href=\"https:\/\/oncourt.online\/da\/forsendelse-levering\/\" \/>\n<meta property=\"og:locale\" content=\"da_DK\" \/>\n<meta property=\"og:type\" content=\"article\" \/>\n<meta property=\"og:title\" content=\"Shipping And Delivery\" \/>\n<meta property=\"og:description\" content=\"Shipping and delivery information, including delivery methods, access planning, handling advice, and important notes for OnCourt orders.\" \/>\n<meta property=\"og:url\" content=\"https:\/\/oncourt.online\/da\/forsendelse-levering\/\" \/>\n<meta property=\"og:site_name\" content=\"OnCourt Online\" \/>\n<meta property=\"article:publisher\" content=\"https:\/\/www.facebook.com\/oncourt.online\/\" \/>\n<meta property=\"article:modified_time\" content=\"2026-01-09T02:04:24+00:00\" \/>\n<meta property=\"og:image\" content=\"https:\/\/oncourt.online\/wp-content\/uploads\/2022\/05\/OnCourt-Shipping-and-Delivery-Header.jpg\" \/>\n\t<meta property=\"og:image:width\" content=\"1440\" \/>\n\t<meta property=\"og:image:height\" content=\"498\" \/>\n\t<meta property=\"og:image:type\" content=\"image\/jpeg\" \/>\n<meta name=\"twitter:card\" content=\"summary_large_image\" \/>\n<meta name=\"twitter:label1\" content=\"Estimeret l\u00e6setid\" \/>\n\t<meta name=\"twitter:data1\" content=\"6 minutter\" \/>\n<!-- \/ Yoast SEO Premium plugin. -->","yoast_head_json":{"title":"Forsendelses- og Leveringsinformation | OnCourt","description":"Information om forsendelse og levering, herunder leveringsmetoder, adgangsplanl\u00e6gning, h\u00e5ndteringsr\u00e5d og vigtige bem\u00e6rkninger for OnCourt-ordrer.","robots":{"index":"index","follow":"follow","max-snippet":"max-snippet:-1","max-image-preview":"max-image-preview:large","max-video-preview":"max-video-preview:-1"},"canonical":"https:\/\/oncourt.online\/da\/forsendelse-levering\/","og_locale":"da_DK","og_type":"article","og_title":"Shipping And Delivery","og_description":"Shipping and delivery information, including delivery methods, access planning, handling advice, and important notes for OnCourt orders.","og_url":"https:\/\/oncourt.online\/da\/forsendelse-levering\/","og_site_name":"OnCourt Online","article_publisher":"https:\/\/www.facebook.com\/oncourt.online\/","article_modified_time":"2026-01-09T02:04:24+00:00","og_image":[{"width":1440,"height":498,"url":"https:\/\/oncourt.online\/wp-content\/uploads\/2022\/05\/OnCourt-Shipping-and-Delivery-Header.jpg","type":"image\/jpeg"}],"twitter_card":"summary_large_image","twitter_misc":{"Estimeret l\u00e6setid":"6 minutter"},"schema":{"@context":"https:\/\/schema.org","@graph":[{"@type":"WebPage","@id":"https:\/\/oncourt.online\/da\/shipping-delivery\/","url":"https:\/\/oncourt.online\/da\/shipping-delivery\/","name":"Forsendelses- og Leveringsinformation | OnCourt","isPartOf":{"@id":"https:\/\/oncourt.online\/da\/#website"},"primaryImageOfPage":{"@id":"https:\/\/oncourt.online\/da\/shipping-delivery\/#primaryimage"},"image":{"@id":"https:\/\/oncourt.online\/da\/shipping-delivery\/#primaryimage"},"thumbnailUrl":"https:\/\/oncourt.online\/wp-content\/uploads\/2022\/05\/OnCourt-Shipping-and-Delivery-Header.jpg","datePublished":"2022-05-26T13:42:42+00:00","dateModified":"2026-01-09T02:04:24+00:00","description":"Information om forsendelse og levering, herunder leveringsmetoder, adgangsplanl\u00e6gning, h\u00e5ndteringsr\u00e5d og vigtige bem\u00e6rkninger for OnCourt-ordrer.","breadcrumb":{"@id":"https:\/\/oncourt.online\/da\/shipping-delivery\/#breadcrumb"},"inLanguage":"da-DK","potentialAction":[{"@type":"ReadAction","target":["https:\/\/oncourt.online\/da\/shipping-delivery\/"]}]},{"@type":"ImageObject","inLanguage":"da-DK","@id":"https:\/\/oncourt.online\/da\/shipping-delivery\/#primaryimage","url":"https:\/\/oncourt.online\/wp-content\/uploads\/2022\/05\/OnCourt-Shipping-and-Delivery-Header.jpg","contentUrl":"https:\/\/oncourt.online\/wp-content\/uploads\/2022\/05\/OnCourt-Shipping-and-Delivery-Header.jpg","width":1440,"height":498,"caption":"Shipping & Delivery | OnCourt"},{"@type":"BreadcrumbList","@id":"https:\/\/oncourt.online\/da\/shipping-delivery\/#breadcrumb","itemListElement":[{"@type":"ListItem","position":1,"name":"Home","item":"https:\/\/oncourt.online\/"},{"@type":"ListItem","position":2,"name":"Shipping And Delivery"}]},{"@type":"WebSite","@id":"https:\/\/oncourt.online\/da\/#website","url":"https:\/\/oncourt.online\/da\/","name":"OnCourt Online","description":"H\u00f8jtydende basketballbaner","publisher":{"@id":"https:\/\/oncourt.online\/da\/#organization"},"potentialAction":[{"@type":"SearchAction","target":{"@type":"EntryPoint","urlTemplate":"https:\/\/oncourt.online\/da\/?s={search_term_string}"},"query-input":{"@type":"PropertyValueSpecification","valueRequired":true,"valueName":"search_term_string"}}],"inLanguage":"da-DK"},{"@type":"Organization","@id":"https:\/\/oncourt.online\/da\/#organization","name":"OnCourt Online","url":"https:\/\/oncourt.online\/da\/","logo":{"@type":"ImageObject","inLanguage":"da-DK","@id":"https:\/\/oncourt.online\/da\/#\/schema\/logo\/image\/","url":"https:\/\/oncourt.online\/wp-content\/uploads\/2021\/12\/Logo_OnCourt_Black.svg","contentUrl":"https:\/\/oncourt.online\/wp-content\/uploads\/2021\/12\/Logo_OnCourt_Black.svg","width":"1024","height":"1024","caption":"OnCourt Online"},"image":{"@id":"https:\/\/oncourt.online\/da\/#\/schema\/logo\/image\/"},"sameAs":["https:\/\/www.facebook.com\/oncourt.online\/"],"email":"info@oncourt.online"}]}},"_links":{"self":[{"href":"https:\/\/oncourt.online\/da\/wp-json\/wp\/v2\/pages\/6797","targetHints":{"allow":["GET"]}}],"collection":[{"href":"https:\/\/oncourt.online\/da\/wp-json\/wp\/v2\/pages"}],"about":[{"href":"https:\/\/oncourt.online\/da\/wp-json\/wp\/v2\/types\/page"}],"author":[{"embeddable":true,"href":"https:\/\/oncourt.online\/da\/wp-json\/wp\/v2\/users\/2"}],"replies":[{"embeddable":true,"href":"https:\/\/oncourt.online\/da\/wp-json\/wp\/v2\/comments?post=6797"}],"version-history":[{"count":0,"href":"https:\/\/oncourt.online\/da\/wp-json\/wp\/v2\/pages\/6797\/revisions"}],"wp:featuredmedia":[{"embeddable":true,"href":"https:\/\/oncourt.online\/da\/wp-json\/wp\/v2\/media\/6877"}],"wp:attachment":[{"href":"https:\/\/oncourt.online\/da\/wp-json\/wp\/v2\/media?parent=6797"}],"curies":[{"name":"wp","href":"https:\/\/api.w.org\/{rel}","templated":true}]}}