{"id":3706,"date":"2022-03-08T09:13:55","date_gmt":"2022-03-08T09:13:55","guid":{"rendered":"https:\/\/oncourt.online\/?page_id=3706"},"modified":"2026-01-13T08:00:41","modified_gmt":"2026-01-13T08:00:41","slug":"join-oncourt","status":"publish","type":"page","link":"https:\/\/oncourt.online\/da\/join-oncourt\/","title":{"rendered":"Arbejd med OnCourt"},"content":{"rendered":"<div class=\"gb-container gb-container-c9c919f1\"><div class=\"gb-inside-container\">\n<div class=\"gb-container gb-container-cefabf47\"><div class=\"gb-inside-container\">\n\n<h2 class=\"gb-headline gb-headline-d23b44e5 gb-headline-text\">Samarbejd med en specialist i basketballbaner<\/h2>\n\n\n\n<p class=\"gb-headline gb-headline-b071501e gb-headline-text\">OnCourt samarbejder med professionelle over hele Europa, der designer, opf\u00f8rer og specificerer udend\u00f8rs sportsomr\u00e5der. Vores partnerprogram er udviklet til virksomheder, der \u00f8nsker at tilbyde deres kunder h\u00f8jtydende basketballbaner, underst\u00f8ttet af specialiserede produkter, pr\u00e6cise planl\u00e6gningsv\u00e6rkt\u00f8jer og ekspertbistand.<\/p>\n\n\n\n<p class=\"gb-text gb-text-6b40232a\">Vi fungerer ikke som en generel sportleverand\u00f8r. Basketball er vores fokus, og vi samarbejder med partnere, der v\u00e6rds\u00e6tter kvalitet og korrekt udf\u00f8relse.<\/p>\n\n\n\n<h3 class=\"gb-text gb-text-a0baa6e3\">Hvem vi samarbejder med<\/h3>\n\n\n\n<p>Vi samarbejder med virksomheder inden for udend\u00f8rs byggeri, design og bel\u00e6gning, herunder:<\/p>\n\n\n\n<ul class=\"wp-block-list\">\n<li>Almindelige bygherrer og entrepren\u00f8rer<\/li>\n\n\n\n<li>Landskabs- og havedesignere<\/li>\n\n\n\n<li>Entrepren\u00f8rer inden for jord- og anl\u00e6gsarbejde<\/li>\n\n\n\n<li>Byggere af sportsbaner og specialister i renovering af bel\u00e6gninger<\/li>\n\n\n\n<li>Arkitekter og specifikationsansvarlige<\/li>\n\n\n\n<li>Designfokuserede specialister i udend\u00f8rsarealer<\/li>\n<\/ul>\n\n\n\n<p class=\"gb-text gb-text-b726bb2a\">Hvis dit arbejde omfatter planl\u00e6gning eller opf\u00f8relse af udend\u00f8rsarealer, og du \u00f8nsker at tilf\u00f8je basketballbaner til dit tilbud, vil vi gerne h\u00f8re fra dig.<\/p>\n\n\n\n<div class=\"gb-element-bbf74639\">\n<div>\n<img loading=\"lazy\" decoding=\"async\" width=\"660\" height=\"400\" class=\"img_12px_radius gb-media-76f4f695\" alt=\"\" title=\"OnCourt Modular Basketball Court Surface Installation\" src=\"https:\/\/oncourt.online\/wp-content\/uploads\/2022\/05\/OnCourt-Modular-Basketball-Court-Surface-Installation.jpg\" srcset=\"https:\/\/oncourt.online\/wp-content\/uploads\/2022\/05\/OnCourt-Modular-Basketball-Court-Surface-Installation.jpg 660w, https:\/\/oncourt.online\/wp-content\/uploads\/2022\/05\/OnCourt-Modular-Basketball-Court-Surface-Installation-300x182.jpg 300w, https:\/\/oncourt.online\/wp-content\/uploads\/2022\/05\/OnCourt-Modular-Basketball-Court-Surface-Installation-18x12.jpg 18w, https:\/\/oncourt.online\/wp-content\/uploads\/2022\/05\/OnCourt-Modular-Basketball-Court-Surface-Installation-545x330.jpg 545w\" sizes=\"auto, (max-width: 660px) 100vw, 660px\" \/>\n<\/div>\n\n\n\n<div>\n<h2 class=\"gb-text\">Hvad OnCourt-partnere kan forvente<\/h2>\n\n\n\n<p class=\"gb-text last_text\">Adgang til professionelle v\u00e6rkt\u00f8jer til banedesign, fordelagtige priser og specialiseret support, der hj\u00e6lper dig med trygt at planl\u00e6gge, specificere og levere basketballbaner med h\u00f8j ydeevne.<\/p>\n<\/div>\n<\/div>\n\n\n\n<h4 class=\"gb-text\">Professionelle designv\u00e6rkt\u00f8jer<\/h4>\n\n\n\n<p class=\"gb-text\">Brug OnCourts 3D-designplatform til basketballbaner til at planl\u00e6gge layout, udforske farveskemaer, specificere bel\u00e6gninger og kurve samt generere pr\u00e6cise visualiseringer og priser til kundeopl\u00e6g.<\/p>\n\n\n\n<h4 class=\"gb-text\">Fordelagtige partnerpriser<\/h4>\n\n\n\n<p class=\"gb-text\">Autoriserede partnere f\u00e5r adgang til partnerpriser p\u00e5 modul\u00e6re basketballgulve og Mega Slam-kurve, s\u00e5 du kan levere premiuml\u00f8sninger og samtidig opretholde sunde avancer.<\/p>\n\n\n\n<h4 class=\"gb-text\">Specialistisk teknisk support<\/h4>\n\n\n\n<p class=\"gb-text\">F\u00e5 direkte adgang til vejledning om layout, valg af overflader, installationskrav og produktkombinationer, s\u00e5 du mindsker usikkerheden og undg\u00e5r dyre fejl p\u00e5 stedet.<\/p>\n\n\n\n<h4 class=\"gb-text\">Klare specifikationer og ressourcer<\/h4>\n\n\n\n<p class=\"gb-text gb-text-46b97fff\">Brug vores vejledninger og planl\u00e6gningsressourcer til at undg\u00e5 g\u00e6tterier, reducere fejl og pr\u00e6sentere kunderne for klare, sikre tilbud.<\/p>\n\n\n\n<div class=\"gb-element-d984cac5\">\n<div>\n<img loading=\"lazy\" decoding=\"async\" width=\"1200\" height=\"960\" class=\"img_12px_radius gb-media-1c57b1fb\" alt=\"\" title=\"Design af mellemstor basketballbane til privat brug\" src=\"https:\/\/oncourt.online\/wp-content\/uploads\/2025\/12\/Medium-Sized-Residential-Basketball-Court-Design.webp\"\/>\n<\/div>\n\n\n\n<div>\n<h3 class=\"gb-text\">Designet til virkelige projekter<\/h3>\n\n\n\n<p>OnCourt-partnerprogrammet er velegnet til fagfolk, der leverer:<\/p>\n\n\n\n<ul class=\"wp-block-list\">\n<li>Boligdomstole<\/li>\n\n\n\n<li>Klub- og tr\u00e6ningsfaciliteter<\/li>\n\n\n\n<li>Skoler og uddannelsesinstitutioner<\/li>\n\n\n\n<li>Kommercielle eller multifunktionelle udend\u00f8rs baner<\/li>\n<\/ul>\n\n\n\n<p class=\"gb-text last_text\">Vi st\u00f8tter partnere, der s\u00e6tter en \u00e6re i kvalitetsudf\u00f8relse og langsigtet performance.<\/p>\n<\/div>\n<\/div>\n\n\n\n<div class=\"gb-element-f79012eb\">\n<h3 class=\"gb-text gb-text-5da21831\">Ans\u00f8g om at blive OnCourt-partner<\/h3>\n\n\n\n<p class=\"gb-text not_last_text\">Hvis du er interesseret i at samarbejde med OnCourt, skal du udfylde kontaktformularen nedenfor. <\/p>\n\n\n\n<p class=\"gb-text gb-text-209ee9ae\">Vi gennemg\u00e5r alle ans\u00f8gninger og kontakter dig for at dr\u00f8fte, om programmet passer til din virksomhed.<\/p>\n<\/div>\n\n\n<div class=\"gb-container gb-container-8ddfb2cf\">\n\n\n<div class=\"gb-container gb-container-51a46d57\">\n\n<div class=\"pipedriveWebForms\" data-pd-webforms=\"https:\/\/webforms.pipedrive.com\/f\/6WdPYeIodWpjw4yIXbAWwWdrPuKdvaEcVozX1Kdy1uEl1ivOk9Q3YdoNlGP7wFLZlh\"><script src=\"https:\/\/webforms.pipedrive.com\/f\/loader\"><\/script><\/div>\n\n<\/div>\n\n\n\n\n\n\n\n\n\n\n\n\n\n\n\n\n\n\n\n\n\n\n\n\n<\/div>\n<\/div><\/div>\n<\/div><\/div>","protected":false},"excerpt":{"rendered":"<p> \u2026 <a title=\"Arbejd med OnCourt\" class=\"read-more\" href=\"https:\/\/oncourt.online\/da\/join-oncourt\/\" aria-label=\"Read more about Work With OnCourt\">L\u00e6s mere<\/a><\/p>","protected":false},"author":2,"featured_media":7048,"parent":0,"menu_order":13,"comment_status":"closed","ping_status":"closed","template":"","meta":{"_acf_changed":false,"inline_featured_image":false,"footnotes":""},"class_list":{"0":"post-3706","1":"page","2":"type-page","3":"status-publish","4":"has-post-thumbnail","6":"infinite-scroll-item","7":"no-featured-image-padding","8":"resize-featured-image"},"acf":[],"yoast_head":"<!-- This site is optimized with the Yoast SEO Premium plugin v26.8 (Yoast SEO v27.3) - https:\/\/yoast.com\/product\/yoast-seo-premium-wordpress\/ -->\n<title>OnCourt Partners | Trade Pricing &amp; Basketball Court Design Tools<\/title>\n<meta name=\"description\" content=\"Partner with OnCourt. Work with a specialist basketball court supplier. Design tools, trade pricing, and support for residential &amp; commercial projects.\" \/>\n<meta name=\"robots\" content=\"index, follow, max-snippet:-1, max-image-preview:large, max-video-preview:-1\" \/>\n<link rel=\"canonical\" href=\"https:\/\/oncourt.online\/da\/join-oncourt\/\" \/>\n<meta property=\"og:locale\" content=\"da_DK\" \/>\n<meta property=\"og:type\" content=\"article\" \/>\n<meta property=\"og:title\" content=\"Work With OnCourt\" \/>\n<meta property=\"og:description\" content=\"Partner with OnCourt. Work with a specialist basketball court supplier. Design tools, trade pricing, and support for residential &amp; commercial projects.\" \/>\n<meta property=\"og:url\" content=\"https:\/\/oncourt.online\/da\/join-oncourt\/\" \/>\n<meta property=\"og:site_name\" content=\"OnCourt Online\" \/>\n<meta property=\"article:publisher\" content=\"https:\/\/www.facebook.com\/oncourt.online\/\" \/>\n<meta property=\"article:modified_time\" content=\"2026-01-13T08:00:41+00:00\" \/>\n<meta property=\"og:image\" content=\"https:\/\/oncourt.online\/wp-content\/uploads\/2022\/05\/OnCourt-Modular-Basketball-Court-Surface-Installation.jpg\" \/>\n\t<meta property=\"og:image:width\" content=\"660\" \/>\n\t<meta property=\"og:image:height\" content=\"400\" \/>\n\t<meta property=\"og:image:type\" content=\"image\/jpeg\" \/>\n<meta name=\"twitter:card\" content=\"summary_large_image\" \/>\n<meta name=\"twitter:label1\" content=\"Estimeret l\u00e6setid\" \/>\n\t<meta name=\"twitter:data1\" content=\"3 minutter\" \/>\n<!-- \/ Yoast SEO Premium plugin. -->","yoast_head_json":{"title":"OnCourt Partnere | Engrospriser og Designv\u00e6rkt\u00f8jer til Basketballbaner","description":"Bliv partner med OnCourt. Samarbejd med en specialist i basketballbaner. Designv\u00e6rkt\u00f8jer, engrospriser og support til bolig- og erhvervsprojekter.","robots":{"index":"index","follow":"follow","max-snippet":"max-snippet:-1","max-image-preview":"max-image-preview:large","max-video-preview":"max-video-preview:-1"},"canonical":"https:\/\/oncourt.online\/da\/join-oncourt\/","og_locale":"da_DK","og_type":"article","og_title":"Work With OnCourt","og_description":"Partner with OnCourt. Work with a specialist basketball court supplier. Design tools, trade pricing, and support for residential & commercial projects.","og_url":"https:\/\/oncourt.online\/da\/join-oncourt\/","og_site_name":"OnCourt Online","article_publisher":"https:\/\/www.facebook.com\/oncourt.online\/","article_modified_time":"2026-01-13T08:00:41+00:00","og_image":[{"width":660,"height":400,"url":"https:\/\/oncourt.online\/wp-content\/uploads\/2022\/05\/OnCourt-Modular-Basketball-Court-Surface-Installation.jpg","type":"image\/jpeg"}],"twitter_card":"summary_large_image","twitter_misc":{"Estimeret l\u00e6setid":"3 minutter"},"schema":{"@context":"https:\/\/schema.org","@graph":[{"@type":"WebPage","@id":"https:\/\/oncourt.online\/da\/join-oncourt\/","url":"https:\/\/oncourt.online\/da\/join-oncourt\/","name":"OnCourt Partnere | Engrospriser og Designv\u00e6rkt\u00f8jer til Basketballbaner","isPartOf":{"@id":"https:\/\/oncourt.online\/da\/#website"},"primaryImageOfPage":{"@id":"https:\/\/oncourt.online\/da\/join-oncourt\/#primaryimage"},"image":{"@id":"https:\/\/oncourt.online\/da\/join-oncourt\/#primaryimage"},"thumbnailUrl":"https:\/\/oncourt.online\/wp-content\/uploads\/2022\/05\/OnCourt-Modular-Basketball-Court-Surface-Installation.jpg","datePublished":"2022-03-08T09:13:55+00:00","dateModified":"2026-01-13T08:00:41+00:00","description":"Bliv partner med OnCourt. Samarbejd med en specialist i basketballbaner. Designv\u00e6rkt\u00f8jer, engrospriser og support til bolig- og erhvervsprojekter.","breadcrumb":{"@id":"https:\/\/oncourt.online\/da\/join-oncourt\/#breadcrumb"},"inLanguage":"da-DK","potentialAction":[{"@type":"ReadAction","target":["https:\/\/oncourt.online\/da\/join-oncourt\/"]}]},{"@type":"ImageObject","inLanguage":"da-DK","@id":"https:\/\/oncourt.online\/da\/join-oncourt\/#primaryimage","url":"https:\/\/oncourt.online\/wp-content\/uploads\/2022\/05\/OnCourt-Modular-Basketball-Court-Surface-Installation.jpg","contentUrl":"https:\/\/oncourt.online\/wp-content\/uploads\/2022\/05\/OnCourt-Modular-Basketball-Court-Surface-Installation.jpg","width":660,"height":400},{"@type":"BreadcrumbList","@id":"https:\/\/oncourt.online\/da\/join-oncourt\/#breadcrumb","itemListElement":[{"@type":"ListItem","position":1,"name":"Home","item":"https:\/\/oncourt.online\/"},{"@type":"ListItem","position":2,"name":"Work With OnCourt"}]},{"@type":"WebSite","@id":"https:\/\/oncourt.online\/da\/#website","url":"https:\/\/oncourt.online\/da\/","name":"OnCourt Online","description":"H\u00f8jtydende basketballbaner","publisher":{"@id":"https:\/\/oncourt.online\/da\/#organization"},"potentialAction":[{"@type":"SearchAction","target":{"@type":"EntryPoint","urlTemplate":"https:\/\/oncourt.online\/da\/?s={search_term_string}"},"query-input":{"@type":"PropertyValueSpecification","valueRequired":true,"valueName":"search_term_string"}}],"inLanguage":"da-DK"},{"@type":"Organization","@id":"https:\/\/oncourt.online\/da\/#organization","name":"OnCourt Online","url":"https:\/\/oncourt.online\/da\/","logo":{"@type":"ImageObject","inLanguage":"da-DK","@id":"https:\/\/oncourt.online\/da\/#\/schema\/logo\/image\/","url":"https:\/\/oncourt.online\/wp-content\/uploads\/2021\/12\/Logo_OnCourt_Black.svg","contentUrl":"https:\/\/oncourt.online\/wp-content\/uploads\/2021\/12\/Logo_OnCourt_Black.svg","width":"1024","height":"1024","caption":"OnCourt Online"},"image":{"@id":"https:\/\/oncourt.online\/da\/#\/schema\/logo\/image\/"},"sameAs":["https:\/\/www.facebook.com\/oncourt.online\/"],"email":"info@oncourt.online"}]}},"_links":{"self":[{"href":"https:\/\/oncourt.online\/da\/wp-json\/wp\/v2\/pages\/3706","targetHints":{"allow":["GET"]}}],"collection":[{"href":"https:\/\/oncourt.online\/da\/wp-json\/wp\/v2\/pages"}],"about":[{"href":"https:\/\/oncourt.online\/da\/wp-json\/wp\/v2\/types\/page"}],"author":[{"embeddable":true,"href":"https:\/\/oncourt.online\/da\/wp-json\/wp\/v2\/users\/2"}],"replies":[{"embeddable":true,"href":"https:\/\/oncourt.online\/da\/wp-json\/wp\/v2\/comments?post=3706"}],"version-history":[{"count":1,"href":"https:\/\/oncourt.online\/da\/wp-json\/wp\/v2\/pages\/3706\/revisions"}],"predecessor-version":[{"id":17261,"href":"https:\/\/oncourt.online\/da\/wp-json\/wp\/v2\/pages\/3706\/revisions\/17261"}],"wp:featuredmedia":[{"embeddable":true,"href":"https:\/\/oncourt.online\/da\/wp-json\/wp\/v2\/media\/7048"}],"wp:attachment":[{"href":"https:\/\/oncourt.online\/da\/wp-json\/wp\/v2\/media?parent=3706"}],"curies":[{"name":"wp","href":"https:\/\/api.w.org\/{rel}","templated":true}]}}