{"id":80,"date":"2021-10-19T20:14:24","date_gmt":"2021-10-19T20:14:24","guid":{"rendered":"https:\/\/oncourt.online\/?page_id=80"},"modified":"2026-01-07T15:32:24","modified_gmt":"2026-01-07T15:32:24","slug":"o-nas","status":"publish","type":"page","link":"https:\/\/oncourt.online\/cs\/about\/","title":{"rendered":"O spole\u010dnosti OnCourt"},"content":{"rendered":"<h2 class=\"gb-text\">Postaveno kolem basketbalu<\/h2>\n\n\n\n<p class=\"gb-text gb-text-81affc46\">OnCourt navrhuje a dod\u00e1v\u00e1 vysoce v\u00fdkonn\u00e1 basketbalov\u00e1 h\u0159i\u0161t\u011b pro dom\u00e1cnosti, kluby a sportovn\u00ed za\u0159\u00edzen\u00ed po cel\u00e9 Evrop\u011b. Zam\u011b\u0159ujeme se na to, co je na h\u0159i\u0161ti nejd\u016fle\u017eit\u011bj\u0161\u00ed \u2013 v\u00fdkon povrchu, p\u0159esn\u00e9 rozvr\u017een\u00ed, odoln\u00e9 vybaven\u00ed a jasn\u00e9 pl\u00e1nov\u00e1n\u00ed \u2013 a p\u0159in\u00e1\u0161\u00edme profesion\u00e1ln\u00ed standardy do ka\u017ed\u00e9ho projektu bez ohledu na jeho rozsah.<\/p>\n\n\n\n<p class=\"gb-text\">Basketbal pro n\u00e1s nen\u00ed dopln\u011bk. Je z\u00e1kladem v\u0161eho, co budujeme.<\/p>\n\n\n\n<p class=\"gb-text translation-block\"><strong><em><a href=\"https:\/\/oncourt.online\/cs\/3d-basketbalove-hriste-designer\/\" target=\"_self\">Navrhn\u011bte si basketbalov\u00e9 h\u0159i\u0161t\u011b ve 3D<\/a><\/em><\/strong> a prozkoumejte rozvr\u017een\u00ed, barvy, zna\u010den\u00ed a vybaven\u00ed je\u0161t\u011b p\u0159ed realizac\u00ed.<\/p>\n\n\n\n<h3 class=\"gb-headline gb-headline-ccfedaf1 gb-headline-text\">Specialist\u00e9, ne generalist\u00e9<\/h3>\n\n\n\n<p class=\"gb-text gb-text-8c945255\">Na rozd\u00edl od dodavatel\u016f b\u011b\u017en\u00fdch sportovn\u00edch povrch\u016f se spole\u010dnost OnCourt specializuje v\u00fdhradn\u011b na basketbal. Na\u0161e produktov\u00e1 \u0159ada, p\u0159\u00edru\u010dky a n\u00e1vrhov\u00e9 n\u00e1stroje jsou vyv\u00edjeny speci\u00e1ln\u011b s ohledem na zp\u016fsob hran\u00ed t\u00e9to hry, od pr\u00e1ce nohou a reakce na m\u00ed\u010d a\u017e po rozm\u011bry h\u0159i\u0161t\u011b a um\u00edst\u011bn\u00ed ko\u0161e.<\/p>\n\n\n\n<p class=\"gb-text\">D\u00edky tomuto zam\u011b\u0159en\u00ed m\u016f\u017eeme nab\u00eddnout jasn\u011bj\u0161\u00ed poradenstv\u00ed, lep\u0161\u00ed kombinace produkt\u016f a p\u0159esn\u011bj\u0161\u00ed pl\u00e1nov\u00e1n\u00ed ne\u017e poskytovatel\u00e9 v\u00edce sport\u016f.<\/p>\n\n\n\n<h3 class=\"gb-headline gb-headline-ea969289 gb-headline-text\">Nejprve design. Stav\u011bjte s d\u016fv\u011brou<\/h3>\n\n\n\n<p class=\"gb-text gb-text-ddbfc979\">Ka\u017ed\u00e9 h\u0159i\u0161t\u011b za\u010d\u00edn\u00e1 pl\u00e1nem. Platforma OnCourt pro 3D n\u00e1vrh h\u0159i\u0161\u0165 umo\u017e\u0148uje z\u00e1kazn\u00edk\u016fm konfigurovat rozvr\u017een\u00ed, prozkoumat barevn\u00e1 sch\u00e9mata, vybrat podlahovou krytinu a specifikovat ko\u0161e je\u0161t\u011b p\u0159ed zah\u00e1jen\u00edm v\u00fdstavby. V\u00fdsledkem je jasn\u011bj\u0161\u00ed p\u0159edstavu o prostoru, v\u00fdkonu a n\u00e1kladech, co\u017e umo\u017e\u0148uje hlad\u0161\u00ed p\u0159echod od n\u00e1vrhu k instalaci.<\/p>\n\n\n\n<p class=\"gb-text\">Okam\u017eit\u00e9 stanoven\u00ed ceny, p\u0159esn\u00e9 rozvr\u017een\u00ed a sd\u00edlen\u00e9 n\u00e1vrhy odstra\u0148uj\u00ed nejistotu ji\u017e v ran\u00e9 f\u00e1zi procesu.<\/p>\n\n\n\n<h3 class=\"gb-headline gb-headline-c16bc7a6 gb-headline-text\">Osv\u011bd\u010den\u00e9 produkty, navr\u017een\u00e9 pro dlouhou \u017eivotnost<\/h3>\n\n\n\n<p class=\"gb-text gb-text-9ce3da67\">OnCourt dod\u00e1v\u00e1 pr\u00e9miov\u00e9 modul\u00e1rn\u00ed basketbalov\u00e9 podlahy a profesion\u00e1ln\u00ed ko\u0161e Mega Slam. Na\u0161e vybaven\u00ed je vyb\u00edr\u00e1no s ohledem na odolnost, stabilitu a dlouhodob\u00fd v\u00fdkon. Od dom\u00e1c\u00edch polovi\u010dn\u00edch h\u0159i\u0161\u0165 po klubov\u00e1 za\u0159\u00edzen\u00ed a komer\u010dn\u00ed instalace, na\u0161e syst\u00e9my jsou navr\u017eeny tak, aby bez kompromis\u016f zvl\u00e1dly i n\u00e1ro\u010dnou hru.<\/p>\n\n\n\n<p class=\"gb-text\">Nesledujeme trendy. Zam\u011b\u0159ujeme se na materi\u00e1ly, technick\u00e9 \u0159e\u0161en\u00ed a spolehlivost.<\/p>\n\n\n\n<p>OnCourt supply premium outdoor surfaces alongside proven <strong><em><a href=\"https:\/\/oncourt.online\/cs\/basketbalove-kose\/\">Mega Slam basketball hoops<\/a><\/em><\/strong> and court equipment, chosen to work together as a complete system.<\/p>\n\n\n\n<h3 class=\"gb-headline gb-headline-5efdb362 gb-headline-text\">Poradenstv\u00ed, kter\u00e9mu m\u016f\u017eete d\u016fv\u011b\u0159ovat<\/h3>\n\n\n\n<p class=\"gb-text gb-text-f96f3624\">V\u00fdstavba basketbalov\u00e9ho h\u0159i\u0161t\u011b zahrnuje v\u00edce ne\u017e jen v\u00fdb\u011br produkt\u016f. Prost\u0159ednictv\u00edm na\u0161ich pr\u016fvodc\u016f poskytujeme jasn\u00e9 a praktick\u00e9 rady ohledn\u011b rozvr\u017een\u00ed, mo\u017enost\u00ed podlahov\u00fdch krytin, osv\u011btlen\u00ed, instalace a pl\u00e1nov\u00e1n\u00ed, abychom z\u00e1kazn\u00edk\u016fm pomohli u\u010dinit informovan\u00e1 rozhodnut\u00ed v ka\u017ed\u00e9 f\u00e1zi.<\/p>\n\n\n\n<p class=\"gb-text\">A\u0165 u\u017e stav\u00edte sv\u016fj prvn\u00ed dom\u00e1c\u00ed kurt nebo navrhujete za\u0159\u00edzen\u00ed pro v\u00edce u\u017eivatel\u016f, na\u0161\u00edm c\u00edlem je nahradit dohady jistotou.<\/p>\n\n\n\n<p><strong><em><a href=\"https:\/\/oncourt.online\/cs\/pruvodce\/\">Explore our basketball court guides<\/a><\/em><\/strong> to understand layouts, surfaces, equipment, and installation before committing.<\/p>\n\n\n\n<h3 class=\"gb-text\">Po cel\u00e9 Evrop\u011b i mimo ni<\/h3>\n\n\n\n<p class=\"gb-text\">OnCourt podporuje projekty po cel\u00e9 Evrop\u011b a spolupracuje se soukrom\u00fdmi z\u00e1kazn\u00edky, kluby, \u0161kolami a komer\u010dn\u00edmi partnery. Na\u0161e zku\u0161enosti zahrnuj\u00ed r\u016fzn\u00e9 podm\u00ednky lokality, p\u0159edpisy a p\u0159\u00edpady pou\u017eit\u00ed, co\u017e n\u00e1m umo\u017e\u0148uje p\u0159izp\u016fsobovat \u0159e\u0161en\u00ed bez kompromis\u016f v oblasti v\u00fdkonu.<\/p>\n\n\n\n<div class=\"gb-element-cb14beec\">\n<h3 class=\"gb-text\">P\u0159\u00edstup OnCourt<\/h3>\n\n\n\n<p class=\"gb-text\">Pokud pl\u00e1nujete vybudovat basketbalov\u00e9 h\u0159i\u0161t\u011b, a\u0165 u\u017e doma nebo ve velk\u00e9m m\u011b\u0159\u00edtku, OnCourt v\u00e1m pom\u016f\u017ee to ud\u011blat spr\u00e1vn\u011b.<\/p>\n\n\n\n<p class=\"gb-text-7b6b1e25\"><span class=\"gb-shape\"><svg aria-hidden=\"true\" role=\"img\" height=\"1em\" width=\"1em\" viewbox=\"0 0 512 512\" xmlns=\"http:\/\/www.w3.org\/2000\/svg\"><path fill=\"currentColor\" d=\"M173.898 439.404l-166.4-166.4c-9.997-9.997-9.997-26.206 0-36.204l36.203-36.204c9.997-9.998 26.207-9.998 36.204 0L192 312.69 432.095 72.596c9.997-9.997 26.207-9.997 36.204 0l36.203 36.204c9.997 9.997 9.997 26.206 0 36.204l-294.4 294.401c-9.998 9.997-26.207 9.997-36.204-.001z\"><\/path><\/svg><\/span><span class=\"gb-text\">Basketbal jako priorita<\/span><\/p>\n\n\n\n<p class=\"gb-text-ee8810d5\"><span class=\"gb-shape\"><svg aria-hidden=\"true\" role=\"img\" height=\"1em\" width=\"1em\" viewbox=\"0 0 512 512\" xmlns=\"http:\/\/www.w3.org\/2000\/svg\"><path fill=\"currentColor\" d=\"M173.898 439.404l-166.4-166.4c-9.997-9.997-9.997-26.206 0-36.204l36.203-36.204c9.997-9.998 26.207-9.998 36.204 0L192 312.69 432.095 72.596c9.997-9.997 26.207-9.997 36.204 0l36.203 36.204c9.997 9.997 9.997 26.206 0 36.204l-294.4 294.401c-9.998 9.997-26.207 9.997-36.204-.001z\"><\/path><\/svg><\/span><span class=\"gb-text\">Jasn\u00e9 pl\u00e1nov\u00e1n\u00ed p\u0159ed zah\u00e1jen\u00edm v\u00fdstavby<\/span><\/p>\n\n\n\n<p class=\"gb-text-c3c5234a\"><span class=\"gb-shape\"><svg aria-hidden=\"true\" role=\"img\" height=\"1em\" width=\"1em\" viewbox=\"0 0 512 512\" xmlns=\"http:\/\/www.w3.org\/2000\/svg\"><path fill=\"currentColor\" d=\"M173.898 439.404l-166.4-166.4c-9.997-9.997-9.997-26.206 0-36.204l36.203-36.204c9.997-9.998 26.207-9.998 36.204 0L192 312.69 432.095 72.596c9.997-9.997 26.207-9.997 36.204 0l36.203 36.204c9.997 9.997 9.997 26.206 0 36.204l-294.4 294.401c-9.998 9.997-26.207 9.997-36.204-.001z\"><\/path><\/svg><\/span><span class=\"gb-text\">V\u00fdb\u011br produkt\u016f podle v\u00fdkonu<\/span><\/p>\n\n\n\n<p class=\"gb-text-e6cf79e3\"><span class=\"gb-shape\"><svg aria-hidden=\"true\" role=\"img\" height=\"1em\" width=\"1em\" viewbox=\"0 0 512 512\" xmlns=\"http:\/\/www.w3.org\/2000\/svg\"><path fill=\"currentColor\" d=\"M173.898 439.404l-166.4-166.4c-9.997-9.997-9.997-26.206 0-36.204l36.203-36.204c9.997-9.998 26.207-9.998 36.204 0L192 312.69 432.095 72.596c9.997-9.997 26.207-9.997 36.204 0l36.203 36.204c9.997 9.997 9.997 26.206 0 36.204l-294.4 294.401c-9.998 9.997-26.207 9.997-36.204-.001z\"><\/path><\/svg><\/span><span class=\"gb-text\">Up\u0159\u00edmn\u00e9, praktick\u00e9 rady<\/span><\/p>\n\n\n\n<p class=\"gb-text-9fa5ab33\"><span class=\"gb-shape\"><svg aria-hidden=\"true\" role=\"img\" height=\"1em\" width=\"1em\" viewbox=\"0 0 512 512\" xmlns=\"http:\/\/www.w3.org\/2000\/svg\"><path fill=\"currentColor\" d=\"M173.898 439.404l-166.4-166.4c-9.997-9.997-9.997-26.206 0-36.204l36.203-36.204c9.997-9.998 26.207-9.998 36.204 0L192 312.69 432.095 72.596c9.997-9.997 26.207-9.997 36.204 0l36.203 36.204c9.997 9.997 9.997 26.206 0 36.204l-294.4 294.401c-9.998 9.997-26.207 9.997-36.204-.001z\"><\/path><\/svg><\/span><span class=\"gb-text\">N\u00e1stroje, kter\u00e9 zjednodu\u0161uj\u00ed slo\u017eit\u00e9 rozhodov\u00e1n\u00ed<\/span><\/p>\n\n\n\n<p>If you\u2019re still weighing options, our <a href=\"https:\/\/oncourt.online\/cs\/basketball-court-faq\/\"><strong><em>basketball court FAQs<\/em><\/strong><\/a> address common questions about surfaces, layouts, durability, and installation.<\/p>\n<\/div>\n\n\n<div class=\"gb-grid-wrapper gb-grid-wrapper-44caa69b\">\n<div class=\"gb-grid-column gb-grid-column-12b2a9f8\"><div class=\"gb-container gb-container-12b2a9f8\"><div class=\"gb-inside-container\">\n\n<figure class=\"gb-block-image gb-block-image-6adfd5ca\"><img loading=\"lazy\" decoding=\"async\" width=\"300\" height=\"169\" class=\"gb-image gb-image-6adfd5ca\" src=\"https:\/\/oncourt.online\/wp-content\/uploads\/2021\/10\/NIKE.png\" alt=\"Nike\" title=\"NIKE\"\/><\/figure>\n\n<\/div><\/div><\/div>\n\n<div class=\"gb-grid-column gb-grid-column-e5bb2fe1\"><div class=\"gb-container gb-container-e5bb2fe1\"><div class=\"gb-inside-container\">\n\n<figure class=\"gb-block-image gb-block-image-f8558887\"><img loading=\"lazy\" decoding=\"async\" width=\"300\" height=\"169\" class=\"gb-image gb-image-f8558887\" src=\"https:\/\/oncourt.online\/wp-content\/uploads\/2021\/10\/England-Football.png\" alt=\"Logo anglick\u00e9ho fotbalu\" title=\"Anglie-Fotbal\"\/><\/figure>\n\n<\/div><\/div><\/div>\n\n<div class=\"gb-grid-column gb-grid-column-3ac2520c\"><div class=\"gb-container gb-container-3ac2520c\"><div class=\"gb-inside-container\">\n\n<figure class=\"gb-block-image gb-block-image-32bd7dfd\"><img loading=\"lazy\" decoding=\"async\" width=\"300\" height=\"169\" class=\"gb-image gb-image-32bd7dfd\" src=\"https:\/\/oncourt.online\/wp-content\/uploads\/2021\/10\/Red-Bull.png\" alt=\"Logo Red Bull\" title=\"Red Bull\"\/><\/figure>\n\n<\/div><\/div><\/div>\n\n<div class=\"gb-grid-column gb-grid-column-b8a0acf4\"><div class=\"gb-container gb-container-b8a0acf4\"><div class=\"gb-inside-container\">\n\n<figure class=\"gb-block-image gb-block-image-199d062a\"><img loading=\"lazy\" decoding=\"async\" width=\"300\" height=\"169\" class=\"gb-image gb-image-199d062a\" src=\"https:\/\/oncourt.online\/wp-content\/uploads\/2021\/10\/Canary-Wharf-Group.png\" alt=\"Logo spole\u010dnosti Canary Wharf Group\" title=\"Canary Wharf Group\"\/><\/figure>\n\n<\/div><\/div><\/div>\n\n<div class=\"gb-grid-column gb-grid-column-bcea7224\"><div class=\"gb-container gb-container-bcea7224\"><div class=\"gb-inside-container\">\n\n<figure class=\"gb-block-image gb-block-image-b9d71ee3\"><img loading=\"lazy\" decoding=\"async\" width=\"300\" height=\"169\" class=\"gb-image gb-image-b9d71ee3\" src=\"https:\/\/oncourt.online\/wp-content\/uploads\/2021\/10\/BBC.png\" alt=\"Logo BBC\" title=\"BBC\"\/><\/figure>\n\n<\/div><\/div><\/div>\n<\/div>","protected":false},"excerpt":{"rendered":"<p> &#8230; <a title=\"O spole\u010dnosti OnCourt\" class=\"read-more\" href=\"https:\/\/oncourt.online\/cs\/about\/\" aria-label=\"\u010c\u00edst v\u00edce o About OnCourt\">\u010c\u00edst v\u00edce<\/a><\/p>","protected":false},"author":2,"featured_media":6877,"parent":0,"menu_order":11,"comment_status":"closed","ping_status":"closed","template":"","meta":{"_acf_changed":false,"inline_featured_image":false,"footnotes":""},"class_list":{"0":"post-80","1":"page","2":"type-page","3":"status-publish","4":"has-post-thumbnail","6":"infinite-scroll-item","7":"no-featured-image-padding","8":"resize-featured-image"},"acf":[],"yoast_head":"<!-- This site is optimized with the Yoast SEO Premium plugin v26.8 (Yoast SEO v27.3) - https:\/\/yoast.com\/product\/yoast-seo-premium-wordpress\/ -->\n<title>About OnCourt | Basketball Court Surfaces, Systems &amp; Design<\/title>\n<meta name=\"description\" content=\"OnCourt creates premium basketball courts, combining high-performance surfaces, pro-grade hoops and intuitive court-planning tools.\" \/>\n<meta name=\"robots\" content=\"index, follow, max-snippet:-1, max-image-preview:large, max-video-preview:-1\" \/>\n<link rel=\"canonical\" href=\"https:\/\/oncourt.online\/cs\/o-nas\/\" \/>\n<meta property=\"og:locale\" content=\"cs_CZ\" \/>\n<meta property=\"og:type\" content=\"article\" \/>\n<meta property=\"og:title\" content=\"About OnCourt\" \/>\n<meta property=\"og:description\" content=\"OnCourt creates premium basketball courts, combining high-performance surfaces, pro-grade hoops and intuitive court-planning tools.\" \/>\n<meta property=\"og:url\" content=\"https:\/\/oncourt.online\/cs\/o-nas\/\" \/>\n<meta property=\"og:site_name\" content=\"OnCourt Online\" \/>\n<meta property=\"article:publisher\" content=\"https:\/\/www.facebook.com\/oncourt.online\/\" \/>\n<meta property=\"article:modified_time\" content=\"2026-01-07T15:32:24+00:00\" \/>\n<meta property=\"og:image\" content=\"https:\/\/oncourt.online\/wp-content\/uploads\/2022\/05\/OnCourt-Shipping-and-Delivery-Header.jpg\" \/>\n\t<meta property=\"og:image:width\" content=\"1440\" \/>\n\t<meta property=\"og:image:height\" content=\"498\" \/>\n\t<meta property=\"og:image:type\" content=\"image\/jpeg\" \/>\n<meta name=\"twitter:card\" content=\"summary_large_image\" \/>\n<meta name=\"twitter:label1\" content=\"Odhadovan\u00e1 doba \u010dten\u00ed\" \/>\n\t<meta name=\"twitter:data1\" content=\"4 minuty\" \/>\n<!-- \/ Yoast SEO Premium plugin. -->","yoast_head_json":{"title":"About OnCourt | Basketball Court Surfaces, Systems & Design","description":"OnCourt creates premium basketball courts, combining high-performance surfaces, pro-grade hoops and intuitive court-planning tools.","robots":{"index":"index","follow":"follow","max-snippet":"max-snippet:-1","max-image-preview":"max-image-preview:large","max-video-preview":"max-video-preview:-1"},"canonical":"https:\/\/oncourt.online\/cs\/o-nas\/","og_locale":"cs_CZ","og_type":"article","og_title":"About OnCourt","og_description":"OnCourt creates premium basketball courts, combining high-performance surfaces, pro-grade hoops and intuitive court-planning tools.","og_url":"https:\/\/oncourt.online\/cs\/o-nas\/","og_site_name":"OnCourt Online","article_publisher":"https:\/\/www.facebook.com\/oncourt.online\/","article_modified_time":"2026-01-07T15:32:24+00:00","og_image":[{"width":1440,"height":498,"url":"https:\/\/oncourt.online\/wp-content\/uploads\/2022\/05\/OnCourt-Shipping-and-Delivery-Header.jpg","type":"image\/jpeg"}],"twitter_card":"summary_large_image","twitter_misc":{"Odhadovan\u00e1 doba \u010dten\u00ed":"4 minuty"},"schema":{"@context":"https:\/\/schema.org","@graph":[{"@type":"WebPage","@id":"https:\/\/oncourt.online\/cs\/about\/","url":"https:\/\/oncourt.online\/cs\/about\/","name":"About OnCourt | Basketball Court Surfaces, Systems & Design","isPartOf":{"@id":"https:\/\/oncourt.online\/cs\/#website"},"primaryImageOfPage":{"@id":"https:\/\/oncourt.online\/cs\/about\/#primaryimage"},"image":{"@id":"https:\/\/oncourt.online\/cs\/about\/#primaryimage"},"thumbnailUrl":"https:\/\/oncourt.online\/wp-content\/uploads\/2022\/05\/OnCourt-Shipping-and-Delivery-Header.jpg","datePublished":"2021-10-19T20:14:24+00:00","dateModified":"2026-01-07T15:32:24+00:00","description":"OnCourt creates premium basketball courts, combining high-performance surfaces, pro-grade hoops and intuitive court-planning tools.","breadcrumb":{"@id":"https:\/\/oncourt.online\/cs\/about\/#breadcrumb"},"inLanguage":"cs","potentialAction":[{"@type":"ReadAction","target":["https:\/\/oncourt.online\/cs\/about\/"]}]},{"@type":"ImageObject","inLanguage":"cs","@id":"https:\/\/oncourt.online\/cs\/about\/#primaryimage","url":"https:\/\/oncourt.online\/wp-content\/uploads\/2022\/05\/OnCourt-Shipping-and-Delivery-Header.jpg","contentUrl":"https:\/\/oncourt.online\/wp-content\/uploads\/2022\/05\/OnCourt-Shipping-and-Delivery-Header.jpg","width":1440,"height":498,"caption":"Shipping & Delivery | OnCourt"},{"@type":"BreadcrumbList","@id":"https:\/\/oncourt.online\/cs\/about\/#breadcrumb","itemListElement":[{"@type":"ListItem","position":1,"name":"Home","item":"https:\/\/oncourt.online\/"},{"@type":"ListItem","position":2,"name":"About OnCourt"}]},{"@type":"WebSite","@id":"https:\/\/oncourt.online\/cs\/#website","url":"https:\/\/oncourt.online\/cs\/","name":"OnCourt Online","description":"Vysoce v\u00fdkonn\u00e1 basketbalov\u00e1 h\u0159i\u0161t\u011b","publisher":{"@id":"https:\/\/oncourt.online\/cs\/#organization"},"potentialAction":[{"@type":"SearchAction","target":{"@type":"EntryPoint","urlTemplate":"https:\/\/oncourt.online\/cs\/?s={search_term_string}"},"query-input":{"@type":"PropertyValueSpecification","valueRequired":true,"valueName":"search_term_string"}}],"inLanguage":"cs"},{"@type":"Organization","@id":"https:\/\/oncourt.online\/cs\/#organization","name":"OnCourt Online","url":"https:\/\/oncourt.online\/cs\/","logo":{"@type":"ImageObject","inLanguage":"cs","@id":"https:\/\/oncourt.online\/cs\/#\/schema\/logo\/image\/","url":"https:\/\/oncourt.online\/wp-content\/uploads\/2021\/12\/Logo_OnCourt_Black.svg","contentUrl":"https:\/\/oncourt.online\/wp-content\/uploads\/2021\/12\/Logo_OnCourt_Black.svg","width":"1024","height":"1024","caption":"OnCourt Online"},"image":{"@id":"https:\/\/oncourt.online\/cs\/#\/schema\/logo\/image\/"},"sameAs":["https:\/\/www.facebook.com\/oncourt.online\/"],"email":"info@oncourt.online"}]}},"_links":{"self":[{"href":"https:\/\/oncourt.online\/cs\/wp-json\/wp\/v2\/pages\/80","targetHints":{"allow":["GET"]}}],"collection":[{"href":"https:\/\/oncourt.online\/cs\/wp-json\/wp\/v2\/pages"}],"about":[{"href":"https:\/\/oncourt.online\/cs\/wp-json\/wp\/v2\/types\/page"}],"author":[{"embeddable":true,"href":"https:\/\/oncourt.online\/cs\/wp-json\/wp\/v2\/users\/2"}],"replies":[{"embeddable":true,"href":"https:\/\/oncourt.online\/cs\/wp-json\/wp\/v2\/comments?post=80"}],"version-history":[{"count":0,"href":"https:\/\/oncourt.online\/cs\/wp-json\/wp\/v2\/pages\/80\/revisions"}],"wp:featuredmedia":[{"embeddable":true,"href":"https:\/\/oncourt.online\/cs\/wp-json\/wp\/v2\/media\/6877"}],"wp:attachment":[{"href":"https:\/\/oncourt.online\/cs\/wp-json\/wp\/v2\/media?parent=80"}],"curies":[{"name":"wp","href":"https:\/\/api.w.org\/{rel}","templated":true}]}}