{"id":6797,"date":"2022-05-26T13:42:42","date_gmt":"2022-05-26T13:42:42","guid":{"rendered":"https:\/\/oncourt.online\/?page_id=6797"},"modified":"2026-01-09T02:04:24","modified_gmt":"2026-01-09T02:04:24","slug":"doruceni-zasilky","status":"publish","type":"page","link":"https:\/\/oncourt.online\/cs\/shipping-delivery\/","title":{"rendered":"Doprava a doru\u010den\u00ed"},"content":{"rendered":"<div class=\"gb-container gb-container-f34a8199\">\n<div class=\"gb-container gb-container-235943a7\">\n\n<h2 class=\"gb-headline gb-headline-88ee416e gb-headline-text\">Z\u00e1sady dopravy OnCourt Online<\/h2>\n\n\n\n<p class=\"gb-headline gb-headline-0924883b gb-headline-text not_last_text\">Doprava a doru\u010den\u00ed u OnCourt z\u00e1vis\u00ed na zvolen\u00fdch produktech. Pokud kupujete kompletn\u00ed \u0159e\u0161en\u00ed h\u0159i\u0161t\u011b, ko\u0161 a komponenty jsou odesl\u00e1ny co nejd\u0159\u00edve, aby mohly b\u00fdt zahrnuty do v\u00fdstavby podkladov\u00e9 vrstvy. Povrchy h\u0159i\u0161t\u011b jsou vyr\u00e1b\u011bny a odes\u00edl\u00e1ny po p\u0159\u00edprav\u011b, kter\u00e1 aktu\u00e1ln\u011b trv\u00e1 10\u201312 t\u00fddn\u016f. <\/p>\n\n\n\n<p class=\"gb-text not_last_text\">Dostupnost doru\u010den\u00ed se li\u0161\u00ed podle zem\u011b. Zas\u00edl\u00e1me pouze do vybran\u00fdch region\u016f zobrazen\u00fdch p\u0159i pokladn\u011b.<\/p>\n\n\n\n<p>Pokud va\u0161e zem\u011b nen\u00ed uvedena a pl\u00e1nujete projekt basketbalov\u00e9ho h\u0159i\u0161t\u011b, kontaktujte n\u00e1s pros\u00edm ohledn\u011b proveditelnosti. Dostupnost je posuzov\u00e1na individu\u00e1ln\u011b. <\/p>\n\n\n\n<h3 class=\"gb-headline gb-headline-3e94b795 gb-headline-text\">Modul\u00e1rn\u00ed sportovn\u00ed povrchy dodan\u00e9 p\u0159ipraven\u00e9 k Plug &amp; Play instalaci<\/h3>\n\n\n\n<p class=\"gb-headline gb-headline-e71567d7 gb-headline-text not_last_text\">Povrchy h\u0159i\u0161t\u011b jsou dod\u00e1v\u00e1ny v balen\u00edch p\u0159ipraven\u00fdch pro snadnou sv\u00e9pomocnou instalaci. Ka\u017ed\u00e9 h\u0159i\u0161t\u011b je na palet\u011b, s o\u010d\u00edslovan\u00fdmi deskami a mapou pro orientaci (Reziden\u010dn\u00ed objedn\u00e1vky se doru\u010duj\u00ed k obrubn\u00edku).<\/p>\n\n\n\n<p class=\"translation-block\">Ka\u017ed\u00fd modul\u00e1rn\u00ed sportovn\u00ed kurt je vyr\u00e1b\u011bn na zak\u00e1zku, <strong>p\u0159i\u010dem\u017e v\u00fdroba trv\u00e1 p\u0159ibli\u017en\u011b<\/strong> <strong>10\u201312 t\u00fddn\u016f<\/strong> od potvrzen\u00e9ho p\u0159ijet\u00ed objedn\u00e1vky. Dodac\u00ed lh\u016fty se li\u0161\u00ed podle lokality a po odesl\u00e1n\u00ed obdr\u017e\u00edte aktualizaci s odhadovan\u00fdm datem doru\u010den\u00ed a sledov\u00e1n\u00edm z\u00e1silky (aktivn\u00ed po celn\u00edm odbaven\u00ed v c\u00edlov\u00e9 zemi). Ve\u0161ker\u00e1 cla jsou p\u0159edplacena a dod\u00e1vky prob\u00edhaj\u00ed na z\u00e1klad\u011b DDP (Delivered Duty Paid), bez skryt\u00fdch n\u00e1klad\u016f.<\/p>\n\n\n<div class=\"gb-container gb-container-cfce094b\">\n\n<h2 class=\"gb-text\">Odesl\u00e1n\u00ed produktu<\/h2>\n\n\n\n<p>Pokud nen\u00ed uvedeno jinak, v\u0161echny objedn\u00e1vky od spole\u010dnosti OnCourt jsou zas\u00edl\u00e1ny prost\u0159ednictv\u00edm d\u016fv\u011bryhodn\u00fdch b\u011b\u017en\u00fdch p\u0159epravc\u016f. Produkty jsou zas\u00edl\u00e1ny zcela nov\u00e9 a v dobr\u00e9m stavu, jak je uvedeno v reklam\u011b. Basketbalov\u00e9 syst\u00e9my jsou dod\u00e1v\u00e1ny prost\u0159ednictv\u00edm <strong>Dod\u00e1n\u00ed na chodn\u00edk<\/strong>, co\u017e znamen\u00e1, \u017ee va\u0161e objedn\u00e1vka bude doru\u010dena na krajnici na konci va\u0161\u00ed p\u0159\u00edjezdov\u00e9 cesty. Vezm\u011bte pros\u00edm na v\u011bdom\u00ed, \u017ee tato slu\u017eba <strong>nezahrnuje instalaci, mont\u00e1\u017e ani odstran\u011bn\u00ed obalu<\/strong>.<\/p>\n\n\n\n<h3 class=\"gb-headline gb-headline-bce52be2 gb-headline-text\">Zm\u011bny adresy po odesl\u00e1n\u00ed<\/h3>\n\n\n\n<p>Pokud je doru\u010dovac\u00ed adresa zm\u011bn\u011bna pot\u00e9, co z\u00e1silku p\u0159evezme silni\u010dn\u00ed dopravce, pova\u017euje se to za op\u011btovn\u00e9 p\u0159esm\u011brov\u00e1n\u00ed a budou \u00fa\u010dtov\u00e1ny dodate\u010dn\u00e9 poplatky.<\/p>\n\n\n\n<h3 class=\"gb-headline gb-headline-ab76306c gb-headline-text\">Harmonogram dod\u00e1vek<\/h3>\n\n\n\n<p class=\"translation-block\">Doru\u010den\u00ed obvykle prob\u00edh\u00e1 <strong>od pond\u011bl\u00ed do p\u00e1tku, mezi 08:00 a 18:00<\/strong>. \u010casy se mohou li\u0161it v z\u00e1vislosti na va\u0161\u00ed lokalit\u011b, trase \u0159idi\u010de a nep\u0159edv\u00eddan\u00fdch faktorech, jako je dopravn\u00ed situace nebo po\u010das\u00ed.<\/p>\n\n\n\n<h3 class=\"gb-headline gb-headline-d3e65b23 gb-headline-text\">Doru\u010dovac\u00ed vozidlo a p\u0159\u00edstup<\/h3>\n\n\n\n<p class=\"gb-text not_last_text translation-block\">Maloobchodn\u00ed objedn\u00e1vky jsou doru\u010dov\u00e1ny prost\u0159ednictv\u00edm <strong>t\u011b\u017ek\u00fdch n\u00e1kladn\u00edch vozidel (nap\u0159. LGV\/kloubov\u00fd kamion)<\/strong> a obvykle zahrnuj\u00ed <strong>hydraulick\u00e9 \u010delo<\/strong>. \u0158idi\u010d odpov\u00edd\u00e1 za vylo\u017een\u00ed produktu a jeho um\u00edst\u011bn\u00ed u obrubn\u00edku. Pokud jsou provedeny dodate\u010dn\u00e9 doru\u010dovac\u00ed slu\u017eby, mohou b\u00fdt \u00fa\u010dtov\u00e1ny dal\u0161\u00ed poplatky.<\/p>\n\n\n\n<p class=\"translation-block\">Pe\u010dliv\u011b zkontrolujte dodac\u00ed doklad, abyste se ujistili, \u017ee <strong>nebyly provedeny \u017e\u00e1dn\u00e9 dodate\u010dn\u00e9 slu\u017eby<\/strong>. Pokud ano, spole\u010dnost OnCourt si vyhrazuje pr\u00e1vo <strong>tyto n\u00e1klady p\u0159en\u00e9st<\/strong>.<\/p>\n\n\n\n<h3 class=\"wp-block-heading\" id=\"h-delivery-signature-amp-inspection\">Podpis p\u0159i doru\u010den\u00ed a kontrola<\/h3>\n\n\n\n<p class=\"gb-text not_last_text translation-block\">P\u0159i doru\u010den\u00ed je vy\u017eadov\u00e1n <strong>podpis<\/strong>. Obal mus\u00edte zkontrolovat <strong>p\u0159ed podpisem<\/strong>. V p\u0159\u00edpad\u011b pot\u0159eby m\u016f\u017eete otev\u0159\u00edt krabici a zkontrolovat stav obsahu, zejm\u00e9na <strong>sklen\u011bn\u00e9 desky<\/strong>, kter\u00e9 jsou b\u011bhem p\u0159epravy n\u00e1chyln\u011bj\u0161\u00ed k po\u0161kozen\u00ed.<\/p>\n\n\n\n<p>Pokud se zd\u00e1, \u017ee je jak\u00e1koli \u010d\u00e1st z\u00e1silky po\u0161kozena:<\/p>\n\n\n\n<ul class=\"wp-block-list\">\n<li><strong>Neodm\u00edtejte dod\u00e1vku.<\/strong><\/li>\n\n\n\n<li>Na dodac\u00edm listu uve\u010fte jasn\u00e9 pozn\u00e1mky popisuj\u00edc\u00ed probl\u00e9m (nap\u0159., <em>\u201cZadn\u00ed deska se p\u0159i dod\u00e1n\u00ed rozbila\u201d<\/em>).<\/li>\n\n\n\n<li>Vezm\u011bte jasn\u00e9 <strong>fotografie po\u0161kozen\u00ed<\/strong>.<\/li>\n\n\n\n<li>Podepsanou stvrzenku a fotografie za\u0161lete e-mailem na\u0161emu t\u00fdmu podpory a my v\u00e1m za\u0161leme <strong>n\u00e1hradn\u00ed d\u00edl<\/strong> okam\u017eit\u011b.<\/li>\n<\/ul>\n\n\n\n<p class=\"gb-text not_last_text\">Mezit\u00edm m\u016f\u017eete pokra\u010dovat v jak\u00fdchkoli kroc\u00edch nastaven\u00ed, kter\u00e9 nejsou ovlivn\u011bny (nap\u0159. nastaven\u00ed kotev a vytvrzen\u00ed betonu).<\/p>\n\n\n\n<p>Pro v\u0161echny dod\u00e1vky je vy\u017eadov\u00e1n podpis. P\u0159\u00edjemce bude povinen podepsat dodac\u00ed list a bez n\u011bj nebude dod\u00e1vka realizov\u00e1na.<\/p>\n\n\n\n<h3 class=\"gb-headline gb-headline-7838bbbd gb-headline-text\">D\u016fle\u017eit\u00e9 pozn\u00e1mky k dod\u00e1n\u00ed<\/h3>\n\n\n\n<ul class=\"wp-block-list\">\n<li>V\u0161echny polo\u017eky opou\u0161t\u011bj\u00ed n\u00e1\u0161 sklad <strong>zcela nov\u00fd a nepo\u0161kozen\u00fd<\/strong>.<\/li>\n\n\n\n<li>Pokud po\u0161kozen\u00ed nen\u00ed uvedeno na dodac\u00edm listu, <strong>zbavit dopravce odpov\u011bdnosti<\/strong> a nemus\u00ed m\u00edt n\u00e1rok na od\u0161kodn\u011bn\u00ed.<\/li>\n\n\n\n<li><strong>Tvrzen\u00e9 sklo<\/strong> neprask\u00e1 \u2014 rozbije se. Pokud je va\u0161e deska rozbit\u00e1, bude to v <strong>mnoho mal\u00fdch kousk\u016f<\/strong>, ne praskl\u00fd.<\/li>\n<\/ul>\n\n\n\n<p>Pro va\u0161i ochranu, <strong>vedle sv\u00e9ho podpisu napi\u0161te \u201cPodl\u00e9h\u00e1 kontrole\u201d<\/strong> p\u0159i podpisu dodac\u00edho listu.<\/p>\n\n\n\n<h3 class=\"gb-headline gb-headline-dd213a82 gb-headline-text\">P\u0159\u00edstup k dod\u00e1vce<\/h3>\n\n\n\n<p>Pokud nen\u00ed va\u0161e lokalita p\u0159\u00edstupn\u00e1 pro velk\u00e1 dod\u00e1vkov\u00e1 vozidla (nap\u0159. \u00fazk\u00e9 silnice, strm\u00e9 p\u0159\u00edjezdov\u00e9 cesty, uzav\u0159en\u00e9 komunity), m\u016f\u017ee b\u00fdt nutn\u00e9:<\/p>\n\n\n\n<ul class=\"wp-block-list\">\n<li>Vyzvedn\u011bte si svou objedn\u00e1vku na m\u00edstn\u00edm termin\u00e1lu nebo<\/li>\n\n\n\n<li>Zajist\u011bte fin\u00e1ln\u00ed dod\u00e1n\u00ed prost\u0159ednictv\u00edm extern\u00ed kur\u00fdrn\u00ed slu\u017eby.<\/li>\n<\/ul>\n\n\n\n<h3 class=\"gb-headline gb-headline-f4f6c8ad gb-headline-text\">Nedoru\u010diteln\u00e9 objedn\u00e1vky<\/h3>\n\n\n\n<p>Pokud je z\u00e1silka vr\u00e1cena jako <strong>Nedoru\u010diteln\u00e9<\/strong> nebo <strong>Odm\u00edtnuto<\/strong>, a <strong>20% poplatek za dopln\u011bn\u00ed z\u00e1sob<\/strong> bude platit a vy budete odpov\u011bdn\u00ed za ve\u0161ker\u00e9 p\u016fvodn\u00ed n\u00e1klady na dopravu.<\/p>\n\n<\/div>\n\n\n<h3 class=\"gb-headline gb-headline-77bdb557 gb-headline-text\">Doprava a cla (objedn\u00e1vky mimo EU)<\/h3>\n\n\n\n<p class=\"gb-headline gb-headline-f02c1b4c gb-headline-text\">Pro v\u0161echny odeslan\u00e9 objedn\u00e1vky <strong>mimo Evropskou unii<\/strong>:<\/p>\n\n\n\n<ul class=\"wp-block-list\">\n<li>Ceny uveden\u00e9 p\u0159i placen\u00ed nezahrnuj\u00ed m\u00edstn\u00ed dan\u011b, dovozn\u00ed cla ani poplatky za celn\u00ed odbaven\u00ed.<\/li>\n\n\n\n<li>Jste dovozcem podle z\u00e1znam\u016f a nesete v\u00fdhradn\u00ed odpov\u011bdnost za ve\u0161ker\u00e9 poplatky spojen\u00e9 s dod\u00e1vkou.<\/li>\n\n\n\n<li>OnCourt nevyb\u00edr\u00e1 ani neodv\u00e1d\u00ed DPH\/GST, dovozn\u00ed cla ani celn\u00ed poplatky pro destinace mimo EU.<\/li>\n\n\n\n<li>Pokud jsou poplatky odm\u00edtnuty nebo nezaplaceny, m\u016f\u017ee to m\u00edt za n\u00e1sledek zpo\u017ed\u011bn\u00ed, vr\u00e1cen\u00ed nebo opu\u0161t\u011bn\u00ed z\u00e1silky. Spole\u010dnost OnCourt nenese odpov\u011bdnost za \u017e\u00e1dn\u00e9 v\u00fdsledn\u00e9 n\u00e1klady nebo ztr\u00e1ty a v t\u011bchto p\u0159\u00edpadech nevrac\u00ed n\u00e1klady na dopravu ani poplatky za produkty.<\/li>\n<\/ul>\n\n\n\n<p>Dokon\u010den\u00edm n\u00e1kupu potvrzujete a p\u0159ij\u00edm\u00e1te tyto podm\u00ednky.<\/p>\n\n<\/div>\n<\/div>\n\n<div class=\"gb-container gb-container-aedea16a\" id=\"megaslam-shipping\">\n<div class=\"gb-container gb-container-492b5ca3\">\n\n<h2 class=\"gb-headline gb-headline-65d8dcc4 gb-headline-text\">Hladk\u00e9 dod\u00e1n\u00ed obru\u010de Mega Slam Hoop <\/h2>\n\n\n\n<p class=\"gb-headline gb-headline-880344a0 gb-headline-text\">Kdy\u017e objedn\u00e1te na oncourt.online, doru\u010d\u00edme v\u00e1m ko\u0161 p\u0159\u00edmo k obrubn\u00edku \u2013 rovnou z na\u0161eho skladu, z n\u00e1kladn\u00edho auta k v\u00e1m. Pou\u017eijte n\u00e1\u0161 5bodov\u00fd kontroln\u00ed seznam pro hladk\u00e9 doru\u010den\u00ed va\u0161eho <a href=\"https:\/\/oncourt.online\/cs\/basketbalove-kose\/\"><em><strong>Mega Slam Hoop<\/strong><\/em><\/a>. <\/p>\n\n\n\n<figure class=\"wp-block-image size-full is-resized\"><img loading=\"lazy\" decoding=\"async\" width=\"600\" height=\"600\" src=\"https:\/\/oncourt.online\/wp-content\/uploads\/2021\/10\/Mega-Slam-Hoop-s-Order-Confirmation.png\" alt=\"Mega Slam Hoops - Potvrzen\u00ed objedn\u00e1vky\" class=\"wp-image-422\" style=\"width:150px;height:auto\" srcset=\"https:\/\/oncourt.online\/wp-content\/uploads\/2021\/10\/Mega-Slam-Hoop-s-Order-Confirmation.png 600w, https:\/\/oncourt.online\/wp-content\/uploads\/2021\/10\/Mega-Slam-Hoop-s-Order-Confirmation-100x100.png 100w, https:\/\/oncourt.online\/wp-content\/uploads\/2021\/10\/Mega-Slam-Hoop-s-Order-Confirmation-545x545.png 545w\" sizes=\"auto, (max-width: 600px) 100vw, 600px\" \/><\/figure>\n\n\n\n<h4 class=\"gb-headline gb-headline-8536b972 gb-headline-text\">1. Potvr\u010fte svou objedn\u00e1vku<\/h4>\n\n\n\n<p class=\"gb-headline gb-headline-9f1a5517 gb-headline-text\">Gratulujeme k objedn\u00e1vce nov\u00e9ho ko\u0161e! Pod\u00edvejte se do sv\u00e9 e-mailov\u00e9 schr\u00e1nky na detaily objedn\u00e1vky. <\/p>\n\n\n\n<figure class=\"wp-block-image size-full is-resized\"><img loading=\"lazy\" decoding=\"async\" width=\"600\" height=\"600\" src=\"https:\/\/oncourt.online\/wp-content\/uploads\/2021\/10\/Mega-Slam-Hoops-Arrange-Delivery.png\" alt=\"Mega Slam Hoops - Sjednat dod\u00e1n\u00ed\" class=\"wp-image-419\" style=\"width:150px;height:150px\" srcset=\"https:\/\/oncourt.online\/wp-content\/uploads\/2021\/10\/Mega-Slam-Hoops-Arrange-Delivery.png 600w, https:\/\/oncourt.online\/wp-content\/uploads\/2021\/10\/Mega-Slam-Hoops-Arrange-Delivery-100x100.png 100w, https:\/\/oncourt.online\/wp-content\/uploads\/2021\/10\/Mega-Slam-Hoops-Arrange-Delivery-545x545.png 545w\" sizes=\"auto, (max-width: 600px) 100vw, 600px\" \/><\/figure>\n\n\n\n<h4 class=\"gb-headline gb-headline-9bfe8bb5 gb-headline-text\">2. Odesl\u00e1n\u00ed a doru\u010den\u00ed <\/h4>\n\n\n\n<p class=\"gb-headline gb-headline-290fa9d6 gb-headline-text\">Obdr\u017e\u00edte potvrzen\u00ed o odesl\u00e1n\u00ed va\u0161\u00ed objedn\u00e1vky, kter\u00e9 bude obsahovat p\u0159edpokl\u00e1dan\u00fd term\u00edn doru\u010den\u00ed. <\/p>\n\n\n\n<figure class=\"wp-block-image size-full is-resized\"><img loading=\"lazy\" decoding=\"async\" width=\"600\" height=\"600\" src=\"https:\/\/oncourt.online\/wp-content\/uploads\/2021\/10\/Mega-Slam-Hoops-Curbside-Delivery.png\" alt=\"Mega Slam Hoops - Dod\u00e1vka z m\u00edsta bydli\u0161t\u011b\" class=\"wp-image-420\" style=\"width:150px;height:150px\" srcset=\"https:\/\/oncourt.online\/wp-content\/uploads\/2021\/10\/Mega-Slam-Hoops-Curbside-Delivery.png 600w, https:\/\/oncourt.online\/wp-content\/uploads\/2021\/10\/Mega-Slam-Hoops-Curbside-Delivery-100x100.png 100w, https:\/\/oncourt.online\/wp-content\/uploads\/2021\/10\/Mega-Slam-Hoops-Curbside-Delivery-545x545.png 545w\" sizes=\"auto, (max-width: 600px) 100vw, 600px\" \/><\/figure>\n\n\n\n<h4 class=\"gb-headline gb-headline-111f7f0a gb-headline-text\">3. Ud\u011blejte m\u00edsto pro sv\u016fj ko\u0161<\/h4>\n\n\n\n<p class=\"gb-headline gb-headline-cdd4e7d1 gb-headline-text\">Basketbalov\u00e9 syst\u00e9my Mega Slam jsou velk\u00e9 (a\u017e 340 kg) a doru\u010dovac\u00ed paleta zab\u00edr\u00e1 p\u0159i doru\u010den\u00ed pom\u011brn\u011b dost m\u00edsta (Reziden\u010dn\u00ed objedn\u00e1vky jsou doru\u010dov\u00e1ny k obrubn\u00edku).<\/p>\n\n\n\n<figure class=\"wp-block-image size-full is-resized\"><img loading=\"lazy\" decoding=\"async\" width=\"600\" height=\"600\" src=\"https:\/\/oncourt.online\/wp-content\/uploads\/2021\/10\/Mega-Slam-Shipping-Boxes.png\" alt=\"P\u0159epravn\u00ed boxy Mega Slam\" class=\"wp-image-421\" style=\"width:150px;height:150px\" srcset=\"https:\/\/oncourt.online\/wp-content\/uploads\/2021\/10\/Mega-Slam-Shipping-Boxes.png 600w, https:\/\/oncourt.online\/wp-content\/uploads\/2021\/10\/Mega-Slam-Shipping-Boxes-100x100.png 100w, https:\/\/oncourt.online\/wp-content\/uploads\/2021\/10\/Mega-Slam-Shipping-Boxes-545x545.png 545w\" sizes=\"auto, (max-width: 600px) 100vw, 600px\" \/><\/figure>\n\n\n\n<h4 class=\"gb-headline gb-headline-c4d17918 gb-headline-text\">4. Zkontrolujte doru\u010den\u00ed va\u0161eho ko\u0161e<\/h4>\n\n\n\n<p class=\"gb-headline gb-headline-b333a103 gb-headline-text\">Podle velikosti va\u0161\u00ed objedn\u00e1vky se ujist\u011bte, \u017ee spr\u00e1vn\u00fd po\u010det krabic je upevn\u011bn na ka\u017ed\u00e9 palet\u011b (ka\u017ed\u00fd syst\u00e9m doraz\u00ed na jedn\u00e9 palet\u011b s jasn\u011b o\u010d\u00edslovan\u00fdmi krabicemi). Nevad\u00ed, pokud jsou n\u011bkter\u00e9 krabice prom\u00e1\u010dkl\u00e9 nebo natr\u017een\u00e9 \u2014 na\u0161e syst\u00e9my jsou odoln\u00e9 a men\u0161\u00ed po\u0161kozen\u00ed p\u0159e\u010dkaj\u00ed bez probl\u00e9m\u016f. <\/p>\n\n\n\n<figure class=\"wp-block-image size-full is-resized\"><img loading=\"lazy\" decoding=\"async\" width=\"600\" height=\"600\" src=\"https:\/\/oncourt.online\/wp-content\/uploads\/2021\/10\/Mega-Slam-Hoops-Signed-Delivery.png\" alt=\"Mega Slam Hoops - podepsan\u00e9 doru\u010den\u00ed\" class=\"wp-image-417\" style=\"width:150px;height:150px\" srcset=\"https:\/\/oncourt.online\/wp-content\/uploads\/2021\/10\/Mega-Slam-Hoops-Signed-Delivery.png 600w, https:\/\/oncourt.online\/wp-content\/uploads\/2021\/10\/Mega-Slam-Hoops-Signed-Delivery-100x100.png 100w, https:\/\/oncourt.online\/wp-content\/uploads\/2021\/10\/Mega-Slam-Hoops-Signed-Delivery-545x545.png 545w\" sizes=\"auto, (max-width: 600px) 100vw, 600px\" \/><\/figure>\n\n\n\n<h4 class=\"gb-headline gb-headline-f3ff4626 gb-headline-text\">5. Podepi\u0161te pro p\u0159evzet\u00ed doru\u010den\u00ed<\/h4>\n\n\n\n<p class=\"gb-headline gb-headline-0e5ad3a7 gb-headline-text\">V\u00e1\u0161 doru\u010dovatel v\u00e1s nyn\u00ed po\u017e\u00e1d\u00e1 o podpis k p\u0159evzet\u00ed basketbalov\u00e9ho syst\u00e9mu. Pokud jsou na krabic\u00edch (nebo syst\u00e9mu) viditeln\u00e1 po\u0161kozen\u00ed, zapi\u0161te je na dodac\u00ed list a p\u0159ed podpisem po\u0159i\u010fte fotografie.<br>Pokud byly n\u011bkter\u00e9 polo\u017eky po\u0161kozeny, p\u0159evezm\u011bte z\u00e1silku a ihned n\u00e1s kontaktujte. Do e-mailu p\u0159ilo\u017ete fotografie a my urychl\u00edme doru\u010den\u00ed n\u00e1hradn\u00edch d\u00edl\u016f. <\/p>\n\n\n\n<figure class=\"wp-block-image size-full is-resized\"><img loading=\"lazy\" decoding=\"async\" width=\"750\" height=\"750\" src=\"https:\/\/oncourt.online\/wp-content\/uploads\/2021\/10\/MegaDlam-Installation-Dig-and-Pour.png\" alt=\"\" class=\"wp-image-319\" style=\"width:188px;height:188px\" srcset=\"https:\/\/oncourt.online\/wp-content\/uploads\/2021\/10\/MegaDlam-Installation-Dig-and-Pour.png 750w, https:\/\/oncourt.online\/wp-content\/uploads\/2021\/10\/MegaDlam-Installation-Dig-and-Pour-100x100.png 100w, https:\/\/oncourt.online\/wp-content\/uploads\/2021\/10\/MegaDlam-Installation-Dig-and-Pour-545x545.png 545w\" sizes=\"auto, (max-width: 750px) 100vw, 750px\" \/><\/figure>\n\n\n\n<h3 class=\"gb-headline gb-headline-a22b1bbf gb-headline-text\">Instalace<\/h3>\n\n\n\n<p class=\"gb-headline gb-headline-507bcc99 gb-headline-text\">Jakmile v\u00e1m doraz\u00ed ko\u0161, je \u010das<a href=\"https:\/\/oncourt.online\/cs\/pruvodce\/instalace\/pruvodce-instalaci-basketbaloveho-kose\/\"> <em><strong>nainstalovat v\u00e1\u0161 Mega Slam Hoop<\/strong><\/em><\/a>.<\/p>\n\n<\/div>\n<\/div>","protected":false},"excerpt":{"rendered":"<p> &#8230; <a title=\"Doprava a doru\u010den\u00ed\" class=\"read-more\" href=\"https:\/\/oncourt.online\/cs\/shipping-delivery\/\" aria-label=\"\u010c\u00edst v\u00edce o Shipping And Delivery\">\u010c\u00edst v\u00edce<\/a><\/p>","protected":false},"author":2,"featured_media":6877,"parent":0,"menu_order":24,"comment_status":"closed","ping_status":"closed","template":"","meta":{"_acf_changed":false,"inline_featured_image":false,"footnotes":""},"class_list":{"0":"post-6797","1":"page","2":"type-page","3":"status-publish","4":"has-post-thumbnail","6":"infinite-scroll-item","7":"no-featured-image-padding","8":"resize-featured-image"},"acf":[],"yoast_head":"<!-- This site is optimized with the Yoast SEO Premium plugin v26.8 (Yoast SEO v27.3) - https:\/\/yoast.com\/product\/yoast-seo-premium-wordpress\/ -->\n<title>Shipping &amp; Delivery Information | OnCourt<\/title>\n<meta name=\"description\" content=\"Shipping and delivery information, including delivery methods, access planning, handling advice, and important notes for OnCourt orders.\" \/>\n<meta name=\"robots\" content=\"index, follow, max-snippet:-1, max-image-preview:large, max-video-preview:-1\" \/>\n<link rel=\"canonical\" href=\"https:\/\/oncourt.online\/cs\/doruceni-zasilky\/\" \/>\n<meta property=\"og:locale\" content=\"cs_CZ\" \/>\n<meta property=\"og:type\" content=\"article\" \/>\n<meta property=\"og:title\" content=\"Shipping And Delivery\" \/>\n<meta property=\"og:description\" content=\"Shipping and delivery information, including delivery methods, access planning, handling advice, and important notes for OnCourt orders.\" \/>\n<meta property=\"og:url\" content=\"https:\/\/oncourt.online\/cs\/doruceni-zasilky\/\" \/>\n<meta property=\"og:site_name\" content=\"OnCourt Online\" \/>\n<meta property=\"article:publisher\" content=\"https:\/\/www.facebook.com\/oncourt.online\/\" \/>\n<meta property=\"article:modified_time\" content=\"2026-01-09T02:04:24+00:00\" \/>\n<meta property=\"og:image\" content=\"https:\/\/oncourt.online\/wp-content\/uploads\/2022\/05\/OnCourt-Shipping-and-Delivery-Header.jpg\" \/>\n\t<meta property=\"og:image:width\" content=\"1440\" \/>\n\t<meta property=\"og:image:height\" content=\"498\" \/>\n\t<meta property=\"og:image:type\" content=\"image\/jpeg\" \/>\n<meta name=\"twitter:card\" content=\"summary_large_image\" \/>\n<meta name=\"twitter:label1\" content=\"Odhadovan\u00e1 doba \u010dten\u00ed\" \/>\n\t<meta name=\"twitter:data1\" content=\"6 minut\" \/>\n<!-- \/ Yoast SEO Premium plugin. -->","yoast_head_json":{"title":"Informace o Doru\u010den\u00ed | OnCourt","description":"Informace o p\u0159eprav\u011b a doru\u010den\u00ed, v\u010detn\u011b zp\u016fsob\u016f doru\u010den\u00ed, pl\u00e1nov\u00e1n\u00ed p\u0159\u00edstupu, rad k manipulaci a d\u016fle\u017eit\u00fdch pozn\u00e1mek pro objedn\u00e1vky OnCourt.","robots":{"index":"index","follow":"follow","max-snippet":"max-snippet:-1","max-image-preview":"max-image-preview:large","max-video-preview":"max-video-preview:-1"},"canonical":"https:\/\/oncourt.online\/cs\/doruceni-zasilky\/","og_locale":"cs_CZ","og_type":"article","og_title":"Shipping And Delivery","og_description":"Shipping and delivery information, including delivery methods, access planning, handling advice, and important notes for OnCourt orders.","og_url":"https:\/\/oncourt.online\/cs\/doruceni-zasilky\/","og_site_name":"OnCourt Online","article_publisher":"https:\/\/www.facebook.com\/oncourt.online\/","article_modified_time":"2026-01-09T02:04:24+00:00","og_image":[{"width":1440,"height":498,"url":"https:\/\/oncourt.online\/wp-content\/uploads\/2022\/05\/OnCourt-Shipping-and-Delivery-Header.jpg","type":"image\/jpeg"}],"twitter_card":"summary_large_image","twitter_misc":{"Odhadovan\u00e1 doba \u010dten\u00ed":"6 minut"},"schema":{"@context":"https:\/\/schema.org","@graph":[{"@type":"WebPage","@id":"https:\/\/oncourt.online\/cs\/shipping-delivery\/","url":"https:\/\/oncourt.online\/cs\/shipping-delivery\/","name":"Informace o Doru\u010den\u00ed | OnCourt","isPartOf":{"@id":"https:\/\/oncourt.online\/cs\/#website"},"primaryImageOfPage":{"@id":"https:\/\/oncourt.online\/cs\/shipping-delivery\/#primaryimage"},"image":{"@id":"https:\/\/oncourt.online\/cs\/shipping-delivery\/#primaryimage"},"thumbnailUrl":"https:\/\/oncourt.online\/wp-content\/uploads\/2022\/05\/OnCourt-Shipping-and-Delivery-Header.jpg","datePublished":"2022-05-26T13:42:42+00:00","dateModified":"2026-01-09T02:04:24+00:00","description":"Informace o p\u0159eprav\u011b a doru\u010den\u00ed, v\u010detn\u011b zp\u016fsob\u016f doru\u010den\u00ed, pl\u00e1nov\u00e1n\u00ed p\u0159\u00edstupu, rad k manipulaci a d\u016fle\u017eit\u00fdch pozn\u00e1mek pro objedn\u00e1vky OnCourt.","breadcrumb":{"@id":"https:\/\/oncourt.online\/cs\/shipping-delivery\/#breadcrumb"},"inLanguage":"cs","potentialAction":[{"@type":"ReadAction","target":["https:\/\/oncourt.online\/cs\/shipping-delivery\/"]}]},{"@type":"ImageObject","inLanguage":"cs","@id":"https:\/\/oncourt.online\/cs\/shipping-delivery\/#primaryimage","url":"https:\/\/oncourt.online\/wp-content\/uploads\/2022\/05\/OnCourt-Shipping-and-Delivery-Header.jpg","contentUrl":"https:\/\/oncourt.online\/wp-content\/uploads\/2022\/05\/OnCourt-Shipping-and-Delivery-Header.jpg","width":1440,"height":498,"caption":"Shipping & Delivery | OnCourt"},{"@type":"BreadcrumbList","@id":"https:\/\/oncourt.online\/cs\/shipping-delivery\/#breadcrumb","itemListElement":[{"@type":"ListItem","position":1,"name":"Home","item":"https:\/\/oncourt.online\/"},{"@type":"ListItem","position":2,"name":"Shipping And Delivery"}]},{"@type":"WebSite","@id":"https:\/\/oncourt.online\/cs\/#website","url":"https:\/\/oncourt.online\/cs\/","name":"OnCourt Online","description":"Vysoce v\u00fdkonn\u00e1 basketbalov\u00e1 h\u0159i\u0161t\u011b","publisher":{"@id":"https:\/\/oncourt.online\/cs\/#organization"},"potentialAction":[{"@type":"SearchAction","target":{"@type":"EntryPoint","urlTemplate":"https:\/\/oncourt.online\/cs\/?s={search_term_string}"},"query-input":{"@type":"PropertyValueSpecification","valueRequired":true,"valueName":"search_term_string"}}],"inLanguage":"cs"},{"@type":"Organization","@id":"https:\/\/oncourt.online\/cs\/#organization","name":"OnCourt Online","url":"https:\/\/oncourt.online\/cs\/","logo":{"@type":"ImageObject","inLanguage":"cs","@id":"https:\/\/oncourt.online\/cs\/#\/schema\/logo\/image\/","url":"https:\/\/oncourt.online\/wp-content\/uploads\/2021\/12\/Logo_OnCourt_Black.svg","contentUrl":"https:\/\/oncourt.online\/wp-content\/uploads\/2021\/12\/Logo_OnCourt_Black.svg","width":"1024","height":"1024","caption":"OnCourt Online"},"image":{"@id":"https:\/\/oncourt.online\/cs\/#\/schema\/logo\/image\/"},"sameAs":["https:\/\/www.facebook.com\/oncourt.online\/"],"email":"info@oncourt.online"}]}},"_links":{"self":[{"href":"https:\/\/oncourt.online\/cs\/wp-json\/wp\/v2\/pages\/6797","targetHints":{"allow":["GET"]}}],"collection":[{"href":"https:\/\/oncourt.online\/cs\/wp-json\/wp\/v2\/pages"}],"about":[{"href":"https:\/\/oncourt.online\/cs\/wp-json\/wp\/v2\/types\/page"}],"author":[{"embeddable":true,"href":"https:\/\/oncourt.online\/cs\/wp-json\/wp\/v2\/users\/2"}],"replies":[{"embeddable":true,"href":"https:\/\/oncourt.online\/cs\/wp-json\/wp\/v2\/comments?post=6797"}],"version-history":[{"count":0,"href":"https:\/\/oncourt.online\/cs\/wp-json\/wp\/v2\/pages\/6797\/revisions"}],"wp:featuredmedia":[{"embeddable":true,"href":"https:\/\/oncourt.online\/cs\/wp-json\/wp\/v2\/media\/6877"}],"wp:attachment":[{"href":"https:\/\/oncourt.online\/cs\/wp-json\/wp\/v2\/media?parent=6797"}],"curies":[{"name":"wp","href":"https:\/\/api.w.org\/{rel}","templated":true}]}}