{"id":428,"date":"2021-10-22T11:43:33","date_gmt":"2021-10-22T11:43:33","guid":{"rendered":"https:\/\/oncourt.online\/?page_id=428"},"modified":"2026-01-03T03:34:58","modified_gmt":"2026-01-03T03:34:58","slug":"dozivotni-zaruka","status":"publish","type":"page","link":"https:\/\/oncourt.online\/cs\/basketball-hoops\/lifetime-warranty\/","title":{"rendered":"Do\u017eivotn\u00ed z\u00e1ruka"},"content":{"rendered":"<div class=\"gb-element-118ef599\">\n<div class=\"gb-element-d7eed537\">\n<h2 class=\"gb-headline gb-headline-96ad026f gb-headline-text\">Dobr\u00e9 pro cel\u00fd \u017eivot sme\u010dov\u00e1n\u00ed, sme\u010d\u016f a zava\u0159ov\u00e1n\u00ed<\/h2>\n\n\n\n<p class=\"gb-headline gb-headline-78623ab6 gb-headline-text\">Spole\u010dnosti Mega Slam Hoops a OnCourt se zav\u00e1zaly poskytovat nejlep\u0161\u00ed basketbalov\u00e9 syst\u00e9my pro dom\u00e1cnosti, kter\u00e9 lze za pen\u00edze koupit. Produkty Mega Slam jsou navr\u017eeny tak, aby vydr\u017eely po cel\u00fd \u017eivot. Je logick\u00e9, \u017ee z\u00e1ruka trv\u00e1 stejn\u011b dlouho.<br>U jin\u00fdch v\u00fdrobc\u016f obru\u010d\u00ed nic z toho nenajdete. Ve skute\u010dnosti si za basketbalov\u00fdmi syst\u00e9my Mega Slam Hoops stoj\u00edme a zaru\u010dujeme skv\u011bl\u00fd v\u00fdkon po celou dobu hran\u00ed, a to a\u017e po matice a \u0161rouby.<\/p>\n\n\n\n<p class=\"gb-headline gb-headline-c6f59d0a gb-headline-text\"><br><strong>OMEZEN\u00c1 DO\u017dIVOTN\u00cd Z\u00c1RUKA NA BASKETBALOV\u00c9 SYST\u00c9MY<\/strong><br>OMEZEN\u00c1 DO\u017dIVOTN\u00cd Z\u00c1RUKA se vztahuje pouze na p\u016fvodn\u00edho maloobchodn\u00edho kupuj\u00edc\u00edho spot\u0159ebitele, na jeho\u017e konstruk\u010dn\u00ed sou\u010d\u00e1sti obru\u010de Mega Slam Hoops (d\u00e1le jen \"v\u00fdrobek\") se vztahuje z\u00e1ruka na bezvadnost materi\u00e1lu a zpracov\u00e1n\u00ed, s v\u00fdhradou n\u00ed\u017ee popsan\u00fdch omezen\u00ed. \"Vady\" jsou definov\u00e1ny jako nedokonalosti, kter\u00e9 zhor\u0161uj\u00ed pou\u017e\u00edv\u00e1n\u00ed v\u00fdrobku.<\/p>\n\n\n\n<p>THE LIMITED LIFETIME WARRANTY COVERAGE IS EXTENDED ONLY TO THE ORIGINAL RETAIL PURCHASER AND TERMINATES IF THE ORIGINAL RETAIL PURCHASER OTHERWISE TRANSFERS OR SELLS THE PRODUCT. THIS WARRANTY IS VOID IF THE PRODUCT HAS BEEN DAMAGED BY IMPROPER SERVICE, NEGLIGENCE, ACCIDENT, UNREASONABLE USE, IMPROPER INSTALLATION, OR OTHER CAUSES NOT RESULTING FROM DEFECTS IN MATERIAL AND WORKMANSHIP. <\/p>\n\n\n\n<p>Subject to proper installation in accordance with the installation instructions; normal residential use for glass backboards; normal basketball related activities; and has been maintained in agreement with the instructions.<\/p>\n\n\n\n<p class=\"gb-headline gb-headline-1de06637 gb-headline-text\"><br><strong>Z\u00c1RU\u010cN\u00cd REKLAMACE<\/strong><br>Proof of purchase by the original retail Consumer Purchaser is required for all warranty claims.<\/p>\n\n\n\n<p>Mega Sports UK Ltd reserves the right to examine physical evidence or photographs of the Product, or component parts, claimed to be defective, and to recover said Product, prior to authorising a warranty claim. If applicable, a \u201cReturn Merchandise Authorisation\u201d (RMA) number will be required prior to shipping damaged Product by original retail Consumer Purchaser with freight prepaid.<\/p>\n\n\n\n<p>In returning a Product or component part for repair or replacement under this warranty, the original Consumer Purchaser must prepay all shipping transportation, insurance and delivery costs, and the Product or component parts, must be delivered in either its original carton or a similar package affording an equal degree of protection.<\/p>\n\n\n\n<p>Mega Sports UK Ltd will not be responsible for any loss or damage incurred in connection with the return of this Product or component parts.<\/p>\n\n\n\n<p>Omezen\u00e1 do\u017eivotn\u00ed z\u00e1ruka se nevztahuje na:<\/p>\n\n\n\n<p>Tato z\u00e1ruka se nevztahuje na \u017e\u00e1dn\u00fd v\u00fdrobek, kter\u00fd byl vystaven nespr\u00e1vn\u00e9mu pou\u017eit\u00ed, zneu\u017eit\u00ed, neobvykl\u00e9mu pou\u017e\u00edv\u00e1n\u00ed, nedbalosti, \u00faprav\u00e1m, nehod\u011b, nespr\u00e1vn\u00e9 instalaci, vandalismu nebo po\u017e\u00e1ru.<\/p>\n\n\n\n<p>Barva, zreziv\u011bl\u00e9 \u010d\u00e1sti, povrchov\u00e9 \u0161kr\u00e1bance, vyblednut\u00ed, zm\u011bna barvy nebo praskliny, kter\u00e9 nemaj\u00ed vliv na funk\u010dnost v\u00fdrobku.<\/p>\n\n\n\n<p>Po\u0161kozen\u00ed nebo opot\u0159eben\u00ed v d\u016fsledku \u010dasu nebo b\u011b\u017en\u00e9ho opot\u0159eben\u00ed.<\/p>\n\n\n\n<p>Mezi \u0161kody zp\u016fsoben\u00e9 \"z\u00e1sahem vy\u0161\u0161\u00ed moci\" pat\u0159\u00ed mimo jin\u00e9 z\u00e1plavy, torn\u00e1da, krupobit\u00ed, blesky, p\u00edse\u010dn\u00e9 bou\u0159e, v\u011btrn\u00e9 bou\u0159e nebo zem\u011bt\u0159esen\u00ed.<\/p>\n\n\n\n<p>Mezi \u0161kody zp\u016fsoben\u00e9 \"faktory prost\u0159ed\u00ed\" pat\u0159\u00ed mimo jin\u00e9 spad z ovzdu\u0161\u00ed, chemik\u00e1lie, mo\u0159sk\u00e1 mlha nebo p\u00edsek p\u0159en\u00e1\u0161en\u00fd v\u011btrem.<\/p>\n\n\n\n<p>P\u0159epravn\u00ed n\u00e1klady na ob\u011b strany za zaru\u010den\u00e9 nebo vym\u011bn\u011bn\u00e9 polo\u017eky mus\u00ed b\u00fdt p\u0159edem uhrazeny p\u016fvodn\u00edm maloobchodn\u00edm kupuj\u00edc\u00edm spot\u0159ebitelem.<\/p>\n\n\n\n<p>servisn\u00ed poplatky prodejce, n\u00e1klady na pr\u00e1ci nebo cestovn\u00ed v\u00fddaje. Ve\u0161ker\u00e9 mzdov\u00e9 n\u00e1klady, cestovn\u00ed v\u00fddaje a dal\u0161\u00ed poplatky spojen\u00e9 s instalac\u00ed, kontrolou, servisem nebo v\u00fdm\u011bnou V\u00fdrobku nebo v\u00fdm\u011bnou d\u00edl\u016f nese p\u016fvodn\u00ed maloobchodn\u00ed kupuj\u00edc\u00ed spot\u0159ebitel.<\/p>\n\n\n\n<p>TATO Z\u00c1RUKA V\u00ddSLOVN\u011a NAHRAZUJE V\u0160ECHNY OSTATN\u00cd Z\u00c1RUKY, V\u00ddSLOVN\u00c9 NEBO P\u0158EDPOKL\u00c1DAN\u00c9, MIMO JIN\u00c9 V\u010cETN\u011a JAK\u00c9KOLI P\u0158EDPOKL\u00c1DAN\u00c9 Z\u00c1RUKY PRODEJNOSTI NEBO VHODNOSTI PRO UR\u010cIT\u00dd \u00da\u010cEL, A V\u0160ECHNY OSTATN\u00cd Z\u00c1VAZKY SPOLE\u010cNOSTI MEGA SPORTS UK LTD, AV\u0160AK ZA P\u0158EDPOKLADU, \u017dE POKUD JE PODLE PLATN\u00ddCH PR\u00c1VN\u00cdCH P\u0158EDPIS\u016e \u00da\u010cINN\u00c9 ODM\u00cdTNUT\u00cd P\u0158EDPOKL\u00c1DAN\u00ddCH Z\u00c1RUK, JE TRV\u00c1N\u00cd JAK\u00ddCHKOLI P\u0158EDPOKL\u00c1DAN\u00ddCH Z\u00c1RUK VYPL\u00ddVAJ\u00cdC\u00cdCH ZE Z\u00c1KONA OMEZENO NA JEDEN (1) ROK OD DATA N\u00c1KUPU NEBO NA DEL\u0160\u00cd DOBU, KTER\u00c1 M\u016e\u017dE B\u00ddT VY\u017dADOV\u00c1NA PLATN\u00ddMI PR\u00c1VN\u00cdMI P\u0158EDPISY.<\/p>\n\n\n\n<p>MEGA SPORTS UK LTD HEREBY DISCLAIMS ANY AND ALL LIABILITY FOR CONSEQUENTIAL AND INCIDENTAL DAMAGES ARISING OUT OF OR IN CONNECTION WITH ANY BREACH OF THIS WARRANTY OR ANY OTHER CLAIM WITH RESPECT TO THIS PRODUCT, INCLUDING BUT NOT LIMITED TO, CLAIMS OF NEGLIGENCE, STRICT LIABILITY IN TORT OR BREACH OF CONTRACT.<\/p>\n\n\n\n<p>SOME STATES DO NOT ALLOW (A) LIMITATIONS ON HOW LONG AN IMPLIED WARRANTY LASTS OR (B) THE EXCLUSION OR LIMITATION OF INCIDENTAL OR CONSEQUENTIAL DAMAGES, SO THE ABOVE LIMITATIONS OR EXCLUSIONS MAY NOT APPLY TO YOU. THIS WARRANTY GIVES YOU SPECIFIC LEGAL RIGHTS AND YOU MAY HAVE OTHER RIGHTS WHICH VARY FROM STATE TO STATE.<\/p>\n\n\n\n<p>FOR THE ORIGINAL RETAIL PURCHASER TO SUBMIT A WARRANTY CLAIM, CALL OR WRITE MEGA SLAM HOOPS UK.<\/p>\n\n\n\n<p>TELEFON<br>020 3920 7400<br><br>EMAIL<br>support@megaslamhoops.uk<br>PO\u0160TOVN\u00cd ADRESA<br><br>Mega Slam \u010cesk\u00e1 republika<br>The Hollies, Station Road, Chilbolton<br>Stockbridge, Hampshire<br>Velk\u00e1 Brit\u00e1nie, SO20 6AL<\/p>\n<\/div>\n<\/div>","protected":false},"excerpt":{"rendered":"<p> &#8230; <a title=\"Do\u017eivotn\u00ed z\u00e1ruka\" class=\"read-more\" href=\"https:\/\/oncourt.online\/cs\/basketball-hoops\/lifetime-warranty\/\" aria-label=\"\u010c\u00edst v\u00edce o Lifetime Warranty\">\u010c\u00edst v\u00edce<\/a><\/p>","protected":false},"author":2,"featured_media":362,"parent":34,"menu_order":0,"comment_status":"closed","ping_status":"closed","template":"","meta":{"_acf_changed":false,"inline_featured_image":false,"footnotes":""},"class_list":{"0":"post-428","1":"page","2":"type-page","3":"status-publish","4":"has-post-thumbnail","6":"infinite-scroll-item","7":"no-featured-image-padding","8":"resize-featured-image"},"acf":[],"yoast_head":"<!-- This site is optimized with the Yoast SEO Premium plugin v26.8 (Yoast SEO v27.3) - https:\/\/yoast.com\/product\/yoast-seo-premium-wordpress\/ -->\n<title>Lifetime Warranty - OnCourt Online<\/title>\n<meta name=\"description\" content=\"Mega Slam Hoops and OnCourt are committed to providing the best residential basketball systems that your money can buy.\" \/>\n<meta name=\"robots\" content=\"index, follow, max-snippet:-1, max-image-preview:large, max-video-preview:-1\" \/>\n<link rel=\"canonical\" href=\"https:\/\/oncourt.online\/cs\/basketbalove-kose\/dozivotni-zaruka\/\" \/>\n<meta property=\"og:locale\" content=\"cs_CZ\" \/>\n<meta property=\"og:type\" content=\"article\" \/>\n<meta property=\"og:title\" content=\"Lifetime Warranty\" \/>\n<meta property=\"og:description\" content=\"Mega Slam Hoops and OnCourt are committed to providing the best residential basketball systems that your money can buy.\" \/>\n<meta property=\"og:url\" content=\"https:\/\/oncourt.online\/cs\/basketbalove-kose\/dozivotni-zaruka\/\" \/>\n<meta property=\"og:site_name\" content=\"OnCourt Online\" \/>\n<meta property=\"article:publisher\" content=\"https:\/\/www.facebook.com\/oncourt.online\/\" \/>\n<meta property=\"article:modified_time\" content=\"2026-01-03T03:34:58+00:00\" \/>\n<meta property=\"og:image\" content=\"https:\/\/oncourt.online\/wp-content\/uploads\/2021\/10\/Mega-Slam-Hoops-Lifetime-Warranty.png\" \/>\n\t<meta property=\"og:image:width\" content=\"300\" \/>\n\t<meta property=\"og:image:height\" content=\"300\" \/>\n\t<meta property=\"og:image:type\" content=\"image\/png\" \/>\n<meta name=\"twitter:card\" content=\"summary_large_image\" \/>\n<meta name=\"twitter:label1\" content=\"Odhadovan\u00e1 doba \u010dten\u00ed\" \/>\n\t<meta name=\"twitter:data1\" content=\"4 minuty\" \/>\n<!-- \/ Yoast SEO Premium plugin. -->","yoast_head_json":{"title":"Do\u017eivotn\u00ed z\u00e1ruka - OnCourt Online","description":"Spole\u010dnosti Mega Slam Hoops a OnCourt se zav\u00e1zaly poskytovat ty nejlep\u0161\u00ed basketbalov\u00e9 syst\u00e9my pro dom\u00e1cnosti, kter\u00e9 si m\u016f\u017eete za sv\u00e9 pen\u00edze po\u0159\u00eddit.","robots":{"index":"index","follow":"follow","max-snippet":"max-snippet:-1","max-image-preview":"max-image-preview:large","max-video-preview":"max-video-preview:-1"},"canonical":"https:\/\/oncourt.online\/cs\/basketbalove-kose\/dozivotni-zaruka\/","og_locale":"cs_CZ","og_type":"article","og_title":"Lifetime Warranty","og_description":"Mega Slam Hoops and OnCourt are committed to providing the best residential basketball systems that your money can buy.","og_url":"https:\/\/oncourt.online\/cs\/basketbalove-kose\/dozivotni-zaruka\/","og_site_name":"OnCourt Online","article_publisher":"https:\/\/www.facebook.com\/oncourt.online\/","article_modified_time":"2026-01-03T03:34:58+00:00","og_image":[{"width":300,"height":300,"url":"https:\/\/oncourt.online\/wp-content\/uploads\/2021\/10\/Mega-Slam-Hoops-Lifetime-Warranty.png","type":"image\/png"}],"twitter_card":"summary_large_image","twitter_misc":{"Odhadovan\u00e1 doba \u010dten\u00ed":"4 minuty"},"schema":{"@context":"https:\/\/schema.org","@graph":[{"@type":"WebPage","@id":"https:\/\/oncourt.online\/cs\/basketball-hoops\/lifetime-warranty\/","url":"https:\/\/oncourt.online\/cs\/basketball-hoops\/lifetime-warranty\/","name":"Do\u017eivotn\u00ed z\u00e1ruka - OnCourt Online","isPartOf":{"@id":"https:\/\/oncourt.online\/cs\/#website"},"primaryImageOfPage":{"@id":"https:\/\/oncourt.online\/cs\/basketball-hoops\/lifetime-warranty\/#primaryimage"},"image":{"@id":"https:\/\/oncourt.online\/cs\/basketball-hoops\/lifetime-warranty\/#primaryimage"},"thumbnailUrl":"https:\/\/oncourt.online\/wp-content\/uploads\/2021\/10\/Mega-Slam-Hoops-Lifetime-Warranty.png","datePublished":"2021-10-22T11:43:33+00:00","dateModified":"2026-01-03T03:34:58+00:00","description":"Spole\u010dnosti Mega Slam Hoops a OnCourt se zav\u00e1zaly poskytovat ty nejlep\u0161\u00ed basketbalov\u00e9 syst\u00e9my pro dom\u00e1cnosti, kter\u00e9 si m\u016f\u017eete za sv\u00e9 pen\u00edze po\u0159\u00eddit.","breadcrumb":{"@id":"https:\/\/oncourt.online\/cs\/basketball-hoops\/lifetime-warranty\/#breadcrumb"},"inLanguage":"cs","potentialAction":[{"@type":"ReadAction","target":["https:\/\/oncourt.online\/cs\/basketball-hoops\/lifetime-warranty\/"]}]},{"@type":"ImageObject","inLanguage":"cs","@id":"https:\/\/oncourt.online\/cs\/basketball-hoops\/lifetime-warranty\/#primaryimage","url":"https:\/\/oncourt.online\/wp-content\/uploads\/2021\/10\/Mega-Slam-Hoops-Lifetime-Warranty.png","contentUrl":"https:\/\/oncourt.online\/wp-content\/uploads\/2021\/10\/Mega-Slam-Hoops-Lifetime-Warranty.png","width":300,"height":300,"caption":"Mega Slam Hoops - Lifetime Warranty"},{"@type":"BreadcrumbList","@id":"https:\/\/oncourt.online\/cs\/basketball-hoops\/lifetime-warranty\/#breadcrumb","itemListElement":[{"@type":"ListItem","position":1,"name":"Home","item":"https:\/\/oncourt.online\/"},{"@type":"ListItem","position":2,"name":"Basketball Hoops","item":"https:\/\/oncourt.online\/cs\/basketball-hoops\/"},{"@type":"ListItem","position":3,"name":"Lifetime Warranty"}]},{"@type":"WebSite","@id":"https:\/\/oncourt.online\/cs\/#website","url":"https:\/\/oncourt.online\/cs\/","name":"OnCourt Online","description":"Vysoce v\u00fdkonn\u00e1 basketbalov\u00e1 h\u0159i\u0161t\u011b","publisher":{"@id":"https:\/\/oncourt.online\/cs\/#organization"},"potentialAction":[{"@type":"SearchAction","target":{"@type":"EntryPoint","urlTemplate":"https:\/\/oncourt.online\/cs\/?s={search_term_string}"},"query-input":{"@type":"PropertyValueSpecification","valueRequired":true,"valueName":"search_term_string"}}],"inLanguage":"cs"},{"@type":"Organization","@id":"https:\/\/oncourt.online\/cs\/#organization","name":"OnCourt Online","url":"https:\/\/oncourt.online\/cs\/","logo":{"@type":"ImageObject","inLanguage":"cs","@id":"https:\/\/oncourt.online\/cs\/#\/schema\/logo\/image\/","url":"https:\/\/oncourt.online\/wp-content\/uploads\/2021\/12\/Logo_OnCourt_Black.svg","contentUrl":"https:\/\/oncourt.online\/wp-content\/uploads\/2021\/12\/Logo_OnCourt_Black.svg","width":"1024","height":"1024","caption":"OnCourt Online"},"image":{"@id":"https:\/\/oncourt.online\/cs\/#\/schema\/logo\/image\/"},"sameAs":["https:\/\/www.facebook.com\/oncourt.online\/"],"email":"info@oncourt.online"}]}},"_links":{"self":[{"href":"https:\/\/oncourt.online\/cs\/wp-json\/wp\/v2\/pages\/428","targetHints":{"allow":["GET"]}}],"collection":[{"href":"https:\/\/oncourt.online\/cs\/wp-json\/wp\/v2\/pages"}],"about":[{"href":"https:\/\/oncourt.online\/cs\/wp-json\/wp\/v2\/types\/page"}],"author":[{"embeddable":true,"href":"https:\/\/oncourt.online\/cs\/wp-json\/wp\/v2\/users\/2"}],"replies":[{"embeddable":true,"href":"https:\/\/oncourt.online\/cs\/wp-json\/wp\/v2\/comments?post=428"}],"version-history":[{"count":0,"href":"https:\/\/oncourt.online\/cs\/wp-json\/wp\/v2\/pages\/428\/revisions"}],"up":[{"embeddable":true,"href":"https:\/\/oncourt.online\/cs\/wp-json\/wp\/v2\/pages\/34"}],"wp:featuredmedia":[{"embeddable":true,"href":"https:\/\/oncourt.online\/cs\/wp-json\/wp\/v2\/media\/362"}],"wp:attachment":[{"href":"https:\/\/oncourt.online\/cs\/wp-json\/wp\/v2\/media?parent=428"}],"curies":[{"name":"wp","href":"https:\/\/api.w.org\/{rel}","templated":true}]}}