{"id":3706,"date":"2022-03-08T09:13:55","date_gmt":"2022-03-08T09:13:55","guid":{"rendered":"https:\/\/oncourt.online\/?page_id=3706"},"modified":"2026-01-13T08:00:41","modified_gmt":"2026-01-13T08:00:41","slug":"pripojit-se-k-oncourt","status":"publish","type":"page","link":"https:\/\/oncourt.online\/cs\/join-oncourt\/","title":{"rendered":"Spolupracujte s OnCourt"},"content":{"rendered":"<div class=\"gb-container gb-container-c9c919f1\"><div class=\"gb-inside-container\">\n<div class=\"gb-container gb-container-cefabf47\"><div class=\"gb-inside-container\">\n\n<h2 class=\"gb-headline gb-headline-d23b44e5 gb-headline-text\">Spolupracujte se specialistou na basketbalov\u00e1 h\u0159i\u0161t\u011b<\/h2>\n\n\n\n<p class=\"gb-headline gb-headline-b071501e gb-headline-text\">OnCourt spolupracuje s profesion\u00e1ly po cel\u00e9 Evrop\u011b, kte\u0159\u00ed navrhuj\u00ed, realizuj\u00ed a specifikuj\u00ed venkovn\u00ed sportovn\u00ed prostory. N\u00e1\u0161 partnersk\u00fd program je ur\u010den firm\u00e1m, kter\u00e9 cht\u011bj\u00ed sv\u00fdm klient\u016fm nab\u00edzet vysoce v\u00fdkonn\u00e1 basketbalov\u00e1 h\u0159i\u0161t\u011b, podpo\u0159en\u00e1 specializovan\u00fdmi produkty, p\u0159esn\u00fdmi pl\u00e1novac\u00edmi n\u00e1stroji a odbornou podporou.<\/p>\n\n\n\n<p class=\"gb-text gb-text-6b40232a\">Nep\u016fsob\u00edme jako obecn\u00fd dodavatel sportovn\u00edho vybaven\u00ed. Zam\u011b\u0159ujeme se na basketbal a spolupracujeme s partnery, kte\u0159\u00ed kladou d\u016fraz na spr\u00e1vn\u00e9 proveden\u00ed.<\/p>\n\n\n\n<h3 class=\"gb-text gb-text-a0baa6e3\">S k\u00fdm spolupracujeme<\/h3>\n\n\n\n<p>Spolupracujeme s firmami zapojen\u00fdmi do venkovn\u00ed v\u00fdstavby, n\u00e1vrhu a povrchov\u00fdch \u00faprav, v\u010detn\u011b:<\/p>\n\n\n\n<ul class=\"wp-block-list\">\n<li>Stavebn\u00ed dodavatel\u00e9 a gener\u00e1ln\u00ed zhotovitel\u00e9<\/li>\n\n\n\n<li>Krajin\u00e1\u0159\u0161t\u00ed a zahradn\u00ed design\u00e9\u0159i<\/li>\n\n\n\n<li>Dodavatel\u00e9 zemn\u00edch a in\u017een\u00fdrsk\u00fdch prac\u00ed<\/li>\n\n\n\n<li>Stavitel\u00e9 sportovn\u00edch h\u0159i\u0161\u0165 a specialist\u00e9 na renovaci povrch\u016f<\/li>\n\n\n\n<li>Architekti a projektanti<\/li>\n\n\n\n<li>Designov\u011b orientovan\u00ed specialist\u00e9 na venkovn\u00ed prostory<\/li>\n<\/ul>\n\n\n\n<p class=\"gb-text gb-text-b726bb2a\">Pokud se va\u0161e pr\u00e1ce t\u00fdk\u00e1 pl\u00e1nov\u00e1n\u00ed nebo v\u00fdstavby venkovn\u00edch prostor a chcete do sv\u00e9 nab\u00eddky p\u0159idat basketbalov\u00e1 h\u0159i\u0161t\u011b, r\u00e1di se s v\u00e1mi spoj\u00edme.<\/p>\n\n\n\n<div class=\"gb-element-bbf74639\">\n<div>\n<img loading=\"lazy\" decoding=\"async\" width=\"660\" height=\"400\" class=\"img_12px_radius gb-media-76f4f695\" alt=\"\" title=\"OnCourt Modular Basketball Court Surface Installation\" src=\"https:\/\/oncourt.online\/wp-content\/uploads\/2022\/05\/OnCourt-Modular-Basketball-Court-Surface-Installation.jpg\" srcset=\"https:\/\/oncourt.online\/wp-content\/uploads\/2022\/05\/OnCourt-Modular-Basketball-Court-Surface-Installation.jpg 660w, https:\/\/oncourt.online\/wp-content\/uploads\/2022\/05\/OnCourt-Modular-Basketball-Court-Surface-Installation-300x182.jpg 300w, https:\/\/oncourt.online\/wp-content\/uploads\/2022\/05\/OnCourt-Modular-Basketball-Court-Surface-Installation-18x12.jpg 18w, https:\/\/oncourt.online\/wp-content\/uploads\/2022\/05\/OnCourt-Modular-Basketball-Court-Surface-Installation-545x330.jpg 545w\" sizes=\"auto, (max-width: 660px) 100vw, 660px\" \/>\n<\/div>\n\n\n\n<div>\n<h2 class=\"gb-text\">Co mohou partne\u0159i OnCourt o\u010dek\u00e1vat<\/h2>\n\n\n\n<p class=\"gb-text last_text\">P\u0159\u00edstup k profesion\u00e1ln\u00edm n\u00e1stroj\u016fm pro n\u00e1vrh h\u0159i\u0161\u0165, zv\u00fdhodn\u011bn\u00fdm cen\u00e1m a odborn\u00e9 podpo\u0159e, kter\u00e9 v\u00e1m pomohou s jistotou pl\u00e1novat, specifikovat a realizovat vysoce v\u00fdkonn\u00e1 basketbalov\u00e1 h\u0159i\u0161t\u011b.<\/p>\n<\/div>\n<\/div>\n\n\n\n<h4 class=\"gb-text\">Profesion\u00e1ln\u00ed n\u00e1vrhov\u00e9 n\u00e1stroje<\/h4>\n\n\n\n<p class=\"gb-text\">Vyu\u017eijte 3D platformu OnCourt pro n\u00e1vrh basketbalov\u00fdch h\u0159i\u0161\u0165 k pl\u00e1nov\u00e1n\u00ed rozvr\u017een\u00ed, zkoum\u00e1n\u00ed barevn\u00fdch sch\u00e9mat, specifikaci povrch\u016f a ko\u0161\u016f a vytv\u00e1\u0159en\u00ed p\u0159esn\u00fdch vizualizac\u00ed a cenov\u00fdch podklad\u016f pro klientsk\u00e9 nab\u00eddky.<\/p>\n\n\n\n<h4 class=\"gb-text\">Zv\u00fdhodn\u011bn\u00e9 obchodn\u00ed ceny<\/h4>\n\n\n\n<p class=\"gb-text\">Autorizovan\u00ed partne\u0159i z\u00edsk\u00e1vaj\u00ed p\u0159\u00edstup k obchodn\u00edm cen\u00e1m modul\u00e1rn\u00edch basketbalov\u00fdch povrch\u016f a ko\u0161\u016f Mega Slam, co\u017e v\u00e1m umo\u017e\u0148uje dod\u00e1vat pr\u00e9miov\u00e1 \u0159e\u0161en\u00ed p\u0159i zachov\u00e1n\u00ed zdrav\u00fdch mar\u017e\u00ed.<\/p>\n\n\n\n<h4 class=\"gb-text\">Specializovan\u00e1 technick\u00e1 podpora<\/h4>\n\n\n\n<p class=\"gb-text\">Z\u00edskejte p\u0159\u00edm\u00fd p\u0159\u00edstup k pokyn\u016fm ohledn\u011b rozvr\u017een\u00ed, v\u00fdb\u011bru povrch\u016f, po\u017eadavk\u016f na instalaci a kombinov\u00e1n\u00ed produkt\u016f, \u010d\u00edm\u017e sn\u00ed\u017e\u00edte nejistotu a vyhnete se n\u00e1kladn\u00fdm chyb\u00e1m na m\u00edst\u011b.<\/p>\n\n\n\n<h4 class=\"gb-text\">Jasn\u00e9 specifikace a zdroje<\/h4>\n\n\n\n<p class=\"gb-text gb-text-46b97fff\">Vyu\u017eijte na\u0161e pr\u016fvodce a pl\u00e1novac\u00ed zdroje, abyste se vyhnuli dohad\u016fm, omezili chyby a mohli klient\u016fm p\u0159edlo\u017eit jasn\u00e9 a p\u0159esv\u011bd\u010div\u00e9 n\u00e1vrhy.<\/p>\n\n\n\n<div class=\"gb-element-d984cac5\">\n<div>\n<img loading=\"lazy\" decoding=\"async\" width=\"1200\" height=\"960\" class=\"img_12px_radius gb-media-1c57b1fb\" alt=\"\" title=\"N\u00e1vrh st\u0159edn\u011b velk\u00e9ho basketbalov\u00e9ho h\u0159i\u0161t\u011b pro reziden\u010dn\u00ed \u00fa\u010dely\" src=\"https:\/\/oncourt.online\/wp-content\/uploads\/2025\/12\/Medium-Sized-Residential-Basketball-Court-Design.webp\"\/>\n<\/div>\n\n\n\n<div>\n<h3 class=\"gb-text\">Navr\u017eeno pro skute\u010dn\u00e9 projekty<\/h3>\n\n\n\n<p>Program OnCourt Partner je vhodn\u00fd pro profesion\u00e1ly, kte\u0159\u00ed poskytuj\u00ed:<\/p>\n\n\n\n<ul class=\"wp-block-list\">\n<li>Dom\u00e1c\u00ed kurty reziden\u010dn\u00edch dom\u016f<\/li>\n\n\n\n<li>Klubov\u00e9 a tr\u00e9ninkov\u00e9 za\u0159\u00edzen\u00ed<\/li>\n\n\n\n<li>\u0160koly a vzd\u011bl\u00e1vac\u00ed prostory<\/li>\n\n\n\n<li>Komer\u010dn\u00ed nebo v\u00edce\u00fa\u010delov\u00e9 venkovn\u00ed kurty<\/li>\n<\/ul>\n\n\n\n<p class=\"gb-text last_text\">Podporujeme partnery, kte\u0159\u00ed si zakl\u00e1daj\u00ed na kvalitn\u00edm proveden\u00ed a dlouhodob\u00fdch v\u00fdsledc\u00edch.<\/p>\n<\/div>\n<\/div>\n\n\n\n<div class=\"gb-element-f79012eb\">\n<h3 class=\"gb-text gb-text-5da21831\">P\u0159ihlaste se a sta\u0148te se partnerem OnCourt<\/h3>\n\n\n\n<p class=\"gb-text not_last_text\">Pokud m\u00e1te z\u00e1jem o spolupr\u00e1ci s OnCourt, vypl\u0148te n\u00ed\u017ee uveden\u00fd popt\u00e1vkov\u00fd formul\u00e1\u0159. <\/p>\n\n\n\n<p class=\"gb-text gb-text-209ee9ae\">V\u0161echny \u017e\u00e1dosti posuzujeme a ozveme se v\u00e1m, abychom prodiskutovali, zda je program vhodn\u00fd pro va\u0161e podnik\u00e1n\u00ed.<\/p>\n<\/div>\n\n\n<div class=\"gb-container gb-container-8ddfb2cf\">\n<div class=\"gb-container gb-container-2331fa75\">\n\n<div class=\"pipedriveWebForms\" data-pd-webforms=\"https:\/\/webforms.pipedrive.com\/f\/72sh6qMinrSZH2ne4xUP3ULKS8M2WpTQWqafe0OORqbdxmOBnY1VE9xSbvYlEfY04H\"><script src=\"https:\/\/webforms.pipedrive.com\/f\/loader\"><\/script><\/div>\n\n<\/div>\n\n\n\n\n\n\n\n\n\n\n\n\n\n\n\n\n\n\n\n\n\n\n\n\n\n\n<\/div>\n<\/div><\/div>\n<\/div><\/div>","protected":false},"excerpt":{"rendered":"<p> &#8230; <a title=\"Spolupracujte s OnCourt\" class=\"read-more\" href=\"https:\/\/oncourt.online\/cs\/join-oncourt\/\" aria-label=\"\u010c\u00edst v\u00edce o Work With OnCourt\">\u010c\u00edst v\u00edce<\/a><\/p>","protected":false},"author":2,"featured_media":7048,"parent":0,"menu_order":13,"comment_status":"closed","ping_status":"closed","template":"","meta":{"_acf_changed":false,"inline_featured_image":false,"footnotes":""},"class_list":{"0":"post-3706","1":"page","2":"type-page","3":"status-publish","4":"has-post-thumbnail","6":"infinite-scroll-item","7":"no-featured-image-padding","8":"resize-featured-image"},"acf":[],"yoast_head":"<!-- This site is optimized with the Yoast SEO Premium plugin v26.8 (Yoast SEO v27.3) - https:\/\/yoast.com\/product\/yoast-seo-premium-wordpress\/ -->\n<title>OnCourt Partners | Trade Pricing &amp; Basketball Court Design Tools<\/title>\n<meta name=\"description\" content=\"Partner with OnCourt. Work with a specialist basketball court supplier. Design tools, trade pricing, and support for residential &amp; commercial projects.\" \/>\n<meta name=\"robots\" content=\"index, follow, max-snippet:-1, max-image-preview:large, max-video-preview:-1\" \/>\n<link rel=\"canonical\" href=\"https:\/\/oncourt.online\/cs\/pripojit-se-k-oncourt\/\" \/>\n<meta property=\"og:locale\" content=\"cs_CZ\" \/>\n<meta property=\"og:type\" content=\"article\" \/>\n<meta property=\"og:title\" content=\"Work With OnCourt\" \/>\n<meta property=\"og:description\" content=\"Partner with OnCourt. Work with a specialist basketball court supplier. Design tools, trade pricing, and support for residential &amp; commercial projects.\" \/>\n<meta property=\"og:url\" content=\"https:\/\/oncourt.online\/cs\/pripojit-se-k-oncourt\/\" \/>\n<meta property=\"og:site_name\" content=\"OnCourt Online\" \/>\n<meta property=\"article:publisher\" content=\"https:\/\/www.facebook.com\/oncourt.online\/\" \/>\n<meta property=\"article:modified_time\" content=\"2026-01-13T08:00:41+00:00\" \/>\n<meta property=\"og:image\" content=\"https:\/\/oncourt.online\/wp-content\/uploads\/2022\/05\/OnCourt-Modular-Basketball-Court-Surface-Installation.jpg\" \/>\n\t<meta property=\"og:image:width\" content=\"660\" \/>\n\t<meta property=\"og:image:height\" content=\"400\" \/>\n\t<meta property=\"og:image:type\" content=\"image\/jpeg\" \/>\n<meta name=\"twitter:card\" content=\"summary_large_image\" \/>\n<meta name=\"twitter:label1\" content=\"Odhadovan\u00e1 doba \u010dten\u00ed\" \/>\n\t<meta name=\"twitter:data1\" content=\"3 minuty\" \/>\n<!-- \/ Yoast SEO Premium plugin. -->","yoast_head_json":{"title":"OnCourt Partne\u0159i | Velkoobchodn\u00ed Ceny a N\u00e1stroje pro N\u00e1vrh Basketbalov\u00fdch H\u0159i\u0161\u0165","description":"Sta\u0148te se partnerem OnCourt. Spolupracujte se specialistou na basketbalov\u00e1 h\u0159i\u0161t\u011b. N\u00e1vrhov\u00e9 n\u00e1stroje, velkoobchodn\u00ed ceny a podpora pro reziden\u010dn\u00ed i komer\u010dn\u00ed projekty.","robots":{"index":"index","follow":"follow","max-snippet":"max-snippet:-1","max-image-preview":"max-image-preview:large","max-video-preview":"max-video-preview:-1"},"canonical":"https:\/\/oncourt.online\/cs\/pripojit-se-k-oncourt\/","og_locale":"cs_CZ","og_type":"article","og_title":"Work With OnCourt","og_description":"Partner with OnCourt. Work with a specialist basketball court supplier. Design tools, trade pricing, and support for residential & commercial projects.","og_url":"https:\/\/oncourt.online\/cs\/pripojit-se-k-oncourt\/","og_site_name":"OnCourt Online","article_publisher":"https:\/\/www.facebook.com\/oncourt.online\/","article_modified_time":"2026-01-13T08:00:41+00:00","og_image":[{"width":660,"height":400,"url":"https:\/\/oncourt.online\/wp-content\/uploads\/2022\/05\/OnCourt-Modular-Basketball-Court-Surface-Installation.jpg","type":"image\/jpeg"}],"twitter_card":"summary_large_image","twitter_misc":{"Odhadovan\u00e1 doba \u010dten\u00ed":"3 minuty"},"schema":{"@context":"https:\/\/schema.org","@graph":[{"@type":"WebPage","@id":"https:\/\/oncourt.online\/cs\/join-oncourt\/","url":"https:\/\/oncourt.online\/cs\/join-oncourt\/","name":"OnCourt Partne\u0159i | Velkoobchodn\u00ed Ceny a N\u00e1stroje pro N\u00e1vrh Basketbalov\u00fdch H\u0159i\u0161\u0165","isPartOf":{"@id":"https:\/\/oncourt.online\/cs\/#website"},"primaryImageOfPage":{"@id":"https:\/\/oncourt.online\/cs\/join-oncourt\/#primaryimage"},"image":{"@id":"https:\/\/oncourt.online\/cs\/join-oncourt\/#primaryimage"},"thumbnailUrl":"https:\/\/oncourt.online\/wp-content\/uploads\/2022\/05\/OnCourt-Modular-Basketball-Court-Surface-Installation.jpg","datePublished":"2022-03-08T09:13:55+00:00","dateModified":"2026-01-13T08:00:41+00:00","description":"Sta\u0148te se partnerem OnCourt. Spolupracujte se specialistou na basketbalov\u00e1 h\u0159i\u0161t\u011b. N\u00e1vrhov\u00e9 n\u00e1stroje, velkoobchodn\u00ed ceny a podpora pro reziden\u010dn\u00ed i komer\u010dn\u00ed projekty.","breadcrumb":{"@id":"https:\/\/oncourt.online\/cs\/join-oncourt\/#breadcrumb"},"inLanguage":"cs","potentialAction":[{"@type":"ReadAction","target":["https:\/\/oncourt.online\/cs\/join-oncourt\/"]}]},{"@type":"ImageObject","inLanguage":"cs","@id":"https:\/\/oncourt.online\/cs\/join-oncourt\/#primaryimage","url":"https:\/\/oncourt.online\/wp-content\/uploads\/2022\/05\/OnCourt-Modular-Basketball-Court-Surface-Installation.jpg","contentUrl":"https:\/\/oncourt.online\/wp-content\/uploads\/2022\/05\/OnCourt-Modular-Basketball-Court-Surface-Installation.jpg","width":660,"height":400},{"@type":"BreadcrumbList","@id":"https:\/\/oncourt.online\/cs\/join-oncourt\/#breadcrumb","itemListElement":[{"@type":"ListItem","position":1,"name":"Home","item":"https:\/\/oncourt.online\/"},{"@type":"ListItem","position":2,"name":"Work With OnCourt"}]},{"@type":"WebSite","@id":"https:\/\/oncourt.online\/cs\/#website","url":"https:\/\/oncourt.online\/cs\/","name":"OnCourt Online","description":"Vysoce v\u00fdkonn\u00e1 basketbalov\u00e1 h\u0159i\u0161t\u011b","publisher":{"@id":"https:\/\/oncourt.online\/cs\/#organization"},"potentialAction":[{"@type":"SearchAction","target":{"@type":"EntryPoint","urlTemplate":"https:\/\/oncourt.online\/cs\/?s={search_term_string}"},"query-input":{"@type":"PropertyValueSpecification","valueRequired":true,"valueName":"search_term_string"}}],"inLanguage":"cs"},{"@type":"Organization","@id":"https:\/\/oncourt.online\/cs\/#organization","name":"OnCourt Online","url":"https:\/\/oncourt.online\/cs\/","logo":{"@type":"ImageObject","inLanguage":"cs","@id":"https:\/\/oncourt.online\/cs\/#\/schema\/logo\/image\/","url":"https:\/\/oncourt.online\/wp-content\/uploads\/2021\/12\/Logo_OnCourt_Black.svg","contentUrl":"https:\/\/oncourt.online\/wp-content\/uploads\/2021\/12\/Logo_OnCourt_Black.svg","width":"1024","height":"1024","caption":"OnCourt Online"},"image":{"@id":"https:\/\/oncourt.online\/cs\/#\/schema\/logo\/image\/"},"sameAs":["https:\/\/www.facebook.com\/oncourt.online\/"],"email":"info@oncourt.online"}]}},"_links":{"self":[{"href":"https:\/\/oncourt.online\/cs\/wp-json\/wp\/v2\/pages\/3706","targetHints":{"allow":["GET"]}}],"collection":[{"href":"https:\/\/oncourt.online\/cs\/wp-json\/wp\/v2\/pages"}],"about":[{"href":"https:\/\/oncourt.online\/cs\/wp-json\/wp\/v2\/types\/page"}],"author":[{"embeddable":true,"href":"https:\/\/oncourt.online\/cs\/wp-json\/wp\/v2\/users\/2"}],"replies":[{"embeddable":true,"href":"https:\/\/oncourt.online\/cs\/wp-json\/wp\/v2\/comments?post=3706"}],"version-history":[{"count":1,"href":"https:\/\/oncourt.online\/cs\/wp-json\/wp\/v2\/pages\/3706\/revisions"}],"predecessor-version":[{"id":17261,"href":"https:\/\/oncourt.online\/cs\/wp-json\/wp\/v2\/pages\/3706\/revisions\/17261"}],"wp:featuredmedia":[{"embeddable":true,"href":"https:\/\/oncourt.online\/cs\/wp-json\/wp\/v2\/media\/7048"}],"wp:attachment":[{"href":"https:\/\/oncourt.online\/cs\/wp-json\/wp\/v2\/media?parent=3706"}],"curies":[{"name":"wp","href":"https:\/\/api.w.org\/{rel}","templated":true}]}}