{"id":1638,"date":"2022-01-14T22:29:12","date_gmt":"2022-01-14T22:29:12","guid":{"rendered":"https:\/\/oncourt.online\/privacy-statement-uk\/"},"modified":"2025-12-21T06:19:37","modified_gmt":"2025-12-21T06:19:37","slug":"prohlaseni-o-ochrane-osobnich-udaju","status":"publish","type":"page","link":"https:\/\/oncourt.online\/cs\/privacy-statement\/","title":{"rendered":"Z\u00e1sady ochrany osobn\u00edch \u00fadaj\u016f"},"content":{"rendered":"<div class=\"gb-element-b3df1619\"><div class=\"gb-container gb-container-fdd8f967 uc-privacy-policy\">\n\n<div class=\"uc-privacy-policy\"><\/div>\n\n<\/div><\/div>","protected":false},"excerpt":{"rendered":"","protected":false},"author":2,"featured_media":6877,"parent":0,"menu_order":21,"comment_status":"closed","ping_status":"closed","template":"","meta":{"_acf_changed":false,"inline_featured_image":false,"footnotes":""},"class_list":{"0":"post-1638","1":"page","2":"type-page","3":"status-publish","4":"has-post-thumbnail","6":"infinite-scroll-item","7":"no-featured-image-padding","8":"resize-featured-image"},"acf":[],"yoast_head":"<!-- This site is optimized with the Yoast SEO Premium plugin v26.8 (Yoast SEO v26.9) - https:\/\/yoast.com\/product\/yoast-seo-premium-wordpress\/ -->\n<title>Privacy Policy - OnCourt Online<\/title>\n<meta name=\"description\" content=\"In this privacy statement, we explain what we do with the data we obtain about you via your use of the oncourt.online website.\" \/>\n<meta name=\"robots\" content=\"index, follow, max-snippet:-1, max-image-preview:large, max-video-preview:-1\" \/>\n<link rel=\"canonical\" href=\"https:\/\/oncourt.online\/cs\/prohlaseni-o-ochrane-osobnich-udaju\/\" \/>\n<meta property=\"og:locale\" content=\"cs_CZ\" \/>\n<meta property=\"og:type\" content=\"article\" \/>\n<meta property=\"og:title\" content=\"Privacy Policy\" \/>\n<meta property=\"og:description\" content=\"In this privacy statement, we explain what we do with the data we obtain about you via your use of the oncourt.online website.\" \/>\n<meta property=\"og:url\" content=\"https:\/\/oncourt.online\/cs\/prohlaseni-o-ochrane-osobnich-udaju\/\" \/>\n<meta property=\"og:site_name\" content=\"OnCourt Online\" \/>\n<meta property=\"article:publisher\" content=\"https:\/\/www.facebook.com\/oncourt.online\/\" \/>\n<meta property=\"article:modified_time\" content=\"2025-12-21T06:19:37+00:00\" \/>\n<meta property=\"og:image\" content=\"https:\/\/oncourt.online\/wp-content\/uploads\/2022\/05\/OnCourt-Shipping-and-Delivery-Header.jpg\" \/>\n\t<meta property=\"og:image:width\" content=\"1440\" \/>\n\t<meta property=\"og:image:height\" content=\"498\" \/>\n\t<meta property=\"og:image:type\" content=\"image\/jpeg\" \/>\n<meta name=\"twitter:card\" content=\"summary_large_image\" \/>\n<meta name=\"twitter:label1\" content=\"Odhadovan\u00e1 doba \u010dten\u00ed\" \/>\n\t<meta name=\"twitter:data1\" content=\"1 minuta\" \/>\n<!-- \/ Yoast SEO Premium plugin. -->","yoast_head_json":{"title":"Z\u00e1sady ochrany osobn\u00edch \u00fadaj\u016f - OnCourt Online","description":"V tomto prohl\u00e1\u0161en\u00ed o ochran\u011b osobn\u00edch \u00fadaj\u016f vysv\u011btlujeme, jak nakl\u00e1d\u00e1me s \u00fadaji, kter\u00e9 o v\u00e1s z\u00edsk\u00e1me p\u0159i pou\u017e\u00edv\u00e1n\u00ed webov\u00fdch str\u00e1nek oncourt.online.","robots":{"index":"index","follow":"follow","max-snippet":"max-snippet:-1","max-image-preview":"max-image-preview:large","max-video-preview":"max-video-preview:-1"},"canonical":"https:\/\/oncourt.online\/cs\/prohlaseni-o-ochrane-osobnich-udaju\/","og_locale":"cs_CZ","og_type":"article","og_title":"Privacy Policy","og_description":"In this privacy statement, we explain what we do with the data we obtain about you via your use of the oncourt.online website.","og_url":"https:\/\/oncourt.online\/cs\/prohlaseni-o-ochrane-osobnich-udaju\/","og_site_name":"OnCourt Online","article_publisher":"https:\/\/www.facebook.com\/oncourt.online\/","article_modified_time":"2025-12-21T06:19:37+00:00","og_image":[{"width":1440,"height":498,"url":"https:\/\/oncourt.online\/wp-content\/uploads\/2022\/05\/OnCourt-Shipping-and-Delivery-Header.jpg","type":"image\/jpeg"}],"twitter_card":"summary_large_image","twitter_misc":{"Odhadovan\u00e1 doba \u010dten\u00ed":"1 minuta"},"schema":{"@context":"https:\/\/schema.org","@graph":[{"@type":"WebPage","@id":"https:\/\/oncourt.online\/cs\/privacy-statement\/","url":"https:\/\/oncourt.online\/cs\/privacy-statement\/","name":"Z\u00e1sady ochrany osobn\u00edch \u00fadaj\u016f - OnCourt Online","isPartOf":{"@id":"https:\/\/oncourt.online\/cs\/#website"},"primaryImageOfPage":{"@id":"https:\/\/oncourt.online\/cs\/privacy-statement\/#primaryimage"},"image":{"@id":"https:\/\/oncourt.online\/cs\/privacy-statement\/#primaryimage"},"thumbnailUrl":"https:\/\/oncourt.online\/wp-content\/uploads\/2022\/05\/OnCourt-Shipping-and-Delivery-Header.jpg","datePublished":"2022-01-14T22:29:12+00:00","dateModified":"2025-12-21T06:19:37+00:00","description":"V tomto prohl\u00e1\u0161en\u00ed o ochran\u011b osobn\u00edch \u00fadaj\u016f vysv\u011btlujeme, jak nakl\u00e1d\u00e1me s \u00fadaji, kter\u00e9 o v\u00e1s z\u00edsk\u00e1me p\u0159i pou\u017e\u00edv\u00e1n\u00ed webov\u00fdch str\u00e1nek oncourt.online.","breadcrumb":{"@id":"https:\/\/oncourt.online\/cs\/privacy-statement\/#breadcrumb"},"inLanguage":"cs","potentialAction":[{"@type":"ReadAction","target":["https:\/\/oncourt.online\/cs\/privacy-statement\/"]}]},{"@type":"ImageObject","inLanguage":"cs","@id":"https:\/\/oncourt.online\/cs\/privacy-statement\/#primaryimage","url":"https:\/\/oncourt.online\/wp-content\/uploads\/2022\/05\/OnCourt-Shipping-and-Delivery-Header.jpg","contentUrl":"https:\/\/oncourt.online\/wp-content\/uploads\/2022\/05\/OnCourt-Shipping-and-Delivery-Header.jpg","width":1440,"height":498,"caption":"Shipping & Delivery | OnCourt"},{"@type":"BreadcrumbList","@id":"https:\/\/oncourt.online\/cs\/privacy-statement\/#breadcrumb","itemListElement":[{"@type":"ListItem","position":1,"name":"Home","item":"https:\/\/oncourt.online\/"},{"@type":"ListItem","position":2,"name":"Privacy Policy"}]},{"@type":"WebSite","@id":"https:\/\/oncourt.online\/cs\/#website","url":"https:\/\/oncourt.online\/cs\/","name":"OnCourt Online","description":"Vysoce v\u00fdkonn\u00e1 basketbalov\u00e1 h\u0159i\u0161t\u011b","publisher":{"@id":"https:\/\/oncourt.online\/cs\/#organization"},"potentialAction":[{"@type":"SearchAction","target":{"@type":"EntryPoint","urlTemplate":"https:\/\/oncourt.online\/cs\/?s={search_term_string}"},"query-input":{"@type":"PropertyValueSpecification","valueRequired":true,"valueName":"search_term_string"}}],"inLanguage":"cs"},{"@type":"Organization","@id":"https:\/\/oncourt.online\/cs\/#organization","name":"OnCourt Online","url":"https:\/\/oncourt.online\/cs\/","logo":{"@type":"ImageObject","inLanguage":"cs","@id":"https:\/\/oncourt.online\/cs\/#\/schema\/logo\/image\/","url":"https:\/\/oncourt.online\/wp-content\/uploads\/2021\/12\/Logo_OnCourt_Black.svg","contentUrl":"https:\/\/oncourt.online\/wp-content\/uploads\/2021\/12\/Logo_OnCourt_Black.svg","width":"1024","height":"1024","caption":"OnCourt Online"},"image":{"@id":"https:\/\/oncourt.online\/cs\/#\/schema\/logo\/image\/"},"sameAs":["https:\/\/www.facebook.com\/oncourt.online\/"],"email":"info@oncourt.online"}]}},"_links":{"self":[{"href":"https:\/\/oncourt.online\/cs\/wp-json\/wp\/v2\/pages\/1638","targetHints":{"allow":["GET"]}}],"collection":[{"href":"https:\/\/oncourt.online\/cs\/wp-json\/wp\/v2\/pages"}],"about":[{"href":"https:\/\/oncourt.online\/cs\/wp-json\/wp\/v2\/types\/page"}],"author":[{"embeddable":true,"href":"https:\/\/oncourt.online\/cs\/wp-json\/wp\/v2\/users\/2"}],"replies":[{"embeddable":true,"href":"https:\/\/oncourt.online\/cs\/wp-json\/wp\/v2\/comments?post=1638"}],"version-history":[{"count":0,"href":"https:\/\/oncourt.online\/cs\/wp-json\/wp\/v2\/pages\/1638\/revisions"}],"wp:featuredmedia":[{"embeddable":true,"href":"https:\/\/oncourt.online\/cs\/wp-json\/wp\/v2\/media\/6877"}],"wp:attachment":[{"href":"https:\/\/oncourt.online\/cs\/wp-json\/wp\/v2\/media?parent=1638"}],"curies":[{"name":"wp","href":"https:\/\/api.w.org\/{rel}","templated":true}]}}