{"id":6797,"date":"2022-05-26T13:42:42","date_gmt":"2022-05-26T13:42:42","guid":{"rendered":"https:\/\/oncourt.online\/?page_id=6797"},"modified":"2026-01-09T02:04:24","modified_gmt":"2026-01-09T02:04:24","slug":"shipping-delivery","status":"publish","type":"page","link":"https:\/\/oncourt.online\/bs\/shipping-delivery\/","title":{"rendered":"Dostava i isporuka"},"content":{"rendered":"<div class=\"gb-container gb-container-f34a8199\">\n<div class=\"gb-container gb-container-235943a7\">\n\n<h2 class=\"gb-headline gb-headline-88ee416e gb-headline-text\">Pravila dostave OnCourt Online<\/h2>\n\n\n\n<p class=\"gb-headline gb-headline-0924883b gb-headline-text not_last_text\">Isporuka i dostava na OnCourtu ovise o odabranim proizvodima. Ako kupujete komplet za teren, obru\u010d i pripadaju\u0107e komponente \u0161alju se \u0161to je prije mogu\u0107e kako bi bili spremni za ugradnju u podlogu. Podne sportske povr\u0161ine proizvode se i \u0161alju nakon pripreme, koja trenutno traje 10\u201312 sedmica. <\/p>\n\n\n\n<p class=\"gb-text not_last_text\">Dostupnost isporuke razlikuje se ovisno o zemlji. Isporuku vr\u0161imo samo u odabrane regije prikazane pri naplati.<\/p>\n\n\n\n<p>Ako va\u0161a zemlja nije navedena i planirate projekt ko\u0161arka\u0161kog terena, kontaktirajte nas kako bismo procijenili mogu\u0107nosti. Dostupnost se procjenjuje pojedina\u010dno. <\/p>\n\n\n\n<h3 class=\"gb-headline gb-headline-3e94b795 gb-headline-text\">Modularne sportske povr\u0161ine isporu\u010dene spremne za Plug &amp; Play ugradnju<\/h3>\n\n\n\n<p class=\"gb-headline gb-headline-e71567d7 gb-headline-text not_last_text\">Povr\u0161ine terena isporu\u010duju se u paketima spremnim za jednostavnu samostalnu ugradnju. Svaki teren dolazi zapakiran na paleti, s numeriranim plo\u010dama i referentnom mapom za lak\u0161u instalaciju (za stambene narud\u017ebe isporuka je do ruba kolnika).<\/p>\n\n\n\n<p class=\"translation-block\">Svaki modularni sportski teren izra\u0111uje se po narud\u017ebi, <strong>pri \u010demu proizvodnja traje otprilike<\/strong> <strong>10\u201312 sedmica<\/strong> od potvr\u0111enog prijema narud\u017ebe. Vrijeme isporuke varira ovisno o lokaciji, a nakon otpreme primit \u0107ete obavijest s procijenjenim datumom dolaska i pra\u0107enjem po\u0161iljke (aktivno nakon carinjenja u zemlji odredi\u0161ta). Sve carine su unaprijed pla\u0107ene, a isporuke se vr\u0161e po DDP (Delivered Duty Paid) osnovi, bez skrivenih tro\u0161kova.<\/p>\n\n\n<div class=\"gb-container gb-container-cfce094b\">\n\n<h2 class=\"gb-text\">Otprema proizvoda<\/h2>\n\n\n\n<p>Unless otherwise stated, all orders from OnCourt are shipped via trusted common carriers. Products are dispatched brand new and in good condition, as advertised. Basketball systems are delivered via <strong>Curbside Delivery<\/strong>, which means your order will be delivered to the curb at the end of your driveway. Please note this service <strong>does not include installation, assembly, or packaging removal<\/strong>.<\/p>\n\n\n\n<h3 class=\"gb-headline gb-headline-bce52be2 gb-headline-text\">Promjene adrese nakon otpreme<\/h3>\n\n\n\n<p>Ako se adresa isporuke promijeni nakon \u0161to po\u0161iljku preuzme cestovni prijevoznik, to se smatra ponovnom otpremom i primjenjuju se dodatni tro\u0161kovi.<\/p>\n\n\n\n<h3 class=\"gb-headline gb-headline-ab76306c gb-headline-text\">Delivery Schedule<\/h3>\n\n\n\n<p class=\"translation-block\">Isporuke se obi\u010dno vr\u0161e <strong>od ponedjeljka do petka, izme\u0111u 08:00 i 18:00<\/strong>. Vrijeme isporuke mo\u017ee varirati ovisno o va\u0161oj lokaciji, ruti voza\u010da i nepredvi\u0111enim faktorima poput gu\u017evi u saobra\u0107aju ili vremenskih ka\u0161njenja.<\/p>\n\n\n\n<h3 class=\"gb-headline gb-headline-d3e65b23 gb-headline-text\">Dostavno vozilo i pristup<\/h3>\n\n\n\n<p class=\"gb-text not_last_text translation-block\">Maloprodajne narud\u017ebe isporu\u010duju se putem <strong>te\u0161kih teretnih vozila (npr. LGV\/artikulirani kamion)<\/strong> i obi\u010dno uklju\u010duju <strong>hidrauli\u010dnu podiznu rampu<\/strong>. Voza\u010d je odgovoran za istovar proizvoda i njegovo postavljanje uz ivi\u010dnjak. Ako se izvr\u0161e dodatne usluge isporuke, mogu se naplatiti dodatni tro\u0161kovi.<\/p>\n\n\n\n<p class=\"translation-block\">Pa\u017eljivo provjerite dostavnicu kako biste potvrdili da <strong>nisu izvr\u0161ene dodatne usluge<\/strong>. Ako jesu, OnCourt zadr\u017eava pravo da <strong>proslijedi te tro\u0161kove<\/strong>.<\/p>\n\n\n\n<h3 class=\"wp-block-heading\" id=\"h-delivery-signature-amp-inspection\">Potpis pri isporuci i pregled<\/h3>\n\n\n\n<p class=\"gb-text not_last_text translation-block\">Pri isporuci je <strong>potreban potpis<\/strong>. Ambala\u017eu morate pregledati <strong>prije potpisivanja<\/strong>. Po potrebi mo\u017eete otvoriti kutiju kako biste provjerili stanje sadr\u017eaja, posebno <strong>staklene table<\/strong>, koje su osjetljivije tijekom transporta.<\/p>\n\n\n\n<p>Ako bilo koji dio po\u0161iljke izgleda o\u0161te\u0107en:<\/p>\n\n\n\n<ul class=\"wp-block-list\">\n<li><strong>Do not refuse delivery.<\/strong><\/li>\n\n\n\n<li>Make clear notes on the delivery receipt describing the issue (e.g., <em>&#8220;Backboard shattered at time of delivery&#8221;<\/em>).<\/li>\n\n\n\n<li>Take clear <strong>photos of the damage<\/strong>.<\/li>\n\n\n\n<li>Email the signed receipt and photos to our support team and we\u2019ll send a <strong>replacement part<\/strong> immediately.<\/li>\n<\/ul>\n\n\n\n<p class=\"gb-text not_last_text\">In the meantime, you can continue with any setup steps that are unaffected (e.g., setting anchors and allowing concrete to cure).<\/p>\n\n\n\n<p>A signature is required for all deliveries. Receiver will be required to sign a delivery receipt and delivery will not occur without it.<\/p>\n\n\n\n<h3 class=\"gb-headline gb-headline-7838bbbd gb-headline-text\">Important Notes on Delivery<\/h3>\n\n\n\n<ul class=\"wp-block-list\">\n<li>All items leave our warehouse <strong>brand new and undamaged<\/strong>.<\/li>\n\n\n\n<li>If damage is not reported on the delivery receipt, you <strong>release the carrier from liability<\/strong> and may not be able to claim compensation.<\/li>\n\n\n\n<li><strong>Tempered glass<\/strong> does not crack \u2014 it shatters. If your backboard is broken, it will be in <strong>many small pieces<\/strong>, not cracked.<\/li>\n<\/ul>\n\n\n\n<p>For your protection, <strong>write \u201cSubject to Inspection\u201d next to your signature<\/strong> when signing for delivery.<\/p>\n\n\n\n<h3 class=\"gb-headline gb-headline-dd213a82 gb-headline-text\">Delivery Access<\/h3>\n\n\n\n<p>If your location cannot be accessed by a large delivery vehicle (e.g. narrow roads, steep drives, gated communities), you may need to:<\/p>\n\n\n\n<ul class=\"wp-block-list\">\n<li>Collect your order from a local terminal, or<\/li>\n\n\n\n<li>Arrange final delivery through a third-party courier.<\/li>\n<\/ul>\n\n\n\n<h3 class=\"gb-headline gb-headline-f4f6c8ad gb-headline-text\">Undeliverable Orders<\/h3>\n\n\n\n<p>If a shipment is returned as <strong>Undeliverable<\/strong> or <strong>Refused<\/strong>, a <strong>20% restocking fee<\/strong> will apply, and you will be responsible for any original shipping costs.<\/p>\n\n<\/div>\n\n\n<h3 class=\"gb-headline gb-headline-77bdb557 gb-headline-text\">Shipping &amp; Customs (Non-EU Orders)<\/h3>\n\n\n\n<p class=\"gb-headline gb-headline-f02c1b4c gb-headline-text\">For all orders shipped <strong>outside the European Union<\/strong>:<\/p>\n\n\n\n<ul class=\"wp-block-list\">\n<li>Prices shown at checkout do not include local taxes, import duties, or customs clearance fees.<\/li>\n\n\n\n<li>You are the Importer of Record and are solely responsible for any such charges upon delivery.<\/li>\n\n\n\n<li>OnCourt does not collect or remit VAT\/GST, import duties, or customs fees for non-EU destinations.<\/li>\n\n\n\n<li>If charges are refused or unpaid, this may result in delays, return, or abandonment of the shipment. OnCourt is not liable for any resulting costs or losses and will not refund shipping or product charges in these cases.<\/li>\n<\/ul>\n\n\n\n<p>By completing your purchase, you acknowledge and accept these conditions.<\/p>\n\n<\/div>\n<\/div>\n\n<div class=\"gb-container gb-container-aedea16a\" id=\"megaslam-shipping\">\n<div class=\"gb-container gb-container-492b5ca3\">\n\n<h2 class=\"gb-headline gb-headline-65d8dcc4 gb-headline-text\">Smooth Delivery Of Your Mega Slam Hoop <\/h2>\n\n\n\n<p class=\"gb-headline gb-headline-880344a0 gb-headline-text\">When you order at oncourt.online, we deliver your hoop direct-to-curb, which means it comes directly from our warehouse, off the truck and to your curb so you waste no time getting to those free throws. Use our 5-point checklist below to ensure a smooth delivery of your <a href=\"https:\/\/oncourt.online\/bs\/kosarkaski-obruci\/\"><em><strong>Mega Slam Hoop<\/strong><\/em><\/a>. <\/p>\n\n\n\n<figure class=\"wp-block-image size-full is-resized\"><img loading=\"lazy\" decoding=\"async\" width=\"600\" height=\"600\" src=\"https:\/\/oncourt.online\/wp-content\/uploads\/2021\/10\/Mega-Slam-Hoop-s-Order-Confirmation.png\" alt=\"Mega Slam Hoops - Potvrda narud\u017ebe\" class=\"wp-image-422\" style=\"width:150px;height:auto\" srcset=\"https:\/\/oncourt.online\/wp-content\/uploads\/2021\/10\/Mega-Slam-Hoop-s-Order-Confirmation.png 600w, https:\/\/oncourt.online\/wp-content\/uploads\/2021\/10\/Mega-Slam-Hoop-s-Order-Confirmation-100x100.png 100w, https:\/\/oncourt.online\/wp-content\/uploads\/2021\/10\/Mega-Slam-Hoop-s-Order-Confirmation-545x545.png 545w\" sizes=\"auto, (max-width: 600px) 100vw, 600px\" \/><\/figure>\n\n\n\n<h4 class=\"gb-headline gb-headline-8536b972 gb-headline-text\">1. Potvrdite svoju narud\u017ebu<\/h4>\n\n\n\n<p class=\"gb-headline gb-headline-9f1a5517 gb-headline-text\">\u010cestitamo na narud\u017ebi novog obru\u010da. Sada potra\u017eite e-poruku s detaljima va\u0161e narud\u017ebe. <\/p>\n\n\n\n<figure class=\"wp-block-image size-full is-resized\"><img loading=\"lazy\" decoding=\"async\" width=\"600\" height=\"600\" src=\"https:\/\/oncourt.online\/wp-content\/uploads\/2021\/10\/Mega-Slam-Hoops-Arrange-Delivery.png\" alt=\"Mega Slam Hoops - Organizujte dostavu\" class=\"wp-image-419\" style=\"width:150px;height:150px\" srcset=\"https:\/\/oncourt.online\/wp-content\/uploads\/2021\/10\/Mega-Slam-Hoops-Arrange-Delivery.png 600w, https:\/\/oncourt.online\/wp-content\/uploads\/2021\/10\/Mega-Slam-Hoops-Arrange-Delivery-100x100.png 100w, https:\/\/oncourt.online\/wp-content\/uploads\/2021\/10\/Mega-Slam-Hoops-Arrange-Delivery-545x545.png 545w\" sizes=\"auto, (max-width: 600px) 100vw, 600px\" \/><\/figure>\n\n\n\n<h4 class=\"gb-headline gb-headline-9bfe8bb5 gb-headline-text\">2. Otprema i dostava <\/h4>\n\n\n\n<p class=\"gb-headline gb-headline-290fa9d6 gb-headline-text\">Dobit \u0107ete potvrdu o otpremi va\u0161e narud\u017ebe, koja \u0107e uklju\u010divati i o\u010dekivano vrijeme isporuke. <\/p>\n\n\n\n<figure class=\"wp-block-image size-full is-resized\"><img loading=\"lazy\" decoding=\"async\" width=\"600\" height=\"600\" src=\"https:\/\/oncourt.online\/wp-content\/uploads\/2021\/10\/Mega-Slam-Hoops-Curbside-Delivery.png\" alt=\"Mega Slam Hoops - Dostava na trotoar\" class=\"wp-image-420\" style=\"width:150px;height:150px\" srcset=\"https:\/\/oncourt.online\/wp-content\/uploads\/2021\/10\/Mega-Slam-Hoops-Curbside-Delivery.png 600w, https:\/\/oncourt.online\/wp-content\/uploads\/2021\/10\/Mega-Slam-Hoops-Curbside-Delivery-100x100.png 100w, https:\/\/oncourt.online\/wp-content\/uploads\/2021\/10\/Mega-Slam-Hoops-Curbside-Delivery-545x545.png 545w\" sizes=\"auto, (max-width: 600px) 100vw, 600px\" \/><\/figure>\n\n\n\n<h4 class=\"gb-headline gb-headline-111f7f0a gb-headline-text\">3. Napravite mjesta za svoj obru\u010d<\/h4>\n\n\n\n<p class=\"gb-headline gb-headline-cdd4e7d1 gb-headline-text\">Mega Slam basketball systems are big (up to 340 kgs) and the shipping pallet takes up quite a bit of space when delivered (Residential orders are curb-side delivery).<\/p>\n\n\n\n<figure class=\"wp-block-image size-full is-resized\"><img loading=\"lazy\" decoding=\"async\" width=\"600\" height=\"600\" src=\"https:\/\/oncourt.online\/wp-content\/uploads\/2021\/10\/Mega-Slam-Shipping-Boxes.png\" alt=\"Mega Slam kutije za dostavu\" class=\"wp-image-421\" style=\"width:150px;height:150px\" srcset=\"https:\/\/oncourt.online\/wp-content\/uploads\/2021\/10\/Mega-Slam-Shipping-Boxes.png 600w, https:\/\/oncourt.online\/wp-content\/uploads\/2021\/10\/Mega-Slam-Shipping-Boxes-100x100.png 100w, https:\/\/oncourt.online\/wp-content\/uploads\/2021\/10\/Mega-Slam-Shipping-Boxes-545x545.png 545w\" sizes=\"auto, (max-width: 600px) 100vw, 600px\" \/><\/figure>\n\n\n\n<h4 class=\"gb-headline gb-headline-c4d17918 gb-headline-text\">4. Pregledajte svoju dostavu obru\u010da<\/h4>\n\n\n\n<p class=\"gb-headline gb-headline-b333a103 gb-headline-text\">Na osnovu veli\u010dine va\u0161e narud\u017ebe, provjerite da li je ta\u010dan broj kutija pri\u010dvr\u0161\u0107en na svaku paletu (svaki sistem sti\u017ee na jednoj paleti sa jasno numerisanim kutijama). U redu je ako neke od kutija imaju udubljenja ili su poderane. Na\u0161i sistemi su robusni i pre\u017eivjet \u0107e manja o\u0161te\u0107enja kutija. <\/p>\n\n\n\n<figure class=\"wp-block-image size-full is-resized\"><img loading=\"lazy\" decoding=\"async\" width=\"600\" height=\"600\" src=\"https:\/\/oncourt.online\/wp-content\/uploads\/2021\/10\/Mega-Slam-Hoops-Signed-Delivery.png\" alt=\"Mega Slam Hoops - Potpisana dostava\" class=\"wp-image-417\" style=\"width:150px;height:150px\" srcset=\"https:\/\/oncourt.online\/wp-content\/uploads\/2021\/10\/Mega-Slam-Hoops-Signed-Delivery.png 600w, https:\/\/oncourt.online\/wp-content\/uploads\/2021\/10\/Mega-Slam-Hoops-Signed-Delivery-100x100.png 100w, https:\/\/oncourt.online\/wp-content\/uploads\/2021\/10\/Mega-Slam-Hoops-Signed-Delivery-545x545.png 545w\" sizes=\"auto, (max-width: 600px) 100vw, 600px\" \/><\/figure>\n\n\n\n<h4 class=\"gb-headline gb-headline-f3ff4626 gb-headline-text\">5. Potpi\u0161ite da biste pustili svoju isporuku<\/h4>\n\n\n\n<p class=\"gb-headline gb-headline-0e5ad3a7 gb-headline-text\">Sada \u0107e va\u0161 stru\u010dnjak za dostavu zatra\u017eiti potpis kako bi vam omogu\u0107io pristup va\u0161em ko\u0161arka\u0161kom sistemu. Ako postoje bilo kakva vidljiva o\u0161te\u0107enja na kutijama (ili sistemu), molimo vas da dokumentujete konkretna o\u0161te\u0107enja na otpremnici i fotografi\u0161ete ih prije potpisivanja.<br>Ako su bilo koji artikli o\u0161te\u0107eni, prihvatite po\u0161iljku i odmah nas kontaktirajte. Uklju\u010dite sve fotografije u e-poruku i mi \u0107emo ubrzati dostavu zamjenskih dijelova. <\/p>\n\n\n\n<figure class=\"wp-block-image size-full is-resized\"><img loading=\"lazy\" decoding=\"async\" width=\"750\" height=\"750\" src=\"https:\/\/oncourt.online\/wp-content\/uploads\/2021\/10\/MegaDlam-Installation-Dig-and-Pour.png\" alt=\"\" class=\"wp-image-319\" style=\"width:188px;height:188px\" srcset=\"https:\/\/oncourt.online\/wp-content\/uploads\/2021\/10\/MegaDlam-Installation-Dig-and-Pour.png 750w, https:\/\/oncourt.online\/wp-content\/uploads\/2021\/10\/MegaDlam-Installation-Dig-and-Pour-100x100.png 100w, https:\/\/oncourt.online\/wp-content\/uploads\/2021\/10\/MegaDlam-Installation-Dig-and-Pour-545x545.png 545w\" sizes=\"auto, (max-width: 750px) 100vw, 750px\" \/><\/figure>\n\n\n\n<h3 class=\"gb-headline gb-headline-a22b1bbf gb-headline-text\">Instalacija<\/h3>\n\n\n\n<p class=\"gb-headline gb-headline-507bcc99 gb-headline-text\">Once your hoop is delivered it&#8217;s time to<a href=\"https:\/\/oncourt.online\/bs\/vodici\/instalacija\/vodic-za-ugradnju-kosa-za-kosarku\/\"> <em><strong>install your basketball hoop<\/strong><\/em><\/a>.<\/p>\n\n<\/div>\n<\/div>","protected":false},"excerpt":{"rendered":"<p> &#8230; <a title=\"Dostava i isporuka\" class=\"read-more\" href=\"https:\/\/oncourt.online\/bs\/shipping-delivery\/\" aria-label=\"Read more about Shipping And Delivery\">Pro\u010ditajte vi\u0161e<\/a><\/p>","protected":false},"author":2,"featured_media":6877,"parent":0,"menu_order":24,"comment_status":"closed","ping_status":"closed","template":"","meta":{"_acf_changed":false,"inline_featured_image":false,"footnotes":""},"class_list":{"0":"post-6797","1":"page","2":"type-page","3":"status-publish","4":"has-post-thumbnail","6":"infinite-scroll-item","7":"no-featured-image-padding","8":"resize-featured-image"},"acf":[],"yoast_head":"<!-- This site is optimized with the Yoast SEO Premium plugin v26.8 (Yoast SEO v27.3) - https:\/\/yoast.com\/product\/yoast-seo-premium-wordpress\/ -->\n<title>Shipping &amp; Delivery Information | OnCourt<\/title>\n<meta name=\"description\" content=\"Shipping and delivery information, including delivery methods, access planning, handling advice, and important notes for OnCourt orders.\" \/>\n<meta name=\"robots\" content=\"index, follow, max-snippet:-1, max-image-preview:large, max-video-preview:-1\" \/>\n<link rel=\"canonical\" href=\"https:\/\/oncourt.online\/bs\/shipping-delivery\/\" \/>\n<meta property=\"og:locale\" content=\"bs_BA\" \/>\n<meta property=\"og:type\" content=\"article\" \/>\n<meta property=\"og:title\" content=\"Shipping And Delivery\" \/>\n<meta property=\"og:description\" content=\"Shipping and delivery information, including delivery methods, access planning, handling advice, and important notes for OnCourt orders.\" \/>\n<meta property=\"og:url\" content=\"https:\/\/oncourt.online\/bs\/shipping-delivery\/\" \/>\n<meta property=\"og:site_name\" content=\"OnCourt Online\" \/>\n<meta property=\"article:publisher\" content=\"https:\/\/www.facebook.com\/oncourt.online\/\" \/>\n<meta property=\"article:modified_time\" content=\"2026-01-09T02:04:24+00:00\" \/>\n<meta property=\"og:image\" content=\"https:\/\/oncourt.online\/wp-content\/uploads\/2022\/05\/OnCourt-Shipping-and-Delivery-Header.jpg\" \/>\n\t<meta property=\"og:image:width\" content=\"1440\" \/>\n\t<meta property=\"og:image:height\" content=\"498\" \/>\n\t<meta property=\"og:image:type\" content=\"image\/jpeg\" \/>\n<meta name=\"twitter:card\" content=\"summary_large_image\" \/>\n<meta name=\"twitter:label1\" content=\"Est. reading time\" \/>\n\t<meta name=\"twitter:data1\" content=\"6 minuta\" \/>\n<!-- \/ Yoast SEO Premium plugin. -->","yoast_head_json":{"title":"Informacije o Isporuci i Dostavi | OnCourt","description":"Informacije o isporuci i dostavi, uklju\u010duju\u0107i na\u010dine isporuke, planiranje pristupa, savjete za rukovanje i va\u017ene napomene za OnCourt narud\u017ebe.","robots":{"index":"index","follow":"follow","max-snippet":"max-snippet:-1","max-image-preview":"max-image-preview:large","max-video-preview":"max-video-preview:-1"},"canonical":"https:\/\/oncourt.online\/bs\/shipping-delivery\/","og_locale":"bs_BA","og_type":"article","og_title":"Shipping And Delivery","og_description":"Shipping and delivery information, including delivery methods, access planning, handling advice, and important notes for OnCourt orders.","og_url":"https:\/\/oncourt.online\/bs\/shipping-delivery\/","og_site_name":"OnCourt Online","article_publisher":"https:\/\/www.facebook.com\/oncourt.online\/","article_modified_time":"2026-01-09T02:04:24+00:00","og_image":[{"width":1440,"height":498,"url":"https:\/\/oncourt.online\/wp-content\/uploads\/2022\/05\/OnCourt-Shipping-and-Delivery-Header.jpg","type":"image\/jpeg"}],"twitter_card":"summary_large_image","twitter_misc":{"Est. reading time":"6 minuta"},"schema":{"@context":"https:\/\/schema.org","@graph":[{"@type":"WebPage","@id":"https:\/\/oncourt.online\/bs\/shipping-delivery\/","url":"https:\/\/oncourt.online\/bs\/shipping-delivery\/","name":"Informacije o Isporuci i Dostavi | OnCourt","isPartOf":{"@id":"https:\/\/oncourt.online\/bs\/#website"},"primaryImageOfPage":{"@id":"https:\/\/oncourt.online\/bs\/shipping-delivery\/#primaryimage"},"image":{"@id":"https:\/\/oncourt.online\/bs\/shipping-delivery\/#primaryimage"},"thumbnailUrl":"https:\/\/oncourt.online\/wp-content\/uploads\/2022\/05\/OnCourt-Shipping-and-Delivery-Header.jpg","datePublished":"2022-05-26T13:42:42+00:00","dateModified":"2026-01-09T02:04:24+00:00","description":"Informacije o isporuci i dostavi, uklju\u010duju\u0107i na\u010dine isporuke, planiranje pristupa, savjete za rukovanje i va\u017ene napomene za OnCourt narud\u017ebe.","breadcrumb":{"@id":"https:\/\/oncourt.online\/bs\/shipping-delivery\/#breadcrumb"},"inLanguage":"bs-BA","potentialAction":[{"@type":"ReadAction","target":["https:\/\/oncourt.online\/bs\/shipping-delivery\/"]}]},{"@type":"ImageObject","inLanguage":"bs-BA","@id":"https:\/\/oncourt.online\/bs\/shipping-delivery\/#primaryimage","url":"https:\/\/oncourt.online\/wp-content\/uploads\/2022\/05\/OnCourt-Shipping-and-Delivery-Header.jpg","contentUrl":"https:\/\/oncourt.online\/wp-content\/uploads\/2022\/05\/OnCourt-Shipping-and-Delivery-Header.jpg","width":1440,"height":498,"caption":"Shipping & Delivery | OnCourt"},{"@type":"BreadcrumbList","@id":"https:\/\/oncourt.online\/bs\/shipping-delivery\/#breadcrumb","itemListElement":[{"@type":"ListItem","position":1,"name":"Home","item":"https:\/\/oncourt.online\/"},{"@type":"ListItem","position":2,"name":"Shipping And Delivery"}]},{"@type":"WebSite","@id":"https:\/\/oncourt.online\/bs\/#website","url":"https:\/\/oncourt.online\/bs\/","name":"OnCourt Online","description":"Visokoperformansni ko\u0161arka\u0161ki tereni","publisher":{"@id":"https:\/\/oncourt.online\/bs\/#organization"},"potentialAction":[{"@type":"SearchAction","target":{"@type":"EntryPoint","urlTemplate":"https:\/\/oncourt.online\/bs\/?s={search_term_string}"},"query-input":{"@type":"PropertyValueSpecification","valueRequired":true,"valueName":"search_term_string"}}],"inLanguage":"bs-BA"},{"@type":"Organization","@id":"https:\/\/oncourt.online\/bs\/#organization","name":"OnCourt Online","url":"https:\/\/oncourt.online\/bs\/","logo":{"@type":"ImageObject","inLanguage":"bs-BA","@id":"https:\/\/oncourt.online\/bs\/#\/schema\/logo\/image\/","url":"https:\/\/oncourt.online\/wp-content\/uploads\/2021\/12\/Logo_OnCourt_Black.svg","contentUrl":"https:\/\/oncourt.online\/wp-content\/uploads\/2021\/12\/Logo_OnCourt_Black.svg","width":"1024","height":"1024","caption":"OnCourt Online"},"image":{"@id":"https:\/\/oncourt.online\/bs\/#\/schema\/logo\/image\/"},"sameAs":["https:\/\/www.facebook.com\/oncourt.online\/"],"email":"info@oncourt.online"}]}},"_links":{"self":[{"href":"https:\/\/oncourt.online\/bs\/wp-json\/wp\/v2\/pages\/6797","targetHints":{"allow":["GET"]}}],"collection":[{"href":"https:\/\/oncourt.online\/bs\/wp-json\/wp\/v2\/pages"}],"about":[{"href":"https:\/\/oncourt.online\/bs\/wp-json\/wp\/v2\/types\/page"}],"author":[{"embeddable":true,"href":"https:\/\/oncourt.online\/bs\/wp-json\/wp\/v2\/users\/2"}],"replies":[{"embeddable":true,"href":"https:\/\/oncourt.online\/bs\/wp-json\/wp\/v2\/comments?post=6797"}],"version-history":[{"count":0,"href":"https:\/\/oncourt.online\/bs\/wp-json\/wp\/v2\/pages\/6797\/revisions"}],"wp:featuredmedia":[{"embeddable":true,"href":"https:\/\/oncourt.online\/bs\/wp-json\/wp\/v2\/media\/6877"}],"wp:attachment":[{"href":"https:\/\/oncourt.online\/bs\/wp-json\/wp\/v2\/media?parent=6797"}],"curies":[{"name":"wp","href":"https:\/\/api.w.org\/{rel}","templated":true}]}}