{"id":3706,"date":"2022-03-08T09:13:55","date_gmt":"2022-03-08T09:13:55","guid":{"rendered":"https:\/\/oncourt.online\/?page_id=3706"},"modified":"2026-01-13T08:00:41","modified_gmt":"2026-01-13T08:00:41","slug":"join-oncourt","status":"publish","type":"page","link":"https:\/\/oncourt.online\/bs\/join-oncourt\/","title":{"rendered":"Radite s OnCourtom"},"content":{"rendered":"<div class=\"gb-container gb-container-c9c919f1\"><div class=\"gb-inside-container\">\n<div class=\"gb-container gb-container-cefabf47\"><div class=\"gb-inside-container\">\n\n<h2 class=\"gb-headline gb-headline-d23b44e5 gb-headline-text\">Saradnja sa stru\u010dnjakom za ko\u0161arka\u0161ke terene<\/h2>\n\n\n\n<p class=\"gb-headline gb-headline-b071501e gb-headline-text\">OnCourt sara\u0111uje s profesionalcima \u0161irom Europe koji projektiraju, grade i specificiraju vanjske sportske prostore. Na\u0161 Partnerski program namijenjen je tvrtkama koje \u017eele svojim klijentima ponuditi visokou\u010dinkovite ko\u0161arka\u0161ke terene, uz podr\u0161ku specijaliziranih proizvoda, preciznih alata za planiranje i stru\u010dne podr\u0161ke.<\/p>\n\n\n\n<p class=\"gb-text gb-text-6b40232a\">Ne djelujemo kao op\u0107i dobavlja\u010d sportske opreme. Ko\u0161arka je na\u0161 fokus i sura\u0111ujemo s partnerima koji cijene ispravan na\u010din rada.<\/p>\n\n\n\n<h3 class=\"gb-text gb-text-a0baa6e3\">S kim sara\u0111ujemo<\/h3>\n\n\n\n<p>Sara\u0111ujemo s tvrtkama uklju\u010denima u vanjsku gradnju, dizajn i postavljanje podloga, uklju\u010duju\u0107i:<\/p>\n\n\n\n<ul class=\"wp-block-list\">\n<li>Op\u0107i gra\u0111evinski izvo\u0111a\u010di i poduzetnici<\/li>\n\n\n\n<li>Krajobrazni i vrtni dizajneri<\/li>\n\n\n\n<li>Izvo\u0111a\u010di zemljanih radova i niskogradnje<\/li>\n\n\n\n<li>Izvo\u0111a\u010di sportskih terena i stru\u010dnjaci za obnovu podloga<\/li>\n\n\n\n<li>Arhitekti i projektanti<\/li>\n\n\n\n<li>Stru\u010dnjaci za vanjske prostore vo\u0111ene dizajnom<\/li>\n<\/ul>\n\n\n\n<p class=\"gb-text gb-text-b726bb2a\">Ako se va\u0161 posao odnosi na planiranje ili izgradnju vanjskih prostora i \u017eelite u svoju ponudu dodati ko\u0161arka\u0161ke terene, rado bismo vas \u010duli.<\/p>\n\n\n\n<div class=\"gb-element-bbf74639\">\n<div>\n<img loading=\"lazy\" decoding=\"async\" width=\"660\" height=\"400\" class=\"img_12px_radius gb-media-76f4f695\" alt=\"\" title=\"OnCourt Modular Basketball Court Surface Installation\" src=\"https:\/\/oncourt.online\/wp-content\/uploads\/2022\/05\/OnCourt-Modular-Basketball-Court-Surface-Installation.jpg\" srcset=\"https:\/\/oncourt.online\/wp-content\/uploads\/2022\/05\/OnCourt-Modular-Basketball-Court-Surface-Installation.jpg 660w, https:\/\/oncourt.online\/wp-content\/uploads\/2022\/05\/OnCourt-Modular-Basketball-Court-Surface-Installation-300x182.jpg 300w, https:\/\/oncourt.online\/wp-content\/uploads\/2022\/05\/OnCourt-Modular-Basketball-Court-Surface-Installation-18x12.jpg 18w, https:\/\/oncourt.online\/wp-content\/uploads\/2022\/05\/OnCourt-Modular-Basketball-Court-Surface-Installation-545x330.jpg 545w\" sizes=\"auto, (max-width: 660px) 100vw, 660px\" \/>\n<\/div>\n\n\n\n<div>\n<h2 class=\"gb-text\">\u0160to OnCourt partneri mogu o\u010dekivati<\/h2>\n\n\n\n<p class=\"gb-text last_text\">Pristup profesionalnim alatima za dizajn terena, povla\u0161tenim cijenama i stru\u010dnoj podr\u0161ci koji vam poma\u017eu s povjerenjem planirati, specificirati i isporu\u010diti ko\u0161arka\u0161ke terene visokih performansi.<\/p>\n<\/div>\n<\/div>\n\n\n\n<h4 class=\"gb-text\">Profesionalni alati za dizajn<\/h4>\n\n\n\n<p class=\"gb-text\">Koristite OnCourtovu 3D platformu za dizajn ko\u0161arka\u0161kih terena za planiranje rasporeda, istra\u017eivanje shema boja, specifikaciju podloga i ko\u0161eva te izradu preciznih vizuala i cijena za ponude klijentima.<\/p>\n\n\n\n<h4 class=\"gb-text\">Povla\u0161tene veleprodajne cijene<\/h4>\n\n\n\n<p class=\"gb-text\">Ovla\u0161teni partneri ostvaruju pristup veleprodajnim cijenama modularnih ko\u0161arka\u0161kih podloga i Mega Slam ko\u0161eva, \u0161to vam omogu\u0107uje isporuku vrhunskih rje\u0161enja uz zdrave mar\u017ee.<\/p>\n\n\n\n<h4 class=\"gb-text\">Specijalizirana tehni\u010dka podr\u0161ka<\/h4>\n\n\n\n<p class=\"gb-text\">Dobijate direktan pristup smjernicama o rasporedima, odabiru podloga, zahtjevima za ugradnju i kombiniranju proizvoda, \u010dime se smanjuje neizvjesnost i izbjegavaju skupe gre\u0161ke na terenu.<\/p>\n\n\n\n<h4 class=\"gb-text\">Jasne specifikacije i resursi<\/h4>\n\n\n\n<p class=\"gb-text gb-text-46b97fff\">Koristite na\u0161e vodi\u010de i resurse za planiranje kako biste izbjegli naga\u0111anja, smanjili gre\u0161ke i klijentima predstavili jasne i samouvjerene prijedloge.<\/p>\n\n\n\n<div class=\"gb-element-d984cac5\">\n<div>\n<img loading=\"lazy\" decoding=\"async\" width=\"1200\" height=\"960\" class=\"img_12px_radius gb-media-1c57b1fb\" alt=\"\" title=\"Medium Sized Residential Basketball Court Design\" src=\"https:\/\/oncourt.online\/wp-content\/uploads\/2025\/12\/Medium-Sized-Residential-Basketball-Court-Design.webp\"\/>\n<\/div>\n\n\n\n<div>\n<h3 class=\"gb-text\">Dizajnirano za stvarne projekte<\/h3>\n\n\n\n<p>Partnerski program OnCourt namijenjen je profesionalcima koji realizuju:<\/p>\n\n\n\n<ul class=\"wp-block-list\">\n<li>Stambene ku\u0107ne ko\u0161arka\u0161ke terene<\/li>\n\n\n\n<li>Klupske i trena\u017ene objekte<\/li>\n\n\n\n<li>\u0160kolske i obrazovne prostore<\/li>\n\n\n\n<li>Komercijalne ili vi\u0161enamjenske vanjske terene<\/li>\n<\/ul>\n\n\n\n<p class=\"gb-text last_text\">\u041c\u0438 \u043f\u0456\u0434\u0442\u0440\u0438\u043c\u0443\u0454\u043c\u043e \u043f\u0430\u0440\u0442\u043d\u0435\u0440\u0456\u0432, \u044f\u043a\u0456 \u043f\u0438\u0448\u0430\u044e\u0442\u044c\u0441\u044f \u044f\u043a\u0456\u0441\u043d\u0438\u043c \u0432\u0438\u043a\u043e\u043d\u0430\u043d\u043d\u044f\u043c \u0456 \u0434\u043e\u0432\u0433\u043e\u0441\u0442\u0440\u043e\u043a\u043e\u0432\u043e\u044e \u0435\u0444\u0435\u043a\u0442\u0438\u0432\u043d\u0456\u0441\u0442\u044e.<\/p>\n<\/div>\n<\/div>\n\n\n\n<div class=\"gb-element-f79012eb\">\n<h3 class=\"gb-text gb-text-5da21831\">Prijavite se da postanete OnCourt partner<\/h3>\n\n\n\n<p class=\"gb-text not_last_text\">Ako ste zainteresirani za saradnju s OnCourtom, popunite donji obrazac za upit. <\/p>\n\n\n\n<p class=\"gb-text gb-text-209ee9ae\">Pregledavamo sve prijave i kontaktirat \u0107emo vas kako bismo razgovarali o tome da li je program dobar izbor za va\u0161e poslovanje.<\/p>\n<\/div>\n\n\n<div class=\"gb-container gb-container-8ddfb2cf\">\n\n\n<div class=\"gb-container gb-container-51a46d57\">\n\n<div class=\"pipedriveWebForms\" data-pd-webforms=\"https:\/\/webforms.pipedrive.com\/f\/6WdPYeIodWpjw4yIXbAWwWdrPuKdvaEcVozX1Kdy1uEl1ivOk9Q3YdoNlGP7wFLZlh\"><script src=\"https:\/\/webforms.pipedrive.com\/f\/loader\"><\/script><\/div>\n\n<\/div>\n\n\n\n\n\n\n\n\n\n\n\n\n\n\n\n\n\n\n\n\n\n\n\n\n<\/div>\n<\/div><\/div>\n<\/div><\/div>","protected":false},"excerpt":{"rendered":"<p> &#8230; <a title=\"Radite s OnCourtom\" class=\"read-more\" href=\"https:\/\/oncourt.online\/bs\/join-oncourt\/\" aria-label=\"Read more about Work With OnCourt\">Pro\u010ditajte vi\u0161e<\/a><\/p>","protected":false},"author":2,"featured_media":7048,"parent":0,"menu_order":13,"comment_status":"closed","ping_status":"closed","template":"","meta":{"_acf_changed":false,"inline_featured_image":false,"footnotes":""},"class_list":{"0":"post-3706","1":"page","2":"type-page","3":"status-publish","4":"has-post-thumbnail","6":"infinite-scroll-item","7":"no-featured-image-padding","8":"resize-featured-image"},"acf":[],"yoast_head":"<!-- This site is optimized with the Yoast SEO Premium plugin v26.8 (Yoast SEO v27.3) - https:\/\/yoast.com\/product\/yoast-seo-premium-wordpress\/ -->\n<title>OnCourt Partners | Trade Pricing &amp; Basketball Court Design Tools<\/title>\n<meta name=\"description\" content=\"Partner with OnCourt. Work with a specialist basketball court supplier. Design tools, trade pricing, and support for residential &amp; commercial projects.\" \/>\n<meta name=\"robots\" content=\"index, follow, max-snippet:-1, max-image-preview:large, max-video-preview:-1\" \/>\n<link rel=\"canonical\" href=\"https:\/\/oncourt.online\/bs\/join-oncourt\/\" \/>\n<meta property=\"og:locale\" content=\"bs_BA\" \/>\n<meta property=\"og:type\" content=\"article\" \/>\n<meta property=\"og:title\" content=\"Work With OnCourt\" \/>\n<meta property=\"og:description\" content=\"Partner with OnCourt. Work with a specialist basketball court supplier. Design tools, trade pricing, and support for residential &amp; commercial projects.\" \/>\n<meta property=\"og:url\" content=\"https:\/\/oncourt.online\/bs\/join-oncourt\/\" \/>\n<meta property=\"og:site_name\" content=\"OnCourt Online\" \/>\n<meta property=\"article:publisher\" content=\"https:\/\/www.facebook.com\/oncourt.online\/\" \/>\n<meta property=\"article:modified_time\" content=\"2026-01-13T08:00:41+00:00\" \/>\n<meta property=\"og:image\" content=\"https:\/\/oncourt.online\/wp-content\/uploads\/2022\/05\/OnCourt-Modular-Basketball-Court-Surface-Installation.jpg\" \/>\n\t<meta property=\"og:image:width\" content=\"660\" \/>\n\t<meta property=\"og:image:height\" content=\"400\" \/>\n\t<meta property=\"og:image:type\" content=\"image\/jpeg\" \/>\n<meta name=\"twitter:card\" content=\"summary_large_image\" \/>\n<meta name=\"twitter:label1\" content=\"Est. reading time\" \/>\n\t<meta name=\"twitter:data1\" content=\"3 minute\" \/>\n<!-- \/ Yoast SEO Premium plugin. -->","yoast_head_json":{"title":"OnCourt Partneri | Trgovinske Cijene i Alati za Dizajn Ko\u0161arka\u0161kih Terena","description":"Postanite partner OnCourta. Sara\u0111ujte sa specijaliziranim dobavlja\u010dem ko\u0161arka\u0161kih terena. Alati za dizajn, trgovinske cijene i podr\u0161ka za stambene i komercijalne projekte.","robots":{"index":"index","follow":"follow","max-snippet":"max-snippet:-1","max-image-preview":"max-image-preview:large","max-video-preview":"max-video-preview:-1"},"canonical":"https:\/\/oncourt.online\/bs\/join-oncourt\/","og_locale":"bs_BA","og_type":"article","og_title":"Work With OnCourt","og_description":"Partner with OnCourt. Work with a specialist basketball court supplier. Design tools, trade pricing, and support for residential & commercial projects.","og_url":"https:\/\/oncourt.online\/bs\/join-oncourt\/","og_site_name":"OnCourt Online","article_publisher":"https:\/\/www.facebook.com\/oncourt.online\/","article_modified_time":"2026-01-13T08:00:41+00:00","og_image":[{"width":660,"height":400,"url":"https:\/\/oncourt.online\/wp-content\/uploads\/2022\/05\/OnCourt-Modular-Basketball-Court-Surface-Installation.jpg","type":"image\/jpeg"}],"twitter_card":"summary_large_image","twitter_misc":{"Est. reading time":"3 minute"},"schema":{"@context":"https:\/\/schema.org","@graph":[{"@type":"WebPage","@id":"https:\/\/oncourt.online\/bs\/join-oncourt\/","url":"https:\/\/oncourt.online\/bs\/join-oncourt\/","name":"OnCourt Partneri | Trgovinske Cijene i Alati za Dizajn Ko\u0161arka\u0161kih Terena","isPartOf":{"@id":"https:\/\/oncourt.online\/bs\/#website"},"primaryImageOfPage":{"@id":"https:\/\/oncourt.online\/bs\/join-oncourt\/#primaryimage"},"image":{"@id":"https:\/\/oncourt.online\/bs\/join-oncourt\/#primaryimage"},"thumbnailUrl":"https:\/\/oncourt.online\/wp-content\/uploads\/2022\/05\/OnCourt-Modular-Basketball-Court-Surface-Installation.jpg","datePublished":"2022-03-08T09:13:55+00:00","dateModified":"2026-01-13T08:00:41+00:00","description":"Postanite partner OnCourta. Sara\u0111ujte sa specijaliziranim dobavlja\u010dem ko\u0161arka\u0161kih terena. Alati za dizajn, trgovinske cijene i podr\u0161ka za stambene i komercijalne projekte.","breadcrumb":{"@id":"https:\/\/oncourt.online\/bs\/join-oncourt\/#breadcrumb"},"inLanguage":"bs-BA","potentialAction":[{"@type":"ReadAction","target":["https:\/\/oncourt.online\/bs\/join-oncourt\/"]}]},{"@type":"ImageObject","inLanguage":"bs-BA","@id":"https:\/\/oncourt.online\/bs\/join-oncourt\/#primaryimage","url":"https:\/\/oncourt.online\/wp-content\/uploads\/2022\/05\/OnCourt-Modular-Basketball-Court-Surface-Installation.jpg","contentUrl":"https:\/\/oncourt.online\/wp-content\/uploads\/2022\/05\/OnCourt-Modular-Basketball-Court-Surface-Installation.jpg","width":660,"height":400},{"@type":"BreadcrumbList","@id":"https:\/\/oncourt.online\/bs\/join-oncourt\/#breadcrumb","itemListElement":[{"@type":"ListItem","position":1,"name":"Home","item":"https:\/\/oncourt.online\/"},{"@type":"ListItem","position":2,"name":"Work With OnCourt"}]},{"@type":"WebSite","@id":"https:\/\/oncourt.online\/bs\/#website","url":"https:\/\/oncourt.online\/bs\/","name":"OnCourt Online","description":"Visokoperformansni ko\u0161arka\u0161ki tereni","publisher":{"@id":"https:\/\/oncourt.online\/bs\/#organization"},"potentialAction":[{"@type":"SearchAction","target":{"@type":"EntryPoint","urlTemplate":"https:\/\/oncourt.online\/bs\/?s={search_term_string}"},"query-input":{"@type":"PropertyValueSpecification","valueRequired":true,"valueName":"search_term_string"}}],"inLanguage":"bs-BA"},{"@type":"Organization","@id":"https:\/\/oncourt.online\/bs\/#organization","name":"OnCourt Online","url":"https:\/\/oncourt.online\/bs\/","logo":{"@type":"ImageObject","inLanguage":"bs-BA","@id":"https:\/\/oncourt.online\/bs\/#\/schema\/logo\/image\/","url":"https:\/\/oncourt.online\/wp-content\/uploads\/2021\/12\/Logo_OnCourt_Black.svg","contentUrl":"https:\/\/oncourt.online\/wp-content\/uploads\/2021\/12\/Logo_OnCourt_Black.svg","width":"1024","height":"1024","caption":"OnCourt Online"},"image":{"@id":"https:\/\/oncourt.online\/bs\/#\/schema\/logo\/image\/"},"sameAs":["https:\/\/www.facebook.com\/oncourt.online\/"],"email":"info@oncourt.online"}]}},"_links":{"self":[{"href":"https:\/\/oncourt.online\/bs\/wp-json\/wp\/v2\/pages\/3706","targetHints":{"allow":["GET"]}}],"collection":[{"href":"https:\/\/oncourt.online\/bs\/wp-json\/wp\/v2\/pages"}],"about":[{"href":"https:\/\/oncourt.online\/bs\/wp-json\/wp\/v2\/types\/page"}],"author":[{"embeddable":true,"href":"https:\/\/oncourt.online\/bs\/wp-json\/wp\/v2\/users\/2"}],"replies":[{"embeddable":true,"href":"https:\/\/oncourt.online\/bs\/wp-json\/wp\/v2\/comments?post=3706"}],"version-history":[{"count":1,"href":"https:\/\/oncourt.online\/bs\/wp-json\/wp\/v2\/pages\/3706\/revisions"}],"predecessor-version":[{"id":17261,"href":"https:\/\/oncourt.online\/bs\/wp-json\/wp\/v2\/pages\/3706\/revisions\/17261"}],"wp:featuredmedia":[{"embeddable":true,"href":"https:\/\/oncourt.online\/bs\/wp-json\/wp\/v2\/media\/7048"}],"wp:attachment":[{"href":"https:\/\/oncourt.online\/bs\/wp-json\/wp\/v2\/media?parent=3706"}],"curies":[{"name":"wp","href":"https:\/\/api.w.org\/{rel}","templated":true}]}}